{"id":931,"date":"2013-04-03T22:58:59","date_gmt":"2013-04-04T03:58:59","guid":{"rendered":"http:\/\/servidor-hp.com.co\/netcomp\/producto\/aj034a-servidor-hp-disco-sas-san-bogota-colombia\/"},"modified":"2022-04-05T16:31:00","modified_gmt":"2022-04-05T21:31:00","slug":"aj034a-servidor-hp-disco-sas-san-bogota-colombia","status":"publish","type":"product","link":"https:\/\/servidor-hp.com.co\/netcomp\/servidores\/servidores-hp\/storage-hp\/aj034a-servidor-hp-disco-sas-san-bogota-colombia\/","title":{"rendered":"HP LIBRERIA MSL2024 1 LTO-4 ULTRIUM 1840- N\/P: AJ034A"},"content":{"rendered":"<h1 style=\"text-align: center;\"><span style=\"font-size: 24pt;\"><span style=\"color: #000080; font-family: tahoma, arial, helvetica, sans-serif;\"><b>\u00a0HP LIBRERIA MSL2024 1 LTO-4 ULTRIUM 1840 FC &#8211; <\/b><b>Garant\u00eda<\/b><b>\u00a0:DEPENDE CONFIGURACION<\/b><\/span><b style=\"color: #000080; font-family: tahoma, arial, helvetica, sans-serif;\">&#8211;\u00a0<\/b><b style=\"color: #000080; font-family: tahoma, arial, helvetica, sans-serif;\">N-P: AJ034A<\/b><\/span><\/h1>\n<p>&nbsp;<\/p>\n<h3 class=\"ccs-cc-inline-header-description\"><span style=\"font-family: tahoma, arial, helvetica, sans-serif; font-size: 14pt; color: #000000;\">Las bibliotecas de cintas HPE StoreEver MSL satisfacen las exigentes necesidades empresariales de almacenamiento, de copias de seguridad de cintas sin supervisi\u00f3n, con recuperaci\u00f3n ante desastres o capacidad de archivado de bajo coste a largo plazo. Las bibliotecas MSL ofrecen diferentes capacidades de almacenamiento y tecnolog\u00eda incluyendo unidades de cinta Ultrium LTO-8, LTO-7, LTO-6 o LTO-5. La gesti\u00f3n remota basada en web hace que las bibliotecas MSL se gestionen f\u00e1cilmente desde el otro lado de la habitaci\u00f3n o del mundo. Puede gestionar r\u00e1pidamente los soportes de cinta, tanto dentro como fuera de la biblioteca, con un lector de c\u00f3digos de barras est\u00e1ndar, ranuras de correo configurables y m\u00faltiples tarjetas extra\u00edbles de 12 ranuras. Proteja los datos de negocio importantes del acceso no autorizado, con varias opciones de cifrado de datos. <\/span><\/h3>\n<h3><\/h3>\n<h3 class=\"ccs-cc-inline-header-description\"><span style=\"font-family: tahoma, arial, helvetica, sans-serif; font-size: 14pt; color: #000000;\">La protecci\u00f3n de la inversi\u00f3n de bibliotecas MSL y el crecimiento incierto de datos se pueden gestionar f\u00e1cilmente con el porfolio de bibliotecas MSL. Aumente la capacidad o el rendimiento r\u00e1pidamente con actualizaciones de unidades sin herramientas en MSL2024 o MSL4048 o mueva los kits de unidades de cinta a MSL3040 o MSL6480 para escalabilidad y funciones de clase empresarial adicionales.<\/span><\/h3>\n<p>&nbsp;<\/p>\n<p><span style=\"font-family: tahoma, arial, helvetica, sans-serif; font-size: 12pt;\">\u00a0<\/span><\/p>\n<h2 style=\"margin: 18px 0px 9px; padding: 0px; border: 0px; font-style: normal; font-weight: 500; line-height: 1.1; font-family: Arial, Helvetica, sans-serif; font-size: 27px; vertical-align: baseline; color: #777777; letter-spacing: normal; text-indent: 0px; text-transform: none; background-color: #ffffff; text-align: center;\"><a href=\"https:\/\/servidor-hp.com.co\/netcomp\/servidores-hp\/servidores-hp\/\"><span style=\"margin: 0px; padding: 0px; border: 0px; font-style: inherit; font-variant: inherit; font-weight: inherit; line-height: inherit; font-family: tahoma, arial, helvetica, sans-serif; font-size: 14pt; vertical-align: baseline; color: #ff0000;\"><strong style=\"margin: 0px; padding: 0px; border: 0px; font-style: inherit; font-variant: inherit; font-weight: bold; line-height: inherit; font-family: inherit; font-size: 18.6667px; vertical-align: baseline;\">DISPONEMOS DE UNA AMPLIA GAMA DE SERVIDOR HP PROLIANT NUEVOS Y USADOS<\/strong><\/span><\/a><\/h2>\n<h2 style=\"text-align: center;\"><a href=\"https:\/\/servidor-hp.com.co\/netcomp\/servidores-hp\/servidores-hp\/\"><span style=\"color: #ff0000; font-family: tahoma, arial, helvetica, sans-serif; font-size: 14pt;\"><strong>PARA <\/strong><\/span><span style=\"color: #ff0000; font-family: tahoma, arial, helvetica, sans-serif; font-size: 14pt;\"><strong>VENTA \/ ARRENDAMIENTO \/ ALQUILER :<\/strong><\/span><\/a><\/h2>\n<h2 style=\"text-align: center;\"><a href=\"https:\/\/servidor-hp.com.co\/netcomp\/servidores-hp\/servidores-hp\/\"><span style=\"color: #ff0000; font-family: tahoma, arial, helvetica, sans-serif; font-size: 14pt;\"><strong>ML110 \/ ML350 \/ ML150 \/ DL320 \/ DL360 \/ DL380<\/strong><\/span><\/a><\/h2>\n<h3><a href=\"https:\/\/api.whatsapp.com\/send?phone=573168788749\" target=\"_blank\" rel=\"noopener noreferrer\"><img loading=\"lazy\" decoding=\"async\" class=\"wp-image-20467 aligncenter\" src=\"http:\/\/cableado-estructurado.com.co\/netcomp\/wp-content\/uploads\/2018\/07\/whatsapp-logo-mensaje.jpg\" alt=\"\" width=\"290\" height=\"220\" \/><\/a><\/h3>\n<p><img loading=\"lazy\" decoding=\"async\" class=\"wp-image-21775 aligncenter\" src=\"https:\/\/servidor-hp.com.co\/netcomp\/wp-content\/uploads\/2019\/05\/boton-ventas-servidor.png\" alt=\"\" width=\"495\" height=\"153\" \/><\/p>\n","protected":false},"excerpt":{"rendered":"<ul>\n<li><span style=\"font-size: 18pt;\">F\u00e1cil de gestionar y de utilizar<\/span><\/li>\n<li><span style=\"font-size: 18pt;\">Protecci\u00f3n y fiabilidad<\/span><\/li>\n<li><span style=\"font-size: 18pt;\">Fiabilidad probada<\/span><\/li>\n<\/ul>\n","protected":false},"featured_media":22362,"comment_status":"open","ping_status":"closed","template":"","meta":{"_et_pb_use_builder":"","_et_pb_old_content":"","_et_gb_content_width":""},"product_brand":[],"product_cat":[79,45],"product_tag":[873,790,144,519,516,518,331,789,329,521,788,321],"class_list":{"0":"post-931","1":"product","2":"type-product","3":"status-publish","4":"has-post-thumbnail","6":"product_cat-inicio","7":"product_cat-storage-hp","8":"product_tag-aj034a","9":"product_tag-blade","10":"product_tag-colombia","11":"product_tag-controladora-raid","12":"product_tag-disco-duro-sas","13":"product_tag-hp","14":"product_tag-ml350-bogota","15":"product_tag-nas","16":"product_tag-precio-servidor-hp","17":"product_tag-proliant","18":"product_tag-san","19":"product_tag-servidor-hp","21":"first","22":"instock","23":"shipping-taxable","24":"purchasable","25":"product-type-simple"},"yoast_head":"<!-- This site is optimized with the Yoast SEO plugin v27.2 - https:\/\/yoast.com\/product\/yoast-seo-wordpress\/ -->\n<title>HP LIBRERIA MSL2024 1 LTO-4 ULTRIUM 1840- N\/P: AJ034A - Servidores HP - Nuevos - Usados - Alquiler<\/title>\n<meta name=\"description\" content=\"HP LIBRERIA MSL2024 1 LTO-4 ULTRIUM 1840- N\/P: AJ034A - - Precio y Disponibilidad en Bogota - Colombia - servidor-hp.com.co\" \/>\n<meta name=\"robots\" content=\"index, follow, max-snippet:-1, max-image-preview:large, max-video-preview:-1\" \/>\n<link rel=\"canonical\" href=\"https:\/\/servidor-hp.com.co\/netcomp\/servidores\/servidores-hp\/storage-hp\/aj034a-servidor-hp-disco-sas-san-bogota-colombia\/\" \/>\n<meta property=\"og:locale\" content=\"es_ES\" \/>\n<meta property=\"og:type\" content=\"article\" \/>\n<meta property=\"og:title\" content=\"HP LIBRERIA MSL2024 1 LTO-4 ULTRIUM 1840- N\/P: AJ034A - Servidores HP - Nuevos - Usados - Alquiler\" \/>\n<meta property=\"og:description\" content=\"HP LIBRERIA MSL2024 1 LTO-4 ULTRIUM 1840- N\/P: AJ034A - - Precio y Disponibilidad en Bogota - Colombia - servidor-hp.com.co\" \/>\n<meta property=\"og:url\" content=\"https:\/\/servidor-hp.com.co\/netcomp\/servidores\/servidores-hp\/storage-hp\/aj034a-servidor-hp-disco-sas-san-bogota-colombia\/\" \/>\n<meta property=\"og:site_name\" content=\"Servidores HP - Nuevos - Usados - Alquiler\" \/>\n<meta property=\"article:modified_time\" content=\"2022-04-05T21:31:00+00:00\" \/>\n<meta property=\"og:image\" content=\"https:\/\/servidor-hp.com.co\/netcomp\/wp-content\/uploads\/2013\/04\/dsc9669.jpg\" \/>\n\t<meta property=\"og:image:width\" content=\"1200\" \/>\n\t<meta property=\"og:image:height\" content=\"800\" \/>\n\t<meta property=\"og:image:type\" content=\"image\/jpeg\" \/>\n<meta name=\"twitter:card\" content=\"summary_large_image\" \/>\n<meta name=\"twitter:label1\" content=\"Tiempo de lectura\" \/>\n\t<meta name=\"twitter:data1\" content=\"1 minuto\" \/>\n<script type=\"application\/ld+json\" class=\"yoast-schema-graph\">{\"@context\":\"https:\/\/schema.org\",\"@graph\":[{\"@type\":\"WebPage\",\"@id\":\"https:\/\/servidor-hp.com.co\/netcomp\/servidores\/servidores-hp\/storage-hp\/aj034a-servidor-hp-disco-sas-san-bogota-colombia\/\",\"url\":\"https:\/\/servidor-hp.com.co\/netcomp\/servidores\/servidores-hp\/storage-hp\/aj034a-servidor-hp-disco-sas-san-bogota-colombia\/\",\"name\":\"HP LIBRERIA MSL2024 1 LTO-4 ULTRIUM 1840- N\/P: AJ034A - Servidores HP - Nuevos - Usados - Alquiler\",\"isPartOf\":{\"@id\":\"https:\/\/servidor-hp.com.co\/netcomp\/#website\"},\"primaryImageOfPage\":{\"@id\":\"https:\/\/servidor-hp.com.co\/netcomp\/servidores\/servidores-hp\/storage-hp\/aj034a-servidor-hp-disco-sas-san-bogota-colombia\/#primaryimage\"},\"image\":{\"@id\":\"https:\/\/servidor-hp.com.co\/netcomp\/servidores\/servidores-hp\/storage-hp\/aj034a-servidor-hp-disco-sas-san-bogota-colombia\/#primaryimage\"},\"thumbnailUrl\":\"https:\/\/servidor-hp.com.co\/netcomp\/wp-content\/uploads\/2013\/04\/dsc9669.jpg\",\"datePublished\":\"2013-04-04T03:58:59+00:00\",\"dateModified\":\"2022-04-05T21:31:00+00:00\",\"description\":\"HP LIBRERIA MSL2024 1 LTO-4 ULTRIUM 1840- N\/P: AJ034A - - Precio y Disponibilidad en Bogota - Colombia - servidor-hp.com.co\",\"breadcrumb\":{\"@id\":\"https:\/\/servidor-hp.com.co\/netcomp\/servidores\/servidores-hp\/storage-hp\/aj034a-servidor-hp-disco-sas-san-bogota-colombia\/#breadcrumb\"},\"inLanguage\":\"es\",\"potentialAction\":[{\"@type\":\"ReadAction\",\"target\":[\"https:\/\/servidor-hp.com.co\/netcomp\/servidores\/servidores-hp\/storage-hp\/aj034a-servidor-hp-disco-sas-san-bogota-colombia\/\"]}]},{\"@type\":\"ImageObject\",\"inLanguage\":\"es\",\"@id\":\"https:\/\/servidor-hp.com.co\/netcomp\/servidores\/servidores-hp\/storage-hp\/aj034a-servidor-hp-disco-sas-san-bogota-colombia\/#primaryimage\",\"url\":\"https:\/\/servidor-hp.com.co\/netcomp\/wp-content\/uploads\/2013\/04\/dsc9669.jpg\",\"contentUrl\":\"https:\/\/servidor-hp.com.co\/netcomp\/wp-content\/uploads\/2013\/04\/dsc9669.jpg\",\"width\":1200,\"height\":800},{\"@type\":\"BreadcrumbList\",\"@id\":\"https:\/\/servidor-hp.com.co\/netcomp\/servidores\/servidores-hp\/storage-hp\/aj034a-servidor-hp-disco-sas-san-bogota-colombia\/#breadcrumb\",\"itemListElement\":[{\"@type\":\"ListItem\",\"position\":1,\"name\":\"Portada\",\"item\":\"https:\/\/servidor-hp.com.co\/netcomp\/\"},{\"@type\":\"ListItem\",\"position\":2,\"name\":\"Tienda\",\"item\":\"https:\/\/servidor-hp.com.co\/netcomp\/servidores\/\"},{\"@type\":\"ListItem\",\"position\":3,\"name\":\"HP LIBRERIA MSL2024 1 LTO-4 ULTRIUM 1840- N\/P: AJ034A\"}]},{\"@type\":\"WebSite\",\"@id\":\"https:\/\/servidor-hp.com.co\/netcomp\/#website\",\"url\":\"https:\/\/servidor-hp.com.co\/netcomp\/\",\"name\":\"Servidores HP - Nuevos - Usados - Alquiler\",\"description\":\"Tels: (+57) 316 878 8749\",\"alternateName\":\"Servidores HP DELL LENOVO IBM\",\"potentialAction\":[{\"@type\":\"SearchAction\",\"target\":{\"@type\":\"EntryPoint\",\"urlTemplate\":\"https:\/\/servidor-hp.com.co\/netcomp\/?s={search_term_string}\"},\"query-input\":{\"@type\":\"PropertyValueSpecification\",\"valueRequired\":true,\"valueName\":\"search_term_string\"}}],\"inLanguage\":\"es\"}]}<\/script>\n<!-- \/ Yoast SEO plugin. -->","yoast_head_json":{"title":"HP LIBRERIA MSL2024 1 LTO-4 ULTRIUM 1840- N\/P: AJ034A - Servidores HP - Nuevos - Usados - Alquiler","description":"HP LIBRERIA MSL2024 1 LTO-4 ULTRIUM 1840- N\/P: AJ034A - - Precio y Disponibilidad en Bogota - Colombia - servidor-hp.com.co","robots":{"index":"index","follow":"follow","max-snippet":"max-snippet:-1","max-image-preview":"max-image-preview:large","max-video-preview":"max-video-preview:-1"},"canonical":"https:\/\/servidor-hp.com.co\/netcomp\/servidores\/servidores-hp\/storage-hp\/aj034a-servidor-hp-disco-sas-san-bogota-colombia\/","og_locale":"es_ES","og_type":"article","og_title":"HP LIBRERIA MSL2024 1 LTO-4 ULTRIUM 1840- N\/P: AJ034A - Servidores HP - Nuevos - Usados - Alquiler","og_description":"HP LIBRERIA MSL2024 1 LTO-4 ULTRIUM 1840- N\/P: AJ034A - - Precio y Disponibilidad en Bogota - Colombia - servidor-hp.com.co","og_url":"https:\/\/servidor-hp.com.co\/netcomp\/servidores\/servidores-hp\/storage-hp\/aj034a-servidor-hp-disco-sas-san-bogota-colombia\/","og_site_name":"Servidores HP - Nuevos - Usados - Alquiler","article_modified_time":"2022-04-05T21:31:00+00:00","og_image":[{"width":1200,"height":800,"url":"https:\/\/servidor-hp.com.co\/netcomp\/wp-content\/uploads\/2013\/04\/dsc9669.jpg","type":"image\/jpeg"}],"twitter_card":"summary_large_image","twitter_misc":{"Tiempo de lectura":"1 minuto"},"schema":{"@context":"https:\/\/schema.org","@graph":[{"@type":"WebPage","@id":"https:\/\/servidor-hp.com.co\/netcomp\/servidores\/servidores-hp\/storage-hp\/aj034a-servidor-hp-disco-sas-san-bogota-colombia\/","url":"https:\/\/servidor-hp.com.co\/netcomp\/servidores\/servidores-hp\/storage-hp\/aj034a-servidor-hp-disco-sas-san-bogota-colombia\/","name":"HP LIBRERIA MSL2024 1 LTO-4 ULTRIUM 1840- N\/P: AJ034A - Servidores HP - Nuevos - Usados - Alquiler","isPartOf":{"@id":"https:\/\/servidor-hp.com.co\/netcomp\/#website"},"primaryImageOfPage":{"@id":"https:\/\/servidor-hp.com.co\/netcomp\/servidores\/servidores-hp\/storage-hp\/aj034a-servidor-hp-disco-sas-san-bogota-colombia\/#primaryimage"},"image":{"@id":"https:\/\/servidor-hp.com.co\/netcomp\/servidores\/servidores-hp\/storage-hp\/aj034a-servidor-hp-disco-sas-san-bogota-colombia\/#primaryimage"},"thumbnailUrl":"https:\/\/servidor-hp.com.co\/netcomp\/wp-content\/uploads\/2013\/04\/dsc9669.jpg","datePublished":"2013-04-04T03:58:59+00:00","dateModified":"2022-04-05T21:31:00+00:00","description":"HP LIBRERIA MSL2024 1 LTO-4 ULTRIUM 1840- N\/P: AJ034A - - Precio y Disponibilidad en Bogota - Colombia - servidor-hp.com.co","breadcrumb":{"@id":"https:\/\/servidor-hp.com.co\/netcomp\/servidores\/servidores-hp\/storage-hp\/aj034a-servidor-hp-disco-sas-san-bogota-colombia\/#breadcrumb"},"inLanguage":"es","potentialAction":[{"@type":"ReadAction","target":["https:\/\/servidor-hp.com.co\/netcomp\/servidores\/servidores-hp\/storage-hp\/aj034a-servidor-hp-disco-sas-san-bogota-colombia\/"]}]},{"@type":"ImageObject","inLanguage":"es","@id":"https:\/\/servidor-hp.com.co\/netcomp\/servidores\/servidores-hp\/storage-hp\/aj034a-servidor-hp-disco-sas-san-bogota-colombia\/#primaryimage","url":"https:\/\/servidor-hp.com.co\/netcomp\/wp-content\/uploads\/2013\/04\/dsc9669.jpg","contentUrl":"https:\/\/servidor-hp.com.co\/netcomp\/wp-content\/uploads\/2013\/04\/dsc9669.jpg","width":1200,"height":800},{"@type":"BreadcrumbList","@id":"https:\/\/servidor-hp.com.co\/netcomp\/servidores\/servidores-hp\/storage-hp\/aj034a-servidor-hp-disco-sas-san-bogota-colombia\/#breadcrumb","itemListElement":[{"@type":"ListItem","position":1,"name":"Portada","item":"https:\/\/servidor-hp.com.co\/netcomp\/"},{"@type":"ListItem","position":2,"name":"Tienda","item":"https:\/\/servidor-hp.com.co\/netcomp\/servidores\/"},{"@type":"ListItem","position":3,"name":"HP LIBRERIA MSL2024 1 LTO-4 ULTRIUM 1840- N\/P: AJ034A"}]},{"@type":"WebSite","@id":"https:\/\/servidor-hp.com.co\/netcomp\/#website","url":"https:\/\/servidor-hp.com.co\/netcomp\/","name":"Servidores HP - Nuevos - Usados - Alquiler","description":"Tels: (+57) 316 878 8749","alternateName":"Servidores HP DELL LENOVO IBM","potentialAction":[{"@type":"SearchAction","target":{"@type":"EntryPoint","urlTemplate":"https:\/\/servidor-hp.com.co\/netcomp\/?s={search_term_string}"},"query-input":{"@type":"PropertyValueSpecification","valueRequired":true,"valueName":"search_term_string"}}],"inLanguage":"es"}]}},"_links":{"self":[{"href":"https:\/\/servidor-hp.com.co\/netcomp\/wp-json\/wp\/v2\/product\/931","targetHints":{"allow":["GET"]}}],"collection":[{"href":"https:\/\/servidor-hp.com.co\/netcomp\/wp-json\/wp\/v2\/product"}],"about":[{"href":"https:\/\/servidor-hp.com.co\/netcomp\/wp-json\/wp\/v2\/types\/product"}],"replies":[{"embeddable":true,"href":"https:\/\/servidor-hp.com.co\/netcomp\/wp-json\/wp\/v2\/comments?post=931"}],"wp:featuredmedia":[{"embeddable":true,"href":"https:\/\/servidor-hp.com.co\/netcomp\/wp-json\/wp\/v2\/media\/22362"}],"wp:attachment":[{"href":"https:\/\/servidor-hp.com.co\/netcomp\/wp-json\/wp\/v2\/media?parent=931"}],"wp:term":[{"taxonomy":"product_brand","embeddable":true,"href":"https:\/\/servidor-hp.com.co\/netcomp\/wp-json\/wp\/v2\/product_brand?post=931"},{"taxonomy":"product_cat","embeddable":true,"href":"https:\/\/servidor-hp.com.co\/netcomp\/wp-json\/wp\/v2\/product_cat?post=931"},{"taxonomy":"product_tag","embeddable":true,"href":"https:\/\/servidor-hp.com.co\/netcomp\/wp-json\/wp\/v2\/product_tag?post=931"}],"curies":[{"name":"wp","href":"https:\/\/api.w.org\/{rel}","templated":true}]}}