{"id":893,"date":"2013-04-03T22:58:59","date_gmt":"2013-04-04T03:58:59","guid":{"rendered":"http:\/\/servidor-hp.com.co\/netcomp\/producto\/qk740a-hp-sistema-almacenamiento-eva-fc-sff-com\/"},"modified":"2021-11-01T22:56:53","modified_gmt":"2021-11-02T03:56:53","slug":"qk740a-hp-sistema-almacenamiento-eva-fc-sff-com","status":"publish","type":"product","link":"https:\/\/servidor-hp.com.co\/netcomp\/servidores\/servidores-hp\/storage-hp\/qk740a-hp-sistema-almacenamiento-eva-fc-sff-com\/","title":{"rendered":"SISTEMA ALMACENAMIENTO EVA FC SFF COM &#8211; N\/P: QK740A -HP"},"content":{"rendered":"<h1 style=\"text-align: center;\"><span style=\"color: #000080; font-size: 24pt;\"><strong><span style=\"font-family: tahoma, arial, helvetica, sans-serif;\">\u00a0HP SISTEMA ALMACENAMIENTO EVA FC SFF COMBO<\/span><\/strong><\/span><strong style=\"color: #000080; font-size: 24pt;\"><span style=\"font-family: tahoma, arial, helvetica, sans-serif;\">&#8211;<\/span><\/strong><strong style=\"color: #000080; font-size: 24pt;\"><span style=\"font-family: tahoma, arial, helvetica, sans-serif;\">N-P: QK740A\u00a0<\/span><\/strong><\/h1>\n<p><span style=\"font-family: tahoma, arial, helvetica, sans-serif; font-size: 12pt;\">\u00a0<\/span><\/p>\n<ul>\n<li><span style=\"font-family: tahoma, arial, helvetica, sans-serif; font-size: 12pt;\">Garantia :DEPENDE CONFIGURACION<\/span><\/li>\n<\/ul>\n<h3><span style=\"font-size: 14pt; color: #000000;\">HP P6000 Enterprise Virtual Array es un sistema de almacenamiento de capacidad mejorada y f\u00e1cil de usar con virtualizaci\u00f3n incorporada que le permite consolidar el almacenamiento y simplificar su TI.\u00a0El P6000 EVA tambi\u00e9n ofrece alto rendimiento, alta disponibilidad y protecci\u00f3n de datos s\u00f3lida.\u00a0Combinado con su base de datos, correo electr\u00f3nico, ERP u otras aplicaciones favoritas, el P6000 EVA proporciona una soluci\u00f3n integrada de extremo a extremo que ayuda a impulsar su negocio.<\/span><\/h3>\n<p><span style=\"font-family: tahoma, arial, helvetica, sans-serif; font-size: 12pt;\">\u00a0<\/span><\/p>\n<p style=\"text-align: center;\"><span style=\"font-family: tahoma, arial, helvetica, sans-serif; font-size: 12pt; color: #333399;\"><strong>PARA ESPECIFICACIONES TECNICAS DETALLADAS : EN LA PESTA\u00d1A DESCARGAS<\/strong><\/span><\/p>\n<p style=\"text-align: center;\"><span style=\"font-family: tahoma, arial, helvetica, sans-serif; font-size: 12pt; color: #333399;\"><strong>\u00a0<\/strong><\/span><\/p>\n<p style=\"text-align: center;\"><span style=\"font-family: tahoma, arial, helvetica, sans-serif; font-size: 12pt; color: #333399;\"><a href=\"http:\/\/netcomp.co\/es\/contactenos\" target=\"_blank\" rel=\"noopener noreferrer\"><span style=\"color: #333399;\"><strong>Solicitar Cotizacion, Click Aqui!<\/strong><\/span><\/a><\/span><\/p>\n<p>&nbsp;<\/p>\n<h3 style=\"text-align: center;\"><a title=\"Tienda - Precio y Venta Servidores HP\" href=\"https:\/\/netcomp.co\/es\/132-servidores-hp-lenovo-dell-partes\" target=\"_blank\" rel=\"noopener noreferrer\"><span style=\"font-family: tahoma, arial, helvetica, sans-serif; font-size: 14pt; color: #ff0000;\"><strong>COMPRAR &#8211; DISPONEMOS DE UNA AMPLIA GAMA DE SERVIDORES HP PROLIANT PARA <\/strong><\/span><\/a><\/h3>\n<h3 style=\"text-align: center;\"><a title=\"Tienda - Precio y Venta Servidores HP\" href=\"https:\/\/netcomp.co\/es\/132-servidores-hp-lenovo-dell-partes\" target=\"_blank\" rel=\"noopener noreferrer\"><span style=\"font-family: tahoma, arial, helvetica, sans-serif; font-size: 14pt; color: #ff0000;\"><strong>VENTA \/ ARRENDAMIENTO \/ ALQUILER : <\/strong><\/span><\/a><\/h3>\n<h3 style=\"text-align: center;\"><a title=\"Tienda - Precio y Venta Servidores HP\" href=\"https:\/\/netcomp.co\/es\/132-servidores-hp-lenovo-dell-partes\" target=\"_blank\" rel=\"noopener noreferrer\"><span style=\"font-family: tahoma, arial, helvetica, sans-serif; font-size: 14pt; color: #ff0000;\"><strong>ML350 \/ ML150 \/ DL320 \/ DL360 \/ DL380 <\/strong><\/span><span style=\"font-family: tahoma, arial, helvetica, sans-serif; font-size: 14pt; color: #ff0000;\"><strong>PARA COMPRAR CLICK AQUI!<\/strong><\/span><\/a><\/h3>\n<p>&nbsp;<\/p>\n<h2 style=\"text-align: center;\"><span style=\"font-family: tahoma, arial, helvetica, sans-serif; font-size: 14pt; color: #ff0000;\"><strong><a href=\"https:\/\/api.whatsapp.com\/send?phone=573168788749\" target=\"_blank\" rel=\"noopener noreferrer\"><img loading=\"lazy\" decoding=\"async\" class=\"wp-image-20467 aligncenter\" src=\"http:\/\/cableado-estructurado.com.co\/netcomp\/wp-content\/uploads\/2018\/07\/whatsapp-logo-mensaje.jpg\" alt=\"\" width=\"290\" height=\"220\" \/><\/a><\/strong><\/span><\/h2>\n<h2 style=\"text-align: center;\"><span style=\"font-family: tahoma, arial, helvetica, sans-serif; font-size: 14pt; color: #ff0000;\"><img loading=\"lazy\" decoding=\"async\" class=\"wp-image-21775 aligncenter\" src=\"https:\/\/servidor-hp.com.co\/netcomp\/wp-content\/uploads\/2019\/05\/boton-ventas-servidor.png\" alt=\"\" width=\"495\" height=\"153\" \/><\/span><\/h2>\n<p style=\"text-align: center;\"><span style=\"font-family: tahoma, arial, helvetica, sans-serif; font-size: 12pt;\">\u00a0<\/span><\/p>\n","protected":false},"excerpt":{"rendered":"<p><span style=\"font-family: tahoma, arial, helvetica, sans-serif; font-size: 10pt;\">N-P : QK740A &#8211; HP SISTEMA ALMACENAMIENTO EVA<\/span><\/p>\n","protected":false},"featured_media":22198,"comment_status":"open","ping_status":"closed","template":"","meta":{"_et_pb_use_builder":"","_et_pb_old_content":"","_et_gb_content_width":""},"product_brand":[],"product_cat":[79,45],"product_tag":[830,790,336,144,519,516,518,789,329,521,831,788,321],"class_list":{"0":"post-893","1":"product","2":"type-product","3":"status-publish","4":"has-post-thumbnail","6":"product_cat-inicio","7":"product_cat-storage-hp","8":"product_tag-alamcenamiento-eva","9":"product_tag-blade","10":"product_tag-bogota","11":"product_tag-colombia","12":"product_tag-controladora-raid","13":"product_tag-disco-duro-sas","14":"product_tag-hp","15":"product_tag-nas","16":"product_tag-precio-servidor-hp","17":"product_tag-proliant","18":"product_tag-qk740a","19":"product_tag-san","20":"product_tag-servidor-hp","22":"first","23":"instock","24":"shipping-taxable","25":"purchasable","26":"product-type-simple"},"yoast_head":"<!-- This site is optimized with the Yoast SEO plugin v27.2 - https:\/\/yoast.com\/product\/yoast-seo-wordpress\/ -->\n<title>SISTEMA ALMACENAMIENTO EVA FC SFF COM - N\/P: QK740A -HP - Servidores HP - Nuevos - Usados - Alquiler<\/title>\n<meta name=\"description\" content=\"SISTEMA ALMACENAMIENTO EVA FC SFF COM - N\/P: QK740A -HP - - Precio y Disponibilidad en Bogota - Colombia - servidor-hp.com.co\" \/>\n<meta name=\"robots\" content=\"index, follow, max-snippet:-1, max-image-preview:large, max-video-preview:-1\" \/>\n<link rel=\"canonical\" href=\"https:\/\/servidor-hp.com.co\/netcomp\/servidores\/servidores-hp\/storage-hp\/qk740a-hp-sistema-almacenamiento-eva-fc-sff-com\/\" \/>\n<meta property=\"og:locale\" content=\"es_ES\" \/>\n<meta property=\"og:type\" content=\"article\" \/>\n<meta property=\"og:title\" content=\"SISTEMA ALMACENAMIENTO EVA FC SFF COM - N\/P: QK740A -HP - Servidores HP - Nuevos - Usados - Alquiler\" \/>\n<meta property=\"og:description\" content=\"SISTEMA ALMACENAMIENTO EVA FC SFF COM - N\/P: QK740A -HP - - Precio y Disponibilidad en Bogota - Colombia - servidor-hp.com.co\" \/>\n<meta property=\"og:url\" content=\"https:\/\/servidor-hp.com.co\/netcomp\/servidores\/servidores-hp\/storage-hp\/qk740a-hp-sistema-almacenamiento-eva-fc-sff-com\/\" \/>\n<meta property=\"og:site_name\" content=\"Servidores HP - Nuevos - Usados - Alquiler\" \/>\n<meta property=\"article:modified_time\" content=\"2021-11-02T03:56:53+00:00\" \/>\n<meta property=\"og:image\" content=\"https:\/\/servidor-hp.com.co\/netcomp\/wp-content\/uploads\/2013\/04\/32657A00D1B8A1F4FF3C7CD82AB065B138B69B46_hero.jpg\" \/>\n\t<meta property=\"og:image:width\" content=\"300\" \/>\n\t<meta property=\"og:image:height\" content=\"200\" \/>\n\t<meta property=\"og:image:type\" content=\"image\/jpeg\" \/>\n<meta name=\"twitter:card\" content=\"summary_large_image\" \/>\n<meta name=\"twitter:label1\" content=\"Tiempo de lectura\" \/>\n\t<meta name=\"twitter:data1\" content=\"1 minuto\" \/>\n<script type=\"application\/ld+json\" class=\"yoast-schema-graph\">{\"@context\":\"https:\/\/schema.org\",\"@graph\":[{\"@type\":\"WebPage\",\"@id\":\"https:\/\/servidor-hp.com.co\/netcomp\/servidores\/servidores-hp\/storage-hp\/qk740a-hp-sistema-almacenamiento-eva-fc-sff-com\/\",\"url\":\"https:\/\/servidor-hp.com.co\/netcomp\/servidores\/servidores-hp\/storage-hp\/qk740a-hp-sistema-almacenamiento-eva-fc-sff-com\/\",\"name\":\"SISTEMA ALMACENAMIENTO EVA FC SFF COM - N\/P: QK740A -HP - Servidores HP - Nuevos - Usados - Alquiler\",\"isPartOf\":{\"@id\":\"https:\/\/servidor-hp.com.co\/netcomp\/#website\"},\"primaryImageOfPage\":{\"@id\":\"https:\/\/servidor-hp.com.co\/netcomp\/servidores\/servidores-hp\/storage-hp\/qk740a-hp-sistema-almacenamiento-eva-fc-sff-com\/#primaryimage\"},\"image\":{\"@id\":\"https:\/\/servidor-hp.com.co\/netcomp\/servidores\/servidores-hp\/storage-hp\/qk740a-hp-sistema-almacenamiento-eva-fc-sff-com\/#primaryimage\"},\"thumbnailUrl\":\"https:\/\/servidor-hp.com.co\/netcomp\/wp-content\/uploads\/2013\/04\/32657A00D1B8A1F4FF3C7CD82AB065B138B69B46_hero.jpg\",\"datePublished\":\"2013-04-04T03:58:59+00:00\",\"dateModified\":\"2021-11-02T03:56:53+00:00\",\"description\":\"SISTEMA ALMACENAMIENTO EVA FC SFF COM - N\/P: QK740A -HP - - Precio y Disponibilidad en Bogota - Colombia - servidor-hp.com.co\",\"breadcrumb\":{\"@id\":\"https:\/\/servidor-hp.com.co\/netcomp\/servidores\/servidores-hp\/storage-hp\/qk740a-hp-sistema-almacenamiento-eva-fc-sff-com\/#breadcrumb\"},\"inLanguage\":\"es\",\"potentialAction\":[{\"@type\":\"ReadAction\",\"target\":[\"https:\/\/servidor-hp.com.co\/netcomp\/servidores\/servidores-hp\/storage-hp\/qk740a-hp-sistema-almacenamiento-eva-fc-sff-com\/\"]}]},{\"@type\":\"ImageObject\",\"inLanguage\":\"es\",\"@id\":\"https:\/\/servidor-hp.com.co\/netcomp\/servidores\/servidores-hp\/storage-hp\/qk740a-hp-sistema-almacenamiento-eva-fc-sff-com\/#primaryimage\",\"url\":\"https:\/\/servidor-hp.com.co\/netcomp\/wp-content\/uploads\/2013\/04\/32657A00D1B8A1F4FF3C7CD82AB065B138B69B46_hero.jpg\",\"contentUrl\":\"https:\/\/servidor-hp.com.co\/netcomp\/wp-content\/uploads\/2013\/04\/32657A00D1B8A1F4FF3C7CD82AB065B138B69B46_hero.jpg\",\"width\":300,\"height\":200},{\"@type\":\"BreadcrumbList\",\"@id\":\"https:\/\/servidor-hp.com.co\/netcomp\/servidores\/servidores-hp\/storage-hp\/qk740a-hp-sistema-almacenamiento-eva-fc-sff-com\/#breadcrumb\",\"itemListElement\":[{\"@type\":\"ListItem\",\"position\":1,\"name\":\"Portada\",\"item\":\"https:\/\/servidor-hp.com.co\/netcomp\/\"},{\"@type\":\"ListItem\",\"position\":2,\"name\":\"Tienda\",\"item\":\"https:\/\/servidor-hp.com.co\/netcomp\/servidores\/\"},{\"@type\":\"ListItem\",\"position\":3,\"name\":\"SISTEMA ALMACENAMIENTO EVA FC SFF COM &#8211; N\/P: QK740A -HP\"}]},{\"@type\":\"WebSite\",\"@id\":\"https:\/\/servidor-hp.com.co\/netcomp\/#website\",\"url\":\"https:\/\/servidor-hp.com.co\/netcomp\/\",\"name\":\"Servidores HP - Nuevos - Usados - Alquiler\",\"description\":\"Tels: (+57) 316 878 8749\",\"alternateName\":\"Servidores HP DELL LENOVO IBM\",\"potentialAction\":[{\"@type\":\"SearchAction\",\"target\":{\"@type\":\"EntryPoint\",\"urlTemplate\":\"https:\/\/servidor-hp.com.co\/netcomp\/?s={search_term_string}\"},\"query-input\":{\"@type\":\"PropertyValueSpecification\",\"valueRequired\":true,\"valueName\":\"search_term_string\"}}],\"inLanguage\":\"es\"}]}<\/script>\n<!-- \/ Yoast SEO plugin. -->","yoast_head_json":{"title":"SISTEMA ALMACENAMIENTO EVA FC SFF COM - N\/P: QK740A -HP - Servidores HP - Nuevos - Usados - Alquiler","description":"SISTEMA ALMACENAMIENTO EVA FC SFF COM - N\/P: QK740A -HP - - Precio y Disponibilidad en Bogota - Colombia - servidor-hp.com.co","robots":{"index":"index","follow":"follow","max-snippet":"max-snippet:-1","max-image-preview":"max-image-preview:large","max-video-preview":"max-video-preview:-1"},"canonical":"https:\/\/servidor-hp.com.co\/netcomp\/servidores\/servidores-hp\/storage-hp\/qk740a-hp-sistema-almacenamiento-eva-fc-sff-com\/","og_locale":"es_ES","og_type":"article","og_title":"SISTEMA ALMACENAMIENTO EVA FC SFF COM - N\/P: QK740A -HP - Servidores HP - Nuevos - Usados - Alquiler","og_description":"SISTEMA ALMACENAMIENTO EVA FC SFF COM - N\/P: QK740A -HP - - Precio y Disponibilidad en Bogota - Colombia - servidor-hp.com.co","og_url":"https:\/\/servidor-hp.com.co\/netcomp\/servidores\/servidores-hp\/storage-hp\/qk740a-hp-sistema-almacenamiento-eva-fc-sff-com\/","og_site_name":"Servidores HP - Nuevos - Usados - Alquiler","article_modified_time":"2021-11-02T03:56:53+00:00","og_image":[{"width":300,"height":200,"url":"https:\/\/servidor-hp.com.co\/netcomp\/wp-content\/uploads\/2013\/04\/32657A00D1B8A1F4FF3C7CD82AB065B138B69B46_hero.jpg","type":"image\/jpeg"}],"twitter_card":"summary_large_image","twitter_misc":{"Tiempo de lectura":"1 minuto"},"schema":{"@context":"https:\/\/schema.org","@graph":[{"@type":"WebPage","@id":"https:\/\/servidor-hp.com.co\/netcomp\/servidores\/servidores-hp\/storage-hp\/qk740a-hp-sistema-almacenamiento-eva-fc-sff-com\/","url":"https:\/\/servidor-hp.com.co\/netcomp\/servidores\/servidores-hp\/storage-hp\/qk740a-hp-sistema-almacenamiento-eva-fc-sff-com\/","name":"SISTEMA ALMACENAMIENTO EVA FC SFF COM - N\/P: QK740A -HP - Servidores HP - Nuevos - Usados - Alquiler","isPartOf":{"@id":"https:\/\/servidor-hp.com.co\/netcomp\/#website"},"primaryImageOfPage":{"@id":"https:\/\/servidor-hp.com.co\/netcomp\/servidores\/servidores-hp\/storage-hp\/qk740a-hp-sistema-almacenamiento-eva-fc-sff-com\/#primaryimage"},"image":{"@id":"https:\/\/servidor-hp.com.co\/netcomp\/servidores\/servidores-hp\/storage-hp\/qk740a-hp-sistema-almacenamiento-eva-fc-sff-com\/#primaryimage"},"thumbnailUrl":"https:\/\/servidor-hp.com.co\/netcomp\/wp-content\/uploads\/2013\/04\/32657A00D1B8A1F4FF3C7CD82AB065B138B69B46_hero.jpg","datePublished":"2013-04-04T03:58:59+00:00","dateModified":"2021-11-02T03:56:53+00:00","description":"SISTEMA ALMACENAMIENTO EVA FC SFF COM - N\/P: QK740A -HP - - Precio y Disponibilidad en Bogota - Colombia - servidor-hp.com.co","breadcrumb":{"@id":"https:\/\/servidor-hp.com.co\/netcomp\/servidores\/servidores-hp\/storage-hp\/qk740a-hp-sistema-almacenamiento-eva-fc-sff-com\/#breadcrumb"},"inLanguage":"es","potentialAction":[{"@type":"ReadAction","target":["https:\/\/servidor-hp.com.co\/netcomp\/servidores\/servidores-hp\/storage-hp\/qk740a-hp-sistema-almacenamiento-eva-fc-sff-com\/"]}]},{"@type":"ImageObject","inLanguage":"es","@id":"https:\/\/servidor-hp.com.co\/netcomp\/servidores\/servidores-hp\/storage-hp\/qk740a-hp-sistema-almacenamiento-eva-fc-sff-com\/#primaryimage","url":"https:\/\/servidor-hp.com.co\/netcomp\/wp-content\/uploads\/2013\/04\/32657A00D1B8A1F4FF3C7CD82AB065B138B69B46_hero.jpg","contentUrl":"https:\/\/servidor-hp.com.co\/netcomp\/wp-content\/uploads\/2013\/04\/32657A00D1B8A1F4FF3C7CD82AB065B138B69B46_hero.jpg","width":300,"height":200},{"@type":"BreadcrumbList","@id":"https:\/\/servidor-hp.com.co\/netcomp\/servidores\/servidores-hp\/storage-hp\/qk740a-hp-sistema-almacenamiento-eva-fc-sff-com\/#breadcrumb","itemListElement":[{"@type":"ListItem","position":1,"name":"Portada","item":"https:\/\/servidor-hp.com.co\/netcomp\/"},{"@type":"ListItem","position":2,"name":"Tienda","item":"https:\/\/servidor-hp.com.co\/netcomp\/servidores\/"},{"@type":"ListItem","position":3,"name":"SISTEMA ALMACENAMIENTO EVA FC SFF COM &#8211; N\/P: QK740A -HP"}]},{"@type":"WebSite","@id":"https:\/\/servidor-hp.com.co\/netcomp\/#website","url":"https:\/\/servidor-hp.com.co\/netcomp\/","name":"Servidores HP - Nuevos - Usados - Alquiler","description":"Tels: (+57) 316 878 8749","alternateName":"Servidores HP DELL LENOVO IBM","potentialAction":[{"@type":"SearchAction","target":{"@type":"EntryPoint","urlTemplate":"https:\/\/servidor-hp.com.co\/netcomp\/?s={search_term_string}"},"query-input":{"@type":"PropertyValueSpecification","valueRequired":true,"valueName":"search_term_string"}}],"inLanguage":"es"}]}},"_links":{"self":[{"href":"https:\/\/servidor-hp.com.co\/netcomp\/wp-json\/wp\/v2\/product\/893","targetHints":{"allow":["GET"]}}],"collection":[{"href":"https:\/\/servidor-hp.com.co\/netcomp\/wp-json\/wp\/v2\/product"}],"about":[{"href":"https:\/\/servidor-hp.com.co\/netcomp\/wp-json\/wp\/v2\/types\/product"}],"replies":[{"embeddable":true,"href":"https:\/\/servidor-hp.com.co\/netcomp\/wp-json\/wp\/v2\/comments?post=893"}],"wp:featuredmedia":[{"embeddable":true,"href":"https:\/\/servidor-hp.com.co\/netcomp\/wp-json\/wp\/v2\/media\/22198"}],"wp:attachment":[{"href":"https:\/\/servidor-hp.com.co\/netcomp\/wp-json\/wp\/v2\/media?parent=893"}],"wp:term":[{"taxonomy":"product_brand","embeddable":true,"href":"https:\/\/servidor-hp.com.co\/netcomp\/wp-json\/wp\/v2\/product_brand?post=893"},{"taxonomy":"product_cat","embeddable":true,"href":"https:\/\/servidor-hp.com.co\/netcomp\/wp-json\/wp\/v2\/product_cat?post=893"},{"taxonomy":"product_tag","embeddable":true,"href":"https:\/\/servidor-hp.com.co\/netcomp\/wp-json\/wp\/v2\/product_tag?post=893"}],"curies":[{"name":"wp","href":"https:\/\/api.w.org\/{rel}","templated":true}]}}