{"id":890,"date":"2013-04-03T22:58:59","date_gmt":"2013-04-04T03:58:59","guid":{"rendered":"http:\/\/servidor-hp.com.co\/netcomp\/producto\/aj821a-hp-sitch-b-series-8-24c-blade-system-san\/"},"modified":"2021-03-10T15:27:10","modified_gmt":"2021-03-10T20:27:10","slug":"aj821a-hp-sitch-b-series-8-24c-blade-system-san","status":"publish","type":"product","link":"https:\/\/servidor-hp.com.co\/netcomp\/servidores\/servidores-hp\/servidores-hp-2\/aj821a-hp-sitch-b-series-8-24c-blade-system-san\/","title":{"rendered":"Switch SAN Brocade HP AJ821A B-SERIES 8\/24C BLADE SYSTEM"},"content":{"rendered":"<h1 style=\"text-align: center;\"><span style=\"color: #000080;\"><strong><span style=\"font-family: tahoma, arial, helvetica, sans-serif; font-size: 24pt;\">\u00a0Switch SAN Brocade HP AJ821A B-SERIES 8\/24C BLADE SYSTEM<\/span><\/strong><\/span><strong style=\"font-size: 3.4375rem; color: #000080;\"><span style=\"font-family: tahoma, arial, helvetica, sans-serif; font-size: 24pt;\">&#8211;<\/span><\/strong><strong style=\"font-size: 3.4375rem; color: #000080;\"><span style=\"font-family: tahoma, arial, helvetica, sans-serif; font-size: 24pt;\">\u00a0<\/span><\/strong><strong style=\"font-size: 3.4375rem; color: #000080;\"><span style=\"font-family: tahoma, arial, helvetica, sans-serif; font-size: 24pt;\">N-P: AJ821A\u00a0<\/span><\/strong><\/h1>\n<p>&nbsp;<\/p>\n<p>&nbsp;<\/p>\n<h2><span style=\"font-size: 18pt; color: #000000;\">El conmutador SAN Brocade de 8 Gb para HP BladeSystem c-Class ofrece un conmutador de canal de fibra integrado f\u00e1cil de administrar con un rendimiento de 8 Gbps. El conmutador SAN Brocade de 8 Gb se conecta en caliente en la parte posterior del gabinete HP BladeSystem c-Class. El dise\u00f1o integrado libera espacio en el bastidor, permite compartir energ\u00eda y enfriamiento, y reduce el cableado y los enchufables de factor de forma peque\u00f1o. La compatibilidad con enlaces troncales mejorada con conmutadores externos proporciona un mayor ancho de banda para permitir aplicaciones exigentes como la virtualizaci\u00f3n de servidores.<\/span><\/h2>\n<h2><\/h2>\n<h2><span style=\"font-size: 18pt; color: #000000;\"> Las nuevas funciones de la opci\u00f3n Power Pack + le permiten administrar el flujo de datos para mantener un rendimiento optimizado de la aplicaci\u00f3n. Los 12 o 24 puertos de detecci\u00f3n autom\u00e1tica admiten componentes de menor ancho de banda para proteger la inversi\u00f3n y una licencia de actualizaci\u00f3n le permite \u00abpagar a medida que crece\u00bb. El conmutador SAN Brocade de 8 Gb ahorra espacio y costos, simplifica significativamente el entorno SAN.<\/span><\/h2>\n<p style=\"text-align: center;\"><span style=\"font-family: tahoma, arial, helvetica, sans-serif; font-size: 12pt;\">\u00a0<\/span><\/p>\n<h2 style=\"margin: 18px 0px 9px; padding: 0px; border: 0px; font-style: normal; font-weight: 500; line-height: 1.1; font-family: Arial, Helvetica, sans-serif; font-size: 27px; vertical-align: baseline; color: #777777; letter-spacing: normal; text-indent: 0px; text-transform: none; background-color: #ffffff; text-align: center;\"><span style=\"margin: 0px; padding: 0px; border: 0px; font-style: inherit; font-variant: inherit; font-weight: inherit; line-height: inherit; font-family: tahoma, arial, helvetica, sans-serif; font-size: 14pt; vertical-align: baseline; color: #ff0000;\"><strong style=\"margin: 0px; padding: 0px; border: 0px; font-style: inherit; font-variant: inherit; font-weight: bold; line-height: inherit; font-family: inherit; font-size: 18.6667px; vertical-align: baseline;\">DISPONEMOS DE UNA AMPLIA GAMA DE SERVIDOR HP PROLIANT NUEVOS Y USADOS<\/strong><\/span><\/h2>\n<h2 style=\"text-align: center;\"><span style=\"color: #ff0000; font-family: tahoma, arial, helvetica, sans-serif; font-size: 14pt;\"><strong>PARA <\/strong><\/span><span style=\"color: #ff0000; font-family: tahoma, arial, helvetica, sans-serif; font-size: 14pt;\"><strong>VENTA \/ ARRENDAMIENTO \/ ALQUILER :<\/strong><\/span><\/h2>\n<h2 style=\"text-align: center;\"><span style=\"color: #ff0000; font-family: tahoma, arial, helvetica, sans-serif; font-size: 14pt;\"><strong>ML110 \/ ML350 \/ ML150 \/ DL320 \/ DL360 \/ DL380<\/strong><\/span><\/h2>\n<h3><a href=\"https:\/\/api.whatsapp.com\/send?phone=573168788749\" target=\"_blank\" rel=\"noopener noreferrer\"><img loading=\"lazy\" decoding=\"async\" class=\"wp-image-20467 aligncenter\" src=\"http:\/\/cableado-estructurado.com.co\/netcomp\/wp-content\/uploads\/2018\/07\/whatsapp-logo-mensaje.jpg\" alt=\"\" width=\"290\" height=\"220\" \/><\/a><\/h3>\n<h3 style=\"text-align: center;\"><img loading=\"lazy\" decoding=\"async\" class=\"wp-image-21775 aligncenter\" src=\"https:\/\/servidor-hp.com.co\/netcomp\/wp-content\/uploads\/2019\/05\/boton-ventas-servidor.png\" alt=\"\" width=\"391\" height=\"121\" \/><\/h3>\n","protected":false},"excerpt":{"rendered":"<p><span style=\"font-family: tahoma, arial, helvetica, sans-serif; font-size: 10pt;\">N-P : AJ821A &#8211;\u00a0Switch SAN Brocade HP AJ821A B-SERIES 8\/24C BLADE SYSTEM\u00a0<\/span><\/p>\n","protected":false},"featured_media":22184,"comment_status":"open","ping_status":"closed","template":"","meta":{"_et_pb_use_builder":"","_et_pb_old_content":"","_et_gb_content_width":""},"product_brand":[],"product_cat":[79,57],"product_tag":[823,824,825,822,518,826,356,827,612,821],"class_list":{"0":"post-890","1":"product","2":"type-product","3":"status-publish","4":"has-post-thumbnail","6":"product_cat-inicio","7":"product_cat-servidores-hp-2","8":"product_tag-aj821a","9":"product_tag-b-series","10":"product_tag-blade-system","11":"product_tag-brocade","12":"product_tag-hp","13":"product_tag-instalacion-blade-en-colombia","14":"product_tag-netcomp-co","15":"product_tag-precio-blade-en-colombia","16":"product_tag-servidor-blade","17":"product_tag-switch-san","19":"first","20":"outofstock","21":"shipping-taxable","22":"purchasable","23":"product-type-simple"},"yoast_head":"<!-- This site is optimized with the Yoast SEO plugin v27.2 - https:\/\/yoast.com\/product\/yoast-seo-wordpress\/ -->\n<title>Switch SAN Brocade HP AJ821A B-SERIES 8\/24C BLADE SYSTEM - Servidores HP - Nuevos - Usados - Alquiler<\/title>\n<meta name=\"description\" content=\"Switch SAN Brocade HP AJ821A B-SERIES 8\/24C BLADE SYSTEM - - Precio y Disponibilidad en Bogota - Colombia - servidor-hp.com.co\" \/>\n<meta name=\"robots\" content=\"index, follow, max-snippet:-1, max-image-preview:large, max-video-preview:-1\" \/>\n<link rel=\"canonical\" href=\"https:\/\/servidor-hp.com.co\/netcomp\/servidores\/servidores-hp\/servidores-hp-2\/aj821a-hp-sitch-b-series-8-24c-blade-system-san\/\" \/>\n<meta property=\"og:locale\" content=\"es_ES\" \/>\n<meta property=\"og:type\" content=\"article\" \/>\n<meta property=\"og:title\" content=\"Switch SAN Brocade HP AJ821A B-SERIES 8\/24C BLADE SYSTEM - Servidores HP - Nuevos - Usados - Alquiler\" \/>\n<meta property=\"og:description\" content=\"Switch SAN Brocade HP AJ821A B-SERIES 8\/24C BLADE SYSTEM - - Precio y Disponibilidad en Bogota - Colombia - servidor-hp.com.co\" \/>\n<meta property=\"og:url\" content=\"https:\/\/servidor-hp.com.co\/netcomp\/servidores\/servidores-hp\/servidores-hp-2\/aj821a-hp-sitch-b-series-8-24c-blade-system-san\/\" \/>\n<meta property=\"og:site_name\" content=\"Servidores HP - Nuevos - Usados - Alquiler\" \/>\n<meta property=\"article:modified_time\" content=\"2021-03-10T20:27:10+00:00\" \/>\n<meta property=\"og:image\" content=\"https:\/\/servidor-hp.com.co\/netcomp\/wp-content\/uploads\/2013\/04\/s-l300.jpg\" \/>\n\t<meta property=\"og:image:width\" content=\"300\" \/>\n\t<meta property=\"og:image:height\" content=\"149\" \/>\n\t<meta property=\"og:image:type\" content=\"image\/jpeg\" \/>\n<meta name=\"twitter:card\" content=\"summary_large_image\" \/>\n<meta name=\"twitter:label1\" content=\"Tiempo de lectura\" \/>\n\t<meta name=\"twitter:data1\" content=\"1 minuto\" \/>\n<script type=\"application\/ld+json\" class=\"yoast-schema-graph\">{\"@context\":\"https:\/\/schema.org\",\"@graph\":[{\"@type\":\"WebPage\",\"@id\":\"https:\/\/servidor-hp.com.co\/netcomp\/servidores\/servidores-hp\/servidores-hp-2\/aj821a-hp-sitch-b-series-8-24c-blade-system-san\/\",\"url\":\"https:\/\/servidor-hp.com.co\/netcomp\/servidores\/servidores-hp\/servidores-hp-2\/aj821a-hp-sitch-b-series-8-24c-blade-system-san\/\",\"name\":\"Switch SAN Brocade HP AJ821A B-SERIES 8\/24C BLADE SYSTEM - Servidores HP - Nuevos - Usados - Alquiler\",\"isPartOf\":{\"@id\":\"https:\/\/servidor-hp.com.co\/netcomp\/#website\"},\"primaryImageOfPage\":{\"@id\":\"https:\/\/servidor-hp.com.co\/netcomp\/servidores\/servidores-hp\/servidores-hp-2\/aj821a-hp-sitch-b-series-8-24c-blade-system-san\/#primaryimage\"},\"image\":{\"@id\":\"https:\/\/servidor-hp.com.co\/netcomp\/servidores\/servidores-hp\/servidores-hp-2\/aj821a-hp-sitch-b-series-8-24c-blade-system-san\/#primaryimage\"},\"thumbnailUrl\":\"https:\/\/servidor-hp.com.co\/netcomp\/wp-content\/uploads\/2013\/04\/s-l300.jpg\",\"datePublished\":\"2013-04-04T03:58:59+00:00\",\"dateModified\":\"2021-03-10T20:27:10+00:00\",\"description\":\"Switch SAN Brocade HP AJ821A B-SERIES 8\/24C BLADE SYSTEM - - Precio y Disponibilidad en Bogota - Colombia - servidor-hp.com.co\",\"breadcrumb\":{\"@id\":\"https:\/\/servidor-hp.com.co\/netcomp\/servidores\/servidores-hp\/servidores-hp-2\/aj821a-hp-sitch-b-series-8-24c-blade-system-san\/#breadcrumb\"},\"inLanguage\":\"es\",\"potentialAction\":[{\"@type\":\"ReadAction\",\"target\":[\"https:\/\/servidor-hp.com.co\/netcomp\/servidores\/servidores-hp\/servidores-hp-2\/aj821a-hp-sitch-b-series-8-24c-blade-system-san\/\"]}]},{\"@type\":\"ImageObject\",\"inLanguage\":\"es\",\"@id\":\"https:\/\/servidor-hp.com.co\/netcomp\/servidores\/servidores-hp\/servidores-hp-2\/aj821a-hp-sitch-b-series-8-24c-blade-system-san\/#primaryimage\",\"url\":\"https:\/\/servidor-hp.com.co\/netcomp\/wp-content\/uploads\/2013\/04\/s-l300.jpg\",\"contentUrl\":\"https:\/\/servidor-hp.com.co\/netcomp\/wp-content\/uploads\/2013\/04\/s-l300.jpg\",\"width\":300,\"height\":149},{\"@type\":\"BreadcrumbList\",\"@id\":\"https:\/\/servidor-hp.com.co\/netcomp\/servidores\/servidores-hp\/servidores-hp-2\/aj821a-hp-sitch-b-series-8-24c-blade-system-san\/#breadcrumb\",\"itemListElement\":[{\"@type\":\"ListItem\",\"position\":1,\"name\":\"Portada\",\"item\":\"https:\/\/servidor-hp.com.co\/netcomp\/\"},{\"@type\":\"ListItem\",\"position\":2,\"name\":\"Tienda\",\"item\":\"https:\/\/servidor-hp.com.co\/netcomp\/servidores\/\"},{\"@type\":\"ListItem\",\"position\":3,\"name\":\"Switch SAN Brocade HP AJ821A B-SERIES 8\/24C BLADE SYSTEM\"}]},{\"@type\":\"WebSite\",\"@id\":\"https:\/\/servidor-hp.com.co\/netcomp\/#website\",\"url\":\"https:\/\/servidor-hp.com.co\/netcomp\/\",\"name\":\"Servidores HP - Nuevos - Usados - Alquiler\",\"description\":\"Tels: (+57) 316 878 8749\",\"alternateName\":\"Servidores HP DELL LENOVO IBM\",\"potentialAction\":[{\"@type\":\"SearchAction\",\"target\":{\"@type\":\"EntryPoint\",\"urlTemplate\":\"https:\/\/servidor-hp.com.co\/netcomp\/?s={search_term_string}\"},\"query-input\":{\"@type\":\"PropertyValueSpecification\",\"valueRequired\":true,\"valueName\":\"search_term_string\"}}],\"inLanguage\":\"es\"}]}<\/script>\n<!-- \/ Yoast SEO plugin. -->","yoast_head_json":{"title":"Switch SAN Brocade HP AJ821A B-SERIES 8\/24C BLADE SYSTEM - Servidores HP - Nuevos - Usados - Alquiler","description":"Switch SAN Brocade HP AJ821A B-SERIES 8\/24C BLADE SYSTEM - - Precio y Disponibilidad en Bogota - Colombia - servidor-hp.com.co","robots":{"index":"index","follow":"follow","max-snippet":"max-snippet:-1","max-image-preview":"max-image-preview:large","max-video-preview":"max-video-preview:-1"},"canonical":"https:\/\/servidor-hp.com.co\/netcomp\/servidores\/servidores-hp\/servidores-hp-2\/aj821a-hp-sitch-b-series-8-24c-blade-system-san\/","og_locale":"es_ES","og_type":"article","og_title":"Switch SAN Brocade HP AJ821A B-SERIES 8\/24C BLADE SYSTEM - Servidores HP - Nuevos - Usados - Alquiler","og_description":"Switch SAN Brocade HP AJ821A B-SERIES 8\/24C BLADE SYSTEM - - Precio y Disponibilidad en Bogota - Colombia - servidor-hp.com.co","og_url":"https:\/\/servidor-hp.com.co\/netcomp\/servidores\/servidores-hp\/servidores-hp-2\/aj821a-hp-sitch-b-series-8-24c-blade-system-san\/","og_site_name":"Servidores HP - Nuevos - Usados - Alquiler","article_modified_time":"2021-03-10T20:27:10+00:00","og_image":[{"width":300,"height":149,"url":"https:\/\/servidor-hp.com.co\/netcomp\/wp-content\/uploads\/2013\/04\/s-l300.jpg","type":"image\/jpeg"}],"twitter_card":"summary_large_image","twitter_misc":{"Tiempo de lectura":"1 minuto"},"schema":{"@context":"https:\/\/schema.org","@graph":[{"@type":"WebPage","@id":"https:\/\/servidor-hp.com.co\/netcomp\/servidores\/servidores-hp\/servidores-hp-2\/aj821a-hp-sitch-b-series-8-24c-blade-system-san\/","url":"https:\/\/servidor-hp.com.co\/netcomp\/servidores\/servidores-hp\/servidores-hp-2\/aj821a-hp-sitch-b-series-8-24c-blade-system-san\/","name":"Switch SAN Brocade HP AJ821A B-SERIES 8\/24C BLADE SYSTEM - Servidores HP - Nuevos - Usados - Alquiler","isPartOf":{"@id":"https:\/\/servidor-hp.com.co\/netcomp\/#website"},"primaryImageOfPage":{"@id":"https:\/\/servidor-hp.com.co\/netcomp\/servidores\/servidores-hp\/servidores-hp-2\/aj821a-hp-sitch-b-series-8-24c-blade-system-san\/#primaryimage"},"image":{"@id":"https:\/\/servidor-hp.com.co\/netcomp\/servidores\/servidores-hp\/servidores-hp-2\/aj821a-hp-sitch-b-series-8-24c-blade-system-san\/#primaryimage"},"thumbnailUrl":"https:\/\/servidor-hp.com.co\/netcomp\/wp-content\/uploads\/2013\/04\/s-l300.jpg","datePublished":"2013-04-04T03:58:59+00:00","dateModified":"2021-03-10T20:27:10+00:00","description":"Switch SAN Brocade HP AJ821A B-SERIES 8\/24C BLADE SYSTEM - - Precio y Disponibilidad en Bogota - Colombia - servidor-hp.com.co","breadcrumb":{"@id":"https:\/\/servidor-hp.com.co\/netcomp\/servidores\/servidores-hp\/servidores-hp-2\/aj821a-hp-sitch-b-series-8-24c-blade-system-san\/#breadcrumb"},"inLanguage":"es","potentialAction":[{"@type":"ReadAction","target":["https:\/\/servidor-hp.com.co\/netcomp\/servidores\/servidores-hp\/servidores-hp-2\/aj821a-hp-sitch-b-series-8-24c-blade-system-san\/"]}]},{"@type":"ImageObject","inLanguage":"es","@id":"https:\/\/servidor-hp.com.co\/netcomp\/servidores\/servidores-hp\/servidores-hp-2\/aj821a-hp-sitch-b-series-8-24c-blade-system-san\/#primaryimage","url":"https:\/\/servidor-hp.com.co\/netcomp\/wp-content\/uploads\/2013\/04\/s-l300.jpg","contentUrl":"https:\/\/servidor-hp.com.co\/netcomp\/wp-content\/uploads\/2013\/04\/s-l300.jpg","width":300,"height":149},{"@type":"BreadcrumbList","@id":"https:\/\/servidor-hp.com.co\/netcomp\/servidores\/servidores-hp\/servidores-hp-2\/aj821a-hp-sitch-b-series-8-24c-blade-system-san\/#breadcrumb","itemListElement":[{"@type":"ListItem","position":1,"name":"Portada","item":"https:\/\/servidor-hp.com.co\/netcomp\/"},{"@type":"ListItem","position":2,"name":"Tienda","item":"https:\/\/servidor-hp.com.co\/netcomp\/servidores\/"},{"@type":"ListItem","position":3,"name":"Switch SAN Brocade HP AJ821A B-SERIES 8\/24C BLADE SYSTEM"}]},{"@type":"WebSite","@id":"https:\/\/servidor-hp.com.co\/netcomp\/#website","url":"https:\/\/servidor-hp.com.co\/netcomp\/","name":"Servidores HP - Nuevos - Usados - Alquiler","description":"Tels: (+57) 316 878 8749","alternateName":"Servidores HP DELL LENOVO IBM","potentialAction":[{"@type":"SearchAction","target":{"@type":"EntryPoint","urlTemplate":"https:\/\/servidor-hp.com.co\/netcomp\/?s={search_term_string}"},"query-input":{"@type":"PropertyValueSpecification","valueRequired":true,"valueName":"search_term_string"}}],"inLanguage":"es"}]}},"_links":{"self":[{"href":"https:\/\/servidor-hp.com.co\/netcomp\/wp-json\/wp\/v2\/product\/890","targetHints":{"allow":["GET"]}}],"collection":[{"href":"https:\/\/servidor-hp.com.co\/netcomp\/wp-json\/wp\/v2\/product"}],"about":[{"href":"https:\/\/servidor-hp.com.co\/netcomp\/wp-json\/wp\/v2\/types\/product"}],"replies":[{"embeddable":true,"href":"https:\/\/servidor-hp.com.co\/netcomp\/wp-json\/wp\/v2\/comments?post=890"}],"wp:featuredmedia":[{"embeddable":true,"href":"https:\/\/servidor-hp.com.co\/netcomp\/wp-json\/wp\/v2\/media\/22184"}],"wp:attachment":[{"href":"https:\/\/servidor-hp.com.co\/netcomp\/wp-json\/wp\/v2\/media?parent=890"}],"wp:term":[{"taxonomy":"product_brand","embeddable":true,"href":"https:\/\/servidor-hp.com.co\/netcomp\/wp-json\/wp\/v2\/product_brand?post=890"},{"taxonomy":"product_cat","embeddable":true,"href":"https:\/\/servidor-hp.com.co\/netcomp\/wp-json\/wp\/v2\/product_cat?post=890"},{"taxonomy":"product_tag","embeddable":true,"href":"https:\/\/servidor-hp.com.co\/netcomp\/wp-json\/wp\/v2\/product_tag?post=890"}],"curies":[{"name":"wp","href":"https:\/\/api.w.org\/{rel}","templated":true}]}}