{"id":888,"date":"2013-04-03T22:58:59","date_gmt":"2013-04-04T03:58:59","guid":{"rendered":"http:\/\/servidor-hp.com.co\/netcomp\/producto\/aj820a-hp-switch-san-b-series-8-12c\/"},"modified":"2021-11-01T23:04:59","modified_gmt":"2021-11-02T04:04:59","slug":"aj820a-hp-switch-san-b-series-8-12c","status":"publish","type":"product","link":"https:\/\/servidor-hp.com.co\/netcomp\/servidores\/servidores-hp\/storage-hp\/aj820a-hp-switch-san-b-series-8-12c\/","title":{"rendered":"SWITCH  HP SAN B-SERIES 8\/12C-N\/P: AJ820A"},"content":{"rendered":"<h1 style=\"text-align: center;\"><span style=\"font-size: 36pt;\"><span style=\"color: #000080;\"><strong><span style=\"font-family: tahoma, arial, helvetica, sans-serif;\">\u00a0 HP SWITCH SAN B-SERIES 8\/12C<\/span><\/strong><\/span><strong style=\"color: #000080;\"><span style=\"font-family: tahoma, arial, helvetica, sans-serif;\">&#8211;<\/span><\/strong><strong style=\"color: #000080;\"><span style=\"font-family: tahoma, arial, helvetica, sans-serif;\">N-P: AJ820A<\/span><\/strong><\/span><\/h1>\n<p><span style=\"font-family: tahoma, arial, helvetica, sans-serif; font-size: 12pt;\">\u00a0<\/span><\/p>\n<ul>\n<li>\n<h2><span style=\"font-family: tahoma, arial, helvetica, sans-serif; font-size: 24pt; color: #000000;\">Garantia :DEPENDE CONFIGURACION<\/span><\/h2>\n<\/li>\n<\/ul>\n<p><span style=\"font-family: tahoma, arial, helvetica, sans-serif; font-size: 12pt;\">\u00a0<\/span><\/p>\n<p><span style=\"font-family: tahoma, arial, helvetica, sans-serif; font-size: 12pt;\">\u00a0<\/span><\/p>\n<p style=\"text-align: center;\"><span style=\"font-family: tahoma, arial, helvetica, sans-serif; font-size: 12pt; color: #333399;\"><strong>PARA ESPECIFICACIONES TECNICAS DETALLADAS : EN LA PESTA\u00d1A DESCARGAS<\/strong><\/span><\/p>\n<p style=\"text-align: center;\"><span style=\"font-family: tahoma, arial, helvetica, sans-serif; font-size: 12pt; color: #333399;\"><strong>\u00a0<\/strong><\/span><\/p>\n<h2 style=\"margin: 18px 0px 9px; padding: 0px; border: 0px; font-style: normal; font-weight: 500; line-height: 1.1; font-family: Arial, Helvetica, sans-serif; font-size: 27px; vertical-align: baseline; color: #777777; letter-spacing: normal; text-indent: 0px; text-transform: none; background-color: #ffffff; text-align: center;\"><a href=\"https:\/\/servidor-hp.com.co\/netcomp\/servidores-hp\/servidores-hp\/\"><span style=\"margin: 0px; padding: 0px; border: 0px; font-style: inherit; font-variant: inherit; font-weight: inherit; line-height: inherit; font-family: tahoma, arial, helvetica, sans-serif; font-size: 14pt; vertical-align: baseline; color: #ff0000;\"><strong style=\"margin: 0px; padding: 0px; border: 0px; font-style: inherit; font-variant: inherit; font-weight: bold; line-height: inherit; font-family: inherit; font-size: 18.6667px; vertical-align: baseline;\">DISPONEMOS DE UNA AMPLIA GAMA DE SERVIDOR HP PROLIANT NUEVOS Y USADOS<\/strong><\/span><\/a><\/h2>\n<h2 style=\"text-align: center;\"><a href=\"https:\/\/servidor-hp.com.co\/netcomp\/servidores-hp\/servidores-hp\/\"><span style=\"color: #ff0000; font-family: tahoma, arial, helvetica, sans-serif; font-size: 14pt;\"><strong>PARA <\/strong><\/span><span style=\"color: #ff0000; font-family: tahoma, arial, helvetica, sans-serif; font-size: 14pt;\"><strong>VENTA \/ ARRENDAMIENTO \/ ALQUILER :<\/strong><\/span><\/a><\/h2>\n<h2 style=\"text-align: center;\"><a href=\"https:\/\/servidor-hp.com.co\/netcomp\/servidores-hp\/servidores-hp\/\"><span style=\"color: #ff0000; font-family: tahoma, arial, helvetica, sans-serif; font-size: 14pt;\"><strong>ML110 \/ ML350 \/ ML150 \/ DL320 \/ DL360 \/ DL380<\/strong><\/span><\/a><\/h2>\n<h3><a href=\"https:\/\/api.whatsapp.com\/send?phone=573168788749\" target=\"_blank\" rel=\"noopener noreferrer\"><img loading=\"lazy\" decoding=\"async\" class=\"wp-image-20467 aligncenter\" src=\"http:\/\/cableado-estructurado.com.co\/netcomp\/wp-content\/uploads\/2018\/07\/whatsapp-logo-mensaje.jpg\" alt=\"\" width=\"290\" height=\"220\" \/><\/a><\/h3>\n<p><img loading=\"lazy\" decoding=\"async\" class=\"wp-image-21775 aligncenter\" src=\"https:\/\/servidor-hp.com.co\/netcomp\/wp-content\/uploads\/2019\/05\/boton-ventas-servidor.png\" alt=\"\" width=\"495\" height=\"153\" \/><\/p>\n","protected":false},"excerpt":{"rendered":"<p>El dise\u00f1o integrado libera espacio en el bastidor, permite compartir energ\u00eda y enfriamiento, y reduce el cableado y los enchufables de factor de forma peque\u00f1o<\/p>\n","protected":false},"featured_media":22376,"comment_status":"open","ping_status":"closed","template":"","meta":{"_et_pb_use_builder":"","_et_pb_old_content":"","_et_gb_content_width":""},"product_brand":[],"product_cat":[79,45],"product_tag":[819,790,144,519,516,518,331,789,329,521,788,321],"class_list":{"0":"post-888","1":"product","2":"type-product","3":"status-publish","4":"has-post-thumbnail","6":"product_cat-inicio","7":"product_cat-storage-hp","8":"product_tag-aj820a","9":"product_tag-blade","10":"product_tag-colombia","11":"product_tag-controladora-raid","12":"product_tag-disco-duro-sas","13":"product_tag-hp","14":"product_tag-ml350-bogota","15":"product_tag-nas","16":"product_tag-precio-servidor-hp","17":"product_tag-proliant","18":"product_tag-san","19":"product_tag-servidor-hp","21":"first","22":"instock","23":"shipping-taxable","24":"purchasable","25":"product-type-simple"},"yoast_head":"<!-- This site is optimized with the Yoast SEO plugin v27.2 - https:\/\/yoast.com\/product\/yoast-seo-wordpress\/ -->\n<title>SWITCH HP SAN B-SERIES 8\/12C-N\/P: AJ820A - Servidores HP - Nuevos - Usados - Alquiler<\/title>\n<meta name=\"description\" content=\"SWITCH HP SAN B-SERIES 8\/12C-N\/P: AJ820A - - Precio y Disponibilidad en Bogota - Colombia - servidor-hp.com.co\" \/>\n<meta name=\"robots\" content=\"index, follow, max-snippet:-1, max-image-preview:large, max-video-preview:-1\" \/>\n<link rel=\"canonical\" href=\"https:\/\/servidor-hp.com.co\/netcomp\/servidores\/servidores-hp\/storage-hp\/aj820a-hp-switch-san-b-series-8-12c\/\" \/>\n<meta property=\"og:locale\" content=\"es_ES\" \/>\n<meta property=\"og:type\" content=\"article\" \/>\n<meta property=\"og:title\" content=\"SWITCH HP SAN B-SERIES 8\/12C-N\/P: AJ820A - Servidores HP - Nuevos - Usados - Alquiler\" \/>\n<meta property=\"og:description\" content=\"SWITCH HP SAN B-SERIES 8\/12C-N\/P: AJ820A - - Precio y Disponibilidad en Bogota - Colombia - servidor-hp.com.co\" \/>\n<meta property=\"og:url\" content=\"https:\/\/servidor-hp.com.co\/netcomp\/servidores\/servidores-hp\/storage-hp\/aj820a-hp-switch-san-b-series-8-12c\/\" \/>\n<meta property=\"og:site_name\" content=\"Servidores HP - Nuevos - Usados - Alquiler\" \/>\n<meta property=\"article:modified_time\" content=\"2021-11-02T04:04:59+00:00\" \/>\n<meta property=\"og:image\" content=\"https:\/\/servidor-hp.com.co\/netcomp\/wp-content\/uploads\/2013\/04\/aj820a_hp_b_series_san_switch_for_bladesystem_c_1_2.jpg\" \/>\n\t<meta property=\"og:image:width\" content=\"1100\" \/>\n\t<meta property=\"og:image:height\" content=\"1100\" \/>\n\t<meta property=\"og:image:type\" content=\"image\/jpeg\" \/>\n<meta name=\"twitter:card\" content=\"summary_large_image\" \/>\n<script type=\"application\/ld+json\" class=\"yoast-schema-graph\">{\"@context\":\"https:\/\/schema.org\",\"@graph\":[{\"@type\":\"WebPage\",\"@id\":\"https:\/\/servidor-hp.com.co\/netcomp\/servidores\/servidores-hp\/storage-hp\/aj820a-hp-switch-san-b-series-8-12c\/\",\"url\":\"https:\/\/servidor-hp.com.co\/netcomp\/servidores\/servidores-hp\/storage-hp\/aj820a-hp-switch-san-b-series-8-12c\/\",\"name\":\"SWITCH HP SAN B-SERIES 8\/12C-N\/P: AJ820A - Servidores HP - Nuevos - Usados - Alquiler\",\"isPartOf\":{\"@id\":\"https:\/\/servidor-hp.com.co\/netcomp\/#website\"},\"primaryImageOfPage\":{\"@id\":\"https:\/\/servidor-hp.com.co\/netcomp\/servidores\/servidores-hp\/storage-hp\/aj820a-hp-switch-san-b-series-8-12c\/#primaryimage\"},\"image\":{\"@id\":\"https:\/\/servidor-hp.com.co\/netcomp\/servidores\/servidores-hp\/storage-hp\/aj820a-hp-switch-san-b-series-8-12c\/#primaryimage\"},\"thumbnailUrl\":\"https:\/\/servidor-hp.com.co\/netcomp\/wp-content\/uploads\/2013\/04\/aj820a_hp_b_series_san_switch_for_bladesystem_c_1_2.jpg\",\"datePublished\":\"2013-04-04T03:58:59+00:00\",\"dateModified\":\"2021-11-02T04:04:59+00:00\",\"description\":\"SWITCH HP SAN B-SERIES 8\/12C-N\/P: AJ820A - - Precio y Disponibilidad en Bogota - Colombia - servidor-hp.com.co\",\"breadcrumb\":{\"@id\":\"https:\/\/servidor-hp.com.co\/netcomp\/servidores\/servidores-hp\/storage-hp\/aj820a-hp-switch-san-b-series-8-12c\/#breadcrumb\"},\"inLanguage\":\"es\",\"potentialAction\":[{\"@type\":\"ReadAction\",\"target\":[\"https:\/\/servidor-hp.com.co\/netcomp\/servidores\/servidores-hp\/storage-hp\/aj820a-hp-switch-san-b-series-8-12c\/\"]}]},{\"@type\":\"ImageObject\",\"inLanguage\":\"es\",\"@id\":\"https:\/\/servidor-hp.com.co\/netcomp\/servidores\/servidores-hp\/storage-hp\/aj820a-hp-switch-san-b-series-8-12c\/#primaryimage\",\"url\":\"https:\/\/servidor-hp.com.co\/netcomp\/wp-content\/uploads\/2013\/04\/aj820a_hp_b_series_san_switch_for_bladesystem_c_1_2.jpg\",\"contentUrl\":\"https:\/\/servidor-hp.com.co\/netcomp\/wp-content\/uploads\/2013\/04\/aj820a_hp_b_series_san_switch_for_bladesystem_c_1_2.jpg\",\"width\":1100,\"height\":1100,\"caption\":\"AJ820A\"},{\"@type\":\"BreadcrumbList\",\"@id\":\"https:\/\/servidor-hp.com.co\/netcomp\/servidores\/servidores-hp\/storage-hp\/aj820a-hp-switch-san-b-series-8-12c\/#breadcrumb\",\"itemListElement\":[{\"@type\":\"ListItem\",\"position\":1,\"name\":\"Portada\",\"item\":\"https:\/\/servidor-hp.com.co\/netcomp\/\"},{\"@type\":\"ListItem\",\"position\":2,\"name\":\"Tienda\",\"item\":\"https:\/\/servidor-hp.com.co\/netcomp\/servidores\/\"},{\"@type\":\"ListItem\",\"position\":3,\"name\":\"SWITCH HP SAN B-SERIES 8\/12C-N\/P: AJ820A\"}]},{\"@type\":\"WebSite\",\"@id\":\"https:\/\/servidor-hp.com.co\/netcomp\/#website\",\"url\":\"https:\/\/servidor-hp.com.co\/netcomp\/\",\"name\":\"Servidores HP - Nuevos - Usados - Alquiler\",\"description\":\"Tels: (+57) 316 878 8749\",\"alternateName\":\"Servidores HP DELL LENOVO IBM\",\"potentialAction\":[{\"@type\":\"SearchAction\",\"target\":{\"@type\":\"EntryPoint\",\"urlTemplate\":\"https:\/\/servidor-hp.com.co\/netcomp\/?s={search_term_string}\"},\"query-input\":{\"@type\":\"PropertyValueSpecification\",\"valueRequired\":true,\"valueName\":\"search_term_string\"}}],\"inLanguage\":\"es\"}]}<\/script>\n<!-- \/ Yoast SEO plugin. -->","yoast_head_json":{"title":"SWITCH HP SAN B-SERIES 8\/12C-N\/P: AJ820A - Servidores HP - Nuevos - Usados - Alquiler","description":"SWITCH HP SAN B-SERIES 8\/12C-N\/P: AJ820A - - Precio y Disponibilidad en Bogota - Colombia - servidor-hp.com.co","robots":{"index":"index","follow":"follow","max-snippet":"max-snippet:-1","max-image-preview":"max-image-preview:large","max-video-preview":"max-video-preview:-1"},"canonical":"https:\/\/servidor-hp.com.co\/netcomp\/servidores\/servidores-hp\/storage-hp\/aj820a-hp-switch-san-b-series-8-12c\/","og_locale":"es_ES","og_type":"article","og_title":"SWITCH HP SAN B-SERIES 8\/12C-N\/P: AJ820A - Servidores HP - Nuevos - Usados - Alquiler","og_description":"SWITCH HP SAN B-SERIES 8\/12C-N\/P: AJ820A - - Precio y Disponibilidad en Bogota - Colombia - servidor-hp.com.co","og_url":"https:\/\/servidor-hp.com.co\/netcomp\/servidores\/servidores-hp\/storage-hp\/aj820a-hp-switch-san-b-series-8-12c\/","og_site_name":"Servidores HP - Nuevos - Usados - Alquiler","article_modified_time":"2021-11-02T04:04:59+00:00","og_image":[{"width":1100,"height":1100,"url":"https:\/\/servidor-hp.com.co\/netcomp\/wp-content\/uploads\/2013\/04\/aj820a_hp_b_series_san_switch_for_bladesystem_c_1_2.jpg","type":"image\/jpeg"}],"twitter_card":"summary_large_image","schema":{"@context":"https:\/\/schema.org","@graph":[{"@type":"WebPage","@id":"https:\/\/servidor-hp.com.co\/netcomp\/servidores\/servidores-hp\/storage-hp\/aj820a-hp-switch-san-b-series-8-12c\/","url":"https:\/\/servidor-hp.com.co\/netcomp\/servidores\/servidores-hp\/storage-hp\/aj820a-hp-switch-san-b-series-8-12c\/","name":"SWITCH HP SAN B-SERIES 8\/12C-N\/P: AJ820A - Servidores HP - Nuevos - Usados - Alquiler","isPartOf":{"@id":"https:\/\/servidor-hp.com.co\/netcomp\/#website"},"primaryImageOfPage":{"@id":"https:\/\/servidor-hp.com.co\/netcomp\/servidores\/servidores-hp\/storage-hp\/aj820a-hp-switch-san-b-series-8-12c\/#primaryimage"},"image":{"@id":"https:\/\/servidor-hp.com.co\/netcomp\/servidores\/servidores-hp\/storage-hp\/aj820a-hp-switch-san-b-series-8-12c\/#primaryimage"},"thumbnailUrl":"https:\/\/servidor-hp.com.co\/netcomp\/wp-content\/uploads\/2013\/04\/aj820a_hp_b_series_san_switch_for_bladesystem_c_1_2.jpg","datePublished":"2013-04-04T03:58:59+00:00","dateModified":"2021-11-02T04:04:59+00:00","description":"SWITCH HP SAN B-SERIES 8\/12C-N\/P: AJ820A - - Precio y Disponibilidad en Bogota - Colombia - servidor-hp.com.co","breadcrumb":{"@id":"https:\/\/servidor-hp.com.co\/netcomp\/servidores\/servidores-hp\/storage-hp\/aj820a-hp-switch-san-b-series-8-12c\/#breadcrumb"},"inLanguage":"es","potentialAction":[{"@type":"ReadAction","target":["https:\/\/servidor-hp.com.co\/netcomp\/servidores\/servidores-hp\/storage-hp\/aj820a-hp-switch-san-b-series-8-12c\/"]}]},{"@type":"ImageObject","inLanguage":"es","@id":"https:\/\/servidor-hp.com.co\/netcomp\/servidores\/servidores-hp\/storage-hp\/aj820a-hp-switch-san-b-series-8-12c\/#primaryimage","url":"https:\/\/servidor-hp.com.co\/netcomp\/wp-content\/uploads\/2013\/04\/aj820a_hp_b_series_san_switch_for_bladesystem_c_1_2.jpg","contentUrl":"https:\/\/servidor-hp.com.co\/netcomp\/wp-content\/uploads\/2013\/04\/aj820a_hp_b_series_san_switch_for_bladesystem_c_1_2.jpg","width":1100,"height":1100,"caption":"AJ820A"},{"@type":"BreadcrumbList","@id":"https:\/\/servidor-hp.com.co\/netcomp\/servidores\/servidores-hp\/storage-hp\/aj820a-hp-switch-san-b-series-8-12c\/#breadcrumb","itemListElement":[{"@type":"ListItem","position":1,"name":"Portada","item":"https:\/\/servidor-hp.com.co\/netcomp\/"},{"@type":"ListItem","position":2,"name":"Tienda","item":"https:\/\/servidor-hp.com.co\/netcomp\/servidores\/"},{"@type":"ListItem","position":3,"name":"SWITCH HP SAN B-SERIES 8\/12C-N\/P: AJ820A"}]},{"@type":"WebSite","@id":"https:\/\/servidor-hp.com.co\/netcomp\/#website","url":"https:\/\/servidor-hp.com.co\/netcomp\/","name":"Servidores HP - Nuevos - Usados - Alquiler","description":"Tels: (+57) 316 878 8749","alternateName":"Servidores HP DELL LENOVO IBM","potentialAction":[{"@type":"SearchAction","target":{"@type":"EntryPoint","urlTemplate":"https:\/\/servidor-hp.com.co\/netcomp\/?s={search_term_string}"},"query-input":{"@type":"PropertyValueSpecification","valueRequired":true,"valueName":"search_term_string"}}],"inLanguage":"es"}]}},"_links":{"self":[{"href":"https:\/\/servidor-hp.com.co\/netcomp\/wp-json\/wp\/v2\/product\/888","targetHints":{"allow":["GET"]}}],"collection":[{"href":"https:\/\/servidor-hp.com.co\/netcomp\/wp-json\/wp\/v2\/product"}],"about":[{"href":"https:\/\/servidor-hp.com.co\/netcomp\/wp-json\/wp\/v2\/types\/product"}],"replies":[{"embeddable":true,"href":"https:\/\/servidor-hp.com.co\/netcomp\/wp-json\/wp\/v2\/comments?post=888"}],"wp:featuredmedia":[{"embeddable":true,"href":"https:\/\/servidor-hp.com.co\/netcomp\/wp-json\/wp\/v2\/media\/22376"}],"wp:attachment":[{"href":"https:\/\/servidor-hp.com.co\/netcomp\/wp-json\/wp\/v2\/media?parent=888"}],"wp:term":[{"taxonomy":"product_brand","embeddable":true,"href":"https:\/\/servidor-hp.com.co\/netcomp\/wp-json\/wp\/v2\/product_brand?post=888"},{"taxonomy":"product_cat","embeddable":true,"href":"https:\/\/servidor-hp.com.co\/netcomp\/wp-json\/wp\/v2\/product_cat?post=888"},{"taxonomy":"product_tag","embeddable":true,"href":"https:\/\/servidor-hp.com.co\/netcomp\/wp-json\/wp\/v2\/product_tag?post=888"}],"curies":[{"name":"wp","href":"https:\/\/api.w.org\/{rel}","templated":true}]}}