{"id":599,"date":"2013-04-02T23:33:18","date_gmt":"2013-04-03T04:33:18","guid":{"rendered":"http:\/\/servidor-hp.com.co\/netcomp\/producto\/659339-b21-hp-disco-duro-sata-de-2tb-72k-35-nhp\/"},"modified":"2021-03-10T12:38:05","modified_gmt":"2021-03-10T17:38:05","slug":"659339-b21-hp-disco-duro-sata-de-2tb-72k-35-nhp","status":"publish","type":"product","link":"https:\/\/servidor-hp.com.co\/netcomp\/servidores\/servidores-hp\/storage-hp\/659339-b21-hp-disco-duro-sata-de-2tb-72k-35-nhp\/","title":{"rendered":"Disco Duro HP B21 SATA de 2TB 7.2K 3.5 NH- N\/P: P659339"},"content":{"rendered":"<h1 style=\"text-align: center;\"><span style=\"font-size: 36pt;\"><strong><span style=\"font-family: tahoma, arial, helvetica, sans-serif;\"><span style=\"color: #333399;\">\u00a0Disco Duro SATA de 2TB\u00a0<\/span><\/span><\/strong><strong><span style=\"font-family: tahoma, arial, helvetica, sans-serif;\"><span style=\"color: #333399;\">&#8211; HP-<\/span><\/span><\/strong><\/span><\/h1>\n<h1 style=\"text-align: center;\"><span style=\"font-size: 36pt;\"> <strong><span style=\"font-family: tahoma, arial, helvetica, sans-serif;\"><span style=\"color: #333399;\">N-P: 659339-B21\u00a0<\/span><\/span><\/strong><\/span><\/h1>\n<p>&nbsp;<\/p>\n<h3><span style=\"font-size: 14pt; color: #000000; font-family: tahoma, arial, helvetica, sans-serif;\">Las unidades HP SATA se han dise\u00f1ado para obtener la fiabilidad y el almacenamiento masivo que demandan los entornos actuales de servidores de entrada y almacenamiento externo. La gama SATA se clasifica en dos categor\u00edas: Unidades de entrada (ETY) y de gama media (MDL). Las unidades SATA de entrada de HP son la soluci\u00f3n de menor coste por unidad para servidores b\u00e1sicos. Las unidades SATA de gama media de HP se han dise\u00f1ado con fiabilidad y rendimiento econ\u00f3micos para el almacenamiento externo, copias de seguridad y aplicaciones de archivos. Estas unidades de alta capacidad proporcionan la menor relaci\u00f3n $\/GB a nuestros clientes. <\/span><\/h3>\n<h3><\/h3>\n<h3><span style=\"font-size: 14pt; color: #000000;\"><span style=\"font-family: tahoma, arial, helvetica, sans-serif;\">Ambas unidades SATA, de entrada y de gama media, proporcionan el mayor ahorro para aplicaciones de misi\u00f3n no cr\u00edtica con cargas de trabajo bajas del 40% o inferiores. Las unidades SATA de HP est\u00e1n disponibles en tama\u00f1o peque\u00f1o (2,5 pulgadas) y tama\u00f1o grande (3,5 pulgadas) e incluyen una garant\u00eda est\u00e1ndar de un a\u00f1o<\/span>.<\/span><\/h3>\n<p>&nbsp;<\/p>\n<ul>\n<li>\n<h3><span style=\"font-family: tahoma, arial, helvetica, sans-serif; font-size: 18pt; color: #000000;\">DISCO DURO HP 7.2K <\/span><\/h3>\n<\/li>\n<li>\n<h3><span style=\"font-family: tahoma, arial, helvetica, sans-serif; font-size: 18pt; color: #000000;\">TAMA\u00d1O : 3.5&#8243; NHP MDL\u00a0<\/span><\/h3>\n<\/li>\n<li>\n<h3><span style=\"font-family: tahoma, arial, helvetica, sans-serif; font-size: 18pt; color: #000000;\">DISCOS DUROS COMPATIBLES CON SERVIDOR ML 310 GEN 8 E\u00a0<\/span><\/h3>\n<\/li>\n<\/ul>\n<p style=\"text-align: center;\"><span style=\"font-family: tahoma, arial, helvetica, sans-serif; font-size: 12pt;\">\u00a0<\/span><\/p>\n<p style=\"text-align: center;\"><span style=\"font-family: tahoma, arial, helvetica, sans-serif; font-size: 12pt; color: #333399;\"><strong>\u00a0<\/strong><\/span><\/p>\n<p>&nbsp;<\/p>\n<h2 style=\"margin: 18px 0px 9px; padding: 0px; border: 0px; font-style: normal; font-weight: 500; line-height: 1.1; font-family: Arial, Helvetica, sans-serif; font-size: 27px; vertical-align: baseline; color: #777777; letter-spacing: normal; text-indent: 0px; text-transform: none; background-color: #ffffff; text-align: center;\"><span style=\"margin: 0px; padding: 0px; border: 0px; font-style: inherit; font-variant: inherit; font-weight: inherit; line-height: inherit; font-family: tahoma, arial, helvetica, sans-serif; font-size: 14pt; vertical-align: baseline; color: #ff0000;\"><strong style=\"margin: 0px; padding: 0px; border: 0px; font-style: inherit; font-variant: inherit; font-weight: bold; line-height: inherit; font-family: inherit; font-size: 18.6667px; vertical-align: baseline;\">DISPONEMOS DE UNA AMPLIA GAMA DE SERVIDOR HP PROLIANT NUEVOS Y USADOS<\/strong><\/span><\/h2>\n<h2 style=\"text-align: center;\"><span style=\"color: #ff0000; font-family: tahoma, arial, helvetica, sans-serif; font-size: 14pt;\"><strong>PARA <\/strong><\/span><span style=\"color: #ff0000; font-family: tahoma, arial, helvetica, sans-serif; font-size: 14pt;\"><strong>VENTA \/ ARRENDAMIENTO \/ ALQUILER :<\/strong><\/span><\/h2>\n<h2 style=\"text-align: center;\"><span style=\"color: #ff0000; font-family: tahoma, arial, helvetica, sans-serif; font-size: 14pt;\"><strong>ML110 \/ ML350 \/ ML150 \/ DL320 \/ DL360 \/ DL380<\/strong><\/span><\/h2>\n<h3><a href=\"https:\/\/api.whatsapp.com\/send?phone=573168788749\" target=\"_blank\" rel=\"noopener noreferrer\"><img loading=\"lazy\" decoding=\"async\" class=\"wp-image-20467 aligncenter\" src=\"http:\/\/cableado-estructurado.com.co\/netcomp\/wp-content\/uploads\/2018\/07\/whatsapp-logo-mensaje.jpg\" alt=\"\" width=\"290\" height=\"220\" \/><\/a><\/h3>\n<h3 style=\"text-align: center;\"><img loading=\"lazy\" decoding=\"async\" class=\"wp-image-21775 aligncenter\" src=\"https:\/\/servidor-hp.com.co\/netcomp\/wp-content\/uploads\/2019\/05\/boton-ventas-servidor.png\" alt=\"\" width=\"391\" height=\"121\" \/><\/h3>\n","protected":false},"excerpt":{"rendered":"<ul>\n<li><span style=\"font-size: 14pt; font-family: tahoma, arial, helvetica, sans-serif;\">Las unidades de disco duro SATA de servidor HPE aumenten la confiabilidad y reducen los costos de la puesta en marcha sin perder confiabilidad con unidades de disco duro sin misi\u00f3n cr\u00edtica al precio m\u00e1s bajo en USD\/GB.<\/span><\/li>\n<li><span style=\"font-size: 14pt; font-family: tahoma, arial, helvetica, sans-serif;\">Soluciones de costo y capacidad optimizados que ofrecen hasta 10 TB de almacenamiento en un \u00fanico dispositivo. Disponible en factor de forma reducido (SFF) de 2,5 pulgadas y en factor de forma grande (LFF) de 3,5 pulgadas, con una amplia gama de niveles de capacidad.<\/span><\/li>\n<li><span style=\"font-size: 14pt; font-family: tahoma, arial, helvetica, sans-serif;\">Los Sensores de vibraci\u00f3n rotacional brindan tolerancia mejorada a la vibraci\u00f3n rotacional, lo que proporciona confiabilidad de nivel empresarial en unidades de nivel intermedio.<\/span><\/li>\n<li><span style=\"font-size: 14pt; font-family: tahoma, arial, helvetica, sans-serif;\">Velocidad de transferencia de datos de 6 Gb\/s para admitir los servidores existentes.<\/span><\/li>\n<\/ul>\n","protected":false},"featured_media":19854,"comment_status":"open","ping_status":"closed","template":"","meta":{"_et_pb_use_builder":"","_et_pb_old_content":"","_et_gb_content_width":""},"product_brand":[],"product_cat":[83,20523,79,73,57,45],"product_tag":[416,144,415,326,331,356,330,327],"class_list":{"0":"post-599","1":"product","2":"type-product","3":"status-publish","4":"has-post-thumbnail","6":"product_cat-accesorios","7":"product_cat-accesorios-servidores","8":"product_cat-inicio","9":"product_cat-servidores-hp-ibm-cisco","10":"product_cat-servidores-hp-2","11":"product_cat-storage-hp","12":"product_tag-659339-b21","13":"product_tag-colombia","14":"product_tag-disco-duro-sata","15":"product_tag-disco-sas","16":"product_tag-ml350-bogota","17":"product_tag-netcomp-co","18":"product_tag-precio-disco-duro-servidor","19":"product_tag-servidores-hp","21":"first","22":"instock","23":"shipping-taxable","24":"purchasable","25":"product-type-simple"},"yoast_head":"<!-- This site is optimized with the Yoast SEO plugin v27.2 - https:\/\/yoast.com\/product\/yoast-seo-wordpress\/ -->\n<title>Disco Duro HP B21 SATA de 2TB 7.2K 3.5 NH- N\/P: P659339 - Servidores HP - Nuevos - Usados - Alquiler<\/title>\n<meta name=\"description\" content=\"Disco Duro HP B21 SATA de 2TB 7.2K 3.5 NH- N\/P: P659339 - - Precio y Disponibilidad en Bogota - Colombia - servidor-hp.com.co\" \/>\n<meta name=\"robots\" content=\"index, follow, max-snippet:-1, max-image-preview:large, max-video-preview:-1\" \/>\n<link rel=\"canonical\" href=\"https:\/\/servidor-hp.com.co\/netcomp\/servidores\/servidores-hp\/storage-hp\/659339-b21-hp-disco-duro-sata-de-2tb-72k-35-nhp\/\" \/>\n<meta property=\"og:locale\" content=\"es_ES\" \/>\n<meta property=\"og:type\" content=\"article\" \/>\n<meta property=\"og:title\" content=\"Disco Duro HP B21 SATA de 2TB 7.2K 3.5 NH- N\/P: P659339 - Servidores HP - Nuevos - Usados - Alquiler\" \/>\n<meta property=\"og:description\" content=\"Disco Duro HP B21 SATA de 2TB 7.2K 3.5 NH- N\/P: P659339 - - Precio y Disponibilidad en Bogota - Colombia - servidor-hp.com.co\" \/>\n<meta property=\"og:url\" content=\"https:\/\/servidor-hp.com.co\/netcomp\/servidores\/servidores-hp\/storage-hp\/659339-b21-hp-disco-duro-sata-de-2tb-72k-35-nhp\/\" \/>\n<meta property=\"og:site_name\" content=\"Servidores HP - Nuevos - Usados - Alquiler\" \/>\n<meta property=\"article:modified_time\" content=\"2021-03-10T17:38:05+00:00\" \/>\n<meta property=\"og:image\" content=\"https:\/\/servidor-hp.com.co\/netcomp\/wp-content\/uploads\/2018\/07\/619291-B21-discos-sas-hp-e1597987938171.jpg\" \/>\n\t<meta property=\"og:image:width\" content=\"450\" \/>\n\t<meta property=\"og:image:height\" content=\"450\" \/>\n\t<meta property=\"og:image:type\" content=\"image\/jpeg\" \/>\n<meta name=\"twitter:card\" content=\"summary_large_image\" \/>\n<meta name=\"twitter:label1\" content=\"Tiempo de lectura\" \/>\n\t<meta name=\"twitter:data1\" content=\"1 minuto\" \/>\n<script type=\"application\/ld+json\" class=\"yoast-schema-graph\">{\"@context\":\"https:\/\/schema.org\",\"@graph\":[{\"@type\":\"WebPage\",\"@id\":\"https:\/\/servidor-hp.com.co\/netcomp\/servidores\/servidores-hp\/storage-hp\/659339-b21-hp-disco-duro-sata-de-2tb-72k-35-nhp\/\",\"url\":\"https:\/\/servidor-hp.com.co\/netcomp\/servidores\/servidores-hp\/storage-hp\/659339-b21-hp-disco-duro-sata-de-2tb-72k-35-nhp\/\",\"name\":\"Disco Duro HP B21 SATA de 2TB 7.2K 3.5 NH- N\/P: P659339 - Servidores HP - Nuevos - Usados - Alquiler\",\"isPartOf\":{\"@id\":\"https:\/\/servidor-hp.com.co\/netcomp\/#website\"},\"primaryImageOfPage\":{\"@id\":\"https:\/\/servidor-hp.com.co\/netcomp\/servidores\/servidores-hp\/storage-hp\/659339-b21-hp-disco-duro-sata-de-2tb-72k-35-nhp\/#primaryimage\"},\"image\":{\"@id\":\"https:\/\/servidor-hp.com.co\/netcomp\/servidores\/servidores-hp\/storage-hp\/659339-b21-hp-disco-duro-sata-de-2tb-72k-35-nhp\/#primaryimage\"},\"thumbnailUrl\":\"https:\/\/servidor-hp.com.co\/netcomp\/wp-content\/uploads\/2018\/07\/619291-B21-discos-sas-hp-e1597987938171.jpg\",\"datePublished\":\"2013-04-03T04:33:18+00:00\",\"dateModified\":\"2021-03-10T17:38:05+00:00\",\"description\":\"Disco Duro HP B21 SATA de 2TB 7.2K 3.5 NH- N\/P: P659339 - - Precio y Disponibilidad en Bogota - Colombia - servidor-hp.com.co\",\"breadcrumb\":{\"@id\":\"https:\/\/servidor-hp.com.co\/netcomp\/servidores\/servidores-hp\/storage-hp\/659339-b21-hp-disco-duro-sata-de-2tb-72k-35-nhp\/#breadcrumb\"},\"inLanguage\":\"es\",\"potentialAction\":[{\"@type\":\"ReadAction\",\"target\":[\"https:\/\/servidor-hp.com.co\/netcomp\/servidores\/servidores-hp\/storage-hp\/659339-b21-hp-disco-duro-sata-de-2tb-72k-35-nhp\/\"]}]},{\"@type\":\"ImageObject\",\"inLanguage\":\"es\",\"@id\":\"https:\/\/servidor-hp.com.co\/netcomp\/servidores\/servidores-hp\/storage-hp\/659339-b21-hp-disco-duro-sata-de-2tb-72k-35-nhp\/#primaryimage\",\"url\":\"https:\/\/servidor-hp.com.co\/netcomp\/wp-content\/uploads\/2018\/07\/619291-B21-discos-sas-hp-e1597987938171.jpg\",\"contentUrl\":\"https:\/\/servidor-hp.com.co\/netcomp\/wp-content\/uploads\/2018\/07\/619291-B21-discos-sas-hp-e1597987938171.jpg\",\"width\":450,\"height\":450,\"caption\":\"Discos duros - Fuentes de Poder - Controladora - Board\"},{\"@type\":\"BreadcrumbList\",\"@id\":\"https:\/\/servidor-hp.com.co\/netcomp\/servidores\/servidores-hp\/storage-hp\/659339-b21-hp-disco-duro-sata-de-2tb-72k-35-nhp\/#breadcrumb\",\"itemListElement\":[{\"@type\":\"ListItem\",\"position\":1,\"name\":\"Portada\",\"item\":\"https:\/\/servidor-hp.com.co\/netcomp\/\"},{\"@type\":\"ListItem\",\"position\":2,\"name\":\"Tienda\",\"item\":\"https:\/\/servidor-hp.com.co\/netcomp\/servidores\/\"},{\"@type\":\"ListItem\",\"position\":3,\"name\":\"Disco Duro HP B21 SATA de 2TB 7.2K 3.5 NH- N\/P: P659339\"}]},{\"@type\":\"WebSite\",\"@id\":\"https:\/\/servidor-hp.com.co\/netcomp\/#website\",\"url\":\"https:\/\/servidor-hp.com.co\/netcomp\/\",\"name\":\"Servidores HP - Nuevos - Usados - Alquiler\",\"description\":\"Tels: (+57) 316 878 8749\",\"alternateName\":\"Servidores HP DELL LENOVO IBM\",\"potentialAction\":[{\"@type\":\"SearchAction\",\"target\":{\"@type\":\"EntryPoint\",\"urlTemplate\":\"https:\/\/servidor-hp.com.co\/netcomp\/?s={search_term_string}\"},\"query-input\":{\"@type\":\"PropertyValueSpecification\",\"valueRequired\":true,\"valueName\":\"search_term_string\"}}],\"inLanguage\":\"es\"}]}<\/script>\n<!-- \/ Yoast SEO plugin. -->","yoast_head_json":{"title":"Disco Duro HP B21 SATA de 2TB 7.2K 3.5 NH- N\/P: P659339 - Servidores HP - Nuevos - Usados - Alquiler","description":"Disco Duro HP B21 SATA de 2TB 7.2K 3.5 NH- N\/P: P659339 - - Precio y Disponibilidad en Bogota - Colombia - servidor-hp.com.co","robots":{"index":"index","follow":"follow","max-snippet":"max-snippet:-1","max-image-preview":"max-image-preview:large","max-video-preview":"max-video-preview:-1"},"canonical":"https:\/\/servidor-hp.com.co\/netcomp\/servidores\/servidores-hp\/storage-hp\/659339-b21-hp-disco-duro-sata-de-2tb-72k-35-nhp\/","og_locale":"es_ES","og_type":"article","og_title":"Disco Duro HP B21 SATA de 2TB 7.2K 3.5 NH- N\/P: P659339 - Servidores HP - Nuevos - Usados - Alquiler","og_description":"Disco Duro HP B21 SATA de 2TB 7.2K 3.5 NH- N\/P: P659339 - - Precio y Disponibilidad en Bogota - Colombia - servidor-hp.com.co","og_url":"https:\/\/servidor-hp.com.co\/netcomp\/servidores\/servidores-hp\/storage-hp\/659339-b21-hp-disco-duro-sata-de-2tb-72k-35-nhp\/","og_site_name":"Servidores HP - Nuevos - Usados - Alquiler","article_modified_time":"2021-03-10T17:38:05+00:00","og_image":[{"width":450,"height":450,"url":"https:\/\/servidor-hp.com.co\/netcomp\/wp-content\/uploads\/2018\/07\/619291-B21-discos-sas-hp-e1597987938171.jpg","type":"image\/jpeg"}],"twitter_card":"summary_large_image","twitter_misc":{"Tiempo de lectura":"1 minuto"},"schema":{"@context":"https:\/\/schema.org","@graph":[{"@type":"WebPage","@id":"https:\/\/servidor-hp.com.co\/netcomp\/servidores\/servidores-hp\/storage-hp\/659339-b21-hp-disco-duro-sata-de-2tb-72k-35-nhp\/","url":"https:\/\/servidor-hp.com.co\/netcomp\/servidores\/servidores-hp\/storage-hp\/659339-b21-hp-disco-duro-sata-de-2tb-72k-35-nhp\/","name":"Disco Duro HP B21 SATA de 2TB 7.2K 3.5 NH- N\/P: P659339 - Servidores HP - Nuevos - Usados - Alquiler","isPartOf":{"@id":"https:\/\/servidor-hp.com.co\/netcomp\/#website"},"primaryImageOfPage":{"@id":"https:\/\/servidor-hp.com.co\/netcomp\/servidores\/servidores-hp\/storage-hp\/659339-b21-hp-disco-duro-sata-de-2tb-72k-35-nhp\/#primaryimage"},"image":{"@id":"https:\/\/servidor-hp.com.co\/netcomp\/servidores\/servidores-hp\/storage-hp\/659339-b21-hp-disco-duro-sata-de-2tb-72k-35-nhp\/#primaryimage"},"thumbnailUrl":"https:\/\/servidor-hp.com.co\/netcomp\/wp-content\/uploads\/2018\/07\/619291-B21-discos-sas-hp-e1597987938171.jpg","datePublished":"2013-04-03T04:33:18+00:00","dateModified":"2021-03-10T17:38:05+00:00","description":"Disco Duro HP B21 SATA de 2TB 7.2K 3.5 NH- N\/P: P659339 - - Precio y Disponibilidad en Bogota - Colombia - servidor-hp.com.co","breadcrumb":{"@id":"https:\/\/servidor-hp.com.co\/netcomp\/servidores\/servidores-hp\/storage-hp\/659339-b21-hp-disco-duro-sata-de-2tb-72k-35-nhp\/#breadcrumb"},"inLanguage":"es","potentialAction":[{"@type":"ReadAction","target":["https:\/\/servidor-hp.com.co\/netcomp\/servidores\/servidores-hp\/storage-hp\/659339-b21-hp-disco-duro-sata-de-2tb-72k-35-nhp\/"]}]},{"@type":"ImageObject","inLanguage":"es","@id":"https:\/\/servidor-hp.com.co\/netcomp\/servidores\/servidores-hp\/storage-hp\/659339-b21-hp-disco-duro-sata-de-2tb-72k-35-nhp\/#primaryimage","url":"https:\/\/servidor-hp.com.co\/netcomp\/wp-content\/uploads\/2018\/07\/619291-B21-discos-sas-hp-e1597987938171.jpg","contentUrl":"https:\/\/servidor-hp.com.co\/netcomp\/wp-content\/uploads\/2018\/07\/619291-B21-discos-sas-hp-e1597987938171.jpg","width":450,"height":450,"caption":"Discos duros - Fuentes de Poder - Controladora - Board"},{"@type":"BreadcrumbList","@id":"https:\/\/servidor-hp.com.co\/netcomp\/servidores\/servidores-hp\/storage-hp\/659339-b21-hp-disco-duro-sata-de-2tb-72k-35-nhp\/#breadcrumb","itemListElement":[{"@type":"ListItem","position":1,"name":"Portada","item":"https:\/\/servidor-hp.com.co\/netcomp\/"},{"@type":"ListItem","position":2,"name":"Tienda","item":"https:\/\/servidor-hp.com.co\/netcomp\/servidores\/"},{"@type":"ListItem","position":3,"name":"Disco Duro HP B21 SATA de 2TB 7.2K 3.5 NH- N\/P: P659339"}]},{"@type":"WebSite","@id":"https:\/\/servidor-hp.com.co\/netcomp\/#website","url":"https:\/\/servidor-hp.com.co\/netcomp\/","name":"Servidores HP - Nuevos - Usados - Alquiler","description":"Tels: (+57) 316 878 8749","alternateName":"Servidores HP DELL LENOVO IBM","potentialAction":[{"@type":"SearchAction","target":{"@type":"EntryPoint","urlTemplate":"https:\/\/servidor-hp.com.co\/netcomp\/?s={search_term_string}"},"query-input":{"@type":"PropertyValueSpecification","valueRequired":true,"valueName":"search_term_string"}}],"inLanguage":"es"}]}},"_links":{"self":[{"href":"https:\/\/servidor-hp.com.co\/netcomp\/wp-json\/wp\/v2\/product\/599","targetHints":{"allow":["GET"]}}],"collection":[{"href":"https:\/\/servidor-hp.com.co\/netcomp\/wp-json\/wp\/v2\/product"}],"about":[{"href":"https:\/\/servidor-hp.com.co\/netcomp\/wp-json\/wp\/v2\/types\/product"}],"replies":[{"embeddable":true,"href":"https:\/\/servidor-hp.com.co\/netcomp\/wp-json\/wp\/v2\/comments?post=599"}],"wp:featuredmedia":[{"embeddable":true,"href":"https:\/\/servidor-hp.com.co\/netcomp\/wp-json\/wp\/v2\/media\/19854"}],"wp:attachment":[{"href":"https:\/\/servidor-hp.com.co\/netcomp\/wp-json\/wp\/v2\/media?parent=599"}],"wp:term":[{"taxonomy":"product_brand","embeddable":true,"href":"https:\/\/servidor-hp.com.co\/netcomp\/wp-json\/wp\/v2\/product_brand?post=599"},{"taxonomy":"product_cat","embeddable":true,"href":"https:\/\/servidor-hp.com.co\/netcomp\/wp-json\/wp\/v2\/product_cat?post=599"},{"taxonomy":"product_tag","embeddable":true,"href":"https:\/\/servidor-hp.com.co\/netcomp\/wp-json\/wp\/v2\/product_tag?post=599"}],"curies":[{"name":"wp","href":"https:\/\/api.w.org\/{rel}","templated":true}]}}