{"id":586,"date":"2013-04-02T23:33:18","date_gmt":"2013-04-03T04:33:18","guid":{"rendered":"http:\/\/servidor-hp.com.co\/netcomp\/producto\/649255-205-servidor-ml110-g7-hp\/"},"modified":"2023-08-06T08:08:07","modified_gmt":"2023-08-06T13:08:07","slug":"649255-205-servidor-ml110-g7-hp","status":"publish","type":"product","link":"https:\/\/servidor-hp.com.co\/netcomp\/servidores\/servidores-hp\/servidores-hp-2\/649255-205-servidor-ml110-g7-hp\/","title":{"rendered":"SERVIDOR HP ML110 PROLIANT G7"},"content":{"rendered":"<h1 style=\"text-align: center;\"><span style=\"color: #000080; font-size: 24pt;\"><span style=\"font-family: tahoma, arial, helvetica, sans-serif;\"><strong>\u00a0SERVIDOR HP ML110 Proliant G7<\/strong>\u00a0<\/span><strong style=\"font-family: tahoma, arial, helvetica, sans-serif;\">&#8211;<\/strong>\u00a0<strong style=\"font-family: tahoma, arial, helvetica, sans-serif;\">N\/P: 649255-205\u00a0<\/strong><\/span><\/h1>\n<p>&nbsp;<\/p>\n<p>&nbsp;<\/p>\n<h2 style=\"text-align: center;\"><strong><span style=\"font-size: 24pt;\"><a title=\"Servidor Proliant HPE ML110 Gen10\" href=\"https:\/\/netcomp.co\/es\/servidores-hpe-blade\/31035-880646-001-hp-servidor-disco-duro-memoria-bogota-colombia.html\" target=\"_blank\" rel=\"noopener\"><span style=\"font-family: tahoma, arial, helvetica, sans-serif; color: #ff0000;\">Tenemos Disponible el Servidor HP Proliant ML110 GEN10 &#8211; Ultima Generacion &#8211; Visita Nuestra Tienda &#8211; Click Aqui!<\/span><\/a><\/span><\/strong><\/h2>\n<p>&nbsp;<\/p>\n<p>&nbsp;<\/p>\n<h3><span style=\"font-size: 14pt;\"><b>Fiabilidad y asistencia probadas de HP<\/b><\/span><\/h3>\n<ul>\n<li><span style=\"font-size: 14pt;\">HP se ha creado una reputaci\u00f3n de fiabilidad por realizar algunas de las pruebas m\u00e1s rigurosas y minuciosas del sector<\/span><\/li>\n<li><span style=\"font-size: 14pt;\">La calidad de ProLiant comienza en el dise\u00f1o y se optimiza durante la fabricaci\u00f3n<\/span><\/li>\n<li><span style=\"font-size: 14pt;\">Un incansable trabajo con pruebas de sistema y control de los procesos garantiza que s\u00f3lo los productos m\u00e1s fiables lleguen al cliente<\/span><\/li>\n<li><span style=\"font-size: 14pt;\">Red mundial de profesionales formados de servicio t\u00e9cnico HP<\/span><\/li>\n<\/ul>\n<h3><span style=\"font-size: 14pt;\"><b>F\u00e1cil de ampliar y crecer con necesidades empresariales cambiantes<\/b><\/span><\/h3>\n<ul>\n<li><span style=\"font-size: 14pt;\">Esta plataforma potente y al mismo tiempo sencilla proporciona todas las funciones propias de un servidor en un sistema de f\u00e1cil uso y asequible.<\/span><\/li>\n<li><span style=\"font-size: 14pt;\">Dos NIC, hasta ocho discos duros de formato peque\u00f1o, 10 puertos USB y cuatro ranuras PCIe 2.0 le brindanML110G7 una gran cantidad de espacio libre para aprovechar a medida que crece su empresa.<\/span><\/li>\n<li><span style=\"font-size: 14pt;\">El dise\u00f1o modular de ML110 G7 requiere una inversi\u00f3n inicial menor y permite la posibilidad de ampliaci\u00f3n en caso de ser necesario. Todos los principales componentes est\u00e1n dise\u00f1ados para poder retirarse o instalarse con un esfuerzo m\u00ednimo<\/span><\/li>\n<li><span style=\"font-size: 14pt;\">Las empresas con oficinas remotas o sucursales pueden aprovecharse de la gesti\u00f3n remota iLO3 integrada para reducir el tiempo de inactividad del servidor y de la empresa e incrementar la productividad<\/span><\/li>\n<li><span style=\"font-size: 14pt;\">Montaje en bastidor para ahorrar espacio<\/span><\/li>\n<\/ul>\n<h3><span style=\"font-size: 14pt;\"><b>Un aut\u00e9ntico servidor al precio de un PC de sobremesa<\/b><\/span><\/h3>\n<ul>\n<li><span style=\"font-size: 14pt;\">Incorpora caracter\u00edsticas para peque\u00f1as y medianas empresas, as\u00ed como para ubicaciones remotas<\/span><\/li>\n<li><span style=\"font-size: 14pt;\">La preocupaci\u00f3n por el dise\u00f1o proporciona un servidor flexible para la expansi\u00f3n de bajo coste<\/span><\/li>\n<li><span style=\"font-size: 14pt;\">El procesador y el rendimiento de memoria mejorados junto con el soporte para la fuente de alim. eficiente reducen los costes operativos generales<\/span><\/li>\n<li><span style=\"font-size: 14pt;\">Las unidades de gesti\u00f3n remota iLO3 reducen el coste de gesti\u00f3n de los servidores, reduciendo las visitas al mismo tiempo que se reduce la necesidad de m\u00faltiples soluciones de gesti\u00f3n remota<\/span><\/li>\n<\/ul>\n<h3><span style=\"font-size: 14pt;\"><b>Fiabilidad y protecci\u00f3n de datos ProLiant probadas<\/b><\/span><\/h3>\n<div>\n<ul>\n<li>\n<h3><span style=\"font-size: 14pt;\">La memoria ECC protege a las empresas de la p\u00e9rdida de datos y tiempo de inactividad del sistema no planificado<\/span><\/h3>\n<\/li>\n<li>\n<h3><span style=\"font-size: 14pt;\">Las opciones de Smart Array proporcionan la capacidad de duplicar y segmentar RAID para proteger datos determinantes<\/span><\/h3>\n<\/li>\n<li>\n<h3><span style=\"font-size: 14pt;\">La gesti\u00f3n remota de iLO3 reduce el tiempo de inactividad del servidor<\/span><\/h3>\n<\/li>\n<li>\n<h3><span style=\"font-size: 14pt;\">El m\u00f3dulo de plataforma de confianza proporciona una opci\u00f3n para una seguridad de datos avanzada con el cifrado y autenticaci\u00f3n basada en hardware<\/span><\/h3>\n<\/li>\n<li>\n<h3><span style=\"font-size: 14pt;\">PSU redundante para una mayor seguridad y productividad esencial de copia de seguridad<\/span><\/h3>\n<\/li>\n<\/ul>\n<\/div>\n<ul>\n<li>\n<h2><span style=\"color: #000000;\"><strong><span style=\"font-family: tahoma, arial, helvetica, sans-serif; font-size: 12pt;\">SERVIDOR DE 1 A 75 USUARIOS ESCALANDOLO A SU AXIMA CAPACIDAD\u00a0<\/span><\/strong><\/span><\/h2>\n<\/li>\n<li>\n<h2><span style=\"color: #000000;\"><strong><span style=\"font-family: tahoma, arial, helvetica, sans-serif; font-size: 12pt;\">Procesador : Intel\u00a9 Xeon\u00a9 4 CORES E3-1220 (3.10GHz\/4-core\/8MB\/80W, 1333, Turbo 1\/2\/3\/4) processor 8MB Intel\u00a9 Smart Cache\u00a0<\/span><\/strong><\/span><\/h2>\n<\/li>\n<li>\n<h2><span style=\"color: #000000;\"><strong><span style=\"font-family: tahoma, arial, helvetica, sans-serif; font-size: 12pt;\">MEMORY 2GB (1x2GB) PC3-10600E DDR3 UB ECC\u00a0<\/span><\/strong><\/span><\/h2>\n<\/li>\n<li>\n<h2><span style=\"color: #000000;\"><strong><span style=\"font-family: tahoma, arial, helvetica, sans-serif; font-size: 12pt;\">NOTE: Total 4 DIMM slots.\u00a0<\/span><\/strong><\/span><\/h2>\n<\/li>\n<li>\n<h2><span style=\"color: #000000;\"><strong><span style=\"font-family: tahoma, arial, helvetica, sans-serif; font-size: 12pt;\">HP NC112i 1-Port Ethernet Server Adapter (x2)\u00a0<\/span><\/strong><\/span><\/h2>\n<\/li>\n<li>\n<h2><span style=\"color: #000000;\"><strong><span style=\"font-family: tahoma, arial, helvetica, sans-serif; font-size: 12pt;\">HP Embedded Smart Array B110i SATA RAID Controller (RAID 0\/1\/10) (4 ports for HDD)\u00a0<\/span><\/strong><\/span><\/h2>\n<\/li>\n<li>\n<h2><span style=\"color: #000000;\"><strong><span style=\"font-family: tahoma, arial, helvetica, sans-serif; font-size: 12pt;\">1 x 500GB Non-hot-plug LFF SATA Up to 12.0TB (4 x 3.0TB) Non-hot plug LFF SATA (Maximum)\u00a0<\/span><\/strong><\/span><\/h2>\n<\/li>\n<li>\n<h2><span style=\"color: #000000;\"><strong><span style=\"font-family: tahoma, arial, helvetica, sans-serif; font-size: 12pt;\">HP Half-Height 16x SATA DVD-ROM\u00a0<\/span><\/strong><\/span><\/h2>\n<\/li>\n<li>\n<h2><span style=\"color: #000000;\"><strong><span style=\"font-family: tahoma, arial, helvetica, sans-serif; font-size: 12pt;\">350 Watts Non-Hot Plug<\/span><\/strong><\/span><\/h2>\n<\/li>\n<li>\n<h2><span style=\"color: #000000;\"><strong><span style=\"font-family: tahoma, arial, helvetica, sans-serif; font-size: 12pt;\">Non redundant Power Supply Fans One (1)\u00a0<\/span><\/strong><\/span><\/h2>\n<\/li>\n<li>\n<h2><span style=\"color: #000000;\"><strong><span style=\"font-family: tahoma, arial, helvetica, sans-serif; font-size: 12pt;\">Non-redundant system fan ships standard One (1)\u00a0<\/span><\/strong><\/span><\/h2>\n<\/li>\n<li>\n<h2><span style=\"color: #000000;\"><strong><span style=\"font-family: tahoma, arial, helvetica, sans-serif; font-size: 12pt;\">Non-redundant PCIe fan ships standard One (1)\u00a0<\/span><\/strong><\/span><\/h2>\n<\/li>\n<li>\n<h2><span style=\"color: #000000;\"><strong><span style=\"font-family: tahoma, arial, helvetica, sans-serif; font-size: 12pt;\">Non-redundant CPU heatsink fan ships standard\u00a0<\/span><\/strong><\/span><\/h2>\n<\/li>\n<li>\n<h2><span style=\"color: #000000;\"><strong><span style=\"font-family: tahoma, arial, helvetica, sans-serif; font-size: 12pt;\">HP Integrated Lights-Out Standard (iLO 3)\u00a0<\/span><\/strong><\/span><\/h2>\n<\/li>\n<li>\n<h2><span style=\"color: #000000;\"><strong><span style=\"font-family: tahoma, arial, helvetica, sans-serif; font-size: 12pt;\">Micro ATX Tower (4U)\u00a0<\/span><\/strong><\/span><\/h2>\n<\/li>\n<li>\n<h2><span style=\"color: #000000;\"><strong><span style=\"font-family: tahoma, arial, helvetica, sans-serif; font-size: 12pt;\">garantia 3 X 3 X 3 Anos INCLUIDA!!\u00a0<\/span><\/strong><\/span><\/h2>\n<\/li>\n<li>\n<h2><span style=\"color: #000000;\"><strong><span style=\"font-family: tahoma, arial, helvetica, sans-serif; font-size: 12pt;\">NUEVO SERVIDOR ML 110 G7!!\u00a0<\/span><\/strong><\/span><\/h2>\n<\/li>\n<li>\n<h2><span style=\"color: #000000;\"><strong><span style=\"font-family: tahoma, arial, helvetica, sans-serif; font-size: 12pt;\">RECARGADO!! NUEVO PROCESADOR!!!\u00a0<\/span><\/strong><\/span><\/h2>\n<\/li>\n<li>\n<h2><span style=\"color: #000000;\"><strong><span style=\"font-family: tahoma, arial, helvetica, sans-serif; font-size: 12pt;\">2 PUERTOS DE RED\u00a0<\/span><\/strong><\/span><\/h2>\n<\/li>\n<li>\n<h2><span style=\"color: #000000;\"><strong><span style=\"font-family: tahoma, arial, helvetica, sans-serif; font-size: 12pt;\">PUERTO ILO 3 INCLUIDO!!<\/span><\/strong><\/span><\/h2>\n<\/li>\n<\/ul>\n<p><span style=\"color: #000000;\"><strong><span style=\"font-family: tahoma, arial, helvetica, sans-serif; font-size: 12pt;\">\u00a0<\/span><\/strong><\/span><\/p>\n<h3 style=\"text-align: center;\"><span style=\"font-family: tahoma, arial, helvetica, sans-serif; font-size: 14pt;\"><a title=\"Tienda - Precio y Venta Servidores HP\" href=\"https:\/\/netcomp.co\/es\/132-servidores-hp-lenovo-dell-partes\" target=\"_blank\" rel=\"noopener noreferrer\"><strong>COMPRAR &#8211; DISPONEMOS DE UNA AMPLIA GAMA DE SERVIDORES HP PROLIANT PARA <\/strong><\/a><\/span><\/h3>\n<h3 style=\"text-align: center;\"><span style=\"font-family: tahoma, arial, helvetica, sans-serif; font-size: 14pt;\"><a title=\"Tienda - Precio y Venta Servidores HP\" href=\"https:\/\/netcomp.co\/es\/132-servidores-hp-lenovo-dell-partes\" target=\"_blank\" rel=\"noopener noreferrer\"><strong>VENTA \/ ARRENDAMIENTO \/ ALQUILER : <\/strong><\/a><\/span><\/h3>\n<h3 style=\"text-align: center;\"><a title=\"Tienda - Precio y Venta Servidores HP\" href=\"https:\/\/netcomp.co\/es\/132-servidores-hp-lenovo-dell-partes\" target=\"_blank\" rel=\"noopener noreferrer\"><span style=\"font-family: tahoma, arial, helvetica, sans-serif; font-size: 14pt;\"><strong>ML350 \/ ML150 \/ DL320 \/ DL360 \/ DL380 <\/strong><\/span><strong><span style=\"font-family: tahoma, arial, helvetica, sans-serif; font-size: 14pt;\">PARA COMPRAR CLICK AQUI!<\/span><\/strong><\/a><\/h3>\n<p>&nbsp;<\/p>\n<h2><strong><a href=\"https:\/\/api.whatsapp.com\/send?phone=573168788749\" target=\"_blank\" rel=\"noopener noreferrer\"><img loading=\"lazy\" decoding=\"async\" class=\"wp-image-20467 aligncenter\" src=\"http:\/\/cableado-estructurado.com.co\/netcomp\/wp-content\/uploads\/2018\/07\/whatsapp-logo-mensaje.jpg\" alt=\"\" width=\"290\" height=\"220\" \/><\/a><\/strong><\/h2>\n<h2><img loading=\"lazy\" decoding=\"async\" class=\"wp-image-21775 aligncenter\" src=\"https:\/\/servidor-hp.com.co\/netcomp\/wp-content\/uploads\/2019\/05\/boton-ventas-servidor.png\" alt=\"\" width=\"495\" height=\"153\" \/><\/h2>\n<p style=\"text-align: center;\"><span style=\"font-family: tahoma, arial, helvetica, sans-serif; font-size: 12pt;\">\u00a0<\/span><\/p>\n","protected":false},"excerpt":{"rendered":"<ul>\n<li>\n<div class=\"divProductListInfoDesc\">\n<div><span style=\"font-size: 14pt;\">Capacidad de disco duro: 250 GB<\/span><\/div>\n<\/div>\n<\/li>\n<li>\n<div class=\"divProductListInfoDesc\">\n<div><span style=\"font-size: 14pt;\">Modelo del procesador: E3-1220<\/span><\/div>\n<\/div>\n<\/li>\n<li>\n<div class=\"divProductListInfoDesc\">\n<div><span style=\"font-size: 14pt;\">Tipo de memoria interna: DDR3-SDRAM<\/span><\/div>\n<\/div>\n<\/li>\n<li>\n<div class=\"divProductListInfoDesc\">\n<div><span style=\"font-size: 14pt;\">N\u00famero de fuentes de alimentaci\u00f3n: 1<\/span><\/div>\n<\/div>\n<\/li>\n<li>\n<div class=\"divProductListInfoDesc\">\n<div><span style=\"font-size: 14pt;\">Controlador de m\u00faltiples discos: B110i<\/span><\/div>\n<\/div>\n<\/li>\n<\/ul>\n","protected":false},"featured_media":22496,"comment_status":"open","ping_status":"closed","template":"","meta":{"_et_pb_use_builder":"","_et_pb_old_content":"","_et_gb_content_width":""},"product_brand":[],"product_cat":[73,15,57],"product_tag":[363,144,354,366,356,329,352,321,20991,364,365],"class_list":{"0":"post-586","1":"product","2":"type-product","3":"status-publish","4":"has-post-thumbnail","6":"product_cat-servidores-hp-ibm-cisco","7":"product_cat-servidores-hp","8":"product_cat-servidores-hp-2","9":"product_tag-649255-205","10":"product_tag-colombia","11":"product_tag-cotizar-servidor-hp","12":"product_tag-ml110-g7-bogota","13":"product_tag-netcomp-co","14":"product_tag-precio-servidor-hp","15":"product_tag-proliant-hp","16":"product_tag-servidor-hp","17":"product_tag-servidor-hp-ml110-gen10","18":"product_tag-servidor-proliant-hp-ml110-g7","19":"product_tag-venta-hp-ml110-g7","21":"first","22":"instock","23":"shipping-taxable","24":"product-type-simple"},"yoast_head":"<!-- This site is optimized with the Yoast SEO plugin v27.5 - https:\/\/yoast.com\/product\/yoast-seo-wordpress\/ -->\n<title>SERVIDOR HP ML110 PROLIANT G7 - Servidores HP - Nuevos - Usados - Alquiler<\/title>\n<meta name=\"description\" content=\"SERVIDOR HP ML110 PROLIANT G7 - - Precio y Disponibilidad en Bogota - Colombia - servidor-hp.com.co\" \/>\n<meta name=\"robots\" content=\"index, follow, max-snippet:-1, max-image-preview:large, max-video-preview:-1\" \/>\n<link rel=\"canonical\" href=\"https:\/\/servidor-hp.com.co\/netcomp\/servidores\/servidores-hp\/servidores-hp-2\/649255-205-servidor-ml110-g7-hp\/\" \/>\n<meta property=\"og:locale\" content=\"es_ES\" \/>\n<meta property=\"og:type\" content=\"article\" \/>\n<meta property=\"og:title\" content=\"SERVIDOR HP ML110 PROLIANT G7 - Servidores HP - Nuevos - Usados - Alquiler\" \/>\n<meta property=\"og:description\" content=\"SERVIDOR HP ML110 PROLIANT G7 - - Precio y Disponibilidad en Bogota - Colombia - servidor-hp.com.co\" \/>\n<meta property=\"og:url\" content=\"https:\/\/servidor-hp.com.co\/netcomp\/servidores\/servidores-hp\/servidores-hp-2\/649255-205-servidor-ml110-g7-hp\/\" \/>\n<meta property=\"og:site_name\" content=\"Servidores HP - Nuevos - Usados - Alquiler\" \/>\n<meta property=\"article:modified_time\" content=\"2023-08-06T13:08:07+00:00\" \/>\n<meta property=\"og:image\" content=\"https:\/\/servidor-hp.com.co\/netcomp\/wp-content\/uploads\/2013\/04\/HP_626474-001.jpg\" \/>\n\t<meta property=\"og:image:width\" content=\"329\" \/>\n\t<meta property=\"og:image:height\" content=\"500\" \/>\n\t<meta property=\"og:image:type\" content=\"image\/jpeg\" \/>\n<meta name=\"twitter:card\" content=\"summary_large_image\" \/>\n<meta name=\"twitter:label1\" content=\"Tiempo de lectura\" \/>\n\t<meta name=\"twitter:data1\" content=\"3 minutos\" \/>\n<script type=\"application\/ld+json\" class=\"yoast-schema-graph\">{\"@context\":\"https:\\\/\\\/schema.org\",\"@graph\":[{\"@type\":\"WebPage\",\"@id\":\"https:\\\/\\\/servidor-hp.com.co\\\/netcomp\\\/servidores\\\/servidores-hp\\\/servidores-hp-2\\\/649255-205-servidor-ml110-g7-hp\\\/\",\"url\":\"https:\\\/\\\/servidor-hp.com.co\\\/netcomp\\\/servidores\\\/servidores-hp\\\/servidores-hp-2\\\/649255-205-servidor-ml110-g7-hp\\\/\",\"name\":\"SERVIDOR HP ML110 PROLIANT G7 - Servidores HP - Nuevos - Usados - Alquiler\",\"isPartOf\":{\"@id\":\"https:\\\/\\\/servidor-hp.com.co\\\/netcomp\\\/#website\"},\"primaryImageOfPage\":{\"@id\":\"https:\\\/\\\/servidor-hp.com.co\\\/netcomp\\\/servidores\\\/servidores-hp\\\/servidores-hp-2\\\/649255-205-servidor-ml110-g7-hp\\\/#primaryimage\"},\"image\":{\"@id\":\"https:\\\/\\\/servidor-hp.com.co\\\/netcomp\\\/servidores\\\/servidores-hp\\\/servidores-hp-2\\\/649255-205-servidor-ml110-g7-hp\\\/#primaryimage\"},\"thumbnailUrl\":\"https:\\\/\\\/servidor-hp.com.co\\\/netcomp\\\/wp-content\\\/uploads\\\/2013\\\/04\\\/HP_626474-001.jpg\",\"datePublished\":\"2013-04-03T04:33:18+00:00\",\"dateModified\":\"2023-08-06T13:08:07+00:00\",\"description\":\"SERVIDOR HP ML110 PROLIANT G7 - - Precio y Disponibilidad en Bogota - Colombia - servidor-hp.com.co\",\"breadcrumb\":{\"@id\":\"https:\\\/\\\/servidor-hp.com.co\\\/netcomp\\\/servidores\\\/servidores-hp\\\/servidores-hp-2\\\/649255-205-servidor-ml110-g7-hp\\\/#breadcrumb\"},\"inLanguage\":\"es\",\"potentialAction\":[{\"@type\":\"ReadAction\",\"target\":[\"https:\\\/\\\/servidor-hp.com.co\\\/netcomp\\\/servidores\\\/servidores-hp\\\/servidores-hp-2\\\/649255-205-servidor-ml110-g7-hp\\\/\"]}]},{\"@type\":\"ImageObject\",\"inLanguage\":\"es\",\"@id\":\"https:\\\/\\\/servidor-hp.com.co\\\/netcomp\\\/servidores\\\/servidores-hp\\\/servidores-hp-2\\\/649255-205-servidor-ml110-g7-hp\\\/#primaryimage\",\"url\":\"https:\\\/\\\/servidor-hp.com.co\\\/netcomp\\\/wp-content\\\/uploads\\\/2013\\\/04\\\/HP_626474-001.jpg\",\"contentUrl\":\"https:\\\/\\\/servidor-hp.com.co\\\/netcomp\\\/wp-content\\\/uploads\\\/2013\\\/04\\\/HP_626474-001.jpg\",\"width\":329,\"height\":500},{\"@type\":\"BreadcrumbList\",\"@id\":\"https:\\\/\\\/servidor-hp.com.co\\\/netcomp\\\/servidores\\\/servidores-hp\\\/servidores-hp-2\\\/649255-205-servidor-ml110-g7-hp\\\/#breadcrumb\",\"itemListElement\":[{\"@type\":\"ListItem\",\"position\":1,\"name\":\"Portada\",\"item\":\"https:\\\/\\\/servidor-hp.com.co\\\/netcomp\\\/\"},{\"@type\":\"ListItem\",\"position\":2,\"name\":\"Tienda\",\"item\":\"https:\\\/\\\/servidor-hp.com.co\\\/netcomp\\\/servidores\\\/\"},{\"@type\":\"ListItem\",\"position\":3,\"name\":\"SERVIDOR HP ML110 G7\"}]},{\"@type\":\"WebSite\",\"@id\":\"https:\\\/\\\/servidor-hp.com.co\\\/netcomp\\\/#website\",\"url\":\"https:\\\/\\\/servidor-hp.com.co\\\/netcomp\\\/\",\"name\":\"Servidores HP - Nuevos - Usados - Alquiler\",\"description\":\"Tels: (+57) 316 878 8749\",\"alternateName\":\"Servidores HP DELL LENOVO IBM\",\"potentialAction\":[{\"@type\":\"SearchAction\",\"target\":{\"@type\":\"EntryPoint\",\"urlTemplate\":\"https:\\\/\\\/servidor-hp.com.co\\\/netcomp\\\/?s={search_term_string}\"},\"query-input\":{\"@type\":\"PropertyValueSpecification\",\"valueRequired\":true,\"valueName\":\"search_term_string\"}}],\"inLanguage\":\"es\"}]}<\/script>\n<!-- \/ Yoast SEO plugin. -->","yoast_head_json":{"title":"SERVIDOR HP ML110 PROLIANT G7 - Servidores HP - Nuevos - Usados - Alquiler","description":"SERVIDOR HP ML110 PROLIANT G7 - - Precio y Disponibilidad en Bogota - Colombia - servidor-hp.com.co","robots":{"index":"index","follow":"follow","max-snippet":"max-snippet:-1","max-image-preview":"max-image-preview:large","max-video-preview":"max-video-preview:-1"},"canonical":"https:\/\/servidor-hp.com.co\/netcomp\/servidores\/servidores-hp\/servidores-hp-2\/649255-205-servidor-ml110-g7-hp\/","og_locale":"es_ES","og_type":"article","og_title":"SERVIDOR HP ML110 PROLIANT G7 - Servidores HP - Nuevos - Usados - Alquiler","og_description":"SERVIDOR HP ML110 PROLIANT G7 - - Precio y Disponibilidad en Bogota - Colombia - servidor-hp.com.co","og_url":"https:\/\/servidor-hp.com.co\/netcomp\/servidores\/servidores-hp\/servidores-hp-2\/649255-205-servidor-ml110-g7-hp\/","og_site_name":"Servidores HP - Nuevos - Usados - Alquiler","article_modified_time":"2023-08-06T13:08:07+00:00","og_image":[{"width":329,"height":500,"url":"https:\/\/servidor-hp.com.co\/netcomp\/wp-content\/uploads\/2013\/04\/HP_626474-001.jpg","type":"image\/jpeg"}],"twitter_card":"summary_large_image","twitter_misc":{"Tiempo de lectura":"3 minutos"},"schema":{"@context":"https:\/\/schema.org","@graph":[{"@type":"WebPage","@id":"https:\/\/servidor-hp.com.co\/netcomp\/servidores\/servidores-hp\/servidores-hp-2\/649255-205-servidor-ml110-g7-hp\/","url":"https:\/\/servidor-hp.com.co\/netcomp\/servidores\/servidores-hp\/servidores-hp-2\/649255-205-servidor-ml110-g7-hp\/","name":"SERVIDOR HP ML110 PROLIANT G7 - Servidores HP - Nuevos - Usados - Alquiler","isPartOf":{"@id":"https:\/\/servidor-hp.com.co\/netcomp\/#website"},"primaryImageOfPage":{"@id":"https:\/\/servidor-hp.com.co\/netcomp\/servidores\/servidores-hp\/servidores-hp-2\/649255-205-servidor-ml110-g7-hp\/#primaryimage"},"image":{"@id":"https:\/\/servidor-hp.com.co\/netcomp\/servidores\/servidores-hp\/servidores-hp-2\/649255-205-servidor-ml110-g7-hp\/#primaryimage"},"thumbnailUrl":"https:\/\/servidor-hp.com.co\/netcomp\/wp-content\/uploads\/2013\/04\/HP_626474-001.jpg","datePublished":"2013-04-03T04:33:18+00:00","dateModified":"2023-08-06T13:08:07+00:00","description":"SERVIDOR HP ML110 PROLIANT G7 - - Precio y Disponibilidad en Bogota - Colombia - servidor-hp.com.co","breadcrumb":{"@id":"https:\/\/servidor-hp.com.co\/netcomp\/servidores\/servidores-hp\/servidores-hp-2\/649255-205-servidor-ml110-g7-hp\/#breadcrumb"},"inLanguage":"es","potentialAction":[{"@type":"ReadAction","target":["https:\/\/servidor-hp.com.co\/netcomp\/servidores\/servidores-hp\/servidores-hp-2\/649255-205-servidor-ml110-g7-hp\/"]}]},{"@type":"ImageObject","inLanguage":"es","@id":"https:\/\/servidor-hp.com.co\/netcomp\/servidores\/servidores-hp\/servidores-hp-2\/649255-205-servidor-ml110-g7-hp\/#primaryimage","url":"https:\/\/servidor-hp.com.co\/netcomp\/wp-content\/uploads\/2013\/04\/HP_626474-001.jpg","contentUrl":"https:\/\/servidor-hp.com.co\/netcomp\/wp-content\/uploads\/2013\/04\/HP_626474-001.jpg","width":329,"height":500},{"@type":"BreadcrumbList","@id":"https:\/\/servidor-hp.com.co\/netcomp\/servidores\/servidores-hp\/servidores-hp-2\/649255-205-servidor-ml110-g7-hp\/#breadcrumb","itemListElement":[{"@type":"ListItem","position":1,"name":"Portada","item":"https:\/\/servidor-hp.com.co\/netcomp\/"},{"@type":"ListItem","position":2,"name":"Tienda","item":"https:\/\/servidor-hp.com.co\/netcomp\/servidores\/"},{"@type":"ListItem","position":3,"name":"SERVIDOR HP ML110 G7"}]},{"@type":"WebSite","@id":"https:\/\/servidor-hp.com.co\/netcomp\/#website","url":"https:\/\/servidor-hp.com.co\/netcomp\/","name":"Servidores HP - Nuevos - Usados - Alquiler","description":"Tels: (+57) 316 878 8749","alternateName":"Servidores HP DELL LENOVO IBM","potentialAction":[{"@type":"SearchAction","target":{"@type":"EntryPoint","urlTemplate":"https:\/\/servidor-hp.com.co\/netcomp\/?s={search_term_string}"},"query-input":{"@type":"PropertyValueSpecification","valueRequired":true,"valueName":"search_term_string"}}],"inLanguage":"es"}]}},"_links":{"self":[{"href":"https:\/\/servidor-hp.com.co\/netcomp\/wp-json\/wp\/v2\/product\/586","targetHints":{"allow":["GET"]}}],"collection":[{"href":"https:\/\/servidor-hp.com.co\/netcomp\/wp-json\/wp\/v2\/product"}],"about":[{"href":"https:\/\/servidor-hp.com.co\/netcomp\/wp-json\/wp\/v2\/types\/product"}],"replies":[{"embeddable":true,"href":"https:\/\/servidor-hp.com.co\/netcomp\/wp-json\/wp\/v2\/comments?post=586"}],"wp:featuredmedia":[{"embeddable":true,"href":"https:\/\/servidor-hp.com.co\/netcomp\/wp-json\/wp\/v2\/media\/22496"}],"wp:attachment":[{"href":"https:\/\/servidor-hp.com.co\/netcomp\/wp-json\/wp\/v2\/media?parent=586"}],"wp:term":[{"taxonomy":"product_brand","embeddable":true,"href":"https:\/\/servidor-hp.com.co\/netcomp\/wp-json\/wp\/v2\/product_brand?post=586"},{"taxonomy":"product_cat","embeddable":true,"href":"https:\/\/servidor-hp.com.co\/netcomp\/wp-json\/wp\/v2\/product_cat?post=586"},{"taxonomy":"product_tag","embeddable":true,"href":"https:\/\/servidor-hp.com.co\/netcomp\/wp-json\/wp\/v2\/product_tag?post=586"}],"curies":[{"name":"wp","href":"https:\/\/api.w.org\/{rel}","templated":true}]}}