{"id":537,"date":"2013-04-02T22:58:50","date_gmt":"2013-04-03T03:58:50","guid":{"rendered":"http:\/\/servidor-hp.com.co\/netcomp\/producto\/uc540w-fxo-k9-switch-enrutador-cisco-router-bogota-colombia\/"},"modified":"2020-09-14T14:20:42","modified_gmt":"2020-09-14T19:20:42","slug":"uc540w-fxo-k9-switch-enrutador-cisco-router-bogota-colombia","status":"publish","type":"product","link":"https:\/\/servidor-hp.com.co\/netcomp\/servidores\/inicio\/networking-hp-cisco\/cisco-wifi-firewall\/uc540w-fxo-k9-switch-enrutador-cisco-router-bogota-colombia\/","title":{"rendered":"UC540W-FXO-K9  &#8211;  24 licencias de usuario para UC y mensaj"},"content":{"rendered":"<h1>N-P: UC540W-FXO-K9 &#8211; 24 licencias de usuario para UC y mensajeria integrada, 4 puertos FXO, 3 p Se puede actualizar hasta un maximo de 32 usuarios<\/h1>\n<p>&nbsp;<\/p>\n<p>as Comunicaciones Unificadas de Cisco \u00ae 540 parte de las Comunicaciones Unificadas de Cisco Serie 500 para peque\u00f1as empresas, es una parte cr\u00edtica de la Cisco Smart Business Communications System. Se trata de un aparato asequible de comunicaciones unificadas que ofrece servicios de voz, datos, correo de voz, operadoras autom\u00e1ticas, video, seguridad, y capacidades inal\u00e1mbricas, mientras que la integraci\u00f3n con aplicaciones de escritorio existentes, tales como calendario, correo electr\u00f3nico y gesti\u00f3n de relaciones con clientes (CRM) programas. Este f\u00e1cil de administrar plataforma soporta hasta 32 tel\u00e9fonos y buzones de voz y ofrece opciones flexibles de implementaci\u00f3n basada en sus necesidades, incluyendo soporte para una amplia gama de tel\u00e9fonos IP, red telef\u00f3nica p\u00fablica conmutada (RTPC), interfaces y conectividad a Internet<\/p>\n<p>&nbsp;<\/p>\n<p>. Garantia :1 a\u00a4o<\/p>\n<h3><a href=\"https:\/\/api.whatsapp.com\/send?phone=573168788749\" target=\"_blank\" rel=\"noopener noreferrer\"><img loading=\"lazy\" decoding=\"async\" class=\"aligncenter wp-image-20467\" src=\"http:\/\/cableado-estructurado.com.co\/netcomp\/wp-content\/uploads\/2018\/07\/whatsapp-logo-mensaje.jpg\" alt=\"\" width=\"290\" height=\"220\" \/><\/a><\/h3>\n<p>&nbsp;<\/p>\n<p>&nbsp;<\/p>\n<p><a href=\"https:\/\/servidor-hp.com.co\/netcomp\/contactenos\/\" target=\"_blank\" rel=\"noopener noreferrer\"><img loading=\"lazy\" decoding=\"async\" class=\"size-full wp-image-21380 aligncenter\" src=\"https:\/\/servidor-hp.com.co\/netcomp\/wp-content\/uploads\/2020\/08\/boton-contacto-paginas-servidor-hp2-e1597797126132.jpg\" alt=\"\" width=\"555\" height=\"234\" \/><\/a><\/p>\n","protected":false},"excerpt":{"rendered":"<h2>N-P : UC540W-FXO-K9 &#8211; 24 licencias de usuario para U<\/h2>\n","protected":false},"featured_media":21553,"comment_status":"open","ping_status":"closed","template":"","meta":{"_et_pb_use_builder":"","_et_pb_old_content":"","_et_gb_content_width":""},"product_brand":[],"product_cat":[40,79],"product_tag":[91,175,179,180,144,177,93,182,96,178,181,281],"class_list":{"0":"post-537","1":"product","2":"type-product","3":"status-publish","4":"has-post-thumbnail","6":"product_cat-cisco-wifi-firewall","7":"product_cat-inicio","8":"product_tag-access-point","9":"product_tag-cisco-enrutador","10":"product_tag-cisco-small-business","11":"product_tag-cisco-wireless","12":"product_tag-colombia","13":"product_tag-enrutador-cisco","14":"product_tag-modulo-fibra","15":"product_tag-precio-switch-cisco","16":"product_tag-switch-bogota","17":"product_tag-switch-cisco","18":"product_tag-switches-cisco","19":"product_tag-uc540w-fxo-k9","21":"first","22":"instock","23":"shipping-taxable","24":"purchasable","25":"product-type-simple"},"yoast_head":"<!-- This site is optimized with the Yoast SEO plugin v27.2 - https:\/\/yoast.com\/product\/yoast-seo-wordpress\/ -->\n<title>UC540W-FXO-K9 - 24 licencias de usuario para UC y mensaj - Servidores HP - Nuevos - Usados - Alquiler<\/title>\n<meta name=\"description\" content=\"UC540W-FXO-K9 - 24 licencias de usuario para UC y mensaj - - Precio y Disponibilidad en Bogota - Colombia - servidor-hp.com.co\" \/>\n<meta name=\"robots\" content=\"index, follow, max-snippet:-1, max-image-preview:large, max-video-preview:-1\" \/>\n<link rel=\"canonical\" href=\"https:\/\/servidor-hp.com.co\/netcomp\/servidores\/inicio\/networking-hp-cisco\/cisco-wifi-firewall\/uc540w-fxo-k9-switch-enrutador-cisco-router-bogota-colombia\/\" \/>\n<meta property=\"og:locale\" content=\"es_ES\" \/>\n<meta property=\"og:type\" content=\"article\" \/>\n<meta property=\"og:title\" content=\"UC540W-FXO-K9 - 24 licencias de usuario para UC y mensaj - Servidores HP - Nuevos - Usados - Alquiler\" \/>\n<meta property=\"og:description\" content=\"UC540W-FXO-K9 - 24 licencias de usuario para UC y mensaj - - Precio y Disponibilidad en Bogota - Colombia - servidor-hp.com.co\" \/>\n<meta property=\"og:url\" content=\"https:\/\/servidor-hp.com.co\/netcomp\/servidores\/inicio\/networking-hp-cisco\/cisco-wifi-firewall\/uc540w-fxo-k9-switch-enrutador-cisco-router-bogota-colombia\/\" \/>\n<meta property=\"og:site_name\" content=\"Servidores HP - Nuevos - Usados - Alquiler\" \/>\n<meta property=\"article:modified_time\" content=\"2020-09-14T19:20:42+00:00\" \/>\n<meta property=\"og:image\" content=\"https:\/\/servidor-hp.com.co\/netcomp\/wp-content\/uploads\/2013\/04\/UC540W-FXO-K9-1.jpg\" \/>\n\t<meta property=\"og:image:width\" content=\"350\" \/>\n\t<meta property=\"og:image:height\" content=\"350\" \/>\n\t<meta property=\"og:image:type\" content=\"image\/jpeg\" \/>\n<meta name=\"twitter:card\" content=\"summary_large_image\" \/>\n<meta name=\"twitter:label1\" content=\"Tiempo de lectura\" \/>\n\t<meta name=\"twitter:data1\" content=\"1 minuto\" \/>\n<script type=\"application\/ld+json\" class=\"yoast-schema-graph\">{\"@context\":\"https:\/\/schema.org\",\"@graph\":[{\"@type\":\"WebPage\",\"@id\":\"https:\/\/servidor-hp.com.co\/netcomp\/servidores\/inicio\/networking-hp-cisco\/cisco-wifi-firewall\/uc540w-fxo-k9-switch-enrutador-cisco-router-bogota-colombia\/\",\"url\":\"https:\/\/servidor-hp.com.co\/netcomp\/servidores\/inicio\/networking-hp-cisco\/cisco-wifi-firewall\/uc540w-fxo-k9-switch-enrutador-cisco-router-bogota-colombia\/\",\"name\":\"UC540W-FXO-K9 - 24 licencias de usuario para UC y mensaj - Servidores HP - Nuevos - Usados - Alquiler\",\"isPartOf\":{\"@id\":\"https:\/\/servidor-hp.com.co\/netcomp\/#website\"},\"primaryImageOfPage\":{\"@id\":\"https:\/\/servidor-hp.com.co\/netcomp\/servidores\/inicio\/networking-hp-cisco\/cisco-wifi-firewall\/uc540w-fxo-k9-switch-enrutador-cisco-router-bogota-colombia\/#primaryimage\"},\"image\":{\"@id\":\"https:\/\/servidor-hp.com.co\/netcomp\/servidores\/inicio\/networking-hp-cisco\/cisco-wifi-firewall\/uc540w-fxo-k9-switch-enrutador-cisco-router-bogota-colombia\/#primaryimage\"},\"thumbnailUrl\":\"https:\/\/servidor-hp.com.co\/netcomp\/wp-content\/uploads\/2013\/04\/UC540W-FXO-K9-1.jpg\",\"datePublished\":\"2013-04-03T03:58:50+00:00\",\"dateModified\":\"2020-09-14T19:20:42+00:00\",\"description\":\"UC540W-FXO-K9 - 24 licencias de usuario para UC y mensaj - - Precio y Disponibilidad en Bogota - Colombia - servidor-hp.com.co\",\"breadcrumb\":{\"@id\":\"https:\/\/servidor-hp.com.co\/netcomp\/servidores\/inicio\/networking-hp-cisco\/cisco-wifi-firewall\/uc540w-fxo-k9-switch-enrutador-cisco-router-bogota-colombia\/#breadcrumb\"},\"inLanguage\":\"es\",\"potentialAction\":[{\"@type\":\"ReadAction\",\"target\":[\"https:\/\/servidor-hp.com.co\/netcomp\/servidores\/inicio\/networking-hp-cisco\/cisco-wifi-firewall\/uc540w-fxo-k9-switch-enrutador-cisco-router-bogota-colombia\/\"]}]},{\"@type\":\"ImageObject\",\"inLanguage\":\"es\",\"@id\":\"https:\/\/servidor-hp.com.co\/netcomp\/servidores\/inicio\/networking-hp-cisco\/cisco-wifi-firewall\/uc540w-fxo-k9-switch-enrutador-cisco-router-bogota-colombia\/#primaryimage\",\"url\":\"https:\/\/servidor-hp.com.co\/netcomp\/wp-content\/uploads\/2013\/04\/UC540W-FXO-K9-1.jpg\",\"contentUrl\":\"https:\/\/servidor-hp.com.co\/netcomp\/wp-content\/uploads\/2013\/04\/UC540W-FXO-K9-1.jpg\",\"width\":350,\"height\":350},{\"@type\":\"BreadcrumbList\",\"@id\":\"https:\/\/servidor-hp.com.co\/netcomp\/servidores\/inicio\/networking-hp-cisco\/cisco-wifi-firewall\/uc540w-fxo-k9-switch-enrutador-cisco-router-bogota-colombia\/#breadcrumb\",\"itemListElement\":[{\"@type\":\"ListItem\",\"position\":1,\"name\":\"Portada\",\"item\":\"https:\/\/servidor-hp.com.co\/netcomp\/\"},{\"@type\":\"ListItem\",\"position\":2,\"name\":\"Tienda\",\"item\":\"https:\/\/servidor-hp.com.co\/netcomp\/servidores\/\"},{\"@type\":\"ListItem\",\"position\":3,\"name\":\"UC540W-FXO-K9 &#8211; 24 licencias de usuario para UC y mensaj\"}]},{\"@type\":\"WebSite\",\"@id\":\"https:\/\/servidor-hp.com.co\/netcomp\/#website\",\"url\":\"https:\/\/servidor-hp.com.co\/netcomp\/\",\"name\":\"Servidores HP - Nuevos - Usados - Alquiler\",\"description\":\"Tels: (+57) 316 878 8749\",\"alternateName\":\"Servidores HP DELL LENOVO IBM\",\"potentialAction\":[{\"@type\":\"SearchAction\",\"target\":{\"@type\":\"EntryPoint\",\"urlTemplate\":\"https:\/\/servidor-hp.com.co\/netcomp\/?s={search_term_string}\"},\"query-input\":{\"@type\":\"PropertyValueSpecification\",\"valueRequired\":true,\"valueName\":\"search_term_string\"}}],\"inLanguage\":\"es\"}]}<\/script>\n<!-- \/ Yoast SEO plugin. -->","yoast_head_json":{"title":"UC540W-FXO-K9 - 24 licencias de usuario para UC y mensaj - Servidores HP - Nuevos - Usados - Alquiler","description":"UC540W-FXO-K9 - 24 licencias de usuario para UC y mensaj - - Precio y Disponibilidad en Bogota - Colombia - servidor-hp.com.co","robots":{"index":"index","follow":"follow","max-snippet":"max-snippet:-1","max-image-preview":"max-image-preview:large","max-video-preview":"max-video-preview:-1"},"canonical":"https:\/\/servidor-hp.com.co\/netcomp\/servidores\/inicio\/networking-hp-cisco\/cisco-wifi-firewall\/uc540w-fxo-k9-switch-enrutador-cisco-router-bogota-colombia\/","og_locale":"es_ES","og_type":"article","og_title":"UC540W-FXO-K9 - 24 licencias de usuario para UC y mensaj - Servidores HP - Nuevos - Usados - Alquiler","og_description":"UC540W-FXO-K9 - 24 licencias de usuario para UC y mensaj - - Precio y Disponibilidad en Bogota - Colombia - servidor-hp.com.co","og_url":"https:\/\/servidor-hp.com.co\/netcomp\/servidores\/inicio\/networking-hp-cisco\/cisco-wifi-firewall\/uc540w-fxo-k9-switch-enrutador-cisco-router-bogota-colombia\/","og_site_name":"Servidores HP - Nuevos - Usados - Alquiler","article_modified_time":"2020-09-14T19:20:42+00:00","og_image":[{"width":350,"height":350,"url":"https:\/\/servidor-hp.com.co\/netcomp\/wp-content\/uploads\/2013\/04\/UC540W-FXO-K9-1.jpg","type":"image\/jpeg"}],"twitter_card":"summary_large_image","twitter_misc":{"Tiempo de lectura":"1 minuto"},"schema":{"@context":"https:\/\/schema.org","@graph":[{"@type":"WebPage","@id":"https:\/\/servidor-hp.com.co\/netcomp\/servidores\/inicio\/networking-hp-cisco\/cisco-wifi-firewall\/uc540w-fxo-k9-switch-enrutador-cisco-router-bogota-colombia\/","url":"https:\/\/servidor-hp.com.co\/netcomp\/servidores\/inicio\/networking-hp-cisco\/cisco-wifi-firewall\/uc540w-fxo-k9-switch-enrutador-cisco-router-bogota-colombia\/","name":"UC540W-FXO-K9 - 24 licencias de usuario para UC y mensaj - Servidores HP - Nuevos - Usados - Alquiler","isPartOf":{"@id":"https:\/\/servidor-hp.com.co\/netcomp\/#website"},"primaryImageOfPage":{"@id":"https:\/\/servidor-hp.com.co\/netcomp\/servidores\/inicio\/networking-hp-cisco\/cisco-wifi-firewall\/uc540w-fxo-k9-switch-enrutador-cisco-router-bogota-colombia\/#primaryimage"},"image":{"@id":"https:\/\/servidor-hp.com.co\/netcomp\/servidores\/inicio\/networking-hp-cisco\/cisco-wifi-firewall\/uc540w-fxo-k9-switch-enrutador-cisco-router-bogota-colombia\/#primaryimage"},"thumbnailUrl":"https:\/\/servidor-hp.com.co\/netcomp\/wp-content\/uploads\/2013\/04\/UC540W-FXO-K9-1.jpg","datePublished":"2013-04-03T03:58:50+00:00","dateModified":"2020-09-14T19:20:42+00:00","description":"UC540W-FXO-K9 - 24 licencias de usuario para UC y mensaj - - Precio y Disponibilidad en Bogota - Colombia - servidor-hp.com.co","breadcrumb":{"@id":"https:\/\/servidor-hp.com.co\/netcomp\/servidores\/inicio\/networking-hp-cisco\/cisco-wifi-firewall\/uc540w-fxo-k9-switch-enrutador-cisco-router-bogota-colombia\/#breadcrumb"},"inLanguage":"es","potentialAction":[{"@type":"ReadAction","target":["https:\/\/servidor-hp.com.co\/netcomp\/servidores\/inicio\/networking-hp-cisco\/cisco-wifi-firewall\/uc540w-fxo-k9-switch-enrutador-cisco-router-bogota-colombia\/"]}]},{"@type":"ImageObject","inLanguage":"es","@id":"https:\/\/servidor-hp.com.co\/netcomp\/servidores\/inicio\/networking-hp-cisco\/cisco-wifi-firewall\/uc540w-fxo-k9-switch-enrutador-cisco-router-bogota-colombia\/#primaryimage","url":"https:\/\/servidor-hp.com.co\/netcomp\/wp-content\/uploads\/2013\/04\/UC540W-FXO-K9-1.jpg","contentUrl":"https:\/\/servidor-hp.com.co\/netcomp\/wp-content\/uploads\/2013\/04\/UC540W-FXO-K9-1.jpg","width":350,"height":350},{"@type":"BreadcrumbList","@id":"https:\/\/servidor-hp.com.co\/netcomp\/servidores\/inicio\/networking-hp-cisco\/cisco-wifi-firewall\/uc540w-fxo-k9-switch-enrutador-cisco-router-bogota-colombia\/#breadcrumb","itemListElement":[{"@type":"ListItem","position":1,"name":"Portada","item":"https:\/\/servidor-hp.com.co\/netcomp\/"},{"@type":"ListItem","position":2,"name":"Tienda","item":"https:\/\/servidor-hp.com.co\/netcomp\/servidores\/"},{"@type":"ListItem","position":3,"name":"UC540W-FXO-K9 &#8211; 24 licencias de usuario para UC y mensaj"}]},{"@type":"WebSite","@id":"https:\/\/servidor-hp.com.co\/netcomp\/#website","url":"https:\/\/servidor-hp.com.co\/netcomp\/","name":"Servidores HP - Nuevos - Usados - Alquiler","description":"Tels: (+57) 316 878 8749","alternateName":"Servidores HP DELL LENOVO IBM","potentialAction":[{"@type":"SearchAction","target":{"@type":"EntryPoint","urlTemplate":"https:\/\/servidor-hp.com.co\/netcomp\/?s={search_term_string}"},"query-input":{"@type":"PropertyValueSpecification","valueRequired":true,"valueName":"search_term_string"}}],"inLanguage":"es"}]}},"_links":{"self":[{"href":"https:\/\/servidor-hp.com.co\/netcomp\/wp-json\/wp\/v2\/product\/537","targetHints":{"allow":["GET"]}}],"collection":[{"href":"https:\/\/servidor-hp.com.co\/netcomp\/wp-json\/wp\/v2\/product"}],"about":[{"href":"https:\/\/servidor-hp.com.co\/netcomp\/wp-json\/wp\/v2\/types\/product"}],"replies":[{"embeddable":true,"href":"https:\/\/servidor-hp.com.co\/netcomp\/wp-json\/wp\/v2\/comments?post=537"}],"wp:featuredmedia":[{"embeddable":true,"href":"https:\/\/servidor-hp.com.co\/netcomp\/wp-json\/wp\/v2\/media\/21553"}],"wp:attachment":[{"href":"https:\/\/servidor-hp.com.co\/netcomp\/wp-json\/wp\/v2\/media?parent=537"}],"wp:term":[{"taxonomy":"product_brand","embeddable":true,"href":"https:\/\/servidor-hp.com.co\/netcomp\/wp-json\/wp\/v2\/product_brand?post=537"},{"taxonomy":"product_cat","embeddable":true,"href":"https:\/\/servidor-hp.com.co\/netcomp\/wp-json\/wp\/v2\/product_cat?post=537"},{"taxonomy":"product_tag","embeddable":true,"href":"https:\/\/servidor-hp.com.co\/netcomp\/wp-json\/wp\/v2\/product_tag?post=537"}],"curies":[{"name":"wp","href":"https:\/\/api.w.org\/{rel}","templated":true}]}}