{"id":438,"date":"2013-03-18T23:58:38","date_gmt":"2013-03-19T04:58:38","guid":{"rendered":"http:\/\/servidor-hp.com.co\/netcomp\/producto\/switch-enrutador-j9020a-hp-procurve-fibra-colombia\/"},"modified":"2021-11-01T22:49:25","modified_gmt":"2021-11-02T03:49:25","slug":"switch-enrutador-j9020a-hp-procurve-fibra-colombia","status":"publish","type":"product","link":"https:\/\/servidor-hp.com.co\/netcomp\/servidores\/inicio\/networking-hp-cisco\/switch-hp-enrutador-hp\/switch-enrutador-j9020a-hp-procurve-fibra-colombia\/","title":{"rendered":"J9020A  &#8211;  HP NETWORKING ProCurve Switch 2510-48 &#8211;"},"content":{"rendered":"<p>\u00a0<\/p>\n<h2 class=\"group_head\">Especificaciones<\/h2>\n<dl>\n<dt>Puertos<\/dt>\n<dd>\n<ul class=\"nobullet\">\n<li>48 puertos RJ-45 10\/100 de detecci\u00f3n autom\u00e1tica (IEEE 802.3 tipo 10BASE-T, IEEE 802.3u tipo 10BASE-TX), tipo de soporte: MDIX autom\u00e1tico, d\u00faplex: semi o completo<\/li>\n<li>2 puertos RJ-45 de detecci\u00f3n autom\u00e1tica 10\/100\/1000 (IEEE 802.3 tipo 10BASE-T, IEEE 802.3u tipo 100BASE-TX, IEEE 802.3ab tipo 1000BASE-T), tipo de soporte: MDIX autom\u00e1tico, d\u00faplex: 10BASE-T\/100BASE-TX: semi o completo<\/li>\n<li>1000BASE-T: solo completo<\/li>\n<li>2 ranuras abiertas mini-GBIC (SFP)<\/li>\n<li>1 puerto para consola serie RJ-45<\/li>\n<\/ul>\n<\/dd>\n<\/dl>\n<dl>\n<dt>Memoria y procesador<\/dt>\n<dd>Procesador: MIPS 32 a 300 MHz, 16 MB de memoria Flash, tama\u00f1o de b\u00fafer de paquetes: 512 KB, 128 MB de SDRAM<\/dd>\n<\/dl>\n<dl>\n<dt>Latencia<\/dt>\n<dd>\n<ul class=\"nobullet\">\n<li>Latencia de 100 Mb: &lt; 4,9 \u00b5s (paquetes de 64 bytes)<\/li>\n<li>Latencia de 1000 Mb: &lt; 2,9 \u00b5s (paquetes de 64 bytes)<\/li>\n<\/ul>\n<\/dd>\n<\/dl>\n<dl>\n<dt>Velocidad<\/dt>\n<dd>hasta 13 millones pps (paquetes de 64 bytes)<\/dd>\n<\/dl>\n<dl>\n<dt>Capacidad de conmutaci\u00f3n<\/dt>\n<dd>17,6 Gbps<\/dd>\n<\/dl>\n<dl>\n<dt>Funciones de gesti\u00f3n<\/dt>\n<dd>\n<ul class=\"nobullet\">\n<li>HP PCM+<\/li>\n<li>HP PCM<\/li>\n<li>interfaz de l\u00ednea de comandos<\/li>\n<li>Navegador Web<\/li>\n<li>administraci\u00f3n fuera de banda<\/li>\n<\/ul>\n<\/dd>\n<\/dl>\n<h2 class=\"group_head\">Requisitos de energ\u00eda y operaci\u00f3n<\/h2>\n<dl>\n<dt>Consumo energ\u00e9tico<\/dt>\n<dd>27 W (m\u00e1ximo)<\/dd>\n<\/dl>\n<dl>\n<dt>Voltaje de entrada<\/dt>\n<dd>100-127\/200-240 VCA<\/dd>\n<\/dl>\n<dl>\n<dt>Margen de temperaturas operativas<\/dt>\n<dd>De 0 a 45\u00b0C<\/dd>\n<\/dl>\n<dl>\n<dt>Intervalo de humedad en funcionamiento<\/dt>\n<dd>de 15 a 95% a 40,00?, (sin condensaci\u00f3n)<\/dd>\n<\/dl>\n<dl>\n<dt>Disipaci\u00f3n del calor<\/dt>\n<dd>23,1 Kcal\/h (97 kJ\/h)<\/dd>\n<\/dl>\n<h2 class=\"group_head\">Dimensiones y peso<\/h2>\n<dl>\n<dt>Dimensiones m\u00ednimas (P x A x L)<\/dt>\n<dd>23,62 x 44,25 x 4,39 cm<\/dd>\n<\/dl>\n<dl>\n<dt>Peso<\/dt>\n<dd>2,74 kg<br \/><span>(Totalmente cargado)<\/span><\/dd>\n<dd><span><br \/><\/span><\/dd>\n<\/dl>\n<p><span style=\"font-family: tahoma,arial,helvetica,sans-serif; font-size: 12pt;\">N\/P: J9020A<\/span><\/p>\n<p><span style=\"font-family: tahoma, arial, helvetica, sans-serif; font-size: 12pt;\"><br \/><\/span><\/p>\n<ul>\n<li><span style=\"font-family: tahoma, arial, helvetica, sans-serif; font-size: 12pt;\">HP NETWORKING ProCurve Switch 2510-48 &#8211;\u00a0<\/span><\/li>\n<li><span style=\"font-family: tahoma, arial, helvetica, sans-serif; font-size: 12pt;\">Switch &#8211; 48 Puertos 10\/100 + 2 Puertos 10\/100\/1000 y 2 Puertos SFP Layer 2\u00a0<\/span><\/li>\n<li><span style=\"font-family: tahoma, arial, helvetica, sans-serif; font-size: 12pt;\">Garantia de por vida<\/span><\/li>\n<li><span style=\"font-family: tahoma, arial, helvetica, sans-serif; font-size: 12pt;\">Montable en Rack de telecomunicaciones<\/span><\/li>\n<\/ul>\n<p>\u00a0<\/p>\n<p style=\"text-align: center;\"><span style=\"color: #333399;\"><strong><a href=\"http:\/\/netcomp.co\/es\/contactenos\" target=\"_blank\" rel=\"noopener\"><span style=\"font-family: tahoma, arial, helvetica, sans-serif; font-size: 12pt; color: #333399;\">Para Precio por Volumen y Disponibilidad Llamenos en Bogota a los Telefonos : (571) 317 9422 &#8211; 23, o Envienos un Email a : Ventas@netcomp.com.co<\/span><\/a><\/strong><\/span><\/p>\n","protected":false},"excerpt":{"rendered":"<p><span style=\"font-family: tahoma,arial,helvetica,sans-serif; font-size: 10pt;\">N\/P : J9020A &#8211; HP NETWORKING ProCurve Switch<\/span><\/p>\n","protected":false},"featured_media":0,"comment_status":"open","ping_status":"closed","template":"","meta":{"_et_pb_use_builder":"","_et_pb_old_content":"","_et_gb_content_width":""},"product_brand":[],"product_cat":[79,60],"product_tag":[91,88,97,86,90,158,93,95,96,89,94,92],"class_list":{"0":"post-438","1":"product","2":"type-product","3":"status-publish","5":"product_cat-inicio","6":"product_cat-switch-hp-enrutador-hp","7":"product_tag-access-point","8":"product_tag-enrutador-hp","9":"product_tag-enrutador-hp-colombia","10":"product_tag-hp-networking","11":"product_tag-hp-procurve","12":"product_tag-j9020a","13":"product_tag-modulo-fibra","14":"product_tag-precio-switch-hp","15":"product_tag-switch-bogota","16":"product_tag-switch-hp","17":"product_tag-switches-hp","18":"product_tag-utm","20":"first","21":"instock","22":"shipping-taxable","23":"purchasable","24":"product-type-simple"},"yoast_head":"<!-- This site is optimized with the Yoast SEO plugin v27.2 - https:\/\/yoast.com\/product\/yoast-seo-wordpress\/ -->\n<title>J9020A - HP NETWORKING ProCurve Switch 2510-48 - Servidores HP - Nuevos - Usados - Alquiler<\/title>\n<meta name=\"description\" content=\"J9020A - HP NETWORKING ProCurve Switch 2510-48 - - - Precio y Disponibilidad en Bogota - Colombia - servidor-hp.com.co\" \/>\n<meta name=\"robots\" content=\"index, follow, max-snippet:-1, max-image-preview:large, max-video-preview:-1\" \/>\n<link rel=\"canonical\" href=\"https:\/\/servidor-hp.com.co\/netcomp\/servidores\/inicio\/networking-hp-cisco\/switch-hp-enrutador-hp\/switch-enrutador-j9020a-hp-procurve-fibra-colombia\/\" \/>\n<meta property=\"og:locale\" content=\"es_ES\" \/>\n<meta property=\"og:type\" content=\"article\" \/>\n<meta property=\"og:title\" content=\"J9020A - HP NETWORKING ProCurve Switch 2510-48 - Servidores HP - Nuevos - Usados - Alquiler\" \/>\n<meta property=\"og:description\" content=\"J9020A - HP NETWORKING ProCurve Switch 2510-48 - - - Precio y Disponibilidad en Bogota - Colombia - servidor-hp.com.co\" \/>\n<meta property=\"og:url\" content=\"https:\/\/servidor-hp.com.co\/netcomp\/servidores\/inicio\/networking-hp-cisco\/switch-hp-enrutador-hp\/switch-enrutador-j9020a-hp-procurve-fibra-colombia\/\" \/>\n<meta property=\"og:site_name\" content=\"Servidores HP - Nuevos - Usados - Alquiler\" \/>\n<meta property=\"article:modified_time\" content=\"2021-11-02T03:49:25+00:00\" \/>\n<meta property=\"og:image\" content=\"https:\/\/servidor-hp.com.co\/netcomp\/wp-content\/uploads\/2018\/11\/cropped-LOGO-SOLUCION-TECNOLOGICAS-MCC.jpg\" \/>\n\t<meta property=\"og:image:width\" content=\"210\" \/>\n\t<meta property=\"og:image:height\" content=\"53\" \/>\n\t<meta property=\"og:image:type\" content=\"image\/jpeg\" \/>\n<meta name=\"twitter:card\" content=\"summary_large_image\" \/>\n<meta name=\"twitter:label1\" content=\"Tiempo de lectura\" \/>\n\t<meta name=\"twitter:data1\" content=\"1 minuto\" \/>\n<script type=\"application\/ld+json\" class=\"yoast-schema-graph\">{\"@context\":\"https:\/\/schema.org\",\"@graph\":[{\"@type\":\"WebPage\",\"@id\":\"https:\/\/servidor-hp.com.co\/netcomp\/servidores\/inicio\/networking-hp-cisco\/switch-hp-enrutador-hp\/switch-enrutador-j9020a-hp-procurve-fibra-colombia\/\",\"url\":\"https:\/\/servidor-hp.com.co\/netcomp\/servidores\/inicio\/networking-hp-cisco\/switch-hp-enrutador-hp\/switch-enrutador-j9020a-hp-procurve-fibra-colombia\/\",\"name\":\"J9020A - HP NETWORKING ProCurve Switch 2510-48 - Servidores HP - Nuevos - Usados - Alquiler\",\"isPartOf\":{\"@id\":\"https:\/\/servidor-hp.com.co\/netcomp\/#website\"},\"datePublished\":\"2013-03-19T04:58:38+00:00\",\"dateModified\":\"2021-11-02T03:49:25+00:00\",\"description\":\"J9020A - HP NETWORKING ProCurve Switch 2510-48 - - - Precio y Disponibilidad en Bogota - Colombia - servidor-hp.com.co\",\"breadcrumb\":{\"@id\":\"https:\/\/servidor-hp.com.co\/netcomp\/servidores\/inicio\/networking-hp-cisco\/switch-hp-enrutador-hp\/switch-enrutador-j9020a-hp-procurve-fibra-colombia\/#breadcrumb\"},\"inLanguage\":\"es\",\"potentialAction\":[{\"@type\":\"ReadAction\",\"target\":[\"https:\/\/servidor-hp.com.co\/netcomp\/servidores\/inicio\/networking-hp-cisco\/switch-hp-enrutador-hp\/switch-enrutador-j9020a-hp-procurve-fibra-colombia\/\"]}]},{\"@type\":\"BreadcrumbList\",\"@id\":\"https:\/\/servidor-hp.com.co\/netcomp\/servidores\/inicio\/networking-hp-cisco\/switch-hp-enrutador-hp\/switch-enrutador-j9020a-hp-procurve-fibra-colombia\/#breadcrumb\",\"itemListElement\":[{\"@type\":\"ListItem\",\"position\":1,\"name\":\"Portada\",\"item\":\"https:\/\/servidor-hp.com.co\/netcomp\/\"},{\"@type\":\"ListItem\",\"position\":2,\"name\":\"Tienda\",\"item\":\"https:\/\/servidor-hp.com.co\/netcomp\/servidores\/\"},{\"@type\":\"ListItem\",\"position\":3,\"name\":\"J9020A &#8211; HP NETWORKING ProCurve Switch 2510-48 &#8211;\"}]},{\"@type\":\"WebSite\",\"@id\":\"https:\/\/servidor-hp.com.co\/netcomp\/#website\",\"url\":\"https:\/\/servidor-hp.com.co\/netcomp\/\",\"name\":\"Servidores HP - Nuevos - Usados - Alquiler\",\"description\":\"Tels: (+57) 316 878 8749\",\"alternateName\":\"Servidores HP DELL LENOVO IBM\",\"potentialAction\":[{\"@type\":\"SearchAction\",\"target\":{\"@type\":\"EntryPoint\",\"urlTemplate\":\"https:\/\/servidor-hp.com.co\/netcomp\/?s={search_term_string}\"},\"query-input\":{\"@type\":\"PropertyValueSpecification\",\"valueRequired\":true,\"valueName\":\"search_term_string\"}}],\"inLanguage\":\"es\"}]}<\/script>\n<!-- \/ Yoast SEO plugin. -->","yoast_head_json":{"title":"J9020A - HP NETWORKING ProCurve Switch 2510-48 - Servidores HP - Nuevos - Usados - Alquiler","description":"J9020A - HP NETWORKING ProCurve Switch 2510-48 - - - Precio y Disponibilidad en Bogota - Colombia - servidor-hp.com.co","robots":{"index":"index","follow":"follow","max-snippet":"max-snippet:-1","max-image-preview":"max-image-preview:large","max-video-preview":"max-video-preview:-1"},"canonical":"https:\/\/servidor-hp.com.co\/netcomp\/servidores\/inicio\/networking-hp-cisco\/switch-hp-enrutador-hp\/switch-enrutador-j9020a-hp-procurve-fibra-colombia\/","og_locale":"es_ES","og_type":"article","og_title":"J9020A - HP NETWORKING ProCurve Switch 2510-48 - Servidores HP - Nuevos - Usados - Alquiler","og_description":"J9020A - HP NETWORKING ProCurve Switch 2510-48 - - - Precio y Disponibilidad en Bogota - Colombia - servidor-hp.com.co","og_url":"https:\/\/servidor-hp.com.co\/netcomp\/servidores\/inicio\/networking-hp-cisco\/switch-hp-enrutador-hp\/switch-enrutador-j9020a-hp-procurve-fibra-colombia\/","og_site_name":"Servidores HP - Nuevos - Usados - Alquiler","article_modified_time":"2021-11-02T03:49:25+00:00","og_image":[{"width":210,"height":53,"url":"https:\/\/servidor-hp.com.co\/netcomp\/wp-content\/uploads\/2018\/11\/cropped-LOGO-SOLUCION-TECNOLOGICAS-MCC.jpg","type":"image\/jpeg"}],"twitter_card":"summary_large_image","twitter_misc":{"Tiempo de lectura":"1 minuto"},"schema":{"@context":"https:\/\/schema.org","@graph":[{"@type":"WebPage","@id":"https:\/\/servidor-hp.com.co\/netcomp\/servidores\/inicio\/networking-hp-cisco\/switch-hp-enrutador-hp\/switch-enrutador-j9020a-hp-procurve-fibra-colombia\/","url":"https:\/\/servidor-hp.com.co\/netcomp\/servidores\/inicio\/networking-hp-cisco\/switch-hp-enrutador-hp\/switch-enrutador-j9020a-hp-procurve-fibra-colombia\/","name":"J9020A - HP NETWORKING ProCurve Switch 2510-48 - Servidores HP - Nuevos - Usados - Alquiler","isPartOf":{"@id":"https:\/\/servidor-hp.com.co\/netcomp\/#website"},"datePublished":"2013-03-19T04:58:38+00:00","dateModified":"2021-11-02T03:49:25+00:00","description":"J9020A - HP NETWORKING ProCurve Switch 2510-48 - - - Precio y Disponibilidad en Bogota - Colombia - servidor-hp.com.co","breadcrumb":{"@id":"https:\/\/servidor-hp.com.co\/netcomp\/servidores\/inicio\/networking-hp-cisco\/switch-hp-enrutador-hp\/switch-enrutador-j9020a-hp-procurve-fibra-colombia\/#breadcrumb"},"inLanguage":"es","potentialAction":[{"@type":"ReadAction","target":["https:\/\/servidor-hp.com.co\/netcomp\/servidores\/inicio\/networking-hp-cisco\/switch-hp-enrutador-hp\/switch-enrutador-j9020a-hp-procurve-fibra-colombia\/"]}]},{"@type":"BreadcrumbList","@id":"https:\/\/servidor-hp.com.co\/netcomp\/servidores\/inicio\/networking-hp-cisco\/switch-hp-enrutador-hp\/switch-enrutador-j9020a-hp-procurve-fibra-colombia\/#breadcrumb","itemListElement":[{"@type":"ListItem","position":1,"name":"Portada","item":"https:\/\/servidor-hp.com.co\/netcomp\/"},{"@type":"ListItem","position":2,"name":"Tienda","item":"https:\/\/servidor-hp.com.co\/netcomp\/servidores\/"},{"@type":"ListItem","position":3,"name":"J9020A &#8211; HP NETWORKING ProCurve Switch 2510-48 &#8211;"}]},{"@type":"WebSite","@id":"https:\/\/servidor-hp.com.co\/netcomp\/#website","url":"https:\/\/servidor-hp.com.co\/netcomp\/","name":"Servidores HP - Nuevos - Usados - Alquiler","description":"Tels: (+57) 316 878 8749","alternateName":"Servidores HP DELL LENOVO IBM","potentialAction":[{"@type":"SearchAction","target":{"@type":"EntryPoint","urlTemplate":"https:\/\/servidor-hp.com.co\/netcomp\/?s={search_term_string}"},"query-input":{"@type":"PropertyValueSpecification","valueRequired":true,"valueName":"search_term_string"}}],"inLanguage":"es"}]}},"_links":{"self":[{"href":"https:\/\/servidor-hp.com.co\/netcomp\/wp-json\/wp\/v2\/product\/438","targetHints":{"allow":["GET"]}}],"collection":[{"href":"https:\/\/servidor-hp.com.co\/netcomp\/wp-json\/wp\/v2\/product"}],"about":[{"href":"https:\/\/servidor-hp.com.co\/netcomp\/wp-json\/wp\/v2\/types\/product"}],"replies":[{"embeddable":true,"href":"https:\/\/servidor-hp.com.co\/netcomp\/wp-json\/wp\/v2\/comments?post=438"}],"wp:attachment":[{"href":"https:\/\/servidor-hp.com.co\/netcomp\/wp-json\/wp\/v2\/media?parent=438"}],"wp:term":[{"taxonomy":"product_brand","embeddable":true,"href":"https:\/\/servidor-hp.com.co\/netcomp\/wp-json\/wp\/v2\/product_brand?post=438"},{"taxonomy":"product_cat","embeddable":true,"href":"https:\/\/servidor-hp.com.co\/netcomp\/wp-json\/wp\/v2\/product_cat?post=438"},{"taxonomy":"product_tag","embeddable":true,"href":"https:\/\/servidor-hp.com.co\/netcomp\/wp-json\/wp\/v2\/product_tag?post=438"}],"curies":[{"name":"wp","href":"https:\/\/api.w.org\/{rel}","templated":true}]}}