{"id":437,"date":"2013-03-18T23:58:38","date_gmt":"2013-03-19T04:58:38","guid":{"rendered":"http:\/\/servidor-hp.com.co\/netcomp\/producto\/switch-enrutador-jd994a-hp-procurve-fibra-colombia\/"},"modified":"2021-07-18T00:40:26","modified_gmt":"2021-07-18T05:40:26","slug":"switch-enrutador-jd994a-hp-procurve-fibra-colombia","status":"publish","type":"product","link":"https:\/\/servidor-hp.com.co\/netcomp\/servidores\/inicio\/networking-hp-cisco\/switch-hp-enrutador-hp\/switch-enrutador-jd994a-hp-procurve-fibra-colombia\/","title":{"rendered":"JD994A  &#8211;  HP NETWORKING V1905-48 Switch 48 Puertos"},"content":{"rendered":"<p>\u00a0<\/p>\n<div class=\"width100pct\">\n<div class=\"modelContainer smallText\">\n<table class=\"margTop10\" border=\"0\" cellspacing=\"0\" cellpadding=\"0\">\n<tbody>\n<tr>\n<td class=\"headerTitleCell\" valign=\"top\">\u00a0<\/td>\n<td class=\"headerCell\" valign=\"top\">HP 1905-24 Switch (JD990A)<\/td>\n<td class=\"headerCell\" valign=\"top\"><span style=\"color: #ff0000;\">HP 1905-48 Switch (JD994A)<\/span><\/td>\n<td class=\"headerCell\" valign=\"top\">Conmutador HP 1905-1924-PoE (JD992A)<\/td>\n<\/tr>\n<tr>\n<td class=\"titleRow\" colspan=\"4\" valign=\"top\">Puertos<\/td>\n<\/tr>\n<tr class=\"grayRow\">\n<td class=\"subTitleCell\" valign=\"top\">\u00a0<\/td>\n<td class=\"contentCell\" valign=\"top\">24 RJ-45 con detecci\u00f3n autom\u00e1tica de 10\/100 puertos (IEEE 802.3 tipo 10Base-T, IEEE 802.3u tipo 100Base-TX) <\/p>\n<p class=\"smaller\">Tipo de medios: Auto-MDIX<\/p>\n<p class=\"smaller\">Duplex: semi o completo<\/p>\n<p class=\"smaller\">2 RJ-45 10\/100\/1000 puertos de doble personalidad (IEEE 802.3 tipo 10Base-T, IEEE 802.3u tipo 100Base-TX, IEEE 802.3ab 1000BASE Tipo-T)<\/p>\n<p class=\"smaller\">1 RJ-45 puerto de consola serie<\/p>\n<\/td>\n<td class=\"contentCell\" valign=\"top\"><span style=\"color: #ff0000;\">48 RJ-45 con detecci\u00f3n autom\u00e1tica de 10\/100 puertos (IEEE 802.3 tipo 10Base-T, IEEE 802.3u tipo 100Base-TX)<\/span> <\/p>\n<p class=\"smaller\"><span style=\"color: #ff0000;\">Tipo de medios: Auto-MDIX<\/span><\/p>\n<p class=\"smaller\"><span style=\"color: #ff0000;\">Duplex: semi o completo<\/span><\/p>\n<p class=\"smaller\"><span style=\"color: #ff0000;\">2 RJ-45 10\/100\/1000 puertos de doble personalidad (IEEE 802.3 tipo 10Base-T, IEEE 802.3u tipo 100Base-TX, IEEE 802.3ab 1000BASE Tipo-T)<\/span><\/p>\n<p class=\"smaller\"><span style=\"color: #ff0000;\">1 RJ-45 puerto de consola serie<\/span><\/p>\n<\/td>\n<td class=\"contentCell\" valign=\"top\">24 RJ-45 con detecci\u00f3n autom\u00e1tica de 10\/100 puertos PoE (IEEE 802.3 tipo 10Base-T, IEEE 802.3u tipo 100Base-TX, IEEE 802.3af PoE) <\/p>\n<p class=\"smaller\">Tipo de medios: Auto-MDIX<\/p>\n<p class=\"smaller\">Duplex: semi o completo<\/p>\n<p class=\"smaller\">2 RJ-45 10\/100\/1000 puertos de doble personalidad (IEEE 802.3 tipo 10Base-T, IEEE 802.3u tipo 100Base-TX, IEEE 802.3ab 1000BASE Tipo-T)<\/p>\n<p class=\"smaller\">1 RJ-45 puerto de consola serie<\/p>\n<\/td>\n<\/tr>\n<tr>\n<td class=\"titleRow\" colspan=\"4\" valign=\"top\">Las caracter\u00edsticas f\u00edsicas<\/td>\n<\/tr>\n<tr>\n<td class=\"subTitleCell\" valign=\"top\">\u00a0<\/td>\n<td class=\"contentCell\" valign=\"top\">17.4 (w) x 9.4 (d) x 1.7 (h) in (44,2 x 23,88 x 4,32 cm) (altura 1U)<\/td>\n<td class=\"contentCell\" valign=\"top\"><span style=\"color: #ff0000;\">17.4 (w) x 9.4 (d) x 1.7 (h) in (44,2 x 23,88 x 4,32 cm) (altura 1U)<\/span><\/td>\n<td class=\"contentCell\" valign=\"top\">17.4 (w) x 9.4 (d) x 1.7 (h) in (44,2 x 23,88 x 4,32 cm) (altura 1U)<\/td>\n<\/tr>\n<tr class=\"grayRow\">\n<td class=\"subTitleCell\" valign=\"top\">Peso<\/td>\n<td class=\"contentCell\" valign=\"top\">6,8 libras (3,08 kg)<\/td>\n<td class=\"contentCell\" valign=\"top\"><span style=\"color: #ff0000;\">6,4 libras (2,9 kg)<\/span><\/td>\n<td class=\"contentCell\" valign=\"top\">7,1 libras (3,22 kg)<\/td>\n<\/tr>\n<tr>\n<td class=\"titleRow\" colspan=\"4\" valign=\"top\"><span>Memoria y procesador<\/span><\/td>\n<\/tr>\n<tr>\n<td class=\"subTitleCell\" valign=\"top\">Procesador<\/td>\n<td class=\"contentCell\" valign=\"top\">ARM 88E6218 @ 150 MHz, 8 MB SDRAM, 4 MB de flash, tama\u00f1o de b\u00fafer de paquetes: 384 KB<\/td>\n<td class=\"contentCell\" valign=\"top\"><span style=\"color: #ff0000;\">ARM 88E6218 @ 150 MHz, 8 MB de SDRAM, 4 MB de flash; paquete de tama\u00f1o de b\u00fafer: 384 MB<\/span><\/td>\n<td class=\"contentCell\" valign=\"top\">ARM 88E6218 @ 150 MHz, 8 MB de SDRAM, 4 MB de flash; paquete de tama\u00f1o de b\u00fafer: 384 MB<\/td>\n<\/tr>\n<tr>\n<td class=\"titleRow\" colspan=\"4\" valign=\"top\">Montaje<\/td>\n<\/tr>\n<tr class=\"grayRow\">\n<td class=\"subTitleCell\" valign=\"top\">\u00a0<\/td>\n<td class=\"contentCell\" valign=\"top\">Se monta en un est\u00e1ndar EIA de 19 pulgadas rack telco o armario de equipos (herrajes incluidos)<\/td>\n<td class=\"contentCell\" valign=\"top\"><span style=\"color: #ff0000;\">Se monta en un est\u00e1ndar EIA de 19 pulgadas rack telco o armario de equipos (herrajes incluidos)<\/span><\/td>\n<td class=\"contentCell\" valign=\"top\">Se monta en un est\u00e1ndar EIA de 19 pulgadas rack telco o armario de equipos (herrajes incluidos)<\/td>\n<\/tr>\n<tr>\n<td class=\"titleRow\" colspan=\"4\" valign=\"top\">Rendimiento<\/td>\n<\/tr>\n<tr>\n<td class=\"subTitleCell\" valign=\"top\">100 Mb Latencia<\/td>\n<td class=\"contentCell\" valign=\"top\">&lt;5 ms<\/td>\n<td class=\"contentCell\" valign=\"top\"><span style=\"color: #ff0000;\">&lt;5 ms<\/span><\/td>\n<td class=\"contentCell\" valign=\"top\">&lt;5 ms<\/td>\n<\/tr>\n<tr class=\"grayRow\">\n<td class=\"subTitleCell\" valign=\"top\">Latencia de 1000 Mb<\/td>\n<td class=\"contentCell\" valign=\"top\">&lt;5 ms<\/td>\n<td class=\"contentCell\" valign=\"top\"><span style=\"color: #ff0000;\">&lt;5 ms<\/span><\/td>\n<td class=\"contentCell\" valign=\"top\">&lt;5 ms<\/td>\n<\/tr>\n<tr>\n<td class=\"subTitleCell\" valign=\"top\">Rendimiento<\/td>\n<td class=\"contentCell\" valign=\"top\">hasta 6,6 Mpps<\/td>\n<td class=\"contentCell\" valign=\"top\"><span style=\"color: #ff0000;\">hasta 10,1 Mpps<\/span><\/td>\n<td class=\"contentCell\" valign=\"top\">hasta 6,6 Mpps<\/td>\n<\/tr>\n<tr class=\"grayRow\">\n<td class=\"subTitleCell\" valign=\"top\">Capacidad de encaminamiento \/ conmutaci\u00f3n<\/td>\n<td class=\"contentCell\" valign=\"top\">8.8 Gb \/ s<\/td>\n<td class=\"contentCell\" valign=\"top\"><span style=\"color: #ff0000;\">13,6 Gb \/ s<\/span><\/td>\n<td class=\"contentCell\" valign=\"top\">8.8 Gb \/ s<\/td>\n<\/tr>\n<tr>\n<td class=\"titleRow\" colspan=\"4\" valign=\"top\">Medio ambiente<\/td>\n<\/tr>\n<tr>\n<td class=\"subTitleCell\" valign=\"top\">Temperatura de funcionamiento<\/td>\n<td class=\"contentCell\" valign=\"top\">32 \u00b0 F a 113 \u00b0 F (0 \u00b0 C a 45 \u00b0 C)<\/td>\n<td class=\"contentCell\" valign=\"top\"><span style=\"color: #ff0000;\">32 \u00b0 F a 113 \u00b0 F (0 \u00b0 C a 45 \u00b0 C)<\/span><\/td>\n<td class=\"contentCell\" valign=\"top\">32 \u00b0 F a 113 \u00b0 F (0 \u00b0 C a 45 \u00b0 C)<\/td>\n<\/tr>\n<tr class=\"grayRow\">\n<td class=\"subTitleCell\" valign=\"top\">Humedad relativa de funcionamiento<\/td>\n<td class=\"contentCell\" valign=\"top\">10% a 90%, sin condensaci\u00f3n<\/td>\n<td class=\"contentCell\" valign=\"top\"><span style=\"color: #ff0000;\">10% a 90%, sin condensaci\u00f3n<\/span><\/td>\n<td class=\"contentCell\" valign=\"top\">10% a 90%, sin condensaci\u00f3n<\/td>\n<\/tr>\n<tr>\n<td class=\"subTitleCell\" valign=\"top\">Temperatura de no funcionamiento \/ almacenamiento<\/td>\n<td class=\"contentCell\" valign=\"top\">-40 \u00b0 F a (-40 \u00b0 C a 70 \u00b0 C) 158 \u00b0 F<\/td>\n<td class=\"contentCell\" valign=\"top\"><span style=\"color: #ff0000;\">-40 \u00b0 F a (-40 \u00b0 C a 70 \u00b0 C) 158 \u00b0 F<\/span><\/td>\n<td class=\"contentCell\" valign=\"top\">-40 \u00b0 F a (-40 \u00b0 C a 70 \u00b0 C) 158 \u00b0 F<\/td>\n<\/tr>\n<tr class=\"grayRow\">\n<td class=\"subTitleCell\" valign=\"top\">Humedad relativa Sin funcionar \/ almacenamiento<\/td>\n<td class=\"contentCell\" valign=\"top\">10% a 95%, sin condensaci\u00f3n<\/td>\n<td class=\"contentCell\" valign=\"top\"><span style=\"color: #ff0000;\">10% a 95%, sin condensaci\u00f3n<\/span><\/td>\n<td class=\"contentCell\" valign=\"top\">10% a 95%, sin condensaci\u00f3n<\/td>\n<\/tr>\n<tr>\n<td class=\"subTitleCell\" valign=\"top\">Ac\u00fastico<\/td>\n<td class=\"contentCell\" valign=\"top\">Sin ventilador<\/td>\n<td class=\"contentCell\" valign=\"top\"><span style=\"color: #ff0000;\">Sin ventilador<\/span><\/td>\n<td class=\"contentCell\" valign=\"top\">\u00a0<\/td>\n<\/tr>\n<tr>\n<td class=\"titleRow\" colspan=\"4\" valign=\"top\">Caracter\u00edsticas el\u00e9ctricas<\/td>\n<\/tr>\n<tr>\n<td class=\"subTitleCell\" valign=\"top\">Frecuencia<\/td>\n<td class=\"contentCell\" valign=\"top\">50\/60 Hz<\/td>\n<td class=\"contentCell\" valign=\"top\"><span style=\"color: #ff0000;\">50\/60 Hz<\/span><\/td>\n<td class=\"contentCell\" valign=\"top\">50\/60 Hz<\/td>\n<\/tr>\n<tr class=\"grayRow\">\n<td class=\"subTitleCell\" valign=\"top\">Voltaje<\/td>\n<td class=\"contentCell\" valign=\"top\">100-240 VAC<\/td>\n<td class=\"contentCell\" valign=\"top\"><span style=\"color: #ff0000;\">100-240 VAC<\/span><\/td>\n<td class=\"contentCell\" valign=\"top\">100-240 VAC<\/td>\n<\/tr>\n<tr>\n<td class=\"subTitleCell\" valign=\"top\">Potencia m\u00e1xima<\/td>\n<td class=\"contentCell\" valign=\"top\">17 W<\/td>\n<td class=\"contentCell\" valign=\"top\"><span style=\"color: #ff0000;\">26 W<\/span><\/td>\n<td class=\"contentCell\" valign=\"top\">205 W<\/td>\n<\/tr>\n<tr class=\"grayRow\">\n<td class=\"subTitleCell\" valign=\"top\">Alimentaci\u00f3n PoE<\/td>\n<td class=\"contentCell\" valign=\"top\">\u00a0<\/td>\n<td class=\"contentCell\" valign=\"top\">\u00a0<\/td>\n<td class=\"contentCell\" valign=\"top\">154 W<\/td>\n<\/tr>\n<tr>\n<td class=\"subTitleCell\" valign=\"top\">Notas<\/td>\n<td class=\"contentCell\" valign=\"top\">La potencia nominal m\u00e1xima y la m\u00e1xima disipaci\u00f3n de calor son el n\u00famero m\u00e1ximo de peor caso te\u00f3rico proporcionadas para planificar la infraestructura con PoE completamente cargada (si est\u00e1 instalado), el tr\u00e1fico de 100%, todos los puertos conectados y todos los m\u00f3dulos cargados.<\/td>\n<td class=\"contentCell\" valign=\"top\"><span style=\"color: #ff0000;\">La potencia nominal m\u00e1xima y la m\u00e1xima disipaci\u00f3n de calor son el n\u00famero m\u00e1ximo de peor caso te\u00f3rico proporcionadas para planificar la infraestructura con PoE completamente cargada (si est\u00e1 instalado), el tr\u00e1fico de 100%, todos los puertos conectados y todos los m\u00f3dulos cargados.<\/span><\/td>\n<td class=\"contentCell\" valign=\"top\">La potencia nominal m\u00e1xima y la m\u00e1xima disipaci\u00f3n de calor son el n\u00famero m\u00e1ximo de peor caso te\u00f3rico proporcionadas para planificar la infraestructura con PoE completamente cargada (si lo tiene), el tr\u00e1fico de 100%, todos los puertos conectados y todos los m\u00f3dulos cargados.<br \/>PoE Power es la potencia suministrada por la fuente de alimentaci\u00f3n interna, que depende del tipo y la cantidad de fuentes de alimentaci\u00f3n y puede complementarse con el uso de una fuente de alimentaci\u00f3n externa (EPS).<\/td>\n<\/tr>\n<tr>\n<td class=\"titleRow\" colspan=\"4\" valign=\"top\">Seguridad<\/td>\n<\/tr>\n<tr class=\"grayRow\">\n<td class=\"subTitleCell\" valign=\"top\">\u00a0<\/td>\n<td class=\"contentCell\" valign=\"top\">UL 60950IEC 60950-1EN 60950-1CAN\/CSA-C22.2 No. 60950-1-03<\/td>\n<td class=\"contentCell\" valign=\"top\"><span style=\"color: #ff0000;\">UL 60950IEC 60950-1EN 60950-1CAN\/CSA-C22.2 No. 60950-1-03<\/span><\/td>\n<td class=\"contentCell\" valign=\"top\">UL 60950IEC 60950-1EN 60950-1CAN\/CSA-C22.2 No. 60950-1-03<\/td>\n<\/tr>\n<tr>\n<td class=\"titleRow\" colspan=\"4\" valign=\"top\">Notas<\/td>\n<\/tr>\n<tr class=\"grayRow\">\n<td class=\"subTitleCell\" valign=\"top\">\u00a0<\/td>\n<td class=\"contentCell\" valign=\"top\">El HP 1905-24 Switch (JD990A) fue antiguamente vendido como el 3Com Baseline Plus 2226 (3CBLSF26H) y puede enviar con esta etiqueta del producto.<\/td>\n<td class=\"contentCell\" valign=\"top\"><span style=\"color: #ff0000;\">El HP 1905-48 Switch (JD994A) fue antiguamente vendido como el 3Com Baseline Plus 2250 (3CBLSF50H) y puede enviar con esta etiqueta del producto.<\/span><\/td>\n<td class=\"contentCell\" valign=\"top\">El conmutador HP 1905\/24-PoE (JD992A) Anteriormente se vende como el 3Com Baseline Plus 2426 PWR (3CBLSF26PWRH) y puede enviar con esta etiqueta del producto.<\/td>\n<\/tr>\n<\/tbody>\n<\/table>\n<div class=\"width100pct textRight clearBoth\"><span style=\"font-size: 18px;\"><br \/><\/span><\/div>\n<\/p><\/div>\n<div class=\"width100pct textRight clearBoth\">\u00a0<\/div>\n<\/p><\/div>\n<div class=\"width100pct\">\n<div class=\"modelContainer smallText\">\n<div class=\"width100pct textRight clearBoth\">interfaz de l\u00ednea de comandos limitada; navegador Web; administrador SNMP; IEEE 802.3 Ethernet MIB<\/div>\n<div class=\"width100pct textRight clearBoth\">\u00a0<\/div>\n<\/p><\/div>\n<\/p><\/div>\n<p><span style=\"font-family: tahoma,arial,helvetica,sans-serif; font-size: 12pt;\">N\/P: JD994A &#8211; HP NETWORKING V1905<\/span><\/p>\n<ul>\n<li><span style=\"font-family: tahoma, arial, helvetica, sans-serif; font-size: 12pt;\">48 Switch 48 Puertos 10\/100 + 2 Puertos SFP\u00a0<\/span><\/li>\n<li><span style=\"font-family: tahoma, arial, helvetica, sans-serif; font-size: 12pt;\">Layer 2\u00a0<\/span><\/li>\n<li><span style=\"font-family: tahoma, arial, helvetica, sans-serif; font-size: 12pt;\">Garantia de por vida<\/span><\/li>\n<li><span style=\"font-family: tahoma, arial, helvetica, sans-serif; font-size: 12pt;\">Montable en Rack de Telecomunicaciones<\/span><\/li>\n<\/ul>\n<p>\u00a0<\/p>\n<p style=\"text-align: center;\"><span style=\"font-family: tahoma,arial,helvetica,sans-serif; font-size: 12pt;\">\u00a0<\/span><\/p>\n<p style=\"text-align: center;\"><span style=\"font-family: tahoma, arial, helvetica, sans-serif; font-size: 12pt; color: #333399;\"><strong>PARA ESPECIFICACIONES TECNICAS DETALLADAS : EN LA PESTA\u00d1A DESCARGAS<\/strong><\/span><\/p>\n<p style=\"text-align: center;\"><span style=\"font-family: tahoma, arial, helvetica, sans-serif; font-size: 12pt; color: #333399;\">\u00a0<\/span><\/p>\n<p style=\"text-align: center;\"><span style=\"font-family: tahoma, arial, helvetica, sans-serif; font-size: 12pt; color: #333399;\"><strong>\u00a0<\/strong><\/span><\/p>\n<p style=\"text-align: center;\"><span style=\"font-family: tahoma, arial, helvetica, sans-serif; font-size: 12pt; color: #333399;\">\u00a0<\/span><\/p>\n<p style=\"text-align: center;\"><span style=\"font-family: tahoma, arial, helvetica, sans-serif; font-size: 12pt; color: #333399;\"><strong><a href=\"http:\/\/netcomp.co\/es\/contactenos\" target=\"_blank\" rel=\"noopener\"><span style=\"color: #333399;\">Para Precio por Volumen y Disponibilidad Llamenos en Bogota a los Telefonos : (571) 317 9422 &#8211; 23, o Envienos un Email a : Ventas@netcomp.com.co<\/span><\/a><\/strong><\/span><\/p>\n<p style=\"text-align: center;\">\u00a0<\/p>\n","protected":false},"excerpt":{"rendered":"<p><span style=\"font-family: tahoma,arial,helvetica,sans-serif; font-size: 10pt;\">N\/P : JD994A &#8211; HP NETWORKING V1905-48 Switch<\/span><\/p>\n","protected":false},"featured_media":0,"comment_status":"open","ping_status":"closed","template":"","meta":{"_et_pb_use_builder":"","_et_pb_old_content":"","_et_gb_content_width":""},"product_brand":[],"product_cat":[79,60],"product_tag":[91,88,97,86,90,157,93,95,96,89,94,92],"class_list":{"0":"post-437","1":"product","2":"type-product","3":"status-publish","5":"product_cat-inicio","6":"product_cat-switch-hp-enrutador-hp","7":"product_tag-access-point","8":"product_tag-enrutador-hp","9":"product_tag-enrutador-hp-colombia","10":"product_tag-hp-networking","11":"product_tag-hp-procurve","12":"product_tag-jd994a","13":"product_tag-modulo-fibra","14":"product_tag-precio-switch-hp","15":"product_tag-switch-bogota","16":"product_tag-switch-hp","17":"product_tag-switches-hp","18":"product_tag-utm","20":"first","21":"instock","22":"shipping-taxable","23":"purchasable","24":"product-type-simple"},"yoast_head":"<!-- This site is optimized with the Yoast SEO plugin v27.2 - https:\/\/yoast.com\/product\/yoast-seo-wordpress\/ -->\n<title>JD994A - HP NETWORKING V1905-48 Switch 48 Puertos - Servidores HP - Nuevos - Usados - Alquiler<\/title>\n<meta name=\"description\" content=\"JD994A - HP NETWORKING V1905-48 Switch 48 Puertos - - Precio y Disponibilidad en Bogota - Colombia - servidor-hp.com.co\" \/>\n<meta name=\"robots\" content=\"index, follow, max-snippet:-1, max-image-preview:large, max-video-preview:-1\" \/>\n<link rel=\"canonical\" href=\"https:\/\/servidor-hp.com.co\/netcomp\/servidores\/inicio\/networking-hp-cisco\/switch-hp-enrutador-hp\/switch-enrutador-jd994a-hp-procurve-fibra-colombia\/\" \/>\n<meta property=\"og:locale\" content=\"es_ES\" \/>\n<meta property=\"og:type\" content=\"article\" \/>\n<meta property=\"og:title\" content=\"JD994A - HP NETWORKING V1905-48 Switch 48 Puertos - Servidores HP - Nuevos - Usados - Alquiler\" \/>\n<meta property=\"og:description\" content=\"JD994A - HP NETWORKING V1905-48 Switch 48 Puertos - - Precio y Disponibilidad en Bogota - Colombia - servidor-hp.com.co\" \/>\n<meta property=\"og:url\" content=\"https:\/\/servidor-hp.com.co\/netcomp\/servidores\/inicio\/networking-hp-cisco\/switch-hp-enrutador-hp\/switch-enrutador-jd994a-hp-procurve-fibra-colombia\/\" \/>\n<meta property=\"og:site_name\" content=\"Servidores HP - Nuevos - Usados - Alquiler\" \/>\n<meta property=\"article:modified_time\" content=\"2021-07-18T05:40:26+00:00\" \/>\n<meta property=\"og:image\" content=\"https:\/\/servidor-hp.com.co\/netcomp\/wp-content\/uploads\/2018\/11\/cropped-LOGO-SOLUCION-TECNOLOGICAS-MCC.jpg\" \/>\n\t<meta property=\"og:image:width\" content=\"210\" \/>\n\t<meta property=\"og:image:height\" content=\"53\" \/>\n\t<meta property=\"og:image:type\" content=\"image\/jpeg\" \/>\n<meta name=\"twitter:card\" content=\"summary_large_image\" \/>\n<meta name=\"twitter:label1\" content=\"Tiempo de lectura\" \/>\n\t<meta name=\"twitter:data1\" content=\"4 minutos\" \/>\n<script type=\"application\/ld+json\" class=\"yoast-schema-graph\">{\"@context\":\"https:\/\/schema.org\",\"@graph\":[{\"@type\":\"WebPage\",\"@id\":\"https:\/\/servidor-hp.com.co\/netcomp\/servidores\/inicio\/networking-hp-cisco\/switch-hp-enrutador-hp\/switch-enrutador-jd994a-hp-procurve-fibra-colombia\/\",\"url\":\"https:\/\/servidor-hp.com.co\/netcomp\/servidores\/inicio\/networking-hp-cisco\/switch-hp-enrutador-hp\/switch-enrutador-jd994a-hp-procurve-fibra-colombia\/\",\"name\":\"JD994A - HP NETWORKING V1905-48 Switch 48 Puertos - Servidores HP - Nuevos - Usados - Alquiler\",\"isPartOf\":{\"@id\":\"https:\/\/servidor-hp.com.co\/netcomp\/#website\"},\"datePublished\":\"2013-03-19T04:58:38+00:00\",\"dateModified\":\"2021-07-18T05:40:26+00:00\",\"description\":\"JD994A - HP NETWORKING V1905-48 Switch 48 Puertos - - Precio y Disponibilidad en Bogota - Colombia - servidor-hp.com.co\",\"breadcrumb\":{\"@id\":\"https:\/\/servidor-hp.com.co\/netcomp\/servidores\/inicio\/networking-hp-cisco\/switch-hp-enrutador-hp\/switch-enrutador-jd994a-hp-procurve-fibra-colombia\/#breadcrumb\"},\"inLanguage\":\"es\",\"potentialAction\":[{\"@type\":\"ReadAction\",\"target\":[\"https:\/\/servidor-hp.com.co\/netcomp\/servidores\/inicio\/networking-hp-cisco\/switch-hp-enrutador-hp\/switch-enrutador-jd994a-hp-procurve-fibra-colombia\/\"]}]},{\"@type\":\"BreadcrumbList\",\"@id\":\"https:\/\/servidor-hp.com.co\/netcomp\/servidores\/inicio\/networking-hp-cisco\/switch-hp-enrutador-hp\/switch-enrutador-jd994a-hp-procurve-fibra-colombia\/#breadcrumb\",\"itemListElement\":[{\"@type\":\"ListItem\",\"position\":1,\"name\":\"Portada\",\"item\":\"https:\/\/servidor-hp.com.co\/netcomp\/\"},{\"@type\":\"ListItem\",\"position\":2,\"name\":\"Tienda\",\"item\":\"https:\/\/servidor-hp.com.co\/netcomp\/servidores\/\"},{\"@type\":\"ListItem\",\"position\":3,\"name\":\"JD994A &#8211; HP NETWORKING V1905-48 Switch 48 Puertos\"}]},{\"@type\":\"WebSite\",\"@id\":\"https:\/\/servidor-hp.com.co\/netcomp\/#website\",\"url\":\"https:\/\/servidor-hp.com.co\/netcomp\/\",\"name\":\"Servidores HP - Nuevos - Usados - Alquiler\",\"description\":\"Tels: (+57) 316 878 8749\",\"alternateName\":\"Servidores HP DELL LENOVO IBM\",\"potentialAction\":[{\"@type\":\"SearchAction\",\"target\":{\"@type\":\"EntryPoint\",\"urlTemplate\":\"https:\/\/servidor-hp.com.co\/netcomp\/?s={search_term_string}\"},\"query-input\":{\"@type\":\"PropertyValueSpecification\",\"valueRequired\":true,\"valueName\":\"search_term_string\"}}],\"inLanguage\":\"es\"}]}<\/script>\n<!-- \/ Yoast SEO plugin. -->","yoast_head_json":{"title":"JD994A - HP NETWORKING V1905-48 Switch 48 Puertos - Servidores HP - Nuevos - Usados - Alquiler","description":"JD994A - HP NETWORKING V1905-48 Switch 48 Puertos - - Precio y Disponibilidad en Bogota - Colombia - servidor-hp.com.co","robots":{"index":"index","follow":"follow","max-snippet":"max-snippet:-1","max-image-preview":"max-image-preview:large","max-video-preview":"max-video-preview:-1"},"canonical":"https:\/\/servidor-hp.com.co\/netcomp\/servidores\/inicio\/networking-hp-cisco\/switch-hp-enrutador-hp\/switch-enrutador-jd994a-hp-procurve-fibra-colombia\/","og_locale":"es_ES","og_type":"article","og_title":"JD994A - HP NETWORKING V1905-48 Switch 48 Puertos - Servidores HP - Nuevos - Usados - Alquiler","og_description":"JD994A - HP NETWORKING V1905-48 Switch 48 Puertos - - Precio y Disponibilidad en Bogota - Colombia - servidor-hp.com.co","og_url":"https:\/\/servidor-hp.com.co\/netcomp\/servidores\/inicio\/networking-hp-cisco\/switch-hp-enrutador-hp\/switch-enrutador-jd994a-hp-procurve-fibra-colombia\/","og_site_name":"Servidores HP - Nuevos - Usados - Alquiler","article_modified_time":"2021-07-18T05:40:26+00:00","og_image":[{"width":210,"height":53,"url":"https:\/\/servidor-hp.com.co\/netcomp\/wp-content\/uploads\/2018\/11\/cropped-LOGO-SOLUCION-TECNOLOGICAS-MCC.jpg","type":"image\/jpeg"}],"twitter_card":"summary_large_image","twitter_misc":{"Tiempo de lectura":"4 minutos"},"schema":{"@context":"https:\/\/schema.org","@graph":[{"@type":"WebPage","@id":"https:\/\/servidor-hp.com.co\/netcomp\/servidores\/inicio\/networking-hp-cisco\/switch-hp-enrutador-hp\/switch-enrutador-jd994a-hp-procurve-fibra-colombia\/","url":"https:\/\/servidor-hp.com.co\/netcomp\/servidores\/inicio\/networking-hp-cisco\/switch-hp-enrutador-hp\/switch-enrutador-jd994a-hp-procurve-fibra-colombia\/","name":"JD994A - HP NETWORKING V1905-48 Switch 48 Puertos - Servidores HP - Nuevos - Usados - Alquiler","isPartOf":{"@id":"https:\/\/servidor-hp.com.co\/netcomp\/#website"},"datePublished":"2013-03-19T04:58:38+00:00","dateModified":"2021-07-18T05:40:26+00:00","description":"JD994A - HP NETWORKING V1905-48 Switch 48 Puertos - - Precio y Disponibilidad en Bogota - Colombia - servidor-hp.com.co","breadcrumb":{"@id":"https:\/\/servidor-hp.com.co\/netcomp\/servidores\/inicio\/networking-hp-cisco\/switch-hp-enrutador-hp\/switch-enrutador-jd994a-hp-procurve-fibra-colombia\/#breadcrumb"},"inLanguage":"es","potentialAction":[{"@type":"ReadAction","target":["https:\/\/servidor-hp.com.co\/netcomp\/servidores\/inicio\/networking-hp-cisco\/switch-hp-enrutador-hp\/switch-enrutador-jd994a-hp-procurve-fibra-colombia\/"]}]},{"@type":"BreadcrumbList","@id":"https:\/\/servidor-hp.com.co\/netcomp\/servidores\/inicio\/networking-hp-cisco\/switch-hp-enrutador-hp\/switch-enrutador-jd994a-hp-procurve-fibra-colombia\/#breadcrumb","itemListElement":[{"@type":"ListItem","position":1,"name":"Portada","item":"https:\/\/servidor-hp.com.co\/netcomp\/"},{"@type":"ListItem","position":2,"name":"Tienda","item":"https:\/\/servidor-hp.com.co\/netcomp\/servidores\/"},{"@type":"ListItem","position":3,"name":"JD994A &#8211; HP NETWORKING V1905-48 Switch 48 Puertos"}]},{"@type":"WebSite","@id":"https:\/\/servidor-hp.com.co\/netcomp\/#website","url":"https:\/\/servidor-hp.com.co\/netcomp\/","name":"Servidores HP - Nuevos - Usados - Alquiler","description":"Tels: (+57) 316 878 8749","alternateName":"Servidores HP DELL LENOVO IBM","potentialAction":[{"@type":"SearchAction","target":{"@type":"EntryPoint","urlTemplate":"https:\/\/servidor-hp.com.co\/netcomp\/?s={search_term_string}"},"query-input":{"@type":"PropertyValueSpecification","valueRequired":true,"valueName":"search_term_string"}}],"inLanguage":"es"}]}},"_links":{"self":[{"href":"https:\/\/servidor-hp.com.co\/netcomp\/wp-json\/wp\/v2\/product\/437","targetHints":{"allow":["GET"]}}],"collection":[{"href":"https:\/\/servidor-hp.com.co\/netcomp\/wp-json\/wp\/v2\/product"}],"about":[{"href":"https:\/\/servidor-hp.com.co\/netcomp\/wp-json\/wp\/v2\/types\/product"}],"replies":[{"embeddable":true,"href":"https:\/\/servidor-hp.com.co\/netcomp\/wp-json\/wp\/v2\/comments?post=437"}],"wp:attachment":[{"href":"https:\/\/servidor-hp.com.co\/netcomp\/wp-json\/wp\/v2\/media?parent=437"}],"wp:term":[{"taxonomy":"product_brand","embeddable":true,"href":"https:\/\/servidor-hp.com.co\/netcomp\/wp-json\/wp\/v2\/product_brand?post=437"},{"taxonomy":"product_cat","embeddable":true,"href":"https:\/\/servidor-hp.com.co\/netcomp\/wp-json\/wp\/v2\/product_cat?post=437"},{"taxonomy":"product_tag","embeddable":true,"href":"https:\/\/servidor-hp.com.co\/netcomp\/wp-json\/wp\/v2\/product_tag?post=437"}],"curies":[{"name":"wp","href":"https:\/\/api.w.org\/{rel}","templated":true}]}}