{"id":432,"date":"2013-03-18T23:58:38","date_gmt":"2013-03-19T04:58:38","guid":{"rendered":"http:\/\/servidor-hp.com.co\/netcomp\/producto\/switch-enrutador-je068a-hp-procurve-fibra-colombia\/"},"modified":"2021-03-02T10:28:14","modified_gmt":"2021-03-02T15:28:14","slug":"switch-enrutador-je068a-hp-procurve-fibra-colombia","status":"publish","type":"product","link":"https:\/\/servidor-hp.com.co\/netcomp\/servidores\/inicio\/networking-hp-cisco\/switch-hp-enrutador-hp\/switch-enrutador-je068a-hp-procurve-fibra-colombia\/","title":{"rendered":"SWITCH HP A5120-24G- 24 PUERTOS 10\/100 -N\/P: JE068A"},"content":{"rendered":"<h1 style=\"text-align: center;\"><strong><span style=\"font-size: 18pt; color: #000080;\"><span style=\"font-family: tahoma, arial, helvetica, sans-serif;\">\u00a0HP A5120-24G EI Switch 24 Puertos 10\/100\/1000 + 4 Puertos Dual Personality 10\/100\/1000 &#8211; SFP ADICIONAL 2 SLOTS DE EXPANSION<\/span><span style=\"font-family: tahoma, arial, helvetica, sans-serif;\">&#8211;<\/span><span style=\"font-family: tahoma, arial, helvetica, sans-serif;\">N\/P: JE068A\u00a0<\/span><\/span><\/strong><\/h1>\n<h2><\/h2>\n<div class=\"ccs-cc-inline-features-block ccs-cc-inline-single-feature\">\n<div class=\"ccs-cc-inline-feature\" data-type=\"text\">\n<div class=\"ccs-cc-inline-feature-content ccs-cc-inline-feature-description\">\n<h2><span style=\"font-size: 14pt; font-family: tahoma, arial, helvetica, sans-serif;\"><strong><span style=\"color: #000000;\">Potente calidad de servicio (QoS)<\/span><\/strong><\/span><\/h2>\n<ul>\n<li>\n<h2><span style=\"font-size: 14pt; color: #000000; font-family: tahoma, arial, helvetica, sans-serif;\">La serie de conmutadores HPE 5120 EI es compatible con QoS avanzada basada en clasificador que dirige el tr\u00e1fico mediante m\u00faltiples criterios de coincidencia basados en informaci\u00f3n de nivel 2, 3 y 4. Los conmutadores aplican pol\u00edticas QoS, tales como el establecimiento del nivel de prioridad y el l\u00edmite de velocidad para un tr\u00e1fico seleccionado en un puerto, una VLAN o en todo el conmutador.<\/span><\/h2>\n<\/li>\n<li>\n<h2><span style=\"font-size: 14pt; color: #000000; font-family: tahoma, arial, helvetica, sans-serif;\">La asignaci\u00f3n de prioridades de tr\u00e1fico con las acciones de congesti\u00f3n compatibles incluye: cola de prioridad estricta (SP), ponderaci\u00f3n por turnos (WRR), SP+WRR y supervisi\u00f3n de tr\u00e1fico con velocidad de l\u00ednea y velocidad de acceso confirmada (CAR).<\/span><\/h2>\n<\/li>\n<\/ul>\n<\/div>\n<\/div>\n<\/div>\n<div class=\"ccs-cc-inline-feature\" data-type=\"text\">\n<div class=\"ccs-cc-inline-feature-content ccs-cc-inline-feature-description\">\n<h3><span style=\"font-size: 14pt; font-family: tahoma, arial, helvetica, sans-serif;\"><strong><span style=\"color: #000000;\">Control de seguridad completa<\/span><\/strong><\/span><\/h3>\n<ul>\n<li><span style=\"font-size: 14pt; color: #000000; font-family: tahoma, arial, helvetica, sans-serif;\">La serie de conmutadores HPE 5120 EI es compatible con los m\u00e9todos de autenticaci\u00f3n flexibles que incluyen 802.1X, MAC y Web para una mayor seguridad de las aplicaciones basada en pol\u00edticas.<\/span><\/li>\n<li><span style=\"font-size: 14pt; color: #000000; font-family: tahoma, arial, helvetica, sans-serif;\">Esta serie usa listas de control de acceso (ACL) para proporcionar un filtro de tr\u00e1fico IP de Capa 2 a Capa 4. Y es compatible con ACL, VLAN ACL, puerto ACL e IPv6 ACL global.<\/span><\/li>\n<li><span style=\"font-size: 14pt; color: #000000; font-family: tahoma, arial, helvetica, sans-serif;\">Puerto de origen filtrado, RADIUS\/TACACS+, SSL, seguridad de puerto y bloqueo de direcciones MAC ofrecen mayor seguridad.<\/span><\/li>\n<\/ul>\n<\/div>\n<\/div>\n<div class=\"ccs-cc-inline-features-block ccs-cc-inline-single-feature\">\n<div class=\"ccs-cc-inline-feature\" data-type=\"text\">\n<div class=\"ccs-cc-inline-feature-content ccs-cc-inline-feature-description\">\n<h2><span style=\"font-size: 14pt; font-family: tahoma, arial, helvetica, sans-serif;\"><strong><span style=\"color: #000000;\">Vista \u00fanica de la red<\/span><\/strong><\/span><\/h2>\n<ul>\n<li>\n<h2><span style=\"font-size: 14pt; color: #000000; font-family: tahoma, arial, helvetica, sans-serif;\">La serie de conmutadores HPE 5120 EI se puede administrar perfectamente con HPE Intelligent Management Center (IMC) para proporcionar la transparencia de red integral con la experiencia de red uniforme, a trav\u00e9s de una exhaustiva configuraci\u00f3n, cumplimiento y administraci\u00f3n de pol\u00edticas.<\/span><\/h2>\n<\/li>\n<li>\n<h2><span style=\"font-size: 14pt; color: #000000; font-family: tahoma, arial, helvetica, sans-serif;\">RMON y sFlow ofrecen funcionalidades de avanzada de supervisi\u00f3n y notificaci\u00f3n para estad\u00edsticas, historiales, alarmas y eventos.<\/span><\/h2>\n<\/li>\n<\/ul>\n<\/div>\n<\/div>\n<\/div>\n<ul>\n<li>\n<h3><span style=\"font-family: tahoma, arial, helvetica, sans-serif; font-size: 14pt;\">Layer 2, 3\u00a0<\/span><\/h3>\n<\/li>\n<li>\n<h3><span style=\"font-family: tahoma, arial, helvetica, sans-serif; font-size: 14pt;\">Garantia de por vida<\/span><\/h3>\n<\/li>\n<li>\n<h3><span style=\"font-family: tahoma, arial, helvetica, sans-serif; font-size: 14pt;\">Montable en Rack de Telecomunicaciones<\/span><\/h3>\n<\/li>\n<\/ul>\n<p>&nbsp;<\/p>\n<p>&nbsp;<\/p>\n<p>&nbsp;<\/p>\n<p style=\"text-align: center;\"><span style=\"font-family: tahoma, arial, helvetica, sans-serif; font-size: 14pt; color: #333399;\"><strong>PARA ESPECIFICACIONES TECNICAS DETALLADAS : EN LA PESTA\u00d1A DESCARGAS<\/strong><\/span><\/p>\n<p style=\"text-align: center;\"><span style=\"font-family: tahoma, arial, helvetica, sans-serif; font-size: 14pt; color: #333399;\"><strong>\u00a0<\/strong><\/span><\/p>\n<p style=\"text-align: center;\"><span style=\"font-family: tahoma, arial, helvetica, sans-serif; font-size: 14pt; color: #333399;\"><strong><a href=\"http:\/\/netcomp.co\/es\/contactenos\" target=\"_blank\" rel=\"noopener\"><span style=\"color: #333399;\">Para Precio por Volumen y Disponibilidad Llamenos en Bogota\u00a0<\/span><\/a><\/strong><\/span><\/p>\n<p>&nbsp;<\/p>\n<p>&nbsp;<\/p>\n<h2 style=\"margin: 18px 0px 9px; padding: 0px; border: 0px; font-style: normal; font-weight: 500; line-height: 1.1; font-family: Arial, Helvetica, sans-serif; font-size: 27px; vertical-align: baseline; color: #777777; letter-spacing: normal; text-indent: 0px; text-transform: none; background-color: #ffffff; text-align: center;\"><span style=\"margin: 0px; padding: 0px; border: 0px; font-style: inherit; font-variant: inherit; font-weight: inherit; line-height: inherit; font-family: tahoma, arial, helvetica, sans-serif; font-size: 14pt; vertical-align: baseline; color: #ff0000;\"><strong style=\"margin: 0px; padding: 0px; border: 0px; font-style: inherit; font-variant: inherit; font-weight: bold; line-height: inherit; font-family: inherit; font-size: 18.6667px; vertical-align: baseline;\">DISPONEMOS DE UNA AMPLIA GAMA DE SERVIDOR HP PROLIANT NUEVOS Y USADOS<\/strong><\/span><\/h2>\n<h2 style=\"text-align: center;\"><span style=\"color: #ff0000; font-family: tahoma, arial, helvetica, sans-serif; font-size: 14pt;\"><strong>PARA <\/strong><\/span><span style=\"color: #ff0000; font-family: tahoma, arial, helvetica, sans-serif; font-size: 14pt;\"><strong>VENTA \/ ARRENDAMIENTO \/ ALQUILER :<\/strong><\/span><\/h2>\n<h2 style=\"text-align: center;\"><span style=\"color: #ff0000; font-family: tahoma, arial, helvetica, sans-serif; font-size: 14pt;\"><strong>ML110 \/ ML350 \/ ML150 \/ DL320 \/ DL360 \/ DL380<\/strong><\/span><\/h2>\n<p>&nbsp;<\/p>\n<h3><span style=\"font-family: tahoma, arial, helvetica, sans-serif; font-size: 14pt;\"><a href=\"https:\/\/api.whatsapp.com\/send?phone=573168788749\" target=\"_blank\" rel=\"noopener noreferrer\"><img loading=\"lazy\" decoding=\"async\" class=\"aligncenter wp-image-20467\" src=\"http:\/\/cableado-estructurado.com.co\/netcomp\/wp-content\/uploads\/2018\/07\/whatsapp-logo-mensaje.jpg\" alt=\"\" width=\"290\" height=\"220\" \/><\/a><\/span><\/h3>\n<p>&nbsp;<\/p>\n<p><img loading=\"lazy\" decoding=\"async\" class=\"wp-image-21775 aligncenter\" src=\"https:\/\/servidor-hp.com.co\/netcomp\/wp-content\/uploads\/2019\/05\/boton-ventas-servidor.png\" alt=\"\" width=\"495\" height=\"153\" \/><\/p>\n<p>&nbsp;<\/p>\n<p>&nbsp;<\/p>\n<p>&nbsp;<\/p>\n","protected":false},"excerpt":{"rendered":"<h2><span style=\"font-size: 12pt; color: #000000; font-family: tahoma, arial, helvetica, sans-serif;\">Crea una estructura virtual mediante la gesti\u00f3n de varios conmutadores en un dispositivo l\u00f3gico, lo cual aumenta la resistencia, el rendimiento y la disponibilidad de la red, a la vez que se reduce la complejidad operativa.\u00a0<\/span><\/h2>\n","protected":false},"featured_media":22048,"comment_status":"open","ping_status":"closed","template":"","meta":{"_et_pb_use_builder":"","_et_pb_old_content":"","_et_gb_content_width":""},"product_brand":[],"product_cat":[79,60],"product_tag":[91,88,97,86,90,152,93,95,96,89,94,92],"class_list":{"0":"post-432","1":"product","2":"type-product","3":"status-publish","4":"has-post-thumbnail","6":"product_cat-inicio","7":"product_cat-switch-hp-enrutador-hp","8":"product_tag-access-point","9":"product_tag-enrutador-hp","10":"product_tag-enrutador-hp-colombia","11":"product_tag-hp-networking","12":"product_tag-hp-procurve","13":"product_tag-je068a","14":"product_tag-modulo-fibra","15":"product_tag-precio-switch-hp","16":"product_tag-switch-bogota","17":"product_tag-switch-hp","18":"product_tag-switches-hp","19":"product_tag-utm","21":"first","22":"instock","23":"shipping-taxable","24":"purchasable","25":"product-type-simple"},"yoast_head":"<!-- This site is optimized with the Yoast SEO plugin v27.2 - https:\/\/yoast.com\/product\/yoast-seo-wordpress\/ -->\n<title>SWITCH HP A5120-24G- 24 PUERTOS 10\/100 -N\/P: JE068A - Servidores HP - Nuevos - Usados - Alquiler<\/title>\n<meta name=\"description\" content=\"SWITCH HP A5120-24G- 24 PUERTOS 10\/100 -N\/P: JE068A - - Precio y Disponibilidad en Bogota - Colombia - servidor-hp.com.co\" \/>\n<meta name=\"robots\" content=\"index, follow, max-snippet:-1, max-image-preview:large, max-video-preview:-1\" \/>\n<link rel=\"canonical\" href=\"https:\/\/servidor-hp.com.co\/netcomp\/servidores\/inicio\/networking-hp-cisco\/switch-hp-enrutador-hp\/switch-enrutador-je068a-hp-procurve-fibra-colombia\/\" \/>\n<meta property=\"og:locale\" content=\"es_ES\" \/>\n<meta property=\"og:type\" content=\"article\" \/>\n<meta property=\"og:title\" content=\"SWITCH HP A5120-24G- 24 PUERTOS 10\/100 -N\/P: JE068A - Servidores HP - Nuevos - Usados - Alquiler\" \/>\n<meta property=\"og:description\" content=\"SWITCH HP A5120-24G- 24 PUERTOS 10\/100 -N\/P: JE068A - - Precio y Disponibilidad en Bogota - Colombia - servidor-hp.com.co\" \/>\n<meta property=\"og:url\" content=\"https:\/\/servidor-hp.com.co\/netcomp\/servidores\/inicio\/networking-hp-cisco\/switch-hp-enrutador-hp\/switch-enrutador-je068a-hp-procurve-fibra-colombia\/\" \/>\n<meta property=\"og:site_name\" content=\"Servidores HP - Nuevos - Usados - Alquiler\" \/>\n<meta property=\"article:modified_time\" content=\"2021-03-02T15:28:14+00:00\" \/>\n<meta property=\"og:image\" content=\"https:\/\/servidor-hp.com.co\/netcomp\/wp-content\/uploads\/2013\/03\/product_thumb.jpg\" \/>\n\t<meta property=\"og:image:width\" content=\"380\" \/>\n\t<meta property=\"og:image:height\" content=\"320\" \/>\n\t<meta property=\"og:image:type\" content=\"image\/jpeg\" \/>\n<meta name=\"twitter:card\" content=\"summary_large_image\" \/>\n<meta name=\"twitter:label1\" content=\"Tiempo de lectura\" \/>\n\t<meta name=\"twitter:data1\" content=\"2 minutos\" \/>\n<script type=\"application\/ld+json\" class=\"yoast-schema-graph\">{\"@context\":\"https:\/\/schema.org\",\"@graph\":[{\"@type\":\"WebPage\",\"@id\":\"https:\/\/servidor-hp.com.co\/netcomp\/servidores\/inicio\/networking-hp-cisco\/switch-hp-enrutador-hp\/switch-enrutador-je068a-hp-procurve-fibra-colombia\/\",\"url\":\"https:\/\/servidor-hp.com.co\/netcomp\/servidores\/inicio\/networking-hp-cisco\/switch-hp-enrutador-hp\/switch-enrutador-je068a-hp-procurve-fibra-colombia\/\",\"name\":\"SWITCH HP A5120-24G- 24 PUERTOS 10\/100 -N\/P: JE068A - Servidores HP - Nuevos - Usados - Alquiler\",\"isPartOf\":{\"@id\":\"https:\/\/servidor-hp.com.co\/netcomp\/#website\"},\"primaryImageOfPage\":{\"@id\":\"https:\/\/servidor-hp.com.co\/netcomp\/servidores\/inicio\/networking-hp-cisco\/switch-hp-enrutador-hp\/switch-enrutador-je068a-hp-procurve-fibra-colombia\/#primaryimage\"},\"image\":{\"@id\":\"https:\/\/servidor-hp.com.co\/netcomp\/servidores\/inicio\/networking-hp-cisco\/switch-hp-enrutador-hp\/switch-enrutador-je068a-hp-procurve-fibra-colombia\/#primaryimage\"},\"thumbnailUrl\":\"https:\/\/servidor-hp.com.co\/netcomp\/wp-content\/uploads\/2013\/03\/product_thumb.jpg\",\"datePublished\":\"2013-03-19T04:58:38+00:00\",\"dateModified\":\"2021-03-02T15:28:14+00:00\",\"description\":\"SWITCH HP A5120-24G- 24 PUERTOS 10\/100 -N\/P: JE068A - - Precio y Disponibilidad en Bogota - Colombia - servidor-hp.com.co\",\"breadcrumb\":{\"@id\":\"https:\/\/servidor-hp.com.co\/netcomp\/servidores\/inicio\/networking-hp-cisco\/switch-hp-enrutador-hp\/switch-enrutador-je068a-hp-procurve-fibra-colombia\/#breadcrumb\"},\"inLanguage\":\"es\",\"potentialAction\":[{\"@type\":\"ReadAction\",\"target\":[\"https:\/\/servidor-hp.com.co\/netcomp\/servidores\/inicio\/networking-hp-cisco\/switch-hp-enrutador-hp\/switch-enrutador-je068a-hp-procurve-fibra-colombia\/\"]}]},{\"@type\":\"ImageObject\",\"inLanguage\":\"es\",\"@id\":\"https:\/\/servidor-hp.com.co\/netcomp\/servidores\/inicio\/networking-hp-cisco\/switch-hp-enrutador-hp\/switch-enrutador-je068a-hp-procurve-fibra-colombia\/#primaryimage\",\"url\":\"https:\/\/servidor-hp.com.co\/netcomp\/wp-content\/uploads\/2013\/03\/product_thumb.jpg\",\"contentUrl\":\"https:\/\/servidor-hp.com.co\/netcomp\/wp-content\/uploads\/2013\/03\/product_thumb.jpg\",\"width\":380,\"height\":320,\"caption\":\"La serie de conmutadores HPE 5120 EI proporciona flexibilidad, escalabilidad y un coste total de propiedad (TCO) bajo con un s\u00f3lido conjunto de caracter\u00edsticas compatibles con el apilamiento, el enrutamiento est\u00e1tico de nivel 3, PoE+, ACL e IPv6. La tecnolog\u00eda Hewlett Packard Enterprise (HPE) Intelligent Resilient Fabric (IRF) crea una estructura virtual mediante la gesti\u00f3n de varios conmutadores en un dispositivo l\u00f3gico, lo cual aumenta la resistencia, el rendimiento y la disponibilidad de la red, a la vez que se reduce la complejidad operativa. La serie de conmutadores HPE 5120 EI se puede gestionar con HPE Intelligent Management Center (IMC) para acceder a una sola vista de toda su red.\"},{\"@type\":\"BreadcrumbList\",\"@id\":\"https:\/\/servidor-hp.com.co\/netcomp\/servidores\/inicio\/networking-hp-cisco\/switch-hp-enrutador-hp\/switch-enrutador-je068a-hp-procurve-fibra-colombia\/#breadcrumb\",\"itemListElement\":[{\"@type\":\"ListItem\",\"position\":1,\"name\":\"Portada\",\"item\":\"https:\/\/servidor-hp.com.co\/netcomp\/\"},{\"@type\":\"ListItem\",\"position\":2,\"name\":\"Tienda\",\"item\":\"https:\/\/servidor-hp.com.co\/netcomp\/servidores\/\"},{\"@type\":\"ListItem\",\"position\":3,\"name\":\"SWITCH HP A5120-24G- 24 PUERTOS 10\/100 -N\/P: JE068A\"}]},{\"@type\":\"WebSite\",\"@id\":\"https:\/\/servidor-hp.com.co\/netcomp\/#website\",\"url\":\"https:\/\/servidor-hp.com.co\/netcomp\/\",\"name\":\"Servidores HP - Nuevos - Usados - Alquiler\",\"description\":\"Tels: (+57) 316 878 8749\",\"alternateName\":\"Servidores HP DELL LENOVO IBM\",\"potentialAction\":[{\"@type\":\"SearchAction\",\"target\":{\"@type\":\"EntryPoint\",\"urlTemplate\":\"https:\/\/servidor-hp.com.co\/netcomp\/?s={search_term_string}\"},\"query-input\":{\"@type\":\"PropertyValueSpecification\",\"valueRequired\":true,\"valueName\":\"search_term_string\"}}],\"inLanguage\":\"es\"}]}<\/script>\n<!-- \/ Yoast SEO plugin. -->","yoast_head_json":{"title":"SWITCH HP A5120-24G- 24 PUERTOS 10\/100 -N\/P: JE068A - Servidores HP - Nuevos - Usados - Alquiler","description":"SWITCH HP A5120-24G- 24 PUERTOS 10\/100 -N\/P: JE068A - - Precio y Disponibilidad en Bogota - Colombia - servidor-hp.com.co","robots":{"index":"index","follow":"follow","max-snippet":"max-snippet:-1","max-image-preview":"max-image-preview:large","max-video-preview":"max-video-preview:-1"},"canonical":"https:\/\/servidor-hp.com.co\/netcomp\/servidores\/inicio\/networking-hp-cisco\/switch-hp-enrutador-hp\/switch-enrutador-je068a-hp-procurve-fibra-colombia\/","og_locale":"es_ES","og_type":"article","og_title":"SWITCH HP A5120-24G- 24 PUERTOS 10\/100 -N\/P: JE068A - Servidores HP - Nuevos - Usados - Alquiler","og_description":"SWITCH HP A5120-24G- 24 PUERTOS 10\/100 -N\/P: JE068A - - Precio y Disponibilidad en Bogota - Colombia - servidor-hp.com.co","og_url":"https:\/\/servidor-hp.com.co\/netcomp\/servidores\/inicio\/networking-hp-cisco\/switch-hp-enrutador-hp\/switch-enrutador-je068a-hp-procurve-fibra-colombia\/","og_site_name":"Servidores HP - Nuevos - Usados - Alquiler","article_modified_time":"2021-03-02T15:28:14+00:00","og_image":[{"width":380,"height":320,"url":"https:\/\/servidor-hp.com.co\/netcomp\/wp-content\/uploads\/2013\/03\/product_thumb.jpg","type":"image\/jpeg"}],"twitter_card":"summary_large_image","twitter_misc":{"Tiempo de lectura":"2 minutos"},"schema":{"@context":"https:\/\/schema.org","@graph":[{"@type":"WebPage","@id":"https:\/\/servidor-hp.com.co\/netcomp\/servidores\/inicio\/networking-hp-cisco\/switch-hp-enrutador-hp\/switch-enrutador-je068a-hp-procurve-fibra-colombia\/","url":"https:\/\/servidor-hp.com.co\/netcomp\/servidores\/inicio\/networking-hp-cisco\/switch-hp-enrutador-hp\/switch-enrutador-je068a-hp-procurve-fibra-colombia\/","name":"SWITCH HP A5120-24G- 24 PUERTOS 10\/100 -N\/P: JE068A - Servidores HP - Nuevos - Usados - Alquiler","isPartOf":{"@id":"https:\/\/servidor-hp.com.co\/netcomp\/#website"},"primaryImageOfPage":{"@id":"https:\/\/servidor-hp.com.co\/netcomp\/servidores\/inicio\/networking-hp-cisco\/switch-hp-enrutador-hp\/switch-enrutador-je068a-hp-procurve-fibra-colombia\/#primaryimage"},"image":{"@id":"https:\/\/servidor-hp.com.co\/netcomp\/servidores\/inicio\/networking-hp-cisco\/switch-hp-enrutador-hp\/switch-enrutador-je068a-hp-procurve-fibra-colombia\/#primaryimage"},"thumbnailUrl":"https:\/\/servidor-hp.com.co\/netcomp\/wp-content\/uploads\/2013\/03\/product_thumb.jpg","datePublished":"2013-03-19T04:58:38+00:00","dateModified":"2021-03-02T15:28:14+00:00","description":"SWITCH HP A5120-24G- 24 PUERTOS 10\/100 -N\/P: JE068A - - Precio y Disponibilidad en Bogota - Colombia - servidor-hp.com.co","breadcrumb":{"@id":"https:\/\/servidor-hp.com.co\/netcomp\/servidores\/inicio\/networking-hp-cisco\/switch-hp-enrutador-hp\/switch-enrutador-je068a-hp-procurve-fibra-colombia\/#breadcrumb"},"inLanguage":"es","potentialAction":[{"@type":"ReadAction","target":["https:\/\/servidor-hp.com.co\/netcomp\/servidores\/inicio\/networking-hp-cisco\/switch-hp-enrutador-hp\/switch-enrutador-je068a-hp-procurve-fibra-colombia\/"]}]},{"@type":"ImageObject","inLanguage":"es","@id":"https:\/\/servidor-hp.com.co\/netcomp\/servidores\/inicio\/networking-hp-cisco\/switch-hp-enrutador-hp\/switch-enrutador-je068a-hp-procurve-fibra-colombia\/#primaryimage","url":"https:\/\/servidor-hp.com.co\/netcomp\/wp-content\/uploads\/2013\/03\/product_thumb.jpg","contentUrl":"https:\/\/servidor-hp.com.co\/netcomp\/wp-content\/uploads\/2013\/03\/product_thumb.jpg","width":380,"height":320,"caption":"La serie de conmutadores HPE 5120 EI proporciona flexibilidad, escalabilidad y un coste total de propiedad (TCO) bajo con un s\u00f3lido conjunto de caracter\u00edsticas compatibles con el apilamiento, el enrutamiento est\u00e1tico de nivel 3, PoE+, ACL e IPv6. La tecnolog\u00eda Hewlett Packard Enterprise (HPE) Intelligent Resilient Fabric (IRF) crea una estructura virtual mediante la gesti\u00f3n de varios conmutadores en un dispositivo l\u00f3gico, lo cual aumenta la resistencia, el rendimiento y la disponibilidad de la red, a la vez que se reduce la complejidad operativa. La serie de conmutadores HPE 5120 EI se puede gestionar con HPE Intelligent Management Center (IMC) para acceder a una sola vista de toda su red."},{"@type":"BreadcrumbList","@id":"https:\/\/servidor-hp.com.co\/netcomp\/servidores\/inicio\/networking-hp-cisco\/switch-hp-enrutador-hp\/switch-enrutador-je068a-hp-procurve-fibra-colombia\/#breadcrumb","itemListElement":[{"@type":"ListItem","position":1,"name":"Portada","item":"https:\/\/servidor-hp.com.co\/netcomp\/"},{"@type":"ListItem","position":2,"name":"Tienda","item":"https:\/\/servidor-hp.com.co\/netcomp\/servidores\/"},{"@type":"ListItem","position":3,"name":"SWITCH HP A5120-24G- 24 PUERTOS 10\/100 -N\/P: JE068A"}]},{"@type":"WebSite","@id":"https:\/\/servidor-hp.com.co\/netcomp\/#website","url":"https:\/\/servidor-hp.com.co\/netcomp\/","name":"Servidores HP - Nuevos - Usados - Alquiler","description":"Tels: (+57) 316 878 8749","alternateName":"Servidores HP DELL LENOVO IBM","potentialAction":[{"@type":"SearchAction","target":{"@type":"EntryPoint","urlTemplate":"https:\/\/servidor-hp.com.co\/netcomp\/?s={search_term_string}"},"query-input":{"@type":"PropertyValueSpecification","valueRequired":true,"valueName":"search_term_string"}}],"inLanguage":"es"}]}},"_links":{"self":[{"href":"https:\/\/servidor-hp.com.co\/netcomp\/wp-json\/wp\/v2\/product\/432","targetHints":{"allow":["GET"]}}],"collection":[{"href":"https:\/\/servidor-hp.com.co\/netcomp\/wp-json\/wp\/v2\/product"}],"about":[{"href":"https:\/\/servidor-hp.com.co\/netcomp\/wp-json\/wp\/v2\/types\/product"}],"replies":[{"embeddable":true,"href":"https:\/\/servidor-hp.com.co\/netcomp\/wp-json\/wp\/v2\/comments?post=432"}],"wp:featuredmedia":[{"embeddable":true,"href":"https:\/\/servidor-hp.com.co\/netcomp\/wp-json\/wp\/v2\/media\/22048"}],"wp:attachment":[{"href":"https:\/\/servidor-hp.com.co\/netcomp\/wp-json\/wp\/v2\/media?parent=432"}],"wp:term":[{"taxonomy":"product_brand","embeddable":true,"href":"https:\/\/servidor-hp.com.co\/netcomp\/wp-json\/wp\/v2\/product_brand?post=432"},{"taxonomy":"product_cat","embeddable":true,"href":"https:\/\/servidor-hp.com.co\/netcomp\/wp-json\/wp\/v2\/product_cat?post=432"},{"taxonomy":"product_tag","embeddable":true,"href":"https:\/\/servidor-hp.com.co\/netcomp\/wp-json\/wp\/v2\/product_tag?post=432"}],"curies":[{"name":"wp","href":"https:\/\/api.w.org\/{rel}","templated":true}]}}