{"id":392,"date":"2016-04-12T17:19:46","date_gmt":"2016-04-12T22:19:46","guid":{"rendered":"http:\/\/servidor-hp.com.co\/netcomp\/servidores\/servidores-hp\/servidor-hp-proliant-dl360-g9\/"},"modified":"2023-08-02T18:55:52","modified_gmt":"2023-08-02T23:55:52","slug":"servidor-hp-proliant-dl360-g9","status":"publish","type":"product","link":"https:\/\/servidor-hp.com.co\/netcomp\/servidores\/servidores-hp\/servidores-hp-2\/servidor-hp-proliant-dl360-g9\/","title":{"rendered":"Servidor HP DL360 Proliant G9"},"content":{"rendered":"<h1 style=\"text-align: center;\"><span style=\"font-size: 36pt;\"><strong><span style=\"color: #333399; font-family: tahoma, arial, helvetica, sans-serif;\">Servidor HP DL360 Proliant Gen9 &#8211; Usado o Para Arrendamiento<br \/>\n<\/span><\/strong><\/span><\/h1>\n<p>&nbsp;<\/p>\n<p>&nbsp;<\/p>\n<p>&nbsp;<\/p>\n<h3 style=\"text-align: center;\"><a title=\"Comprar \/ Precio Servidor HP Proliant DL360 Gen9\" href=\"https:\/\/netcomp.co\/es\/servidores-hp\/34572-hpe-servidor-dl360-gen9-proliant.html\" target=\"_blank\" rel=\"noopener\">Para Precio y Comprar Servidor HP DL360 Gen9 &#8211; Click Aqui!<\/a><\/h3>\n<p>&nbsp;<\/p>\n<p>&nbsp;<\/p>\n<p>&nbsp;<\/p>\n<h2 style=\"text-align: center;\"><span style=\"color: #ff0000; font-family: tahoma, arial, helvetica, sans-serif;\"><a style=\"color: #ff0000;\" href=\"https:\/\/servidor-hp.com.co\/netcomp\/servidores\/servidores-hp\/n-p-867962-b21-hp-servidor-hpe-proliant-dl360-sff-gen10fa\/\" target=\"_blank\" rel=\"noopener\"><strong><span style=\"font-size: 18pt;\">ESTE PRODUCTO FUE REEMPLAZADO POR : PROLIANT HP DL360 GEN 10 &#8211; CLICK AQUI!<\/span><\/strong><\/a><\/span><\/h2>\n<p>&nbsp;<\/p>\n<p>&nbsp;<\/p>\n<p>&nbsp;<\/p>\n<div id=\"attachment_22502\" style=\"width: 760px\" class=\"wp-caption aligncenter\"><a href=\"https:\/\/servidor-hp.com.co\/netcomp\/servidores\/servidores-hp\/n-p-867962-b21-hp-servidor-hpe-proliant-dl360-sff-gen10fa\/\"><img loading=\"lazy\" decoding=\"async\" aria-describedby=\"caption-attachment-22502\" class=\"wp-image-22502\" src=\"https:\/\/servidor-hp.com.co\/netcomp\/wp-content\/uploads\/2018\/10\/Servidor_HPE_ProLiant_DL360_Gen10.jpg\" alt=\"\" width=\"750\" height=\"373\" \/><\/a><p id=\"caption-attachment-22502\" class=\"wp-caption-text\">Servidor HPE DL360 Gen10<\/p><\/div>\n<p>&nbsp;<\/p>\n<p>&nbsp;<\/p>\n<h3><\/h3>\n<h3><span style=\"font-size: 14pt; color: #000000; font-family: tahoma, arial, helvetica, sans-serif;\">El servidor HP ProLiant DL360p Gen8 proporciona rendimiento con 2 sockets de clase empresarial y eficiencia en un tama\u00f1o 1U que ahorra espacio. Con el pr\u00e1ctico mantenimiento y la flexibilidad de configuraci\u00f3n, el Gen8 es ideal para aplicaciones generales, por ejemplo, archivos\/impresi\u00f3n, Web, cargas de trabajo inform\u00e1tico din\u00e1micas, virtualizaci\u00f3n y soluciones en la nube.<\/span><\/h3>\n<p>&nbsp;<\/p>\n<ul class=\"hpe-more-information__list\">\n<li class=\"hpe-more-information__list-item\">\n<h4><span style=\"font-size: 14pt; color: #000000; font-family: tahoma, arial, helvetica, sans-serif;\">Admite los procesadores escalables Intel\u00ae Xeon\u00ae de 2. generaci\u00f3n con un rendimiento y precio mejorados.<\/span><\/h4>\n<\/li>\n<li class=\"hpe-more-information__list-item\">\n<h4><span style=\"font-size: 14pt; color: #000000; font-family: tahoma, arial, helvetica, sans-serif;\">Los modelos de servidor Networking Choice (NC) ofrecen una mayor flexibilidad en la selecci\u00f3n de red principal.<\/span><\/h4>\n<\/li>\n<li class=\"hpe-more-information__list-item\">\n<h4><span style=\"font-size: 14pt; color: #000000; font-family: tahoma, arial, helvetica, sans-serif;\">Caracter\u00edsticas de seguridad iLO\u00a05 mejoradas como Server Configuration Lock, el panel de seguridad iLO y Workload Performance Advisor.<\/span><\/h4>\n<\/li>\n<li class=\"hpe-more-information__list-item\">\n<h4><span style=\"font-size: 14pt; color: #000000; font-family: tahoma, arial, helvetica, sans-serif;\">HPE InfoSight proporciona una herramienta basada en la nube de an\u00e1lisis que predice y evita los problemas antes de que su negocio se vea afectado.<\/span><\/h4>\n<\/li>\n<li class=\"hpe-more-information__list-item\">\n<h4><span style=\"font-size: 14pt; color: #000000; font-family: tahoma, arial, helvetica, sans-serif;\">La memoria persistente HPE ofrece la flexibilidad de implementar memoria densa o almacenamiento r\u00e1pido utilizando la memoria persistente Intel\u00ae Optane\u2122 DC y ofrece capacidad de memoria por socket de hasta 3,0 TB.<\/span><\/h4>\n<\/li>\n<\/ul>\n<p>&nbsp;<\/p>\n<p>&nbsp;<\/p>\n<p><strong><br \/>\n<span style=\"font-size: 20px; font-family: Tahoma;\">Caracter\u00edsticas del sistema <\/span><\/strong><\/p>\n<table style=\"height: 1570px;\" width=\"623\">\n<tbody>\n<tr>\n<td width=\"750\"><strong>Familia de procesador<\/strong><\/td>\n<\/tr>\n<tr>\n<td width=\"750\">Familia de productos Intel\u00ae Xeon\u00ae E5-2600 v3<\/p>\n<p>Familia de productos Intel\u00ae Xeon\u00ae E5-1600 v3<\/p>\n<p>Familia de productos Intel\u00ae Xeon\u00ae E5-2600 v4<\/td>\n<\/tr>\n<tr>\n<td width=\"750\"><strong>N\u00famero de procesadores<\/strong><\/td>\n<\/tr>\n<tr>\n<td width=\"750\">\n<ul>\n<li>1<\/li>\n<\/ul>\n<\/td>\n<\/tr>\n<tr>\n<td width=\"750\"><strong>N\u00facleo de procesador disponible<\/strong><\/td>\n<\/tr>\n<tr>\n<td width=\"750\">22 o 20 o 18 o 16 o 14 o 12 o 10 u 8 o 6 o 4<\/td>\n<\/tr>\n<tr>\n<td width=\"750\">Form factor (totalmente configurado)<\/td>\n<\/tr>\n<tr>\n<td width=\"750\">1U<\/td>\n<\/tr>\n<tr>\n<td width=\"750\"><strong>Tipo de fuente de alimentaci\u00f3n<\/strong><\/td>\n<\/tr>\n<tr>\n<td width=\"750\">\n<ul>\n<li>(2) Nivel de entrada<\/li>\n<\/ul>\n<\/td>\n<\/tr>\n<tr>\n<td width=\"750\"><strong>Ranuras de expansi\u00f3n<\/strong><\/td>\n<\/tr>\n<tr>\n<td width=\"750\">\n<ul>\n<li>(3) M\u00e1ximo: para obtener una descripci\u00f3n detallada, consulte QuickSpecs<\/li>\n<\/ul>\n<\/td>\n<\/tr>\n<tr>\n<td width=\"750\"><strong>MEMORIA<\/strong><\/td>\n<\/tr>\n<tr>\n<td width=\"750\"><strong>Memoria, m\u00e1xima<\/strong><\/td>\n<\/tr>\n<tr>\n<td width=\"750\">\n<ul>\n<li>256 GB<\/li>\n<\/ul>\n<\/td>\n<\/tr>\n<tr>\n<td width=\"750\"><strong>Ranuras de memoria<\/strong><\/td>\n<\/tr>\n<tr>\n<td width=\"750\">\n<ul>\n<li>8 ranuras DIMM<\/li>\n<\/ul>\n<\/td>\n<\/tr>\n<tr>\n<td width=\"750\"><strong>Tipo de memoria<\/strong><\/td>\n<\/tr>\n<tr>\n<td width=\"750\">\n<ul>\n<li>DDR4 SmartMemory<\/li>\n<\/ul>\n<\/td>\n<\/tr>\n<tr>\n<td width=\"750\"><strong>ALMACENAMIENTO<\/strong><\/td>\n<\/tr>\n<tr>\n<td width=\"750\"><strong>Descripci\u00f3n de unidad<\/strong><\/td>\n<\/tr>\n<tr>\n<td width=\"750\">\n<ul>\n<li>(8) SAS\/SATA\/SSD de formato peque\u00f1o o<\/li>\n<\/ul>\n<\/td>\n<\/tr>\n<tr>\n<td width=\"750\">\n<ul>\n<li>(4) SAS\/SATA\/SSD de formato grande<\/li>\n<\/ul>\n<\/td>\n<\/tr>\n<tr>\n<td width=\"750\">\n<ul>\n<li>Con o sin conexi\u00f3n en caliente, seg\u00fan el modelo<\/li>\n<\/ul>\n<\/td>\n<\/tr>\n<tr>\n<td width=\"750\"><strong>Tarjetas controladoras<\/strong><\/td>\n<\/tr>\n<tr>\n<td width=\"750\"><strong>Controlador de red<\/strong><\/td>\n<\/tr>\n<tr>\n<td width=\"750\">\n<ul>\n<li>Adaptador Ethernet 361i de 1 GB 0 y\/o<\/li>\n<\/ul>\n<\/td>\n<\/tr>\n<tr>\n<td width=\"750\">\n<ul>\n<li>FlexibleLOM opcional en elevador<\/li>\n<\/ul>\n<\/td>\n<\/tr>\n<tr>\n<td width=\"750\">\n<ul>\n<li>Seg\u00fan el modelo<\/li>\n<\/ul>\n<\/td>\n<\/tr>\n<tr>\n<td width=\"750\"><strong>Controlador de almacenamiento<\/strong><\/td>\n<\/tr>\n<tr>\n<td width=\"750\">\n<ul>\n<li>Dynamic Smart Array B140i o;Adaptador de bus de host H240<\/li>\n<\/ul>\n<\/td>\n<\/tr>\n<tr>\n<td width=\"750\">\n<ul>\n<li>Smart Array P440\/4 GB<\/li>\n<\/ul>\n<\/td>\n<\/tr>\n<tr>\n<td width=\"750\">\n<ul>\n<li>Seg\u00fan el modelo<\/li>\n<\/ul>\n<\/td>\n<\/tr>\n<\/tbody>\n<\/table>\n<p>&nbsp;<\/p>\n<h3 style=\"text-align: center;\"><a title=\"Tienda - Precio y Venta Servidores HP\" href=\"https:\/\/netcomp.co\/es\/132-servidores-hp-lenovo-dell-partes\" target=\"_blank\" rel=\"noopener noreferrer\"><span style=\"font-family: tahoma, arial, helvetica, sans-serif; font-size: 14pt; color: #ff0000;\"><strong>COMPRAR &#8211; DISPONEMOS DE UNA AMPLIA GAMA DE SERVIDORES HP PROLIANT PARA <\/strong><\/span><\/a><\/h3>\n<h3 style=\"text-align: center;\"><a title=\"Tienda - Precio y Venta Servidores HP\" href=\"https:\/\/netcomp.co\/es\/132-servidores-hp-lenovo-dell-partes\" target=\"_blank\" rel=\"noopener noreferrer\"><span style=\"font-family: tahoma, arial, helvetica, sans-serif; font-size: 14pt; color: #ff0000;\"><strong>VENTA \/ ARRENDAMIENTO \/ ALQUILER : <\/strong><\/span><\/a><\/h3>\n<h3 style=\"text-align: center;\"><a title=\"Tienda - Precio y Venta Servidores HP\" href=\"https:\/\/netcomp.co\/es\/132-servidores-hp-lenovo-dell-partes\" target=\"_blank\" rel=\"noopener noreferrer\"><span style=\"font-family: tahoma, arial, helvetica, sans-serif; font-size: 14pt; color: #ff0000;\"><strong>ML350 \/ ML150 \/ DL320 \/ DL360 \/ DL380 <\/strong><\/span><span style=\"font-family: tahoma, arial, helvetica, sans-serif; font-size: 14pt; color: #ff0000;\"><strong>PARA COMPRAR CLICK AQUI!<\/strong><\/span><\/a><\/h3>\n<p>&nbsp;<\/p>\n<h2 style=\"text-align: center;\"><span style=\"font-family: tahoma, arial, helvetica, sans-serif; font-size: 14pt; color: #ff0000;\"><strong><a href=\"https:\/\/api.whatsapp.com\/send?phone=573168788749\" target=\"_blank\" rel=\"noopener noreferrer\"><img loading=\"lazy\" decoding=\"async\" class=\"wp-image-20467 aligncenter\" src=\"http:\/\/cableado-estructurado.com.co\/netcomp\/wp-content\/uploads\/2018\/07\/whatsapp-logo-mensaje.jpg\" alt=\"\" width=\"290\" height=\"220\" \/><\/a><\/strong><\/span><\/h2>\n<h2 style=\"text-align: center;\"><span style=\"font-family: tahoma, arial, helvetica, sans-serif; font-size: 14pt; color: #ff0000;\"><img loading=\"lazy\" decoding=\"async\" class=\"wp-image-21775 aligncenter\" src=\"https:\/\/servidor-hp.com.co\/netcomp\/wp-content\/uploads\/2019\/05\/boton-ventas-servidor.png\" alt=\"\" width=\"495\" height=\"153\" \/><\/span><\/h2>\n","protected":false},"excerpt":{"rendered":"<h2><span style=\"color: #333399;\"><strong><span style=\"font-family: tahoma, arial, helvetica, sans-serif;\"><span style=\"font-size: 18pt;\">Servidor HP Proliant DL360 Gen9 \/ Gen10 Usado o Para Alquiler<\/span><\/span><br \/>\n<\/strong><\/span><\/h2>\n<p>&nbsp;<\/p>\n<p>&nbsp;<\/p>\n<p>&nbsp;<\/p>\n","protected":false},"featured_media":342,"comment_status":"open","ping_status":"closed","template":"","meta":{"_et_pb_use_builder":"","_et_pb_old_content":"","_et_gb_content_width":""},"product_brand":[],"product_cat":[73,15,57],"product_tag":[17,390,29],"class_list":{"0":"post-392","1":"product","2":"type-product","3":"status-publish","4":"has-post-thumbnail","6":"product_cat-servidores-hp-ibm-cisco","7":"product_cat-servidores-hp","8":"product_cat-servidores-hp-2","9":"product_tag-comprar-servidor-hp-bogota-colombia","10":"product_tag-servidor-hp-dl360","11":"product_tag-soporte-tecnico-para-servidores-colombia","13":"first","14":"instock","15":"shipping-taxable","16":"product-type-simple"},"yoast_head":"<!-- This site is optimized with the Yoast SEO plugin v27.2 - https:\/\/yoast.com\/product\/yoast-seo-wordpress\/ -->\n<title>Servidor HP DL360 Proliant G9 - Servidores HP - Nuevos - Usados - Alquiler<\/title>\n<meta name=\"description\" content=\"Servidor HP DL360 Proliant G9 - - Precio y Disponibilidad en Bogota - Colombia - servidor-hp.com.co\" \/>\n<meta name=\"robots\" content=\"index, follow, max-snippet:-1, max-image-preview:large, max-video-preview:-1\" \/>\n<link rel=\"canonical\" href=\"https:\/\/servidor-hp.com.co\/netcomp\/servidores\/servidores-hp\/servidores-hp-2\/servidor-hp-proliant-dl360-g9\/\" \/>\n<meta property=\"og:locale\" content=\"es_ES\" \/>\n<meta property=\"og:type\" content=\"article\" \/>\n<meta property=\"og:title\" content=\"Servidor HP DL360 Proliant G9 - Servidores HP - Nuevos - Usados - Alquiler\" \/>\n<meta property=\"og:description\" content=\"Servidor HP DL360 Proliant G9 - - Precio y Disponibilidad en Bogota - Colombia - servidor-hp.com.co\" \/>\n<meta property=\"og:url\" content=\"https:\/\/servidor-hp.com.co\/netcomp\/servidores\/servidores-hp\/servidores-hp-2\/servidor-hp-proliant-dl360-g9\/\" \/>\n<meta property=\"og:site_name\" content=\"Servidores HP - Nuevos - Usados - Alquiler\" \/>\n<meta property=\"article:modified_time\" content=\"2023-08-02T23:55:52+00:00\" \/>\n<meta property=\"og:image\" content=\"https:\/\/servidor-hp.com.co\/netcomp\/wp-content\/uploads\/2016\/04\/Servidor-HPE-ProLiant-DL120-Gen9.png\" \/>\n\t<meta property=\"og:image:width\" content=\"474\" \/>\n\t<meta property=\"og:image:height\" content=\"356\" \/>\n\t<meta property=\"og:image:type\" content=\"image\/png\" \/>\n<meta name=\"twitter:card\" content=\"summary_large_image\" \/>\n<meta name=\"twitter:label1\" content=\"Tiempo de lectura\" \/>\n\t<meta name=\"twitter:data1\" content=\"2 minutos\" \/>\n<script type=\"application\/ld+json\" class=\"yoast-schema-graph\">{\"@context\":\"https:\/\/schema.org\",\"@graph\":[{\"@type\":\"WebPage\",\"@id\":\"https:\/\/servidor-hp.com.co\/netcomp\/servidores\/servidores-hp\/servidores-hp-2\/servidor-hp-proliant-dl360-g9\/\",\"url\":\"https:\/\/servidor-hp.com.co\/netcomp\/servidores\/servidores-hp\/servidores-hp-2\/servidor-hp-proliant-dl360-g9\/\",\"name\":\"Servidor HP DL360 Proliant G9 - Servidores HP - Nuevos - Usados - Alquiler\",\"isPartOf\":{\"@id\":\"https:\/\/servidor-hp.com.co\/netcomp\/#website\"},\"primaryImageOfPage\":{\"@id\":\"https:\/\/servidor-hp.com.co\/netcomp\/servidores\/servidores-hp\/servidores-hp-2\/servidor-hp-proliant-dl360-g9\/#primaryimage\"},\"image\":{\"@id\":\"https:\/\/servidor-hp.com.co\/netcomp\/servidores\/servidores-hp\/servidores-hp-2\/servidor-hp-proliant-dl360-g9\/#primaryimage\"},\"thumbnailUrl\":\"https:\/\/servidor-hp.com.co\/netcomp\/wp-content\/uploads\/2016\/04\/Servidor-HPE-ProLiant-DL120-Gen9.png\",\"datePublished\":\"2016-04-12T22:19:46+00:00\",\"dateModified\":\"2023-08-02T23:55:52+00:00\",\"description\":\"Servidor HP DL360 Proliant G9 - - Precio y Disponibilidad en Bogota - Colombia - servidor-hp.com.co\",\"breadcrumb\":{\"@id\":\"https:\/\/servidor-hp.com.co\/netcomp\/servidores\/servidores-hp\/servidores-hp-2\/servidor-hp-proliant-dl360-g9\/#breadcrumb\"},\"inLanguage\":\"es\",\"potentialAction\":[{\"@type\":\"ReadAction\",\"target\":[\"https:\/\/servidor-hp.com.co\/netcomp\/servidores\/servidores-hp\/servidores-hp-2\/servidor-hp-proliant-dl360-g9\/\"]}]},{\"@type\":\"ImageObject\",\"inLanguage\":\"es\",\"@id\":\"https:\/\/servidor-hp.com.co\/netcomp\/servidores\/servidores-hp\/servidores-hp-2\/servidor-hp-proliant-dl360-g9\/#primaryimage\",\"url\":\"https:\/\/servidor-hp.com.co\/netcomp\/wp-content\/uploads\/2016\/04\/Servidor-HPE-ProLiant-DL120-Gen9.png\",\"contentUrl\":\"https:\/\/servidor-hp.com.co\/netcomp\/wp-content\/uploads\/2016\/04\/Servidor-HPE-ProLiant-DL120-Gen9.png\",\"width\":474,\"height\":356},{\"@type\":\"BreadcrumbList\",\"@id\":\"https:\/\/servidor-hp.com.co\/netcomp\/servidores\/servidores-hp\/servidores-hp-2\/servidor-hp-proliant-dl360-g9\/#breadcrumb\",\"itemListElement\":[{\"@type\":\"ListItem\",\"position\":1,\"name\":\"Portada\",\"item\":\"https:\/\/servidor-hp.com.co\/netcomp\/\"},{\"@type\":\"ListItem\",\"position\":2,\"name\":\"Tienda\",\"item\":\"https:\/\/servidor-hp.com.co\/netcomp\/servidores\/\"},{\"@type\":\"ListItem\",\"position\":3,\"name\":\"Servidor HP Proliant DL360 G9\"}]},{\"@type\":\"WebSite\",\"@id\":\"https:\/\/servidor-hp.com.co\/netcomp\/#website\",\"url\":\"https:\/\/servidor-hp.com.co\/netcomp\/\",\"name\":\"Servidores HP - Nuevos - Usados - Alquiler\",\"description\":\"Tels: (+57) 316 878 8749\",\"alternateName\":\"Servidores HP DELL LENOVO IBM\",\"potentialAction\":[{\"@type\":\"SearchAction\",\"target\":{\"@type\":\"EntryPoint\",\"urlTemplate\":\"https:\/\/servidor-hp.com.co\/netcomp\/?s={search_term_string}\"},\"query-input\":{\"@type\":\"PropertyValueSpecification\",\"valueRequired\":true,\"valueName\":\"search_term_string\"}}],\"inLanguage\":\"es\"}]}<\/script>\n<!-- \/ Yoast SEO plugin. -->","yoast_head_json":{"title":"Servidor HP DL360 Proliant G9 - Servidores HP - Nuevos - Usados - Alquiler","description":"Servidor HP DL360 Proliant G9 - - Precio y Disponibilidad en Bogota - Colombia - servidor-hp.com.co","robots":{"index":"index","follow":"follow","max-snippet":"max-snippet:-1","max-image-preview":"max-image-preview:large","max-video-preview":"max-video-preview:-1"},"canonical":"https:\/\/servidor-hp.com.co\/netcomp\/servidores\/servidores-hp\/servidores-hp-2\/servidor-hp-proliant-dl360-g9\/","og_locale":"es_ES","og_type":"article","og_title":"Servidor HP DL360 Proliant G9 - Servidores HP - Nuevos - Usados - Alquiler","og_description":"Servidor HP DL360 Proliant G9 - - Precio y Disponibilidad en Bogota - Colombia - servidor-hp.com.co","og_url":"https:\/\/servidor-hp.com.co\/netcomp\/servidores\/servidores-hp\/servidores-hp-2\/servidor-hp-proliant-dl360-g9\/","og_site_name":"Servidores HP - Nuevos - Usados - Alquiler","article_modified_time":"2023-08-02T23:55:52+00:00","og_image":[{"width":474,"height":356,"url":"https:\/\/servidor-hp.com.co\/netcomp\/wp-content\/uploads\/2016\/04\/Servidor-HPE-ProLiant-DL120-Gen9.png","type":"image\/png"}],"twitter_card":"summary_large_image","twitter_misc":{"Tiempo de lectura":"2 minutos"},"schema":{"@context":"https:\/\/schema.org","@graph":[{"@type":"WebPage","@id":"https:\/\/servidor-hp.com.co\/netcomp\/servidores\/servidores-hp\/servidores-hp-2\/servidor-hp-proliant-dl360-g9\/","url":"https:\/\/servidor-hp.com.co\/netcomp\/servidores\/servidores-hp\/servidores-hp-2\/servidor-hp-proliant-dl360-g9\/","name":"Servidor HP DL360 Proliant G9 - Servidores HP - Nuevos - Usados - Alquiler","isPartOf":{"@id":"https:\/\/servidor-hp.com.co\/netcomp\/#website"},"primaryImageOfPage":{"@id":"https:\/\/servidor-hp.com.co\/netcomp\/servidores\/servidores-hp\/servidores-hp-2\/servidor-hp-proliant-dl360-g9\/#primaryimage"},"image":{"@id":"https:\/\/servidor-hp.com.co\/netcomp\/servidores\/servidores-hp\/servidores-hp-2\/servidor-hp-proliant-dl360-g9\/#primaryimage"},"thumbnailUrl":"https:\/\/servidor-hp.com.co\/netcomp\/wp-content\/uploads\/2016\/04\/Servidor-HPE-ProLiant-DL120-Gen9.png","datePublished":"2016-04-12T22:19:46+00:00","dateModified":"2023-08-02T23:55:52+00:00","description":"Servidor HP DL360 Proliant G9 - - Precio y Disponibilidad en Bogota - Colombia - servidor-hp.com.co","breadcrumb":{"@id":"https:\/\/servidor-hp.com.co\/netcomp\/servidores\/servidores-hp\/servidores-hp-2\/servidor-hp-proliant-dl360-g9\/#breadcrumb"},"inLanguage":"es","potentialAction":[{"@type":"ReadAction","target":["https:\/\/servidor-hp.com.co\/netcomp\/servidores\/servidores-hp\/servidores-hp-2\/servidor-hp-proliant-dl360-g9\/"]}]},{"@type":"ImageObject","inLanguage":"es","@id":"https:\/\/servidor-hp.com.co\/netcomp\/servidores\/servidores-hp\/servidores-hp-2\/servidor-hp-proliant-dl360-g9\/#primaryimage","url":"https:\/\/servidor-hp.com.co\/netcomp\/wp-content\/uploads\/2016\/04\/Servidor-HPE-ProLiant-DL120-Gen9.png","contentUrl":"https:\/\/servidor-hp.com.co\/netcomp\/wp-content\/uploads\/2016\/04\/Servidor-HPE-ProLiant-DL120-Gen9.png","width":474,"height":356},{"@type":"BreadcrumbList","@id":"https:\/\/servidor-hp.com.co\/netcomp\/servidores\/servidores-hp\/servidores-hp-2\/servidor-hp-proliant-dl360-g9\/#breadcrumb","itemListElement":[{"@type":"ListItem","position":1,"name":"Portada","item":"https:\/\/servidor-hp.com.co\/netcomp\/"},{"@type":"ListItem","position":2,"name":"Tienda","item":"https:\/\/servidor-hp.com.co\/netcomp\/servidores\/"},{"@type":"ListItem","position":3,"name":"Servidor HP Proliant DL360 G9"}]},{"@type":"WebSite","@id":"https:\/\/servidor-hp.com.co\/netcomp\/#website","url":"https:\/\/servidor-hp.com.co\/netcomp\/","name":"Servidores HP - Nuevos - Usados - Alquiler","description":"Tels: (+57) 316 878 8749","alternateName":"Servidores HP DELL LENOVO IBM","potentialAction":[{"@type":"SearchAction","target":{"@type":"EntryPoint","urlTemplate":"https:\/\/servidor-hp.com.co\/netcomp\/?s={search_term_string}"},"query-input":{"@type":"PropertyValueSpecification","valueRequired":true,"valueName":"search_term_string"}}],"inLanguage":"es"}]}},"_links":{"self":[{"href":"https:\/\/servidor-hp.com.co\/netcomp\/wp-json\/wp\/v2\/product\/392","targetHints":{"allow":["GET"]}}],"collection":[{"href":"https:\/\/servidor-hp.com.co\/netcomp\/wp-json\/wp\/v2\/product"}],"about":[{"href":"https:\/\/servidor-hp.com.co\/netcomp\/wp-json\/wp\/v2\/types\/product"}],"replies":[{"embeddable":true,"href":"https:\/\/servidor-hp.com.co\/netcomp\/wp-json\/wp\/v2\/comments?post=392"}],"wp:featuredmedia":[{"embeddable":true,"href":"https:\/\/servidor-hp.com.co\/netcomp\/wp-json\/wp\/v2\/media\/342"}],"wp:attachment":[{"href":"https:\/\/servidor-hp.com.co\/netcomp\/wp-json\/wp\/v2\/media?parent=392"}],"wp:term":[{"taxonomy":"product_brand","embeddable":true,"href":"https:\/\/servidor-hp.com.co\/netcomp\/wp-json\/wp\/v2\/product_brand?post=392"},{"taxonomy":"product_cat","embeddable":true,"href":"https:\/\/servidor-hp.com.co\/netcomp\/wp-json\/wp\/v2\/product_cat?post=392"},{"taxonomy":"product_tag","embeddable":true,"href":"https:\/\/servidor-hp.com.co\/netcomp\/wp-json\/wp\/v2\/product_tag?post=392"}],"curies":[{"name":"wp","href":"https:\/\/api.w.org\/{rel}","templated":true}]}}