{"id":36921,"date":"2023-09-15T01:17:49","date_gmt":"2023-09-15T06:17:49","guid":{"rendered":"https:\/\/servidor-hp.com.co\/netcomp\/servidores\/sin%20categor\u00eda\/ups-online-bifasicas-con-transformador-3kva-srt3000rmxlt-5ktf-marca-apc\/"},"modified":"2023-09-15T01:17:51","modified_gmt":"2023-09-15T06:17:51","slug":"ups-online-bifasicas-con-transformador-3kva-srt3000rmxlt-5ktf-marca-apc","status":"publish","type":"product","link":"https:\/\/servidor-hp.com.co\/netcomp\/servidores\/ups\/ups-online-bifasicas-con-transformador-3kva-srt3000rmxlt-5ktf-marca-apc\/","title":{"rendered":"UPS ONLINE BIFaSICAS CON TRANSFORMADOR  3KVA  &#8211; SRT3000RMXLT-5KTF MARCA APC"},"content":{"rendered":"<h1 style=\"text-align: center;\"><span style=\"font-family: tahoma, arial, helvetica, sans-serif;\"><strong>UPS ONLINE BIFaSICAS CON TRANSFORMADOR  3KVA  &#8211; SRT3000RMXLT-5KTF MARCA APC<br \/>\n<\/strong><\/span><\/h1>\n<p><span style=\"font-family: tahoma, arial, helvetica, sans-serif;\"><img loading=\"lazy\" decoding=\"async\" class=\"aligncenter\" src=\"https:\/\/servidor-hp.com.co\/netcomp\/wp-content\/uploads\/2023\/09\/ups-marca-apc-online-interactiva-rack-pdu-ats-bogota-colombia.jpg\" alt=\"APC : UPS - ATS - PDU - Reguladores\" width=\"455\" height=\"406\" \/><\/span><\/p>\n<h3><strong>Descripci\u00f3n:<\/strong><\/h3>\n<h2><span style=\"font-family: tahoma, arial, helvetica, sans-serif;\">N\/P: SRT3000RMXLT-5KTF &#8211; APC Smart-UPS SRT  3000 VA \/ 2700 Watts, FP = 0,9 para rack, con transformador reductor de 208 V a 120 V, 2 U. Autonomia a full carga : 3,8 minutos, A media carga : 11,4 minutos<\/span><\/h2>\n<p>&nbsp;<\/p>\n<p><span style=\"font-family: tahoma, arial, helvetica, sans-serif;\">\u00a0<\/span><\/p>\n<p>&nbsp;<\/p>\n<ul>\n<li>\n<h3><span style=\"font-family: tahoma, arial, helvetica, sans-serif;\">Detalle : BIFaSICA Doble conversion On-Line &#8211; 3 a?os de garantia en CAS. INCLUYE (1) UPS SRT3000RMXLT + (1) TRANSFORMADOR SRT5KRMTF<\/span><\/h3>\n<\/li>\n<li>\n<h3><span style=\"font-family: tahoma, arial, helvetica, sans-serif;\">Marca : APC<\/span><\/h3>\n<\/li>\n<li>\n<h3><span style=\"font-family: tahoma, arial, helvetica, sans-serif;\">Modelo : UPS ONLINE BIFaSICAS CON TRANSFORMADOR  3KVA<\/span><\/h3>\n<\/li>\n<li>\n<h3><span style=\"font-family: tahoma, arial, helvetica, sans-serif;\">Numero de Parte :SRT3000RMXLT-5KTF<\/span><\/h3>\n<\/li>\n<li>\n<h3><span style=\"font-family: tahoma, arial, helvetica, sans-serif;\">Link APC Ficha Tecnica : <\/span><\/h3>\n<\/li>\n<\/ul>\n<p>&nbsp;<\/p>\n<p><span style=\"font-family: tahoma, arial, helvetica, sans-serif;\">Las Unidades de Alimentaci\u00f3n Ininterrumpida (UPS) son elementos esenciales en la infraestructura de cualquier empresa u hogar moderno. APC, una marca l\u00edder en el campo de la protecci\u00f3n el\u00e9ctrica, ofrece una amplia gama de UPS dise\u00f1ados para mantener tu energ\u00eda funcionando sin interrupciones y proteger tus equipos electr\u00f3nicos valiosos. En esta p\u00e1gina, exploraremos las soluciones de UPS de APC y c\u00f3mo pueden beneficiarte tanto en el hogar como en el entorno empresarial.<\/span><\/p>\n<p>&nbsp;<\/p>\n<p><span style=\"font-family: tahoma, arial, helvetica, sans-serif;\"><strong>Beneficios de las UPS APC:<\/strong><\/span><\/p>\n<ol>\n<li>\n<h3><span style=\"font-family: tahoma, arial, helvetica, sans-serif;\"><strong>Protecci\u00f3n contra Interrupciones:<\/strong> Las UPS APC act\u00faan como un \u00absalvavidas\u00bb el\u00e9ctrico, proporcionando energ\u00eda de respaldo en caso de cortes de energ\u00eda repentinos. Esto evita la p\u00e9rdida de datos y garantiza que tus sistemas contin\u00faen funcionando sin problemas.<\/span><\/h3>\n<\/li>\n<li>\n<h3><span style=\"font-family: tahoma, arial, helvetica, sans-serif;\"><strong>Protecci\u00f3n contra Sobretensiones:<\/strong> Las fluctuaciones de voltaje y las sobretensiones pueden da\u00f1ar tus dispositivos electr\u00f3nicos. Las UPS APC filtran y estabilizan la energ\u00eda el\u00e9ctrica para proteger tus equipos sensibles.<\/span><\/h3>\n<\/li>\n<li>\n<h3><span style=\"font-family: tahoma, arial, helvetica, sans-serif;\"><strong>Tiempo de Respuesta Instant\u00e1neo:<\/strong> Las UPS de APC ofrecen una conmutaci\u00f3n sin interrupciones a la energ\u00eda de respaldo en milisegundos, lo que garantiza que tus sistemas no se vean afectados por la transici\u00f3n.<\/span><\/h3>\n<\/li>\n<li>\n<h3><span style=\"font-family: tahoma, arial, helvetica, sans-serif;\"><strong>Capacidad de Administraci\u00f3n Remota:<\/strong> Muchos modelos de UPS APC incluyen opciones de administraci\u00f3n remota, lo que te permite supervisar y controlar tus sistemas de forma remota, incluso cuando no est\u00e1s en el lugar.<\/span><\/h3>\n<\/li>\n<\/ol>\n<h3><\/h3>\n<h3><span style=\"font-family: tahoma, arial, helvetica, sans-serif;\"><strong>Modelos de UPS APC:<\/strong><\/span><\/h3>\n<h3><span style=\"font-family: tahoma, arial, helvetica, sans-serif;\">APC ofrece una variedad de modelos de UPS para satisfacer diferentes necesidades. Algunos de los modelos m\u00e1s populares incluyen:<\/span><\/h3>\n<ul>\n<li>\n<h3><span style=\"font-family: tahoma, arial, helvetica, sans-serif;\"><strong>APC Back-UPS Pro:<\/strong> Ideal para uso en el hogar y peque\u00f1as oficinas, este modelo ofrece protecci\u00f3n contra cortes de energ\u00eda, sobretensiones y tiene puertos USB para la administraci\u00f3n de energ\u00eda.<\/span><\/h3>\n<\/li>\n<li>\n<h3><span style=\"font-family: tahoma, arial, helvetica, sans-serif;\"><strong>APC Smart-UPS:<\/strong> Dise\u00f1ado para aplicaciones empresariales, este modelo proporciona una mayor capacidad de energ\u00eda de respaldo y opciones de administraci\u00f3n avanzada, como el monitoreo remoto.<\/span><\/h3>\n<\/li>\n<li>\n<h3><span style=\"font-family: tahoma, arial, helvetica, sans-serif;\"><strong>APC Symmetra:<\/strong> Para entornos empresariales cr\u00edticos, la serie Symmetra ofrece una redundancia y escalabilidad excepcionales para garantizar la continuidad del negocio.<\/span><\/h3>\n<\/li>\n<\/ul>\n<h4><\/h4>\n<h4><span style=\"font-family: tahoma, arial, helvetica, sans-serif;\">\u00a0Las UPS de APC son la elecci\u00f3n inteligente para proteger tus dispositivos electr\u00f3nicos y garantizar la continuidad de la energ\u00eda en tu hogar o empresa. Con una reputaci\u00f3n de confiabilidad y rendimiento excepcionales, APC es l\u00edder en el mercado de UPS. Explora nuestra selecci\u00f3n de modelos para encontrar la soluci\u00f3n perfecta que se adapte a tus necesidades espec\u00edficas de energ\u00eda y protecci\u00f3n.<\/span><\/h4>\n<h4><span style=\"font-family: tahoma, arial, helvetica, sans-serif;\">Para obtener m\u00e1s informaci\u00f3n sobre los productos de UPS APC y c\u00f3mo pueden beneficiar tu negocio u hogar, no dudes en contactarnos. Estamos aqu\u00ed para ayudarte a mantener tu energ\u00eda en funcionamiento sin problemas y tus dispositivos protegidos.<\/span><\/h4>\n<p>&nbsp;<\/p>\n<p>&nbsp;<\/p>\n<h3><\/h3>\n<h3><\/h3>\n<h2 style=\"text-align: center;\"><span style=\"font-family: tahoma, arial, helvetica, sans-serif; color: #ff0000;\"><strong>SERVIDORES HP &#8211; PARTES &#8211; REPUESTOS &#8211; DISCOS DUROS &#8211; FUENTES DE PODER &#8211; STORAGE<\/strong><\/span><\/h2>\n<h2 style=\"text-align: center;\"><span style=\"font-family: tahoma, arial, helvetica, sans-serif;\"><strong>Disponemos de una Amplia Gama de Equipos Para Venta &#8211; Arrendamiento &#8211; Alquiler : Servidores &#8211; Swicthes &#8211; AP Soluciones Wifi &#8211; UPS<\/strong><\/span><\/h2>\n<table class=\" aligncenter\" width=\"82\">\n<tbody>\n<tr>\n<td><\/td>\n<\/tr>\n<\/tbody>\n<\/table>\n<p>&nbsp;<\/p>\n<h3 style=\"text-align: center;\"><span style=\"font-family: tahoma, arial, helvetica, sans-serif;\"><strong> SOMOS INGENIEROS CERTIFICADOS EN SERVIDORES HP &#8211; NOS ESPECIALIZAMOS EN SOLUCIONES CORPORATIVAS INTEGRALES : Videovigilancia &#8211; Redes &#8211; Servidores &#8211; Almacenamiento &#8211; Cableado Estructurado<\/strong><\/span><\/h3>\n<h3><\/h3>\n<h3><span style=\"font-family: tahoma, arial, helvetica, sans-serif;\"><strong>\u00a0<\/strong><\/span><\/h3>\n<p style=\"text-align: center;\"><span style=\"font-family: tahoma, arial, helvetica, sans-serif; color: #ff0000;\"><strong>Para Precio y Disponibilidad Por Favor Cont\u00e1ctanos V\u00eda Email o WhatsApp<\/strong><\/span><\/p>\n<p style=\"text-align: center;\"><span style=\"font-family: tahoma, arial, helvetica, sans-serif; color: #ff0000;\">___________________________________________________________________________________________________<\/span><\/p>\n<p>&nbsp;<\/p>\n<p>&nbsp;<\/p>\n<h3 style=\"text-align: center;\"><span style=\"font-family: tahoma, arial, helvetica, sans-serif;\"><strong><a title=\"Tienda - Precio y Venta Servidores HP\" href=\"https:\/\/netcomp.co\/es\/132-servidores-hp-lenovo-dell-partes\" target=\"_blank\" rel=\"noopener noreferrer\">DISPONEMOS DE UNA AMPLIA GAMA DE SERVIDORES HP PROLIANT PARA <\/a><\/strong><\/span><\/h3>\n<h3 style=\"text-align: center;\"><span style=\"font-family: tahoma, arial, helvetica, sans-serif;\"><strong><a title=\"Tienda - Precio y Venta Servidores HP\" href=\"https:\/\/netcomp.co\/es\/132-servidores-hp-lenovo-dell-partes\" target=\"_blank\" rel=\"noopener noreferrer\">VENTA \/ ARRENDAMIENTO \/ ALQUILER :<\/a><\/strong><\/span><\/h3>\n<h3 style=\"text-align: center;\"><span style=\"font-family: tahoma, arial, helvetica, sans-serif;\"><a title=\"Tienda - Precio y Venta Servidores HP\" href=\"https:\/\/netcomp.co\/es\/132-servidores-hp-lenovo-dell-partes\" target=\"_blank\" rel=\"noopener noreferrer\"><strong>ML350 \/ ML150 \/ DL320 \/ DL360 \/ DL380 PARA COMPRAR CLICK AQU<\/strong><strong>I!<\/strong><\/a><\/span><\/h3>\n<h2 style=\"text-align: center;\"><span style=\"font-family: tahoma, arial, helvetica, sans-serif;\"><strong><a href=\"https:\/\/api.whatsapp.com\/send?phone=573168788749\" target=\"_blank\" rel=\"noopener noreferrer\"><img loading=\"lazy\" decoding=\"async\" class=\"wp-image-20467\" src=\"http:\/\/cableado-estructurado.com.co\/netcomp\/wp-content\/uploads\/2018\/07\/whatsapp-logo-mensaje.jpg\" alt=\"\" width=\"268\" height=\"203\" \/><\/a><\/strong><\/span><\/h2>\n<h2><span style=\"font-family: tahoma, arial, helvetica, sans-serif;\"><img loading=\"lazy\" decoding=\"async\" class=\"wp-image-21775 aligncenter\" src=\"https:\/\/servidor-hp.com.co\/netcomp\/wp-content\/uploads\/2019\/05\/boton-ventas-servidor.png\" alt=\"\" width=\"434\" height=\"134\" \/><\/span><\/h2>\n<p>&nbsp;<\/p>\n","protected":false},"excerpt":{"rendered":"<p>UPS ONLINE BIFaSICAS CON TRANSFORMADOR  3KVA  &#8211; SRT3000RMXLT-5KTF MARCA APC<\/p>\n","protected":false},"featured_media":36539,"comment_status":"closed","ping_status":"open","template":"","meta":{"_et_pb_use_builder":"on","_et_pb_old_content":"UPS ONLINE BIFaSICAS CON TRANSFORMADOR  3KVA  - SRT3000RMXLT-5KTF MARCA APC - APC Smart-UPS SRT  3000 VA \/ 2700 Watts, FP = 0,9 para rack, con transformador reductor de 208 V a 120 V, 2 U. Autonomia a full carga : 3,8 minutos, A media carga : 11,4 minutos - Bogota - Colombia - servidor-hp.com.co","_et_gb_content_width":""},"product_brand":[],"product_cat":[52874],"product_tag":[52876,52877,1020,52875],"class_list":{"0":"post-36921","1":"product","2":"type-product","3":"status-publish","4":"has-post-thumbnail","6":"product_cat-ups","7":"product_tag-ats-marca-apc","8":"product_tag-pdu-marca-apc","9":"product_tag-precio-ups-apc","10":"product_tag-ups-marca-apc","12":"first","13":"instock","14":"product-type-simple"},"yoast_head":"<!-- This site is optimized with the Yoast SEO plugin v27.2 - https:\/\/yoast.com\/product\/yoast-seo-wordpress\/ -->\n<title>UPS ONLINE BIFaSICAS CON TRANSFORMADOR 3KVA - SRT3000RMXLT-5KTF MARCA APC<\/title>\n<meta name=\"description\" content=\"UPS ONLINE BIFaSICAS CON TRANSFORMADOR 3KVA - SRT3000RMXLT-5KTF MARCA APC - APC Smart-UPS SRT 3000 VA \/ 2700 Watts, FP = 0,9 para rack, con transformador reductor de 208 V a 120 V, 2 U. Autonomia a full carga : 3,8 minutos, A media carga : 11,4 minutos - Bogota - Colombia - servidor-hp.com.co\" \/>\n<meta name=\"robots\" content=\"index, follow, max-snippet:-1, max-image-preview:large, max-video-preview:-1\" \/>\n<link rel=\"canonical\" href=\"https:\/\/servidor-hp.com.co\/netcomp\/servidores\/sin%20categor\u00eda\/ups-online-bifasicas-con-transformador-3kva-srt3000rmxlt-5ktf-marca-apc\/\" \/>\n<meta property=\"og:locale\" content=\"es_ES\" \/>\n<meta property=\"og:type\" content=\"article\" \/>\n<meta property=\"og:title\" content=\"UPS ONLINE BIFaSICAS CON TRANSFORMADOR 3KVA - SRT3000RMXLT-5KTF MARCA APC - APC Smart-UPS SRT 3000 VA \/ 2700 Watts, FP = 0,9 para rack, con transformador reductor de 208 V a 120 V, 2 U. Autonomia a full carga : 3,8 minutos, A media carga : 11,4 minutos\" \/>\n<meta property=\"og:description\" content=\"UPS ONLINE BIFaSICAS CON TRANSFORMADOR 3KVA - SRT3000RMXLT-5KTF MARCA APC - APC Smart-UPS SRT 3000 VA \/ 2700 Watts, FP = 0,9 para rack, con transformador reductor de 208 V a 120 V, 2 U. Autonomia a full carga : 3,8 minutos, A media carga : 11,4 minutos - Bogota - Colombia - servidor-hp.com.co\" \/>\n<meta property=\"og:url\" content=\"https:\/\/servidor-hp.com.co\/netcomp\/servidores\/sin categor\u00eda\/ups-online-bifasicas-con-transformador-3kva-srt3000rmxlt-5ktf-marca-apc\/\" \/>\n<meta property=\"og:site_name\" content=\"Servidores HP - Nuevos - Usados - Alquiler\" \/>\n<meta property=\"article:modified_time\" content=\"2023-09-15T06:17:51+00:00\" \/>\n<meta property=\"og:image\" content=\"https:\/\/servidor-hp.com.co\/netcomp\/wp-content\/uploads\/2018\/12\/spx-sensores-temperatura-akcp.jpg\" \/>\n\t<meta property=\"og:image:width\" content=\"1280\" \/>\n\t<meta property=\"og:image:height\" content=\"720\" \/>\n\t<meta property=\"og:image:type\" content=\"image\/jpeg\" \/>\n<meta name=\"twitter:card\" content=\"summary_large_image\" \/>\n<meta name=\"twitter:title\" content=\"UPS ONLINE BIFaSICAS CON TRANSFORMADOR 3KVA - SRT3000RMXLT-5KTF MARCA APC\" \/>\n<meta name=\"twitter:description\" content=\"HPE SRT3000RMXLT-5KTF - Bogota - Colombia - servidor-hp.com.co\" \/>\n<meta name=\"twitter:image\" content=\"https:\/\/servidor-hp.com.co\/netcomp\/wp-content\/uploads\/2018\/05\/hpe-logo-e1597802276155.jpg\" \/>\n<meta name=\"twitter:label1\" content=\"Tiempo de lectura\" \/>\n\t<meta name=\"twitter:data1\" content=\"1 minuto\" \/>\n<script type=\"application\/ld+json\" class=\"yoast-schema-graph\">{\"@context\":\"https:\/\/schema.org\",\"@graph\":[{\"@type\":\"WebPage\",\"@id\":\"https:\/\/servidor-hp.com.co\/netcomp\/servidores\/sin categor\u00eda\/ups-online-bifasicas-con-transformador-3kva-srt3000rmxlt-5ktf-marca-apc\/\",\"url\":\"https:\/\/servidor-hp.com.co\/netcomp\/servidores\/sin categor\u00eda\/ups-online-bifasicas-con-transformador-3kva-srt3000rmxlt-5ktf-marca-apc\/\",\"name\":\"UPS ONLINE BIFaSICAS CON TRANSFORMADOR 3KVA - SRT3000RMXLT-5KTF MARCA APC\",\"isPartOf\":{\"@id\":\"https:\/\/servidor-hp.com.co\/netcomp\/#website\"},\"primaryImageOfPage\":{\"@id\":\"https:\/\/servidor-hp.com.co\/netcomp\/servidores\/sin categor\u00eda\/ups-online-bifasicas-con-transformador-3kva-srt3000rmxlt-5ktf-marca-apc\/#primaryimage\"},\"image\":{\"@id\":\"https:\/\/servidor-hp.com.co\/netcomp\/servidores\/sin categor\u00eda\/ups-online-bifasicas-con-transformador-3kva-srt3000rmxlt-5ktf-marca-apc\/#primaryimage\"},\"thumbnailUrl\":\"https:\/\/servidor-hp.com.co\/netcomp\/wp-content\/uploads\/2023\/09\/ups-apc-baterias-tarjetas-bogota-colombia-1.png\",\"datePublished\":\"2023-09-15T06:17:49+00:00\",\"dateModified\":\"2023-09-15T06:17:51+00:00\",\"description\":\"UPS ONLINE BIFaSICAS CON TRANSFORMADOR 3KVA - SRT3000RMXLT-5KTF MARCA APC - APC Smart-UPS SRT 3000 VA \/ 2700 Watts, FP = 0,9 para rack, con transformador reductor de 208 V a 120 V, 2 U. Autonomia a full carga : 3,8 minutos, A media carga : 11,4 minutos - Bogota - Colombia - servidor-hp.com.co\",\"breadcrumb\":{\"@id\":\"https:\/\/servidor-hp.com.co\/netcomp\/servidores\/sin categor\u00eda\/ups-online-bifasicas-con-transformador-3kva-srt3000rmxlt-5ktf-marca-apc\/#breadcrumb\"},\"inLanguage\":\"es\",\"potentialAction\":[{\"@type\":\"ReadAction\",\"target\":[\"https:\/\/servidor-hp.com.co\/netcomp\/servidores\/sin categor\u00eda\/ups-online-bifasicas-con-transformador-3kva-srt3000rmxlt-5ktf-marca-apc\/\"]}]},{\"@type\":\"ImageObject\",\"inLanguage\":\"es\",\"@id\":\"https:\/\/servidor-hp.com.co\/netcomp\/servidores\/sin categor\u00eda\/ups-online-bifasicas-con-transformador-3kva-srt3000rmxlt-5ktf-marca-apc\/#primaryimage\",\"url\":\"https:\/\/servidor-hp.com.co\/netcomp\/wp-content\/uploads\/2023\/09\/ups-apc-baterias-tarjetas-bogota-colombia-1.png\",\"contentUrl\":\"https:\/\/servidor-hp.com.co\/netcomp\/wp-content\/uploads\/2023\/09\/ups-apc-baterias-tarjetas-bogota-colombia-1.png\",\"width\":1024,\"height\":768},{\"@type\":\"BreadcrumbList\",\"@id\":\"https:\/\/servidor-hp.com.co\/netcomp\/servidores\/sin categor\u00eda\/ups-online-bifasicas-con-transformador-3kva-srt3000rmxlt-5ktf-marca-apc\/#breadcrumb\",\"itemListElement\":[{\"@type\":\"ListItem\",\"position\":1,\"name\":\"Portada\",\"item\":\"https:\/\/servidor-hp.com.co\/netcomp\/\"},{\"@type\":\"ListItem\",\"position\":2,\"name\":\"Tienda\",\"item\":\"https:\/\/servidor-hp.com.co\/netcomp\/servidores\/\"},{\"@type\":\"ListItem\",\"position\":3,\"name\":\"UPS ONLINE BIFaSICAS CON TRANSFORMADOR 3KVA &#8211; SRT3000RMXLT-5KTF MARCA APC\"}]},{\"@type\":\"WebSite\",\"@id\":\"https:\/\/servidor-hp.com.co\/netcomp\/#website\",\"url\":\"https:\/\/servidor-hp.com.co\/netcomp\/\",\"name\":\"Servidores HP - Nuevos - Usados - Alquiler\",\"description\":\"Tels: (+57) 316 878 8749\",\"alternateName\":\"Servidores HP DELL LENOVO IBM\",\"potentialAction\":[{\"@type\":\"SearchAction\",\"target\":{\"@type\":\"EntryPoint\",\"urlTemplate\":\"https:\/\/servidor-hp.com.co\/netcomp\/?s={search_term_string}\"},\"query-input\":{\"@type\":\"PropertyValueSpecification\",\"valueRequired\":true,\"valueName\":\"search_term_string\"}}],\"inLanguage\":\"es\"}]}<\/script>\n<!-- \/ Yoast SEO plugin. -->","yoast_head_json":{"title":"UPS ONLINE BIFaSICAS CON TRANSFORMADOR 3KVA - SRT3000RMXLT-5KTF MARCA APC","description":"UPS ONLINE BIFaSICAS CON TRANSFORMADOR 3KVA - SRT3000RMXLT-5KTF MARCA APC - APC Smart-UPS SRT 3000 VA \/ 2700 Watts, FP = 0,9 para rack, con transformador reductor de 208 V a 120 V, 2 U. Autonomia a full carga : 3,8 minutos, A media carga : 11,4 minutos - Bogota - Colombia - servidor-hp.com.co","robots":{"index":"index","follow":"follow","max-snippet":"max-snippet:-1","max-image-preview":"max-image-preview:large","max-video-preview":"max-video-preview:-1"},"canonical":"https:\/\/servidor-hp.com.co\/netcomp\/servidores\/sin categor\u00eda\/ups-online-bifasicas-con-transformador-3kva-srt3000rmxlt-5ktf-marca-apc\/","og_locale":"es_ES","og_type":"article","og_title":"UPS ONLINE BIFaSICAS CON TRANSFORMADOR 3KVA - SRT3000RMXLT-5KTF MARCA APC - APC Smart-UPS SRT 3000 VA \/ 2700 Watts, FP = 0,9 para rack, con transformador reductor de 208 V a 120 V, 2 U. Autonomia a full carga : 3,8 minutos, A media carga : 11,4 minutos","og_description":"UPS ONLINE BIFaSICAS CON TRANSFORMADOR 3KVA - SRT3000RMXLT-5KTF MARCA APC - APC Smart-UPS SRT 3000 VA \/ 2700 Watts, FP = 0,9 para rack, con transformador reductor de 208 V a 120 V, 2 U. Autonomia a full carga : 3,8 minutos, A media carga : 11,4 minutos - Bogota - Colombia - servidor-hp.com.co","og_url":"https:\/\/servidor-hp.com.co\/netcomp\/servidores\/sin categor\u00eda\/ups-online-bifasicas-con-transformador-3kva-srt3000rmxlt-5ktf-marca-apc\/","og_site_name":"Servidores HP - Nuevos - Usados - Alquiler","article_modified_time":"2023-09-15T06:17:51+00:00","og_image":[{"width":1280,"height":720,"url":"https:\/\/servidor-hp.com.co\/netcomp\/wp-content\/uploads\/2018\/12\/spx-sensores-temperatura-akcp.jpg","type":"image\/jpeg"}],"twitter_card":"summary_large_image","twitter_title":"UPS ONLINE BIFaSICAS CON TRANSFORMADOR 3KVA - SRT3000RMXLT-5KTF MARCA APC","twitter_description":"HPE SRT3000RMXLT-5KTF - Bogota - Colombia - servidor-hp.com.co","twitter_image":"https:\/\/servidor-hp.com.co\/netcomp\/wp-content\/uploads\/2018\/05\/hpe-logo-e1597802276155.jpg","twitter_misc":{"Tiempo de lectura":"1 minuto"},"schema":{"@context":"https:\/\/schema.org","@graph":[{"@type":"WebPage","@id":"https:\/\/servidor-hp.com.co\/netcomp\/servidores\/sin categor\u00eda\/ups-online-bifasicas-con-transformador-3kva-srt3000rmxlt-5ktf-marca-apc\/","url":"https:\/\/servidor-hp.com.co\/netcomp\/servidores\/sin categor\u00eda\/ups-online-bifasicas-con-transformador-3kva-srt3000rmxlt-5ktf-marca-apc\/","name":"UPS ONLINE BIFaSICAS CON TRANSFORMADOR 3KVA - SRT3000RMXLT-5KTF MARCA APC","isPartOf":{"@id":"https:\/\/servidor-hp.com.co\/netcomp\/#website"},"primaryImageOfPage":{"@id":"https:\/\/servidor-hp.com.co\/netcomp\/servidores\/sin categor\u00eda\/ups-online-bifasicas-con-transformador-3kva-srt3000rmxlt-5ktf-marca-apc\/#primaryimage"},"image":{"@id":"https:\/\/servidor-hp.com.co\/netcomp\/servidores\/sin categor\u00eda\/ups-online-bifasicas-con-transformador-3kva-srt3000rmxlt-5ktf-marca-apc\/#primaryimage"},"thumbnailUrl":"https:\/\/servidor-hp.com.co\/netcomp\/wp-content\/uploads\/2023\/09\/ups-apc-baterias-tarjetas-bogota-colombia-1.png","datePublished":"2023-09-15T06:17:49+00:00","dateModified":"2023-09-15T06:17:51+00:00","description":"UPS ONLINE BIFaSICAS CON TRANSFORMADOR 3KVA - SRT3000RMXLT-5KTF MARCA APC - APC Smart-UPS SRT 3000 VA \/ 2700 Watts, FP = 0,9 para rack, con transformador reductor de 208 V a 120 V, 2 U. Autonomia a full carga : 3,8 minutos, A media carga : 11,4 minutos - Bogota - Colombia - servidor-hp.com.co","breadcrumb":{"@id":"https:\/\/servidor-hp.com.co\/netcomp\/servidores\/sin categor\u00eda\/ups-online-bifasicas-con-transformador-3kva-srt3000rmxlt-5ktf-marca-apc\/#breadcrumb"},"inLanguage":"es","potentialAction":[{"@type":"ReadAction","target":["https:\/\/servidor-hp.com.co\/netcomp\/servidores\/sin categor\u00eda\/ups-online-bifasicas-con-transformador-3kva-srt3000rmxlt-5ktf-marca-apc\/"]}]},{"@type":"ImageObject","inLanguage":"es","@id":"https:\/\/servidor-hp.com.co\/netcomp\/servidores\/sin categor\u00eda\/ups-online-bifasicas-con-transformador-3kva-srt3000rmxlt-5ktf-marca-apc\/#primaryimage","url":"https:\/\/servidor-hp.com.co\/netcomp\/wp-content\/uploads\/2023\/09\/ups-apc-baterias-tarjetas-bogota-colombia-1.png","contentUrl":"https:\/\/servidor-hp.com.co\/netcomp\/wp-content\/uploads\/2023\/09\/ups-apc-baterias-tarjetas-bogota-colombia-1.png","width":1024,"height":768},{"@type":"BreadcrumbList","@id":"https:\/\/servidor-hp.com.co\/netcomp\/servidores\/sin categor\u00eda\/ups-online-bifasicas-con-transformador-3kva-srt3000rmxlt-5ktf-marca-apc\/#breadcrumb","itemListElement":[{"@type":"ListItem","position":1,"name":"Portada","item":"https:\/\/servidor-hp.com.co\/netcomp\/"},{"@type":"ListItem","position":2,"name":"Tienda","item":"https:\/\/servidor-hp.com.co\/netcomp\/servidores\/"},{"@type":"ListItem","position":3,"name":"UPS ONLINE BIFaSICAS CON TRANSFORMADOR 3KVA &#8211; SRT3000RMXLT-5KTF MARCA APC"}]},{"@type":"WebSite","@id":"https:\/\/servidor-hp.com.co\/netcomp\/#website","url":"https:\/\/servidor-hp.com.co\/netcomp\/","name":"Servidores HP - Nuevos - Usados - Alquiler","description":"Tels: (+57) 316 878 8749","alternateName":"Servidores HP DELL LENOVO IBM","potentialAction":[{"@type":"SearchAction","target":{"@type":"EntryPoint","urlTemplate":"https:\/\/servidor-hp.com.co\/netcomp\/?s={search_term_string}"},"query-input":{"@type":"PropertyValueSpecification","valueRequired":true,"valueName":"search_term_string"}}],"inLanguage":"es"}]}},"_links":{"self":[{"href":"https:\/\/servidor-hp.com.co\/netcomp\/wp-json\/wp\/v2\/product\/36921","targetHints":{"allow":["GET"]}}],"collection":[{"href":"https:\/\/servidor-hp.com.co\/netcomp\/wp-json\/wp\/v2\/product"}],"about":[{"href":"https:\/\/servidor-hp.com.co\/netcomp\/wp-json\/wp\/v2\/types\/product"}],"replies":[{"embeddable":true,"href":"https:\/\/servidor-hp.com.co\/netcomp\/wp-json\/wp\/v2\/comments?post=36921"}],"wp:featuredmedia":[{"embeddable":true,"href":"https:\/\/servidor-hp.com.co\/netcomp\/wp-json\/wp\/v2\/media\/36539"}],"wp:attachment":[{"href":"https:\/\/servidor-hp.com.co\/netcomp\/wp-json\/wp\/v2\/media?parent=36921"}],"wp:term":[{"taxonomy":"product_brand","embeddable":true,"href":"https:\/\/servidor-hp.com.co\/netcomp\/wp-json\/wp\/v2\/product_brand?post=36921"},{"taxonomy":"product_cat","embeddable":true,"href":"https:\/\/servidor-hp.com.co\/netcomp\/wp-json\/wp\/v2\/product_cat?post=36921"},{"taxonomy":"product_tag","embeddable":true,"href":"https:\/\/servidor-hp.com.co\/netcomp\/wp-json\/wp\/v2\/product_tag?post=36921"}],"curies":[{"name":"wp","href":"https:\/\/api.w.org\/{rel}","templated":true}]}}