{"id":36476,"date":"2023-06-12T22:33:50","date_gmt":"2023-06-13T03:33:50","guid":{"rendered":"https:\/\/servidor-hp.com.co\/netcomp\/servidores\/sin categor\u00eda\/hp-n-p-jl815a-aruba-ion-1830-48g-4sfp-3\/"},"modified":"2023-06-12T22:33:53","modified_gmt":"2023-06-13T03:33:53","slug":"hp-n-p-jl815a-aruba-ion-1830-48g-4sfp-3","status":"publish","type":"product","link":"https:\/\/servidor-hp.com.co\/netcomp\/servidores\/redes\/hp-n-p-jl815a-aruba-ion-1830-48g-4sfp-3\/","title":{"rendered":"HP  N\/P: JL815A &#8211; Aruba IOn 1830 48G 4SFP 3"},"content":{"rendered":"<h1 style=\"text-align: center;\"><strong><span style=\"font-family: tahoma, arial, helvetica, sans-serif;\">HPE &#8211; N\/P: JL815A &#8211; Aruba IOn 1830 48G 4SFP 3<\/span><br \/>\n<\/strong><\/h1>\n<p>&nbsp;<\/p>\n<h3><span style=\"font-family: tahoma, arial, helvetica, sans-serif; font-size: 14pt;\"><strong>Descripci\u00f3n:<\/strong><\/span><\/h3>\n<ul>\n<li>\n<h2><span style=\"font-family: tahoma, arial, helvetica, sans-serif;\">Aruba IOn 1830 48G 4SFP 370W Sw<\/span><\/h2>\n<\/li>\n<\/ul>\n<p>&nbsp;<\/p>\n<p><img loading=\"lazy\" decoding=\"async\" class=\"aligncenter\" src=\"https:\/\/cableado-estructurado.com.co\/netcomp\/wp-content\/uploads\/2023\/06\/aruba-ap-switch-e1686626297594.png\" alt=\"Aruba Networks\" width=\"350\" height=\"279\" \/><\/p>\n<p>&nbsp;<\/p>\n<p>&nbsp;<\/p>\n<p>&nbsp;<\/p>\n<p><img loading=\"lazy\" decoding=\"async\" class=\"aligncenter\" src=\"https:\/\/cableado-estructurado.com.co\/netcomp\/wp-content\/uploads\/2023\/06\/aruba-ap-switch-instan-on-e1686626327965.png\" alt=\"Switches - AP - Wifi\" width=\"350\" height=\"261\" \/><\/p>\n<h2><span style=\"font-family: tahoma, arial, helvetica, sans-serif;\">Aruba Networking:<\/span><\/h2>\n<ul style=\"text-align: justify;\">\n<li>\n<h3><span style=\"font-family: tahoma, arial, helvetica, sans-serif;\">Aruba, una empresa de Hewlett Packard Enterprise (HPE), ofrece soluciones de redes inal\u00e1mbricas y cableadas de alto rendimiento. Sus productos est\u00e1n dise\u00f1ados para brindar conectividad confiable, segura y escalable a empresas de todos los tama\u00f1os. Algunos de los productos destacados de Aruba incluyen:<\/span><\/h3>\n<\/li>\n<li>\n<h3><span style=\"font-family: tahoma, arial, helvetica, sans-serif;\">Puntos de acceso inal\u00e1mbricos: Los puntos de acceso inal\u00e1mbricos de Aruba brindan una cobertura Wi-Fi r\u00e1pida y confiable, permitiendo a las empresas conectarse de manera eficiente y ofrecer una experiencia de usuario de alta calidad.<\/span><\/h3>\n<\/li>\n<li>\n<h3><span style=\"font-family: tahoma, arial, helvetica, sans-serif;\">Controladores de movilidad: Los controladores de movilidad de Aruba son componentes clave de las redes inal\u00e1mbricas, ya que gestionan y optimizan el rendimiento de los puntos de acceso. Proporcionan una administraci\u00f3n centralizada y permiten funciones avanzadas como el roaming r\u00e1pido y la seguridad mejorada.<\/span><\/h3>\n<\/li>\n<li>\n<h3><span style=\"font-family: tahoma, arial, helvetica, sans-serif;\">Switches de red: Aruba ofrece una amplia gama de switches de red, desde switches de acceso hasta switches de agregaci\u00f3n y n\u00facleo. Estos switches ofrecen conectividad de alto rendimiento, capacidades de gesti\u00f3n avanzadas y caracter\u00edsticas de seguridad para satisfacer las necesidades de redes empresariales complejas.<\/span><\/h3>\n<\/li>\n<li>\n<h2><span style=\"font-family: tahoma, arial, helvetica, sans-serif;\">Aruba GBICs:<\/span><\/h2>\n<\/li>\n<li>\n<h3><span style=\"font-family: tahoma, arial, helvetica, sans-serif;\">GBIC Multimodo: El GBIC Multimodo de Aruba ofrece conectividad de fibra \u00f3ptica en distancias cortas y es compatible con velocidades de hasta 1 Gbps.<\/span><\/h3>\n<\/li>\n<li>\n<h3><span style=\"font-family: tahoma, arial, helvetica, sans-serif;\">GBIC Monomodo: El GBIC Monomodo de Aruba proporciona conectividad de fibra \u00f3ptica en distancias largas y es compatible con velocidades de hasta 1 Gbps.<\/span><\/h3>\n<\/li>\n<\/ul>\n<ol style=\"text-align: justify;\" start=\"2\">\n<li>\n<h2><span style=\"font-family: tahoma, arial, helvetica, sans-serif;\">HPE Networking:<\/span><\/h2>\n<\/li>\n<\/ol>\n<ul style=\"text-align: justify;\">\n<li>\n<h3><span style=\"font-family: tahoma, arial, helvetica, sans-serif;\">HPE Networking, parte de Hewlett Packard Enterprise, ofrece una amplia gama de soluciones de red para empresas de todos los tama\u00f1os. Sus productos est\u00e1n dise\u00f1ados para mejorar el rendimiento, la confiabilidad y la seguridad de las redes empresariales. Algunos de los productos destacados de HPE Networking son:<\/span><\/h3>\n<\/li>\n<li>\n<h3><span style=\"font-family: tahoma, arial, helvetica, sans-serif;\">Switches de red: HPE ofrece switches de red que proporcionan conectividad confiable y escalable para empresas. Estos switches ofrecen caracter\u00edsticas avanzadas como administraci\u00f3n inteligente, seguridad mejorada y capacidades de virtualizaci\u00f3n.<\/span><\/h3>\n<\/li>\n<li>\n<h3><span style=\"font-family: tahoma, arial, helvetica, sans-serif;\">Enrutadores: Los enrutadores de HPE Networking brindan conectividad confiable y de alto rendimiento para redes empresariales. Estos enrutadores son ideales para conectar redes remotas, filiales y oficinas.<\/span><\/h3>\n<\/li>\n<li>\n<h3><span style=\"font-family: tahoma, arial, helvetica, sans-serif;\">Soluciones de seguridad de red: HPE Networking ofrece soluciones de seguridad que protegen las redes empresariales contra amenazas internas y externas. Estas soluciones incluyen firewalls, detecci\u00f3n y prevenci\u00f3n de intrusiones, y protecci\u00f3n avanzada contra malware.<\/span><\/h3>\n<\/li>\n<li>\n<h2><span style=\"font-family: tahoma, arial, helvetica, sans-serif;\">HPE Networking GBICs:<\/span><\/h2>\n<\/li>\n<li>\n<h3><span style=\"font-family: tahoma, arial, helvetica, sans-serif;\">GBIC Ethernet 1000BASE-T: El GBIC Ethernet 1000BASE-T de HPE Networking permite la conexi\u00f3n de dispositivos a trav\u00e9s de cables de par trenzado y ofrece velocidades de hasta 1 Gbps.<\/span><\/h3>\n<\/li>\n<li>\n<h3><span style=\"font-family: tahoma, arial, helvetica, sans-serif;\">GBIC Ethernet 1000BASE-SX: El GBIC Ethernet 1000BASE-SX de HPE Networking ofrece conectividad de fibra \u00f3ptica multimodo a distancias cortas y es compatible con velocidades de hasta 1 Gbps.<\/span><\/h3>\n<\/li>\n<li>\n<h3><span style=\"font-family: tahoma, arial, helvetica, sans-serif;\">GBIC Ethernet 1000BASE-LX: El GBIC Ethernet 1000BASE-LX de HPE Networking proporciona conectividad de fibra \u00f3ptica monomodo a distancias largas y es compatible con velocidades de hasta 1 Gbps.<\/span><\/h3>\n<\/li>\n<\/ul>\n<p>&nbsp;<\/p>\n<h3><\/h3>\n<h3><\/h3>\n<h3 style=\"text-align: center;\"><span style=\"color: #d0121a; font-family: tahoma, arial, helvetica, sans-serif;\"><strong>SERVIDORES HP &#8211; PARTES &#8211; REPUESTOS &#8211; DISCOS DUROS &#8211; FUENTES DE PODER &#8211; STORAGE<\/strong><\/span><\/h3>\n<p>&nbsp;<\/p>\n<h2 style=\"text-align: center;\"><span style=\"color: #d0121a; font-family: tahoma, arial, helvetica, sans-serif;\"><strong>Disponemos de una Amplia Gama de Equipos Para Venta &#8211; Arrendamiento &#8211; Alquiler : Servidores &#8211; Swicthes &#8211; AP Soluciones Wifi &#8211; UPS<\/strong><\/span><\/h2>\n<table width=\"82\">\n<tbody>\n<tr>\n<td><\/td>\n<\/tr>\n<\/tbody>\n<\/table>\n<h3 style=\"text-align: center;\"><span style=\"color: #2445a2; font-family: tahoma, arial, helvetica, sans-serif;\"><strong> SOMOS INGENIEROS CERTIFICADOS EN SERVIDORES HP &#8211; NOS ESPECIALIZAMOS EN SOLUCIONES CORPORATIVAS INTEGRALES : Videovigilancia &#8211; Redes &#8211; Servidores &#8211; Almacenamiento &#8211; Cableado Estructurado<\/strong> <\/span><\/h3>\n<h3><\/h3>\n<h3 style=\"text-align: center;\"><span style=\"font-family: tahoma, arial, helvetica, sans-serif; font-size: 14pt;\"><strong>\u00a0<\/strong><\/span><\/h3>\n<p>&nbsp;<\/p>\n<p style=\"text-align: center;\"><span style=\"color: #ff0000;\"><strong><span style=\"font-family: tahoma, arial, helvetica, sans-serif; font-size: 14pt;\">Para Precio y Disponibilidad Por Favor Cont\u00e1ctanos V\u00eda Email o WhatsApp<\/span><\/strong><\/span><\/p>\n<p style=\"text-align: center;\"><span style=\"color: #ff0000;\">___________________________________________________________________________________________________<\/span><\/p>\n<p>&nbsp;<\/p>\n<p>&nbsp;<\/p>\n<h3 style=\"text-align: center;\"><strong><span style=\"font-family: tahoma, arial, helvetica, sans-serif; font-size: 14pt;\"><a title=\"Tienda - Precio y Venta Servidores HP\" href=\"https:\/\/netcomp.co\/es\/132-servidores-hp-lenovo-dell-partes\" target=\"_blank\" rel=\"noopener noreferrer\"><span style=\"font-size: 14pt;\">DISPONEMOS DE UNA<\/span><span style=\"font-size: 14pt;\"> AMPLIA GAMA DE SERVIDORES HP PROLIANT PARA <\/span><\/a><\/span><\/strong><\/h3>\n<h3 style=\"text-align: center;\"><strong><span style=\"font-family: tahoma, arial, helvetica, sans-serif; font-size: 14pt;\"><a title=\"Tienda - Precio y Venta Servidores HP\" href=\"https:\/\/netcomp.co\/es\/132-servidores-hp-lenovo-dell-partes\" target=\"_blank\" rel=\"noopener noreferrer\">VENTA \/ ARRENDAMIENTO \/ ALQUILER :<\/a><\/span><\/strong><\/h3>\n<h3 style=\"text-align: center;\"><span style=\"font-size: 14pt;\"><a title=\"Tienda - Precio y Venta Servidores HP\" href=\"https:\/\/netcomp.co\/es\/132-servidores-hp-lenovo-dell-partes\" target=\"_blank\" rel=\"noopener noreferrer\"><strong><span style=\"font-family: tahoma, arial, helvetica, sans-serif;\">ML350 \/ ML150 \/ DL320 \/ DL360 \/ DL380 <\/span><span style=\"font-family: tahoma, arial, helvetica, sans-serif;\">PARA COMPRAR CLICK<\/span><span style=\"font-family: tahoma, arial, helvetica, sans-serif;\"> AQU<\/span><\/strong><span style=\"font-family: tahoma, arial, helvetica, sans-serif;\"><strong>I!<\/strong><\/span><\/a><\/span><\/h3>\n<h2 style=\"text-align: center;\"><strong><a href=\"https:\/\/api.whatsapp.com\/send?phone=573168788749\" target=\"_blank\" rel=\"noopener noreferrer\"><img loading=\"lazy\" decoding=\"async\" class=\"wp-image-20467 aligncenter\" src=\"http:\/\/cableado-estructurado.com.co\/netcomp\/wp-content\/uploads\/2018\/07\/whatsapp-logo-mensaje.jpg\" alt=\"\" width=\"290\" height=\"220\" \/><\/a><\/strong><\/h2>\n<h2 style=\"text-align: center;\"><img loading=\"lazy\" decoding=\"async\" class=\"wp-image-21775 aligncenter\" src=\"https:\/\/servidor-hp.com.co\/netcomp\/wp-content\/uploads\/2019\/05\/boton-ventas-servidor.png\" alt=\"\" width=\"495\" height=\"153\" \/><\/h2>\n<p style=\"text-align: center;\">\n","protected":false},"excerpt":{"rendered":"<p>HPE JL815AAruba IOn 1830 48G 4SFP 370W S<\/p>\n","protected":false},"featured_media":36407,"comment_status":"closed","ping_status":"open","template":"","meta":{"_et_pb_use_builder":"on","_et_pb_old_content":"<h1 style=\"text-align: center;\"><span style=\"font-family: tahoma, arial, helvetica, sans-serif; font-size: 18pt;\"><strong>Fortinet : Power Injector - GPI-130<\/strong><\/span><\/h1>\r\n\u00a0\r\n<h2><span style=\"font-family: tahoma, arial, helvetica, sans-serif; font-size: 14pt;\"><strong>Descrpci\u00f3n:<\/strong><\/span><\/h2>\r\n<h3><span style=\"font-family: tahoma, arial, helvetica, sans-serif; font-size: 12pt;\">1-Port Gigabit PoE Power Injector, 802.3at up to 30W for GPI-130 Gigabit PoE Injector<\/span><\/h3>\r\n\u00a0\r\n\r\n\u00a0\r\n\r\n\u00a0\r\n<h3 style=\"text-align: center;\"><span style=\"font-family: tahoma, arial, helvetica, sans-serif; font-size: 14pt;\"><a title=\"Tienda - Precio y Venta Servidores HP\" href=\"https:\/\/netcomp.co\/es\/132-servidores-hp-lenovo-dell-partes\" target=\"_blank\" rel=\"noopener noreferrer\"><span style=\"font-size: 14pt;\">DISPONEMOS DE UNA<\/span><span style=\"font-size: 14pt;\"> AMPLIA GAMA DE SERVIDORES HP PROLIANT PARA <\/span><\/a><\/span><\/h3>\r\n<h3 style=\"text-align: center;\"><span style=\"font-family: tahoma, arial, helvetica, sans-serif; font-size: 14pt;\"><a title=\"Tienda - Precio y Venta Servidores HP\" href=\"https:\/\/netcomp.co\/es\/132-servidores-hp-lenovo-dell-partes\" target=\"_blank\" rel=\"noopener noreferrer\">VENTA \/ ARRENDAMIENTO \/ ALQUILER :<\/a><\/span><\/h3>\r\n<h3 style=\"text-align: center;\"><span style=\"font-size: 14pt;\"><a title=\"Tienda - Precio y Venta Servidores HP\" href=\"https:\/\/netcomp.co\/es\/132-servidores-hp-lenovo-dell-partes\" target=\"_blank\" rel=\"noopener noreferrer\"><span style=\"font-family: tahoma, arial, helvetica, sans-serif;\">ML350 \/ ML150 \/ DL320 \/ DL360 \/ DL380 <\/span><span style=\"font-family: tahoma, arial, helvetica, sans-serif;\">PARA COMPRAR CLICK<\/span><span style=\"font-family: tahoma, arial, helvetica, sans-serif;\"> AQU<\/span><span style=\"font-family: tahoma, arial, helvetica, sans-serif;\">I!<\/span><\/a><\/span><\/h3>\r\n<h2 style=\"text-align: center;\"><strong><a href=\"https:\/\/api.whatsapp.com\/send?phone=573168788749\" target=\"_blank\" rel=\"noopener noreferrer\"><img class=\"wp-image-20467 aligncenter\" src=\"http:\/\/cableado-estructurado.com.co\/netcomp\/wp-content\/uploads\/2018\/07\/whatsapp-logo-mensaje.jpg\" alt=\"\" width=\"290\" height=\"220\" \/><\/a><\/strong><\/h2>\r\n<h2 style=\"text-align: center;\"><img class=\"wp-image-21775 aligncenter\" src=\"https:\/\/servidor-hp.com.co\/netcomp\/wp-content\/uploads\/2019\/05\/boton-ventas-servidor.png\" alt=\"\" width=\"495\" height=\"153\" \/><\/h2>\r\n<p style=\"text-align: center;\"><\/p>","_et_gb_content_width":""},"product_brand":[],"product_cat":[52862],"product_tag":[52864,52863,52865],"class_list":{"0":"post-36476","1":"product","2":"type-product","3":"status-publish","4":"has-post-thumbnail","6":"product_cat-redes","7":"product_tag-precio-ap-aruba-bogota","8":"product_tag-precio-switch-aruba","9":"product_tag-switch-aruba-24-puertos","11":"first","12":"instock","13":"product-type-simple"},"yoast_head":"<!-- This site is optimized with the Yoast SEO plugin v27.2 - https:\/\/yoast.com\/product\/yoast-seo-wordpress\/ -->\n<title>Productos archivo - Servidores HP - Nuevos - Usados - Alquiler<\/title>\n<meta name=\"description\" content=\"HP Aruba IOn 1830 48G 4SFP 370W Sw JL815A- Bogota - Colombia - servidor-hp.com.co\" \/>\n<meta name=\"robots\" content=\"index, follow, max-snippet:-1, max-image-preview:large, max-video-preview:-1\" \/>\n<link rel=\"canonical\" href=\"https:\/\/servidor-hp.com.co\/netcomp\/servidores\/sin%20categor\u00eda\/hp-n-p-jl815a-aruba-ion-1830-48g-4sfp-3\/\" \/>\n<meta property=\"og:locale\" content=\"es_ES\" \/>\n<meta property=\"og:type\" content=\"article\" \/>\n<meta property=\"og:title\" content=\"HP Aruba IOn 1830 48G 4SFP 370W Sw JL815A\" \/>\n<meta property=\"og:description\" content=\"Aruba IOn 1830 48G 4SFP 370W Sw HPE JL815A - Bogota - Colombia - servidor-hp.com.co\" \/>\n<meta property=\"og:url\" content=\"https:\/\/servidor-hp.com.co\/netcomp\/servidores\/sin categor\u00eda\/hp-n-p-jl815a-aruba-ion-1830-48g-4sfp-3\/\" \/>\n<meta property=\"og:site_name\" content=\"Servidores HP - Nuevos - Usados - Alquiler\" \/>\n<meta property=\"article:modified_time\" content=\"2023-06-13T03:33:53+00:00\" \/>\n<meta property=\"og:image\" content=\"https:\/\/servidor-hp.com.co\/netcomp\/wp-content\/uploads\/2018\/12\/spx-sensores-temperatura-akcp.jpg\" \/>\n\t<meta property=\"og:image:width\" content=\"1280\" \/>\n\t<meta property=\"og:image:height\" content=\"720\" \/>\n\t<meta property=\"og:image:type\" content=\"image\/jpeg\" \/>\n<meta name=\"twitter:card\" content=\"summary_large_image\" \/>\n<meta name=\"twitter:title\" content=\"HP Aruba IOn 1830 48G 4SFP 370W Sw JL815A\" \/>\n<meta name=\"twitter:description\" content=\"Aruba IOn 1830 48G 4SFP 370W Sw HPE JL815A - Bogota - Colombia - servidor-hp.com.co\" \/>\n<meta name=\"twitter:image\" content=\"https:\/\/servidor-hp.com.co\/netcomp\/wp-content\/uploads\/2018\/05\/hpe-logo-e1597802276155.jpg\" \/>\n<meta name=\"twitter:label1\" content=\"Tiempo de lectura\" \/>\n\t<meta name=\"twitter:data1\" content=\"1 minuto\" \/>\n<script type=\"application\/ld+json\" class=\"yoast-schema-graph\">{\"@context\":\"https:\/\/schema.org\",\"@graph\":[{\"@type\":\"WebPage\",\"@id\":\"https:\/\/servidor-hp.com.co\/netcomp\/servidores\/sin categor\u00eda\/hp-n-p-jl815a-aruba-ion-1830-48g-4sfp-3\/\",\"url\":\"https:\/\/servidor-hp.com.co\/netcomp\/servidores\/sin categor\u00eda\/hp-n-p-jl815a-aruba-ion-1830-48g-4sfp-3\/\",\"name\":\"Productos archivo - Servidores HP - Nuevos - Usados - Alquiler\",\"isPartOf\":{\"@id\":\"https:\/\/servidor-hp.com.co\/netcomp\/#website\"},\"primaryImageOfPage\":{\"@id\":\"https:\/\/servidor-hp.com.co\/netcomp\/servidores\/sin categor\u00eda\/hp-n-p-jl815a-aruba-ion-1830-48g-4sfp-3\/#primaryimage\"},\"image\":{\"@id\":\"https:\/\/servidor-hp.com.co\/netcomp\/servidores\/sin categor\u00eda\/hp-n-p-jl815a-aruba-ion-1830-48g-4sfp-3\/#primaryimage\"},\"thumbnailUrl\":\"https:\/\/servidor-hp.com.co\/netcomp\/wp-content\/uploads\/2023\/06\/aruba-accespoint-switch-redes-inalambrica-configuracion-venta-precio-e1686625483746-1.jpg\",\"datePublished\":\"2023-06-13T03:33:50+00:00\",\"dateModified\":\"2023-06-13T03:33:53+00:00\",\"description\":\"HP Aruba IOn 1830 48G 4SFP 370W Sw JL815A- Bogota - Colombia - servidor-hp.com.co\",\"breadcrumb\":{\"@id\":\"https:\/\/servidor-hp.com.co\/netcomp\/servidores\/sin categor\u00eda\/hp-n-p-jl815a-aruba-ion-1830-48g-4sfp-3\/#breadcrumb\"},\"inLanguage\":\"es\",\"potentialAction\":[{\"@type\":\"ReadAction\",\"target\":[\"https:\/\/servidor-hp.com.co\/netcomp\/servidores\/sin categor\u00eda\/hp-n-p-jl815a-aruba-ion-1830-48g-4sfp-3\/\"]}]},{\"@type\":\"ImageObject\",\"inLanguage\":\"es\",\"@id\":\"https:\/\/servidor-hp.com.co\/netcomp\/servidores\/sin categor\u00eda\/hp-n-p-jl815a-aruba-ion-1830-48g-4sfp-3\/#primaryimage\",\"url\":\"https:\/\/servidor-hp.com.co\/netcomp\/wp-content\/uploads\/2023\/06\/aruba-accespoint-switch-redes-inalambrica-configuracion-venta-precio-e1686625483746-1.jpg\",\"contentUrl\":\"https:\/\/servidor-hp.com.co\/netcomp\/wp-content\/uploads\/2023\/06\/aruba-accespoint-switch-redes-inalambrica-configuracion-venta-precio-e1686625483746-1.jpg\",\"width\":350,\"height\":233},{\"@type\":\"BreadcrumbList\",\"@id\":\"https:\/\/servidor-hp.com.co\/netcomp\/servidores\/sin categor\u00eda\/hp-n-p-jl815a-aruba-ion-1830-48g-4sfp-3\/#breadcrumb\",\"itemListElement\":[{\"@type\":\"ListItem\",\"position\":1,\"name\":\"Portada\",\"item\":\"https:\/\/servidor-hp.com.co\/netcomp\/\"},{\"@type\":\"ListItem\",\"position\":2,\"name\":\"Tienda\",\"item\":\"https:\/\/servidor-hp.com.co\/netcomp\/servidores\/\"},{\"@type\":\"ListItem\",\"position\":3,\"name\":\"HP N\/P: JL815A &#8211; Aruba IOn 1830 48G 4SFP 3\"}]},{\"@type\":\"WebSite\",\"@id\":\"https:\/\/servidor-hp.com.co\/netcomp\/#website\",\"url\":\"https:\/\/servidor-hp.com.co\/netcomp\/\",\"name\":\"Servidores HP - Nuevos - Usados - Alquiler\",\"description\":\"Tels: (+57) 316 878 8749\",\"alternateName\":\"Servidores HP DELL LENOVO IBM\",\"potentialAction\":[{\"@type\":\"SearchAction\",\"target\":{\"@type\":\"EntryPoint\",\"urlTemplate\":\"https:\/\/servidor-hp.com.co\/netcomp\/?s={search_term_string}\"},\"query-input\":{\"@type\":\"PropertyValueSpecification\",\"valueRequired\":true,\"valueName\":\"search_term_string\"}}],\"inLanguage\":\"es\"}]}<\/script>\n<!-- \/ Yoast SEO plugin. -->","yoast_head_json":{"title":"Productos archivo - Servidores HP - Nuevos - Usados - Alquiler","description":"HP Aruba IOn 1830 48G 4SFP 370W Sw JL815A- Bogota - Colombia - servidor-hp.com.co","robots":{"index":"index","follow":"follow","max-snippet":"max-snippet:-1","max-image-preview":"max-image-preview:large","max-video-preview":"max-video-preview:-1"},"canonical":"https:\/\/servidor-hp.com.co\/netcomp\/servidores\/sin categor\u00eda\/hp-n-p-jl815a-aruba-ion-1830-48g-4sfp-3\/","og_locale":"es_ES","og_type":"article","og_title":"HP Aruba IOn 1830 48G 4SFP 370W Sw JL815A","og_description":"Aruba IOn 1830 48G 4SFP 370W Sw HPE JL815A - Bogota - Colombia - servidor-hp.com.co","og_url":"https:\/\/servidor-hp.com.co\/netcomp\/servidores\/sin categor\u00eda\/hp-n-p-jl815a-aruba-ion-1830-48g-4sfp-3\/","og_site_name":"Servidores HP - Nuevos - Usados - Alquiler","article_modified_time":"2023-06-13T03:33:53+00:00","og_image":[{"width":1280,"height":720,"url":"https:\/\/servidor-hp.com.co\/netcomp\/wp-content\/uploads\/2018\/12\/spx-sensores-temperatura-akcp.jpg","type":"image\/jpeg"}],"twitter_card":"summary_large_image","twitter_title":"HP Aruba IOn 1830 48G 4SFP 370W Sw JL815A","twitter_description":"Aruba IOn 1830 48G 4SFP 370W Sw HPE JL815A - Bogota - Colombia - servidor-hp.com.co","twitter_image":"https:\/\/servidor-hp.com.co\/netcomp\/wp-content\/uploads\/2018\/05\/hpe-logo-e1597802276155.jpg","twitter_misc":{"Tiempo de lectura":"1 minuto"},"schema":{"@context":"https:\/\/schema.org","@graph":[{"@type":"WebPage","@id":"https:\/\/servidor-hp.com.co\/netcomp\/servidores\/sin categor\u00eda\/hp-n-p-jl815a-aruba-ion-1830-48g-4sfp-3\/","url":"https:\/\/servidor-hp.com.co\/netcomp\/servidores\/sin categor\u00eda\/hp-n-p-jl815a-aruba-ion-1830-48g-4sfp-3\/","name":"Productos archivo - Servidores HP - Nuevos - Usados - Alquiler","isPartOf":{"@id":"https:\/\/servidor-hp.com.co\/netcomp\/#website"},"primaryImageOfPage":{"@id":"https:\/\/servidor-hp.com.co\/netcomp\/servidores\/sin categor\u00eda\/hp-n-p-jl815a-aruba-ion-1830-48g-4sfp-3\/#primaryimage"},"image":{"@id":"https:\/\/servidor-hp.com.co\/netcomp\/servidores\/sin categor\u00eda\/hp-n-p-jl815a-aruba-ion-1830-48g-4sfp-3\/#primaryimage"},"thumbnailUrl":"https:\/\/servidor-hp.com.co\/netcomp\/wp-content\/uploads\/2023\/06\/aruba-accespoint-switch-redes-inalambrica-configuracion-venta-precio-e1686625483746-1.jpg","datePublished":"2023-06-13T03:33:50+00:00","dateModified":"2023-06-13T03:33:53+00:00","description":"HP Aruba IOn 1830 48G 4SFP 370W Sw JL815A- Bogota - Colombia - servidor-hp.com.co","breadcrumb":{"@id":"https:\/\/servidor-hp.com.co\/netcomp\/servidores\/sin categor\u00eda\/hp-n-p-jl815a-aruba-ion-1830-48g-4sfp-3\/#breadcrumb"},"inLanguage":"es","potentialAction":[{"@type":"ReadAction","target":["https:\/\/servidor-hp.com.co\/netcomp\/servidores\/sin categor\u00eda\/hp-n-p-jl815a-aruba-ion-1830-48g-4sfp-3\/"]}]},{"@type":"ImageObject","inLanguage":"es","@id":"https:\/\/servidor-hp.com.co\/netcomp\/servidores\/sin categor\u00eda\/hp-n-p-jl815a-aruba-ion-1830-48g-4sfp-3\/#primaryimage","url":"https:\/\/servidor-hp.com.co\/netcomp\/wp-content\/uploads\/2023\/06\/aruba-accespoint-switch-redes-inalambrica-configuracion-venta-precio-e1686625483746-1.jpg","contentUrl":"https:\/\/servidor-hp.com.co\/netcomp\/wp-content\/uploads\/2023\/06\/aruba-accespoint-switch-redes-inalambrica-configuracion-venta-precio-e1686625483746-1.jpg","width":350,"height":233},{"@type":"BreadcrumbList","@id":"https:\/\/servidor-hp.com.co\/netcomp\/servidores\/sin categor\u00eda\/hp-n-p-jl815a-aruba-ion-1830-48g-4sfp-3\/#breadcrumb","itemListElement":[{"@type":"ListItem","position":1,"name":"Portada","item":"https:\/\/servidor-hp.com.co\/netcomp\/"},{"@type":"ListItem","position":2,"name":"Tienda","item":"https:\/\/servidor-hp.com.co\/netcomp\/servidores\/"},{"@type":"ListItem","position":3,"name":"HP N\/P: JL815A &#8211; Aruba IOn 1830 48G 4SFP 3"}]},{"@type":"WebSite","@id":"https:\/\/servidor-hp.com.co\/netcomp\/#website","url":"https:\/\/servidor-hp.com.co\/netcomp\/","name":"Servidores HP - Nuevos - Usados - Alquiler","description":"Tels: (+57) 316 878 8749","alternateName":"Servidores HP DELL LENOVO IBM","potentialAction":[{"@type":"SearchAction","target":{"@type":"EntryPoint","urlTemplate":"https:\/\/servidor-hp.com.co\/netcomp\/?s={search_term_string}"},"query-input":{"@type":"PropertyValueSpecification","valueRequired":true,"valueName":"search_term_string"}}],"inLanguage":"es"}]}},"_links":{"self":[{"href":"https:\/\/servidor-hp.com.co\/netcomp\/wp-json\/wp\/v2\/product\/36476","targetHints":{"allow":["GET"]}}],"collection":[{"href":"https:\/\/servidor-hp.com.co\/netcomp\/wp-json\/wp\/v2\/product"}],"about":[{"href":"https:\/\/servidor-hp.com.co\/netcomp\/wp-json\/wp\/v2\/types\/product"}],"replies":[{"embeddable":true,"href":"https:\/\/servidor-hp.com.co\/netcomp\/wp-json\/wp\/v2\/comments?post=36476"}],"wp:featuredmedia":[{"embeddable":true,"href":"https:\/\/servidor-hp.com.co\/netcomp\/wp-json\/wp\/v2\/media\/36407"}],"wp:attachment":[{"href":"https:\/\/servidor-hp.com.co\/netcomp\/wp-json\/wp\/v2\/media?parent=36476"}],"wp:term":[{"taxonomy":"product_brand","embeddable":true,"href":"https:\/\/servidor-hp.com.co\/netcomp\/wp-json\/wp\/v2\/product_brand?post=36476"},{"taxonomy":"product_cat","embeddable":true,"href":"https:\/\/servidor-hp.com.co\/netcomp\/wp-json\/wp\/v2\/product_cat?post=36476"},{"taxonomy":"product_tag","embeddable":true,"href":"https:\/\/servidor-hp.com.co\/netcomp\/wp-json\/wp\/v2\/product_tag?post=36476"}],"curies":[{"name":"wp","href":"https:\/\/api.w.org\/{rel}","templated":true}]}}