{"id":36196,"date":"2023-06-12T21:46:55","date_gmt":"2023-06-13T02:46:55","guid":{"rendered":"https:\/\/servidor-hp.com.co\/netcomp\/servidores\/sin categor\u00eda\/hp-install-hpe-install-proliant-microserver-service-instalacion-del-equipo-aplica-bogota-cali-barranquilla-medellin-ur508e\/"},"modified":"2023-06-12T21:46:57","modified_gmt":"2023-06-13T02:46:57","slug":"hp-install-hpe-install-proliant-microserver-service-instalacion-del-equipo-aplica-bogota-cali-barranquilla-medellin-ur508e","status":"publish","type":"product","link":"https:\/\/servidor-hp.com.co\/netcomp\/servidores\/servidores-hp\/hp-install-hpe-install-proliant-microserver-service-instalacion-del-equipo-aplica-bogota-cali-barranquilla-medellin-ur508e\/","title":{"rendered":"HP  Install &#8211; HPE Install ProLiant MicroServer Service &#8211; Instalacion del equipo  \/ aplica Bogota-Cali- Barranquilla &#8211; Medellin UR508E"},"content":{"rendered":"<h1 style=\"text-align: center;\"><strong><span style=\"font-family: tahoma, arial, helvetica, sans-serif;\">HPE &#8211; N\/P: UR508E &#8211; Install &#8211; HPE Install Pro<\/span><br \/>\n<\/strong><\/h1>\n<p>&nbsp;<\/p>\n<h3><span style=\"font-family: tahoma, arial, helvetica, sans-serif; font-size: 14pt;\"><strong>Descripci\u00f3n:<\/strong><\/span><\/h3>\n<ul>\n<li>\n<h2><span style=\"font-family: tahoma, arial, helvetica, sans-serif;\">Install &#8211; HPE Install ProLiant MicroServer Service &#8211; Instalacion del equipo  \/ aplica Bogota-Cali- Barranquilla &#8211; Medellin<\/span><\/h2>\n<\/li>\n<\/ul>\n<p>&nbsp;<\/p>\n<p><img loading=\"lazy\" decoding=\"async\" class=\"aligncenter\" src=\"https:\/\/servidor-hp.com.co\/netcomp\/wp-content\/uploads\/2018\/07\/cropped-servidor-hp-gen10.jpg\" alt=\"Servidores HPE Gen10\" width=\"360\" height=\"491\" \/><\/p>\n<p>&nbsp;<\/p>\n<p>&nbsp;<\/p>\n<p>&nbsp;<\/p>\n<p><img loading=\"lazy\" decoding=\"async\" class=\"aligncenter\" src=\"https:\/\/servidor-hp.com.co\/netcomp\/wp-content\/uploads\/2018\/05\/DISCO-DURO-HP-861683-B21-DE-4TB-SATA-3.5-6G-7.2K-MDL-PARA-SERVIDOR-PROLIANT-1.jpg\" alt=\"Discos Duros - Memorias\" width=\"315\" height=\"315\" \/><\/p>\n<h2><span style=\"font-family: tahoma, arial, helvetica, sans-serif;\">Servidores HP:<\/span><\/h2>\n<ul>\n<li>\n<h3 style=\"text-align: justify;\"><span style=\"font-family: tahoma, arial, helvetica, sans-serif;\">Los servidores HP ofrecen un rendimiento excepcional y una confiabilidad s\u00f3lida para satisfacer las necesidades empresariales m\u00e1s exigentes. Con una arquitectura robusta y capacidades de escalabilidad, los servidores HP son ideales para entornos empresariales de alto rendimiento. Con opciones como los servidores blade, rack y torre, HP proporciona soluciones flexibles y vers\u00e1tiles para satisfacer las demandas de cualquier empresa.<\/span><\/h3>\n<\/li>\n<\/ul>\n<h2><\/h2>\n<h2><span style=\"font-family: tahoma, arial, helvetica, sans-serif;\">Partes HP para servidores:<\/span><\/h2>\n<ul>\n<li>\n<h3 style=\"text-align: justify;\"><span style=\"font-family: tahoma, arial, helvetica, sans-serif;\">Las partes HP para servidores est\u00e1n dise\u00f1adas para mantener y mejorar el rendimiento de los servidores HP. Con componentes de alta calidad, como discos duros, memoria RAM, tarjetas de red y fuentes de alimentaci\u00f3n, las partes HP garantizan una operaci\u00f3n confiable y eficiente. Estas partes son compatibles con los servidores HP, lo que asegura la integridad y el rendimiento del sistema.<\/span><\/h3>\n<\/li>\n<\/ul>\n<h3><span style=\"font-family: tahoma, arial, helvetica, sans-serif;\">Las partes y repuestos para servidores HP son componentes dise\u00f1ados espec\u00edficamente para mantener y mejorar el rendimiento de los servidores HP. Estos productos aseguran la integridad y la confiabilidad de los servidores, minimizando el tiempo de inactividad y maximizando la eficiencia operativa. Aqu\u00ed hay m\u00e1s informaci\u00f3n sobre las partes y repuestos para servidores HP:<\/span><\/h3>\n<ol>\n<li>\n<h3 style=\"text-align: justify;\"><span style=\"font-family: tahoma, arial, helvetica, sans-serif;\">M\u00f3dulos de memoria: Los m\u00f3dulos de memoria son componentes esenciales para aumentar la capacidad y el rendimiento de los servidores HP. Estos m\u00f3dulos ofrecen una mayor capacidad de almacenamiento de datos y mejoran la velocidad de procesamiento de las aplicaciones.<\/span><\/h3>\n<\/li>\n<li style=\"text-align: justify;\">\n<h3><span style=\"font-family: tahoma, arial, helvetica, sans-serif;\">Unidades de almacenamiento: Las unidades de almacenamiento HP incluyen discos duros y unidades de estado s\u00f3lido (SSD) que ofrecen una amplia capacidad de almacenamiento para los datos y aplicaciones cr\u00edticas. Estas unidades permiten un acceso r\u00e1pido y confiable a los datos, mejorando el rendimiento del servidor.<\/span><\/h3>\n<\/li>\n<li style=\"text-align: justify;\">\n<h3><span style=\"font-family: tahoma, arial, helvetica, sans-serif;\">Tarjetas de red: Las tarjetas de red HP proporcionan conectividad de red de alta velocidad y confiabilidad para los servidores. Estas tarjetas son compatibles con una variedad de est\u00e1ndares de red, como Ethernet y Fibre Channel, y permiten una comunicaci\u00f3n eficiente y segura dentro de la infraestructura de red.<\/span><\/h3>\n<\/li>\n<li style=\"text-align: justify;\">\n<h3><span style=\"font-family: tahoma, arial, helvetica, sans-serif;\">Fuentes de alimentaci\u00f3n: Las fuentes de alimentaci\u00f3n HP para servidores son componentes esenciales que suministran energ\u00eda el\u00e9ctrica confiable y estable a los servidores. Estas fuentes de alimentaci\u00f3n est\u00e1n dise\u00f1adas para garantizar la continuidad del servicio, incluso en situaciones de fluctuaciones de energ\u00eda.<\/span><\/h3>\n<\/li>\n<li style=\"text-align: justify;\">\n<h3><span style=\"font-family: tahoma, arial, helvetica, sans-serif;\">Ventiladores y disipadores de calor: Los ventiladores y disipadores de calor HP mantienen una temperatura \u00f3ptima dentro de los servidores, asegurando un funcionamiento adecuado y evitando el sobrecalentamiento. Estos componentes ayudan a mantener la estabilidad del sistema y prolongar la vida \u00fatil de los servidores.<\/span><\/h3>\n<\/li>\n<li>\n<h3 style=\"text-align: justify;\"><span style=\"font-family: tahoma, arial, helvetica, sans-serif;\">Controladoras RAID: Las controladoras RAID HP ofrecen una mayor capacidad de almacenamiento y redundancia para proteger los datos cr\u00edticos. Estas controladoras permiten la configuraci\u00f3n de arreglos RAID, lo que mejora la tolerancia a fallos y la disponibilidad de los datos almacenados.<\/span><\/h3>\n<\/li>\n<\/ol>\n<h3><\/h3>\n<h3><\/h3>\n<h3 style=\"text-align: center;\"><span style=\"color: #d0121a; font-family: tahoma, arial, helvetica, sans-serif;\"><strong>SERVIDORES HP &#8211; PARTES &#8211; REPUESTOS &#8211; DISCOS DUROS &#8211; FUENTES DE PODER &#8211; STORAGE<\/strong><\/span><\/h3>\n<p>&nbsp;<\/p>\n<h2 style=\"text-align: center;\"><span style=\"color: #d0121a; font-family: tahoma, arial, helvetica, sans-serif;\"><strong>Disponemos de una Amplia Gama de Equipos Para Venta &#8211; Arrendamiento &#8211; Alquiler : Servidores &#8211; Swicthes &#8211; AP Soluciones Wifi &#8211; UPS<\/strong><\/span><\/h2>\n<table width=\"82\">\n<tbody>\n<tr>\n<td><\/td>\n<\/tr>\n<\/tbody>\n<\/table>\n<h3 style=\"text-align: center;\"><span style=\"color: #2445a2; font-family: tahoma, arial, helvetica, sans-serif;\"><strong> SOMOS INGENIEROS CERTIFICADOS EN SERVIDORES HP &#8211; NOS ESPECIALIZAMOS EN SOLUCIONES CORPORATIVAS INTEGRALES : Videovigilancia &#8211; Redes &#8211; Servidores &#8211; Almacenamiento &#8211; Cableado Estructurado<\/strong> <\/span><\/h3>\n<h3><\/h3>\n<h3 style=\"text-align: center;\"><span style=\"font-family: tahoma, arial, helvetica, sans-serif; font-size: 14pt;\"><strong>\u00a0<\/strong><\/span><\/h3>\n<p>&nbsp;<\/p>\n<p style=\"text-align: center;\"><span style=\"color: #ff0000;\"><strong><span style=\"font-family: tahoma, arial, helvetica, sans-serif; font-size: 14pt;\">Para Precio y Disponibilidad Por Favor Cont\u00e1ctanos V\u00eda Email o WhatsApp<\/span><\/strong><\/span><\/p>\n<p style=\"text-align: center;\"><span style=\"color: #ff0000;\">___________________________________________________________________________________________________<\/span><\/p>\n<p>&nbsp;<\/p>\n<p>&nbsp;<\/p>\n<h3 style=\"text-align: center;\"><strong><span style=\"font-family: tahoma, arial, helvetica, sans-serif; font-size: 14pt;\"><a title=\"Tienda - Precio y Venta Servidores HP\" href=\"https:\/\/netcomp.co\/es\/132-servidores-hp-lenovo-dell-partes\" target=\"_blank\" rel=\"noopener noreferrer\"><span style=\"font-size: 14pt;\">DISPONEMOS DE UNA<\/span><span style=\"font-size: 14pt;\"> AMPLIA GAMA DE SERVIDORES HP PROLIANT PARA <\/span><\/a><\/span><\/strong><\/h3>\n<h3 style=\"text-align: center;\"><strong><span style=\"font-family: tahoma, arial, helvetica, sans-serif; font-size: 14pt;\"><a title=\"Tienda - Precio y Venta Servidores HP\" href=\"https:\/\/netcomp.co\/es\/132-servidores-hp-lenovo-dell-partes\" target=\"_blank\" rel=\"noopener noreferrer\">VENTA \/ ARRENDAMIENTO \/ ALQUILER :<\/a><\/span><\/strong><\/h3>\n<h3 style=\"text-align: center;\"><span style=\"font-size: 14pt;\"><a title=\"Tienda - Precio y Venta Servidores HP\" href=\"https:\/\/netcomp.co\/es\/132-servidores-hp-lenovo-dell-partes\" target=\"_blank\" rel=\"noopener noreferrer\"><strong><span style=\"font-family: tahoma, arial, helvetica, sans-serif;\">ML350 \/ ML150 \/ DL320 \/ DL360 \/ DL380 <\/span><span style=\"font-family: tahoma, arial, helvetica, sans-serif;\">PARA COMPRAR CLICK<\/span><span style=\"font-family: tahoma, arial, helvetica, sans-serif;\"> AQU<\/span><\/strong><span style=\"font-family: tahoma, arial, helvetica, sans-serif;\"><strong>I!<\/strong><\/span><\/a><\/span><\/h3>\n<h2 style=\"text-align: center;\"><strong><a href=\"https:\/\/api.whatsapp.com\/send?phone=573168788749\" target=\"_blank\" rel=\"noopener noreferrer\"><img loading=\"lazy\" decoding=\"async\" class=\"wp-image-20467 aligncenter\" src=\"http:\/\/cableado-estructurado.com.co\/netcomp\/wp-content\/uploads\/2018\/07\/whatsapp-logo-mensaje.jpg\" alt=\"\" width=\"290\" height=\"220\" \/><\/a><\/strong><\/h2>\n<h2 style=\"text-align: center;\"><img loading=\"lazy\" decoding=\"async\" class=\"wp-image-21775 aligncenter\" src=\"https:\/\/servidor-hp.com.co\/netcomp\/wp-content\/uploads\/2019\/05\/boton-ventas-servidor.png\" alt=\"\" width=\"495\" height=\"153\" \/><\/h2>\n<p style=\"text-align: center;\">\n","protected":false},"excerpt":{"rendered":"<p>HPE UR508EInstall &#8211; HPE Install ProLiant<\/p>\n","protected":false},"featured_media":36137,"comment_status":"closed","ping_status":"open","template":"","meta":{"_et_pb_use_builder":"on","_et_pb_old_content":"<h1 style=\"text-align: center;\"><span style=\"font-family: tahoma, arial, helvetica, sans-serif; font-size: 18pt;\"><strong>Fortinet : Power Injector - GPI-130<\/strong><\/span><\/h1>\r\n\u00a0\r\n<h2><span style=\"font-family: tahoma, arial, helvetica, sans-serif; font-size: 14pt;\"><strong>Descrpci\u00f3n:<\/strong><\/span><\/h2>\r\n<h3><span style=\"font-family: tahoma, arial, helvetica, sans-serif; font-size: 12pt;\">1-Port Gigabit PoE Power Injector, 802.3at up to 30W for GPI-130 Gigabit PoE Injector<\/span><\/h3>\r\n\u00a0\r\n\r\n\u00a0\r\n\r\n\u00a0\r\n<h3 style=\"text-align: center;\"><span style=\"font-family: tahoma, arial, helvetica, sans-serif; font-size: 14pt;\"><a title=\"Tienda - Precio y Venta Servidores HP\" href=\"https:\/\/netcomp.co\/es\/132-servidores-hp-lenovo-dell-partes\" target=\"_blank\" rel=\"noopener noreferrer\"><span style=\"font-size: 14pt;\">DISPONEMOS DE UNA<\/span><span style=\"font-size: 14pt;\"> AMPLIA GAMA DE SERVIDORES HP PROLIANT PARA <\/span><\/a><\/span><\/h3>\r\n<h3 style=\"text-align: center;\"><span style=\"font-family: tahoma, arial, helvetica, sans-serif; font-size: 14pt;\"><a title=\"Tienda - Precio y Venta Servidores HP\" href=\"https:\/\/netcomp.co\/es\/132-servidores-hp-lenovo-dell-partes\" target=\"_blank\" rel=\"noopener noreferrer\">VENTA \/ ARRENDAMIENTO \/ ALQUILER :<\/a><\/span><\/h3>\r\n<h3 style=\"text-align: center;\"><span style=\"font-size: 14pt;\"><a title=\"Tienda - Precio y Venta Servidores HP\" href=\"https:\/\/netcomp.co\/es\/132-servidores-hp-lenovo-dell-partes\" target=\"_blank\" rel=\"noopener noreferrer\"><span style=\"font-family: tahoma, arial, helvetica, sans-serif;\">ML350 \/ ML150 \/ DL320 \/ DL360 \/ DL380 <\/span><span style=\"font-family: tahoma, arial, helvetica, sans-serif;\">PARA COMPRAR CLICK<\/span><span style=\"font-family: tahoma, arial, helvetica, sans-serif;\"> AQU<\/span><span style=\"font-family: tahoma, arial, helvetica, sans-serif;\">I!<\/span><\/a><\/span><\/h3>\r\n<h2 style=\"text-align: center;\"><strong><a href=\"https:\/\/api.whatsapp.com\/send?phone=573168788749\" target=\"_blank\" rel=\"noopener noreferrer\"><img class=\"wp-image-20467 aligncenter\" src=\"http:\/\/cableado-estructurado.com.co\/netcomp\/wp-content\/uploads\/2018\/07\/whatsapp-logo-mensaje.jpg\" alt=\"\" width=\"290\" height=\"220\" \/><\/a><\/strong><\/h2>\r\n<h2 style=\"text-align: center;\"><img class=\"wp-image-21775 aligncenter\" src=\"https:\/\/servidor-hp.com.co\/netcomp\/wp-content\/uploads\/2019\/05\/boton-ventas-servidor.png\" alt=\"\" width=\"495\" height=\"153\" \/><\/h2>\r\n<p style=\"text-align: center;\"><\/p>","_et_gb_content_width":""},"product_brand":[],"product_cat":[52858,21006,20523,73,15],"product_tag":[52861,52860,52859],"class_list":{"0":"post-36196","1":"product","2":"type-product","3":"status-publish","4":"has-post-thumbnail","6":"product_cat-storage-hp-2","7":"product_cat-accesorios-2","8":"product_cat-accesorios-servidores","9":"product_cat-servidores-hp-ibm-cisco","10":"product_cat-servidores-hp","11":"product_tag-precio-disco-duro-servidor-hp","12":"product_tag-precio-servidor-bogota","13":"product_tag-servidor-hp-gen10","15":"first","16":"instock","17":"product-type-simple"},"yoast_head":"<!-- This site is optimized with the Yoast SEO plugin v27.2 - https:\/\/yoast.com\/product\/yoast-seo-wordpress\/ -->\n<title>Productos archivo - Servidores HP - Nuevos - Usados - Alquiler<\/title>\n<meta name=\"description\" content=\"HP Install - HPE Install ProLiant MicroServer Service - Instalacion del equipo \/ aplica Bogota-Cali- Barranquilla - Medellin UR508E- Bogota - Colombia - servidor-hp.com.co\" \/>\n<meta name=\"robots\" content=\"index, follow, max-snippet:-1, max-image-preview:large, max-video-preview:-1\" \/>\n<link rel=\"canonical\" href=\"https:\/\/servidor-hp.com.co\/netcomp\/servidores\/sin%20categor\u00eda\/hp-install-hpe-install-proliant-microserver-service-instalacion-del-equipo-aplica-bogota-cali-barranquilla-medellin-ur508e\/\" \/>\n<meta property=\"og:locale\" content=\"es_ES\" \/>\n<meta property=\"og:type\" content=\"article\" \/>\n<meta property=\"og:title\" content=\"HP Install - HPE Install ProLiant MicroServer Service - Instalacion del equipo \/ aplica Bogota-Cali- Barranquilla - Medellin UR508E\" \/>\n<meta property=\"og:description\" content=\"Install - HPE Install ProLiant MicroServer Service - Instalacion del equipo \/ aplica Bogota-Cali- Barranquilla - Medellin HPE UR508E - Bogota - Colombia - servidor-hp.com.co\" \/>\n<meta property=\"og:url\" content=\"https:\/\/servidor-hp.com.co\/netcomp\/servidores\/sin categor\u00eda\/hp-install-hpe-install-proliant-microserver-service-instalacion-del-equipo-aplica-bogota-cali-barranquilla-medellin-ur508e\/\" \/>\n<meta property=\"og:site_name\" content=\"Servidores HP - Nuevos - Usados - Alquiler\" \/>\n<meta property=\"article:modified_time\" content=\"2023-06-13T02:46:57+00:00\" \/>\n<meta property=\"og:image\" content=\"https:\/\/servidor-hp.com.co\/netcomp\/wp-content\/uploads\/2018\/12\/spx-sensores-temperatura-akcp.jpg\" \/>\n\t<meta property=\"og:image:width\" content=\"1280\" \/>\n\t<meta property=\"og:image:height\" content=\"720\" \/>\n\t<meta property=\"og:image:type\" content=\"image\/jpeg\" \/>\n<meta name=\"twitter:card\" content=\"summary_large_image\" \/>\n<meta name=\"twitter:title\" content=\"HP Install - HPE Install ProLiant MicroServer Service - Instalacion del equipo \/ aplica Bogota-Cali- Barranquilla - Medellin UR508E\" \/>\n<meta name=\"twitter:description\" content=\"Install - HPE Install ProLiant MicroServer Service - Instalacion del equipo \/ aplica Bogota-Cali- Barranquilla - Medellin HPE UR508E - Bogota - Colombia - servidor-hp.com.co\" \/>\n<meta name=\"twitter:image\" content=\"https:\/\/servidor-hp.com.co\/netcomp\/wp-content\/uploads\/2018\/05\/hpe-logo-e1597802276155.jpg\" \/>\n<meta name=\"twitter:label1\" content=\"Tiempo de lectura\" \/>\n\t<meta name=\"twitter:data1\" content=\"1 minuto\" \/>\n<script type=\"application\/ld+json\" class=\"yoast-schema-graph\">{\"@context\":\"https:\/\/schema.org\",\"@graph\":[{\"@type\":\"WebPage\",\"@id\":\"https:\/\/servidor-hp.com.co\/netcomp\/servidores\/sin categor\u00eda\/hp-install-hpe-install-proliant-microserver-service-instalacion-del-equipo-aplica-bogota-cali-barranquilla-medellin-ur508e\/\",\"url\":\"https:\/\/servidor-hp.com.co\/netcomp\/servidores\/sin categor\u00eda\/hp-install-hpe-install-proliant-microserver-service-instalacion-del-equipo-aplica-bogota-cali-barranquilla-medellin-ur508e\/\",\"name\":\"Productos archivo - Servidores HP - Nuevos - Usados - Alquiler\",\"isPartOf\":{\"@id\":\"https:\/\/servidor-hp.com.co\/netcomp\/#website\"},\"primaryImageOfPage\":{\"@id\":\"https:\/\/servidor-hp.com.co\/netcomp\/servidores\/sin categor\u00eda\/hp-install-hpe-install-proliant-microserver-service-instalacion-del-equipo-aplica-bogota-cali-barranquilla-medellin-ur508e\/#primaryimage\"},\"image\":{\"@id\":\"https:\/\/servidor-hp.com.co\/netcomp\/servidores\/sin categor\u00eda\/hp-install-hpe-install-proliant-microserver-service-instalacion-del-equipo-aplica-bogota-cali-barranquilla-medellin-ur508e\/#primaryimage\"},\"thumbnailUrl\":\"https:\/\/servidor-hp.com.co\/netcomp\/wp-content\/uploads\/2023\/06\/servidor-hpe-gen10-rack-torre-2.jpg\",\"datePublished\":\"2023-06-13T02:46:55+00:00\",\"dateModified\":\"2023-06-13T02:46:57+00:00\",\"description\":\"HP Install - HPE Install ProLiant MicroServer Service - Instalacion del equipo \/ aplica Bogota-Cali- Barranquilla - Medellin UR508E- Bogota - Colombia - servidor-hp.com.co\",\"breadcrumb\":{\"@id\":\"https:\/\/servidor-hp.com.co\/netcomp\/servidores\/sin categor\u00eda\/hp-install-hpe-install-proliant-microserver-service-instalacion-del-equipo-aplica-bogota-cali-barranquilla-medellin-ur508e\/#breadcrumb\"},\"inLanguage\":\"es\",\"potentialAction\":[{\"@type\":\"ReadAction\",\"target\":[\"https:\/\/servidor-hp.com.co\/netcomp\/servidores\/sin categor\u00eda\/hp-install-hpe-install-proliant-microserver-service-instalacion-del-equipo-aplica-bogota-cali-barranquilla-medellin-ur508e\/\"]}]},{\"@type\":\"ImageObject\",\"inLanguage\":\"es\",\"@id\":\"https:\/\/servidor-hp.com.co\/netcomp\/servidores\/sin categor\u00eda\/hp-install-hpe-install-proliant-microserver-service-instalacion-del-equipo-aplica-bogota-cali-barranquilla-medellin-ur508e\/#primaryimage\",\"url\":\"https:\/\/servidor-hp.com.co\/netcomp\/wp-content\/uploads\/2023\/06\/servidor-hpe-gen10-rack-torre-2.jpg\",\"contentUrl\":\"https:\/\/servidor-hp.com.co\/netcomp\/wp-content\/uploads\/2023\/06\/servidor-hpe-gen10-rack-torre-2.jpg\",\"width\":750,\"height\":500},{\"@type\":\"BreadcrumbList\",\"@id\":\"https:\/\/servidor-hp.com.co\/netcomp\/servidores\/sin categor\u00eda\/hp-install-hpe-install-proliant-microserver-service-instalacion-del-equipo-aplica-bogota-cali-barranquilla-medellin-ur508e\/#breadcrumb\",\"itemListElement\":[{\"@type\":\"ListItem\",\"position\":1,\"name\":\"Portada\",\"item\":\"https:\/\/servidor-hp.com.co\/netcomp\/\"},{\"@type\":\"ListItem\",\"position\":2,\"name\":\"Tienda\",\"item\":\"https:\/\/servidor-hp.com.co\/netcomp\/servidores\/\"},{\"@type\":\"ListItem\",\"position\":3,\"name\":\"HP Install &#8211; HPE Install ProLiant MicroServer Service &#8211; Instalacion del equipo \/ aplica Bogota-Cali- Barranquilla &#8211; Medellin UR508E\"}]},{\"@type\":\"WebSite\",\"@id\":\"https:\/\/servidor-hp.com.co\/netcomp\/#website\",\"url\":\"https:\/\/servidor-hp.com.co\/netcomp\/\",\"name\":\"Servidores HP - Nuevos - Usados - Alquiler\",\"description\":\"Tels: (+57) 316 878 8749\",\"alternateName\":\"Servidores HP DELL LENOVO IBM\",\"potentialAction\":[{\"@type\":\"SearchAction\",\"target\":{\"@type\":\"EntryPoint\",\"urlTemplate\":\"https:\/\/servidor-hp.com.co\/netcomp\/?s={search_term_string}\"},\"query-input\":{\"@type\":\"PropertyValueSpecification\",\"valueRequired\":true,\"valueName\":\"search_term_string\"}}],\"inLanguage\":\"es\"}]}<\/script>\n<!-- \/ Yoast SEO plugin. -->","yoast_head_json":{"title":"Productos archivo - Servidores HP - Nuevos - Usados - Alquiler","description":"HP Install - HPE Install ProLiant MicroServer Service - Instalacion del equipo \/ aplica Bogota-Cali- Barranquilla - Medellin UR508E- Bogota - Colombia - servidor-hp.com.co","robots":{"index":"index","follow":"follow","max-snippet":"max-snippet:-1","max-image-preview":"max-image-preview:large","max-video-preview":"max-video-preview:-1"},"canonical":"https:\/\/servidor-hp.com.co\/netcomp\/servidores\/sin categor\u00eda\/hp-install-hpe-install-proliant-microserver-service-instalacion-del-equipo-aplica-bogota-cali-barranquilla-medellin-ur508e\/","og_locale":"es_ES","og_type":"article","og_title":"HP Install - HPE Install ProLiant MicroServer Service - Instalacion del equipo \/ aplica Bogota-Cali- Barranquilla - Medellin UR508E","og_description":"Install - HPE Install ProLiant MicroServer Service - Instalacion del equipo \/ aplica Bogota-Cali- Barranquilla - Medellin HPE UR508E - Bogota - Colombia - servidor-hp.com.co","og_url":"https:\/\/servidor-hp.com.co\/netcomp\/servidores\/sin categor\u00eda\/hp-install-hpe-install-proliant-microserver-service-instalacion-del-equipo-aplica-bogota-cali-barranquilla-medellin-ur508e\/","og_site_name":"Servidores HP - Nuevos - Usados - Alquiler","article_modified_time":"2023-06-13T02:46:57+00:00","og_image":[{"width":1280,"height":720,"url":"https:\/\/servidor-hp.com.co\/netcomp\/wp-content\/uploads\/2018\/12\/spx-sensores-temperatura-akcp.jpg","type":"image\/jpeg"}],"twitter_card":"summary_large_image","twitter_title":"HP Install - HPE Install ProLiant MicroServer Service - Instalacion del equipo \/ aplica Bogota-Cali- Barranquilla - Medellin UR508E","twitter_description":"Install - HPE Install ProLiant MicroServer Service - Instalacion del equipo \/ aplica Bogota-Cali- Barranquilla - Medellin HPE UR508E - Bogota - Colombia - servidor-hp.com.co","twitter_image":"https:\/\/servidor-hp.com.co\/netcomp\/wp-content\/uploads\/2018\/05\/hpe-logo-e1597802276155.jpg","twitter_misc":{"Tiempo de lectura":"1 minuto"},"schema":{"@context":"https:\/\/schema.org","@graph":[{"@type":"WebPage","@id":"https:\/\/servidor-hp.com.co\/netcomp\/servidores\/sin categor\u00eda\/hp-install-hpe-install-proliant-microserver-service-instalacion-del-equipo-aplica-bogota-cali-barranquilla-medellin-ur508e\/","url":"https:\/\/servidor-hp.com.co\/netcomp\/servidores\/sin categor\u00eda\/hp-install-hpe-install-proliant-microserver-service-instalacion-del-equipo-aplica-bogota-cali-barranquilla-medellin-ur508e\/","name":"Productos archivo - Servidores HP - Nuevos - Usados - Alquiler","isPartOf":{"@id":"https:\/\/servidor-hp.com.co\/netcomp\/#website"},"primaryImageOfPage":{"@id":"https:\/\/servidor-hp.com.co\/netcomp\/servidores\/sin categor\u00eda\/hp-install-hpe-install-proliant-microserver-service-instalacion-del-equipo-aplica-bogota-cali-barranquilla-medellin-ur508e\/#primaryimage"},"image":{"@id":"https:\/\/servidor-hp.com.co\/netcomp\/servidores\/sin categor\u00eda\/hp-install-hpe-install-proliant-microserver-service-instalacion-del-equipo-aplica-bogota-cali-barranquilla-medellin-ur508e\/#primaryimage"},"thumbnailUrl":"https:\/\/servidor-hp.com.co\/netcomp\/wp-content\/uploads\/2023\/06\/servidor-hpe-gen10-rack-torre-2.jpg","datePublished":"2023-06-13T02:46:55+00:00","dateModified":"2023-06-13T02:46:57+00:00","description":"HP Install - HPE Install ProLiant MicroServer Service - Instalacion del equipo \/ aplica Bogota-Cali- Barranquilla - Medellin UR508E- Bogota - Colombia - servidor-hp.com.co","breadcrumb":{"@id":"https:\/\/servidor-hp.com.co\/netcomp\/servidores\/sin categor\u00eda\/hp-install-hpe-install-proliant-microserver-service-instalacion-del-equipo-aplica-bogota-cali-barranquilla-medellin-ur508e\/#breadcrumb"},"inLanguage":"es","potentialAction":[{"@type":"ReadAction","target":["https:\/\/servidor-hp.com.co\/netcomp\/servidores\/sin categor\u00eda\/hp-install-hpe-install-proliant-microserver-service-instalacion-del-equipo-aplica-bogota-cali-barranquilla-medellin-ur508e\/"]}]},{"@type":"ImageObject","inLanguage":"es","@id":"https:\/\/servidor-hp.com.co\/netcomp\/servidores\/sin categor\u00eda\/hp-install-hpe-install-proliant-microserver-service-instalacion-del-equipo-aplica-bogota-cali-barranquilla-medellin-ur508e\/#primaryimage","url":"https:\/\/servidor-hp.com.co\/netcomp\/wp-content\/uploads\/2023\/06\/servidor-hpe-gen10-rack-torre-2.jpg","contentUrl":"https:\/\/servidor-hp.com.co\/netcomp\/wp-content\/uploads\/2023\/06\/servidor-hpe-gen10-rack-torre-2.jpg","width":750,"height":500},{"@type":"BreadcrumbList","@id":"https:\/\/servidor-hp.com.co\/netcomp\/servidores\/sin categor\u00eda\/hp-install-hpe-install-proliant-microserver-service-instalacion-del-equipo-aplica-bogota-cali-barranquilla-medellin-ur508e\/#breadcrumb","itemListElement":[{"@type":"ListItem","position":1,"name":"Portada","item":"https:\/\/servidor-hp.com.co\/netcomp\/"},{"@type":"ListItem","position":2,"name":"Tienda","item":"https:\/\/servidor-hp.com.co\/netcomp\/servidores\/"},{"@type":"ListItem","position":3,"name":"HP Install &#8211; HPE Install ProLiant MicroServer Service &#8211; Instalacion del equipo \/ aplica Bogota-Cali- Barranquilla &#8211; Medellin UR508E"}]},{"@type":"WebSite","@id":"https:\/\/servidor-hp.com.co\/netcomp\/#website","url":"https:\/\/servidor-hp.com.co\/netcomp\/","name":"Servidores HP - Nuevos - Usados - Alquiler","description":"Tels: (+57) 316 878 8749","alternateName":"Servidores HP DELL LENOVO IBM","potentialAction":[{"@type":"SearchAction","target":{"@type":"EntryPoint","urlTemplate":"https:\/\/servidor-hp.com.co\/netcomp\/?s={search_term_string}"},"query-input":{"@type":"PropertyValueSpecification","valueRequired":true,"valueName":"search_term_string"}}],"inLanguage":"es"}]}},"_links":{"self":[{"href":"https:\/\/servidor-hp.com.co\/netcomp\/wp-json\/wp\/v2\/product\/36196","targetHints":{"allow":["GET"]}}],"collection":[{"href":"https:\/\/servidor-hp.com.co\/netcomp\/wp-json\/wp\/v2\/product"}],"about":[{"href":"https:\/\/servidor-hp.com.co\/netcomp\/wp-json\/wp\/v2\/types\/product"}],"replies":[{"embeddable":true,"href":"https:\/\/servidor-hp.com.co\/netcomp\/wp-json\/wp\/v2\/comments?post=36196"}],"wp:featuredmedia":[{"embeddable":true,"href":"https:\/\/servidor-hp.com.co\/netcomp\/wp-json\/wp\/v2\/media\/36137"}],"wp:attachment":[{"href":"https:\/\/servidor-hp.com.co\/netcomp\/wp-json\/wp\/v2\/media?parent=36196"}],"wp:term":[{"taxonomy":"product_brand","embeddable":true,"href":"https:\/\/servidor-hp.com.co\/netcomp\/wp-json\/wp\/v2\/product_brand?post=36196"},{"taxonomy":"product_cat","embeddable":true,"href":"https:\/\/servidor-hp.com.co\/netcomp\/wp-json\/wp\/v2\/product_cat?post=36196"},{"taxonomy":"product_tag","embeddable":true,"href":"https:\/\/servidor-hp.com.co\/netcomp\/wp-json\/wp\/v2\/product_tag?post=36196"}],"curies":[{"name":"wp","href":"https:\/\/api.w.org\/{rel}","templated":true}]}}