{"id":34016,"date":"2022-06-12T01:08:26","date_gmt":"2022-06-12T06:08:26","guid":{"rendered":"https:\/\/servidor-hp.com.co\/netcomp\/servidores\/sin%20categor\u00eda\/hpe-hpe-switch-sfp-modules-jc530ayjc530aryjc704ayjc709ayjc709aryjc710ayjc710aryjc712ayjc712aryjc713ayjc714ayjc715ayjc716ayjc718ayjc718aryjc719ayjc721ayjc723ayjc723aryjd122ayjd122a\/"},"modified":"2023-03-03T16:06:39","modified_gmt":"2023-03-03T21:06:39","slug":"hpe-hpe-switch-sfp-modules-jc530ayjc530aryjc704ayjc709ayjc709aryjc710ayjc710aryjc712ayjc712aryjc713ayjc714ayjc715ayjc716ayjc718ayjc718aryjc719ayjc721ayjc723ayjc723aryjd122ayjd122a","status":"publish","type":"product","link":"https:\/\/servidor-hp.com.co\/netcomp\/servidores\/servidores-hp-ibm-cisco\/hpe-hpe-switch-sfp-modules-jc530ayjc530aryjc704ayjc709ayjc709aryjc710ayjc710aryjc712ayjc712aryjc713ayjc714ayjc715ayjc716ayjc718ayjc718aryjc719ayjc721ayjc723ayjc723aryjd122ayjd122a\/","title":{"rendered":"HPE HPE Switch SFP+ Modules JC530A,\u00ffJC530AR,\u00ffJC704A,\u00ffJC709A,\u00ffJC709AR,\u00ffJC710A,\u00ffJC710AR,\u00ffJC712A,\u00ffJC712AR,\u00ffJC713A,\u00ffJC714A,\u00ffJC715A,\u00ffJC716A,\u00ffJC718A,\u00ffJC718AR,\u00ffJC719A,\u00ffJC721A,\u00ffJC723A,\u00ffJC723AR,\u00ffJD122A,\u00ffJD122AR,\u00ffJD166A,\u00ffJD178A,\u00ffJD192A,\u00ffJD193A"},"content":{"rendered":"<h1 style=\"text-align: center;\"><strong>HPE HPE Switch SFP+ Modules N\/P: JC530A,\u00ffJC530AR,\u00ffJC704A,\u00ffJC709A,\u00ffJC709AR,\u00ffJC710A,\u00ffJC710AR,\u00ffJC712A,\u00ffJC712AR,\u00ffJC713A,\u00ffJC714A,\u00ffJC715A,\u00ffJC716A,\u00ffJC718A,\u00ffJC718AR,\u00ffJC719A,\u00ffJC721A,\u00ffJC723A,\u00ffJC723AR,\u00ffJD122A,\u00ffJD122AR,\u00ffJD166A,\u00ffJD178A,\u00ffJD192A,\u00ffJD193A<\/strong><\/h1>\n<p>&nbsp;<\/p>\n<h3><span style=\"font-family: tahoma, arial, helvetica, sans-serif; font-size: 14pt;\"><strong>Descripci\u00f3n:<\/strong><\/span><\/h3>\n<ul>\n<li>\n<h3>HPE Switch SFP+ Modules<\/h3>\n<\/li>\n<\/ul>\n<p>&nbsp;<\/p>\n<p><img loading=\"lazy\" decoding=\"async\" class=\"aligncenter\" src=\"https:\/\/servidor-hp.com.co\/netcomp\/wp-content\/uploads\/2022\/06\/modulo-sfp-tranceiver-fibra-optica-hpe-aruba-e1655010535868.jpg\" alt=\"Modulo SFP - Tranceiver - Gbit\" width=\"350\" height=\"313\" \/><\/p>\n<p><img loading=\"lazy\" decoding=\"async\" class=\"aligncenter\" src=\"https:\/\/servidor-hp.com.co\/netcomp\/wp-content\/uploads\/2017\/07\/switch-hp2520.jpg\" alt=\"Switches HPE - Aruba - Procurve\" width=\"400\" height=\"400\" \/><\/p>\n<p>&nbsp;<\/p>\n<h3 style=\"text-align: center;\"><span style=\"font-family: tahoma, arial, helvetica, sans-serif; font-size: 14pt;\"><strong>Disponemos de una Amplia Gama de Dispositivos de Conectividad : Modulos HPE de Fibra Gbit &#8211; SFP &#8211; Tranceivers &#8211; Convertidores de Medios De Cobre a Fibra Optica<\/strong><\/span><\/h3>\n<p>&nbsp;<\/p>\n<p style=\"text-align: center;\"><span style=\"color: #ff0000;\"><strong><span style=\"font-family: tahoma, arial, helvetica, sans-serif; font-size: 14pt;\">Para Precio y Disponibilidad Por Favor Cont\u00e1ctanos V\u00eda Email o WhatsApp<\/span><\/strong><\/span><\/p>\n<p style=\"text-align: center;\"><span style=\"color: #ff0000;\">___________________________________________________________________________________________________<\/span><\/p>\n<p>&nbsp;<\/p>\n<p>&nbsp;<\/p>\n<h3 style=\"text-align: center;\"><span style=\"font-family: tahoma, arial, helvetica, sans-serif; font-size: 14pt;\"><a title=\"Tienda - Precio y Venta Servidores HP\" href=\"https:\/\/netcomp.co\/es\/132-servidores-hp-lenovo-dell-partes\" target=\"_blank\" rel=\"noopener noreferrer\"><span style=\"font-size: 14pt;\">DISPONEMOS DE UNA<\/span><span style=\"font-size: 14pt;\"> AMPLIA GAMA DE SERVIDORES HP PROLIANT PARA <\/span><\/a><\/span><\/h3>\n<h3 style=\"text-align: center;\"><span style=\"font-family: tahoma, arial, helvetica, sans-serif; font-size: 14pt;\"><a title=\"Tienda - Precio y Venta Servidores HP\" href=\"https:\/\/netcomp.co\/es\/132-servidores-hp-lenovo-dell-partes\" target=\"_blank\" rel=\"noopener noreferrer\">VENTA \/ ARRENDAMIENTO \/ ALQUILER :<\/a><\/span><\/h3>\n<h3 style=\"text-align: center;\"><span style=\"font-size: 14pt;\"><a title=\"Tienda - Precio y Venta Servidores HP\" href=\"https:\/\/netcomp.co\/es\/132-servidores-hp-lenovo-dell-partes\" target=\"_blank\" rel=\"noopener noreferrer\"><span style=\"font-family: tahoma, arial, helvetica, sans-serif;\">ML350 \/ ML150 \/ DL320 \/ DL360 \/ DL380 <\/span><span style=\"font-family: tahoma, arial, helvetica, sans-serif;\">PARA COMPRAR CLICK<\/span><span style=\"font-family: tahoma, arial, helvetica, sans-serif;\"> AQU<\/span><span style=\"font-family: tahoma, arial, helvetica, sans-serif;\">I!<\/span><\/a><\/span><\/h3>\n<h2 style=\"text-align: center;\"><strong><a href=\"https:\/\/api.whatsapp.com\/send?phone=573168788749\" target=\"_blank\" rel=\"noopener noreferrer\"><img loading=\"lazy\" decoding=\"async\" class=\"wp-image-20467 aligncenter\" src=\"http:\/\/cableado-estructurado.com.co\/netcomp\/wp-content\/uploads\/2018\/07\/whatsapp-logo-mensaje.jpg\" alt=\"\" width=\"290\" height=\"220\" \/><\/a><\/strong><\/h2>\n<h2 style=\"text-align: center;\"><img loading=\"lazy\" decoding=\"async\" class=\"wp-image-21775 aligncenter\" src=\"https:\/\/servidor-hp.com.co\/netcomp\/wp-content\/uploads\/2019\/05\/boton-ventas-servidor.png\" alt=\"\" width=\"495\" height=\"153\" \/><\/h2>\n<p style=\"text-align: center;\">\n","protected":false},"excerpt":{"rendered":"<p>HPE JC530A,\u00ffJC530AR,\u00ffJC704A,\u00ffJC709A,\u00ffJC709AR,\u00ffJC710A,\u00ffJC710AR,\u00ffJC712A,\u00ffJC712AR,\u00ffJC713A,\u00ffJC714A,\u00ffJC715A,\u00ffJC716A,\u00ffJC718A,\u00ffJC718AR,\u00ffJC719A,\u00ffJC721A,\u00ffJC723A,\u00ffJC723AR,\u00ffJD122A,\u00ffJD122AR,\u00ffJD166A,\u00ffJD178A,\u00ffJD192A,\u00ffJD193A<\/p>\n","protected":false},"featured_media":19713,"comment_status":"closed","ping_status":"open","template":"","meta":{"_et_pb_use_builder":"on","_et_pb_old_content":"<h1 style=\"text-align: center;\"><span style=\"font-family: tahoma, arial, helvetica, sans-serif; font-size: 18pt;\"><strong>Fortinet : Power Injector - GPI-130<\/strong><\/span><\/h1>\r\n\u00a0\r\n<h2><span style=\"font-family: tahoma, arial, helvetica, sans-serif; font-size: 14pt;\"><strong>Descrpci\u00f3n:<\/strong><\/span><\/h2>\r\n<h3><span style=\"font-family: tahoma, arial, helvetica, sans-serif; font-size: 12pt;\">1-Port Gigabit PoE Power Injector, 802.3at up to 30W for GPI-130 Gigabit PoE Injector<\/span><\/h3>\r\n\u00a0\r\n\r\n\u00a0\r\n\r\n\u00a0\r\n<h3 style=\"text-align: center;\"><span style=\"font-family: tahoma, arial, helvetica, sans-serif; font-size: 14pt;\"><a title=\"Tienda - Precio y Venta Servidores HP\" href=\"https:\/\/netcomp.co\/es\/132-servidores-hp-lenovo-dell-partes\" target=\"_blank\" rel=\"noopener noreferrer\"><span style=\"font-size: 14pt;\">DISPONEMOS DE UNA<\/span><span style=\"font-size: 14pt;\"> AMPLIA GAMA DE SERVIDORES HP PROLIANT PARA <\/span><\/a><\/span><\/h3>\r\n<h3 style=\"text-align: center;\"><span style=\"font-family: tahoma, arial, helvetica, sans-serif; font-size: 14pt;\"><a title=\"Tienda - Precio y Venta Servidores HP\" href=\"https:\/\/netcomp.co\/es\/132-servidores-hp-lenovo-dell-partes\" target=\"_blank\" rel=\"noopener noreferrer\">VENTA \/ ARRENDAMIENTO \/ ALQUILER :<\/a><\/span><\/h3>\r\n<h3 style=\"text-align: center;\"><span style=\"font-size: 14pt;\"><a title=\"Tienda - Precio y Venta Servidores HP\" href=\"https:\/\/netcomp.co\/es\/132-servidores-hp-lenovo-dell-partes\" target=\"_blank\" rel=\"noopener noreferrer\"><span style=\"font-family: tahoma, arial, helvetica, sans-serif;\">ML350 \/ ML150 \/ DL320 \/ DL360 \/ DL380 <\/span><span style=\"font-family: tahoma, arial, helvetica, sans-serif;\">PARA COMPRAR CLICK<\/span><span style=\"font-family: tahoma, arial, helvetica, sans-serif;\"> AQU<\/span><span style=\"font-family: tahoma, arial, helvetica, sans-serif;\">I!<\/span><\/a><\/span><\/h3>\r\n<h2 style=\"text-align: center;\"><strong><a href=\"https:\/\/api.whatsapp.com\/send?phone=573168788749\" target=\"_blank\" rel=\"noopener noreferrer\"><img class=\"wp-image-20467 aligncenter\" src=\"http:\/\/cableado-estructurado.com.co\/netcomp\/wp-content\/uploads\/2018\/07\/whatsapp-logo-mensaje.jpg\" alt=\"\" width=\"290\" height=\"220\" \/><\/a><\/strong><\/h2>\r\n<h2 style=\"text-align: center;\"><img class=\"wp-image-21775 aligncenter\" src=\"https:\/\/servidor-hp.com.co\/netcomp\/wp-content\/uploads\/2019\/05\/boton-ventas-servidor.png\" alt=\"\" width=\"495\" height=\"153\" \/><\/h2>\r\n<p style=\"text-align: center;\"><\/p>","_et_gb_content_width":""},"product_brand":[],"product_cat":[21006,73],"product_tag":[49458,49459,49460,49461,49462,49463,49464,49465,49466,49467,49468,49469,49470,49471,49472,49473,49474,49475,49476,49477,49478,49479,49480,49481,49482],"class_list":{"0":"post-34016","1":"product","2":"type-product","3":"status-publish","4":"has-post-thumbnail","6":"product_cat-accesorios-2","7":"product_cat-servidores-hp-ibm-cisco","8":"product_tag-hpe-hpe-switch-sfp-modules-jc530a","9":"product_tag-yjc530ar","10":"product_tag-yjc704a","11":"product_tag-yjc709a","12":"product_tag-yjc709ar","13":"product_tag-yjc710a","14":"product_tag-yjc710ar","15":"product_tag-yjc712a","16":"product_tag-yjc712ar","17":"product_tag-yjc713a","18":"product_tag-yjc714a","19":"product_tag-yjc715a","20":"product_tag-yjc716a","21":"product_tag-yjc718a","22":"product_tag-yjc718ar","23":"product_tag-yjc719a","24":"product_tag-yjc721a","25":"product_tag-yjc723a","26":"product_tag-yjc723ar","27":"product_tag-yjd122a","28":"product_tag-yjd122ar","29":"product_tag-yjd166a","30":"product_tag-yjd178a","31":"product_tag-yjd192a","32":"product_tag-yjd193a","34":"first","35":"instock","36":"product-type-simple"},"yoast_head":"<!-- This site is optimized with the Yoast SEO plugin v27.2 - https:\/\/yoast.com\/product\/yoast-seo-wordpress\/ -->\n<title>Productos archivo - Servidores HP - Nuevos - Usados - Alquiler<\/title>\n<meta name=\"description\" content=\"HPE HPE Switch SFP+ Modules JC530A,\u00ffJC530AR,\u00ffJC704A,\u00ffJC709A,\u00ffJC709AR,\u00ffJC710A,\u00ffJC710AR,\u00ffJC712A,\u00ffJC712AR,\u00ffJC713A,\u00ffJC714A,\u00ffJC715A,\u00ffJC716A,\u00ffJC718A,\u00ffJC718AR,\u00ffJC719A,\u00ffJC721A,\u00ffJC723A,\u00ffJC723AR,\u00ffJD122A,\u00ffJD122AR,\u00ffJD166A,\u00ffJD178A,\u00ffJD192A,\u00ffJD193A- Bogota - Colombia - servidor-hp.com.co\" \/>\n<meta name=\"robots\" content=\"index, follow, max-snippet:-1, max-image-preview:large, max-video-preview:-1\" \/>\n<link rel=\"canonical\" href=\"http:\/\/SSL%20-%20AKCP%20-%20Sensor%20Status%20Light-Luz%20de%20Estatus%20para%20Sensor%20de%20Temperatura%20para%20Rack%20de%20Servidores\" \/>\n<meta property=\"og:locale\" content=\"es_ES\" \/>\n<meta property=\"og:type\" content=\"article\" \/>\n<meta property=\"og:title\" content=\"HPE HPE Switch SFP+ Modules JC530A,\u00ffJC530AR,\u00ffJC704A,\u00ffJC709A,\u00ffJC709AR,\u00ffJC710A,\u00ffJC710AR,\u00ffJC712A,\u00ffJC712AR,\u00ffJC713A,\u00ffJC714A,\u00ffJC715A,\u00ffJC716A,\u00ffJC718A,\u00ffJC718AR,\u00ffJC719A,\u00ffJC721A,\u00ffJC723A,\u00ffJC723AR,\u00ffJD122A,\u00ffJD122AR,\u00ffJD166A,\u00ffJD178A,\u00ffJD192A,\u00ffJD193A\" \/>\n<meta property=\"og:description\" content=\"HPE Switch SFP+ Modules HPE JC530A,\u00ffJC530AR,\u00ffJC704A,\u00ffJC709A,\u00ffJC709AR,\u00ffJC710A,\u00ffJC710AR,\u00ffJC712A,\u00ffJC712AR,\u00ffJC713A,\u00ffJC714A,\u00ffJC715A,\u00ffJC716A,\u00ffJC718A,\u00ffJC718AR,\u00ffJC719A,\u00ffJC721A,\u00ffJC723A,\u00ffJC723AR,\u00ffJD122A,\u00ffJD122AR,\u00ffJD166A,\u00ffJD178A,\u00ffJD192A,\u00ffJD193A - Bogota - Colombia - servidor-hp.com.co\" \/>\n<meta property=\"og:url\" content=\"http:\/\/SSL - AKCP - Sensor Status Light-Luz de Estatus para Sensor de Temperatura para Rack de Servidores\" \/>\n<meta property=\"og:site_name\" content=\"Servidores HP - Nuevos - Usados - Alquiler\" \/>\n<meta property=\"article:modified_time\" content=\"2023-03-03T21:06:39+00:00\" \/>\n<meta property=\"og:image\" content=\"https:\/\/servidor-hp.com.co\/netcomp\/wp-content\/uploads\/2018\/12\/spx-sensores-temperatura-akcp.jpg\" \/>\n\t<meta property=\"og:image:width\" content=\"1280\" \/>\n\t<meta property=\"og:image:height\" content=\"720\" \/>\n\t<meta property=\"og:image:type\" content=\"image\/jpeg\" \/>\n<meta name=\"twitter:card\" content=\"summary_large_image\" \/>\n<meta name=\"twitter:title\" content=\"HPE HPE Switch SFP+ Modules JC530A,\u00ffJC530AR,\u00ffJC704A,\u00ffJC709A,\u00ffJC709AR,\u00ffJC710A,\u00ffJC710AR,\u00ffJC712A,\u00ffJC712AR,\u00ffJC713A,\u00ffJC714A,\u00ffJC715A,\u00ffJC716A,\u00ffJC718A,\u00ffJC718AR,\u00ffJC719A,\u00ffJC721A,\u00ffJC723A,\u00ffJC723AR,\u00ffJD122A,\u00ffJD122AR,\u00ffJD166A,\u00ffJD178A,\u00ffJD192A,\u00ffJD193A\" \/>\n<meta name=\"twitter:description\" content=\"HPE Switch SFP+ Modules HPE JC530A,\u00ffJC530AR,\u00ffJC704A,\u00ffJC709A,\u00ffJC709AR,\u00ffJC710A,\u00ffJC710AR,\u00ffJC712A,\u00ffJC712AR,\u00ffJC713A,\u00ffJC714A,\u00ffJC715A,\u00ffJC716A,\u00ffJC718A,\u00ffJC718AR,\u00ffJC719A,\u00ffJC721A,\u00ffJC723A,\u00ffJC723AR,\u00ffJD122A,\u00ffJD122AR,\u00ffJD166A,\u00ffJD178A,\u00ffJD192A,\u00ffJD193A - Bogota - Colombia - servidor-hp.com.co\" \/>\n<meta name=\"twitter:image\" content=\"https:\/\/servidor-hp.com.co\/netcomp\/wp-content\/uploads\/2018\/05\/hpe-logo-e1597802276155.jpg\" \/>\n<meta name=\"twitter:label1\" content=\"Tiempo de lectura\" \/>\n\t<meta name=\"twitter:data1\" content=\"1 minuto\" \/>\n<script type=\"application\/ld+json\" class=\"yoast-schema-graph\">{\"@context\":\"https:\/\/schema.org\",\"@graph\":[{\"@type\":\"WebPage\",\"@id\":\"https:\/\/servidor-hp.com.co\/netcomp\/servidores\/servidores-hp-ibm-cisco\/hpe-hpe-switch-sfp-modules-jc530ayjc530aryjc704ayjc709ayjc709aryjc710ayjc710aryjc712ayjc712aryjc713ayjc714ayjc715ayjc716ayjc718ayjc718aryjc719ayjc721ayjc723ayjc723aryjd122ayjd122a\/\",\"url\":\"http:\/\/SSL%20-%20AKCP%20-%20Sensor%20Status%20Light-Luz%20de%20Estatus%20para%20Sensor%20de%20Temperatura%20para%20Rack%20de%20Servidores\",\"name\":\"Productos archivo - Servidores HP - Nuevos - Usados - Alquiler\",\"isPartOf\":{\"@id\":\"https:\/\/servidor-hp.com.co\/netcomp\/#website\"},\"primaryImageOfPage\":{\"@id\":\"http:\/\/SSL%20-%20AKCP%20-%20Sensor%20Status%20Light-Luz%20de%20Estatus%20para%20Sensor%20de%20Temperatura%20para%20Rack%20de%20Servidores#primaryimage\"},\"image\":{\"@id\":\"http:\/\/SSL%20-%20AKCP%20-%20Sensor%20Status%20Light-Luz%20de%20Estatus%20para%20Sensor%20de%20Temperatura%20para%20Rack%20de%20Servidores#primaryimage\"},\"thumbnailUrl\":\"https:\/\/servidor-hp.com.co\/netcomp\/wp-content\/uploads\/2018\/05\/hpe-logo-e1597802276155.jpg\",\"datePublished\":\"2022-06-12T06:08:26+00:00\",\"dateModified\":\"2023-03-03T21:06:39+00:00\",\"description\":\"HPE HPE Switch SFP+ Modules JC530A,\u00ffJC530AR,\u00ffJC704A,\u00ffJC709A,\u00ffJC709AR,\u00ffJC710A,\u00ffJC710AR,\u00ffJC712A,\u00ffJC712AR,\u00ffJC713A,\u00ffJC714A,\u00ffJC715A,\u00ffJC716A,\u00ffJC718A,\u00ffJC718AR,\u00ffJC719A,\u00ffJC721A,\u00ffJC723A,\u00ffJC723AR,\u00ffJD122A,\u00ffJD122AR,\u00ffJD166A,\u00ffJD178A,\u00ffJD192A,\u00ffJD193A- Bogota - Colombia - servidor-hp.com.co\",\"breadcrumb\":{\"@id\":\"http:\/\/SSL%20-%20AKCP%20-%20Sensor%20Status%20Light-Luz%20de%20Estatus%20para%20Sensor%20de%20Temperatura%20para%20Rack%20de%20Servidores#breadcrumb\"},\"inLanguage\":\"es\",\"potentialAction\":[{\"@type\":\"ReadAction\",\"target\":[\"http:\/\/SSL%20-%20AKCP%20-%20Sensor%20Status%20Light-Luz%20de%20Estatus%20para%20Sensor%20de%20Temperatura%20para%20Rack%20de%20Servidores\"]}]},{\"@type\":\"ImageObject\",\"inLanguage\":\"es\",\"@id\":\"http:\/\/SSL%20-%20AKCP%20-%20Sensor%20Status%20Light-Luz%20de%20Estatus%20para%20Sensor%20de%20Temperatura%20para%20Rack%20de%20Servidores#primaryimage\",\"url\":\"https:\/\/servidor-hp.com.co\/netcomp\/wp-content\/uploads\/2018\/05\/hpe-logo-e1597802276155.jpg\",\"contentUrl\":\"https:\/\/servidor-hp.com.co\/netcomp\/wp-content\/uploads\/2018\/05\/hpe-logo-e1597802276155.jpg\",\"width\":350,\"height\":233,\"caption\":\"Servicios - PARA SERVIDOR HP PROLIANT DL380 SFF GEN10 - RACK\"},{\"@type\":\"BreadcrumbList\",\"@id\":\"http:\/\/SSL%20-%20AKCP%20-%20Sensor%20Status%20Light-Luz%20de%20Estatus%20para%20Sensor%20de%20Temperatura%20para%20Rack%20de%20Servidores#breadcrumb\",\"itemListElement\":[{\"@type\":\"ListItem\",\"position\":1,\"name\":\"Portada\",\"item\":\"https:\/\/servidor-hp.com.co\/netcomp\/\"},{\"@type\":\"ListItem\",\"position\":2,\"name\":\"Tienda\",\"item\":\"https:\/\/servidor-hp.com.co\/netcomp\/servidores\/\"},{\"@type\":\"ListItem\",\"position\":3,\"name\":\"HPE HPE Switch SFP+ Modules JC530A,\u00ffJC530AR,\u00ffJC704A,\u00ffJC709A,\u00ffJC709AR,\u00ffJC710A,\u00ffJC710AR,\u00ffJC712A,\u00ffJC712AR,\u00ffJC713A,\u00ffJC714A,\u00ffJC715A,\u00ffJC716A,\u00ffJC718A,\u00ffJC718AR,\u00ffJC719A,\u00ffJC721A,\u00ffJC723A,\u00ffJC723AR,\u00ffJD122A,\u00ffJD122AR,\u00ffJD166A,\u00ffJD178A,\u00ffJD192A,\u00ffJD193A\"}]},{\"@type\":\"WebSite\",\"@id\":\"https:\/\/servidor-hp.com.co\/netcomp\/#website\",\"url\":\"https:\/\/servidor-hp.com.co\/netcomp\/\",\"name\":\"Servidores HP - Nuevos - Usados - Alquiler\",\"description\":\"Tels: (+57) 316 878 8749\",\"alternateName\":\"Servidores HP DELL LENOVO IBM\",\"potentialAction\":[{\"@type\":\"SearchAction\",\"target\":{\"@type\":\"EntryPoint\",\"urlTemplate\":\"https:\/\/servidor-hp.com.co\/netcomp\/?s={search_term_string}\"},\"query-input\":{\"@type\":\"PropertyValueSpecification\",\"valueRequired\":true,\"valueName\":\"search_term_string\"}}],\"inLanguage\":\"es\"}]}<\/script>\n<!-- \/ Yoast SEO plugin. -->","yoast_head_json":{"title":"Productos archivo - Servidores HP - Nuevos - Usados - Alquiler","description":"HPE HPE Switch SFP+ Modules JC530A,\u00ffJC530AR,\u00ffJC704A,\u00ffJC709A,\u00ffJC709AR,\u00ffJC710A,\u00ffJC710AR,\u00ffJC712A,\u00ffJC712AR,\u00ffJC713A,\u00ffJC714A,\u00ffJC715A,\u00ffJC716A,\u00ffJC718A,\u00ffJC718AR,\u00ffJC719A,\u00ffJC721A,\u00ffJC723A,\u00ffJC723AR,\u00ffJD122A,\u00ffJD122AR,\u00ffJD166A,\u00ffJD178A,\u00ffJD192A,\u00ffJD193A- Bogota - Colombia - servidor-hp.com.co","robots":{"index":"index","follow":"follow","max-snippet":"max-snippet:-1","max-image-preview":"max-image-preview:large","max-video-preview":"max-video-preview:-1"},"canonical":"http:\/\/SSL - AKCP - Sensor Status Light-Luz de Estatus para Sensor de Temperatura para Rack de Servidores","og_locale":"es_ES","og_type":"article","og_title":"HPE HPE Switch SFP+ Modules JC530A,\u00ffJC530AR,\u00ffJC704A,\u00ffJC709A,\u00ffJC709AR,\u00ffJC710A,\u00ffJC710AR,\u00ffJC712A,\u00ffJC712AR,\u00ffJC713A,\u00ffJC714A,\u00ffJC715A,\u00ffJC716A,\u00ffJC718A,\u00ffJC718AR,\u00ffJC719A,\u00ffJC721A,\u00ffJC723A,\u00ffJC723AR,\u00ffJD122A,\u00ffJD122AR,\u00ffJD166A,\u00ffJD178A,\u00ffJD192A,\u00ffJD193A","og_description":"HPE Switch SFP+ Modules HPE JC530A,\u00ffJC530AR,\u00ffJC704A,\u00ffJC709A,\u00ffJC709AR,\u00ffJC710A,\u00ffJC710AR,\u00ffJC712A,\u00ffJC712AR,\u00ffJC713A,\u00ffJC714A,\u00ffJC715A,\u00ffJC716A,\u00ffJC718A,\u00ffJC718AR,\u00ffJC719A,\u00ffJC721A,\u00ffJC723A,\u00ffJC723AR,\u00ffJD122A,\u00ffJD122AR,\u00ffJD166A,\u00ffJD178A,\u00ffJD192A,\u00ffJD193A - Bogota - Colombia - servidor-hp.com.co","og_url":"http:\/\/SSL - AKCP - Sensor Status Light-Luz de Estatus para Sensor de Temperatura para Rack de Servidores","og_site_name":"Servidores HP - Nuevos - Usados - Alquiler","article_modified_time":"2023-03-03T21:06:39+00:00","og_image":[{"width":1280,"height":720,"url":"https:\/\/servidor-hp.com.co\/netcomp\/wp-content\/uploads\/2018\/12\/spx-sensores-temperatura-akcp.jpg","type":"image\/jpeg"}],"twitter_card":"summary_large_image","twitter_title":"HPE HPE Switch SFP+ Modules JC530A,\u00ffJC530AR,\u00ffJC704A,\u00ffJC709A,\u00ffJC709AR,\u00ffJC710A,\u00ffJC710AR,\u00ffJC712A,\u00ffJC712AR,\u00ffJC713A,\u00ffJC714A,\u00ffJC715A,\u00ffJC716A,\u00ffJC718A,\u00ffJC718AR,\u00ffJC719A,\u00ffJC721A,\u00ffJC723A,\u00ffJC723AR,\u00ffJD122A,\u00ffJD122AR,\u00ffJD166A,\u00ffJD178A,\u00ffJD192A,\u00ffJD193A","twitter_description":"HPE Switch SFP+ Modules HPE JC530A,\u00ffJC530AR,\u00ffJC704A,\u00ffJC709A,\u00ffJC709AR,\u00ffJC710A,\u00ffJC710AR,\u00ffJC712A,\u00ffJC712AR,\u00ffJC713A,\u00ffJC714A,\u00ffJC715A,\u00ffJC716A,\u00ffJC718A,\u00ffJC718AR,\u00ffJC719A,\u00ffJC721A,\u00ffJC723A,\u00ffJC723AR,\u00ffJD122A,\u00ffJD122AR,\u00ffJD166A,\u00ffJD178A,\u00ffJD192A,\u00ffJD193A - Bogota - Colombia - servidor-hp.com.co","twitter_image":"https:\/\/servidor-hp.com.co\/netcomp\/wp-content\/uploads\/2018\/05\/hpe-logo-e1597802276155.jpg","twitter_misc":{"Tiempo de lectura":"1 minuto"},"schema":{"@context":"https:\/\/schema.org","@graph":[{"@type":"WebPage","@id":"https:\/\/servidor-hp.com.co\/netcomp\/servidores\/servidores-hp-ibm-cisco\/hpe-hpe-switch-sfp-modules-jc530ayjc530aryjc704ayjc709ayjc709aryjc710ayjc710aryjc712ayjc712aryjc713ayjc714ayjc715ayjc716ayjc718ayjc718aryjc719ayjc721ayjc723ayjc723aryjd122ayjd122a\/","url":"http:\/\/SSL%20-%20AKCP%20-%20Sensor%20Status%20Light-Luz%20de%20Estatus%20para%20Sensor%20de%20Temperatura%20para%20Rack%20de%20Servidores","name":"Productos archivo - Servidores HP - Nuevos - Usados - Alquiler","isPartOf":{"@id":"https:\/\/servidor-hp.com.co\/netcomp\/#website"},"primaryImageOfPage":{"@id":"http:\/\/SSL%20-%20AKCP%20-%20Sensor%20Status%20Light-Luz%20de%20Estatus%20para%20Sensor%20de%20Temperatura%20para%20Rack%20de%20Servidores#primaryimage"},"image":{"@id":"http:\/\/SSL%20-%20AKCP%20-%20Sensor%20Status%20Light-Luz%20de%20Estatus%20para%20Sensor%20de%20Temperatura%20para%20Rack%20de%20Servidores#primaryimage"},"thumbnailUrl":"https:\/\/servidor-hp.com.co\/netcomp\/wp-content\/uploads\/2018\/05\/hpe-logo-e1597802276155.jpg","datePublished":"2022-06-12T06:08:26+00:00","dateModified":"2023-03-03T21:06:39+00:00","description":"HPE HPE Switch SFP+ Modules JC530A,\u00ffJC530AR,\u00ffJC704A,\u00ffJC709A,\u00ffJC709AR,\u00ffJC710A,\u00ffJC710AR,\u00ffJC712A,\u00ffJC712AR,\u00ffJC713A,\u00ffJC714A,\u00ffJC715A,\u00ffJC716A,\u00ffJC718A,\u00ffJC718AR,\u00ffJC719A,\u00ffJC721A,\u00ffJC723A,\u00ffJC723AR,\u00ffJD122A,\u00ffJD122AR,\u00ffJD166A,\u00ffJD178A,\u00ffJD192A,\u00ffJD193A- Bogota - Colombia - servidor-hp.com.co","breadcrumb":{"@id":"http:\/\/SSL%20-%20AKCP%20-%20Sensor%20Status%20Light-Luz%20de%20Estatus%20para%20Sensor%20de%20Temperatura%20para%20Rack%20de%20Servidores#breadcrumb"},"inLanguage":"es","potentialAction":[{"@type":"ReadAction","target":["http:\/\/SSL%20-%20AKCP%20-%20Sensor%20Status%20Light-Luz%20de%20Estatus%20para%20Sensor%20de%20Temperatura%20para%20Rack%20de%20Servidores"]}]},{"@type":"ImageObject","inLanguage":"es","@id":"http:\/\/SSL%20-%20AKCP%20-%20Sensor%20Status%20Light-Luz%20de%20Estatus%20para%20Sensor%20de%20Temperatura%20para%20Rack%20de%20Servidores#primaryimage","url":"https:\/\/servidor-hp.com.co\/netcomp\/wp-content\/uploads\/2018\/05\/hpe-logo-e1597802276155.jpg","contentUrl":"https:\/\/servidor-hp.com.co\/netcomp\/wp-content\/uploads\/2018\/05\/hpe-logo-e1597802276155.jpg","width":350,"height":233,"caption":"Servicios - PARA SERVIDOR HP PROLIANT DL380 SFF GEN10 - RACK"},{"@type":"BreadcrumbList","@id":"http:\/\/SSL%20-%20AKCP%20-%20Sensor%20Status%20Light-Luz%20de%20Estatus%20para%20Sensor%20de%20Temperatura%20para%20Rack%20de%20Servidores#breadcrumb","itemListElement":[{"@type":"ListItem","position":1,"name":"Portada","item":"https:\/\/servidor-hp.com.co\/netcomp\/"},{"@type":"ListItem","position":2,"name":"Tienda","item":"https:\/\/servidor-hp.com.co\/netcomp\/servidores\/"},{"@type":"ListItem","position":3,"name":"HPE HPE Switch SFP+ Modules JC530A,\u00ffJC530AR,\u00ffJC704A,\u00ffJC709A,\u00ffJC709AR,\u00ffJC710A,\u00ffJC710AR,\u00ffJC712A,\u00ffJC712AR,\u00ffJC713A,\u00ffJC714A,\u00ffJC715A,\u00ffJC716A,\u00ffJC718A,\u00ffJC718AR,\u00ffJC719A,\u00ffJC721A,\u00ffJC723A,\u00ffJC723AR,\u00ffJD122A,\u00ffJD122AR,\u00ffJD166A,\u00ffJD178A,\u00ffJD192A,\u00ffJD193A"}]},{"@type":"WebSite","@id":"https:\/\/servidor-hp.com.co\/netcomp\/#website","url":"https:\/\/servidor-hp.com.co\/netcomp\/","name":"Servidores HP - Nuevos - Usados - Alquiler","description":"Tels: (+57) 316 878 8749","alternateName":"Servidores HP DELL LENOVO IBM","potentialAction":[{"@type":"SearchAction","target":{"@type":"EntryPoint","urlTemplate":"https:\/\/servidor-hp.com.co\/netcomp\/?s={search_term_string}"},"query-input":{"@type":"PropertyValueSpecification","valueRequired":true,"valueName":"search_term_string"}}],"inLanguage":"es"}]}},"_links":{"self":[{"href":"https:\/\/servidor-hp.com.co\/netcomp\/wp-json\/wp\/v2\/product\/34016","targetHints":{"allow":["GET"]}}],"collection":[{"href":"https:\/\/servidor-hp.com.co\/netcomp\/wp-json\/wp\/v2\/product"}],"about":[{"href":"https:\/\/servidor-hp.com.co\/netcomp\/wp-json\/wp\/v2\/types\/product"}],"replies":[{"embeddable":true,"href":"https:\/\/servidor-hp.com.co\/netcomp\/wp-json\/wp\/v2\/comments?post=34016"}],"wp:featuredmedia":[{"embeddable":true,"href":"https:\/\/servidor-hp.com.co\/netcomp\/wp-json\/wp\/v2\/media\/19713"}],"wp:attachment":[{"href":"https:\/\/servidor-hp.com.co\/netcomp\/wp-json\/wp\/v2\/media?parent=34016"}],"wp:term":[{"taxonomy":"product_brand","embeddable":true,"href":"https:\/\/servidor-hp.com.co\/netcomp\/wp-json\/wp\/v2\/product_brand?post=34016"},{"taxonomy":"product_cat","embeddable":true,"href":"https:\/\/servidor-hp.com.co\/netcomp\/wp-json\/wp\/v2\/product_cat?post=34016"},{"taxonomy":"product_tag","embeddable":true,"href":"https:\/\/servidor-hp.com.co\/netcomp\/wp-json\/wp\/v2\/product_tag?post=34016"}],"curies":[{"name":"wp","href":"https:\/\/api.w.org\/{rel}","templated":true}]}}