{"id":33738,"date":"2022-06-12T00:59:58","date_gmt":"2022-06-12T05:59:58","guid":{"rendered":"https:\/\/servidor-hp.com.co\/netcomp\/servidores\/sin%20categor\u00eda\/hpe-hp-5500-switch-products-je076ayje076aryje081ayje081aryje082ayje082aryje083ayje083aryje084ayje084aryje085ayje085aryje088ayje088aryje089ayje090ayje090aryje091ayje092ayje092aryje0\/"},"modified":"2023-03-03T17:03:58","modified_gmt":"2023-03-03T22:03:58","slug":"hpe-hp-5500-switch-products-je076ayje076aryje081ayje081aryje082ayje082aryje083ayje083aryje084ayje084aryje085ayje085aryje088ayje088aryje089ayje090ayje090aryje091ayje092ayje092aryje0","status":"publish","type":"product","link":"https:\/\/servidor-hp.com.co\/netcomp\/servidores\/servidores-hp-ibm-cisco\/hpe-hp-5500-switch-products-je076ayje076aryje081ayje081aryje082ayje082aryje083ayje083aryje084ayje084aryje085ayje085aryje088ayje088aryje089ayje090ayje090aryje091ayje092ayje092aryje0\/","title":{"rendered":"HPE HP 5500 Switch Products JE076A,\u00ffJE076AR,\u00ffJE081A,\u00ffJE081AR,\u00ffJE082A,\u00ffJE082AR,\u00ffJE083A,\u00ffJE083AR,\u00ffJE084A,\u00ffJE084AR,\u00ffJE085A,\u00ffJE085AR,\u00ffJE088A,\u00ffJE088AR,\u00ffJE089A,\u00ffJE090A,\u00ffJE090AR,\u00ffJE091A,\u00ffJE092A,\u00ffJE092AR,\u00ffJE093A,\u00ffJE094A,\u00ffJE094AR,\u00ffJE095A,\u00ffJE096A,\u00ffJE096AR,\u00ffJE097A,\u00ffJE098A,\u00ffJE100A,\u00ffJE101A,"},"content":{"rendered":"<h1 style=\"text-align: center;\"><strong>HPE HP 5500 Switch Products N\/P: JE076A,\u00ffJE076AR,\u00ffJE081A,\u00ffJE081AR,\u00ffJE082A,\u00ffJE082AR,\u00ffJE083A,\u00ffJE083AR,\u00ffJE084A,\u00ffJE084AR,\u00ffJE085A,\u00ffJE085AR,\u00ffJE088A,\u00ffJE088AR,\u00ffJE089A,\u00ffJE090A,\u00ffJE090AR,\u00ffJE091A,\u00ffJE092A,\u00ffJE092AR,\u00ffJE093A,\u00ffJE094A,\u00ffJE094AR,\u00ffJE095A,\u00ffJE096A,\u00ffJE096AR,\u00ffJE097A,\u00ffJE098A,\u00ffJE100A,\u00ffJE101A,<\/strong><\/h1>\n<p>&nbsp;<\/p>\n<h3><span style=\"font-family: tahoma, arial, helvetica, sans-serif; font-size: 14pt;\"><strong>Descripci\u00f3n:<\/strong><\/span><\/h3>\n<ul>\n<li>\n<h3>HP 5500 Switch Products<\/h3>\n<\/li>\n<\/ul>\n<p>&nbsp;<\/p>\n<p><img loading=\"lazy\" decoding=\"async\" class=\"aligncenter\" src=\"https:\/\/servidor-hp.com.co\/netcomp\/wp-content\/uploads\/2022\/06\/modulo-sfp-tranceiver-fibra-optica-hpe-aruba-e1655010535868.jpg\" alt=\"Modulo SFP - Tranceiver - Gbit\" width=\"350\" height=\"313\" \/><\/p>\n<p><img loading=\"lazy\" decoding=\"async\" class=\"aligncenter\" src=\"https:\/\/servidor-hp.com.co\/netcomp\/wp-content\/uploads\/2017\/07\/switch-hp2520.jpg\" alt=\"Switches HPE - Aruba - Procurve\" width=\"400\" height=\"400\" \/><\/p>\n<p>&nbsp;<\/p>\n<h3 style=\"text-align: center;\"><span style=\"font-family: tahoma, arial, helvetica, sans-serif; font-size: 14pt;\"><strong>Disponemos de una Amplia Gama de Dispositivos de Conectividad : Modulos HPE de Fibra Gbit &#8211; SFP &#8211; Tranceivers &#8211; Convertidores de Medios De Cobre a Fibra Optica<\/strong><\/span><\/h3>\n<p>&nbsp;<\/p>\n<p style=\"text-align: center;\"><span style=\"color: #ff0000;\"><strong><span style=\"font-family: tahoma, arial, helvetica, sans-serif; font-size: 14pt;\">Para Precio y Disponibilidad Por Favor Cont\u00e1ctanos V\u00eda Email o WhatsApp<\/span><\/strong><\/span><\/p>\n<p style=\"text-align: center;\"><span style=\"color: #ff0000;\">___________________________________________________________________________________________________<\/span><\/p>\n<p>&nbsp;<\/p>\n<p>&nbsp;<\/p>\n<h3 style=\"text-align: center;\"><span style=\"font-family: tahoma, arial, helvetica, sans-serif; font-size: 14pt;\"><a title=\"Tienda - Precio y Venta Servidores HP\" href=\"https:\/\/netcomp.co\/es\/132-servidores-hp-lenovo-dell-partes\" target=\"_blank\" rel=\"noopener noreferrer\"><span style=\"font-size: 14pt;\">DISPONEMOS DE UNA<\/span><span style=\"font-size: 14pt;\"> AMPLIA GAMA DE SERVIDORES HP PROLIANT PARA <\/span><\/a><\/span><\/h3>\n<h3 style=\"text-align: center;\"><span style=\"font-family: tahoma, arial, helvetica, sans-serif; font-size: 14pt;\"><a title=\"Tienda - Precio y Venta Servidores HP\" href=\"https:\/\/netcomp.co\/es\/132-servidores-hp-lenovo-dell-partes\" target=\"_blank\" rel=\"noopener noreferrer\">VENTA \/ ARRENDAMIENTO \/ ALQUILER :<\/a><\/span><\/h3>\n<h3 style=\"text-align: center;\"><span style=\"font-size: 14pt;\"><a title=\"Tienda - Precio y Venta Servidores HP\" href=\"https:\/\/netcomp.co\/es\/132-servidores-hp-lenovo-dell-partes\" target=\"_blank\" rel=\"noopener noreferrer\"><span style=\"font-family: tahoma, arial, helvetica, sans-serif;\">ML350 \/ ML150 \/ DL320 \/ DL360 \/ DL380 <\/span><span style=\"font-family: tahoma, arial, helvetica, sans-serif;\">PARA COMPRAR CLICK<\/span><span style=\"font-family: tahoma, arial, helvetica, sans-serif;\"> AQU<\/span><span style=\"font-family: tahoma, arial, helvetica, sans-serif;\">I!<\/span><\/a><\/span><\/h3>\n<h2 style=\"text-align: center;\"><strong><a href=\"https:\/\/api.whatsapp.com\/send?phone=573168788749\" target=\"_blank\" rel=\"noopener noreferrer\"><img loading=\"lazy\" decoding=\"async\" class=\"wp-image-20467 aligncenter\" src=\"http:\/\/cableado-estructurado.com.co\/netcomp\/wp-content\/uploads\/2018\/07\/whatsapp-logo-mensaje.jpg\" alt=\"\" width=\"290\" height=\"220\" \/><\/a><\/strong><\/h2>\n<h2 style=\"text-align: center;\"><img loading=\"lazy\" decoding=\"async\" class=\"wp-image-21775 aligncenter\" src=\"https:\/\/servidor-hp.com.co\/netcomp\/wp-content\/uploads\/2019\/05\/boton-ventas-servidor.png\" alt=\"\" width=\"495\" height=\"153\" \/><\/h2>\n<p style=\"text-align: center;\">\n","protected":false},"excerpt":{"rendered":"<p>HPE JE076A,\u00ffJE076AR,\u00ffJE081A,\u00ffJE081AR,\u00ffJE082A,\u00ffJE082AR,\u00ffJE083A,\u00ffJE083AR,\u00ffJE084A,\u00ffJE084AR,\u00ffJE085A,\u00ffJE085AR,\u00ffJE088A,\u00ffJE088AR,\u00ffJE089A,\u00ffJE090A,\u00ffJE090AR,\u00ffJE091A,\u00ffJE092A,\u00ffJE092AR,\u00ffJE093A,\u00ffJE094A,\u00ffJE094AR,\u00ffJE095A,\u00ffJE096A,\u00ffJE096AR,\u00ffJE097A,\u00ffJE098A,\u00ffJE100A,\u00ffJE101A,<\/p>\n","protected":false},"featured_media":19713,"comment_status":"closed","ping_status":"open","template":"","meta":{"_et_pb_use_builder":"on","_et_pb_old_content":"<h1 style=\"text-align: center;\"><span style=\"font-family: tahoma, arial, helvetica, sans-serif; font-size: 18pt;\"><strong>Fortinet : Power Injector - GPI-130<\/strong><\/span><\/h1>\r\n\u00a0\r\n<h2><span style=\"font-family: tahoma, arial, helvetica, sans-serif; font-size: 14pt;\"><strong>Descrpci\u00f3n:<\/strong><\/span><\/h2>\r\n<h3><span style=\"font-family: tahoma, arial, helvetica, sans-serif; font-size: 12pt;\">1-Port Gigabit PoE Power Injector, 802.3at up to 30W for GPI-130 Gigabit PoE Injector<\/span><\/h3>\r\n\u00a0\r\n\r\n\u00a0\r\n\r\n\u00a0\r\n<h3 style=\"text-align: center;\"><span style=\"font-family: tahoma, arial, helvetica, sans-serif; font-size: 14pt;\"><a title=\"Tienda - Precio y Venta Servidores HP\" href=\"https:\/\/netcomp.co\/es\/132-servidores-hp-lenovo-dell-partes\" target=\"_blank\" rel=\"noopener noreferrer\"><span style=\"font-size: 14pt;\">DISPONEMOS DE UNA<\/span><span style=\"font-size: 14pt;\"> AMPLIA GAMA DE SERVIDORES HP PROLIANT PARA <\/span><\/a><\/span><\/h3>\r\n<h3 style=\"text-align: center;\"><span style=\"font-family: tahoma, arial, helvetica, sans-serif; font-size: 14pt;\"><a title=\"Tienda - Precio y Venta Servidores HP\" href=\"https:\/\/netcomp.co\/es\/132-servidores-hp-lenovo-dell-partes\" target=\"_blank\" rel=\"noopener noreferrer\">VENTA \/ ARRENDAMIENTO \/ ALQUILER :<\/a><\/span><\/h3>\r\n<h3 style=\"text-align: center;\"><span style=\"font-size: 14pt;\"><a title=\"Tienda - Precio y Venta Servidores HP\" href=\"https:\/\/netcomp.co\/es\/132-servidores-hp-lenovo-dell-partes\" target=\"_blank\" rel=\"noopener noreferrer\"><span style=\"font-family: tahoma, arial, helvetica, sans-serif;\">ML350 \/ ML150 \/ DL320 \/ DL360 \/ DL380 <\/span><span style=\"font-family: tahoma, arial, helvetica, sans-serif;\">PARA COMPRAR CLICK<\/span><span style=\"font-family: tahoma, arial, helvetica, sans-serif;\"> AQU<\/span><span style=\"font-family: tahoma, arial, helvetica, sans-serif;\">I!<\/span><\/a><\/span><\/h3>\r\n<h2 style=\"text-align: center;\"><strong><a href=\"https:\/\/api.whatsapp.com\/send?phone=573168788749\" target=\"_blank\" rel=\"noopener noreferrer\"><img class=\"wp-image-20467 aligncenter\" src=\"http:\/\/cableado-estructurado.com.co\/netcomp\/wp-content\/uploads\/2018\/07\/whatsapp-logo-mensaje.jpg\" alt=\"\" width=\"290\" height=\"220\" \/><\/a><\/strong><\/h2>\r\n<h2 style=\"text-align: center;\"><img class=\"wp-image-21775 aligncenter\" src=\"https:\/\/servidor-hp.com.co\/netcomp\/wp-content\/uploads\/2019\/05\/boton-ventas-servidor.png\" alt=\"\" width=\"495\" height=\"153\" \/><\/h2>\r\n<p style=\"text-align: center;\"><\/p>","_et_gb_content_width":""},"product_brand":[],"product_cat":[21006,73],"product_tag":[48943,48944,48945,48946,48947,48948,48949,48950,48951,48952,48953,48954,48955,48956,48957,48958,48959,48960,48961,48962,48963,48964,48965,48966,48967,48968,48969,48970,48971,48972],"class_list":{"0":"post-33738","1":"product","2":"type-product","3":"status-publish","4":"has-post-thumbnail","6":"product_cat-accesorios-2","7":"product_cat-servidores-hp-ibm-cisco","8":"product_tag-hpe-hp-5500-switch-products-je076a","9":"product_tag-yje076ar","10":"product_tag-yje081a","11":"product_tag-yje081ar","12":"product_tag-yje082a","13":"product_tag-yje082ar","14":"product_tag-yje083a","15":"product_tag-yje083ar","16":"product_tag-yje084a","17":"product_tag-yje084ar","18":"product_tag-yje085a","19":"product_tag-yje085ar","20":"product_tag-yje088a","21":"product_tag-yje088ar","22":"product_tag-yje089a","23":"product_tag-yje090a","24":"product_tag-yje090ar","25":"product_tag-yje091a","26":"product_tag-yje092a","27":"product_tag-yje092ar","28":"product_tag-yje093a","29":"product_tag-yje094a","30":"product_tag-yje094ar","31":"product_tag-yje095a","32":"product_tag-yje096a","33":"product_tag-yje096ar","34":"product_tag-yje097a","35":"product_tag-yje098a","36":"product_tag-yje100a","37":"product_tag-yje101a","39":"first","40":"instock","41":"product-type-simple"},"yoast_head":"<!-- This site is optimized with the Yoast SEO plugin v27.2 - https:\/\/yoast.com\/product\/yoast-seo-wordpress\/ -->\n<title>Productos archivo - Servidores HP - Nuevos - Usados - Alquiler<\/title>\n<meta name=\"description\" content=\"HPE HP 5500 Switch Products JE076A,\u00ffJE076AR,\u00ffJE081A,\u00ffJE081AR,\u00ffJE082A,\u00ffJE082AR,\u00ffJE083A,\u00ffJE083AR,\u00ffJE084A,\u00ffJE084AR,\u00ffJE085A,\u00ffJE085AR,\u00ffJE088A,\u00ffJE088AR,\u00ffJE089A,\u00ffJE090A,\u00ffJE090AR,\u00ffJE091A,\u00ffJE092A,\u00ffJE092AR,\u00ffJE093A,\u00ffJE094A,\u00ffJE094AR,\u00ffJE095A,\u00ffJE096A,\u00ffJE096AR,\u00ffJE097A,\u00ffJE098A,\u00ffJE100A,\u00ffJE101A,- Bogota - Colombia - servidor-hp.com.co\" \/>\n<meta name=\"robots\" content=\"index, follow, max-snippet:-1, max-image-preview:large, max-video-preview:-1\" \/>\n<link rel=\"canonical\" href=\"http:\/\/SSL%20-%20AKCP%20-%20Sensor%20Status%20Light-Luz%20de%20Estatus%20para%20Sensor%20de%20Temperatura%20para%20Rack%20de%20Servidores\" \/>\n<meta property=\"og:locale\" content=\"es_ES\" \/>\n<meta property=\"og:type\" content=\"article\" \/>\n<meta property=\"og:title\" content=\"HPE HP 5500 Switch Products JE076A,\u00ffJE076AR,\u00ffJE081A,\u00ffJE081AR,\u00ffJE082A,\u00ffJE082AR,\u00ffJE083A,\u00ffJE083AR,\u00ffJE084A,\u00ffJE084AR,\u00ffJE085A,\u00ffJE085AR,\u00ffJE088A,\u00ffJE088AR,\u00ffJE089A,\u00ffJE090A,\u00ffJE090AR,\u00ffJE091A,\u00ffJE092A,\u00ffJE092AR,\u00ffJE093A,\u00ffJE094A,\u00ffJE094AR,\u00ffJE095A,\u00ffJE096A,\u00ffJE096AR,\u00ffJE097A,\u00ffJE098A,\u00ffJE100A,\u00ffJE101A,\" \/>\n<meta property=\"og:description\" content=\"HP 5500 Switch Products HPE JE076A,\u00ffJE076AR,\u00ffJE081A,\u00ffJE081AR,\u00ffJE082A,\u00ffJE082AR,\u00ffJE083A,\u00ffJE083AR,\u00ffJE084A,\u00ffJE084AR,\u00ffJE085A,\u00ffJE085AR,\u00ffJE088A,\u00ffJE088AR,\u00ffJE089A,\u00ffJE090A,\u00ffJE090AR,\u00ffJE091A,\u00ffJE092A,\u00ffJE092AR,\u00ffJE093A,\u00ffJE094A,\u00ffJE094AR,\u00ffJE095A,\u00ffJE096A,\u00ffJE096AR,\u00ffJE097A,\u00ffJE098A,\u00ffJE100A,\u00ffJE101A, - Bogota - Colombia - servidor-hp.com.co\" \/>\n<meta property=\"og:url\" content=\"http:\/\/SSL - AKCP - Sensor Status Light-Luz de Estatus para Sensor de Temperatura para Rack de Servidores\" \/>\n<meta property=\"og:site_name\" content=\"Servidores HP - Nuevos - Usados - Alquiler\" \/>\n<meta property=\"article:modified_time\" content=\"2023-03-03T22:03:58+00:00\" \/>\n<meta property=\"og:image\" content=\"https:\/\/servidor-hp.com.co\/netcomp\/wp-content\/uploads\/2018\/12\/spx-sensores-temperatura-akcp.jpg\" \/>\n\t<meta property=\"og:image:width\" content=\"1280\" \/>\n\t<meta property=\"og:image:height\" content=\"720\" \/>\n\t<meta property=\"og:image:type\" content=\"image\/jpeg\" \/>\n<meta name=\"twitter:card\" content=\"summary_large_image\" \/>\n<meta name=\"twitter:title\" content=\"HPE HP 5500 Switch Products JE076A,\u00ffJE076AR,\u00ffJE081A,\u00ffJE081AR,\u00ffJE082A,\u00ffJE082AR,\u00ffJE083A,\u00ffJE083AR,\u00ffJE084A,\u00ffJE084AR,\u00ffJE085A,\u00ffJE085AR,\u00ffJE088A,\u00ffJE088AR,\u00ffJE089A,\u00ffJE090A,\u00ffJE090AR,\u00ffJE091A,\u00ffJE092A,\u00ffJE092AR,\u00ffJE093A,\u00ffJE094A,\u00ffJE094AR,\u00ffJE095A,\u00ffJE096A,\u00ffJE096AR,\u00ffJE097A,\u00ffJE098A,\u00ffJE100A,\u00ffJE101A,\" \/>\n<meta name=\"twitter:description\" content=\"HP 5500 Switch Products HPE JE076A,\u00ffJE076AR,\u00ffJE081A,\u00ffJE081AR,\u00ffJE082A,\u00ffJE082AR,\u00ffJE083A,\u00ffJE083AR,\u00ffJE084A,\u00ffJE084AR,\u00ffJE085A,\u00ffJE085AR,\u00ffJE088A,\u00ffJE088AR,\u00ffJE089A,\u00ffJE090A,\u00ffJE090AR,\u00ffJE091A,\u00ffJE092A,\u00ffJE092AR,\u00ffJE093A,\u00ffJE094A,\u00ffJE094AR,\u00ffJE095A,\u00ffJE096A,\u00ffJE096AR,\u00ffJE097A,\u00ffJE098A,\u00ffJE100A,\u00ffJE101A, - Bogota - Colombia - servidor-hp.com.co\" \/>\n<meta name=\"twitter:image\" content=\"https:\/\/servidor-hp.com.co\/netcomp\/wp-content\/uploads\/2018\/05\/hpe-logo-e1597802276155.jpg\" \/>\n<meta name=\"twitter:label1\" content=\"Tiempo de lectura\" \/>\n\t<meta name=\"twitter:data1\" content=\"1 minuto\" \/>\n<script type=\"application\/ld+json\" class=\"yoast-schema-graph\">{\"@context\":\"https:\/\/schema.org\",\"@graph\":[{\"@type\":\"WebPage\",\"@id\":\"https:\/\/servidor-hp.com.co\/netcomp\/servidores\/servidores-hp-ibm-cisco\/hpe-hp-5500-switch-products-je076ayje076aryje081ayje081aryje082ayje082aryje083ayje083aryje084ayje084aryje085ayje085aryje088ayje088aryje089ayje090ayje090aryje091ayje092ayje092aryje0\/\",\"url\":\"http:\/\/SSL%20-%20AKCP%20-%20Sensor%20Status%20Light-Luz%20de%20Estatus%20para%20Sensor%20de%20Temperatura%20para%20Rack%20de%20Servidores\",\"name\":\"Productos archivo - Servidores HP - Nuevos - Usados - Alquiler\",\"isPartOf\":{\"@id\":\"https:\/\/servidor-hp.com.co\/netcomp\/#website\"},\"primaryImageOfPage\":{\"@id\":\"http:\/\/SSL%20-%20AKCP%20-%20Sensor%20Status%20Light-Luz%20de%20Estatus%20para%20Sensor%20de%20Temperatura%20para%20Rack%20de%20Servidores#primaryimage\"},\"image\":{\"@id\":\"http:\/\/SSL%20-%20AKCP%20-%20Sensor%20Status%20Light-Luz%20de%20Estatus%20para%20Sensor%20de%20Temperatura%20para%20Rack%20de%20Servidores#primaryimage\"},\"thumbnailUrl\":\"https:\/\/servidor-hp.com.co\/netcomp\/wp-content\/uploads\/2018\/05\/hpe-logo-e1597802276155.jpg\",\"datePublished\":\"2022-06-12T05:59:58+00:00\",\"dateModified\":\"2023-03-03T22:03:58+00:00\",\"description\":\"HPE HP 5500 Switch Products JE076A,\u00ffJE076AR,\u00ffJE081A,\u00ffJE081AR,\u00ffJE082A,\u00ffJE082AR,\u00ffJE083A,\u00ffJE083AR,\u00ffJE084A,\u00ffJE084AR,\u00ffJE085A,\u00ffJE085AR,\u00ffJE088A,\u00ffJE088AR,\u00ffJE089A,\u00ffJE090A,\u00ffJE090AR,\u00ffJE091A,\u00ffJE092A,\u00ffJE092AR,\u00ffJE093A,\u00ffJE094A,\u00ffJE094AR,\u00ffJE095A,\u00ffJE096A,\u00ffJE096AR,\u00ffJE097A,\u00ffJE098A,\u00ffJE100A,\u00ffJE101A,- Bogota - Colombia - servidor-hp.com.co\",\"breadcrumb\":{\"@id\":\"http:\/\/SSL%20-%20AKCP%20-%20Sensor%20Status%20Light-Luz%20de%20Estatus%20para%20Sensor%20de%20Temperatura%20para%20Rack%20de%20Servidores#breadcrumb\"},\"inLanguage\":\"es\",\"potentialAction\":[{\"@type\":\"ReadAction\",\"target\":[\"http:\/\/SSL%20-%20AKCP%20-%20Sensor%20Status%20Light-Luz%20de%20Estatus%20para%20Sensor%20de%20Temperatura%20para%20Rack%20de%20Servidores\"]}]},{\"@type\":\"ImageObject\",\"inLanguage\":\"es\",\"@id\":\"http:\/\/SSL%20-%20AKCP%20-%20Sensor%20Status%20Light-Luz%20de%20Estatus%20para%20Sensor%20de%20Temperatura%20para%20Rack%20de%20Servidores#primaryimage\",\"url\":\"https:\/\/servidor-hp.com.co\/netcomp\/wp-content\/uploads\/2018\/05\/hpe-logo-e1597802276155.jpg\",\"contentUrl\":\"https:\/\/servidor-hp.com.co\/netcomp\/wp-content\/uploads\/2018\/05\/hpe-logo-e1597802276155.jpg\",\"width\":350,\"height\":233,\"caption\":\"Servicios - PARA SERVIDOR HP PROLIANT DL380 SFF GEN10 - RACK\"},{\"@type\":\"BreadcrumbList\",\"@id\":\"http:\/\/SSL%20-%20AKCP%20-%20Sensor%20Status%20Light-Luz%20de%20Estatus%20para%20Sensor%20de%20Temperatura%20para%20Rack%20de%20Servidores#breadcrumb\",\"itemListElement\":[{\"@type\":\"ListItem\",\"position\":1,\"name\":\"Portada\",\"item\":\"https:\/\/servidor-hp.com.co\/netcomp\/\"},{\"@type\":\"ListItem\",\"position\":2,\"name\":\"Tienda\",\"item\":\"https:\/\/servidor-hp.com.co\/netcomp\/servidores\/\"},{\"@type\":\"ListItem\",\"position\":3,\"name\":\"HPE HP 5500 Switch Products JE076A,\u00ffJE076AR,\u00ffJE081A,\u00ffJE081AR,\u00ffJE082A,\u00ffJE082AR,\u00ffJE083A,\u00ffJE083AR,\u00ffJE084A,\u00ffJE084AR,\u00ffJE085A,\u00ffJE085AR,\u00ffJE088A,\u00ffJE088AR,\u00ffJE089A,\u00ffJE090A,\u00ffJE090AR,\u00ffJE091A,\u00ffJE092A,\u00ffJE092AR,\u00ffJE093A,\u00ffJE094A,\u00ffJE094AR,\u00ffJE095A,\u00ffJE096A,\u00ffJE096AR,\u00ffJE097A,\u00ffJE098A,\u00ffJE100A,\u00ffJE101A,\"}]},{\"@type\":\"WebSite\",\"@id\":\"https:\/\/servidor-hp.com.co\/netcomp\/#website\",\"url\":\"https:\/\/servidor-hp.com.co\/netcomp\/\",\"name\":\"Servidores HP - Nuevos - Usados - Alquiler\",\"description\":\"Tels: (+57) 316 878 8749\",\"alternateName\":\"Servidores HP DELL LENOVO IBM\",\"potentialAction\":[{\"@type\":\"SearchAction\",\"target\":{\"@type\":\"EntryPoint\",\"urlTemplate\":\"https:\/\/servidor-hp.com.co\/netcomp\/?s={search_term_string}\"},\"query-input\":{\"@type\":\"PropertyValueSpecification\",\"valueRequired\":true,\"valueName\":\"search_term_string\"}}],\"inLanguage\":\"es\"}]}<\/script>\n<!-- \/ Yoast SEO plugin. -->","yoast_head_json":{"title":"Productos archivo - Servidores HP - Nuevos - Usados - Alquiler","description":"HPE HP 5500 Switch Products JE076A,\u00ffJE076AR,\u00ffJE081A,\u00ffJE081AR,\u00ffJE082A,\u00ffJE082AR,\u00ffJE083A,\u00ffJE083AR,\u00ffJE084A,\u00ffJE084AR,\u00ffJE085A,\u00ffJE085AR,\u00ffJE088A,\u00ffJE088AR,\u00ffJE089A,\u00ffJE090A,\u00ffJE090AR,\u00ffJE091A,\u00ffJE092A,\u00ffJE092AR,\u00ffJE093A,\u00ffJE094A,\u00ffJE094AR,\u00ffJE095A,\u00ffJE096A,\u00ffJE096AR,\u00ffJE097A,\u00ffJE098A,\u00ffJE100A,\u00ffJE101A,- Bogota - Colombia - servidor-hp.com.co","robots":{"index":"index","follow":"follow","max-snippet":"max-snippet:-1","max-image-preview":"max-image-preview:large","max-video-preview":"max-video-preview:-1"},"canonical":"http:\/\/SSL - AKCP - Sensor Status Light-Luz de Estatus para Sensor de Temperatura para Rack de Servidores","og_locale":"es_ES","og_type":"article","og_title":"HPE HP 5500 Switch Products JE076A,\u00ffJE076AR,\u00ffJE081A,\u00ffJE081AR,\u00ffJE082A,\u00ffJE082AR,\u00ffJE083A,\u00ffJE083AR,\u00ffJE084A,\u00ffJE084AR,\u00ffJE085A,\u00ffJE085AR,\u00ffJE088A,\u00ffJE088AR,\u00ffJE089A,\u00ffJE090A,\u00ffJE090AR,\u00ffJE091A,\u00ffJE092A,\u00ffJE092AR,\u00ffJE093A,\u00ffJE094A,\u00ffJE094AR,\u00ffJE095A,\u00ffJE096A,\u00ffJE096AR,\u00ffJE097A,\u00ffJE098A,\u00ffJE100A,\u00ffJE101A,","og_description":"HP 5500 Switch Products HPE JE076A,\u00ffJE076AR,\u00ffJE081A,\u00ffJE081AR,\u00ffJE082A,\u00ffJE082AR,\u00ffJE083A,\u00ffJE083AR,\u00ffJE084A,\u00ffJE084AR,\u00ffJE085A,\u00ffJE085AR,\u00ffJE088A,\u00ffJE088AR,\u00ffJE089A,\u00ffJE090A,\u00ffJE090AR,\u00ffJE091A,\u00ffJE092A,\u00ffJE092AR,\u00ffJE093A,\u00ffJE094A,\u00ffJE094AR,\u00ffJE095A,\u00ffJE096A,\u00ffJE096AR,\u00ffJE097A,\u00ffJE098A,\u00ffJE100A,\u00ffJE101A, - Bogota - Colombia - servidor-hp.com.co","og_url":"http:\/\/SSL - AKCP - Sensor Status Light-Luz de Estatus para Sensor de Temperatura para Rack de Servidores","og_site_name":"Servidores HP - Nuevos - Usados - Alquiler","article_modified_time":"2023-03-03T22:03:58+00:00","og_image":[{"width":1280,"height":720,"url":"https:\/\/servidor-hp.com.co\/netcomp\/wp-content\/uploads\/2018\/12\/spx-sensores-temperatura-akcp.jpg","type":"image\/jpeg"}],"twitter_card":"summary_large_image","twitter_title":"HPE HP 5500 Switch Products JE076A,\u00ffJE076AR,\u00ffJE081A,\u00ffJE081AR,\u00ffJE082A,\u00ffJE082AR,\u00ffJE083A,\u00ffJE083AR,\u00ffJE084A,\u00ffJE084AR,\u00ffJE085A,\u00ffJE085AR,\u00ffJE088A,\u00ffJE088AR,\u00ffJE089A,\u00ffJE090A,\u00ffJE090AR,\u00ffJE091A,\u00ffJE092A,\u00ffJE092AR,\u00ffJE093A,\u00ffJE094A,\u00ffJE094AR,\u00ffJE095A,\u00ffJE096A,\u00ffJE096AR,\u00ffJE097A,\u00ffJE098A,\u00ffJE100A,\u00ffJE101A,","twitter_description":"HP 5500 Switch Products HPE JE076A,\u00ffJE076AR,\u00ffJE081A,\u00ffJE081AR,\u00ffJE082A,\u00ffJE082AR,\u00ffJE083A,\u00ffJE083AR,\u00ffJE084A,\u00ffJE084AR,\u00ffJE085A,\u00ffJE085AR,\u00ffJE088A,\u00ffJE088AR,\u00ffJE089A,\u00ffJE090A,\u00ffJE090AR,\u00ffJE091A,\u00ffJE092A,\u00ffJE092AR,\u00ffJE093A,\u00ffJE094A,\u00ffJE094AR,\u00ffJE095A,\u00ffJE096A,\u00ffJE096AR,\u00ffJE097A,\u00ffJE098A,\u00ffJE100A,\u00ffJE101A, - Bogota - Colombia - servidor-hp.com.co","twitter_image":"https:\/\/servidor-hp.com.co\/netcomp\/wp-content\/uploads\/2018\/05\/hpe-logo-e1597802276155.jpg","twitter_misc":{"Tiempo de lectura":"1 minuto"},"schema":{"@context":"https:\/\/schema.org","@graph":[{"@type":"WebPage","@id":"https:\/\/servidor-hp.com.co\/netcomp\/servidores\/servidores-hp-ibm-cisco\/hpe-hp-5500-switch-products-je076ayje076aryje081ayje081aryje082ayje082aryje083ayje083aryje084ayje084aryje085ayje085aryje088ayje088aryje089ayje090ayje090aryje091ayje092ayje092aryje0\/","url":"http:\/\/SSL%20-%20AKCP%20-%20Sensor%20Status%20Light-Luz%20de%20Estatus%20para%20Sensor%20de%20Temperatura%20para%20Rack%20de%20Servidores","name":"Productos archivo - Servidores HP - Nuevos - Usados - Alquiler","isPartOf":{"@id":"https:\/\/servidor-hp.com.co\/netcomp\/#website"},"primaryImageOfPage":{"@id":"http:\/\/SSL%20-%20AKCP%20-%20Sensor%20Status%20Light-Luz%20de%20Estatus%20para%20Sensor%20de%20Temperatura%20para%20Rack%20de%20Servidores#primaryimage"},"image":{"@id":"http:\/\/SSL%20-%20AKCP%20-%20Sensor%20Status%20Light-Luz%20de%20Estatus%20para%20Sensor%20de%20Temperatura%20para%20Rack%20de%20Servidores#primaryimage"},"thumbnailUrl":"https:\/\/servidor-hp.com.co\/netcomp\/wp-content\/uploads\/2018\/05\/hpe-logo-e1597802276155.jpg","datePublished":"2022-06-12T05:59:58+00:00","dateModified":"2023-03-03T22:03:58+00:00","description":"HPE HP 5500 Switch Products JE076A,\u00ffJE076AR,\u00ffJE081A,\u00ffJE081AR,\u00ffJE082A,\u00ffJE082AR,\u00ffJE083A,\u00ffJE083AR,\u00ffJE084A,\u00ffJE084AR,\u00ffJE085A,\u00ffJE085AR,\u00ffJE088A,\u00ffJE088AR,\u00ffJE089A,\u00ffJE090A,\u00ffJE090AR,\u00ffJE091A,\u00ffJE092A,\u00ffJE092AR,\u00ffJE093A,\u00ffJE094A,\u00ffJE094AR,\u00ffJE095A,\u00ffJE096A,\u00ffJE096AR,\u00ffJE097A,\u00ffJE098A,\u00ffJE100A,\u00ffJE101A,- Bogota - Colombia - servidor-hp.com.co","breadcrumb":{"@id":"http:\/\/SSL%20-%20AKCP%20-%20Sensor%20Status%20Light-Luz%20de%20Estatus%20para%20Sensor%20de%20Temperatura%20para%20Rack%20de%20Servidores#breadcrumb"},"inLanguage":"es","potentialAction":[{"@type":"ReadAction","target":["http:\/\/SSL%20-%20AKCP%20-%20Sensor%20Status%20Light-Luz%20de%20Estatus%20para%20Sensor%20de%20Temperatura%20para%20Rack%20de%20Servidores"]}]},{"@type":"ImageObject","inLanguage":"es","@id":"http:\/\/SSL%20-%20AKCP%20-%20Sensor%20Status%20Light-Luz%20de%20Estatus%20para%20Sensor%20de%20Temperatura%20para%20Rack%20de%20Servidores#primaryimage","url":"https:\/\/servidor-hp.com.co\/netcomp\/wp-content\/uploads\/2018\/05\/hpe-logo-e1597802276155.jpg","contentUrl":"https:\/\/servidor-hp.com.co\/netcomp\/wp-content\/uploads\/2018\/05\/hpe-logo-e1597802276155.jpg","width":350,"height":233,"caption":"Servicios - PARA SERVIDOR HP PROLIANT DL380 SFF GEN10 - RACK"},{"@type":"BreadcrumbList","@id":"http:\/\/SSL%20-%20AKCP%20-%20Sensor%20Status%20Light-Luz%20de%20Estatus%20para%20Sensor%20de%20Temperatura%20para%20Rack%20de%20Servidores#breadcrumb","itemListElement":[{"@type":"ListItem","position":1,"name":"Portada","item":"https:\/\/servidor-hp.com.co\/netcomp\/"},{"@type":"ListItem","position":2,"name":"Tienda","item":"https:\/\/servidor-hp.com.co\/netcomp\/servidores\/"},{"@type":"ListItem","position":3,"name":"HPE HP 5500 Switch Products JE076A,\u00ffJE076AR,\u00ffJE081A,\u00ffJE081AR,\u00ffJE082A,\u00ffJE082AR,\u00ffJE083A,\u00ffJE083AR,\u00ffJE084A,\u00ffJE084AR,\u00ffJE085A,\u00ffJE085AR,\u00ffJE088A,\u00ffJE088AR,\u00ffJE089A,\u00ffJE090A,\u00ffJE090AR,\u00ffJE091A,\u00ffJE092A,\u00ffJE092AR,\u00ffJE093A,\u00ffJE094A,\u00ffJE094AR,\u00ffJE095A,\u00ffJE096A,\u00ffJE096AR,\u00ffJE097A,\u00ffJE098A,\u00ffJE100A,\u00ffJE101A,"}]},{"@type":"WebSite","@id":"https:\/\/servidor-hp.com.co\/netcomp\/#website","url":"https:\/\/servidor-hp.com.co\/netcomp\/","name":"Servidores HP - Nuevos - Usados - Alquiler","description":"Tels: (+57) 316 878 8749","alternateName":"Servidores HP DELL LENOVO IBM","potentialAction":[{"@type":"SearchAction","target":{"@type":"EntryPoint","urlTemplate":"https:\/\/servidor-hp.com.co\/netcomp\/?s={search_term_string}"},"query-input":{"@type":"PropertyValueSpecification","valueRequired":true,"valueName":"search_term_string"}}],"inLanguage":"es"}]}},"_links":{"self":[{"href":"https:\/\/servidor-hp.com.co\/netcomp\/wp-json\/wp\/v2\/product\/33738","targetHints":{"allow":["GET"]}}],"collection":[{"href":"https:\/\/servidor-hp.com.co\/netcomp\/wp-json\/wp\/v2\/product"}],"about":[{"href":"https:\/\/servidor-hp.com.co\/netcomp\/wp-json\/wp\/v2\/types\/product"}],"replies":[{"embeddable":true,"href":"https:\/\/servidor-hp.com.co\/netcomp\/wp-json\/wp\/v2\/comments?post=33738"}],"wp:featuredmedia":[{"embeddable":true,"href":"https:\/\/servidor-hp.com.co\/netcomp\/wp-json\/wp\/v2\/media\/19713"}],"wp:attachment":[{"href":"https:\/\/servidor-hp.com.co\/netcomp\/wp-json\/wp\/v2\/media?parent=33738"}],"wp:term":[{"taxonomy":"product_brand","embeddable":true,"href":"https:\/\/servidor-hp.com.co\/netcomp\/wp-json\/wp\/v2\/product_brand?post=33738"},{"taxonomy":"product_cat","embeddable":true,"href":"https:\/\/servidor-hp.com.co\/netcomp\/wp-json\/wp\/v2\/product_cat?post=33738"},{"taxonomy":"product_tag","embeddable":true,"href":"https:\/\/servidor-hp.com.co\/netcomp\/wp-json\/wp\/v2\/product_tag?post=33738"}],"curies":[{"name":"wp","href":"https:\/\/api.w.org\/{rel}","templated":true}]}}