{"id":335,"date":"2016-04-01T14:57:58","date_gmt":"2016-04-01T19:57:58","guid":{"rendered":"http:\/\/servidor-hp.com.co\/netcomp\/producto\/servidor-hp-ml350\/"},"modified":"2022-04-05T16:31:00","modified_gmt":"2022-04-05T21:31:00","slug":"servidor-hp-proliant-ml350_g9","status":"publish","type":"product","link":"https:\/\/servidor-hp.com.co\/netcomp\/servidores\/servidores-hp\/servidores-hp-2\/servidor-hp-proliant-ml350_g9\/","title":{"rendered":"Servidor HP Proliant ML350 G9"},"content":{"rendered":"<p>&nbsp;<\/p>\n<h1 style=\"text-align: center;\"><span style=\"color: #333399;\"><span style=\"font-size: 36pt;\"><strong><span style=\"font-family: tahoma, arial, helvetica, sans-serif;\">SERVIDOR HP PROLIANT ML350 GEN9 &#8211; TORRE<\/span><\/strong><\/span><br \/>\n<\/span><\/h1>\n<p>&nbsp;<\/p>\n<p>&nbsp;<\/p>\n<h3 style=\"text-align: center;\"><span style=\"font-family: tahoma, arial, helvetica, sans-serif; font-size: 12pt; color: #333399;\">Encuentra las Especificaciones t\u00e9cnicas de este Servidor HP ProLiant DL350 en la pesta\u00f1a<\/span><\/h3>\n<h3 style=\"text-align: center;\"><span style=\"font-family: tahoma, arial, helvetica, sans-serif; font-size: 12pt; color: #333399;\"> \u201c<a style=\"color: #333399;\" href=\"https:\/\/servidor-hp.com.co\/netcomp\/servidores\/servidores-hp\/servidores-hp-2\/servidor-hp-dl360-gen-8-e\/#tab-additional_information\">Informaci\u00f3n adicional <\/a>\u201c<\/span><\/h3>\n<div class=\"ccs-cc-inline-features-block ccs-cc-inline-single-feature\">\n<div class=\"ccs-cc-inline-feature\" data-type=\"text media\" data-pos=\"right\">\n<div class=\"ccs-cc-inline-feature-content ccs-cc-inline-feature-description\">\n<h3><\/h3>\n<h3><span style=\"color: #000000; font-family: tahoma, arial, helvetica, sans-serif;\">Rendimiento con confiabilidad y capacidad sin precedentes<\/span><\/h3>\n<ul>\n<li><span style=\"color: #000000; font-family: tahoma, arial, helvetica, sans-serif;\">El servidor HPE ProLiant ML350 Gen9 admite hasta (2) procesadores Intel Xeon E5-2600 v3 o v4 que ofrecen un rendimiento mejorado.<\/span><\/li>\n<li><span style=\"color: #000000; font-family: tahoma, arial, helvetica, sans-serif;\">Los controladores HPE Smart Array est\u00e1n dise\u00f1ados para aumentar el rendimiento de 12 Gb\/s, la disponibilidad de datos y la capacidad de almacenamiento, adem\u00e1s de proporcionar flexibilidad en la elecci\u00f3n de soluciones f\u00e1ciles de administrar.<\/span><\/li>\n<li><span style=\"color: #000000; font-family: tahoma, arial, helvetica, sans-serif;\">Hasta (24) ranuras DIMM para admitir HPE DDR4 SmartMemory a 2400 MHz, lo cual ayuda a evitar la p\u00e9rdida de datos y el tiempo de inactividad con gesti\u00f3n de errores mejorada y, al mismo tiempo, aumenta la eficiencia de la potencia y el rendimiento de la carga de trabajo.<\/span><\/li>\n<\/ul>\n<\/div>\n<\/div>\n<\/div>\n<div class=\"ccs-cc-inline-features-block ccs-cc-inline-single-feature\">\n<div class=\"ccs-cc-inline-feature\" data-type=\"text media\" data-pos=\"left\">\n<div class=\"ccs-cc-inline-feature-content ccs-cc-inline-thumbnail\"><span style=\"color: #000000; font-family: tahoma, arial, helvetica, sans-serif;\"><a class=\"ccs-cc-inline-thumbnail-image ccs-cc-inline-thumbnail-media ccs-cc-inline-clickable\" style=\"color: #000000;\" title=\"Disponibilidad, capacidad de expansi\u00f3n y facilidad de mantenimiento: una combinaci\u00f3n ganadora Mostrar tama\u00f1o m\u00e1s grande\" href=\"https:\/\/cdn.cnetcontent.com\/syndication\/feeds\/hp-ent\/inline-content\/LA\/F\/6\/F6B9814546A2F41CE094DE18630CB0A4A76901AC_feature.jpg\" data-media-type=\"image\" data-caption=\"Disponibilidad, capacidad de expansi\u00f3n y facilidad de mantenimiento: una combinaci\u00f3n ganadora\"><img decoding=\"async\" src=\"https:\/\/cdn.cnetcontent.com\/syndication\/feeds\/hp-ent\/inline-content\/LA\/F\/6\/F6B9814546A2F41CE094DE18630CB0A4A76901AC_i_250_featurtn.jpg\" alt=\"Disponibilidad, capacidad de expansi\u00f3n y facilidad de mantenimiento: una combinaci\u00f3n ganadora\" data-large=\"https:\/\/cdn.cnetcontent.com\/syndication\/feeds\/hp-ent\/inline-content\/LA\/F\/6\/F6B9814546A2F41CE094DE18630CB0A4A76901AC_feature.jpg\" data-alt-text=\"Please wait while content is loading...\" aria-label=\"Disponibilidad, capacidad de expansi\u00f3n y facilidad de mantenimiento: una combinaci\u00f3n ganadora\" \/><\/a><\/span><\/div>\n<div class=\"ccs-cc-inline-feature-content ccs-cc-inline-feature-description\">\n<h3><span style=\"color: #000000; font-family: tahoma, arial, helvetica, sans-serif;\">Disponibilidad, capacidad de expansi\u00f3n y facilidad de mantenimiento: una combinaci\u00f3n ganadora<\/span><\/h3>\n<ul>\n<li><span style=\"color: #000000; font-family: tahoma, arial, helvetica, sans-serif;\">El servidor HPE ProLiant ML350 Gen9 ofrece capacidad de expansi\u00f3n con m\u00e1s capacidad con opciones de (8) a (24) unidades LFF, de (8) a (48) unidades SFF y una expansi\u00f3n de E\/S aumentada.<\/span><\/li>\n<li><span style=\"color: #000000; font-family: tahoma, arial, helvetica, sans-serif;\">Amplia capacidad de expansi\u00f3n con (9) ranuras de expansi\u00f3n PCIe, (8) puertos USB, conversi\u00f3n de rack 5U y opciones de fuente de alimentaci\u00f3n.<\/span><\/li>\n<li><span style=\"color: #000000; font-family: tahoma, arial, helvetica, sans-serif;\">4 x 1 GbE incorporados y la opci\u00f3n de adaptadores verticales PCIe HPE de 1Gbe, 10GbE o 25GbE le ofrecen flexibilidad de ancho de banda de red y estructura para que pueda adaptarse y crecer de acuerdo a las necesidades cambiantes de su empresa.<\/span><\/li>\n<li><span style=\"color: #000000; font-family: tahoma, arial, helvetica, sans-serif;\">Soporte de GPU m\u00e1s amplio (4) para impulsar el rendimiento en aplicaciones de VDI y gr\u00e1ficos para servicios financieros, educaci\u00f3n, investigaci\u00f3n cient\u00edfica y generaci\u00f3n de im\u00e1genes m\u00e9dicas.<\/span><\/li>\n<li><span style=\"color: #000000; font-family: tahoma, arial, helvetica, sans-serif;\">Disponibilidad, servicio y soporte en todo el mundo con una gama completa de ofertas de Foundation Care desde instalaci\u00f3n hasta soporte ampliado.<\/span><\/li>\n<\/ul>\n<\/div>\n<\/div>\n<\/div>\n<div class=\"ccs-cc-inline-features-block ccs-cc-inline-single-feature\">\n<div class=\"ccs-cc-inline-feature\" data-type=\"text media\" data-pos=\"right\">\n<div class=\"ccs-cc-inline-feature-content ccs-cc-inline-thumbnail\"><span style=\"color: #000000; font-family: tahoma, arial, helvetica, sans-serif;\"><a class=\"ccs-cc-inline-thumbnail-image ccs-cc-inline-thumbnail-media ccs-cc-inline-clickable\" style=\"color: #000000;\" title=\"Gesti\u00f3n \u00e1gil de la infraestructura para una administraci\u00f3n esencial Mostrar tama\u00f1o m\u00e1s grande\" href=\"https:\/\/cdn.cnetcontent.com\/syndication\/feeds\/hp-ent\/inline-content\/LA\/C\/C\/CCAD89971669D8BF36DADD500D468CDB700ED4CD_feature.jpg\" data-media-type=\"image\" data-caption=\"Gesti\u00f3n \u00e1gil de la infraestructura para una administraci\u00f3n esencial\"><img decoding=\"async\" src=\"https:\/\/cdn.cnetcontent.com\/syndication\/feeds\/hp-ent\/inline-content\/LA\/C\/C\/CCAD89971669D8BF36DADD500D468CDB700ED4CD_i_250_featurtn.jpg\" alt=\"Gesti\u00f3n \u00e1gil de la infraestructura para una administraci\u00f3n esencial\" data-large=\"https:\/\/cdn.cnetcontent.com\/syndication\/feeds\/hp-ent\/inline-content\/LA\/C\/C\/CCAD89971669D8BF36DADD500D468CDB700ED4CD_feature.jpg\" data-alt-text=\"Please wait while content is loading...\" aria-label=\"Gesti\u00f3n \u00e1gil de la infraestructura para una administraci\u00f3n esencial\" \/><\/a><\/span><\/div>\n<div class=\"ccs-cc-inline-feature-content ccs-cc-inline-feature-description\">\n<h3><span style=\"color: #000000; font-family: tahoma, arial, helvetica, sans-serif;\">Gesti\u00f3n \u00e1gil de la infraestructura para una administraci\u00f3n esencial<\/span><\/h3>\n<ul>\n<li><span style=\"color: #000000; font-family: tahoma, arial, helvetica, sans-serif;\">El servidor HPE ProLiant ML350 Gen9 proporciona funciones de administraci\u00f3n convergente potentes para el ciclo de vida de la infraestructura con gesti\u00f3n de servidores integrada para soporte de aprovisionamiento, actualizaci\u00f3n y diagn\u00f3stico con iLO de HPE.<\/span><\/li>\n<li><span style=\"color: #000000; font-family: tahoma, arial, helvetica, sans-serif;\">Configure en modo de arranque Unified Extensible Firmware Interface (UEFI) para aprovisionar servidores locales y remotos con HPE iLO, aprovisionamiento inteligente y kits de herramientas de secuencias de comandos.<\/span><\/li>\n<li><span style=\"color: #000000; font-family: tahoma, arial, helvetica, sans-serif;\">Tablero de mando personalizado en l\u00ednea para la supervisi\u00f3n del estado de la infraestructura convergente y gesti\u00f3n de soporte con HPE Insight Online.<\/span><\/li>\n<li><span style=\"color: #000000; font-family: tahoma, arial, helvetica, sans-serif;\">Optimice las actualizaciones de firmware y controladores y reduzca el tiempo de inactividad con las soluciones Smart Update, que constan de Smart Update Manager (SUM) y Service Pack para ProLiant (SPP).<\/span><\/li>\n<\/ul>\n<\/div>\n<\/div>\n<\/div>\n<div class=\"ccs-cc-inline-features-block ccs-cc-inline-single-feature\">\n<div class=\"ccs-cc-inline-feature\" data-type=\"text media\" data-pos=\"left\">\n<div class=\"ccs-cc-inline-feature-content ccs-cc-inline-thumbnail\"><span style=\"color: #000000; font-family: tahoma, arial, helvetica, sans-serif;\"><a class=\"ccs-cc-inline-thumbnail-image ccs-cc-inline-thumbnail-media ccs-cc-inline-clickable\" style=\"color: #000000;\" title=\"Dise\u00f1o de eficiencia energ\u00e9tica Mostrar tama\u00f1o m\u00e1s grande\" href=\"https:\/\/cdn.cnetcontent.com\/syndication\/feeds\/hp-ent\/inline-content\/LA\/E\/D\/ED19124E199ED0A79B40CCC7C833F4293295B787_feature.jpg\" data-media-type=\"image\" data-caption=\"Dise\u00f1o de eficiencia energ\u00e9tica\"><img decoding=\"async\" src=\"https:\/\/cdn.cnetcontent.com\/syndication\/feeds\/hp-ent\/inline-content\/LA\/E\/D\/ED19124E199ED0A79B40CCC7C833F4293295B787_i_250_featurtn.jpg\" alt=\"Dise\u00f1o de eficiencia energ\u00e9tica\" data-large=\"https:\/\/cdn.cnetcontent.com\/syndication\/feeds\/hp-ent\/inline-content\/LA\/E\/D\/ED19124E199ED0A79B40CCC7C833F4293295B787_feature.jpg\" data-alt-text=\"Please wait while content is loading...\" aria-label=\"Dise\u00f1o de eficiencia energ\u00e9tica\" \/><\/a><\/span><\/div>\n<div class=\"ccs-cc-inline-feature-content ccs-cc-inline-feature-description\">\n<h3><span style=\"color: #000000; font-family: tahoma, arial, helvetica, sans-serif;\">Dise\u00f1o de eficiencia energ\u00e9tica<\/span><\/h3>\n<ul>\n<li><span style=\"color: #000000; font-family: tahoma, arial, helvetica, sans-serif;\">El servidor HPE ProLiant ML350 Gen9 ofrece configuraciones de servidor con certificaci\u00f3n ENERGY STAR<sup>\u00ae<\/sup>\u00a0reflejo del compromiso constante de HPE para ayudar a los clientes a ahorrar energ\u00eda y dinero.<\/span><\/li>\n<li><span style=\"color: #000000; font-family: tahoma, arial, helvetica, sans-serif;\">Las fuentes de alimentaci\u00f3n con ranura flexible redundantes de alta eficiencia de pr\u00f3xima generaci\u00f3n de HPE proporcionan hasta un 96\u00a0% de eficiencia (titanio).<\/span><\/li>\n<li><span style=\"color: #000000; font-family: tahoma, arial, helvetica, sans-serif;\">La temperatura ambiente est\u00e1ndar mejorada con ASHRAE A3 y A4<sup><a id=\"ccs-f3inline-e7775c\" style=\"color: #000000;\" href=\"https:\/\/intercompras.com\/#ccs-ft3inline-e7775c\">3<\/a><\/sup>\u00a0lo ayudan a reducir los costos de refrigeraci\u00f3n.<\/span><\/li>\n<\/ul>\n<\/div>\n<\/div>\n<\/div>\n<div class=\"ccs-cc-inline-features-block ccs-cc-inline-single-feature\">\n<div class=\"ccs-cc-inline-feature\" data-type=\"text\"><\/div>\n<\/div>\n<p>&nbsp;<\/p>\n<p>&nbsp;<\/p>\n<p style=\"text-align: center;\"><span style=\"font-size: 18pt;\"><strong><span style=\"color: #ff0000;\"><a style=\"color: #ff0000;\" title=\"Servidor HP ML350 Gen10\" href=\"https:\/\/servidor-hp.com.co\/netcomp\/servidores\/servidores-hp\/servidores-hp-2\/n-p-877623-001-hp-servidor-hpe-proliant-ml350-sff-gen10fa\/\" target=\"_blank\" rel=\"noopener noreferrer\">Te Recomendamos el Servidor HPE Proliant ML350 GEN10 &#8211; Nuevo &#8211; Click Aqui!<\/a><\/span><\/strong><\/span><\/p>\n<p>&nbsp;<\/p>\n<p>&nbsp;<\/p>\n<div style=\"width: 1080px;\" class=\"wp-video\"><video class=\"wp-video-shortcode\" id=\"video-335-1\" width=\"1080\" height=\"608\" poster=\"https:\/\/servidor-hp.com.co\/netcomp\/wp-content\/uploads\/2017\/07\/Colorful-Healthy-Food-Quote-Facebook-Cover-1.png\" preload=\"metadata\" controls=\"controls\"><source type=\"video\/mp4\" src=\"https:\/\/servidor-hp.com.co\/netcomp\/wp-content\/uploads\/2017\/07\/y2mate.com-Look-inside-the-HPE-ProLiant-ML350-Gen10-Server_1080p.mp4?_=1\" \/><a href=\"https:\/\/servidor-hp.com.co\/netcomp\/wp-content\/uploads\/2017\/07\/y2mate.com-Look-inside-the-HPE-ProLiant-ML350-Gen10-Server_1080p.mp4\">https:\/\/servidor-hp.com.co\/netcomp\/wp-content\/uploads\/2017\/07\/y2mate.com-Look-inside-the-HPE-ProLiant-ML350-Gen10-Server_1080p.mp4<\/a><\/video><\/div>\n<h2 style=\"text-align: center;\"><strong><span style=\"font-family: tahoma, arial, helvetica, sans-serif; font-size: 12pt; color: #333399;\"><a style=\"color: #333399;\" title=\"Tienda - Precio y Venta Servidores HP\" href=\"https:\/\/servidor-hp.com.co\/netcomp\/servidores\/servidores-hp\/discos-duros-para-servidor-hp-proliant\/\" target=\"_blank\" rel=\"noopener noreferrer\">Tenemos una Amplia Gama de Discos Duros &#8211; Repuestos y Partes En Colombia<\/a><\/span><\/strong><\/h2>\n<h2 style=\"text-align: center;\"><strong><span style=\"font-family: tahoma, arial, helvetica, sans-serif; font-size: 12pt; color: #333399;\"><a style=\"color: #333399;\" href=\"https:\/\/servidor-hp.com.co\/netcomp\/servidores\/servidores-hp\/discos-duros-para-servidor-hp-proliant\/\" target=\"_blank\" rel=\"noopener noreferrer\">Para Servidores<\/a><\/span><\/strong><a href=\"https:\/\/servidor-hp.com.co\/netcomp\/servidores\/servidores-hp\/discos-duros-para-servidor-hp-proliant\/\" target=\"_blank\" rel=\"noopener noreferrer\"><span style=\"font-family: tahoma, arial, helvetica, sans-serif; font-size: 12pt;\"><span style=\"color: #333399;\"><strong> HP &#8211; IBM &#8211; DELL &#8211; Click Aqui<\/strong><\/span><\/span><\/a><\/h2>\n<p>&nbsp;<\/p>\n<h3 style=\"text-align: center;\"><span style=\"font-family: tahoma, arial, helvetica, sans-serif; font-size: 14pt;\"><a title=\"Tienda - Precio y Venta Servidores HP\" href=\"https:\/\/netcomp.co\/es\/132-servidores-hp-lenovo-dell-partes\" target=\"_blank\" rel=\"noopener noreferrer\"><strong>COMPRAR &#8211; DISPONEMOS DE UNA AMPLIA GAMA DE SERVIDORES HP PROLIANT PARA <\/strong><\/a><\/span><\/h3>\n<h3 style=\"text-align: center;\"><span style=\"font-family: tahoma, arial, helvetica, sans-serif; font-size: 14pt;\"><a title=\"Tienda - Precio y Venta Servidores HP\" href=\"https:\/\/netcomp.co\/es\/132-servidores-hp-lenovo-dell-partes\" target=\"_blank\" rel=\"noopener noreferrer\"><strong>VENTA \/ ARRENDAMIENTO \/ ALQUILER : <\/strong><\/a><\/span><\/h3>\n<h3 style=\"text-align: center;\"><a title=\"Tienda - Precio y Venta Servidores HP\" href=\"https:\/\/netcomp.co\/es\/132-servidores-hp-lenovo-dell-partes\" target=\"_blank\" rel=\"noopener noreferrer\"><span style=\"font-family: tahoma, arial, helvetica, sans-serif; font-size: 14pt;\"><strong>ML350 \/ ML150 \/ DL320 \/ DL360 \/ DL380 <\/strong><\/span><strong><span style=\"font-family: tahoma, arial, helvetica, sans-serif; font-size: 14pt;\">PARA COMPRAR CLICK AQUI!<\/span><\/strong><\/a><\/h3>\n<p>&nbsp;<\/p>\n<h2><strong><a href=\"https:\/\/api.whatsapp.com\/send?phone=573168788749\" target=\"_blank\" rel=\"noopener noreferrer\"><img loading=\"lazy\" decoding=\"async\" class=\"wp-image-20467 aligncenter\" src=\"http:\/\/cableado-estructurado.com.co\/netcomp\/wp-content\/uploads\/2018\/07\/whatsapp-logo-mensaje.jpg\" alt=\"\" width=\"290\" height=\"220\" \/><\/a><\/strong><\/h2>\n<h2><img loading=\"lazy\" decoding=\"async\" class=\"wp-image-21775 aligncenter\" src=\"https:\/\/servidor-hp.com.co\/netcomp\/wp-content\/uploads\/2019\/05\/boton-ventas-servidor.png\" alt=\"\" width=\"495\" height=\"153\" \/><\/h2>\n<p>&nbsp;<\/p>\n","protected":false},"excerpt":{"rendered":"<h2><strong><span style=\"font-size: 12pt; color: #000000; font-family: tahoma, arial, helvetica, sans-serif;\">Servidor HPE ProLiant ML350 Gen9 \/ Gen10<\/span><\/strong><\/h2>\n","protected":false},"featured_media":336,"comment_status":"open","ping_status":"closed","template":"","meta":{"_et_pb_use_builder":"","_et_pb_old_content":"","_et_gb_content_width":""},"product_brand":[],"product_cat":[73,15,57],"product_tag":[17,23],"class_list":{"0":"post-335","1":"product","2":"type-product","3":"status-publish","4":"has-post-thumbnail","6":"product_cat-servidores-hp-ibm-cisco","7":"product_cat-servidores-hp","8":"product_cat-servidores-hp-2","9":"product_tag-comprar-servidor-hp-bogota-colombia","10":"product_tag-comprar-servidor-hpe-proliant-ml350-gen9-bogota","12":"first","13":"instock","14":"shipping-taxable","15":"product-type-simple"},"yoast_head":"<!-- This site is optimized with the Yoast SEO plugin v27.2 - https:\/\/yoast.com\/product\/yoast-seo-wordpress\/ -->\n<title>Servidor HP Proliant ML350 G9 - Servidores HP - Nuevos - Usados - Alquiler<\/title>\n<meta name=\"description\" content=\"Servidor HP Proliant ML350 G9 - - Precio y Disponibilidad en Bogota - Colombia - servidor-hp.com.co\" \/>\n<meta name=\"robots\" content=\"index, follow, max-snippet:-1, max-image-preview:large, max-video-preview:-1\" \/>\n<link rel=\"canonical\" href=\"https:\/\/servidor-hp.com.co\/netcomp\/servidores\/servidores-hp\/servidores-hp-2\/servidor-hp-proliant-ml350_g9\/\" \/>\n<meta property=\"og:locale\" content=\"es_ES\" \/>\n<meta property=\"og:type\" content=\"article\" \/>\n<meta property=\"og:title\" content=\"Servidor HP Proliant ML350 G9 - Servidores HP - Nuevos - Usados - Alquiler\" \/>\n<meta property=\"og:description\" content=\"Servidor HP Proliant ML350 G9 - - Precio y Disponibilidad en Bogota - Colombia - servidor-hp.com.co\" \/>\n<meta property=\"og:url\" content=\"https:\/\/servidor-hp.com.co\/netcomp\/servidores\/servidores-hp\/servidores-hp-2\/servidor-hp-proliant-ml350_g9\/\" \/>\n<meta property=\"og:site_name\" content=\"Servidores HP - Nuevos - Usados - Alquiler\" \/>\n<meta property=\"article:modified_time\" content=\"2022-04-05T21:31:00+00:00\" \/>\n<meta property=\"og:image\" content=\"https:\/\/servidor-hp.com.co\/netcomp\/wp-content\/uploads\/2016\/04\/Servidor-HPE-ProLiant-ML350-Gen9_-e1604030126317.png\" \/>\n\t<meta property=\"og:image:width\" content=\"450\" \/>\n\t<meta property=\"og:image:height\" content=\"338\" \/>\n\t<meta property=\"og:image:type\" content=\"image\/png\" \/>\n<meta name=\"twitter:card\" content=\"summary_large_image\" \/>\n<meta name=\"twitter:label1\" content=\"Tiempo de lectura\" \/>\n\t<meta name=\"twitter:data1\" content=\"3 minutos\" \/>\n<script type=\"application\/ld+json\" class=\"yoast-schema-graph\">{\"@context\":\"https:\/\/schema.org\",\"@graph\":[{\"@type\":\"WebPage\",\"@id\":\"https:\/\/servidor-hp.com.co\/netcomp\/servidores\/servidores-hp\/servidores-hp-2\/servidor-hp-proliant-ml350_g9\/\",\"url\":\"https:\/\/servidor-hp.com.co\/netcomp\/servidores\/servidores-hp\/servidores-hp-2\/servidor-hp-proliant-ml350_g9\/\",\"name\":\"Servidor HP Proliant ML350 G9 - Servidores HP - Nuevos - Usados - Alquiler\",\"isPartOf\":{\"@id\":\"https:\/\/servidor-hp.com.co\/netcomp\/#website\"},\"primaryImageOfPage\":{\"@id\":\"https:\/\/servidor-hp.com.co\/netcomp\/servidores\/servidores-hp\/servidores-hp-2\/servidor-hp-proliant-ml350_g9\/#primaryimage\"},\"image\":{\"@id\":\"https:\/\/servidor-hp.com.co\/netcomp\/servidores\/servidores-hp\/servidores-hp-2\/servidor-hp-proliant-ml350_g9\/#primaryimage\"},\"thumbnailUrl\":\"https:\/\/servidor-hp.com.co\/netcomp\/wp-content\/uploads\/2016\/04\/Servidor-HPE-ProLiant-ML350-Gen9_-e1604030126317.png\",\"datePublished\":\"2016-04-01T19:57:58+00:00\",\"dateModified\":\"2022-04-05T21:31:00+00:00\",\"description\":\"Servidor HP Proliant ML350 G9 - - Precio y Disponibilidad en Bogota - Colombia - servidor-hp.com.co\",\"breadcrumb\":{\"@id\":\"https:\/\/servidor-hp.com.co\/netcomp\/servidores\/servidores-hp\/servidores-hp-2\/servidor-hp-proliant-ml350_g9\/#breadcrumb\"},\"inLanguage\":\"es\",\"potentialAction\":[{\"@type\":\"ReadAction\",\"target\":[\"https:\/\/servidor-hp.com.co\/netcomp\/servidores\/servidores-hp\/servidores-hp-2\/servidor-hp-proliant-ml350_g9\/\"]}]},{\"@type\":\"ImageObject\",\"inLanguage\":\"es\",\"@id\":\"https:\/\/servidor-hp.com.co\/netcomp\/servidores\/servidores-hp\/servidores-hp-2\/servidor-hp-proliant-ml350_g9\/#primaryimage\",\"url\":\"https:\/\/servidor-hp.com.co\/netcomp\/wp-content\/uploads\/2016\/04\/Servidor-HPE-ProLiant-ML350-Gen9_-e1604030126317.png\",\"contentUrl\":\"https:\/\/servidor-hp.com.co\/netcomp\/wp-content\/uploads\/2016\/04\/Servidor-HPE-ProLiant-ML350-Gen9_-e1604030126317.png\",\"width\":450,\"height\":338},{\"@type\":\"BreadcrumbList\",\"@id\":\"https:\/\/servidor-hp.com.co\/netcomp\/servidores\/servidores-hp\/servidores-hp-2\/servidor-hp-proliant-ml350_g9\/#breadcrumb\",\"itemListElement\":[{\"@type\":\"ListItem\",\"position\":1,\"name\":\"Portada\",\"item\":\"https:\/\/servidor-hp.com.co\/netcomp\/\"},{\"@type\":\"ListItem\",\"position\":2,\"name\":\"Tienda\",\"item\":\"https:\/\/servidor-hp.com.co\/netcomp\/servidores\/\"},{\"@type\":\"ListItem\",\"position\":3,\"name\":\"Servidor HP Proliant ML350 G9\"}]},{\"@type\":\"WebSite\",\"@id\":\"https:\/\/servidor-hp.com.co\/netcomp\/#website\",\"url\":\"https:\/\/servidor-hp.com.co\/netcomp\/\",\"name\":\"Servidores HP - Nuevos - Usados - Alquiler\",\"description\":\"Tels: (+57) 316 878 8749\",\"alternateName\":\"Servidores HP DELL LENOVO IBM\",\"potentialAction\":[{\"@type\":\"SearchAction\",\"target\":{\"@type\":\"EntryPoint\",\"urlTemplate\":\"https:\/\/servidor-hp.com.co\/netcomp\/?s={search_term_string}\"},\"query-input\":{\"@type\":\"PropertyValueSpecification\",\"valueRequired\":true,\"valueName\":\"search_term_string\"}}],\"inLanguage\":\"es\"}]}<\/script>\n<!-- \/ Yoast SEO plugin. -->","yoast_head_json":{"title":"Servidor HP Proliant ML350 G9 - Servidores HP - Nuevos - Usados - Alquiler","description":"Servidor HP Proliant ML350 G9 - - Precio y Disponibilidad en Bogota - Colombia - servidor-hp.com.co","robots":{"index":"index","follow":"follow","max-snippet":"max-snippet:-1","max-image-preview":"max-image-preview:large","max-video-preview":"max-video-preview:-1"},"canonical":"https:\/\/servidor-hp.com.co\/netcomp\/servidores\/servidores-hp\/servidores-hp-2\/servidor-hp-proliant-ml350_g9\/","og_locale":"es_ES","og_type":"article","og_title":"Servidor HP Proliant ML350 G9 - Servidores HP - Nuevos - Usados - Alquiler","og_description":"Servidor HP Proliant ML350 G9 - - Precio y Disponibilidad en Bogota - Colombia - servidor-hp.com.co","og_url":"https:\/\/servidor-hp.com.co\/netcomp\/servidores\/servidores-hp\/servidores-hp-2\/servidor-hp-proliant-ml350_g9\/","og_site_name":"Servidores HP - Nuevos - Usados - Alquiler","article_modified_time":"2022-04-05T21:31:00+00:00","og_image":[{"width":450,"height":338,"url":"https:\/\/servidor-hp.com.co\/netcomp\/wp-content\/uploads\/2016\/04\/Servidor-HPE-ProLiant-ML350-Gen9_-e1604030126317.png","type":"image\/png"}],"twitter_card":"summary_large_image","twitter_misc":{"Tiempo de lectura":"3 minutos"},"schema":{"@context":"https:\/\/schema.org","@graph":[{"@type":"WebPage","@id":"https:\/\/servidor-hp.com.co\/netcomp\/servidores\/servidores-hp\/servidores-hp-2\/servidor-hp-proliant-ml350_g9\/","url":"https:\/\/servidor-hp.com.co\/netcomp\/servidores\/servidores-hp\/servidores-hp-2\/servidor-hp-proliant-ml350_g9\/","name":"Servidor HP Proliant ML350 G9 - Servidores HP - Nuevos - Usados - Alquiler","isPartOf":{"@id":"https:\/\/servidor-hp.com.co\/netcomp\/#website"},"primaryImageOfPage":{"@id":"https:\/\/servidor-hp.com.co\/netcomp\/servidores\/servidores-hp\/servidores-hp-2\/servidor-hp-proliant-ml350_g9\/#primaryimage"},"image":{"@id":"https:\/\/servidor-hp.com.co\/netcomp\/servidores\/servidores-hp\/servidores-hp-2\/servidor-hp-proliant-ml350_g9\/#primaryimage"},"thumbnailUrl":"https:\/\/servidor-hp.com.co\/netcomp\/wp-content\/uploads\/2016\/04\/Servidor-HPE-ProLiant-ML350-Gen9_-e1604030126317.png","datePublished":"2016-04-01T19:57:58+00:00","dateModified":"2022-04-05T21:31:00+00:00","description":"Servidor HP Proliant ML350 G9 - - Precio y Disponibilidad en Bogota - Colombia - servidor-hp.com.co","breadcrumb":{"@id":"https:\/\/servidor-hp.com.co\/netcomp\/servidores\/servidores-hp\/servidores-hp-2\/servidor-hp-proliant-ml350_g9\/#breadcrumb"},"inLanguage":"es","potentialAction":[{"@type":"ReadAction","target":["https:\/\/servidor-hp.com.co\/netcomp\/servidores\/servidores-hp\/servidores-hp-2\/servidor-hp-proliant-ml350_g9\/"]}]},{"@type":"ImageObject","inLanguage":"es","@id":"https:\/\/servidor-hp.com.co\/netcomp\/servidores\/servidores-hp\/servidores-hp-2\/servidor-hp-proliant-ml350_g9\/#primaryimage","url":"https:\/\/servidor-hp.com.co\/netcomp\/wp-content\/uploads\/2016\/04\/Servidor-HPE-ProLiant-ML350-Gen9_-e1604030126317.png","contentUrl":"https:\/\/servidor-hp.com.co\/netcomp\/wp-content\/uploads\/2016\/04\/Servidor-HPE-ProLiant-ML350-Gen9_-e1604030126317.png","width":450,"height":338},{"@type":"BreadcrumbList","@id":"https:\/\/servidor-hp.com.co\/netcomp\/servidores\/servidores-hp\/servidores-hp-2\/servidor-hp-proliant-ml350_g9\/#breadcrumb","itemListElement":[{"@type":"ListItem","position":1,"name":"Portada","item":"https:\/\/servidor-hp.com.co\/netcomp\/"},{"@type":"ListItem","position":2,"name":"Tienda","item":"https:\/\/servidor-hp.com.co\/netcomp\/servidores\/"},{"@type":"ListItem","position":3,"name":"Servidor HP Proliant ML350 G9"}]},{"@type":"WebSite","@id":"https:\/\/servidor-hp.com.co\/netcomp\/#website","url":"https:\/\/servidor-hp.com.co\/netcomp\/","name":"Servidores HP - Nuevos - Usados - Alquiler","description":"Tels: (+57) 316 878 8749","alternateName":"Servidores HP DELL LENOVO IBM","potentialAction":[{"@type":"SearchAction","target":{"@type":"EntryPoint","urlTemplate":"https:\/\/servidor-hp.com.co\/netcomp\/?s={search_term_string}"},"query-input":{"@type":"PropertyValueSpecification","valueRequired":true,"valueName":"search_term_string"}}],"inLanguage":"es"}]}},"_links":{"self":[{"href":"https:\/\/servidor-hp.com.co\/netcomp\/wp-json\/wp\/v2\/product\/335","targetHints":{"allow":["GET"]}}],"collection":[{"href":"https:\/\/servidor-hp.com.co\/netcomp\/wp-json\/wp\/v2\/product"}],"about":[{"href":"https:\/\/servidor-hp.com.co\/netcomp\/wp-json\/wp\/v2\/types\/product"}],"replies":[{"embeddable":true,"href":"https:\/\/servidor-hp.com.co\/netcomp\/wp-json\/wp\/v2\/comments?post=335"}],"wp:featuredmedia":[{"embeddable":true,"href":"https:\/\/servidor-hp.com.co\/netcomp\/wp-json\/wp\/v2\/media\/336"}],"wp:attachment":[{"href":"https:\/\/servidor-hp.com.co\/netcomp\/wp-json\/wp\/v2\/media?parent=335"}],"wp:term":[{"taxonomy":"product_brand","embeddable":true,"href":"https:\/\/servidor-hp.com.co\/netcomp\/wp-json\/wp\/v2\/product_brand?post=335"},{"taxonomy":"product_cat","embeddable":true,"href":"https:\/\/servidor-hp.com.co\/netcomp\/wp-json\/wp\/v2\/product_cat?post=335"},{"taxonomy":"product_tag","embeddable":true,"href":"https:\/\/servidor-hp.com.co\/netcomp\/wp-json\/wp\/v2\/product_tag?post=335"}],"curies":[{"name":"wp","href":"https:\/\/api.w.org\/{rel}","templated":true}]}}