{"id":31488,"date":"2022-05-30T03:06:28","date_gmt":"2022-05-30T08:06:28","guid":{"rendered":"https:\/\/servidor-hp.com.co\/netcomp\/servidores\/sin%20categor\u00eda\/hpe-hp-dl380x-gx-servers-2\/"},"modified":"2023-03-03T19:18:43","modified_gmt":"2023-03-04T00:18:43","slug":"hpe-hp-dl380x-gx-servers-2","status":"publish","type":"product","link":"https:\/\/servidor-hp.com.co\/netcomp\/servidores\/servidores-hp-ibm-cisco\/hpe-hp-dl380x-gx-servers-2\/","title":{"rendered":"HPE HP DL380X GX Servers"},"content":{"rendered":"<h1 style=\"text-align: center;\"><strong>HPE N\/P: 228892R-B21,\u00ff228894R-B21,\u00ff268290R-B21,\u00ff338732R-B21,\u00ff364471R-B21,\u00ff382616-B21,\u00ff382616R-B21,\u00ff382617-001,\u00ff382617-B21,\u00ff382617R-B21,\u00ff382618-001,\u00ff382618-B21,\u00ff382618R-001,\u00ff382618R-B21,\u00ff393998-B21,\u00ff393998R-B21,\u00ff419811-B21,\u00ff419811R-B21,\u00ff419812-B21,\u00ff419812R-B21,\u00ff432858-B21,\u00ff432858R-B21,\u00ff433559-B21,\u00ff442239-B21,\u00ff442239R-B21,\u00ff454024-B21,\u00ff454024R-B21,\u00ff458588-B21,\u00ff458589-B21,\u00ff458589R-B21,<\/strong><\/h1>\n<p>&nbsp;<\/p>\n<h3><span style=\"font-family: tahoma, arial, helvetica, sans-serif; font-size: 14pt;\"><strong>Descripci\u00f3n:<\/strong><\/span><\/h3>\n<ul>\n<li>\n<h3>HP DL380X GX Servers<\/h3>\n<\/li>\n<\/ul>\n<p>&nbsp;<\/p>\n<p style=\"text-align: center;\"><span style=\"color: #ff0000;\"><strong><span style=\"font-family: tahoma, arial, helvetica, sans-serif; font-size: 14pt;\">Para Precio y Disponibilidad Por Favor Cont\u00e1ctanos V\u00eda Email o WhatsApp<\/span><\/strong><\/span><\/p>\n<p style=\"text-align: center;\"><span style=\"color: #ff0000;\">___________________________________________________________________________________________________<\/span><\/p>\n<p>&nbsp;<\/p>\n<p>&nbsp;<\/p>\n<h3 style=\"text-align: center;\"><span style=\"font-family: tahoma, arial, helvetica, sans-serif; font-size: 14pt;\"><a title=\"Tienda - Precio y Venta Servidores HP\" href=\"https:\/\/netcomp.co\/es\/132-servidores-hp-lenovo-dell-partes\" target=\"_blank\" rel=\"noopener noreferrer\"><span style=\"font-size: 14pt;\">DISPONEMOS DE UNA<\/span><span style=\"font-size: 14pt;\"> AMPLIA GAMA DE SERVIDORES HP PROLIANT PARA <\/span><\/a><\/span><\/h3>\n<h3 style=\"text-align: center;\"><span style=\"font-family: tahoma, arial, helvetica, sans-serif; font-size: 14pt;\"><a title=\"Tienda - Precio y Venta Servidores HP\" href=\"https:\/\/netcomp.co\/es\/132-servidores-hp-lenovo-dell-partes\" target=\"_blank\" rel=\"noopener noreferrer\">VENTA \/ ARRENDAMIENTO \/ ALQUILER :<\/a><\/span><\/h3>\n<h3 style=\"text-align: center;\"><span style=\"font-size: 14pt;\"><a title=\"Tienda - Precio y Venta Servidores HP\" href=\"https:\/\/netcomp.co\/es\/132-servidores-hp-lenovo-dell-partes\" target=\"_blank\" rel=\"noopener noreferrer\"><span style=\"font-family: tahoma, arial, helvetica, sans-serif;\">ML350 \/ ML150 \/ DL320 \/ DL360 \/ DL380 <\/span><span style=\"font-family: tahoma, arial, helvetica, sans-serif;\">PARA COMPRAR CLICK<\/span><span style=\"font-family: tahoma, arial, helvetica, sans-serif;\"> AQU<\/span><span style=\"font-family: tahoma, arial, helvetica, sans-serif;\">I!<\/span><\/a><\/span><\/h3>\n<h2 style=\"text-align: center;\"><strong><a href=\"https:\/\/api.whatsapp.com\/send?phone=573168788749\" target=\"_blank\" rel=\"noopener noreferrer\"><img loading=\"lazy\" decoding=\"async\" class=\"wp-image-20467 aligncenter\" src=\"http:\/\/cableado-estructurado.com.co\/netcomp\/wp-content\/uploads\/2018\/07\/whatsapp-logo-mensaje.jpg\" alt=\"\" width=\"290\" height=\"220\" \/><\/a><\/strong><\/h2>\n<h2 style=\"text-align: center;\"><img loading=\"lazy\" decoding=\"async\" class=\"wp-image-21775 aligncenter\" src=\"https:\/\/servidor-hp.com.co\/netcomp\/wp-content\/uploads\/2019\/05\/boton-ventas-servidor.png\" alt=\"\" width=\"495\" height=\"153\" \/><\/h2>\n<p style=\"text-align: center;\">\n","protected":false},"excerpt":{"rendered":"<p>HP DL380X GX Servers HPE 228892R-B21,\u00ff228894R-B21,\u00ff268290R-B21,\u00ff338732R-B21,\u00ff364471R-B21,\u00ff382616-B21,\u00ff382616R-B21,\u00ff382617-001,\u00ff382617-B21,\u00ff382617R-B21,\u00ff382618-001,\u00ff382618-B21,\u00ff382618R-001,\u00ff382618R-B21,\u00ff393998-B21,\u00ff393998R-B21,\u00ff419811-B21,\u00ff419811R-B21,\u00ff419812-B21,\u00ff419812R-B21,\u00ff432858-B21,\u00ff432858R-B21,\u00ff433559-B21,\u00ff442239-B21,\u00ff442239R-B21,\u00ff454024-B21,\u00ff454024R-B21,\u00ff458588-B21,\u00ff458589-B21,\u00ff458589R-B21,<\/p>\n","protected":false},"featured_media":19713,"comment_status":"closed","ping_status":"open","template":"","meta":{"_et_pb_use_builder":"on","_et_pb_old_content":"<h1 style=\"text-align: center;\"><span style=\"font-family: tahoma, arial, helvetica, sans-serif; font-size: 18pt;\"><strong>Fortinet : Power Injector - GPI-130<\/strong><\/span><\/h1>\r\n\u00a0\r\n<h2><span style=\"font-family: tahoma, arial, helvetica, sans-serif; font-size: 14pt;\"><strong>Descrpci\u00f3n:<\/strong><\/span><\/h2>\r\n<h3><span style=\"font-family: tahoma, arial, helvetica, sans-serif; font-size: 12pt;\">1-Port Gigabit PoE Power Injector, 802.3at up to 30W for GPI-130 Gigabit PoE Injector<\/span><\/h3>\r\n\u00a0\r\n\r\n\u00a0\r\n\r\n\u00a0\r\n<h3 style=\"text-align: center;\"><span style=\"font-family: tahoma, arial, helvetica, sans-serif; font-size: 14pt;\"><a title=\"Tienda - Precio y Venta Servidores HP\" href=\"https:\/\/netcomp.co\/es\/132-servidores-hp-lenovo-dell-partes\" target=\"_blank\" rel=\"noopener noreferrer\"><span style=\"font-size: 14pt;\">DISPONEMOS DE UNA<\/span><span style=\"font-size: 14pt;\"> AMPLIA GAMA DE SERVIDORES HP PROLIANT PARA <\/span><\/a><\/span><\/h3>\r\n<h3 style=\"text-align: center;\"><span style=\"font-family: tahoma, arial, helvetica, sans-serif; font-size: 14pt;\"><a title=\"Tienda - Precio y Venta Servidores HP\" href=\"https:\/\/netcomp.co\/es\/132-servidores-hp-lenovo-dell-partes\" target=\"_blank\" rel=\"noopener noreferrer\">VENTA \/ ARRENDAMIENTO \/ ALQUILER :<\/a><\/span><\/h3>\r\n<h3 style=\"text-align: center;\"><span style=\"font-size: 14pt;\"><a title=\"Tienda - Precio y Venta Servidores HP\" href=\"https:\/\/netcomp.co\/es\/132-servidores-hp-lenovo-dell-partes\" target=\"_blank\" rel=\"noopener noreferrer\"><span style=\"font-family: tahoma, arial, helvetica, sans-serif;\">ML350 \/ ML150 \/ DL320 \/ DL360 \/ DL380 <\/span><span style=\"font-family: tahoma, arial, helvetica, sans-serif;\">PARA COMPRAR CLICK<\/span><span style=\"font-family: tahoma, arial, helvetica, sans-serif;\"> AQU<\/span><span style=\"font-family: tahoma, arial, helvetica, sans-serif;\">I!<\/span><\/a><\/span><\/h3>\r\n<h2 style=\"text-align: center;\"><strong><a href=\"https:\/\/api.whatsapp.com\/send?phone=573168788749\" target=\"_blank\" rel=\"noopener noreferrer\"><img class=\"wp-image-20467 aligncenter\" src=\"http:\/\/cableado-estructurado.com.co\/netcomp\/wp-content\/uploads\/2018\/07\/whatsapp-logo-mensaje.jpg\" alt=\"\" width=\"290\" height=\"220\" \/><\/a><\/strong><\/h2>\r\n<h2 style=\"text-align: center;\"><img class=\"wp-image-21775 aligncenter\" src=\"https:\/\/servidor-hp.com.co\/netcomp\/wp-content\/uploads\/2019\/05\/boton-ventas-servidor.png\" alt=\"\" width=\"495\" height=\"153\" \/><\/h2>\r\n<p style=\"text-align: center;\"><\/p>","_et_gb_content_width":""},"product_brand":[],"product_cat":[21006,73],"product_tag":[22645,45550,45551,45552,45553,45554,45555,45556,45557,45558,45559,45560,45561,45562,45563,45564,45565,45566,45567,45568,45569,45570,45571,45572,45573,45574,45575,45576,45577,45578],"class_list":{"0":"post-31488","1":"product","2":"type-product","3":"status-publish","4":"has-post-thumbnail","6":"product_cat-accesorios-2","7":"product_cat-servidores-hp-ibm-cisco","8":"product_tag-hp-dl380x-gx-servers-hpe-228892r-b21","9":"product_tag-y228894r-b21","10":"product_tag-y268290r-b21","11":"product_tag-y338732r-b21","12":"product_tag-y364471r-b21","13":"product_tag-y382616-b21","14":"product_tag-y382616r-b21","15":"product_tag-y382617-001","16":"product_tag-y382617-b21","17":"product_tag-y382617r-b21","18":"product_tag-y382618-001","19":"product_tag-y382618-b21","20":"product_tag-y382618r-001","21":"product_tag-y382618r-b21","22":"product_tag-y393998-b21","23":"product_tag-y393998r-b21","24":"product_tag-y419811-b21","25":"product_tag-y419811r-b21","26":"product_tag-y419812-b21","27":"product_tag-y419812r-b21","28":"product_tag-y432858-b21","29":"product_tag-y432858r-b21","30":"product_tag-y433559-b21","31":"product_tag-y442239-b21","32":"product_tag-y442239r-b21","33":"product_tag-y454024-b21","34":"product_tag-y454024r-b21","35":"product_tag-y458588-b21","36":"product_tag-y458589-b21","37":"product_tag-y458589r-b21","39":"first","40":"instock","41":"product-type-simple"},"yoast_head":"<!-- This site is optimized with the Yoast SEO plugin v27.2 - https:\/\/yoast.com\/product\/yoast-seo-wordpress\/ -->\n<title>Productos archivo - Servidores HP - Nuevos - Usados - Alquiler<\/title>\n<meta name=\"description\" content=\"HP DL380X GX Servers HPE 228892R-B21,\u00ff228894R-B21,\u00ff268290R-B21,\u00ff338732R-B21,\u00ff364471R-B21,\u00ff382616-B21,\u00ff382616R-B21,\u00ff382617-001,\u00ff382617-B21,\u00ff382617R-B21,\u00ff382618-001,\u00ff382618-B21,\u00ff382618R-001,\u00ff382618R-B21,\u00ff393998-B21,\u00ff393998R-B21,\u00ff419811-B21,\u00ff419811R-B21,\u00ff419812-B21,\u00ff419812R-B21,\u00ff432858-B21,\u00ff432858R-B21,\u00ff433559-B21,\u00ff442239-B21,\u00ff442239R-B21,\u00ff454024-B21,\u00ff454024R-B21,\u00ff458588-B21,\u00ff458589-B21,\u00ff458589R-B21, - Bogota - Colombia - servidor-hp.com.co\" \/>\n<meta name=\"robots\" content=\"index, follow, max-snippet:-1, max-image-preview:large, max-video-preview:-1\" \/>\n<link rel=\"canonical\" href=\"http:\/\/SSL%20-%20AKCP%20-%20Sensor%20Status%20Light-Luz%20de%20Estatus%20para%20Sensor%20de%20Temperatura%20para%20Rack%20de%20Servidores\" \/>\n<meta property=\"og:locale\" content=\"es_ES\" \/>\n<meta property=\"og:type\" content=\"article\" \/>\n<meta property=\"og:title\" content=\"HP DL380X GX Servers HPE 228892R-B21,\u00ff228894R-B21,\u00ff268290R-B21,\u00ff338732R-B21,\u00ff364471R-B21,\u00ff382616-B21,\u00ff382616R-B21,\u00ff382617-001,\u00ff382617-B21,\u00ff382617R-B21,\u00ff382618-001,\u00ff382618-B21,\u00ff382618R-001,\u00ff382618R-B21,\u00ff393998-B21,\u00ff393998R-B21,\u00ff419811-B21,\u00ff419811R-B21,\u00ff419812-B21,\u00ff419812R-B21,\u00ff432858-B21,\u00ff432858R-B21,\u00ff433559-B21,\u00ff442239-B21,\u00ff442239R-B21,\u00ff454024-B21,\u00ff454024R-B21,\u00ff458588-B21,\u00ff458589-B21,\u00ff458589R-B21,\" \/>\n<meta property=\"og:description\" content=\"HP DL380X GX Servers HPE 228892R-B21,\u00ff228894R-B21,\u00ff268290R-B21,\u00ff338732R-B21,\u00ff364471R-B21,\u00ff382616-B21,\u00ff382616R-B21,\u00ff382617-001,\u00ff382617-B21,\u00ff382617R-B21,\u00ff382618-001,\u00ff382618-B21,\u00ff382618R-001,\u00ff382618R-B21,\u00ff393998-B21,\u00ff393998R-B21,\u00ff419811-B21,\u00ff419811R-B21,\u00ff419812-B21,\u00ff419812R-B21,\u00ff432858-B21,\u00ff432858R-B21,\u00ff433559-B21,\u00ff442239-B21,\u00ff442239R-B21,\u00ff454024-B21,\u00ff454024R-B21,\u00ff458588-B21,\u00ff458589-B21,\u00ff458589R-B21, - Bogota - Colombia - servidor-hp.com.co\" \/>\n<meta property=\"og:url\" content=\"http:\/\/SSL - AKCP - Sensor Status Light-Luz de Estatus para Sensor de Temperatura para Rack de Servidores\" \/>\n<meta property=\"og:site_name\" content=\"Servidores HP - Nuevos - Usados - Alquiler\" \/>\n<meta property=\"article:modified_time\" content=\"2023-03-04T00:18:43+00:00\" \/>\n<meta property=\"og:image\" content=\"https:\/\/servidor-hp.com.co\/netcomp\/wp-content\/uploads\/2018\/12\/spx-sensores-temperatura-akcp.jpg\" \/>\n\t<meta property=\"og:image:width\" content=\"1280\" \/>\n\t<meta property=\"og:image:height\" content=\"720\" \/>\n\t<meta property=\"og:image:type\" content=\"image\/jpeg\" \/>\n<meta name=\"twitter:card\" content=\"summary_large_image\" \/>\n<meta name=\"twitter:title\" content=\"HP DL380X GX Servers HPE 228892R-B21,\u00ff228894R-B21,\u00ff268290R-B21,\u00ff338732R-B21,\u00ff364471R-B21,\u00ff382616-B21,\u00ff382616R-B21,\u00ff382617-001,\u00ff382617-B21,\u00ff382617R-B21,\u00ff382618-001,\u00ff382618-B21,\u00ff382618R-001,\u00ff382618R-B21,\u00ff393998-B21,\u00ff393998R-B21,\u00ff419811-B21,\u00ff419811R-B21,\u00ff419812-B21,\u00ff419812R-B21,\u00ff432858-B21,\u00ff432858R-B21,\u00ff433559-B21,\u00ff442239-B21,\u00ff442239R-B21,\u00ff454024-B21,\u00ff454024R-B21,\u00ff458588-B21,\u00ff458589-B21,\u00ff458589R-B21,\" \/>\n<meta name=\"twitter:description\" content=\"HP DL380X GX Servers HPE 228892R-B21,\u00ff228894R-B21,\u00ff268290R-B21,\u00ff338732R-B21,\u00ff364471R-B21,\u00ff382616-B21,\u00ff382616R-B21,\u00ff382617-001,\u00ff382617-B21,\u00ff382617R-B21,\u00ff382618-001,\u00ff382618-B21,\u00ff382618R-001,\u00ff382618R-B21,\u00ff393998-B21,\u00ff393998R-B21,\u00ff419811-B21,\u00ff419811R-B21,\u00ff419812-B21,\u00ff419812R-B21,\u00ff432858-B21,\u00ff432858R-B21,\u00ff433559-B21,\u00ff442239-B21,\u00ff442239R-B21,\u00ff454024-B21,\u00ff454024R-B21,\u00ff458588-B21,\u00ff458589-B21,\u00ff458589R-B21, - Bogota - Colombia - servidor-hp.com.co\" \/>\n<meta name=\"twitter:image\" content=\"https:\/\/servidor-hp.com.co\/netcomp\/wp-content\/uploads\/2018\/05\/hpe-logo-e1597802276155.jpg\" \/>\n<meta name=\"twitter:label1\" content=\"Tiempo de lectura\" \/>\n\t<meta name=\"twitter:data1\" content=\"1 minuto\" \/>\n<script type=\"application\/ld+json\" class=\"yoast-schema-graph\">{\"@context\":\"https:\/\/schema.org\",\"@graph\":[{\"@type\":\"WebPage\",\"@id\":\"https:\/\/servidor-hp.com.co\/netcomp\/servidores\/servidores-hp-ibm-cisco\/hpe-hp-dl380x-gx-servers-2\/\",\"url\":\"http:\/\/SSL%20-%20AKCP%20-%20Sensor%20Status%20Light-Luz%20de%20Estatus%20para%20Sensor%20de%20Temperatura%20para%20Rack%20de%20Servidores\",\"name\":\"Productos archivo - Servidores HP - Nuevos - Usados - Alquiler\",\"isPartOf\":{\"@id\":\"https:\/\/servidor-hp.com.co\/netcomp\/#website\"},\"primaryImageOfPage\":{\"@id\":\"http:\/\/SSL%20-%20AKCP%20-%20Sensor%20Status%20Light-Luz%20de%20Estatus%20para%20Sensor%20de%20Temperatura%20para%20Rack%20de%20Servidores#primaryimage\"},\"image\":{\"@id\":\"http:\/\/SSL%20-%20AKCP%20-%20Sensor%20Status%20Light-Luz%20de%20Estatus%20para%20Sensor%20de%20Temperatura%20para%20Rack%20de%20Servidores#primaryimage\"},\"thumbnailUrl\":\"https:\/\/servidor-hp.com.co\/netcomp\/wp-content\/uploads\/2018\/05\/hpe-logo-e1597802276155.jpg\",\"datePublished\":\"2022-05-30T08:06:28+00:00\",\"dateModified\":\"2023-03-04T00:18:43+00:00\",\"description\":\"HP DL380X GX Servers HPE 228892R-B21,\u00ff228894R-B21,\u00ff268290R-B21,\u00ff338732R-B21,\u00ff364471R-B21,\u00ff382616-B21,\u00ff382616R-B21,\u00ff382617-001,\u00ff382617-B21,\u00ff382617R-B21,\u00ff382618-001,\u00ff382618-B21,\u00ff382618R-001,\u00ff382618R-B21,\u00ff393998-B21,\u00ff393998R-B21,\u00ff419811-B21,\u00ff419811R-B21,\u00ff419812-B21,\u00ff419812R-B21,\u00ff432858-B21,\u00ff432858R-B21,\u00ff433559-B21,\u00ff442239-B21,\u00ff442239R-B21,\u00ff454024-B21,\u00ff454024R-B21,\u00ff458588-B21,\u00ff458589-B21,\u00ff458589R-B21, - Bogota - Colombia - servidor-hp.com.co\",\"breadcrumb\":{\"@id\":\"http:\/\/SSL%20-%20AKCP%20-%20Sensor%20Status%20Light-Luz%20de%20Estatus%20para%20Sensor%20de%20Temperatura%20para%20Rack%20de%20Servidores#breadcrumb\"},\"inLanguage\":\"es\",\"potentialAction\":[{\"@type\":\"ReadAction\",\"target\":[\"http:\/\/SSL%20-%20AKCP%20-%20Sensor%20Status%20Light-Luz%20de%20Estatus%20para%20Sensor%20de%20Temperatura%20para%20Rack%20de%20Servidores\"]}]},{\"@type\":\"ImageObject\",\"inLanguage\":\"es\",\"@id\":\"http:\/\/SSL%20-%20AKCP%20-%20Sensor%20Status%20Light-Luz%20de%20Estatus%20para%20Sensor%20de%20Temperatura%20para%20Rack%20de%20Servidores#primaryimage\",\"url\":\"https:\/\/servidor-hp.com.co\/netcomp\/wp-content\/uploads\/2018\/05\/hpe-logo-e1597802276155.jpg\",\"contentUrl\":\"https:\/\/servidor-hp.com.co\/netcomp\/wp-content\/uploads\/2018\/05\/hpe-logo-e1597802276155.jpg\",\"width\":350,\"height\":233,\"caption\":\"Servicios - PARA SERVIDOR HP PROLIANT DL380 SFF GEN10 - RACK\"},{\"@type\":\"BreadcrumbList\",\"@id\":\"http:\/\/SSL%20-%20AKCP%20-%20Sensor%20Status%20Light-Luz%20de%20Estatus%20para%20Sensor%20de%20Temperatura%20para%20Rack%20de%20Servidores#breadcrumb\",\"itemListElement\":[{\"@type\":\"ListItem\",\"position\":1,\"name\":\"Portada\",\"item\":\"https:\/\/servidor-hp.com.co\/netcomp\/\"},{\"@type\":\"ListItem\",\"position\":2,\"name\":\"Tienda\",\"item\":\"https:\/\/servidor-hp.com.co\/netcomp\/servidores\/\"},{\"@type\":\"ListItem\",\"position\":3,\"name\":\"HPE HP DL380X GX Servers\"}]},{\"@type\":\"WebSite\",\"@id\":\"https:\/\/servidor-hp.com.co\/netcomp\/#website\",\"url\":\"https:\/\/servidor-hp.com.co\/netcomp\/\",\"name\":\"Servidores HP - Nuevos - Usados - Alquiler\",\"description\":\"Tels: (+57) 316 878 8749\",\"alternateName\":\"Servidores HP DELL LENOVO IBM\",\"potentialAction\":[{\"@type\":\"SearchAction\",\"target\":{\"@type\":\"EntryPoint\",\"urlTemplate\":\"https:\/\/servidor-hp.com.co\/netcomp\/?s={search_term_string}\"},\"query-input\":{\"@type\":\"PropertyValueSpecification\",\"valueRequired\":true,\"valueName\":\"search_term_string\"}}],\"inLanguage\":\"es\"}]}<\/script>\n<!-- \/ Yoast SEO plugin. -->","yoast_head_json":{"title":"Productos archivo - Servidores HP - Nuevos - Usados - Alquiler","description":"HP DL380X GX Servers HPE 228892R-B21,\u00ff228894R-B21,\u00ff268290R-B21,\u00ff338732R-B21,\u00ff364471R-B21,\u00ff382616-B21,\u00ff382616R-B21,\u00ff382617-001,\u00ff382617-B21,\u00ff382617R-B21,\u00ff382618-001,\u00ff382618-B21,\u00ff382618R-001,\u00ff382618R-B21,\u00ff393998-B21,\u00ff393998R-B21,\u00ff419811-B21,\u00ff419811R-B21,\u00ff419812-B21,\u00ff419812R-B21,\u00ff432858-B21,\u00ff432858R-B21,\u00ff433559-B21,\u00ff442239-B21,\u00ff442239R-B21,\u00ff454024-B21,\u00ff454024R-B21,\u00ff458588-B21,\u00ff458589-B21,\u00ff458589R-B21, - Bogota - Colombia - servidor-hp.com.co","robots":{"index":"index","follow":"follow","max-snippet":"max-snippet:-1","max-image-preview":"max-image-preview:large","max-video-preview":"max-video-preview:-1"},"canonical":"http:\/\/SSL - AKCP - Sensor Status Light-Luz de Estatus para Sensor de Temperatura para Rack de Servidores","og_locale":"es_ES","og_type":"article","og_title":"HP DL380X GX Servers HPE 228892R-B21,\u00ff228894R-B21,\u00ff268290R-B21,\u00ff338732R-B21,\u00ff364471R-B21,\u00ff382616-B21,\u00ff382616R-B21,\u00ff382617-001,\u00ff382617-B21,\u00ff382617R-B21,\u00ff382618-001,\u00ff382618-B21,\u00ff382618R-001,\u00ff382618R-B21,\u00ff393998-B21,\u00ff393998R-B21,\u00ff419811-B21,\u00ff419811R-B21,\u00ff419812-B21,\u00ff419812R-B21,\u00ff432858-B21,\u00ff432858R-B21,\u00ff433559-B21,\u00ff442239-B21,\u00ff442239R-B21,\u00ff454024-B21,\u00ff454024R-B21,\u00ff458588-B21,\u00ff458589-B21,\u00ff458589R-B21,","og_description":"HP DL380X GX Servers HPE 228892R-B21,\u00ff228894R-B21,\u00ff268290R-B21,\u00ff338732R-B21,\u00ff364471R-B21,\u00ff382616-B21,\u00ff382616R-B21,\u00ff382617-001,\u00ff382617-B21,\u00ff382617R-B21,\u00ff382618-001,\u00ff382618-B21,\u00ff382618R-001,\u00ff382618R-B21,\u00ff393998-B21,\u00ff393998R-B21,\u00ff419811-B21,\u00ff419811R-B21,\u00ff419812-B21,\u00ff419812R-B21,\u00ff432858-B21,\u00ff432858R-B21,\u00ff433559-B21,\u00ff442239-B21,\u00ff442239R-B21,\u00ff454024-B21,\u00ff454024R-B21,\u00ff458588-B21,\u00ff458589-B21,\u00ff458589R-B21, - Bogota - Colombia - servidor-hp.com.co","og_url":"http:\/\/SSL - AKCP - Sensor Status Light-Luz de Estatus para Sensor de Temperatura para Rack de Servidores","og_site_name":"Servidores HP - Nuevos - Usados - Alquiler","article_modified_time":"2023-03-04T00:18:43+00:00","og_image":[{"width":1280,"height":720,"url":"https:\/\/servidor-hp.com.co\/netcomp\/wp-content\/uploads\/2018\/12\/spx-sensores-temperatura-akcp.jpg","type":"image\/jpeg"}],"twitter_card":"summary_large_image","twitter_title":"HP DL380X GX Servers HPE 228892R-B21,\u00ff228894R-B21,\u00ff268290R-B21,\u00ff338732R-B21,\u00ff364471R-B21,\u00ff382616-B21,\u00ff382616R-B21,\u00ff382617-001,\u00ff382617-B21,\u00ff382617R-B21,\u00ff382618-001,\u00ff382618-B21,\u00ff382618R-001,\u00ff382618R-B21,\u00ff393998-B21,\u00ff393998R-B21,\u00ff419811-B21,\u00ff419811R-B21,\u00ff419812-B21,\u00ff419812R-B21,\u00ff432858-B21,\u00ff432858R-B21,\u00ff433559-B21,\u00ff442239-B21,\u00ff442239R-B21,\u00ff454024-B21,\u00ff454024R-B21,\u00ff458588-B21,\u00ff458589-B21,\u00ff458589R-B21,","twitter_description":"HP DL380X GX Servers HPE 228892R-B21,\u00ff228894R-B21,\u00ff268290R-B21,\u00ff338732R-B21,\u00ff364471R-B21,\u00ff382616-B21,\u00ff382616R-B21,\u00ff382617-001,\u00ff382617-B21,\u00ff382617R-B21,\u00ff382618-001,\u00ff382618-B21,\u00ff382618R-001,\u00ff382618R-B21,\u00ff393998-B21,\u00ff393998R-B21,\u00ff419811-B21,\u00ff419811R-B21,\u00ff419812-B21,\u00ff419812R-B21,\u00ff432858-B21,\u00ff432858R-B21,\u00ff433559-B21,\u00ff442239-B21,\u00ff442239R-B21,\u00ff454024-B21,\u00ff454024R-B21,\u00ff458588-B21,\u00ff458589-B21,\u00ff458589R-B21, - Bogota - Colombia - servidor-hp.com.co","twitter_image":"https:\/\/servidor-hp.com.co\/netcomp\/wp-content\/uploads\/2018\/05\/hpe-logo-e1597802276155.jpg","twitter_misc":{"Tiempo de lectura":"1 minuto"},"schema":{"@context":"https:\/\/schema.org","@graph":[{"@type":"WebPage","@id":"https:\/\/servidor-hp.com.co\/netcomp\/servidores\/servidores-hp-ibm-cisco\/hpe-hp-dl380x-gx-servers-2\/","url":"http:\/\/SSL%20-%20AKCP%20-%20Sensor%20Status%20Light-Luz%20de%20Estatus%20para%20Sensor%20de%20Temperatura%20para%20Rack%20de%20Servidores","name":"Productos archivo - Servidores HP - Nuevos - Usados - Alquiler","isPartOf":{"@id":"https:\/\/servidor-hp.com.co\/netcomp\/#website"},"primaryImageOfPage":{"@id":"http:\/\/SSL%20-%20AKCP%20-%20Sensor%20Status%20Light-Luz%20de%20Estatus%20para%20Sensor%20de%20Temperatura%20para%20Rack%20de%20Servidores#primaryimage"},"image":{"@id":"http:\/\/SSL%20-%20AKCP%20-%20Sensor%20Status%20Light-Luz%20de%20Estatus%20para%20Sensor%20de%20Temperatura%20para%20Rack%20de%20Servidores#primaryimage"},"thumbnailUrl":"https:\/\/servidor-hp.com.co\/netcomp\/wp-content\/uploads\/2018\/05\/hpe-logo-e1597802276155.jpg","datePublished":"2022-05-30T08:06:28+00:00","dateModified":"2023-03-04T00:18:43+00:00","description":"HP DL380X GX Servers HPE 228892R-B21,\u00ff228894R-B21,\u00ff268290R-B21,\u00ff338732R-B21,\u00ff364471R-B21,\u00ff382616-B21,\u00ff382616R-B21,\u00ff382617-001,\u00ff382617-B21,\u00ff382617R-B21,\u00ff382618-001,\u00ff382618-B21,\u00ff382618R-001,\u00ff382618R-B21,\u00ff393998-B21,\u00ff393998R-B21,\u00ff419811-B21,\u00ff419811R-B21,\u00ff419812-B21,\u00ff419812R-B21,\u00ff432858-B21,\u00ff432858R-B21,\u00ff433559-B21,\u00ff442239-B21,\u00ff442239R-B21,\u00ff454024-B21,\u00ff454024R-B21,\u00ff458588-B21,\u00ff458589-B21,\u00ff458589R-B21, - Bogota - Colombia - servidor-hp.com.co","breadcrumb":{"@id":"http:\/\/SSL%20-%20AKCP%20-%20Sensor%20Status%20Light-Luz%20de%20Estatus%20para%20Sensor%20de%20Temperatura%20para%20Rack%20de%20Servidores#breadcrumb"},"inLanguage":"es","potentialAction":[{"@type":"ReadAction","target":["http:\/\/SSL%20-%20AKCP%20-%20Sensor%20Status%20Light-Luz%20de%20Estatus%20para%20Sensor%20de%20Temperatura%20para%20Rack%20de%20Servidores"]}]},{"@type":"ImageObject","inLanguage":"es","@id":"http:\/\/SSL%20-%20AKCP%20-%20Sensor%20Status%20Light-Luz%20de%20Estatus%20para%20Sensor%20de%20Temperatura%20para%20Rack%20de%20Servidores#primaryimage","url":"https:\/\/servidor-hp.com.co\/netcomp\/wp-content\/uploads\/2018\/05\/hpe-logo-e1597802276155.jpg","contentUrl":"https:\/\/servidor-hp.com.co\/netcomp\/wp-content\/uploads\/2018\/05\/hpe-logo-e1597802276155.jpg","width":350,"height":233,"caption":"Servicios - PARA SERVIDOR HP PROLIANT DL380 SFF GEN10 - RACK"},{"@type":"BreadcrumbList","@id":"http:\/\/SSL%20-%20AKCP%20-%20Sensor%20Status%20Light-Luz%20de%20Estatus%20para%20Sensor%20de%20Temperatura%20para%20Rack%20de%20Servidores#breadcrumb","itemListElement":[{"@type":"ListItem","position":1,"name":"Portada","item":"https:\/\/servidor-hp.com.co\/netcomp\/"},{"@type":"ListItem","position":2,"name":"Tienda","item":"https:\/\/servidor-hp.com.co\/netcomp\/servidores\/"},{"@type":"ListItem","position":3,"name":"HPE HP DL380X GX Servers"}]},{"@type":"WebSite","@id":"https:\/\/servidor-hp.com.co\/netcomp\/#website","url":"https:\/\/servidor-hp.com.co\/netcomp\/","name":"Servidores HP - Nuevos - Usados - Alquiler","description":"Tels: (+57) 316 878 8749","alternateName":"Servidores HP DELL LENOVO IBM","potentialAction":[{"@type":"SearchAction","target":{"@type":"EntryPoint","urlTemplate":"https:\/\/servidor-hp.com.co\/netcomp\/?s={search_term_string}"},"query-input":{"@type":"PropertyValueSpecification","valueRequired":true,"valueName":"search_term_string"}}],"inLanguage":"es"}]}},"_links":{"self":[{"href":"https:\/\/servidor-hp.com.co\/netcomp\/wp-json\/wp\/v2\/product\/31488","targetHints":{"allow":["GET"]}}],"collection":[{"href":"https:\/\/servidor-hp.com.co\/netcomp\/wp-json\/wp\/v2\/product"}],"about":[{"href":"https:\/\/servidor-hp.com.co\/netcomp\/wp-json\/wp\/v2\/types\/product"}],"replies":[{"embeddable":true,"href":"https:\/\/servidor-hp.com.co\/netcomp\/wp-json\/wp\/v2\/comments?post=31488"}],"wp:featuredmedia":[{"embeddable":true,"href":"https:\/\/servidor-hp.com.co\/netcomp\/wp-json\/wp\/v2\/media\/19713"}],"wp:attachment":[{"href":"https:\/\/servidor-hp.com.co\/netcomp\/wp-json\/wp\/v2\/media?parent=31488"}],"wp:term":[{"taxonomy":"product_brand","embeddable":true,"href":"https:\/\/servidor-hp.com.co\/netcomp\/wp-json\/wp\/v2\/product_brand?post=31488"},{"taxonomy":"product_cat","embeddable":true,"href":"https:\/\/servidor-hp.com.co\/netcomp\/wp-json\/wp\/v2\/product_cat?post=31488"},{"taxonomy":"product_tag","embeddable":true,"href":"https:\/\/servidor-hp.com.co\/netcomp\/wp-json\/wp\/v2\/product_tag?post=31488"}],"curies":[{"name":"wp","href":"https:\/\/api.w.org\/{rel}","templated":true}]}}