{"id":31484,"date":"2022-05-30T03:06:19","date_gmt":"2022-05-30T08:06:19","guid":{"rendered":"https:\/\/servidor-hp.com.co\/netcomp\/servidores\/sin%20categor\u00eda\/hpe-hp-drive-disks-2\/"},"modified":"2023-03-03T19:18:45","modified_gmt":"2023-03-04T00:18:45","slug":"hpe-hp-drive-disks-2","status":"publish","type":"product","link":"https:\/\/servidor-hp.com.co\/netcomp\/servidores\/servidores-hp-ibm-cisco\/hpe-hp-drive-disks-2\/","title":{"rendered":"HPE HP Drive Disks"},"content":{"rendered":"<h1 style=\"text-align: center;\"><strong>HPE N\/P: 670551-B21,\u00ff671529-B21,\u00ff702284-B21,\u00ff713848-B21,\u00ff716603-B21,\u00ff718316-B21,\u00ff718329-B21,\u00ff720984-B21,\u00ff728715-B21,\u00ff729848-B21,\u00ff730265-B21,\u00ff731027-B21,\u00ff734384-B21,\u00ff734878-B21,\u00ff738033-B21,\u00ff738347-B21,\u00ff739455-B21,\u00ff739457-B21,\u00ff739459-B21,\u00ff739461-B21,\u00ff739463-B21,\u00ff739470-B21,\u00ff741555-B21,\u00ff742391-B21,\u00ff744683-B21,\u00ff745794-B21,\u00ff747714-B21,\u00ff748438-B21,\u00ff748441-B21<\/strong><\/h1>\n<p>&nbsp;<\/p>\n<h3><span style=\"font-family: tahoma, arial, helvetica, sans-serif; font-size: 14pt;\"><strong>Descripci\u00f3n:<\/strong><\/span><\/h3>\n<ul>\n<li>\n<h3>HP Drive Disks<\/h3>\n<\/li>\n<\/ul>\n<p>&nbsp;<\/p>\n<p style=\"text-align: center;\"><span style=\"color: #ff0000;\"><strong><span style=\"font-family: tahoma, arial, helvetica, sans-serif; font-size: 14pt;\">Para Precio y Disponibilidad Por Favor Cont\u00e1ctanos V\u00eda Email o WhatsApp<\/span><\/strong><\/span><\/p>\n<p style=\"text-align: center;\"><span style=\"color: #ff0000;\">___________________________________________________________________________________________________<\/span><\/p>\n<p>&nbsp;<\/p>\n<p>&nbsp;<\/p>\n<h3 style=\"text-align: center;\"><span style=\"font-family: tahoma, arial, helvetica, sans-serif; font-size: 14pt;\"><a title=\"Tienda - Precio y Venta Servidores HP\" href=\"https:\/\/netcomp.co\/es\/132-servidores-hp-lenovo-dell-partes\" target=\"_blank\" rel=\"noopener noreferrer\"><span style=\"font-size: 14pt;\">DISPONEMOS DE UNA<\/span><span style=\"font-size: 14pt;\"> AMPLIA GAMA DE SERVIDORES HP PROLIANT PARA <\/span><\/a><\/span><\/h3>\n<h3 style=\"text-align: center;\"><span style=\"font-family: tahoma, arial, helvetica, sans-serif; font-size: 14pt;\"><a title=\"Tienda - Precio y Venta Servidores HP\" href=\"https:\/\/netcomp.co\/es\/132-servidores-hp-lenovo-dell-partes\" target=\"_blank\" rel=\"noopener noreferrer\">VENTA \/ ARRENDAMIENTO \/ ALQUILER :<\/a><\/span><\/h3>\n<h3 style=\"text-align: center;\"><span style=\"font-size: 14pt;\"><a title=\"Tienda - Precio y Venta Servidores HP\" href=\"https:\/\/netcomp.co\/es\/132-servidores-hp-lenovo-dell-partes\" target=\"_blank\" rel=\"noopener noreferrer\"><span style=\"font-family: tahoma, arial, helvetica, sans-serif;\">ML350 \/ ML150 \/ DL320 \/ DL360 \/ DL380 <\/span><span style=\"font-family: tahoma, arial, helvetica, sans-serif;\">PARA COMPRAR CLICK<\/span><span style=\"font-family: tahoma, arial, helvetica, sans-serif;\"> AQU<\/span><span style=\"font-family: tahoma, arial, helvetica, sans-serif;\">I!<\/span><\/a><\/span><\/h3>\n<h2 style=\"text-align: center;\"><strong><a href=\"https:\/\/api.whatsapp.com\/send?phone=573168788749\" target=\"_blank\" rel=\"noopener noreferrer\"><img loading=\"lazy\" decoding=\"async\" class=\"wp-image-20467 aligncenter\" src=\"http:\/\/cableado-estructurado.com.co\/netcomp\/wp-content\/uploads\/2018\/07\/whatsapp-logo-mensaje.jpg\" alt=\"\" width=\"290\" height=\"220\" \/><\/a><\/strong><\/h2>\n<h2 style=\"text-align: center;\"><img loading=\"lazy\" decoding=\"async\" class=\"wp-image-21775 aligncenter\" src=\"https:\/\/servidor-hp.com.co\/netcomp\/wp-content\/uploads\/2019\/05\/boton-ventas-servidor.png\" alt=\"\" width=\"495\" height=\"153\" \/><\/h2>\n<p style=\"text-align: center;\">\n","protected":false},"excerpt":{"rendered":"<p>HP Drive Disks HPE 670551-B21,\u00ff671529-B21,\u00ff702284-B21,\u00ff713848-B21,\u00ff716603-B21,\u00ff718316-B21,\u00ff718329-B21,\u00ff720984-B21,\u00ff728715-B21,\u00ff729848-B21,\u00ff730265-B21,\u00ff731027-B21,\u00ff734384-B21,\u00ff734878-B21,\u00ff738033-B21,\u00ff738347-B21,\u00ff739455-B21,\u00ff739457-B21,\u00ff739459-B21,\u00ff739461-B21,\u00ff739463-B21,\u00ff739470-B21,\u00ff741555-B21,\u00ff742391-B21,\u00ff744683-B21,\u00ff745794-B21,\u00ff747714-B21,\u00ff748438-B21,\u00ff748441-B21<\/p>\n","protected":false},"featured_media":19713,"comment_status":"closed","ping_status":"open","template":"","meta":{"_et_pb_use_builder":"on","_et_pb_old_content":"<h1 style=\"text-align: center;\"><span style=\"font-family: tahoma, arial, helvetica, sans-serif; font-size: 18pt;\"><strong>Fortinet : Power Injector - GPI-130<\/strong><\/span><\/h1>\r\n\u00a0\r\n<h2><span style=\"font-family: tahoma, arial, helvetica, sans-serif; font-size: 14pt;\"><strong>Descrpci\u00f3n:<\/strong><\/span><\/h2>\r\n<h3><span style=\"font-family: tahoma, arial, helvetica, sans-serif; font-size: 12pt;\">1-Port Gigabit PoE Power Injector, 802.3at up to 30W for GPI-130 Gigabit PoE Injector<\/span><\/h3>\r\n\u00a0\r\n\r\n\u00a0\r\n\r\n\u00a0\r\n<h3 style=\"text-align: center;\"><span style=\"font-family: tahoma, arial, helvetica, sans-serif; font-size: 14pt;\"><a title=\"Tienda - Precio y Venta Servidores HP\" href=\"https:\/\/netcomp.co\/es\/132-servidores-hp-lenovo-dell-partes\" target=\"_blank\" rel=\"noopener noreferrer\"><span style=\"font-size: 14pt;\">DISPONEMOS DE UNA<\/span><span style=\"font-size: 14pt;\"> AMPLIA GAMA DE SERVIDORES HP PROLIANT PARA <\/span><\/a><\/span><\/h3>\r\n<h3 style=\"text-align: center;\"><span style=\"font-family: tahoma, arial, helvetica, sans-serif; font-size: 14pt;\"><a title=\"Tienda - Precio y Venta Servidores HP\" href=\"https:\/\/netcomp.co\/es\/132-servidores-hp-lenovo-dell-partes\" target=\"_blank\" rel=\"noopener noreferrer\">VENTA \/ ARRENDAMIENTO \/ ALQUILER :<\/a><\/span><\/h3>\r\n<h3 style=\"text-align: center;\"><span style=\"font-size: 14pt;\"><a title=\"Tienda - Precio y Venta Servidores HP\" href=\"https:\/\/netcomp.co\/es\/132-servidores-hp-lenovo-dell-partes\" target=\"_blank\" rel=\"noopener noreferrer\"><span style=\"font-family: tahoma, arial, helvetica, sans-serif;\">ML350 \/ ML150 \/ DL320 \/ DL360 \/ DL380 <\/span><span style=\"font-family: tahoma, arial, helvetica, sans-serif;\">PARA COMPRAR CLICK<\/span><span style=\"font-family: tahoma, arial, helvetica, sans-serif;\"> AQU<\/span><span style=\"font-family: tahoma, arial, helvetica, sans-serif;\">I!<\/span><\/a><\/span><\/h3>\r\n<h2 style=\"text-align: center;\"><strong><a href=\"https:\/\/api.whatsapp.com\/send?phone=573168788749\" target=\"_blank\" rel=\"noopener noreferrer\"><img class=\"wp-image-20467 aligncenter\" src=\"http:\/\/cableado-estructurado.com.co\/netcomp\/wp-content\/uploads\/2018\/07\/whatsapp-logo-mensaje.jpg\" alt=\"\" width=\"290\" height=\"220\" \/><\/a><\/strong><\/h2>\r\n<h2 style=\"text-align: center;\"><img class=\"wp-image-21775 aligncenter\" src=\"https:\/\/servidor-hp.com.co\/netcomp\/wp-content\/uploads\/2019\/05\/boton-ventas-servidor.png\" alt=\"\" width=\"495\" height=\"153\" \/><\/h2>\r\n<p style=\"text-align: center;\"><\/p>","_et_gb_content_width":""},"product_brand":[],"product_cat":[21006,73],"product_tag":[45517,45518,45519,45520,45521,45522,45523,45524,45525,45526,45527,45528,45529,45530,45531,45532,45533,45534,45535,45536,45537,45538,45539,45540,45541,45542,45543,45544,45545],"class_list":{"0":"post-31484","1":"product","2":"type-product","3":"status-publish","4":"has-post-thumbnail","6":"product_cat-accesorios-2","7":"product_cat-servidores-hp-ibm-cisco","8":"product_tag-hp-drive-disks-hpe-670551-b21","9":"product_tag-y671529-b21","10":"product_tag-y702284-b21","11":"product_tag-y713848-b21","12":"product_tag-y716603-b21","13":"product_tag-y718316-b21","14":"product_tag-y718329-b21","15":"product_tag-y720984-b21","16":"product_tag-y728715-b21","17":"product_tag-y729848-b21","18":"product_tag-y730265-b21","19":"product_tag-y731027-b21","20":"product_tag-y734384-b21","21":"product_tag-y734878-b21","22":"product_tag-y738033-b21","23":"product_tag-y738347-b21","24":"product_tag-y739455-b21","25":"product_tag-y739457-b21","26":"product_tag-y739459-b21","27":"product_tag-y739461-b21","28":"product_tag-y739463-b21","29":"product_tag-y739470-b21","30":"product_tag-y741555-b21","31":"product_tag-y742391-b21","32":"product_tag-y744683-b21","33":"product_tag-y745794-b21","34":"product_tag-y747714-b21","35":"product_tag-y748438-b21","36":"product_tag-y748441-b21","38":"first","39":"instock","40":"product-type-simple"},"yoast_head":"<!-- This site is optimized with the Yoast SEO plugin v27.2 - https:\/\/yoast.com\/product\/yoast-seo-wordpress\/ -->\n<title>Productos archivo - Servidores HP - Nuevos - Usados - Alquiler<\/title>\n<meta name=\"description\" content=\"HP Drive Disks HPE 670551-B21,\u00ff671529-B21,\u00ff702284-B21,\u00ff713848-B21,\u00ff716603-B21,\u00ff718316-B21,\u00ff718329-B21,\u00ff720984-B21,\u00ff728715-B21,\u00ff729848-B21,\u00ff730265-B21,\u00ff731027-B21,\u00ff734384-B21,\u00ff734878-B21,\u00ff738033-B21,\u00ff738347-B21,\u00ff739455-B21,\u00ff739457-B21,\u00ff739459-B21,\u00ff739461-B21,\u00ff739463-B21,\u00ff739470-B21,\u00ff741555-B21,\u00ff742391-B21,\u00ff744683-B21,\u00ff745794-B21,\u00ff747714-B21,\u00ff748438-B21,\u00ff748441-B21 - Bogota - Colombia - servidor-hp.com.co\" \/>\n<meta name=\"robots\" content=\"index, follow, max-snippet:-1, max-image-preview:large, max-video-preview:-1\" \/>\n<link rel=\"canonical\" href=\"http:\/\/SSL%20-%20AKCP%20-%20Sensor%20Status%20Light-Luz%20de%20Estatus%20para%20Sensor%20de%20Temperatura%20para%20Rack%20de%20Servidores\" \/>\n<meta property=\"og:locale\" content=\"es_ES\" \/>\n<meta property=\"og:type\" content=\"article\" \/>\n<meta property=\"og:title\" content=\"HP Drive Disks HPE 670551-B21,\u00ff671529-B21,\u00ff702284-B21,\u00ff713848-B21,\u00ff716603-B21,\u00ff718316-B21,\u00ff718329-B21,\u00ff720984-B21,\u00ff728715-B21,\u00ff729848-B21,\u00ff730265-B21,\u00ff731027-B21,\u00ff734384-B21,\u00ff734878-B21,\u00ff738033-B21,\u00ff738347-B21,\u00ff739455-B21,\u00ff739457-B21,\u00ff739459-B21,\u00ff739461-B21,\u00ff739463-B21,\u00ff739470-B21,\u00ff741555-B21,\u00ff742391-B21,\u00ff744683-B21,\u00ff745794-B21,\u00ff747714-B21,\u00ff748438-B21,\u00ff748441-B21\" \/>\n<meta property=\"og:description\" content=\"HP Drive Disks HPE 670551-B21,\u00ff671529-B21,\u00ff702284-B21,\u00ff713848-B21,\u00ff716603-B21,\u00ff718316-B21,\u00ff718329-B21,\u00ff720984-B21,\u00ff728715-B21,\u00ff729848-B21,\u00ff730265-B21,\u00ff731027-B21,\u00ff734384-B21,\u00ff734878-B21,\u00ff738033-B21,\u00ff738347-B21,\u00ff739455-B21,\u00ff739457-B21,\u00ff739459-B21,\u00ff739461-B21,\u00ff739463-B21,\u00ff739470-B21,\u00ff741555-B21,\u00ff742391-B21,\u00ff744683-B21,\u00ff745794-B21,\u00ff747714-B21,\u00ff748438-B21,\u00ff748441-B21 - Bogota - Colombia - servidor-hp.com.co\" \/>\n<meta property=\"og:url\" content=\"http:\/\/SSL - AKCP - Sensor Status Light-Luz de Estatus para Sensor de Temperatura para Rack de Servidores\" \/>\n<meta property=\"og:site_name\" content=\"Servidores HP - Nuevos - Usados - Alquiler\" \/>\n<meta property=\"article:modified_time\" content=\"2023-03-04T00:18:45+00:00\" \/>\n<meta property=\"og:image\" content=\"https:\/\/servidor-hp.com.co\/netcomp\/wp-content\/uploads\/2018\/12\/spx-sensores-temperatura-akcp.jpg\" \/>\n\t<meta property=\"og:image:width\" content=\"1280\" \/>\n\t<meta property=\"og:image:height\" content=\"720\" \/>\n\t<meta property=\"og:image:type\" content=\"image\/jpeg\" \/>\n<meta name=\"twitter:card\" content=\"summary_large_image\" \/>\n<meta name=\"twitter:title\" content=\"HP Drive Disks HPE 670551-B21,\u00ff671529-B21,\u00ff702284-B21,\u00ff713848-B21,\u00ff716603-B21,\u00ff718316-B21,\u00ff718329-B21,\u00ff720984-B21,\u00ff728715-B21,\u00ff729848-B21,\u00ff730265-B21,\u00ff731027-B21,\u00ff734384-B21,\u00ff734878-B21,\u00ff738033-B21,\u00ff738347-B21,\u00ff739455-B21,\u00ff739457-B21,\u00ff739459-B21,\u00ff739461-B21,\u00ff739463-B21,\u00ff739470-B21,\u00ff741555-B21,\u00ff742391-B21,\u00ff744683-B21,\u00ff745794-B21,\u00ff747714-B21,\u00ff748438-B21,\u00ff748441-B21\" \/>\n<meta name=\"twitter:description\" content=\"HP Drive Disks HPE 670551-B21,\u00ff671529-B21,\u00ff702284-B21,\u00ff713848-B21,\u00ff716603-B21,\u00ff718316-B21,\u00ff718329-B21,\u00ff720984-B21,\u00ff728715-B21,\u00ff729848-B21,\u00ff730265-B21,\u00ff731027-B21,\u00ff734384-B21,\u00ff734878-B21,\u00ff738033-B21,\u00ff738347-B21,\u00ff739455-B21,\u00ff739457-B21,\u00ff739459-B21,\u00ff739461-B21,\u00ff739463-B21,\u00ff739470-B21,\u00ff741555-B21,\u00ff742391-B21,\u00ff744683-B21,\u00ff745794-B21,\u00ff747714-B21,\u00ff748438-B21,\u00ff748441-B21 - Bogota - Colombia - servidor-hp.com.co\" \/>\n<meta name=\"twitter:image\" content=\"https:\/\/servidor-hp.com.co\/netcomp\/wp-content\/uploads\/2018\/05\/hpe-logo-e1597802276155.jpg\" \/>\n<meta name=\"twitter:label1\" content=\"Tiempo de lectura\" \/>\n\t<meta name=\"twitter:data1\" content=\"1 minuto\" \/>\n<script type=\"application\/ld+json\" class=\"yoast-schema-graph\">{\"@context\":\"https:\/\/schema.org\",\"@graph\":[{\"@type\":\"WebPage\",\"@id\":\"https:\/\/servidor-hp.com.co\/netcomp\/servidores\/servidores-hp-ibm-cisco\/hpe-hp-drive-disks-2\/\",\"url\":\"http:\/\/SSL%20-%20AKCP%20-%20Sensor%20Status%20Light-Luz%20de%20Estatus%20para%20Sensor%20de%20Temperatura%20para%20Rack%20de%20Servidores\",\"name\":\"Productos archivo - Servidores HP - Nuevos - Usados - Alquiler\",\"isPartOf\":{\"@id\":\"https:\/\/servidor-hp.com.co\/netcomp\/#website\"},\"primaryImageOfPage\":{\"@id\":\"http:\/\/SSL%20-%20AKCP%20-%20Sensor%20Status%20Light-Luz%20de%20Estatus%20para%20Sensor%20de%20Temperatura%20para%20Rack%20de%20Servidores#primaryimage\"},\"image\":{\"@id\":\"http:\/\/SSL%20-%20AKCP%20-%20Sensor%20Status%20Light-Luz%20de%20Estatus%20para%20Sensor%20de%20Temperatura%20para%20Rack%20de%20Servidores#primaryimage\"},\"thumbnailUrl\":\"https:\/\/servidor-hp.com.co\/netcomp\/wp-content\/uploads\/2018\/05\/hpe-logo-e1597802276155.jpg\",\"datePublished\":\"2022-05-30T08:06:19+00:00\",\"dateModified\":\"2023-03-04T00:18:45+00:00\",\"description\":\"HP Drive Disks HPE 670551-B21,\u00ff671529-B21,\u00ff702284-B21,\u00ff713848-B21,\u00ff716603-B21,\u00ff718316-B21,\u00ff718329-B21,\u00ff720984-B21,\u00ff728715-B21,\u00ff729848-B21,\u00ff730265-B21,\u00ff731027-B21,\u00ff734384-B21,\u00ff734878-B21,\u00ff738033-B21,\u00ff738347-B21,\u00ff739455-B21,\u00ff739457-B21,\u00ff739459-B21,\u00ff739461-B21,\u00ff739463-B21,\u00ff739470-B21,\u00ff741555-B21,\u00ff742391-B21,\u00ff744683-B21,\u00ff745794-B21,\u00ff747714-B21,\u00ff748438-B21,\u00ff748441-B21 - Bogota - Colombia - servidor-hp.com.co\",\"breadcrumb\":{\"@id\":\"http:\/\/SSL%20-%20AKCP%20-%20Sensor%20Status%20Light-Luz%20de%20Estatus%20para%20Sensor%20de%20Temperatura%20para%20Rack%20de%20Servidores#breadcrumb\"},\"inLanguage\":\"es\",\"potentialAction\":[{\"@type\":\"ReadAction\",\"target\":[\"http:\/\/SSL%20-%20AKCP%20-%20Sensor%20Status%20Light-Luz%20de%20Estatus%20para%20Sensor%20de%20Temperatura%20para%20Rack%20de%20Servidores\"]}]},{\"@type\":\"ImageObject\",\"inLanguage\":\"es\",\"@id\":\"http:\/\/SSL%20-%20AKCP%20-%20Sensor%20Status%20Light-Luz%20de%20Estatus%20para%20Sensor%20de%20Temperatura%20para%20Rack%20de%20Servidores#primaryimage\",\"url\":\"https:\/\/servidor-hp.com.co\/netcomp\/wp-content\/uploads\/2018\/05\/hpe-logo-e1597802276155.jpg\",\"contentUrl\":\"https:\/\/servidor-hp.com.co\/netcomp\/wp-content\/uploads\/2018\/05\/hpe-logo-e1597802276155.jpg\",\"width\":350,\"height\":233,\"caption\":\"Servicios - PARA SERVIDOR HP PROLIANT DL380 SFF GEN10 - RACK\"},{\"@type\":\"BreadcrumbList\",\"@id\":\"http:\/\/SSL%20-%20AKCP%20-%20Sensor%20Status%20Light-Luz%20de%20Estatus%20para%20Sensor%20de%20Temperatura%20para%20Rack%20de%20Servidores#breadcrumb\",\"itemListElement\":[{\"@type\":\"ListItem\",\"position\":1,\"name\":\"Portada\",\"item\":\"https:\/\/servidor-hp.com.co\/netcomp\/\"},{\"@type\":\"ListItem\",\"position\":2,\"name\":\"Tienda\",\"item\":\"https:\/\/servidor-hp.com.co\/netcomp\/servidores\/\"},{\"@type\":\"ListItem\",\"position\":3,\"name\":\"HPE HP Drive Disks\"}]},{\"@type\":\"WebSite\",\"@id\":\"https:\/\/servidor-hp.com.co\/netcomp\/#website\",\"url\":\"https:\/\/servidor-hp.com.co\/netcomp\/\",\"name\":\"Servidores HP - Nuevos - Usados - Alquiler\",\"description\":\"Tels: (+57) 316 878 8749\",\"alternateName\":\"Servidores HP DELL LENOVO IBM\",\"potentialAction\":[{\"@type\":\"SearchAction\",\"target\":{\"@type\":\"EntryPoint\",\"urlTemplate\":\"https:\/\/servidor-hp.com.co\/netcomp\/?s={search_term_string}\"},\"query-input\":{\"@type\":\"PropertyValueSpecification\",\"valueRequired\":true,\"valueName\":\"search_term_string\"}}],\"inLanguage\":\"es\"}]}<\/script>\n<!-- \/ Yoast SEO plugin. -->","yoast_head_json":{"title":"Productos archivo - Servidores HP - Nuevos - Usados - Alquiler","description":"HP Drive Disks HPE 670551-B21,\u00ff671529-B21,\u00ff702284-B21,\u00ff713848-B21,\u00ff716603-B21,\u00ff718316-B21,\u00ff718329-B21,\u00ff720984-B21,\u00ff728715-B21,\u00ff729848-B21,\u00ff730265-B21,\u00ff731027-B21,\u00ff734384-B21,\u00ff734878-B21,\u00ff738033-B21,\u00ff738347-B21,\u00ff739455-B21,\u00ff739457-B21,\u00ff739459-B21,\u00ff739461-B21,\u00ff739463-B21,\u00ff739470-B21,\u00ff741555-B21,\u00ff742391-B21,\u00ff744683-B21,\u00ff745794-B21,\u00ff747714-B21,\u00ff748438-B21,\u00ff748441-B21 - Bogota - Colombia - servidor-hp.com.co","robots":{"index":"index","follow":"follow","max-snippet":"max-snippet:-1","max-image-preview":"max-image-preview:large","max-video-preview":"max-video-preview:-1"},"canonical":"http:\/\/SSL - AKCP - Sensor Status Light-Luz de Estatus para Sensor de Temperatura para Rack de Servidores","og_locale":"es_ES","og_type":"article","og_title":"HP Drive Disks HPE 670551-B21,\u00ff671529-B21,\u00ff702284-B21,\u00ff713848-B21,\u00ff716603-B21,\u00ff718316-B21,\u00ff718329-B21,\u00ff720984-B21,\u00ff728715-B21,\u00ff729848-B21,\u00ff730265-B21,\u00ff731027-B21,\u00ff734384-B21,\u00ff734878-B21,\u00ff738033-B21,\u00ff738347-B21,\u00ff739455-B21,\u00ff739457-B21,\u00ff739459-B21,\u00ff739461-B21,\u00ff739463-B21,\u00ff739470-B21,\u00ff741555-B21,\u00ff742391-B21,\u00ff744683-B21,\u00ff745794-B21,\u00ff747714-B21,\u00ff748438-B21,\u00ff748441-B21","og_description":"HP Drive Disks HPE 670551-B21,\u00ff671529-B21,\u00ff702284-B21,\u00ff713848-B21,\u00ff716603-B21,\u00ff718316-B21,\u00ff718329-B21,\u00ff720984-B21,\u00ff728715-B21,\u00ff729848-B21,\u00ff730265-B21,\u00ff731027-B21,\u00ff734384-B21,\u00ff734878-B21,\u00ff738033-B21,\u00ff738347-B21,\u00ff739455-B21,\u00ff739457-B21,\u00ff739459-B21,\u00ff739461-B21,\u00ff739463-B21,\u00ff739470-B21,\u00ff741555-B21,\u00ff742391-B21,\u00ff744683-B21,\u00ff745794-B21,\u00ff747714-B21,\u00ff748438-B21,\u00ff748441-B21 - Bogota - Colombia - servidor-hp.com.co","og_url":"http:\/\/SSL - AKCP - Sensor Status Light-Luz de Estatus para Sensor de Temperatura para Rack de Servidores","og_site_name":"Servidores HP - Nuevos - Usados - Alquiler","article_modified_time":"2023-03-04T00:18:45+00:00","og_image":[{"width":1280,"height":720,"url":"https:\/\/servidor-hp.com.co\/netcomp\/wp-content\/uploads\/2018\/12\/spx-sensores-temperatura-akcp.jpg","type":"image\/jpeg"}],"twitter_card":"summary_large_image","twitter_title":"HP Drive Disks HPE 670551-B21,\u00ff671529-B21,\u00ff702284-B21,\u00ff713848-B21,\u00ff716603-B21,\u00ff718316-B21,\u00ff718329-B21,\u00ff720984-B21,\u00ff728715-B21,\u00ff729848-B21,\u00ff730265-B21,\u00ff731027-B21,\u00ff734384-B21,\u00ff734878-B21,\u00ff738033-B21,\u00ff738347-B21,\u00ff739455-B21,\u00ff739457-B21,\u00ff739459-B21,\u00ff739461-B21,\u00ff739463-B21,\u00ff739470-B21,\u00ff741555-B21,\u00ff742391-B21,\u00ff744683-B21,\u00ff745794-B21,\u00ff747714-B21,\u00ff748438-B21,\u00ff748441-B21","twitter_description":"HP Drive Disks HPE 670551-B21,\u00ff671529-B21,\u00ff702284-B21,\u00ff713848-B21,\u00ff716603-B21,\u00ff718316-B21,\u00ff718329-B21,\u00ff720984-B21,\u00ff728715-B21,\u00ff729848-B21,\u00ff730265-B21,\u00ff731027-B21,\u00ff734384-B21,\u00ff734878-B21,\u00ff738033-B21,\u00ff738347-B21,\u00ff739455-B21,\u00ff739457-B21,\u00ff739459-B21,\u00ff739461-B21,\u00ff739463-B21,\u00ff739470-B21,\u00ff741555-B21,\u00ff742391-B21,\u00ff744683-B21,\u00ff745794-B21,\u00ff747714-B21,\u00ff748438-B21,\u00ff748441-B21 - Bogota - Colombia - servidor-hp.com.co","twitter_image":"https:\/\/servidor-hp.com.co\/netcomp\/wp-content\/uploads\/2018\/05\/hpe-logo-e1597802276155.jpg","twitter_misc":{"Tiempo de lectura":"1 minuto"},"schema":{"@context":"https:\/\/schema.org","@graph":[{"@type":"WebPage","@id":"https:\/\/servidor-hp.com.co\/netcomp\/servidores\/servidores-hp-ibm-cisco\/hpe-hp-drive-disks-2\/","url":"http:\/\/SSL%20-%20AKCP%20-%20Sensor%20Status%20Light-Luz%20de%20Estatus%20para%20Sensor%20de%20Temperatura%20para%20Rack%20de%20Servidores","name":"Productos archivo - Servidores HP - Nuevos - Usados - Alquiler","isPartOf":{"@id":"https:\/\/servidor-hp.com.co\/netcomp\/#website"},"primaryImageOfPage":{"@id":"http:\/\/SSL%20-%20AKCP%20-%20Sensor%20Status%20Light-Luz%20de%20Estatus%20para%20Sensor%20de%20Temperatura%20para%20Rack%20de%20Servidores#primaryimage"},"image":{"@id":"http:\/\/SSL%20-%20AKCP%20-%20Sensor%20Status%20Light-Luz%20de%20Estatus%20para%20Sensor%20de%20Temperatura%20para%20Rack%20de%20Servidores#primaryimage"},"thumbnailUrl":"https:\/\/servidor-hp.com.co\/netcomp\/wp-content\/uploads\/2018\/05\/hpe-logo-e1597802276155.jpg","datePublished":"2022-05-30T08:06:19+00:00","dateModified":"2023-03-04T00:18:45+00:00","description":"HP Drive Disks HPE 670551-B21,\u00ff671529-B21,\u00ff702284-B21,\u00ff713848-B21,\u00ff716603-B21,\u00ff718316-B21,\u00ff718329-B21,\u00ff720984-B21,\u00ff728715-B21,\u00ff729848-B21,\u00ff730265-B21,\u00ff731027-B21,\u00ff734384-B21,\u00ff734878-B21,\u00ff738033-B21,\u00ff738347-B21,\u00ff739455-B21,\u00ff739457-B21,\u00ff739459-B21,\u00ff739461-B21,\u00ff739463-B21,\u00ff739470-B21,\u00ff741555-B21,\u00ff742391-B21,\u00ff744683-B21,\u00ff745794-B21,\u00ff747714-B21,\u00ff748438-B21,\u00ff748441-B21 - Bogota - Colombia - servidor-hp.com.co","breadcrumb":{"@id":"http:\/\/SSL%20-%20AKCP%20-%20Sensor%20Status%20Light-Luz%20de%20Estatus%20para%20Sensor%20de%20Temperatura%20para%20Rack%20de%20Servidores#breadcrumb"},"inLanguage":"es","potentialAction":[{"@type":"ReadAction","target":["http:\/\/SSL%20-%20AKCP%20-%20Sensor%20Status%20Light-Luz%20de%20Estatus%20para%20Sensor%20de%20Temperatura%20para%20Rack%20de%20Servidores"]}]},{"@type":"ImageObject","inLanguage":"es","@id":"http:\/\/SSL%20-%20AKCP%20-%20Sensor%20Status%20Light-Luz%20de%20Estatus%20para%20Sensor%20de%20Temperatura%20para%20Rack%20de%20Servidores#primaryimage","url":"https:\/\/servidor-hp.com.co\/netcomp\/wp-content\/uploads\/2018\/05\/hpe-logo-e1597802276155.jpg","contentUrl":"https:\/\/servidor-hp.com.co\/netcomp\/wp-content\/uploads\/2018\/05\/hpe-logo-e1597802276155.jpg","width":350,"height":233,"caption":"Servicios - PARA SERVIDOR HP PROLIANT DL380 SFF GEN10 - RACK"},{"@type":"BreadcrumbList","@id":"http:\/\/SSL%20-%20AKCP%20-%20Sensor%20Status%20Light-Luz%20de%20Estatus%20para%20Sensor%20de%20Temperatura%20para%20Rack%20de%20Servidores#breadcrumb","itemListElement":[{"@type":"ListItem","position":1,"name":"Portada","item":"https:\/\/servidor-hp.com.co\/netcomp\/"},{"@type":"ListItem","position":2,"name":"Tienda","item":"https:\/\/servidor-hp.com.co\/netcomp\/servidores\/"},{"@type":"ListItem","position":3,"name":"HPE HP Drive Disks"}]},{"@type":"WebSite","@id":"https:\/\/servidor-hp.com.co\/netcomp\/#website","url":"https:\/\/servidor-hp.com.co\/netcomp\/","name":"Servidores HP - Nuevos - Usados - Alquiler","description":"Tels: (+57) 316 878 8749","alternateName":"Servidores HP DELL LENOVO IBM","potentialAction":[{"@type":"SearchAction","target":{"@type":"EntryPoint","urlTemplate":"https:\/\/servidor-hp.com.co\/netcomp\/?s={search_term_string}"},"query-input":{"@type":"PropertyValueSpecification","valueRequired":true,"valueName":"search_term_string"}}],"inLanguage":"es"}]}},"_links":{"self":[{"href":"https:\/\/servidor-hp.com.co\/netcomp\/wp-json\/wp\/v2\/product\/31484","targetHints":{"allow":["GET"]}}],"collection":[{"href":"https:\/\/servidor-hp.com.co\/netcomp\/wp-json\/wp\/v2\/product"}],"about":[{"href":"https:\/\/servidor-hp.com.co\/netcomp\/wp-json\/wp\/v2\/types\/product"}],"replies":[{"embeddable":true,"href":"https:\/\/servidor-hp.com.co\/netcomp\/wp-json\/wp\/v2\/comments?post=31484"}],"wp:featuredmedia":[{"embeddable":true,"href":"https:\/\/servidor-hp.com.co\/netcomp\/wp-json\/wp\/v2\/media\/19713"}],"wp:attachment":[{"href":"https:\/\/servidor-hp.com.co\/netcomp\/wp-json\/wp\/v2\/media?parent=31484"}],"wp:term":[{"taxonomy":"product_brand","embeddable":true,"href":"https:\/\/servidor-hp.com.co\/netcomp\/wp-json\/wp\/v2\/product_brand?post=31484"},{"taxonomy":"product_cat","embeddable":true,"href":"https:\/\/servidor-hp.com.co\/netcomp\/wp-json\/wp\/v2\/product_cat?post=31484"},{"taxonomy":"product_tag","embeddable":true,"href":"https:\/\/servidor-hp.com.co\/netcomp\/wp-json\/wp\/v2\/product_tag?post=31484"}],"curies":[{"name":"wp","href":"https:\/\/api.w.org\/{rel}","templated":true}]}}