{"id":31328,"date":"2022-05-30T03:02:47","date_gmt":"2022-05-30T08:02:47","guid":{"rendered":"https:\/\/servidor-hp.com.co\/netcomp\/servidores\/sin%20categor\u00eda\/hpe-hp-proliant-bl465c-g7-server-blade\/"},"modified":"2023-03-03T19:20:12","modified_gmt":"2023-03-04T00:20:12","slug":"hpe-hp-proliant-bl465c-g7-server-blade","status":"publish","type":"product","link":"https:\/\/servidor-hp.com.co\/netcomp\/servidores\/servidores-hp-ibm-cisco\/hpe-hp-proliant-bl465c-g7-server-blade\/","title":{"rendered":"HPE HP ProLiant BL465c G7 Server Blade"},"content":{"rendered":"<h1 style=\"text-align: center;\"><strong>HPE N\/P: 518851-B21,\u00ff518854-201,\u00ff518854-B21,\u00ff518857-B21,\u00ff518859-B21,\u00ff518862-B21,\u00ff518867-B21,\u00ff596207-B21,\u00ff632982-B21,\u00ff632985-B21,\u00ff644341-S01,\u00ff655085-B21,\u00ff655086-B21,\u00ff655087-B21,\u00ff655088-B21,\u00ff662769-B21,\u00ff663063-S01,\u00ff663064-S01,\u00ffBY263A,\u00ffBY264A,\u00ff611843-001,\u00ff630177-AA1,\u00ffAV331A,\u00ffAZ529A,\u00ffBQ325A,\u00ffBS663A,\u00ffBS664A,\u00ffBT715A,\u00ffBT716A,\u00ffBT857A,<\/strong><\/h1>\n<p>&nbsp;<\/p>\n<h3><span style=\"font-family: tahoma, arial, helvetica, sans-serif; font-size: 14pt;\"><strong>Descripci\u00f3n:<\/strong><\/span><\/h3>\n<ul>\n<li>\n<h3>HP ProLiant BL465c G7 Server Blade<\/h3>\n<\/li>\n<\/ul>\n<p>&nbsp;<\/p>\n<p style=\"text-align: center;\"><span style=\"color: #ff0000;\"><strong><span style=\"font-family: tahoma, arial, helvetica, sans-serif; font-size: 14pt;\">Para Precio y Disponibilidad Por Favor Cont\u00e1ctanos V\u00eda Email o WhatsApp<\/span><\/strong><\/span><\/p>\n<p style=\"text-align: center;\"><span style=\"color: #ff0000;\">___________________________________________________________________________________________________<\/span><\/p>\n<p>&nbsp;<\/p>\n<p>&nbsp;<\/p>\n<h3 style=\"text-align: center;\"><span style=\"font-family: tahoma, arial, helvetica, sans-serif; font-size: 14pt;\"><a title=\"Tienda - Precio y Venta Servidores HP\" href=\"https:\/\/netcomp.co\/es\/132-servidores-hp-lenovo-dell-partes\" target=\"_blank\" rel=\"noopener noreferrer\"><span style=\"font-size: 14pt;\">DISPONEMOS DE UNA<\/span><span style=\"font-size: 14pt;\"> AMPLIA GAMA DE SERVIDORES HP PROLIANT PARA <\/span><\/a><\/span><\/h3>\n<h3 style=\"text-align: center;\"><span style=\"font-family: tahoma, arial, helvetica, sans-serif; font-size: 14pt;\"><a title=\"Tienda - Precio y Venta Servidores HP\" href=\"https:\/\/netcomp.co\/es\/132-servidores-hp-lenovo-dell-partes\" target=\"_blank\" rel=\"noopener noreferrer\">VENTA \/ ARRENDAMIENTO \/ ALQUILER :<\/a><\/span><\/h3>\n<h3 style=\"text-align: center;\"><span style=\"font-size: 14pt;\"><a title=\"Tienda - Precio y Venta Servidores HP\" href=\"https:\/\/netcomp.co\/es\/132-servidores-hp-lenovo-dell-partes\" target=\"_blank\" rel=\"noopener noreferrer\"><span style=\"font-family: tahoma, arial, helvetica, sans-serif;\">ML350 \/ ML150 \/ DL320 \/ DL360 \/ DL380 <\/span><span style=\"font-family: tahoma, arial, helvetica, sans-serif;\">PARA COMPRAR CLICK<\/span><span style=\"font-family: tahoma, arial, helvetica, sans-serif;\"> AQU<\/span><span style=\"font-family: tahoma, arial, helvetica, sans-serif;\">I!<\/span><\/a><\/span><\/h3>\n<h2 style=\"text-align: center;\"><strong><a href=\"https:\/\/api.whatsapp.com\/send?phone=573168788749\" target=\"_blank\" rel=\"noopener noreferrer\"><img loading=\"lazy\" decoding=\"async\" class=\"wp-image-20467 aligncenter\" src=\"http:\/\/cableado-estructurado.com.co\/netcomp\/wp-content\/uploads\/2018\/07\/whatsapp-logo-mensaje.jpg\" alt=\"\" width=\"290\" height=\"220\" \/><\/a><\/strong><\/h2>\n<h2 style=\"text-align: center;\"><img loading=\"lazy\" decoding=\"async\" class=\"wp-image-21775 aligncenter\" src=\"https:\/\/servidor-hp.com.co\/netcomp\/wp-content\/uploads\/2019\/05\/boton-ventas-servidor.png\" alt=\"\" width=\"495\" height=\"153\" \/><\/h2>\n<p style=\"text-align: center;\">\n","protected":false},"excerpt":{"rendered":"<p>HP ProLiant BL465c G7 Server Blade HPE 518851-B21,\u00ff518854-201,\u00ff518854-B21,\u00ff518857-B21,\u00ff518859-B21,\u00ff518862-B21,\u00ff518867-B21,\u00ff596207-B21,\u00ff632982-B21,\u00ff632985-B21,\u00ff644341-S01,\u00ff655085-B21,\u00ff655086-B21,\u00ff655087-B21,\u00ff655088-B21,\u00ff662769-B21,\u00ff663063-S01,\u00ff663064-S01,\u00ffBY263A,\u00ffBY264A,\u00ff611843-001,\u00ff630177-AA1,\u00ffAV331A,\u00ffAZ529A,\u00ffBQ325A,\u00ffBS663A,\u00ffBS664A,\u00ffBT715A,\u00ffBT716A,\u00ffBT857A,<\/p>\n","protected":false},"featured_media":19713,"comment_status":"closed","ping_status":"open","template":"","meta":{"_et_pb_use_builder":"on","_et_pb_old_content":"<h1 style=\"text-align: center;\"><span style=\"font-family: tahoma, arial, helvetica, sans-serif; font-size: 18pt;\"><strong>Fortinet : Power Injector - GPI-130<\/strong><\/span><\/h1>\r\n\u00a0\r\n<h2><span style=\"font-family: tahoma, arial, helvetica, sans-serif; font-size: 14pt;\"><strong>Descrpci\u00f3n:<\/strong><\/span><\/h2>\r\n<h3><span style=\"font-family: tahoma, arial, helvetica, sans-serif; font-size: 12pt;\">1-Port Gigabit PoE Power Injector, 802.3at up to 30W for GPI-130 Gigabit PoE Injector<\/span><\/h3>\r\n\u00a0\r\n\r\n\u00a0\r\n\r\n\u00a0\r\n<h3 style=\"text-align: center;\"><span style=\"font-family: tahoma, arial, helvetica, sans-serif; font-size: 14pt;\"><a title=\"Tienda - Precio y Venta Servidores HP\" href=\"https:\/\/netcomp.co\/es\/132-servidores-hp-lenovo-dell-partes\" target=\"_blank\" rel=\"noopener noreferrer\"><span style=\"font-size: 14pt;\">DISPONEMOS DE UNA<\/span><span style=\"font-size: 14pt;\"> AMPLIA GAMA DE SERVIDORES HP PROLIANT PARA <\/span><\/a><\/span><\/h3>\r\n<h3 style=\"text-align: center;\"><span style=\"font-family: tahoma, arial, helvetica, sans-serif; font-size: 14pt;\"><a title=\"Tienda - Precio y Venta Servidores HP\" href=\"https:\/\/netcomp.co\/es\/132-servidores-hp-lenovo-dell-partes\" target=\"_blank\" rel=\"noopener noreferrer\">VENTA \/ ARRENDAMIENTO \/ ALQUILER :<\/a><\/span><\/h3>\r\n<h3 style=\"text-align: center;\"><span style=\"font-size: 14pt;\"><a title=\"Tienda - Precio y Venta Servidores HP\" href=\"https:\/\/netcomp.co\/es\/132-servidores-hp-lenovo-dell-partes\" target=\"_blank\" rel=\"noopener noreferrer\"><span style=\"font-family: tahoma, arial, helvetica, sans-serif;\">ML350 \/ ML150 \/ DL320 \/ DL360 \/ DL380 <\/span><span style=\"font-family: tahoma, arial, helvetica, sans-serif;\">PARA COMPRAR CLICK<\/span><span style=\"font-family: tahoma, arial, helvetica, sans-serif;\"> AQU<\/span><span style=\"font-family: tahoma, arial, helvetica, sans-serif;\">I!<\/span><\/a><\/span><\/h3>\r\n<h2 style=\"text-align: center;\"><strong><a href=\"https:\/\/api.whatsapp.com\/send?phone=573168788749\" target=\"_blank\" rel=\"noopener noreferrer\"><img class=\"wp-image-20467 aligncenter\" src=\"http:\/\/cableado-estructurado.com.co\/netcomp\/wp-content\/uploads\/2018\/07\/whatsapp-logo-mensaje.jpg\" alt=\"\" width=\"290\" height=\"220\" \/><\/a><\/strong><\/h2>\r\n<h2 style=\"text-align: center;\"><img class=\"wp-image-21775 aligncenter\" src=\"https:\/\/servidor-hp.com.co\/netcomp\/wp-content\/uploads\/2019\/05\/boton-ventas-servidor.png\" alt=\"\" width=\"495\" height=\"153\" \/><\/h2>\r\n<p style=\"text-align: center;\"><\/p>","_et_gb_content_width":""},"product_brand":[],"product_cat":[21006,73],"product_tag":[44908,44909,44910,44911,44912,44913,44914,44915,31659,31660,44916,44917,44918,44919,44920,44921,44922,44923,44924,44925,31661,31662,31663,31664,31665,31666,31667,31668,44926,44927],"class_list":{"0":"post-31328","1":"product","2":"type-product","3":"status-publish","4":"has-post-thumbnail","6":"product_cat-accesorios-2","7":"product_cat-servidores-hp-ibm-cisco","8":"product_tag-hp-proliant-bl465c-g7-server-blade-hpe-518851-b21","9":"product_tag-y518854-201","10":"product_tag-y518854-b21","11":"product_tag-y518857-b21","12":"product_tag-y518859-b21","13":"product_tag-y518862-b21","14":"product_tag-y518867-b21","15":"product_tag-y596207-b21","16":"product_tag-y611843-001","17":"product_tag-y630177-aa1","18":"product_tag-y632982-b21","19":"product_tag-y632985-b21","20":"product_tag-y644341-s01","21":"product_tag-y655085-b21","22":"product_tag-y655086-b21","23":"product_tag-y655087-b21","24":"product_tag-y655088-b21","25":"product_tag-y662769-b21","26":"product_tag-y663063-s01","27":"product_tag-y663064-s01","28":"product_tag-yav331a","29":"product_tag-yaz529a","30":"product_tag-ybq325a","31":"product_tag-ybs663a","32":"product_tag-ybs664a","33":"product_tag-ybt715a","34":"product_tag-ybt716a","35":"product_tag-ybt857a","36":"product_tag-yby263a","37":"product_tag-yby264a","39":"first","40":"instock","41":"product-type-simple"},"yoast_head":"<!-- This site is optimized with the Yoast SEO plugin v27.2 - https:\/\/yoast.com\/product\/yoast-seo-wordpress\/ -->\n<title>Productos archivo - Servidores HP - Nuevos - Usados - Alquiler<\/title>\n<meta name=\"description\" content=\"HP ProLiant BL465c G7 Server Blade HPE 518851-B21,\u00ff518854-201,\u00ff518854-B21,\u00ff518857-B21,\u00ff518859-B21,\u00ff518862-B21,\u00ff518867-B21,\u00ff596207-B21,\u00ff632982-B21,\u00ff632985-B21,\u00ff644341-S01,\u00ff655085-B21,\u00ff655086-B21,\u00ff655087-B21,\u00ff655088-B21,\u00ff662769-B21,\u00ff663063-S01,\u00ff663064-S01,\u00ffBY263A,\u00ffBY264A,\u00ff611843-001,\u00ff630177-AA1,\u00ffAV331A,\u00ffAZ529A,\u00ffBQ325A,\u00ffBS663A,\u00ffBS664A,\u00ffBT715A,\u00ffBT716A,\u00ffBT857A, - Bogota - Colombia - servidor-hp.com.co\" \/>\n<meta name=\"robots\" content=\"index, follow, max-snippet:-1, max-image-preview:large, max-video-preview:-1\" \/>\n<link rel=\"canonical\" href=\"http:\/\/SSL%20-%20AKCP%20-%20Sensor%20Status%20Light-Luz%20de%20Estatus%20para%20Sensor%20de%20Temperatura%20para%20Rack%20de%20Servidores\" \/>\n<meta property=\"og:locale\" content=\"es_ES\" \/>\n<meta property=\"og:type\" content=\"article\" \/>\n<meta property=\"og:title\" content=\"HP ProLiant BL465c G7 Server Blade HPE 518851-B21,\u00ff518854-201,\u00ff518854-B21,\u00ff518857-B21,\u00ff518859-B21,\u00ff518862-B21,\u00ff518867-B21,\u00ff596207-B21,\u00ff632982-B21,\u00ff632985-B21,\u00ff644341-S01,\u00ff655085-B21,\u00ff655086-B21,\u00ff655087-B21,\u00ff655088-B21,\u00ff662769-B21,\u00ff663063-S01,\u00ff663064-S01,\u00ffBY263A,\u00ffBY264A,\u00ff611843-001,\u00ff630177-AA1,\u00ffAV331A,\u00ffAZ529A,\u00ffBQ325A,\u00ffBS663A,\u00ffBS664A,\u00ffBT715A,\u00ffBT716A,\u00ffBT857A,\" \/>\n<meta property=\"og:description\" content=\"HP ProLiant BL465c G7 Server Blade HPE 518851-B21,\u00ff518854-201,\u00ff518854-B21,\u00ff518857-B21,\u00ff518859-B21,\u00ff518862-B21,\u00ff518867-B21,\u00ff596207-B21,\u00ff632982-B21,\u00ff632985-B21,\u00ff644341-S01,\u00ff655085-B21,\u00ff655086-B21,\u00ff655087-B21,\u00ff655088-B21,\u00ff662769-B21,\u00ff663063-S01,\u00ff663064-S01,\u00ffBY263A,\u00ffBY264A,\u00ff611843-001,\u00ff630177-AA1,\u00ffAV331A,\u00ffAZ529A,\u00ffBQ325A,\u00ffBS663A,\u00ffBS664A,\u00ffBT715A,\u00ffBT716A,\u00ffBT857A, - Bogota - Colombia - servidor-hp.com.co\" \/>\n<meta property=\"og:url\" content=\"http:\/\/SSL - AKCP - Sensor Status Light-Luz de Estatus para Sensor de Temperatura para Rack de Servidores\" \/>\n<meta property=\"og:site_name\" content=\"Servidores HP - Nuevos - Usados - Alquiler\" \/>\n<meta property=\"article:modified_time\" content=\"2023-03-04T00:20:12+00:00\" \/>\n<meta property=\"og:image\" content=\"https:\/\/servidor-hp.com.co\/netcomp\/wp-content\/uploads\/2018\/12\/spx-sensores-temperatura-akcp.jpg\" \/>\n\t<meta property=\"og:image:width\" content=\"1280\" \/>\n\t<meta property=\"og:image:height\" content=\"720\" \/>\n\t<meta property=\"og:image:type\" content=\"image\/jpeg\" \/>\n<meta name=\"twitter:card\" content=\"summary_large_image\" \/>\n<meta name=\"twitter:title\" content=\"HP ProLiant BL465c G7 Server Blade HPE 518851-B21,\u00ff518854-201,\u00ff518854-B21,\u00ff518857-B21,\u00ff518859-B21,\u00ff518862-B21,\u00ff518867-B21,\u00ff596207-B21,\u00ff632982-B21,\u00ff632985-B21,\u00ff644341-S01,\u00ff655085-B21,\u00ff655086-B21,\u00ff655087-B21,\u00ff655088-B21,\u00ff662769-B21,\u00ff663063-S01,\u00ff663064-S01,\u00ffBY263A,\u00ffBY264A,\u00ff611843-001,\u00ff630177-AA1,\u00ffAV331A,\u00ffAZ529A,\u00ffBQ325A,\u00ffBS663A,\u00ffBS664A,\u00ffBT715A,\u00ffBT716A,\u00ffBT857A,\" \/>\n<meta name=\"twitter:description\" content=\"HP ProLiant BL465c G7 Server Blade HPE 518851-B21,\u00ff518854-201,\u00ff518854-B21,\u00ff518857-B21,\u00ff518859-B21,\u00ff518862-B21,\u00ff518867-B21,\u00ff596207-B21,\u00ff632982-B21,\u00ff632985-B21,\u00ff644341-S01,\u00ff655085-B21,\u00ff655086-B21,\u00ff655087-B21,\u00ff655088-B21,\u00ff662769-B21,\u00ff663063-S01,\u00ff663064-S01,\u00ffBY263A,\u00ffBY264A,\u00ff611843-001,\u00ff630177-AA1,\u00ffAV331A,\u00ffAZ529A,\u00ffBQ325A,\u00ffBS663A,\u00ffBS664A,\u00ffBT715A,\u00ffBT716A,\u00ffBT857A, - Bogota - Colombia - servidor-hp.com.co\" \/>\n<meta name=\"twitter:image\" content=\"https:\/\/servidor-hp.com.co\/netcomp\/wp-content\/uploads\/2018\/05\/hpe-logo-e1597802276155.jpg\" \/>\n<meta name=\"twitter:label1\" content=\"Tiempo de lectura\" \/>\n\t<meta name=\"twitter:data1\" content=\"1 minuto\" \/>\n<script type=\"application\/ld+json\" class=\"yoast-schema-graph\">{\"@context\":\"https:\/\/schema.org\",\"@graph\":[{\"@type\":\"WebPage\",\"@id\":\"https:\/\/servidor-hp.com.co\/netcomp\/servidores\/servidores-hp-ibm-cisco\/hpe-hp-proliant-bl465c-g7-server-blade\/\",\"url\":\"http:\/\/SSL%20-%20AKCP%20-%20Sensor%20Status%20Light-Luz%20de%20Estatus%20para%20Sensor%20de%20Temperatura%20para%20Rack%20de%20Servidores\",\"name\":\"Productos archivo - Servidores HP - Nuevos - Usados - Alquiler\",\"isPartOf\":{\"@id\":\"https:\/\/servidor-hp.com.co\/netcomp\/#website\"},\"primaryImageOfPage\":{\"@id\":\"http:\/\/SSL%20-%20AKCP%20-%20Sensor%20Status%20Light-Luz%20de%20Estatus%20para%20Sensor%20de%20Temperatura%20para%20Rack%20de%20Servidores#primaryimage\"},\"image\":{\"@id\":\"http:\/\/SSL%20-%20AKCP%20-%20Sensor%20Status%20Light-Luz%20de%20Estatus%20para%20Sensor%20de%20Temperatura%20para%20Rack%20de%20Servidores#primaryimage\"},\"thumbnailUrl\":\"https:\/\/servidor-hp.com.co\/netcomp\/wp-content\/uploads\/2018\/05\/hpe-logo-e1597802276155.jpg\",\"datePublished\":\"2022-05-30T08:02:47+00:00\",\"dateModified\":\"2023-03-04T00:20:12+00:00\",\"description\":\"HP ProLiant BL465c G7 Server Blade HPE 518851-B21,\u00ff518854-201,\u00ff518854-B21,\u00ff518857-B21,\u00ff518859-B21,\u00ff518862-B21,\u00ff518867-B21,\u00ff596207-B21,\u00ff632982-B21,\u00ff632985-B21,\u00ff644341-S01,\u00ff655085-B21,\u00ff655086-B21,\u00ff655087-B21,\u00ff655088-B21,\u00ff662769-B21,\u00ff663063-S01,\u00ff663064-S01,\u00ffBY263A,\u00ffBY264A,\u00ff611843-001,\u00ff630177-AA1,\u00ffAV331A,\u00ffAZ529A,\u00ffBQ325A,\u00ffBS663A,\u00ffBS664A,\u00ffBT715A,\u00ffBT716A,\u00ffBT857A, - Bogota - Colombia - servidor-hp.com.co\",\"breadcrumb\":{\"@id\":\"http:\/\/SSL%20-%20AKCP%20-%20Sensor%20Status%20Light-Luz%20de%20Estatus%20para%20Sensor%20de%20Temperatura%20para%20Rack%20de%20Servidores#breadcrumb\"},\"inLanguage\":\"es\",\"potentialAction\":[{\"@type\":\"ReadAction\",\"target\":[\"http:\/\/SSL%20-%20AKCP%20-%20Sensor%20Status%20Light-Luz%20de%20Estatus%20para%20Sensor%20de%20Temperatura%20para%20Rack%20de%20Servidores\"]}]},{\"@type\":\"ImageObject\",\"inLanguage\":\"es\",\"@id\":\"http:\/\/SSL%20-%20AKCP%20-%20Sensor%20Status%20Light-Luz%20de%20Estatus%20para%20Sensor%20de%20Temperatura%20para%20Rack%20de%20Servidores#primaryimage\",\"url\":\"https:\/\/servidor-hp.com.co\/netcomp\/wp-content\/uploads\/2018\/05\/hpe-logo-e1597802276155.jpg\",\"contentUrl\":\"https:\/\/servidor-hp.com.co\/netcomp\/wp-content\/uploads\/2018\/05\/hpe-logo-e1597802276155.jpg\",\"width\":350,\"height\":233,\"caption\":\"Servicios - PARA SERVIDOR HP PROLIANT DL380 SFF GEN10 - RACK\"},{\"@type\":\"BreadcrumbList\",\"@id\":\"http:\/\/SSL%20-%20AKCP%20-%20Sensor%20Status%20Light-Luz%20de%20Estatus%20para%20Sensor%20de%20Temperatura%20para%20Rack%20de%20Servidores#breadcrumb\",\"itemListElement\":[{\"@type\":\"ListItem\",\"position\":1,\"name\":\"Portada\",\"item\":\"https:\/\/servidor-hp.com.co\/netcomp\/\"},{\"@type\":\"ListItem\",\"position\":2,\"name\":\"Tienda\",\"item\":\"https:\/\/servidor-hp.com.co\/netcomp\/servidores\/\"},{\"@type\":\"ListItem\",\"position\":3,\"name\":\"HPE HP ProLiant BL465c G7 Server Blade\"}]},{\"@type\":\"WebSite\",\"@id\":\"https:\/\/servidor-hp.com.co\/netcomp\/#website\",\"url\":\"https:\/\/servidor-hp.com.co\/netcomp\/\",\"name\":\"Servidores HP - Nuevos - Usados - Alquiler\",\"description\":\"Tels: (+57) 316 878 8749\",\"alternateName\":\"Servidores HP DELL LENOVO IBM\",\"potentialAction\":[{\"@type\":\"SearchAction\",\"target\":{\"@type\":\"EntryPoint\",\"urlTemplate\":\"https:\/\/servidor-hp.com.co\/netcomp\/?s={search_term_string}\"},\"query-input\":{\"@type\":\"PropertyValueSpecification\",\"valueRequired\":true,\"valueName\":\"search_term_string\"}}],\"inLanguage\":\"es\"}]}<\/script>\n<!-- \/ Yoast SEO plugin. -->","yoast_head_json":{"title":"Productos archivo - Servidores HP - Nuevos - Usados - Alquiler","description":"HP ProLiant BL465c G7 Server Blade HPE 518851-B21,\u00ff518854-201,\u00ff518854-B21,\u00ff518857-B21,\u00ff518859-B21,\u00ff518862-B21,\u00ff518867-B21,\u00ff596207-B21,\u00ff632982-B21,\u00ff632985-B21,\u00ff644341-S01,\u00ff655085-B21,\u00ff655086-B21,\u00ff655087-B21,\u00ff655088-B21,\u00ff662769-B21,\u00ff663063-S01,\u00ff663064-S01,\u00ffBY263A,\u00ffBY264A,\u00ff611843-001,\u00ff630177-AA1,\u00ffAV331A,\u00ffAZ529A,\u00ffBQ325A,\u00ffBS663A,\u00ffBS664A,\u00ffBT715A,\u00ffBT716A,\u00ffBT857A, - Bogota - Colombia - servidor-hp.com.co","robots":{"index":"index","follow":"follow","max-snippet":"max-snippet:-1","max-image-preview":"max-image-preview:large","max-video-preview":"max-video-preview:-1"},"canonical":"http:\/\/SSL - AKCP - Sensor Status Light-Luz de Estatus para Sensor de Temperatura para Rack de Servidores","og_locale":"es_ES","og_type":"article","og_title":"HP ProLiant BL465c G7 Server Blade HPE 518851-B21,\u00ff518854-201,\u00ff518854-B21,\u00ff518857-B21,\u00ff518859-B21,\u00ff518862-B21,\u00ff518867-B21,\u00ff596207-B21,\u00ff632982-B21,\u00ff632985-B21,\u00ff644341-S01,\u00ff655085-B21,\u00ff655086-B21,\u00ff655087-B21,\u00ff655088-B21,\u00ff662769-B21,\u00ff663063-S01,\u00ff663064-S01,\u00ffBY263A,\u00ffBY264A,\u00ff611843-001,\u00ff630177-AA1,\u00ffAV331A,\u00ffAZ529A,\u00ffBQ325A,\u00ffBS663A,\u00ffBS664A,\u00ffBT715A,\u00ffBT716A,\u00ffBT857A,","og_description":"HP ProLiant BL465c G7 Server Blade HPE 518851-B21,\u00ff518854-201,\u00ff518854-B21,\u00ff518857-B21,\u00ff518859-B21,\u00ff518862-B21,\u00ff518867-B21,\u00ff596207-B21,\u00ff632982-B21,\u00ff632985-B21,\u00ff644341-S01,\u00ff655085-B21,\u00ff655086-B21,\u00ff655087-B21,\u00ff655088-B21,\u00ff662769-B21,\u00ff663063-S01,\u00ff663064-S01,\u00ffBY263A,\u00ffBY264A,\u00ff611843-001,\u00ff630177-AA1,\u00ffAV331A,\u00ffAZ529A,\u00ffBQ325A,\u00ffBS663A,\u00ffBS664A,\u00ffBT715A,\u00ffBT716A,\u00ffBT857A, - Bogota - Colombia - servidor-hp.com.co","og_url":"http:\/\/SSL - AKCP - Sensor Status Light-Luz de Estatus para Sensor de Temperatura para Rack de Servidores","og_site_name":"Servidores HP - Nuevos - Usados - Alquiler","article_modified_time":"2023-03-04T00:20:12+00:00","og_image":[{"width":1280,"height":720,"url":"https:\/\/servidor-hp.com.co\/netcomp\/wp-content\/uploads\/2018\/12\/spx-sensores-temperatura-akcp.jpg","type":"image\/jpeg"}],"twitter_card":"summary_large_image","twitter_title":"HP ProLiant BL465c G7 Server Blade HPE 518851-B21,\u00ff518854-201,\u00ff518854-B21,\u00ff518857-B21,\u00ff518859-B21,\u00ff518862-B21,\u00ff518867-B21,\u00ff596207-B21,\u00ff632982-B21,\u00ff632985-B21,\u00ff644341-S01,\u00ff655085-B21,\u00ff655086-B21,\u00ff655087-B21,\u00ff655088-B21,\u00ff662769-B21,\u00ff663063-S01,\u00ff663064-S01,\u00ffBY263A,\u00ffBY264A,\u00ff611843-001,\u00ff630177-AA1,\u00ffAV331A,\u00ffAZ529A,\u00ffBQ325A,\u00ffBS663A,\u00ffBS664A,\u00ffBT715A,\u00ffBT716A,\u00ffBT857A,","twitter_description":"HP ProLiant BL465c G7 Server Blade HPE 518851-B21,\u00ff518854-201,\u00ff518854-B21,\u00ff518857-B21,\u00ff518859-B21,\u00ff518862-B21,\u00ff518867-B21,\u00ff596207-B21,\u00ff632982-B21,\u00ff632985-B21,\u00ff644341-S01,\u00ff655085-B21,\u00ff655086-B21,\u00ff655087-B21,\u00ff655088-B21,\u00ff662769-B21,\u00ff663063-S01,\u00ff663064-S01,\u00ffBY263A,\u00ffBY264A,\u00ff611843-001,\u00ff630177-AA1,\u00ffAV331A,\u00ffAZ529A,\u00ffBQ325A,\u00ffBS663A,\u00ffBS664A,\u00ffBT715A,\u00ffBT716A,\u00ffBT857A, - Bogota - Colombia - servidor-hp.com.co","twitter_image":"https:\/\/servidor-hp.com.co\/netcomp\/wp-content\/uploads\/2018\/05\/hpe-logo-e1597802276155.jpg","twitter_misc":{"Tiempo de lectura":"1 minuto"},"schema":{"@context":"https:\/\/schema.org","@graph":[{"@type":"WebPage","@id":"https:\/\/servidor-hp.com.co\/netcomp\/servidores\/servidores-hp-ibm-cisco\/hpe-hp-proliant-bl465c-g7-server-blade\/","url":"http:\/\/SSL%20-%20AKCP%20-%20Sensor%20Status%20Light-Luz%20de%20Estatus%20para%20Sensor%20de%20Temperatura%20para%20Rack%20de%20Servidores","name":"Productos archivo - Servidores HP - Nuevos - Usados - Alquiler","isPartOf":{"@id":"https:\/\/servidor-hp.com.co\/netcomp\/#website"},"primaryImageOfPage":{"@id":"http:\/\/SSL%20-%20AKCP%20-%20Sensor%20Status%20Light-Luz%20de%20Estatus%20para%20Sensor%20de%20Temperatura%20para%20Rack%20de%20Servidores#primaryimage"},"image":{"@id":"http:\/\/SSL%20-%20AKCP%20-%20Sensor%20Status%20Light-Luz%20de%20Estatus%20para%20Sensor%20de%20Temperatura%20para%20Rack%20de%20Servidores#primaryimage"},"thumbnailUrl":"https:\/\/servidor-hp.com.co\/netcomp\/wp-content\/uploads\/2018\/05\/hpe-logo-e1597802276155.jpg","datePublished":"2022-05-30T08:02:47+00:00","dateModified":"2023-03-04T00:20:12+00:00","description":"HP ProLiant BL465c G7 Server Blade HPE 518851-B21,\u00ff518854-201,\u00ff518854-B21,\u00ff518857-B21,\u00ff518859-B21,\u00ff518862-B21,\u00ff518867-B21,\u00ff596207-B21,\u00ff632982-B21,\u00ff632985-B21,\u00ff644341-S01,\u00ff655085-B21,\u00ff655086-B21,\u00ff655087-B21,\u00ff655088-B21,\u00ff662769-B21,\u00ff663063-S01,\u00ff663064-S01,\u00ffBY263A,\u00ffBY264A,\u00ff611843-001,\u00ff630177-AA1,\u00ffAV331A,\u00ffAZ529A,\u00ffBQ325A,\u00ffBS663A,\u00ffBS664A,\u00ffBT715A,\u00ffBT716A,\u00ffBT857A, - Bogota - Colombia - servidor-hp.com.co","breadcrumb":{"@id":"http:\/\/SSL%20-%20AKCP%20-%20Sensor%20Status%20Light-Luz%20de%20Estatus%20para%20Sensor%20de%20Temperatura%20para%20Rack%20de%20Servidores#breadcrumb"},"inLanguage":"es","potentialAction":[{"@type":"ReadAction","target":["http:\/\/SSL%20-%20AKCP%20-%20Sensor%20Status%20Light-Luz%20de%20Estatus%20para%20Sensor%20de%20Temperatura%20para%20Rack%20de%20Servidores"]}]},{"@type":"ImageObject","inLanguage":"es","@id":"http:\/\/SSL%20-%20AKCP%20-%20Sensor%20Status%20Light-Luz%20de%20Estatus%20para%20Sensor%20de%20Temperatura%20para%20Rack%20de%20Servidores#primaryimage","url":"https:\/\/servidor-hp.com.co\/netcomp\/wp-content\/uploads\/2018\/05\/hpe-logo-e1597802276155.jpg","contentUrl":"https:\/\/servidor-hp.com.co\/netcomp\/wp-content\/uploads\/2018\/05\/hpe-logo-e1597802276155.jpg","width":350,"height":233,"caption":"Servicios - PARA SERVIDOR HP PROLIANT DL380 SFF GEN10 - RACK"},{"@type":"BreadcrumbList","@id":"http:\/\/SSL%20-%20AKCP%20-%20Sensor%20Status%20Light-Luz%20de%20Estatus%20para%20Sensor%20de%20Temperatura%20para%20Rack%20de%20Servidores#breadcrumb","itemListElement":[{"@type":"ListItem","position":1,"name":"Portada","item":"https:\/\/servidor-hp.com.co\/netcomp\/"},{"@type":"ListItem","position":2,"name":"Tienda","item":"https:\/\/servidor-hp.com.co\/netcomp\/servidores\/"},{"@type":"ListItem","position":3,"name":"HPE HP ProLiant BL465c G7 Server Blade"}]},{"@type":"WebSite","@id":"https:\/\/servidor-hp.com.co\/netcomp\/#website","url":"https:\/\/servidor-hp.com.co\/netcomp\/","name":"Servidores HP - Nuevos - Usados - Alquiler","description":"Tels: (+57) 316 878 8749","alternateName":"Servidores HP DELL LENOVO IBM","potentialAction":[{"@type":"SearchAction","target":{"@type":"EntryPoint","urlTemplate":"https:\/\/servidor-hp.com.co\/netcomp\/?s={search_term_string}"},"query-input":{"@type":"PropertyValueSpecification","valueRequired":true,"valueName":"search_term_string"}}],"inLanguage":"es"}]}},"_links":{"self":[{"href":"https:\/\/servidor-hp.com.co\/netcomp\/wp-json\/wp\/v2\/product\/31328","targetHints":{"allow":["GET"]}}],"collection":[{"href":"https:\/\/servidor-hp.com.co\/netcomp\/wp-json\/wp\/v2\/product"}],"about":[{"href":"https:\/\/servidor-hp.com.co\/netcomp\/wp-json\/wp\/v2\/types\/product"}],"replies":[{"embeddable":true,"href":"https:\/\/servidor-hp.com.co\/netcomp\/wp-json\/wp\/v2\/comments?post=31328"}],"wp:featuredmedia":[{"embeddable":true,"href":"https:\/\/servidor-hp.com.co\/netcomp\/wp-json\/wp\/v2\/media\/19713"}],"wp:attachment":[{"href":"https:\/\/servidor-hp.com.co\/netcomp\/wp-json\/wp\/v2\/media?parent=31328"}],"wp:term":[{"taxonomy":"product_brand","embeddable":true,"href":"https:\/\/servidor-hp.com.co\/netcomp\/wp-json\/wp\/v2\/product_brand?post=31328"},{"taxonomy":"product_cat","embeddable":true,"href":"https:\/\/servidor-hp.com.co\/netcomp\/wp-json\/wp\/v2\/product_cat?post=31328"},{"taxonomy":"product_tag","embeddable":true,"href":"https:\/\/servidor-hp.com.co\/netcomp\/wp-json\/wp\/v2\/product_tag?post=31328"}],"curies":[{"name":"wp","href":"https:\/\/api.w.org\/{rel}","templated":true}]}}