{"id":31026,"date":"2022-05-30T02:56:42","date_gmt":"2022-05-30T07:56:42","guid":{"rendered":"https:\/\/servidor-hp.com.co\/netcomp\/servidores\/sin%20categor\u00eda\/hpe-hp-storageworks-xp24000-2\/"},"modified":"2023-03-03T19:27:26","modified_gmt":"2023-03-04T00:27:26","slug":"hpe-hp-storageworks-xp24000-2","status":"publish","type":"product","link":"https:\/\/servidor-hp.com.co\/netcomp\/servidores\/servidores-hp-ibm-cisco\/hpe-hp-storageworks-xp24000-2\/","title":{"rendered":"HPE HP StorageWorks XP24000"},"content":{"rendered":"<h1 style=\"text-align: center;\"><strong>HPE N\/P: AE182AU,\u00ffAE182AUR,\u00ffAE183A,\u00ffAE183AK,\u00ffAE183AKR,\u00ffAE183AR,\u00ffAE183AS,\u00ffAE183ASR,\u00ffAE183AU,\u00ffAE183AUR,\u00ffAE184A,\u00ffAE184AK,\u00ffAE184AKR,\u00ffAE184AR,\u00ffAE184AS,\u00ffAE184ASR,\u00ffAE184AU,\u00ffAE184AUR,\u00ffAE185A,\u00ffAE185AK,\u00ffAE185AKR,\u00ffAE185AR,\u00ffAE185AS,\u00ffAE185ASR,\u00ffAE185AU,\u00ffAE185AUR,\u00ffAE187A,\u00ffAE187AR,\u00ffAE188A,\u00ffAE188AR<\/strong><\/h1>\n<p>&nbsp;<\/p>\n<h3><span style=\"font-family: tahoma, arial, helvetica, sans-serif; font-size: 14pt;\"><strong>Descripci\u00f3n:<\/strong><\/span><\/h3>\n<ul>\n<li>\n<h3>HP StorageWorks XP24000<\/h3>\n<\/li>\n<\/ul>\n<p>&nbsp;<\/p>\n<p style=\"text-align: center;\"><span style=\"color: #ff0000;\"><strong><span style=\"font-family: tahoma, arial, helvetica, sans-serif; font-size: 14pt;\">Para Precio y Disponibilidad Por Favor Cont\u00e1ctanos V\u00eda Email o WhatsApp<\/span><\/strong><\/span><\/p>\n<p style=\"text-align: center;\"><span style=\"color: #ff0000;\">___________________________________________________________________________________________________<\/span><\/p>\n<p>&nbsp;<\/p>\n<p>&nbsp;<\/p>\n<h3 style=\"text-align: center;\"><span style=\"font-family: tahoma, arial, helvetica, sans-serif; font-size: 14pt;\"><a title=\"Tienda - Precio y Venta Servidores HP\" href=\"https:\/\/netcomp.co\/es\/132-servidores-hp-lenovo-dell-partes\" target=\"_blank\" rel=\"noopener noreferrer\"><span style=\"font-size: 14pt;\">DISPONEMOS DE UNA<\/span><span style=\"font-size: 14pt;\"> AMPLIA GAMA DE SERVIDORES HP PROLIANT PARA <\/span><\/a><\/span><\/h3>\n<h3 style=\"text-align: center;\"><span style=\"font-family: tahoma, arial, helvetica, sans-serif; font-size: 14pt;\"><a title=\"Tienda - Precio y Venta Servidores HP\" href=\"https:\/\/netcomp.co\/es\/132-servidores-hp-lenovo-dell-partes\" target=\"_blank\" rel=\"noopener noreferrer\">VENTA \/ ARRENDAMIENTO \/ ALQUILER :<\/a><\/span><\/h3>\n<h3 style=\"text-align: center;\"><span style=\"font-size: 14pt;\"><a title=\"Tienda - Precio y Venta Servidores HP\" href=\"https:\/\/netcomp.co\/es\/132-servidores-hp-lenovo-dell-partes\" target=\"_blank\" rel=\"noopener noreferrer\"><span style=\"font-family: tahoma, arial, helvetica, sans-serif;\">ML350 \/ ML150 \/ DL320 \/ DL360 \/ DL380 <\/span><span style=\"font-family: tahoma, arial, helvetica, sans-serif;\">PARA COMPRAR CLICK<\/span><span style=\"font-family: tahoma, arial, helvetica, sans-serif;\"> AQU<\/span><span style=\"font-family: tahoma, arial, helvetica, sans-serif;\">I!<\/span><\/a><\/span><\/h3>\n<h2 style=\"text-align: center;\"><strong><a href=\"https:\/\/api.whatsapp.com\/send?phone=573168788749\" target=\"_blank\" rel=\"noopener noreferrer\"><img loading=\"lazy\" decoding=\"async\" class=\"wp-image-20467 aligncenter\" src=\"http:\/\/cableado-estructurado.com.co\/netcomp\/wp-content\/uploads\/2018\/07\/whatsapp-logo-mensaje.jpg\" alt=\"\" width=\"290\" height=\"220\" \/><\/a><\/strong><\/h2>\n<h2 style=\"text-align: center;\"><img loading=\"lazy\" decoding=\"async\" class=\"wp-image-21775 aligncenter\" src=\"https:\/\/servidor-hp.com.co\/netcomp\/wp-content\/uploads\/2019\/05\/boton-ventas-servidor.png\" alt=\"\" width=\"495\" height=\"153\" \/><\/h2>\n<p style=\"text-align: center;\">\n","protected":false},"excerpt":{"rendered":"<p>HP StorageWorks XP24000 HPE AE182AU,\u00ffAE182AUR,\u00ffAE183A,\u00ffAE183AK,\u00ffAE183AKR,\u00ffAE183AR,\u00ffAE183AS,\u00ffAE183ASR,\u00ffAE183AU,\u00ffAE183AUR,\u00ffAE184A,\u00ffAE184AK,\u00ffAE184AKR,\u00ffAE184AR,\u00ffAE184AS,\u00ffAE184ASR,\u00ffAE184AU,\u00ffAE184AUR,\u00ffAE185A,\u00ffAE185AK,\u00ffAE185AKR,\u00ffAE185AR,\u00ffAE185AS,\u00ffAE185ASR,\u00ffAE185AU,\u00ffAE185AUR,\u00ffAE187A,\u00ffAE187AR,\u00ffAE188A,\u00ffAE188AR<\/p>\n","protected":false},"featured_media":19713,"comment_status":"closed","ping_status":"open","template":"","meta":{"_et_pb_use_builder":"on","_et_pb_old_content":"<h1 style=\"text-align: center;\"><span style=\"font-family: tahoma, arial, helvetica, sans-serif; font-size: 18pt;\"><strong>Fortinet : Power Injector - GPI-130<\/strong><\/span><\/h1>\r\n\u00a0\r\n<h2><span style=\"font-family: tahoma, arial, helvetica, sans-serif; font-size: 14pt;\"><strong>Descrpci\u00f3n:<\/strong><\/span><\/h2>\r\n<h3><span style=\"font-family: tahoma, arial, helvetica, sans-serif; font-size: 12pt;\">1-Port Gigabit PoE Power Injector, 802.3at up to 30W for GPI-130 Gigabit PoE Injector<\/span><\/h3>\r\n\u00a0\r\n\r\n\u00a0\r\n\r\n\u00a0\r\n<h3 style=\"text-align: center;\"><span style=\"font-family: tahoma, arial, helvetica, sans-serif; font-size: 14pt;\"><a title=\"Tienda - Precio y Venta Servidores HP\" href=\"https:\/\/netcomp.co\/es\/132-servidores-hp-lenovo-dell-partes\" target=\"_blank\" rel=\"noopener noreferrer\"><span style=\"font-size: 14pt;\">DISPONEMOS DE UNA<\/span><span style=\"font-size: 14pt;\"> AMPLIA GAMA DE SERVIDORES HP PROLIANT PARA <\/span><\/a><\/span><\/h3>\r\n<h3 style=\"text-align: center;\"><span style=\"font-family: tahoma, arial, helvetica, sans-serif; font-size: 14pt;\"><a title=\"Tienda - Precio y Venta Servidores HP\" href=\"https:\/\/netcomp.co\/es\/132-servidores-hp-lenovo-dell-partes\" target=\"_blank\" rel=\"noopener noreferrer\">VENTA \/ ARRENDAMIENTO \/ ALQUILER :<\/a><\/span><\/h3>\r\n<h3 style=\"text-align: center;\"><span style=\"font-size: 14pt;\"><a title=\"Tienda - Precio y Venta Servidores HP\" href=\"https:\/\/netcomp.co\/es\/132-servidores-hp-lenovo-dell-partes\" target=\"_blank\" rel=\"noopener noreferrer\"><span style=\"font-family: tahoma, arial, helvetica, sans-serif;\">ML350 \/ ML150 \/ DL320 \/ DL360 \/ DL380 <\/span><span style=\"font-family: tahoma, arial, helvetica, sans-serif;\">PARA COMPRAR CLICK<\/span><span style=\"font-family: tahoma, arial, helvetica, sans-serif;\"> AQU<\/span><span style=\"font-family: tahoma, arial, helvetica, sans-serif;\">I!<\/span><\/a><\/span><\/h3>\r\n<h2 style=\"text-align: center;\"><strong><a href=\"https:\/\/api.whatsapp.com\/send?phone=573168788749\" target=\"_blank\" rel=\"noopener noreferrer\"><img class=\"wp-image-20467 aligncenter\" src=\"http:\/\/cableado-estructurado.com.co\/netcomp\/wp-content\/uploads\/2018\/07\/whatsapp-logo-mensaje.jpg\" alt=\"\" width=\"290\" height=\"220\" \/><\/a><\/strong><\/h2>\r\n<h2 style=\"text-align: center;\"><img class=\"wp-image-21775 aligncenter\" src=\"https:\/\/servidor-hp.com.co\/netcomp\/wp-content\/uploads\/2019\/05\/boton-ventas-servidor.png\" alt=\"\" width=\"495\" height=\"153\" \/><\/h2>\r\n<p style=\"text-align: center;\"><\/p>","_et_gb_content_width":""},"product_brand":[],"product_cat":[21006,73],"product_tag":[43362,43363,43364,43365,43366,43367,43368,43369,43370,43371,43372,43373,43374,43375,43376,43377,43378,43379,43380,43381,43382,43383,43384,43385,43386,43387,43388,43389,43390,43391],"class_list":{"0":"post-31026","1":"product","2":"type-product","3":"status-publish","4":"has-post-thumbnail","6":"product_cat-accesorios-2","7":"product_cat-servidores-hp-ibm-cisco","8":"product_tag-hp-storageworks-xp24000-hpe-ae182au","9":"product_tag-yae182aur","10":"product_tag-yae183a","11":"product_tag-yae183ak","12":"product_tag-yae183akr","13":"product_tag-yae183ar","14":"product_tag-yae183as","15":"product_tag-yae183asr","16":"product_tag-yae183au","17":"product_tag-yae183aur","18":"product_tag-yae184a","19":"product_tag-yae184ak","20":"product_tag-yae184akr","21":"product_tag-yae184ar","22":"product_tag-yae184as","23":"product_tag-yae184asr","24":"product_tag-yae184au","25":"product_tag-yae184aur","26":"product_tag-yae185a","27":"product_tag-yae185ak","28":"product_tag-yae185akr","29":"product_tag-yae185ar","30":"product_tag-yae185as","31":"product_tag-yae185asr","32":"product_tag-yae185au","33":"product_tag-yae185aur","34":"product_tag-yae187a","35":"product_tag-yae187ar","36":"product_tag-yae188a","37":"product_tag-yae188ar","39":"first","40":"instock","41":"product-type-simple"},"yoast_head":"<!-- This site is optimized with the Yoast SEO plugin v27.2 - https:\/\/yoast.com\/product\/yoast-seo-wordpress\/ -->\n<title>Productos archivo - Servidores HP - Nuevos - Usados - Alquiler<\/title>\n<meta name=\"description\" content=\"HP StorageWorks XP24000 HPE AE182AU,\u00ffAE182AUR,\u00ffAE183A,\u00ffAE183AK,\u00ffAE183AKR,\u00ffAE183AR,\u00ffAE183AS,\u00ffAE183ASR,\u00ffAE183AU,\u00ffAE183AUR,\u00ffAE184A,\u00ffAE184AK,\u00ffAE184AKR,\u00ffAE184AR,\u00ffAE184AS,\u00ffAE184ASR,\u00ffAE184AU,\u00ffAE184AUR,\u00ffAE185A,\u00ffAE185AK,\u00ffAE185AKR,\u00ffAE185AR,\u00ffAE185AS,\u00ffAE185ASR,\u00ffAE185AU,\u00ffAE185AUR,\u00ffAE187A,\u00ffAE187AR,\u00ffAE188A,\u00ffAE188AR - Bogota - Colombia - servidor-hp.com.co\" \/>\n<meta name=\"robots\" content=\"index, follow, max-snippet:-1, max-image-preview:large, max-video-preview:-1\" \/>\n<link rel=\"canonical\" href=\"http:\/\/SSL%20-%20AKCP%20-%20Sensor%20Status%20Light-Luz%20de%20Estatus%20para%20Sensor%20de%20Temperatura%20para%20Rack%20de%20Servidores\" \/>\n<meta property=\"og:locale\" content=\"es_ES\" \/>\n<meta property=\"og:type\" content=\"article\" \/>\n<meta property=\"og:title\" content=\"HP StorageWorks XP24000 HPE AE182AU,\u00ffAE182AUR,\u00ffAE183A,\u00ffAE183AK,\u00ffAE183AKR,\u00ffAE183AR,\u00ffAE183AS,\u00ffAE183ASR,\u00ffAE183AU,\u00ffAE183AUR,\u00ffAE184A,\u00ffAE184AK,\u00ffAE184AKR,\u00ffAE184AR,\u00ffAE184AS,\u00ffAE184ASR,\u00ffAE184AU,\u00ffAE184AUR,\u00ffAE185A,\u00ffAE185AK,\u00ffAE185AKR,\u00ffAE185AR,\u00ffAE185AS,\u00ffAE185ASR,\u00ffAE185AU,\u00ffAE185AUR,\u00ffAE187A,\u00ffAE187AR,\u00ffAE188A,\u00ffAE188AR\" \/>\n<meta property=\"og:description\" content=\"HP StorageWorks XP24000 HPE AE182AU,\u00ffAE182AUR,\u00ffAE183A,\u00ffAE183AK,\u00ffAE183AKR,\u00ffAE183AR,\u00ffAE183AS,\u00ffAE183ASR,\u00ffAE183AU,\u00ffAE183AUR,\u00ffAE184A,\u00ffAE184AK,\u00ffAE184AKR,\u00ffAE184AR,\u00ffAE184AS,\u00ffAE184ASR,\u00ffAE184AU,\u00ffAE184AUR,\u00ffAE185A,\u00ffAE185AK,\u00ffAE185AKR,\u00ffAE185AR,\u00ffAE185AS,\u00ffAE185ASR,\u00ffAE185AU,\u00ffAE185AUR,\u00ffAE187A,\u00ffAE187AR,\u00ffAE188A,\u00ffAE188AR - Bogota - Colombia - servidor-hp.com.co\" \/>\n<meta property=\"og:url\" content=\"http:\/\/SSL - AKCP - Sensor Status Light-Luz de Estatus para Sensor de Temperatura para Rack de Servidores\" \/>\n<meta property=\"og:site_name\" content=\"Servidores HP - Nuevos - Usados - Alquiler\" \/>\n<meta property=\"article:modified_time\" content=\"2023-03-04T00:27:26+00:00\" \/>\n<meta property=\"og:image\" content=\"https:\/\/servidor-hp.com.co\/netcomp\/wp-content\/uploads\/2018\/12\/spx-sensores-temperatura-akcp.jpg\" \/>\n\t<meta property=\"og:image:width\" content=\"1280\" \/>\n\t<meta property=\"og:image:height\" content=\"720\" \/>\n\t<meta property=\"og:image:type\" content=\"image\/jpeg\" \/>\n<meta name=\"twitter:card\" content=\"summary_large_image\" \/>\n<meta name=\"twitter:title\" content=\"HP StorageWorks XP24000 HPE AE182AU,\u00ffAE182AUR,\u00ffAE183A,\u00ffAE183AK,\u00ffAE183AKR,\u00ffAE183AR,\u00ffAE183AS,\u00ffAE183ASR,\u00ffAE183AU,\u00ffAE183AUR,\u00ffAE184A,\u00ffAE184AK,\u00ffAE184AKR,\u00ffAE184AR,\u00ffAE184AS,\u00ffAE184ASR,\u00ffAE184AU,\u00ffAE184AUR,\u00ffAE185A,\u00ffAE185AK,\u00ffAE185AKR,\u00ffAE185AR,\u00ffAE185AS,\u00ffAE185ASR,\u00ffAE185AU,\u00ffAE185AUR,\u00ffAE187A,\u00ffAE187AR,\u00ffAE188A,\u00ffAE188AR\" \/>\n<meta name=\"twitter:description\" content=\"HP StorageWorks XP24000 HPE AE182AU,\u00ffAE182AUR,\u00ffAE183A,\u00ffAE183AK,\u00ffAE183AKR,\u00ffAE183AR,\u00ffAE183AS,\u00ffAE183ASR,\u00ffAE183AU,\u00ffAE183AUR,\u00ffAE184A,\u00ffAE184AK,\u00ffAE184AKR,\u00ffAE184AR,\u00ffAE184AS,\u00ffAE184ASR,\u00ffAE184AU,\u00ffAE184AUR,\u00ffAE185A,\u00ffAE185AK,\u00ffAE185AKR,\u00ffAE185AR,\u00ffAE185AS,\u00ffAE185ASR,\u00ffAE185AU,\u00ffAE185AUR,\u00ffAE187A,\u00ffAE187AR,\u00ffAE188A,\u00ffAE188AR - Bogota - Colombia - servidor-hp.com.co\" \/>\n<meta name=\"twitter:image\" content=\"https:\/\/servidor-hp.com.co\/netcomp\/wp-content\/uploads\/2018\/05\/hpe-logo-e1597802276155.jpg\" \/>\n<meta name=\"twitter:label1\" content=\"Tiempo de lectura\" \/>\n\t<meta name=\"twitter:data1\" content=\"1 minuto\" \/>\n<script type=\"application\/ld+json\" class=\"yoast-schema-graph\">{\"@context\":\"https:\/\/schema.org\",\"@graph\":[{\"@type\":\"WebPage\",\"@id\":\"https:\/\/servidor-hp.com.co\/netcomp\/servidores\/servidores-hp-ibm-cisco\/hpe-hp-storageworks-xp24000-2\/\",\"url\":\"http:\/\/SSL%20-%20AKCP%20-%20Sensor%20Status%20Light-Luz%20de%20Estatus%20para%20Sensor%20de%20Temperatura%20para%20Rack%20de%20Servidores\",\"name\":\"Productos archivo - Servidores HP - Nuevos - Usados - Alquiler\",\"isPartOf\":{\"@id\":\"https:\/\/servidor-hp.com.co\/netcomp\/#website\"},\"primaryImageOfPage\":{\"@id\":\"http:\/\/SSL%20-%20AKCP%20-%20Sensor%20Status%20Light-Luz%20de%20Estatus%20para%20Sensor%20de%20Temperatura%20para%20Rack%20de%20Servidores#primaryimage\"},\"image\":{\"@id\":\"http:\/\/SSL%20-%20AKCP%20-%20Sensor%20Status%20Light-Luz%20de%20Estatus%20para%20Sensor%20de%20Temperatura%20para%20Rack%20de%20Servidores#primaryimage\"},\"thumbnailUrl\":\"https:\/\/servidor-hp.com.co\/netcomp\/wp-content\/uploads\/2018\/05\/hpe-logo-e1597802276155.jpg\",\"datePublished\":\"2022-05-30T07:56:42+00:00\",\"dateModified\":\"2023-03-04T00:27:26+00:00\",\"description\":\"HP StorageWorks XP24000 HPE AE182AU,\u00ffAE182AUR,\u00ffAE183A,\u00ffAE183AK,\u00ffAE183AKR,\u00ffAE183AR,\u00ffAE183AS,\u00ffAE183ASR,\u00ffAE183AU,\u00ffAE183AUR,\u00ffAE184A,\u00ffAE184AK,\u00ffAE184AKR,\u00ffAE184AR,\u00ffAE184AS,\u00ffAE184ASR,\u00ffAE184AU,\u00ffAE184AUR,\u00ffAE185A,\u00ffAE185AK,\u00ffAE185AKR,\u00ffAE185AR,\u00ffAE185AS,\u00ffAE185ASR,\u00ffAE185AU,\u00ffAE185AUR,\u00ffAE187A,\u00ffAE187AR,\u00ffAE188A,\u00ffAE188AR - Bogota - Colombia - servidor-hp.com.co\",\"breadcrumb\":{\"@id\":\"http:\/\/SSL%20-%20AKCP%20-%20Sensor%20Status%20Light-Luz%20de%20Estatus%20para%20Sensor%20de%20Temperatura%20para%20Rack%20de%20Servidores#breadcrumb\"},\"inLanguage\":\"es\",\"potentialAction\":[{\"@type\":\"ReadAction\",\"target\":[\"http:\/\/SSL%20-%20AKCP%20-%20Sensor%20Status%20Light-Luz%20de%20Estatus%20para%20Sensor%20de%20Temperatura%20para%20Rack%20de%20Servidores\"]}]},{\"@type\":\"ImageObject\",\"inLanguage\":\"es\",\"@id\":\"http:\/\/SSL%20-%20AKCP%20-%20Sensor%20Status%20Light-Luz%20de%20Estatus%20para%20Sensor%20de%20Temperatura%20para%20Rack%20de%20Servidores#primaryimage\",\"url\":\"https:\/\/servidor-hp.com.co\/netcomp\/wp-content\/uploads\/2018\/05\/hpe-logo-e1597802276155.jpg\",\"contentUrl\":\"https:\/\/servidor-hp.com.co\/netcomp\/wp-content\/uploads\/2018\/05\/hpe-logo-e1597802276155.jpg\",\"width\":350,\"height\":233,\"caption\":\"Servicios - PARA SERVIDOR HP PROLIANT DL380 SFF GEN10 - RACK\"},{\"@type\":\"BreadcrumbList\",\"@id\":\"http:\/\/SSL%20-%20AKCP%20-%20Sensor%20Status%20Light-Luz%20de%20Estatus%20para%20Sensor%20de%20Temperatura%20para%20Rack%20de%20Servidores#breadcrumb\",\"itemListElement\":[{\"@type\":\"ListItem\",\"position\":1,\"name\":\"Portada\",\"item\":\"https:\/\/servidor-hp.com.co\/netcomp\/\"},{\"@type\":\"ListItem\",\"position\":2,\"name\":\"Tienda\",\"item\":\"https:\/\/servidor-hp.com.co\/netcomp\/servidores\/\"},{\"@type\":\"ListItem\",\"position\":3,\"name\":\"HPE HP StorageWorks XP24000\"}]},{\"@type\":\"WebSite\",\"@id\":\"https:\/\/servidor-hp.com.co\/netcomp\/#website\",\"url\":\"https:\/\/servidor-hp.com.co\/netcomp\/\",\"name\":\"Servidores HP - Nuevos - Usados - Alquiler\",\"description\":\"Tels: (+57) 316 878 8749\",\"alternateName\":\"Servidores HP DELL LENOVO IBM\",\"potentialAction\":[{\"@type\":\"SearchAction\",\"target\":{\"@type\":\"EntryPoint\",\"urlTemplate\":\"https:\/\/servidor-hp.com.co\/netcomp\/?s={search_term_string}\"},\"query-input\":{\"@type\":\"PropertyValueSpecification\",\"valueRequired\":true,\"valueName\":\"search_term_string\"}}],\"inLanguage\":\"es\"}]}<\/script>\n<!-- \/ Yoast SEO plugin. -->","yoast_head_json":{"title":"Productos archivo - Servidores HP - Nuevos - Usados - Alquiler","description":"HP StorageWorks XP24000 HPE AE182AU,\u00ffAE182AUR,\u00ffAE183A,\u00ffAE183AK,\u00ffAE183AKR,\u00ffAE183AR,\u00ffAE183AS,\u00ffAE183ASR,\u00ffAE183AU,\u00ffAE183AUR,\u00ffAE184A,\u00ffAE184AK,\u00ffAE184AKR,\u00ffAE184AR,\u00ffAE184AS,\u00ffAE184ASR,\u00ffAE184AU,\u00ffAE184AUR,\u00ffAE185A,\u00ffAE185AK,\u00ffAE185AKR,\u00ffAE185AR,\u00ffAE185AS,\u00ffAE185ASR,\u00ffAE185AU,\u00ffAE185AUR,\u00ffAE187A,\u00ffAE187AR,\u00ffAE188A,\u00ffAE188AR - Bogota - Colombia - servidor-hp.com.co","robots":{"index":"index","follow":"follow","max-snippet":"max-snippet:-1","max-image-preview":"max-image-preview:large","max-video-preview":"max-video-preview:-1"},"canonical":"http:\/\/SSL - AKCP - Sensor Status Light-Luz de Estatus para Sensor de Temperatura para Rack de Servidores","og_locale":"es_ES","og_type":"article","og_title":"HP StorageWorks XP24000 HPE AE182AU,\u00ffAE182AUR,\u00ffAE183A,\u00ffAE183AK,\u00ffAE183AKR,\u00ffAE183AR,\u00ffAE183AS,\u00ffAE183ASR,\u00ffAE183AU,\u00ffAE183AUR,\u00ffAE184A,\u00ffAE184AK,\u00ffAE184AKR,\u00ffAE184AR,\u00ffAE184AS,\u00ffAE184ASR,\u00ffAE184AU,\u00ffAE184AUR,\u00ffAE185A,\u00ffAE185AK,\u00ffAE185AKR,\u00ffAE185AR,\u00ffAE185AS,\u00ffAE185ASR,\u00ffAE185AU,\u00ffAE185AUR,\u00ffAE187A,\u00ffAE187AR,\u00ffAE188A,\u00ffAE188AR","og_description":"HP StorageWorks XP24000 HPE AE182AU,\u00ffAE182AUR,\u00ffAE183A,\u00ffAE183AK,\u00ffAE183AKR,\u00ffAE183AR,\u00ffAE183AS,\u00ffAE183ASR,\u00ffAE183AU,\u00ffAE183AUR,\u00ffAE184A,\u00ffAE184AK,\u00ffAE184AKR,\u00ffAE184AR,\u00ffAE184AS,\u00ffAE184ASR,\u00ffAE184AU,\u00ffAE184AUR,\u00ffAE185A,\u00ffAE185AK,\u00ffAE185AKR,\u00ffAE185AR,\u00ffAE185AS,\u00ffAE185ASR,\u00ffAE185AU,\u00ffAE185AUR,\u00ffAE187A,\u00ffAE187AR,\u00ffAE188A,\u00ffAE188AR - Bogota - Colombia - servidor-hp.com.co","og_url":"http:\/\/SSL - AKCP - Sensor Status Light-Luz de Estatus para Sensor de Temperatura para Rack de Servidores","og_site_name":"Servidores HP - Nuevos - Usados - Alquiler","article_modified_time":"2023-03-04T00:27:26+00:00","og_image":[{"width":1280,"height":720,"url":"https:\/\/servidor-hp.com.co\/netcomp\/wp-content\/uploads\/2018\/12\/spx-sensores-temperatura-akcp.jpg","type":"image\/jpeg"}],"twitter_card":"summary_large_image","twitter_title":"HP StorageWorks XP24000 HPE AE182AU,\u00ffAE182AUR,\u00ffAE183A,\u00ffAE183AK,\u00ffAE183AKR,\u00ffAE183AR,\u00ffAE183AS,\u00ffAE183ASR,\u00ffAE183AU,\u00ffAE183AUR,\u00ffAE184A,\u00ffAE184AK,\u00ffAE184AKR,\u00ffAE184AR,\u00ffAE184AS,\u00ffAE184ASR,\u00ffAE184AU,\u00ffAE184AUR,\u00ffAE185A,\u00ffAE185AK,\u00ffAE185AKR,\u00ffAE185AR,\u00ffAE185AS,\u00ffAE185ASR,\u00ffAE185AU,\u00ffAE185AUR,\u00ffAE187A,\u00ffAE187AR,\u00ffAE188A,\u00ffAE188AR","twitter_description":"HP StorageWorks XP24000 HPE AE182AU,\u00ffAE182AUR,\u00ffAE183A,\u00ffAE183AK,\u00ffAE183AKR,\u00ffAE183AR,\u00ffAE183AS,\u00ffAE183ASR,\u00ffAE183AU,\u00ffAE183AUR,\u00ffAE184A,\u00ffAE184AK,\u00ffAE184AKR,\u00ffAE184AR,\u00ffAE184AS,\u00ffAE184ASR,\u00ffAE184AU,\u00ffAE184AUR,\u00ffAE185A,\u00ffAE185AK,\u00ffAE185AKR,\u00ffAE185AR,\u00ffAE185AS,\u00ffAE185ASR,\u00ffAE185AU,\u00ffAE185AUR,\u00ffAE187A,\u00ffAE187AR,\u00ffAE188A,\u00ffAE188AR - Bogota - Colombia - servidor-hp.com.co","twitter_image":"https:\/\/servidor-hp.com.co\/netcomp\/wp-content\/uploads\/2018\/05\/hpe-logo-e1597802276155.jpg","twitter_misc":{"Tiempo de lectura":"1 minuto"},"schema":{"@context":"https:\/\/schema.org","@graph":[{"@type":"WebPage","@id":"https:\/\/servidor-hp.com.co\/netcomp\/servidores\/servidores-hp-ibm-cisco\/hpe-hp-storageworks-xp24000-2\/","url":"http:\/\/SSL%20-%20AKCP%20-%20Sensor%20Status%20Light-Luz%20de%20Estatus%20para%20Sensor%20de%20Temperatura%20para%20Rack%20de%20Servidores","name":"Productos archivo - Servidores HP - Nuevos - Usados - Alquiler","isPartOf":{"@id":"https:\/\/servidor-hp.com.co\/netcomp\/#website"},"primaryImageOfPage":{"@id":"http:\/\/SSL%20-%20AKCP%20-%20Sensor%20Status%20Light-Luz%20de%20Estatus%20para%20Sensor%20de%20Temperatura%20para%20Rack%20de%20Servidores#primaryimage"},"image":{"@id":"http:\/\/SSL%20-%20AKCP%20-%20Sensor%20Status%20Light-Luz%20de%20Estatus%20para%20Sensor%20de%20Temperatura%20para%20Rack%20de%20Servidores#primaryimage"},"thumbnailUrl":"https:\/\/servidor-hp.com.co\/netcomp\/wp-content\/uploads\/2018\/05\/hpe-logo-e1597802276155.jpg","datePublished":"2022-05-30T07:56:42+00:00","dateModified":"2023-03-04T00:27:26+00:00","description":"HP StorageWorks XP24000 HPE AE182AU,\u00ffAE182AUR,\u00ffAE183A,\u00ffAE183AK,\u00ffAE183AKR,\u00ffAE183AR,\u00ffAE183AS,\u00ffAE183ASR,\u00ffAE183AU,\u00ffAE183AUR,\u00ffAE184A,\u00ffAE184AK,\u00ffAE184AKR,\u00ffAE184AR,\u00ffAE184AS,\u00ffAE184ASR,\u00ffAE184AU,\u00ffAE184AUR,\u00ffAE185A,\u00ffAE185AK,\u00ffAE185AKR,\u00ffAE185AR,\u00ffAE185AS,\u00ffAE185ASR,\u00ffAE185AU,\u00ffAE185AUR,\u00ffAE187A,\u00ffAE187AR,\u00ffAE188A,\u00ffAE188AR - Bogota - Colombia - servidor-hp.com.co","breadcrumb":{"@id":"http:\/\/SSL%20-%20AKCP%20-%20Sensor%20Status%20Light-Luz%20de%20Estatus%20para%20Sensor%20de%20Temperatura%20para%20Rack%20de%20Servidores#breadcrumb"},"inLanguage":"es","potentialAction":[{"@type":"ReadAction","target":["http:\/\/SSL%20-%20AKCP%20-%20Sensor%20Status%20Light-Luz%20de%20Estatus%20para%20Sensor%20de%20Temperatura%20para%20Rack%20de%20Servidores"]}]},{"@type":"ImageObject","inLanguage":"es","@id":"http:\/\/SSL%20-%20AKCP%20-%20Sensor%20Status%20Light-Luz%20de%20Estatus%20para%20Sensor%20de%20Temperatura%20para%20Rack%20de%20Servidores#primaryimage","url":"https:\/\/servidor-hp.com.co\/netcomp\/wp-content\/uploads\/2018\/05\/hpe-logo-e1597802276155.jpg","contentUrl":"https:\/\/servidor-hp.com.co\/netcomp\/wp-content\/uploads\/2018\/05\/hpe-logo-e1597802276155.jpg","width":350,"height":233,"caption":"Servicios - PARA SERVIDOR HP PROLIANT DL380 SFF GEN10 - RACK"},{"@type":"BreadcrumbList","@id":"http:\/\/SSL%20-%20AKCP%20-%20Sensor%20Status%20Light-Luz%20de%20Estatus%20para%20Sensor%20de%20Temperatura%20para%20Rack%20de%20Servidores#breadcrumb","itemListElement":[{"@type":"ListItem","position":1,"name":"Portada","item":"https:\/\/servidor-hp.com.co\/netcomp\/"},{"@type":"ListItem","position":2,"name":"Tienda","item":"https:\/\/servidor-hp.com.co\/netcomp\/servidores\/"},{"@type":"ListItem","position":3,"name":"HPE HP StorageWorks XP24000"}]},{"@type":"WebSite","@id":"https:\/\/servidor-hp.com.co\/netcomp\/#website","url":"https:\/\/servidor-hp.com.co\/netcomp\/","name":"Servidores HP - Nuevos - Usados - Alquiler","description":"Tels: (+57) 316 878 8749","alternateName":"Servidores HP DELL LENOVO IBM","potentialAction":[{"@type":"SearchAction","target":{"@type":"EntryPoint","urlTemplate":"https:\/\/servidor-hp.com.co\/netcomp\/?s={search_term_string}"},"query-input":{"@type":"PropertyValueSpecification","valueRequired":true,"valueName":"search_term_string"}}],"inLanguage":"es"}]}},"_links":{"self":[{"href":"https:\/\/servidor-hp.com.co\/netcomp\/wp-json\/wp\/v2\/product\/31026","targetHints":{"allow":["GET"]}}],"collection":[{"href":"https:\/\/servidor-hp.com.co\/netcomp\/wp-json\/wp\/v2\/product"}],"about":[{"href":"https:\/\/servidor-hp.com.co\/netcomp\/wp-json\/wp\/v2\/types\/product"}],"replies":[{"embeddable":true,"href":"https:\/\/servidor-hp.com.co\/netcomp\/wp-json\/wp\/v2\/comments?post=31026"}],"wp:featuredmedia":[{"embeddable":true,"href":"https:\/\/servidor-hp.com.co\/netcomp\/wp-json\/wp\/v2\/media\/19713"}],"wp:attachment":[{"href":"https:\/\/servidor-hp.com.co\/netcomp\/wp-json\/wp\/v2\/media?parent=31026"}],"wp:term":[{"taxonomy":"product_brand","embeddable":true,"href":"https:\/\/servidor-hp.com.co\/netcomp\/wp-json\/wp\/v2\/product_brand?post=31026"},{"taxonomy":"product_cat","embeddable":true,"href":"https:\/\/servidor-hp.com.co\/netcomp\/wp-json\/wp\/v2\/product_cat?post=31026"},{"taxonomy":"product_tag","embeddable":true,"href":"https:\/\/servidor-hp.com.co\/netcomp\/wp-json\/wp\/v2\/product_tag?post=31026"}],"curies":[{"name":"wp","href":"https:\/\/api.w.org\/{rel}","templated":true}]}}