{"id":28182,"date":"2022-05-30T02:02:47","date_gmt":"2022-05-30T07:02:47","guid":{"rendered":"https:\/\/servidor-hp.com.co\/netcomp\/servidores\/sin%20categor\u00eda\/hpe-hpe-proliant-dl160-g6-server-10\/"},"modified":"2023-12-28T22:39:51","modified_gmt":"2023-12-29T03:39:51","slug":"hpe-hpe-proliant-dl160-g6-server-10","status":"publish","type":"product","link":"https:\/\/servidor-hp.com.co\/netcomp\/servidores\/accesorios-2\/hpe-hpe-proliant-dl160-g6-server-10\/","title":{"rendered":"Servidor HPE ProLiant DL160 G6 Server"},"content":{"rendered":"<h1 style=\"text-align: center;\"><strong>HPE N\/P: 575996-201,\u00ff575997-201,\u00ff581772-001,\u00ff581773-001,\u00ff581874-005,\u00ff581875-005,\u00ff583183-B21,\u00ff583183R-B21,\u00ff585961-205,\u00ff599148-425<\/strong><\/h1>\n<p>&nbsp;<\/p>\n<h3><span style=\"font-family: tahoma, arial, helvetica, sans-serif; font-size: 14pt;\"><strong>Descripci\u00f3n:<\/strong><\/span><\/h3>\n<ul>\n<li>\n<h3>HPE ProLiant DL160 G6 Server<\/h3>\n<\/li>\n<\/ul>\n<p>&nbsp;<\/p>\n<p style=\"text-align: center;\"><span style=\"color: #ff0000;\"><strong><span style=\"font-family: tahoma, arial, helvetica, sans-serif; font-size: 14pt;\">Para Precio y Disponibilidad Por Favor Cont\u00e1ctanos V\u00eda Email o WhatsApp<\/span><\/strong><\/span><\/p>\n<p style=\"text-align: center;\"><span style=\"color: #ff0000;\">___________________________________________________________________________________________________<\/span><\/p>\n<p>&nbsp;<\/p>\n<p>&nbsp;<\/p>\n<h3 style=\"text-align: center;\"><span style=\"font-family: tahoma, arial, helvetica, sans-serif; font-size: 14pt;\"><a title=\"Tienda - Precio y Venta Servidores HP\" href=\"https:\/\/netcomp.co\/es\/132-servidores-hp-lenovo-dell-partes\" target=\"_blank\" rel=\"noopener noreferrer\"><span style=\"font-size: 14pt;\">DISPONEMOS DE UNA<\/span><span style=\"font-size: 14pt;\"> AMPLIA GAMA DE SERVIDORES HP PROLIANT PARA <\/span><\/a><\/span><\/h3>\n<h3 style=\"text-align: center;\"><span style=\"font-family: tahoma, arial, helvetica, sans-serif; font-size: 14pt;\"><a title=\"Tienda - Precio y Venta Servidores HP\" href=\"https:\/\/netcomp.co\/es\/132-servidores-hp-lenovo-dell-partes\" target=\"_blank\" rel=\"noopener noreferrer\">VENTA \/ ARRENDAMIENTO \/ ALQUILER :<\/a><\/span><\/h3>\n<h3 style=\"text-align: center;\"><span style=\"font-size: 14pt;\"><a title=\"Tienda - Precio y Venta Servidores HP\" href=\"https:\/\/netcomp.co\/es\/132-servidores-hp-lenovo-dell-partes\" target=\"_blank\" rel=\"noopener noreferrer\"><span style=\"font-family: tahoma, arial, helvetica, sans-serif;\">ML350 \/ ML150 \/ DL320 \/ DL360 \/ DL380 <\/span><span style=\"font-family: tahoma, arial, helvetica, sans-serif;\">PARA COMPRAR CLICK<\/span><span style=\"font-family: tahoma, arial, helvetica, sans-serif;\"> AQU<\/span><span style=\"font-family: tahoma, arial, helvetica, sans-serif;\">I!<\/span><\/a><\/span><\/h3>\n<h2 style=\"text-align: center;\"><strong><a href=\"https:\/\/api.whatsapp.com\/send?phone=573168788749\" target=\"_blank\" rel=\"noopener noreferrer\"><img loading=\"lazy\" decoding=\"async\" class=\"wp-image-20467 aligncenter\" src=\"http:\/\/cableado-estructurado.com.co\/netcomp\/wp-content\/uploads\/2018\/07\/whatsapp-logo-mensaje.jpg\" alt=\"\" width=\"290\" height=\"220\" \/><\/a><\/strong><\/h2>\n<h2 style=\"text-align: center;\"><img loading=\"lazy\" decoding=\"async\" class=\"wp-image-21775 aligncenter\" src=\"https:\/\/servidor-hp.com.co\/netcomp\/wp-content\/uploads\/2019\/05\/boton-ventas-servidor.png\" alt=\"\" width=\"495\" height=\"153\" \/><\/h2>\n<p style=\"text-align: center;\">\n","protected":false},"excerpt":{"rendered":"<p>HPE ProLiant DL160 G6 Server HPE 575996-201,575997-201,581772-001,581773-001,581874-005,581875-005,583183-B21,583183R-B21,585961-205,599148-425<\/p>\n","protected":false},"featured_media":19713,"comment_status":"closed","ping_status":"closed","template":"","meta":{"_et_pb_use_builder":"on","_et_pb_old_content":"<h1 style=\"text-align: center\"><span style=\"font-family: tahoma, arial, helvetica, sans-serif;font-size: 18pt\"><strong>Servidor HPE ProLiant DL160 G6 Server<\/strong><\/span><\/h1>\r\n<h2><span style=\"font-family: tahoma, arial, helvetica, sans-serif;font-size: 14pt\"><strong>Descripci\u00f3n:<\/strong><\/span><\/h2>\r\n<h3><span style=\"font-family: tahoma, arial, helvetica, sans-serif;font-size: 12pt\">Servidor HPE DL160 Gen6\r\n<\/span><\/h3>\r\n&nbsp;\r\n\r\n&nbsp;\r\n<h3 style=\"text-align: center\"><strong><span style=\"font-family: tahoma, arial, helvetica, sans-serif;font-size: 14pt;color: #000080\"><a style=\"color: #000080\" title=\"Tienda - Precio y Venta Servidores HP\" href=\"https:\/\/netcomp.co\/es\/132-servidores-hp-lenovo-dell-partes\" target=\"_blank\" rel=\"noopener noreferrer\"><span style=\"font-size: 14pt\">DISPONEMOS DE UNA<\/span><span style=\"font-size: 14pt\"> AMPLIA GAMA DE SERVIDORES HP PROLIANT PARA <\/span><\/a><\/span><\/strong><\/h3>\r\n<h3 style=\"text-align: center\"><strong><span style=\"font-family: tahoma, arial, helvetica, sans-serif;font-size: 14pt;color: #000080\"><a style=\"color: #000080\" title=\"Tienda - Precio y Venta Servidores HP\" href=\"https:\/\/netcomp.co\/es\/132-servidores-hp-lenovo-dell-partes\" target=\"_blank\" rel=\"noopener noreferrer\">VENTA \/ ARRENDAMIENTO \/ ALQUILER :<\/a><\/span><\/strong><\/h3>\r\n<h3 style=\"text-align: center\"><span style=\"font-size: 14pt\"><a title=\"Tienda - Precio y Venta Servidores HP\" href=\"https:\/\/netcomp.co\/es\/132-servidores-hp-lenovo-dell-partes\" target=\"_blank\" rel=\"noopener noreferrer\"><span style=\"font-family: tahoma, arial, helvetica, sans-serif\">ML350 \/ ML150 \/ DL320 \/ DL360 \/ DL380 <\/span><span style=\"font-family: tahoma, arial, helvetica, sans-serif\">PARA COMPRAR CLICK<\/span><span style=\"font-family: tahoma, arial, helvetica, sans-serif\"> AQU<\/span><span style=\"font-family: tahoma, arial, helvetica, sans-serif\">I!<\/span><\/a><\/span><\/h3>\r\n<h2 style=\"text-align: center\"><strong><a href=\"https:\/\/api.whatsapp.com\/send?phone=573168788749\" target=\"_blank\" rel=\"noopener noreferrer\"><img class=\"wp-image-20467 aligncenter\" src=\"http:\/\/cableado-estructurado.com.co\/netcomp\/wp-content\/uploads\/2018\/07\/whatsapp-logo-mensaje.jpg\" alt=\"\" width=\"290\" height=\"220\" \/><\/a><\/strong><\/h2>\r\n<h2 style=\"text-align: center\"><img class=\"wp-image-21775 aligncenter\" src=\"https:\/\/servidor-hp.com.co\/netcomp\/wp-content\/uploads\/2019\/05\/boton-ventas-servidor.png\" alt=\"\" width=\"495\" height=\"153\" \/><\/h2>\r\n<p style=\"text-align: center\"><\/p>","_et_gb_content_width":""},"product_brand":[],"product_cat":[21006],"product_tag":[39131,39132,39133,39134,39135,39136,39137,39138,39139,39140],"class_list":{"0":"post-28182","1":"product","2":"type-product","3":"status-publish","4":"has-post-thumbnail","6":"product_cat-accesorios-2","7":"product_tag-hpe-proliant-dl160-g6-server-hpe-575996-201","8":"product_tag-y575997-201","9":"product_tag-y581772-001","10":"product_tag-y581773-001","11":"product_tag-y581874-005","12":"product_tag-y581875-005","13":"product_tag-y583183-b21","14":"product_tag-y583183r-b21","15":"product_tag-y585961-205","16":"product_tag-y599148-425","18":"first","19":"instock","20":"product-type-simple"},"yoast_head":"<!-- This site is optimized with the Yoast SEO plugin v27.2 - https:\/\/yoast.com\/product\/yoast-seo-wordpress\/ -->\n<title>Productos archivo - Servidores HP - Nuevos - Usados - Alquiler<\/title>\n<meta name=\"description\" content=\"HPE ProLiant DL160 G6 Server HPE 575996-201,575997-201,581772-001,581773-001,581874-005,581875-005,583183-B21,583183R-B21,585961-205,599148-425 - Bogota - Colombia - servidor-hp.com.co\" \/>\n<meta name=\"robots\" content=\"index, follow, max-snippet:-1, max-image-preview:large, max-video-preview:-1\" \/>\n<link rel=\"canonical\" href=\"http:\/\/ssl20-20akcp20-20sensor20status20light-luz20de20estatus20para20sensor20de20temperatura20para20rack20de20servidores\" \/>\n<meta property=\"og:locale\" content=\"es_ES\" \/>\n<meta property=\"og:type\" content=\"article\" \/>\n<meta property=\"og:title\" content=\"HPE ProLiant DL160 G6 Server HPE 575996-201,\u00ff575997-201,\u00ff581772-001,\u00ff581773-001,\u00ff581874-005,\u00ff581875-005,\u00ff583183-B21,\u00ff583183R-B21,\u00ff585961-205,\u00ff599148-425\" \/>\n<meta property=\"og:description\" content=\"HPE ProLiant DL160 G6 Server HPE 575996-201,\u00ff575997-201,\u00ff581772-001,\u00ff581773-001,\u00ff581874-005,\u00ff581875-005,\u00ff583183-B21,\u00ff583183R-B21,\u00ff585961-205,\u00ff599148-425 - Bogota - Colombia - servidor-hp.com.co\" \/>\n<meta property=\"og:url\" content=\"http:\/\/ssl20-20akcp20-20sensor20status20light-luz20de20estatus20para20sensor20de20temperatura20para20rack20de20servidores\" \/>\n<meta property=\"og:site_name\" content=\"Servidores HP - Nuevos - Usados - Alquiler\" \/>\n<meta property=\"article:modified_time\" content=\"2023-12-29T03:39:51+00:00\" \/>\n<meta property=\"og:image\" content=\"https:\/\/servidor-hp.com.co\/netcomp\/wp-content\/uploads\/2018\/12\/spx-sensores-temperatura-akcp.jpg\" \/>\n\t<meta property=\"og:image:width\" content=\"1280\" \/>\n\t<meta property=\"og:image:height\" content=\"720\" \/>\n\t<meta property=\"og:image:type\" content=\"image\/jpeg\" \/>\n<meta name=\"twitter:card\" content=\"summary_large_image\" \/>\n<meta name=\"twitter:title\" content=\"HPE ProLiant DL160 G6 Server HPE 575996-201,\u00ff575997-201,\u00ff581772-001,\u00ff581773-001,\u00ff581874-005,\u00ff581875-005,\u00ff583183-B21,\u00ff583183R-B21,\u00ff585961-205,\u00ff599148-425\" \/>\n<meta name=\"twitter:description\" content=\"HPE ProLiant DL160 G6 Server HPE 575996-201,\u00ff575997-201,\u00ff581772-001,\u00ff581773-001,\u00ff581874-005,\u00ff581875-005,\u00ff583183-B21,\u00ff583183R-B21,\u00ff585961-205,\u00ff599148-425 - Bogota - Colombia - servidor-hp.com.co\" \/>\n<meta name=\"twitter:image\" content=\"https:\/\/servidor-hp.com.co\/netcomp\/wp-content\/uploads\/2018\/05\/hpe-logo-e1597802276155.jpg\" \/>\n<meta name=\"twitter:label1\" content=\"Tiempo de lectura\" \/>\n\t<meta name=\"twitter:data1\" content=\"1 minuto\" \/>\n<script type=\"application\/ld+json\" class=\"yoast-schema-graph\">{\"@context\":\"https:\/\/schema.org\",\"@graph\":[{\"@type\":\"WebPage\",\"@id\":\"https:\/\/servidor-hp.com.co\/netcomp\/servidores\/accesorios-2\/hpe-hpe-proliant-dl160-g6-server-10\/\",\"url\":\"http:\/\/ssl20-20akcp20-20sensor20status20light-luz20de20estatus20para20sensor20de20temperatura20para20rack20de20servidores\",\"name\":\"Productos archivo - Servidores HP - Nuevos - Usados - Alquiler\",\"isPartOf\":{\"@id\":\"https:\/\/servidor-hp.com.co\/netcomp\/#website\"},\"primaryImageOfPage\":{\"@id\":\"http:\/\/ssl20-20akcp20-20sensor20status20light-luz20de20estatus20para20sensor20de20temperatura20para20rack20de20servidores#primaryimage\"},\"image\":{\"@id\":\"http:\/\/ssl20-20akcp20-20sensor20status20light-luz20de20estatus20para20sensor20de20temperatura20para20rack20de20servidores#primaryimage\"},\"thumbnailUrl\":\"https:\/\/servidor-hp.com.co\/netcomp\/wp-content\/uploads\/2018\/05\/hpe-logo-e1597802276155.jpg\",\"datePublished\":\"2022-05-30T07:02:47+00:00\",\"dateModified\":\"2023-12-29T03:39:51+00:00\",\"description\":\"HPE ProLiant DL160 G6 Server HPE 575996-201,575997-201,581772-001,581773-001,581874-005,581875-005,583183-B21,583183R-B21,585961-205,599148-425 - Bogota - Colombia - servidor-hp.com.co\",\"breadcrumb\":{\"@id\":\"http:\/\/ssl20-20akcp20-20sensor20status20light-luz20de20estatus20para20sensor20de20temperatura20para20rack20de20servidores#breadcrumb\"},\"inLanguage\":\"es\",\"potentialAction\":[{\"@type\":\"ReadAction\",\"target\":[\"http:\/\/ssl20-20akcp20-20sensor20status20light-luz20de20estatus20para20sensor20de20temperatura20para20rack20de20servidores\"]}]},{\"@type\":\"ImageObject\",\"inLanguage\":\"es\",\"@id\":\"http:\/\/ssl20-20akcp20-20sensor20status20light-luz20de20estatus20para20sensor20de20temperatura20para20rack20de20servidores#primaryimage\",\"url\":\"https:\/\/servidor-hp.com.co\/netcomp\/wp-content\/uploads\/2018\/05\/hpe-logo-e1597802276155.jpg\",\"contentUrl\":\"https:\/\/servidor-hp.com.co\/netcomp\/wp-content\/uploads\/2018\/05\/hpe-logo-e1597802276155.jpg\",\"width\":350,\"height\":233,\"caption\":\"Servicios - PARA SERVIDOR HP PROLIANT DL380 SFF GEN10 - RACK\"},{\"@type\":\"BreadcrumbList\",\"@id\":\"http:\/\/ssl20-20akcp20-20sensor20status20light-luz20de20estatus20para20sensor20de20temperatura20para20rack20de20servidores#breadcrumb\",\"itemListElement\":[{\"@type\":\"ListItem\",\"position\":1,\"name\":\"Portada\",\"item\":\"https:\/\/servidor-hp.com.co\/netcomp\/\"},{\"@type\":\"ListItem\",\"position\":2,\"name\":\"Tienda\",\"item\":\"https:\/\/servidor-hp.com.co\/netcomp\/servidores\/\"},{\"@type\":\"ListItem\",\"position\":3,\"name\":\"Servidor HPE ProLiant DL160 G6 Server\"}]},{\"@type\":\"WebSite\",\"@id\":\"https:\/\/servidor-hp.com.co\/netcomp\/#website\",\"url\":\"https:\/\/servidor-hp.com.co\/netcomp\/\",\"name\":\"Servidores HP - Nuevos - Usados - Alquiler\",\"description\":\"Tels: (+57) 316 878 8749\",\"alternateName\":\"Servidores HP DELL LENOVO IBM\",\"potentialAction\":[{\"@type\":\"SearchAction\",\"target\":{\"@type\":\"EntryPoint\",\"urlTemplate\":\"https:\/\/servidor-hp.com.co\/netcomp\/?s={search_term_string}\"},\"query-input\":{\"@type\":\"PropertyValueSpecification\",\"valueRequired\":true,\"valueName\":\"search_term_string\"}}],\"inLanguage\":\"es\"}]}<\/script>\n<!-- \/ Yoast SEO plugin. -->","yoast_head_json":{"title":"Productos archivo - Servidores HP - Nuevos - Usados - Alquiler","description":"HPE ProLiant DL160 G6 Server HPE 575996-201,575997-201,581772-001,581773-001,581874-005,581875-005,583183-B21,583183R-B21,585961-205,599148-425 - Bogota - Colombia - servidor-hp.com.co","robots":{"index":"index","follow":"follow","max-snippet":"max-snippet:-1","max-image-preview":"max-image-preview:large","max-video-preview":"max-video-preview:-1"},"canonical":"http:\/\/ssl20-20akcp20-20sensor20status20light-luz20de20estatus20para20sensor20de20temperatura20para20rack20de20servidores","og_locale":"es_ES","og_type":"article","og_title":"HPE ProLiant DL160 G6 Server HPE 575996-201,\u00ff575997-201,\u00ff581772-001,\u00ff581773-001,\u00ff581874-005,\u00ff581875-005,\u00ff583183-B21,\u00ff583183R-B21,\u00ff585961-205,\u00ff599148-425","og_description":"HPE ProLiant DL160 G6 Server HPE 575996-201,\u00ff575997-201,\u00ff581772-001,\u00ff581773-001,\u00ff581874-005,\u00ff581875-005,\u00ff583183-B21,\u00ff583183R-B21,\u00ff585961-205,\u00ff599148-425 - Bogota - Colombia - servidor-hp.com.co","og_url":"http:\/\/ssl20-20akcp20-20sensor20status20light-luz20de20estatus20para20sensor20de20temperatura20para20rack20de20servidores","og_site_name":"Servidores HP - Nuevos - Usados - Alquiler","article_modified_time":"2023-12-29T03:39:51+00:00","og_image":[{"width":1280,"height":720,"url":"https:\/\/servidor-hp.com.co\/netcomp\/wp-content\/uploads\/2018\/12\/spx-sensores-temperatura-akcp.jpg","type":"image\/jpeg"}],"twitter_card":"summary_large_image","twitter_title":"HPE ProLiant DL160 G6 Server HPE 575996-201,\u00ff575997-201,\u00ff581772-001,\u00ff581773-001,\u00ff581874-005,\u00ff581875-005,\u00ff583183-B21,\u00ff583183R-B21,\u00ff585961-205,\u00ff599148-425","twitter_description":"HPE ProLiant DL160 G6 Server HPE 575996-201,\u00ff575997-201,\u00ff581772-001,\u00ff581773-001,\u00ff581874-005,\u00ff581875-005,\u00ff583183-B21,\u00ff583183R-B21,\u00ff585961-205,\u00ff599148-425 - Bogota - Colombia - servidor-hp.com.co","twitter_image":"https:\/\/servidor-hp.com.co\/netcomp\/wp-content\/uploads\/2018\/05\/hpe-logo-e1597802276155.jpg","twitter_misc":{"Tiempo de lectura":"1 minuto"},"schema":{"@context":"https:\/\/schema.org","@graph":[{"@type":"WebPage","@id":"https:\/\/servidor-hp.com.co\/netcomp\/servidores\/accesorios-2\/hpe-hpe-proliant-dl160-g6-server-10\/","url":"http:\/\/ssl20-20akcp20-20sensor20status20light-luz20de20estatus20para20sensor20de20temperatura20para20rack20de20servidores","name":"Productos archivo - Servidores HP - Nuevos - Usados - Alquiler","isPartOf":{"@id":"https:\/\/servidor-hp.com.co\/netcomp\/#website"},"primaryImageOfPage":{"@id":"http:\/\/ssl20-20akcp20-20sensor20status20light-luz20de20estatus20para20sensor20de20temperatura20para20rack20de20servidores#primaryimage"},"image":{"@id":"http:\/\/ssl20-20akcp20-20sensor20status20light-luz20de20estatus20para20sensor20de20temperatura20para20rack20de20servidores#primaryimage"},"thumbnailUrl":"https:\/\/servidor-hp.com.co\/netcomp\/wp-content\/uploads\/2018\/05\/hpe-logo-e1597802276155.jpg","datePublished":"2022-05-30T07:02:47+00:00","dateModified":"2023-12-29T03:39:51+00:00","description":"HPE ProLiant DL160 G6 Server HPE 575996-201,575997-201,581772-001,581773-001,581874-005,581875-005,583183-B21,583183R-B21,585961-205,599148-425 - Bogota - Colombia - servidor-hp.com.co","breadcrumb":{"@id":"http:\/\/ssl20-20akcp20-20sensor20status20light-luz20de20estatus20para20sensor20de20temperatura20para20rack20de20servidores#breadcrumb"},"inLanguage":"es","potentialAction":[{"@type":"ReadAction","target":["http:\/\/ssl20-20akcp20-20sensor20status20light-luz20de20estatus20para20sensor20de20temperatura20para20rack20de20servidores"]}]},{"@type":"ImageObject","inLanguage":"es","@id":"http:\/\/ssl20-20akcp20-20sensor20status20light-luz20de20estatus20para20sensor20de20temperatura20para20rack20de20servidores#primaryimage","url":"https:\/\/servidor-hp.com.co\/netcomp\/wp-content\/uploads\/2018\/05\/hpe-logo-e1597802276155.jpg","contentUrl":"https:\/\/servidor-hp.com.co\/netcomp\/wp-content\/uploads\/2018\/05\/hpe-logo-e1597802276155.jpg","width":350,"height":233,"caption":"Servicios - PARA SERVIDOR HP PROLIANT DL380 SFF GEN10 - RACK"},{"@type":"BreadcrumbList","@id":"http:\/\/ssl20-20akcp20-20sensor20status20light-luz20de20estatus20para20sensor20de20temperatura20para20rack20de20servidores#breadcrumb","itemListElement":[{"@type":"ListItem","position":1,"name":"Portada","item":"https:\/\/servidor-hp.com.co\/netcomp\/"},{"@type":"ListItem","position":2,"name":"Tienda","item":"https:\/\/servidor-hp.com.co\/netcomp\/servidores\/"},{"@type":"ListItem","position":3,"name":"Servidor HPE ProLiant DL160 G6 Server"}]},{"@type":"WebSite","@id":"https:\/\/servidor-hp.com.co\/netcomp\/#website","url":"https:\/\/servidor-hp.com.co\/netcomp\/","name":"Servidores HP - Nuevos - Usados - Alquiler","description":"Tels: (+57) 316 878 8749","alternateName":"Servidores HP DELL LENOVO IBM","potentialAction":[{"@type":"SearchAction","target":{"@type":"EntryPoint","urlTemplate":"https:\/\/servidor-hp.com.co\/netcomp\/?s={search_term_string}"},"query-input":{"@type":"PropertyValueSpecification","valueRequired":true,"valueName":"search_term_string"}}],"inLanguage":"es"}]}},"_links":{"self":[{"href":"https:\/\/servidor-hp.com.co\/netcomp\/wp-json\/wp\/v2\/product\/28182","targetHints":{"allow":["GET"]}}],"collection":[{"href":"https:\/\/servidor-hp.com.co\/netcomp\/wp-json\/wp\/v2\/product"}],"about":[{"href":"https:\/\/servidor-hp.com.co\/netcomp\/wp-json\/wp\/v2\/types\/product"}],"replies":[{"embeddable":true,"href":"https:\/\/servidor-hp.com.co\/netcomp\/wp-json\/wp\/v2\/comments?post=28182"}],"wp:featuredmedia":[{"embeddable":true,"href":"https:\/\/servidor-hp.com.co\/netcomp\/wp-json\/wp\/v2\/media\/19713"}],"wp:attachment":[{"href":"https:\/\/servidor-hp.com.co\/netcomp\/wp-json\/wp\/v2\/media?parent=28182"}],"wp:term":[{"taxonomy":"product_brand","embeddable":true,"href":"https:\/\/servidor-hp.com.co\/netcomp\/wp-json\/wp\/v2\/product_brand?post=28182"},{"taxonomy":"product_cat","embeddable":true,"href":"https:\/\/servidor-hp.com.co\/netcomp\/wp-json\/wp\/v2\/product_cat?post=28182"},{"taxonomy":"product_tag","embeddable":true,"href":"https:\/\/servidor-hp.com.co\/netcomp\/wp-json\/wp\/v2\/product_tag?post=28182"}],"curies":[{"name":"wp","href":"https:\/\/api.w.org\/{rel}","templated":true}]}}