{"id":27977,"date":"2022-05-30T01:58:00","date_gmt":"2022-05-30T06:58:00","guid":{"rendered":"https:\/\/servidor-hp.com.co\/netcomp\/servidores\/sin%20categor\u00eda\/hpe-hpe-proliant-ml350-gen9-server-9\/"},"modified":"2023-03-06T20:20:51","modified_gmt":"2023-03-07T01:20:51","slug":"hpe-hpe-proliant-ml350-gen9-server-9","status":"publish","type":"product","link":"https:\/\/servidor-hp.com.co\/netcomp\/servidores\/servidores-hp-ibm-cisco\/hpe-hpe-proliant-ml350-gen9-server-9\/","title":{"rendered":"HPE HPE ProLiant ML350 Gen9 Server"},"content":{"rendered":"<h1 style=\"text-align: center;\"><strong>HPE N\/P: 765820-001,\u00ff765820-291,\u00ff765820-371,\u00ff776977-S01,\u00ff776979-S05,\u00ff778161-AA5,\u00ff778163-295,\u00ff835263-001,\u00ff835263-031,\u00ff835263-371,\u00ff835263-AA1,\u00ff835847-035,\u00ff835847-425,\u00ff835848-425,\u00ff835851-S01,\u00ff835853-S05,\u00ff835858-295,\u00ff859040-375,\u00ff860184-035,\u00ffL9C53A,\u00ffL9R81A,\u00ffM3H05A,\u00ffM3H08A,\u00ffM6V70A,\u00ffM6V71A,\u00ffM6V72A,\u00ffP9J11A<\/strong><\/h1>\n<p>&nbsp;<\/p>\n<h3><span style=\"font-family: tahoma, arial, helvetica, sans-serif; font-size: 14pt;\"><strong>Descripci\u00f3n:<\/strong><\/span><\/h3>\n<ul>\n<li>\n<h3>HPE ProLiant ML350 Gen9 Server<\/h3>\n<\/li>\n<\/ul>\n<p>&nbsp;<\/p>\n<p style=\"text-align: center;\"><span style=\"color: #ff0000;\"><strong><span style=\"font-family: tahoma, arial, helvetica, sans-serif; font-size: 14pt;\">Para Precio y Disponibilidad Por Favor Cont\u00e1ctanos V\u00eda Email o WhatsApp<\/span><\/strong><\/span><\/p>\n<p style=\"text-align: center;\"><span style=\"color: #ff0000;\">___________________________________________________________________________________________________<\/span><\/p>\n<p>&nbsp;<\/p>\n<p>&nbsp;<\/p>\n<h3 style=\"text-align: center;\"><span style=\"font-family: tahoma, arial, helvetica, sans-serif; font-size: 14pt;\"><a title=\"Tienda - Precio y Venta Servidores HP\" href=\"https:\/\/netcomp.co\/es\/132-servidores-hp-lenovo-dell-partes\" target=\"_blank\" rel=\"noopener noreferrer\"><span style=\"font-size: 14pt;\">DISPONEMOS DE UNA<\/span><span style=\"font-size: 14pt;\"> AMPLIA GAMA DE SERVIDORES HP PROLIANT PARA <\/span><\/a><\/span><\/h3>\n<h3 style=\"text-align: center;\"><span style=\"font-family: tahoma, arial, helvetica, sans-serif; font-size: 14pt;\"><a title=\"Tienda - Precio y Venta Servidores HP\" href=\"https:\/\/netcomp.co\/es\/132-servidores-hp-lenovo-dell-partes\" target=\"_blank\" rel=\"noopener noreferrer\">VENTA \/ ARRENDAMIENTO \/ ALQUILER :<\/a><\/span><\/h3>\n<h3 style=\"text-align: center;\"><span style=\"font-size: 14pt;\"><a title=\"Tienda - Precio y Venta Servidores HP\" href=\"https:\/\/netcomp.co\/es\/132-servidores-hp-lenovo-dell-partes\" target=\"_blank\" rel=\"noopener noreferrer\"><span style=\"font-family: tahoma, arial, helvetica, sans-serif;\">ML350 \/ ML150 \/ DL320 \/ DL360 \/ DL380 <\/span><span style=\"font-family: tahoma, arial, helvetica, sans-serif;\">PARA COMPRAR CLICK<\/span><span style=\"font-family: tahoma, arial, helvetica, sans-serif;\"> AQU<\/span><span style=\"font-family: tahoma, arial, helvetica, sans-serif;\">I!<\/span><\/a><\/span><\/h3>\n<h2 style=\"text-align: center;\"><strong><a href=\"https:\/\/api.whatsapp.com\/send?phone=573168788749\" target=\"_blank\" rel=\"noopener noreferrer\"><img loading=\"lazy\" decoding=\"async\" class=\"wp-image-20467 aligncenter\" src=\"http:\/\/cableado-estructurado.com.co\/netcomp\/wp-content\/uploads\/2018\/07\/whatsapp-logo-mensaje.jpg\" alt=\"\" width=\"290\" height=\"220\" \/><\/a><\/strong><\/h2>\n<h2 style=\"text-align: center;\"><img loading=\"lazy\" decoding=\"async\" class=\"wp-image-21775 aligncenter\" src=\"https:\/\/servidor-hp.com.co\/netcomp\/wp-content\/uploads\/2019\/05\/boton-ventas-servidor.png\" alt=\"\" width=\"495\" height=\"153\" \/><\/h2>\n<p style=\"text-align: center;\">\n","protected":false},"excerpt":{"rendered":"<p>HPE ProLiant ML350 Gen9 Server HPE 765820-001,\u00ff765820-291,\u00ff765820-371,\u00ff776977-S01,\u00ff776979-S05,\u00ff778161-AA5,\u00ff778163-295,\u00ff835263-001,\u00ff835263-031,\u00ff835263-371,\u00ff835263-AA1,\u00ff835847-035,\u00ff835847-425,\u00ff835848-425,\u00ff835851-S01,\u00ff835853-S05,\u00ff835858-295,\u00ff859040-375,\u00ff860184-035,\u00ffL9C53A,\u00ffL9R81A,\u00ffM3H05A,\u00ffM3H08A,\u00ffM6V70A,\u00ffM6V71A,\u00ffM6V72A,\u00ffP9J11A<\/p>\n","protected":false},"featured_media":19713,"comment_status":"closed","ping_status":"open","template":"","meta":{"_et_pb_use_builder":"on","_et_pb_old_content":"<h1 style=\"text-align: center;\"><span style=\"font-family: tahoma, arial, helvetica, sans-serif; font-size: 18pt;\"><strong>Fortinet : Power Injector - GPI-130<\/strong><\/span><\/h1>\r\n\u00a0\r\n<h2><span style=\"font-family: tahoma, arial, helvetica, sans-serif; font-size: 14pt;\"><strong>Descrpci\u00f3n:<\/strong><\/span><\/h2>\r\n<h3><span style=\"font-family: tahoma, arial, helvetica, sans-serif; font-size: 12pt;\">1-Port Gigabit PoE Power Injector, 802.3at up to 30W for GPI-130 Gigabit PoE Injector<\/span><\/h3>\r\n\u00a0\r\n\r\n\u00a0\r\n\r\n\u00a0\r\n<h3 style=\"text-align: center;\"><span style=\"font-family: tahoma, arial, helvetica, sans-serif; font-size: 14pt;\"><a title=\"Tienda - Precio y Venta Servidores HP\" href=\"https:\/\/netcomp.co\/es\/132-servidores-hp-lenovo-dell-partes\" target=\"_blank\" rel=\"noopener noreferrer\"><span style=\"font-size: 14pt;\">DISPONEMOS DE UNA<\/span><span style=\"font-size: 14pt;\"> AMPLIA GAMA DE SERVIDORES HP PROLIANT PARA <\/span><\/a><\/span><\/h3>\r\n<h3 style=\"text-align: center;\"><span style=\"font-family: tahoma, arial, helvetica, sans-serif; font-size: 14pt;\"><a title=\"Tienda - Precio y Venta Servidores HP\" href=\"https:\/\/netcomp.co\/es\/132-servidores-hp-lenovo-dell-partes\" target=\"_blank\" rel=\"noopener noreferrer\">VENTA \/ ARRENDAMIENTO \/ ALQUILER :<\/a><\/span><\/h3>\r\n<h3 style=\"text-align: center;\"><span style=\"font-size: 14pt;\"><a title=\"Tienda - Precio y Venta Servidores HP\" href=\"https:\/\/netcomp.co\/es\/132-servidores-hp-lenovo-dell-partes\" target=\"_blank\" rel=\"noopener noreferrer\"><span style=\"font-family: tahoma, arial, helvetica, sans-serif;\">ML350 \/ ML150 \/ DL320 \/ DL360 \/ DL380 <\/span><span style=\"font-family: tahoma, arial, helvetica, sans-serif;\">PARA COMPRAR CLICK<\/span><span style=\"font-family: tahoma, arial, helvetica, sans-serif;\"> AQU<\/span><span style=\"font-family: tahoma, arial, helvetica, sans-serif;\">I!<\/span><\/a><\/span><\/h3>\r\n<h2 style=\"text-align: center;\"><strong><a href=\"https:\/\/api.whatsapp.com\/send?phone=573168788749\" target=\"_blank\" rel=\"noopener noreferrer\"><img class=\"wp-image-20467 aligncenter\" src=\"http:\/\/cableado-estructurado.com.co\/netcomp\/wp-content\/uploads\/2018\/07\/whatsapp-logo-mensaje.jpg\" alt=\"\" width=\"290\" height=\"220\" \/><\/a><\/strong><\/h2>\r\n<h2 style=\"text-align: center;\"><img class=\"wp-image-21775 aligncenter\" src=\"https:\/\/servidor-hp.com.co\/netcomp\/wp-content\/uploads\/2019\/05\/boton-ventas-servidor.png\" alt=\"\" width=\"495\" height=\"153\" \/><\/h2>\r\n<p style=\"text-align: center;\"><\/p>","_et_gb_content_width":""},"product_brand":[],"product_cat":[21006,73],"product_tag":[25898,25899,25900,25901,25902,25903,25904,25905,25906,25907,25908,25909,25910,25911,25912,25913,25914,25915,25916,25917,25918,25919,25920,25921,25922,25923,25924],"class_list":{"0":"post-27977","1":"product","2":"type-product","3":"status-publish","4":"has-post-thumbnail","6":"product_cat-accesorios-2","7":"product_cat-servidores-hp-ibm-cisco","8":"product_tag-hpe-proliant-ml350-gen9-server-hpe-765820-001","9":"product_tag-y765820-291","10":"product_tag-y765820-371","11":"product_tag-y776977-s01","12":"product_tag-y776979-s05","13":"product_tag-y778161-aa5","14":"product_tag-y778163-295","15":"product_tag-y835263-001","16":"product_tag-y835263-031","17":"product_tag-y835263-371","18":"product_tag-y835263-aa1","19":"product_tag-y835847-035","20":"product_tag-y835847-425","21":"product_tag-y835848-425","22":"product_tag-y835851-s01","23":"product_tag-y835853-s05","24":"product_tag-y835858-295","25":"product_tag-y859040-375","26":"product_tag-y860184-035","27":"product_tag-yl9c53a","28":"product_tag-yl9r81a","29":"product_tag-ym3h05a","30":"product_tag-ym3h08a","31":"product_tag-ym6v70a","32":"product_tag-ym6v71a","33":"product_tag-ym6v72a","34":"product_tag-yp9j11a","36":"first","37":"instock","38":"product-type-simple"},"yoast_head":"<!-- This site is optimized with the Yoast SEO plugin v27.2 - https:\/\/yoast.com\/product\/yoast-seo-wordpress\/ -->\n<title>Productos archivo - Servidores HP - Nuevos - Usados - Alquiler<\/title>\n<meta name=\"description\" content=\"HPE ProLiant ML350 Gen9 Server HPE 765820-001,\u00ff765820-291,\u00ff765820-371,\u00ff776977-S01,\u00ff776979-S05,\u00ff778161-AA5,\u00ff778163-295,\u00ff835263-001,\u00ff835263-031,\u00ff835263-371,\u00ff835263-AA1,\u00ff835847-035,\u00ff835847-425,\u00ff835848-425,\u00ff835851-S01,\u00ff835853-S05,\u00ff835858-295,\u00ff859040-375,\u00ff860184-035,\u00ffL9C53A,\u00ffL9R81A,\u00ffM3H05A,\u00ffM3H08A,\u00ffM6V70A,\u00ffM6V71A,\u00ffM6V72A,\u00ffP9J11A - Bogota - Colombia - servidor-hp.com.co\" \/>\n<meta name=\"robots\" content=\"index, follow, max-snippet:-1, max-image-preview:large, max-video-preview:-1\" \/>\n<link rel=\"canonical\" href=\"http:\/\/SSL%20-%20AKCP%20-%20Sensor%20Status%20Light-Luz%20de%20Estatus%20para%20Sensor%20de%20Temperatura%20para%20Rack%20de%20Servidores\" \/>\n<meta property=\"og:locale\" content=\"es_ES\" \/>\n<meta property=\"og:type\" content=\"article\" \/>\n<meta property=\"og:title\" content=\"HPE ProLiant ML350 Gen9 Server HPE 765820-001,\u00ff765820-291,\u00ff765820-371,\u00ff776977-S01,\u00ff776979-S05,\u00ff778161-AA5,\u00ff778163-295,\u00ff835263-001,\u00ff835263-031,\u00ff835263-371,\u00ff835263-AA1,\u00ff835847-035,\u00ff835847-425,\u00ff835848-425,\u00ff835851-S01,\u00ff835853-S05,\u00ff835858-295,\u00ff859040-375,\u00ff860184-035,\u00ffL9C53A,\u00ffL9R81A,\u00ffM3H05A,\u00ffM3H08A,\u00ffM6V70A,\u00ffM6V71A,\u00ffM6V72A,\u00ffP9J11A\" \/>\n<meta property=\"og:description\" content=\"HPE ProLiant ML350 Gen9 Server HPE 765820-001,\u00ff765820-291,\u00ff765820-371,\u00ff776977-S01,\u00ff776979-S05,\u00ff778161-AA5,\u00ff778163-295,\u00ff835263-001,\u00ff835263-031,\u00ff835263-371,\u00ff835263-AA1,\u00ff835847-035,\u00ff835847-425,\u00ff835848-425,\u00ff835851-S01,\u00ff835853-S05,\u00ff835858-295,\u00ff859040-375,\u00ff860184-035,\u00ffL9C53A,\u00ffL9R81A,\u00ffM3H05A,\u00ffM3H08A,\u00ffM6V70A,\u00ffM6V71A,\u00ffM6V72A,\u00ffP9J11A - Bogota - Colombia - servidor-hp.com.co\" \/>\n<meta property=\"og:url\" content=\"http:\/\/SSL - AKCP - Sensor Status Light-Luz de Estatus para Sensor de Temperatura para Rack de Servidores\" \/>\n<meta property=\"og:site_name\" content=\"Servidores HP - Nuevos - Usados - Alquiler\" \/>\n<meta property=\"article:modified_time\" content=\"2023-03-07T01:20:51+00:00\" \/>\n<meta property=\"og:image\" content=\"https:\/\/servidor-hp.com.co\/netcomp\/wp-content\/uploads\/2018\/12\/spx-sensores-temperatura-akcp.jpg\" \/>\n\t<meta property=\"og:image:width\" content=\"1280\" \/>\n\t<meta property=\"og:image:height\" content=\"720\" \/>\n\t<meta property=\"og:image:type\" content=\"image\/jpeg\" \/>\n<meta name=\"twitter:card\" content=\"summary_large_image\" \/>\n<meta name=\"twitter:title\" content=\"HPE ProLiant ML350 Gen9 Server HPE 765820-001,\u00ff765820-291,\u00ff765820-371,\u00ff776977-S01,\u00ff776979-S05,\u00ff778161-AA5,\u00ff778163-295,\u00ff835263-001,\u00ff835263-031,\u00ff835263-371,\u00ff835263-AA1,\u00ff835847-035,\u00ff835847-425,\u00ff835848-425,\u00ff835851-S01,\u00ff835853-S05,\u00ff835858-295,\u00ff859040-375,\u00ff860184-035,\u00ffL9C53A,\u00ffL9R81A,\u00ffM3H05A,\u00ffM3H08A,\u00ffM6V70A,\u00ffM6V71A,\u00ffM6V72A,\u00ffP9J11A\" \/>\n<meta name=\"twitter:description\" content=\"HPE ProLiant ML350 Gen9 Server HPE 765820-001,\u00ff765820-291,\u00ff765820-371,\u00ff776977-S01,\u00ff776979-S05,\u00ff778161-AA5,\u00ff778163-295,\u00ff835263-001,\u00ff835263-031,\u00ff835263-371,\u00ff835263-AA1,\u00ff835847-035,\u00ff835847-425,\u00ff835848-425,\u00ff835851-S01,\u00ff835853-S05,\u00ff835858-295,\u00ff859040-375,\u00ff860184-035,\u00ffL9C53A,\u00ffL9R81A,\u00ffM3H05A,\u00ffM3H08A,\u00ffM6V70A,\u00ffM6V71A,\u00ffM6V72A,\u00ffP9J11A - Bogota - Colombia - servidor-hp.com.co\" \/>\n<meta name=\"twitter:image\" content=\"https:\/\/servidor-hp.com.co\/netcomp\/wp-content\/uploads\/2018\/05\/hpe-logo-e1597802276155.jpg\" \/>\n<meta name=\"twitter:label1\" content=\"Tiempo de lectura\" \/>\n\t<meta name=\"twitter:data1\" content=\"1 minuto\" \/>\n<script type=\"application\/ld+json\" class=\"yoast-schema-graph\">{\"@context\":\"https:\/\/schema.org\",\"@graph\":[{\"@type\":\"WebPage\",\"@id\":\"https:\/\/servidor-hp.com.co\/netcomp\/servidores\/servidores-hp-ibm-cisco\/hpe-hpe-proliant-ml350-gen9-server-9\/\",\"url\":\"http:\/\/SSL%20-%20AKCP%20-%20Sensor%20Status%20Light-Luz%20de%20Estatus%20para%20Sensor%20de%20Temperatura%20para%20Rack%20de%20Servidores\",\"name\":\"Productos archivo - Servidores HP - Nuevos - Usados - Alquiler\",\"isPartOf\":{\"@id\":\"https:\/\/servidor-hp.com.co\/netcomp\/#website\"},\"primaryImageOfPage\":{\"@id\":\"http:\/\/SSL%20-%20AKCP%20-%20Sensor%20Status%20Light-Luz%20de%20Estatus%20para%20Sensor%20de%20Temperatura%20para%20Rack%20de%20Servidores#primaryimage\"},\"image\":{\"@id\":\"http:\/\/SSL%20-%20AKCP%20-%20Sensor%20Status%20Light-Luz%20de%20Estatus%20para%20Sensor%20de%20Temperatura%20para%20Rack%20de%20Servidores#primaryimage\"},\"thumbnailUrl\":\"https:\/\/servidor-hp.com.co\/netcomp\/wp-content\/uploads\/2018\/05\/hpe-logo-e1597802276155.jpg\",\"datePublished\":\"2022-05-30T06:58:00+00:00\",\"dateModified\":\"2023-03-07T01:20:51+00:00\",\"description\":\"HPE ProLiant ML350 Gen9 Server HPE 765820-001,\u00ff765820-291,\u00ff765820-371,\u00ff776977-S01,\u00ff776979-S05,\u00ff778161-AA5,\u00ff778163-295,\u00ff835263-001,\u00ff835263-031,\u00ff835263-371,\u00ff835263-AA1,\u00ff835847-035,\u00ff835847-425,\u00ff835848-425,\u00ff835851-S01,\u00ff835853-S05,\u00ff835858-295,\u00ff859040-375,\u00ff860184-035,\u00ffL9C53A,\u00ffL9R81A,\u00ffM3H05A,\u00ffM3H08A,\u00ffM6V70A,\u00ffM6V71A,\u00ffM6V72A,\u00ffP9J11A - Bogota - Colombia - servidor-hp.com.co\",\"breadcrumb\":{\"@id\":\"http:\/\/SSL%20-%20AKCP%20-%20Sensor%20Status%20Light-Luz%20de%20Estatus%20para%20Sensor%20de%20Temperatura%20para%20Rack%20de%20Servidores#breadcrumb\"},\"inLanguage\":\"es\",\"potentialAction\":[{\"@type\":\"ReadAction\",\"target\":[\"http:\/\/SSL%20-%20AKCP%20-%20Sensor%20Status%20Light-Luz%20de%20Estatus%20para%20Sensor%20de%20Temperatura%20para%20Rack%20de%20Servidores\"]}]},{\"@type\":\"ImageObject\",\"inLanguage\":\"es\",\"@id\":\"http:\/\/SSL%20-%20AKCP%20-%20Sensor%20Status%20Light-Luz%20de%20Estatus%20para%20Sensor%20de%20Temperatura%20para%20Rack%20de%20Servidores#primaryimage\",\"url\":\"https:\/\/servidor-hp.com.co\/netcomp\/wp-content\/uploads\/2018\/05\/hpe-logo-e1597802276155.jpg\",\"contentUrl\":\"https:\/\/servidor-hp.com.co\/netcomp\/wp-content\/uploads\/2018\/05\/hpe-logo-e1597802276155.jpg\",\"width\":350,\"height\":233,\"caption\":\"Servicios - PARA SERVIDOR HP PROLIANT DL380 SFF GEN10 - RACK\"},{\"@type\":\"BreadcrumbList\",\"@id\":\"http:\/\/SSL%20-%20AKCP%20-%20Sensor%20Status%20Light-Luz%20de%20Estatus%20para%20Sensor%20de%20Temperatura%20para%20Rack%20de%20Servidores#breadcrumb\",\"itemListElement\":[{\"@type\":\"ListItem\",\"position\":1,\"name\":\"Portada\",\"item\":\"https:\/\/servidor-hp.com.co\/netcomp\/\"},{\"@type\":\"ListItem\",\"position\":2,\"name\":\"Tienda\",\"item\":\"https:\/\/servidor-hp.com.co\/netcomp\/servidores\/\"},{\"@type\":\"ListItem\",\"position\":3,\"name\":\"HPE HPE ProLiant ML350 Gen9 Server\"}]},{\"@type\":\"WebSite\",\"@id\":\"https:\/\/servidor-hp.com.co\/netcomp\/#website\",\"url\":\"https:\/\/servidor-hp.com.co\/netcomp\/\",\"name\":\"Servidores HP - Nuevos - Usados - Alquiler\",\"description\":\"Tels: (+57) 316 878 8749\",\"alternateName\":\"Servidores HP DELL LENOVO IBM\",\"potentialAction\":[{\"@type\":\"SearchAction\",\"target\":{\"@type\":\"EntryPoint\",\"urlTemplate\":\"https:\/\/servidor-hp.com.co\/netcomp\/?s={search_term_string}\"},\"query-input\":{\"@type\":\"PropertyValueSpecification\",\"valueRequired\":true,\"valueName\":\"search_term_string\"}}],\"inLanguage\":\"es\"}]}<\/script>\n<!-- \/ Yoast SEO plugin. -->","yoast_head_json":{"title":"Productos archivo - Servidores HP - Nuevos - Usados - Alquiler","description":"HPE ProLiant ML350 Gen9 Server HPE 765820-001,\u00ff765820-291,\u00ff765820-371,\u00ff776977-S01,\u00ff776979-S05,\u00ff778161-AA5,\u00ff778163-295,\u00ff835263-001,\u00ff835263-031,\u00ff835263-371,\u00ff835263-AA1,\u00ff835847-035,\u00ff835847-425,\u00ff835848-425,\u00ff835851-S01,\u00ff835853-S05,\u00ff835858-295,\u00ff859040-375,\u00ff860184-035,\u00ffL9C53A,\u00ffL9R81A,\u00ffM3H05A,\u00ffM3H08A,\u00ffM6V70A,\u00ffM6V71A,\u00ffM6V72A,\u00ffP9J11A - Bogota - Colombia - servidor-hp.com.co","robots":{"index":"index","follow":"follow","max-snippet":"max-snippet:-1","max-image-preview":"max-image-preview:large","max-video-preview":"max-video-preview:-1"},"canonical":"http:\/\/SSL - AKCP - Sensor Status Light-Luz de Estatus para Sensor de Temperatura para Rack de Servidores","og_locale":"es_ES","og_type":"article","og_title":"HPE ProLiant ML350 Gen9 Server HPE 765820-001,\u00ff765820-291,\u00ff765820-371,\u00ff776977-S01,\u00ff776979-S05,\u00ff778161-AA5,\u00ff778163-295,\u00ff835263-001,\u00ff835263-031,\u00ff835263-371,\u00ff835263-AA1,\u00ff835847-035,\u00ff835847-425,\u00ff835848-425,\u00ff835851-S01,\u00ff835853-S05,\u00ff835858-295,\u00ff859040-375,\u00ff860184-035,\u00ffL9C53A,\u00ffL9R81A,\u00ffM3H05A,\u00ffM3H08A,\u00ffM6V70A,\u00ffM6V71A,\u00ffM6V72A,\u00ffP9J11A","og_description":"HPE ProLiant ML350 Gen9 Server HPE 765820-001,\u00ff765820-291,\u00ff765820-371,\u00ff776977-S01,\u00ff776979-S05,\u00ff778161-AA5,\u00ff778163-295,\u00ff835263-001,\u00ff835263-031,\u00ff835263-371,\u00ff835263-AA1,\u00ff835847-035,\u00ff835847-425,\u00ff835848-425,\u00ff835851-S01,\u00ff835853-S05,\u00ff835858-295,\u00ff859040-375,\u00ff860184-035,\u00ffL9C53A,\u00ffL9R81A,\u00ffM3H05A,\u00ffM3H08A,\u00ffM6V70A,\u00ffM6V71A,\u00ffM6V72A,\u00ffP9J11A - Bogota - Colombia - servidor-hp.com.co","og_url":"http:\/\/SSL - AKCP - Sensor Status Light-Luz de Estatus para Sensor de Temperatura para Rack de Servidores","og_site_name":"Servidores HP - Nuevos - Usados - Alquiler","article_modified_time":"2023-03-07T01:20:51+00:00","og_image":[{"width":1280,"height":720,"url":"https:\/\/servidor-hp.com.co\/netcomp\/wp-content\/uploads\/2018\/12\/spx-sensores-temperatura-akcp.jpg","type":"image\/jpeg"}],"twitter_card":"summary_large_image","twitter_title":"HPE ProLiant ML350 Gen9 Server HPE 765820-001,\u00ff765820-291,\u00ff765820-371,\u00ff776977-S01,\u00ff776979-S05,\u00ff778161-AA5,\u00ff778163-295,\u00ff835263-001,\u00ff835263-031,\u00ff835263-371,\u00ff835263-AA1,\u00ff835847-035,\u00ff835847-425,\u00ff835848-425,\u00ff835851-S01,\u00ff835853-S05,\u00ff835858-295,\u00ff859040-375,\u00ff860184-035,\u00ffL9C53A,\u00ffL9R81A,\u00ffM3H05A,\u00ffM3H08A,\u00ffM6V70A,\u00ffM6V71A,\u00ffM6V72A,\u00ffP9J11A","twitter_description":"HPE ProLiant ML350 Gen9 Server HPE 765820-001,\u00ff765820-291,\u00ff765820-371,\u00ff776977-S01,\u00ff776979-S05,\u00ff778161-AA5,\u00ff778163-295,\u00ff835263-001,\u00ff835263-031,\u00ff835263-371,\u00ff835263-AA1,\u00ff835847-035,\u00ff835847-425,\u00ff835848-425,\u00ff835851-S01,\u00ff835853-S05,\u00ff835858-295,\u00ff859040-375,\u00ff860184-035,\u00ffL9C53A,\u00ffL9R81A,\u00ffM3H05A,\u00ffM3H08A,\u00ffM6V70A,\u00ffM6V71A,\u00ffM6V72A,\u00ffP9J11A - Bogota - Colombia - servidor-hp.com.co","twitter_image":"https:\/\/servidor-hp.com.co\/netcomp\/wp-content\/uploads\/2018\/05\/hpe-logo-e1597802276155.jpg","twitter_misc":{"Tiempo de lectura":"1 minuto"},"schema":{"@context":"https:\/\/schema.org","@graph":[{"@type":"WebPage","@id":"https:\/\/servidor-hp.com.co\/netcomp\/servidores\/servidores-hp-ibm-cisco\/hpe-hpe-proliant-ml350-gen9-server-9\/","url":"http:\/\/SSL%20-%20AKCP%20-%20Sensor%20Status%20Light-Luz%20de%20Estatus%20para%20Sensor%20de%20Temperatura%20para%20Rack%20de%20Servidores","name":"Productos archivo - Servidores HP - Nuevos - Usados - Alquiler","isPartOf":{"@id":"https:\/\/servidor-hp.com.co\/netcomp\/#website"},"primaryImageOfPage":{"@id":"http:\/\/SSL%20-%20AKCP%20-%20Sensor%20Status%20Light-Luz%20de%20Estatus%20para%20Sensor%20de%20Temperatura%20para%20Rack%20de%20Servidores#primaryimage"},"image":{"@id":"http:\/\/SSL%20-%20AKCP%20-%20Sensor%20Status%20Light-Luz%20de%20Estatus%20para%20Sensor%20de%20Temperatura%20para%20Rack%20de%20Servidores#primaryimage"},"thumbnailUrl":"https:\/\/servidor-hp.com.co\/netcomp\/wp-content\/uploads\/2018\/05\/hpe-logo-e1597802276155.jpg","datePublished":"2022-05-30T06:58:00+00:00","dateModified":"2023-03-07T01:20:51+00:00","description":"HPE ProLiant ML350 Gen9 Server HPE 765820-001,\u00ff765820-291,\u00ff765820-371,\u00ff776977-S01,\u00ff776979-S05,\u00ff778161-AA5,\u00ff778163-295,\u00ff835263-001,\u00ff835263-031,\u00ff835263-371,\u00ff835263-AA1,\u00ff835847-035,\u00ff835847-425,\u00ff835848-425,\u00ff835851-S01,\u00ff835853-S05,\u00ff835858-295,\u00ff859040-375,\u00ff860184-035,\u00ffL9C53A,\u00ffL9R81A,\u00ffM3H05A,\u00ffM3H08A,\u00ffM6V70A,\u00ffM6V71A,\u00ffM6V72A,\u00ffP9J11A - Bogota - Colombia - servidor-hp.com.co","breadcrumb":{"@id":"http:\/\/SSL%20-%20AKCP%20-%20Sensor%20Status%20Light-Luz%20de%20Estatus%20para%20Sensor%20de%20Temperatura%20para%20Rack%20de%20Servidores#breadcrumb"},"inLanguage":"es","potentialAction":[{"@type":"ReadAction","target":["http:\/\/SSL%20-%20AKCP%20-%20Sensor%20Status%20Light-Luz%20de%20Estatus%20para%20Sensor%20de%20Temperatura%20para%20Rack%20de%20Servidores"]}]},{"@type":"ImageObject","inLanguage":"es","@id":"http:\/\/SSL%20-%20AKCP%20-%20Sensor%20Status%20Light-Luz%20de%20Estatus%20para%20Sensor%20de%20Temperatura%20para%20Rack%20de%20Servidores#primaryimage","url":"https:\/\/servidor-hp.com.co\/netcomp\/wp-content\/uploads\/2018\/05\/hpe-logo-e1597802276155.jpg","contentUrl":"https:\/\/servidor-hp.com.co\/netcomp\/wp-content\/uploads\/2018\/05\/hpe-logo-e1597802276155.jpg","width":350,"height":233,"caption":"Servicios - PARA SERVIDOR HP PROLIANT DL380 SFF GEN10 - RACK"},{"@type":"BreadcrumbList","@id":"http:\/\/SSL%20-%20AKCP%20-%20Sensor%20Status%20Light-Luz%20de%20Estatus%20para%20Sensor%20de%20Temperatura%20para%20Rack%20de%20Servidores#breadcrumb","itemListElement":[{"@type":"ListItem","position":1,"name":"Portada","item":"https:\/\/servidor-hp.com.co\/netcomp\/"},{"@type":"ListItem","position":2,"name":"Tienda","item":"https:\/\/servidor-hp.com.co\/netcomp\/servidores\/"},{"@type":"ListItem","position":3,"name":"HPE HPE ProLiant ML350 Gen9 Server"}]},{"@type":"WebSite","@id":"https:\/\/servidor-hp.com.co\/netcomp\/#website","url":"https:\/\/servidor-hp.com.co\/netcomp\/","name":"Servidores HP - Nuevos - Usados - Alquiler","description":"Tels: (+57) 316 878 8749","alternateName":"Servidores HP DELL LENOVO IBM","potentialAction":[{"@type":"SearchAction","target":{"@type":"EntryPoint","urlTemplate":"https:\/\/servidor-hp.com.co\/netcomp\/?s={search_term_string}"},"query-input":{"@type":"PropertyValueSpecification","valueRequired":true,"valueName":"search_term_string"}}],"inLanguage":"es"}]}},"_links":{"self":[{"href":"https:\/\/servidor-hp.com.co\/netcomp\/wp-json\/wp\/v2\/product\/27977","targetHints":{"allow":["GET"]}}],"collection":[{"href":"https:\/\/servidor-hp.com.co\/netcomp\/wp-json\/wp\/v2\/product"}],"about":[{"href":"https:\/\/servidor-hp.com.co\/netcomp\/wp-json\/wp\/v2\/types\/product"}],"replies":[{"embeddable":true,"href":"https:\/\/servidor-hp.com.co\/netcomp\/wp-json\/wp\/v2\/comments?post=27977"}],"wp:featuredmedia":[{"embeddable":true,"href":"https:\/\/servidor-hp.com.co\/netcomp\/wp-json\/wp\/v2\/media\/19713"}],"wp:attachment":[{"href":"https:\/\/servidor-hp.com.co\/netcomp\/wp-json\/wp\/v2\/media?parent=27977"}],"wp:term":[{"taxonomy":"product_brand","embeddable":true,"href":"https:\/\/servidor-hp.com.co\/netcomp\/wp-json\/wp\/v2\/product_brand?post=27977"},{"taxonomy":"product_cat","embeddable":true,"href":"https:\/\/servidor-hp.com.co\/netcomp\/wp-json\/wp\/v2\/product_cat?post=27977"},{"taxonomy":"product_tag","embeddable":true,"href":"https:\/\/servidor-hp.com.co\/netcomp\/wp-json\/wp\/v2\/product_tag?post=27977"}],"curies":[{"name":"wp","href":"https:\/\/api.w.org\/{rel}","templated":true}]}}