{"id":22743,"date":"2021-06-30T17:08:47","date_gmt":"2021-06-30T22:08:47","guid":{"rendered":"https:\/\/servidor-hp.com.co\/netcomp\/?post_type=product&#038;p=22743"},"modified":"2022-01-10T23:14:50","modified_gmt":"2022-01-11T04:14:50","slug":"detector-pir-inalambrico-n-p-ds-pdp15p-eg2-wb","status":"publish","type":"product","link":"https:\/\/servidor-hp.com.co\/netcomp\/servidores\/alarmas\/detector-pir-inalambrico-n-p-ds-pdp15p-eg2-wb\/","title":{"rendered":"DETECTOR PIR INAL\u00c1MBRICO N\/P: DS-PDP15P-EG2-WB"},"content":{"rendered":"<h1 class=\"hpe-more-informationcontent\" style=\"text-align: center;\"><span style=\"color: #2445a2; font-family: tahoma, arial, helvetica, sans-serif; font-size: 24pt;\"><b>DETECTOR PIR INAL\u00c1MBRICO INTERIOR SERIE AXPRO- HIKVISION<\/b><\/span><\/h1>\n<h1 class=\"hpe-more-informationcontent\" style=\"text-align: center;\"><span style=\"color: #2445a2; font-family: tahoma, arial, helvetica, sans-serif; font-size: 24pt;\"><strong>N\/P:\u00a0\u00a0DS-PDP15P-EG2-WB<\/strong><\/span><\/h1>\n<p>&nbsp;<\/p>\n<h2 id=\"product_title_189858\" class=\"no_margin_top titulo_vista_producto\" style=\"text-align: center;\"><span style=\"color: #d0121a; font-family: tahoma, arial, helvetica, sans-serif; font-size: 24pt;\">Inmunidad a Mascotas \/ Rango de Detecci\u00f3n de 15 mts \/<\/span><\/h2>\n<h2 class=\"no_margin_top titulo_vista_producto\" style=\"text-align: center;\"><span style=\"color: #d0121a; font-family: tahoma, arial, helvetica, sans-serif; font-size: 24pt;\">Angulo de 85.9\u00b0 de Cobertura<\/span><\/h2>\n<h2><\/h2>\n<h3 class=\"hpe-more-informationcontent\"><span style=\"color: #000000; font-family: tahoma, arial, helvetica, sans-serif;\">Detector inal\u00e1mbrico bidireccional totalmente supervisado que ofrece protecci\u00f3n contra manipulaci\u00f3n por detecci\u00f3n de movimiento y microondas, bater\u00eda baja y supervisi\u00f3n. Puede funcionar por hasta 5 a\u00f1os desde dos bater\u00edas incorporadas y monitorea el \u00e1rea dentro de un radio de 15 m, ignora a los animales y reconoce a los humanos desde el primer paso.<\/span><\/h3>\n<p>&nbsp;<\/p>\n<p>&nbsp;<\/p>\n<h3 class=\"hpe-more-informationcontent\"><span style=\"font-family: tahoma, arial, helvetica, sans-serif; color: #000000;\"><b>Caracter\u00edsticas principales:<\/b><\/span><\/h3>\n<h3 class=\"hpe-more-informationcontent\"><span style=\"font-family: tahoma, arial, helvetica, sans-serif; color: #000000;\"><b>Alarma de intrusi\u00f3n.<\/b><\/span><\/h3>\n<h3 class=\"hpe-more-informationcontent\"><span style=\"font-family: tahoma, arial, helvetica, sans-serif; color: #000000;\"><b>Rango de detecci\u00f3n: 15 m.<\/b><\/span><\/h3>\n<h3 class=\"hpe-more-informationcontent\"><span style=\"font-family: tahoma, arial, helvetica, sans-serif; color: #000000;\"><b>\u00c1ngulo de detecci\u00f3n: 85.9\u00b0.<\/b><\/span><\/h3>\n<p>&nbsp;<\/p>\n<p>&nbsp;<\/p>\n<h3 style=\"text-align: center;\"><span style=\"font-family: tahoma, arial, helvetica, sans-serif; font-size: 14pt;\"><a title=\"Tienda - Precio y Venta Servidores HP\" href=\"https:\/\/netcomp.co\/es\/132-servidores-hp-lenovo-dell-partes\" target=\"_blank\" rel=\"noopener noreferrer\"><strong>DISPONEMOS DE UNA AMPLIA GAMA DE SERVIDORES HP PROLIANT PARA <\/strong><\/a><\/span><\/h3>\n<h3 style=\"text-align: center;\"><span style=\"font-family: tahoma, arial, helvetica, sans-serif; font-size: 14pt;\"><a title=\"Tienda - Precio y Venta Servidores HP\" href=\"https:\/\/netcomp.co\/es\/132-servidores-hp-lenovo-dell-partes\" target=\"_blank\" rel=\"noopener noreferrer\"><strong>VENTA \/ ARRENDAMIENTO \/ ALQUILER : <\/strong><\/a><\/span><\/h3>\n<h3 style=\"text-align: center;\"><a title=\"Tienda - Precio y Venta Servidores HP\" href=\"https:\/\/netcomp.co\/es\/132-servidores-hp-lenovo-dell-partes\" target=\"_blank\" rel=\"noopener noreferrer\"><span style=\"font-family: tahoma, arial, helvetica, sans-serif; font-size: 14pt;\"><strong>ML350 \/ ML150 \/ DL320 \/ DL360 \/ DL380 <\/strong><\/span><strong><span style=\"font-family: tahoma, arial, helvetica, sans-serif; font-size: 14pt;\">PARA COMPRAR CLICK AQUI!<\/span><\/strong><\/a><\/h3>\n<p>&nbsp;<\/p>\n<h2><strong><a href=\"https:\/\/api.whatsapp.com\/send?phone=573168788749\" target=\"_blank\" rel=\"noopener noreferrer\"><img loading=\"lazy\" decoding=\"async\" class=\"wp-image-20467 aligncenter\" src=\"http:\/\/cableado-estructurado.com.co\/netcomp\/wp-content\/uploads\/2018\/07\/whatsapp-logo-mensaje.jpg\" alt=\"\" width=\"290\" height=\"220\" \/><\/a><\/strong><\/h2>\n<h2><img loading=\"lazy\" decoding=\"async\" class=\"wp-image-21775 aligncenter\" src=\"https:\/\/servidor-hp.com.co\/netcomp\/wp-content\/uploads\/2019\/05\/boton-ventas-servidor.png\" alt=\"\" width=\"495\" height=\"153\" \/><\/h2>\n<hr \/>\n<h3><\/h3>\n","protected":false},"excerpt":{"rendered":"<p>DETECTOR PIR INAL\u00c1MBRICO INTERIOR SERIE AXPRO- HIKVISION N\/P:\u00a0\u00a0DS-PDP15P-EG2-WB &nbsp; Inmunidad a Mascotas \/ Rango de Detecci\u00f3n de 15 mts \/ Angulo de 85.9\u00b0 de Cobertura Detector inal\u00e1mbrico bidireccional totalmente supervisado que ofrece protecci\u00f3n contra manipulaci\u00f3n por detecci\u00f3n de movimiento y microondas, bater\u00eda baja y supervisi\u00f3n. Puede funcionar por hasta 5 a\u00f1os desde dos bater\u00edas incorporadas [&hellip;]<\/p>\n","protected":false},"featured_media":22744,"comment_status":"closed","ping_status":"closed","template":"","meta":{"_et_pb_use_builder":"","_et_pb_old_content":"","_et_gb_content_width":""},"product_brand":[],"product_cat":[20983],"product_tag":[20976,20977,20990,20980,20978,20979,20981],"class_list":{"0":"post-22743","1":"product","2":"type-product","3":"status-publish","4":"has-post-thumbnail","6":"product_cat-alarmas","7":"product_tag-alarma","8":"product_tag-alarmas-inalambricas","9":"product_tag-ds-pdp15p-eg2-wb","10":"product_tag-seguridad","11":"product_tag-seguridad-empresarial","12":"product_tag-sirenas-de-emergencia","13":"product_tag-vigilancia","15":"first","16":"instock","17":"product-type-simple"},"yoast_head":"<!-- This site is optimized with the Yoast SEO plugin v27.2 - https:\/\/yoast.com\/product\/yoast-seo-wordpress\/ -->\n<title>DETECTOR PIR INAL\u00c1MBRICO N\/P: DS-PDP15P-EG2-WB - Servidores HP - Nuevos - Usados - Alquiler<\/title>\n<meta name=\"description\" content=\"DETECTOR PIR INAL\u00c1MBRICO N\/P: DS-PDP15P-EG2-WB - - Precio y Disponibilidad en Bogota - Colombia - servidor-hp.com.co\" \/>\n<meta name=\"robots\" content=\"index, follow, max-snippet:-1, max-image-preview:large, max-video-preview:-1\" \/>\n<link rel=\"canonical\" href=\"https:\/\/servidor-hp.com.co\/netcomp\/servidores\/alarmas\/detector-pir-inalambrico-n-p-ds-pdp15p-eg2-wb\/\" \/>\n<meta property=\"og:locale\" content=\"es_ES\" \/>\n<meta property=\"og:type\" content=\"article\" \/>\n<meta property=\"og:title\" content=\"DETECTOR PIR INAL\u00c1MBRICO N\/P: DS-PDP15P-EG2-WB - Servidores HP - Nuevos - Usados - Alquiler\" \/>\n<meta property=\"og:description\" content=\"DETECTOR PIR INAL\u00c1MBRICO N\/P: DS-PDP15P-EG2-WB - - Precio y Disponibilidad en Bogota - Colombia - servidor-hp.com.co\" \/>\n<meta property=\"og:url\" content=\"https:\/\/servidor-hp.com.co\/netcomp\/servidores\/alarmas\/detector-pir-inalambrico-n-p-ds-pdp15p-eg2-wb\/\" \/>\n<meta property=\"og:site_name\" content=\"Servidores HP - Nuevos - Usados - Alquiler\" \/>\n<meta property=\"article:modified_time\" content=\"2022-01-11T04:14:50+00:00\" \/>\n<meta property=\"og:image\" content=\"https:\/\/servidor-hp.com.co\/netcomp\/wp-content\/uploads\/2021\/06\/detector-ds-pdp15p-eg2-wb-1.jpg\" \/>\n\t<meta property=\"og:image:width\" content=\"800\" \/>\n\t<meta property=\"og:image:height\" content=\"800\" \/>\n\t<meta property=\"og:image:type\" content=\"image\/jpeg\" \/>\n<meta name=\"twitter:card\" content=\"summary_large_image\" \/>\n<meta name=\"twitter:label1\" content=\"Tiempo de lectura\" \/>\n\t<meta name=\"twitter:data1\" content=\"1 minuto\" \/>\n<script type=\"application\/ld+json\" class=\"yoast-schema-graph\">{\"@context\":\"https:\/\/schema.org\",\"@graph\":[{\"@type\":\"WebPage\",\"@id\":\"https:\/\/servidor-hp.com.co\/netcomp\/servidores\/alarmas\/detector-pir-inalambrico-n-p-ds-pdp15p-eg2-wb\/\",\"url\":\"https:\/\/servidor-hp.com.co\/netcomp\/servidores\/alarmas\/detector-pir-inalambrico-n-p-ds-pdp15p-eg2-wb\/\",\"name\":\"DETECTOR PIR INAL\u00c1MBRICO N\/P: DS-PDP15P-EG2-WB - Servidores HP - Nuevos - Usados - Alquiler\",\"isPartOf\":{\"@id\":\"https:\/\/servidor-hp.com.co\/netcomp\/#website\"},\"primaryImageOfPage\":{\"@id\":\"https:\/\/servidor-hp.com.co\/netcomp\/servidores\/alarmas\/detector-pir-inalambrico-n-p-ds-pdp15p-eg2-wb\/#primaryimage\"},\"image\":{\"@id\":\"https:\/\/servidor-hp.com.co\/netcomp\/servidores\/alarmas\/detector-pir-inalambrico-n-p-ds-pdp15p-eg2-wb\/#primaryimage\"},\"thumbnailUrl\":\"https:\/\/servidor-hp.com.co\/netcomp\/wp-content\/uploads\/2021\/06\/detector-ds-pdp15p-eg2-wb.jpg\",\"datePublished\":\"2021-06-30T22:08:47+00:00\",\"dateModified\":\"2022-01-11T04:14:50+00:00\",\"description\":\"DETECTOR PIR INAL\u00c1MBRICO N\/P: DS-PDP15P-EG2-WB - - Precio y Disponibilidad en Bogota - Colombia - servidor-hp.com.co\",\"breadcrumb\":{\"@id\":\"https:\/\/servidor-hp.com.co\/netcomp\/servidores\/alarmas\/detector-pir-inalambrico-n-p-ds-pdp15p-eg2-wb\/#breadcrumb\"},\"inLanguage\":\"es\",\"potentialAction\":[{\"@type\":\"ReadAction\",\"target\":[\"https:\/\/servidor-hp.com.co\/netcomp\/servidores\/alarmas\/detector-pir-inalambrico-n-p-ds-pdp15p-eg2-wb\/\"]}]},{\"@type\":\"ImageObject\",\"inLanguage\":\"es\",\"@id\":\"https:\/\/servidor-hp.com.co\/netcomp\/servidores\/alarmas\/detector-pir-inalambrico-n-p-ds-pdp15p-eg2-wb\/#primaryimage\",\"url\":\"https:\/\/servidor-hp.com.co\/netcomp\/wp-content\/uploads\/2021\/06\/detector-ds-pdp15p-eg2-wb.jpg\",\"contentUrl\":\"https:\/\/servidor-hp.com.co\/netcomp\/wp-content\/uploads\/2021\/06\/detector-ds-pdp15p-eg2-wb.jpg\",\"width\":800,\"height\":800},{\"@type\":\"BreadcrumbList\",\"@id\":\"https:\/\/servidor-hp.com.co\/netcomp\/servidores\/alarmas\/detector-pir-inalambrico-n-p-ds-pdp15p-eg2-wb\/#breadcrumb\",\"itemListElement\":[{\"@type\":\"ListItem\",\"position\":1,\"name\":\"Portada\",\"item\":\"https:\/\/servidor-hp.com.co\/netcomp\/\"},{\"@type\":\"ListItem\",\"position\":2,\"name\":\"Tienda\",\"item\":\"https:\/\/servidor-hp.com.co\/netcomp\/servidores\/\"},{\"@type\":\"ListItem\",\"position\":3,\"name\":\"DETECTOR PIR INAL\u00c1MBRICO N\/P: DS-PDP15P-EG2-WB\"}]},{\"@type\":\"WebSite\",\"@id\":\"https:\/\/servidor-hp.com.co\/netcomp\/#website\",\"url\":\"https:\/\/servidor-hp.com.co\/netcomp\/\",\"name\":\"Servidores HP - Nuevos - Usados - Alquiler\",\"description\":\"Tels: (+57) 316 878 8749\",\"alternateName\":\"Servidores HP DELL LENOVO IBM\",\"potentialAction\":[{\"@type\":\"SearchAction\",\"target\":{\"@type\":\"EntryPoint\",\"urlTemplate\":\"https:\/\/servidor-hp.com.co\/netcomp\/?s={search_term_string}\"},\"query-input\":{\"@type\":\"PropertyValueSpecification\",\"valueRequired\":true,\"valueName\":\"search_term_string\"}}],\"inLanguage\":\"es\"}]}<\/script>\n<!-- \/ Yoast SEO plugin. -->","yoast_head_json":{"title":"DETECTOR PIR INAL\u00c1MBRICO N\/P: DS-PDP15P-EG2-WB - Servidores HP - Nuevos - Usados - Alquiler","description":"DETECTOR PIR INAL\u00c1MBRICO N\/P: DS-PDP15P-EG2-WB - - Precio y Disponibilidad en Bogota - Colombia - servidor-hp.com.co","robots":{"index":"index","follow":"follow","max-snippet":"max-snippet:-1","max-image-preview":"max-image-preview:large","max-video-preview":"max-video-preview:-1"},"canonical":"https:\/\/servidor-hp.com.co\/netcomp\/servidores\/alarmas\/detector-pir-inalambrico-n-p-ds-pdp15p-eg2-wb\/","og_locale":"es_ES","og_type":"article","og_title":"DETECTOR PIR INAL\u00c1MBRICO N\/P: DS-PDP15P-EG2-WB - Servidores HP - Nuevos - Usados - Alquiler","og_description":"DETECTOR PIR INAL\u00c1MBRICO N\/P: DS-PDP15P-EG2-WB - - Precio y Disponibilidad en Bogota - Colombia - servidor-hp.com.co","og_url":"https:\/\/servidor-hp.com.co\/netcomp\/servidores\/alarmas\/detector-pir-inalambrico-n-p-ds-pdp15p-eg2-wb\/","og_site_name":"Servidores HP - Nuevos - Usados - Alquiler","article_modified_time":"2022-01-11T04:14:50+00:00","og_image":[{"width":800,"height":800,"url":"https:\/\/servidor-hp.com.co\/netcomp\/wp-content\/uploads\/2021\/06\/detector-ds-pdp15p-eg2-wb-1.jpg","type":"image\/jpeg"}],"twitter_card":"summary_large_image","twitter_misc":{"Tiempo de lectura":"1 minuto"},"schema":{"@context":"https:\/\/schema.org","@graph":[{"@type":"WebPage","@id":"https:\/\/servidor-hp.com.co\/netcomp\/servidores\/alarmas\/detector-pir-inalambrico-n-p-ds-pdp15p-eg2-wb\/","url":"https:\/\/servidor-hp.com.co\/netcomp\/servidores\/alarmas\/detector-pir-inalambrico-n-p-ds-pdp15p-eg2-wb\/","name":"DETECTOR PIR INAL\u00c1MBRICO N\/P: DS-PDP15P-EG2-WB - Servidores HP - Nuevos - Usados - Alquiler","isPartOf":{"@id":"https:\/\/servidor-hp.com.co\/netcomp\/#website"},"primaryImageOfPage":{"@id":"https:\/\/servidor-hp.com.co\/netcomp\/servidores\/alarmas\/detector-pir-inalambrico-n-p-ds-pdp15p-eg2-wb\/#primaryimage"},"image":{"@id":"https:\/\/servidor-hp.com.co\/netcomp\/servidores\/alarmas\/detector-pir-inalambrico-n-p-ds-pdp15p-eg2-wb\/#primaryimage"},"thumbnailUrl":"https:\/\/servidor-hp.com.co\/netcomp\/wp-content\/uploads\/2021\/06\/detector-ds-pdp15p-eg2-wb.jpg","datePublished":"2021-06-30T22:08:47+00:00","dateModified":"2022-01-11T04:14:50+00:00","description":"DETECTOR PIR INAL\u00c1MBRICO N\/P: DS-PDP15P-EG2-WB - - Precio y Disponibilidad en Bogota - Colombia - servidor-hp.com.co","breadcrumb":{"@id":"https:\/\/servidor-hp.com.co\/netcomp\/servidores\/alarmas\/detector-pir-inalambrico-n-p-ds-pdp15p-eg2-wb\/#breadcrumb"},"inLanguage":"es","potentialAction":[{"@type":"ReadAction","target":["https:\/\/servidor-hp.com.co\/netcomp\/servidores\/alarmas\/detector-pir-inalambrico-n-p-ds-pdp15p-eg2-wb\/"]}]},{"@type":"ImageObject","inLanguage":"es","@id":"https:\/\/servidor-hp.com.co\/netcomp\/servidores\/alarmas\/detector-pir-inalambrico-n-p-ds-pdp15p-eg2-wb\/#primaryimage","url":"https:\/\/servidor-hp.com.co\/netcomp\/wp-content\/uploads\/2021\/06\/detector-ds-pdp15p-eg2-wb.jpg","contentUrl":"https:\/\/servidor-hp.com.co\/netcomp\/wp-content\/uploads\/2021\/06\/detector-ds-pdp15p-eg2-wb.jpg","width":800,"height":800},{"@type":"BreadcrumbList","@id":"https:\/\/servidor-hp.com.co\/netcomp\/servidores\/alarmas\/detector-pir-inalambrico-n-p-ds-pdp15p-eg2-wb\/#breadcrumb","itemListElement":[{"@type":"ListItem","position":1,"name":"Portada","item":"https:\/\/servidor-hp.com.co\/netcomp\/"},{"@type":"ListItem","position":2,"name":"Tienda","item":"https:\/\/servidor-hp.com.co\/netcomp\/servidores\/"},{"@type":"ListItem","position":3,"name":"DETECTOR PIR INAL\u00c1MBRICO N\/P: DS-PDP15P-EG2-WB"}]},{"@type":"WebSite","@id":"https:\/\/servidor-hp.com.co\/netcomp\/#website","url":"https:\/\/servidor-hp.com.co\/netcomp\/","name":"Servidores HP - Nuevos - Usados - Alquiler","description":"Tels: (+57) 316 878 8749","alternateName":"Servidores HP DELL LENOVO IBM","potentialAction":[{"@type":"SearchAction","target":{"@type":"EntryPoint","urlTemplate":"https:\/\/servidor-hp.com.co\/netcomp\/?s={search_term_string}"},"query-input":{"@type":"PropertyValueSpecification","valueRequired":true,"valueName":"search_term_string"}}],"inLanguage":"es"}]}},"_links":{"self":[{"href":"https:\/\/servidor-hp.com.co\/netcomp\/wp-json\/wp\/v2\/product\/22743","targetHints":{"allow":["GET"]}}],"collection":[{"href":"https:\/\/servidor-hp.com.co\/netcomp\/wp-json\/wp\/v2\/product"}],"about":[{"href":"https:\/\/servidor-hp.com.co\/netcomp\/wp-json\/wp\/v2\/types\/product"}],"replies":[{"embeddable":true,"href":"https:\/\/servidor-hp.com.co\/netcomp\/wp-json\/wp\/v2\/comments?post=22743"}],"wp:featuredmedia":[{"embeddable":true,"href":"https:\/\/servidor-hp.com.co\/netcomp\/wp-json\/wp\/v2\/media\/22744"}],"wp:attachment":[{"href":"https:\/\/servidor-hp.com.co\/netcomp\/wp-json\/wp\/v2\/media?parent=22743"}],"wp:term":[{"taxonomy":"product_brand","embeddable":true,"href":"https:\/\/servidor-hp.com.co\/netcomp\/wp-json\/wp\/v2\/product_brand?post=22743"},{"taxonomy":"product_cat","embeddable":true,"href":"https:\/\/servidor-hp.com.co\/netcomp\/wp-json\/wp\/v2\/product_cat?post=22743"},{"taxonomy":"product_tag","embeddable":true,"href":"https:\/\/servidor-hp.com.co\/netcomp\/wp-json\/wp\/v2\/product_tag?post=22743"}],"curies":[{"name":"wp","href":"https:\/\/api.w.org\/{rel}","templated":true}]}}