{"id":22735,"date":"2021-06-30T16:54:50","date_gmt":"2021-06-30T21:54:50","guid":{"rendered":"https:\/\/servidor-hp.com.co\/netcomp\/?post_type=product&#038;p=22735"},"modified":"2021-06-30T17:01:59","modified_gmt":"2021-06-30T22:01:59","slug":"sirena-inalambrica-n-p-ds-ps1-e-wb-b","status":"publish","type":"product","link":"https:\/\/servidor-hp.com.co\/netcomp\/servidores\/alarmas\/sirena-inalambrica-n-p-ds-ps1-e-wb-b\/","title":{"rendered":"SIRENA  INAL\u00c1MBRICA N\/P: DS-PS1-E-WB\/B"},"content":{"rendered":"<h1 class=\"no_margin_top titulo_vista_producto\" style=\"text-align: center;\"><span style=\"color: #2445a2; font-family: tahoma, arial, helvetica, sans-serif;\"><strong>SIRENA\u00a0INALAMBRICA\u00a0PARA EXTERIORES \/HIKVISION\u00a0<\/strong><strong>(AX PRO) N\/P:\u00a0DS-PS1-E-WB\/B<\/strong><\/span><\/h1>\n<p>&nbsp;<\/p>\n<p>&nbsp;<\/p>\n<h2 class=\"hpe-more-informationcontent\"><span style=\"color: #000000; font-family: tahoma, arial, helvetica, sans-serif;\">La sirena externa inal\u00e1mbrica, que admite comunicaci\u00f3n inal\u00e1mbrica de 433 MHz, protocolo inal\u00e1mbrico Tri-X, m\u00faltiples m\u00e9todos de inscripci\u00f3n, comunicaci\u00f3n inal\u00e1mbrica bidireccional, m\u00faltiples sonidos de alarma e indicaci\u00f3n de luz estrobosc\u00f3pica, se utiliza para alertas de alarma instant\u00e1neas.<\/span><\/h2>\n<p>&nbsp;<\/p>\n<p>&nbsp;<\/p>\n<p>&nbsp;<\/p>\n<h3><span style=\"font-family: tahoma, arial, helvetica, sans-serif; color: #000000;\"><strong>Caracter\u00edsticas principales:<\/strong><\/span><\/h3>\n<ul>\n<li>\n<h3><span style=\"font-family: tahoma, arial, helvetica, sans-serif; color: #000000;\">Buzzer 110 db.<\/span><\/h3>\n<\/li>\n<li>\n<h3><span style=\"font-family: tahoma, arial, helvetica, sans-serif; color: #000000;\">Indicador LED color azul cuando sucede un evento al activarse la sirena (estrobo).<\/span><\/h3>\n<\/li>\n<li>\n<h3><span style=\"font-family: tahoma, arial, helvetica, sans-serif; color: #000000;\">Los datos inal\u00e1mbricos est\u00e1n protegidos por el cifrado AES-128<\/span><\/h3>\n<\/li>\n<\/ul>\n<p>&nbsp;<\/p>\n<h3 style=\"text-align: center;\"><\/h3>\n<h3 style=\"text-align: center;\"><span style=\"font-family: tahoma, arial, helvetica, sans-serif; font-size: 14pt;\"><a title=\"Tienda - Precio y Venta Servidores HP\" href=\"https:\/\/netcomp.co\/es\/132-servidores-hp-lenovo-dell-partes\" target=\"_blank\" rel=\"noopener noreferrer\"><strong>COMPRAR &#8211; DISPONEMOS DE UNA AMPLIA GAMA DE SERVIDORES HP PROLIANT PARA <\/strong><\/a><\/span><\/h3>\n<h3 style=\"text-align: center;\"><span style=\"font-family: tahoma, arial, helvetica, sans-serif; font-size: 14pt;\"><a title=\"Tienda - Precio y Venta Servidores HP\" href=\"https:\/\/netcomp.co\/es\/132-servidores-hp-lenovo-dell-partes\" target=\"_blank\" rel=\"noopener noreferrer\"><strong>VENTA \/ ARRENDAMIENTO \/ ALQUILER : <\/strong><\/a><\/span><\/h3>\n<h3 style=\"text-align: center;\"><a title=\"Tienda - Precio y Venta Servidores HP\" href=\"https:\/\/netcomp.co\/es\/132-servidores-hp-lenovo-dell-partes\" target=\"_blank\" rel=\"noopener noreferrer\"><span style=\"font-family: tahoma, arial, helvetica, sans-serif; font-size: 14pt;\"><strong>ML350 \/ ML150 \/ DL320 \/ DL360 \/ DL380 <\/strong><\/span><strong><span style=\"font-family: tahoma, arial, helvetica, sans-serif; font-size: 14pt;\">PARA COMPRAR CLICK AQUI!<\/span><\/strong><\/a><\/h3>\n<p>&nbsp;<\/p>\n<h2><strong><a href=\"https:\/\/api.whatsapp.com\/send?phone=573168788749\" target=\"_blank\" rel=\"noopener noreferrer\"><img loading=\"lazy\" decoding=\"async\" class=\"wp-image-20467 aligncenter\" src=\"http:\/\/cableado-estructurado.com.co\/netcomp\/wp-content\/uploads\/2018\/07\/whatsapp-logo-mensaje.jpg\" alt=\"\" width=\"290\" height=\"220\" \/><\/a><\/strong><\/h2>\n<h2><img loading=\"lazy\" decoding=\"async\" class=\"wp-image-21775 aligncenter\" src=\"https:\/\/servidor-hp.com.co\/netcomp\/wp-content\/uploads\/2019\/05\/boton-ventas-servidor.png\" alt=\"\" width=\"495\" height=\"153\" \/><\/h2>\n<hr \/>\n<h3><\/h3>\n","protected":false},"excerpt":{"rendered":"<p>SIRENA\u00a0INALAMBRICA\u00a0PARA EXTERIORES \/HIKVISION\u00a0(AX PRO) N\/P:\u00a0DS-PS1-E-WB\/B &nbsp; &nbsp; La sirena externa inal\u00e1mbrica, que admite comunicaci\u00f3n inal\u00e1mbrica de 433 MHz, protocolo inal\u00e1mbrico Tri-X, m\u00faltiples m\u00e9todos de inscripci\u00f3n, comunicaci\u00f3n inal\u00e1mbrica bidireccional, m\u00faltiples sonidos de alarma e indicaci\u00f3n de luz estrobosc\u00f3pica, se utiliza para alertas de alarma instant\u00e1neas. &nbsp; &nbsp; &nbsp; Caracter\u00edsticas principales: Buzzer 110 db. Indicador LED color [&hellip;]<\/p>\n","protected":false},"featured_media":22737,"comment_status":"closed","ping_status":"closed","template":"","meta":{"_et_pb_use_builder":"","_et_pb_old_content":"","_et_gb_content_width":""},"product_brand":[],"product_cat":[20983],"product_tag":[20976,20977,20988,20980,20978,20979,20981],"class_list":{"0":"post-22735","1":"product","2":"type-product","3":"status-publish","4":"has-post-thumbnail","6":"product_cat-alarmas","7":"product_tag-alarma","8":"product_tag-alarmas-inalambricas","9":"product_tag-ds-ps1-e-wb-b","10":"product_tag-seguridad","11":"product_tag-seguridad-empresarial","12":"product_tag-sirenas-de-emergencia","13":"product_tag-vigilancia","15":"first","16":"instock","17":"product-type-simple"},"yoast_head":"<!-- This site is optimized with the Yoast SEO plugin v27.2 - https:\/\/yoast.com\/product\/yoast-seo-wordpress\/ -->\n<title>SIRENA INAL\u00c1MBRICA N\/P: DS-PS1-E-WB\/B - Servidores HP - Nuevos - Usados - Alquiler<\/title>\n<meta name=\"description\" content=\"SIRENA INAL\u00c1MBRICA N\/P: DS-PS1-E-WB\/B - - Precio y Disponibilidad en Bogota - Colombia - servidor-hp.com.co\" \/>\n<meta name=\"robots\" content=\"index, follow, max-snippet:-1, max-image-preview:large, max-video-preview:-1\" \/>\n<link rel=\"canonical\" href=\"https:\/\/servidor-hp.com.co\/netcomp\/servidores\/alarmas\/sirena-inalambrica-n-p-ds-ps1-e-wb-b\/\" \/>\n<meta property=\"og:locale\" content=\"es_ES\" \/>\n<meta property=\"og:type\" content=\"article\" \/>\n<meta property=\"og:title\" content=\"SIRENA INAL\u00c1MBRICA N\/P: DS-PS1-E-WB\/B - Servidores HP - Nuevos - Usados - Alquiler\" \/>\n<meta property=\"og:description\" content=\"SIRENA INAL\u00c1MBRICA N\/P: DS-PS1-E-WB\/B - - Precio y Disponibilidad en Bogota - Colombia - servidor-hp.com.co\" \/>\n<meta property=\"og:url\" content=\"https:\/\/servidor-hp.com.co\/netcomp\/servidores\/alarmas\/sirena-inalambrica-n-p-ds-ps1-e-wb-b\/\" \/>\n<meta property=\"og:site_name\" content=\"Servidores HP - Nuevos - Usados - Alquiler\" \/>\n<meta property=\"article:modified_time\" content=\"2021-06-30T22:01:59+00:00\" \/>\n<meta property=\"og:image\" content=\"https:\/\/servidor-hp.com.co\/netcomp\/wp-content\/uploads\/2021\/06\/sirena-np-ds-ps1-e-wbb.jpg\" \/>\n\t<meta property=\"og:image:width\" content=\"800\" \/>\n\t<meta property=\"og:image:height\" content=\"800\" \/>\n\t<meta property=\"og:image:type\" content=\"image\/jpeg\" \/>\n<meta name=\"twitter:card\" content=\"summary_large_image\" \/>\n<meta name=\"twitter:label1\" content=\"Tiempo de lectura\" \/>\n\t<meta name=\"twitter:data1\" content=\"1 minuto\" \/>\n<script type=\"application\/ld+json\" class=\"yoast-schema-graph\">{\"@context\":\"https:\/\/schema.org\",\"@graph\":[{\"@type\":\"WebPage\",\"@id\":\"https:\/\/servidor-hp.com.co\/netcomp\/servidores\/alarmas\/sirena-inalambrica-n-p-ds-ps1-e-wb-b\/\",\"url\":\"https:\/\/servidor-hp.com.co\/netcomp\/servidores\/alarmas\/sirena-inalambrica-n-p-ds-ps1-e-wb-b\/\",\"name\":\"SIRENA INAL\u00c1MBRICA N\/P: DS-PS1-E-WB\/B - Servidores HP - Nuevos - Usados - Alquiler\",\"isPartOf\":{\"@id\":\"https:\/\/servidor-hp.com.co\/netcomp\/#website\"},\"primaryImageOfPage\":{\"@id\":\"https:\/\/servidor-hp.com.co\/netcomp\/servidores\/alarmas\/sirena-inalambrica-n-p-ds-ps1-e-wb-b\/#primaryimage\"},\"image\":{\"@id\":\"https:\/\/servidor-hp.com.co\/netcomp\/servidores\/alarmas\/sirena-inalambrica-n-p-ds-ps1-e-wb-b\/#primaryimage\"},\"thumbnailUrl\":\"https:\/\/servidor-hp.com.co\/netcomp\/wp-content\/uploads\/2021\/06\/sirena-np-ds-ps1-e-wbb.jpg\",\"datePublished\":\"2021-06-30T21:54:50+00:00\",\"dateModified\":\"2021-06-30T22:01:59+00:00\",\"description\":\"SIRENA INAL\u00c1MBRICA N\/P: DS-PS1-E-WB\/B - - Precio y Disponibilidad en Bogota - Colombia - servidor-hp.com.co\",\"breadcrumb\":{\"@id\":\"https:\/\/servidor-hp.com.co\/netcomp\/servidores\/alarmas\/sirena-inalambrica-n-p-ds-ps1-e-wb-b\/#breadcrumb\"},\"inLanguage\":\"es\",\"potentialAction\":[{\"@type\":\"ReadAction\",\"target\":[\"https:\/\/servidor-hp.com.co\/netcomp\/servidores\/alarmas\/sirena-inalambrica-n-p-ds-ps1-e-wb-b\/\"]}]},{\"@type\":\"ImageObject\",\"inLanguage\":\"es\",\"@id\":\"https:\/\/servidor-hp.com.co\/netcomp\/servidores\/alarmas\/sirena-inalambrica-n-p-ds-ps1-e-wb-b\/#primaryimage\",\"url\":\"https:\/\/servidor-hp.com.co\/netcomp\/wp-content\/uploads\/2021\/06\/sirena-np-ds-ps1-e-wbb.jpg\",\"contentUrl\":\"https:\/\/servidor-hp.com.co\/netcomp\/wp-content\/uploads\/2021\/06\/sirena-np-ds-ps1-e-wbb.jpg\",\"width\":800,\"height\":800},{\"@type\":\"BreadcrumbList\",\"@id\":\"https:\/\/servidor-hp.com.co\/netcomp\/servidores\/alarmas\/sirena-inalambrica-n-p-ds-ps1-e-wb-b\/#breadcrumb\",\"itemListElement\":[{\"@type\":\"ListItem\",\"position\":1,\"name\":\"Portada\",\"item\":\"https:\/\/servidor-hp.com.co\/netcomp\/\"},{\"@type\":\"ListItem\",\"position\":2,\"name\":\"Tienda\",\"item\":\"https:\/\/servidor-hp.com.co\/netcomp\/servidores\/\"},{\"@type\":\"ListItem\",\"position\":3,\"name\":\"SIRENA INAL\u00c1MBRICA N\/P: DS-PS1-E-WB\/B\"}]},{\"@type\":\"WebSite\",\"@id\":\"https:\/\/servidor-hp.com.co\/netcomp\/#website\",\"url\":\"https:\/\/servidor-hp.com.co\/netcomp\/\",\"name\":\"Servidores HP - Nuevos - Usados - Alquiler\",\"description\":\"Tels: (+57) 316 878 8749\",\"alternateName\":\"Servidores HP DELL LENOVO IBM\",\"potentialAction\":[{\"@type\":\"SearchAction\",\"target\":{\"@type\":\"EntryPoint\",\"urlTemplate\":\"https:\/\/servidor-hp.com.co\/netcomp\/?s={search_term_string}\"},\"query-input\":{\"@type\":\"PropertyValueSpecification\",\"valueRequired\":true,\"valueName\":\"search_term_string\"}}],\"inLanguage\":\"es\"}]}<\/script>\n<!-- \/ Yoast SEO plugin. -->","yoast_head_json":{"title":"SIRENA INAL\u00c1MBRICA N\/P: DS-PS1-E-WB\/B - Servidores HP - Nuevos - Usados - Alquiler","description":"SIRENA INAL\u00c1MBRICA N\/P: DS-PS1-E-WB\/B - - Precio y Disponibilidad en Bogota - Colombia - servidor-hp.com.co","robots":{"index":"index","follow":"follow","max-snippet":"max-snippet:-1","max-image-preview":"max-image-preview:large","max-video-preview":"max-video-preview:-1"},"canonical":"https:\/\/servidor-hp.com.co\/netcomp\/servidores\/alarmas\/sirena-inalambrica-n-p-ds-ps1-e-wb-b\/","og_locale":"es_ES","og_type":"article","og_title":"SIRENA INAL\u00c1MBRICA N\/P: DS-PS1-E-WB\/B - Servidores HP - Nuevos - Usados - Alquiler","og_description":"SIRENA INAL\u00c1MBRICA N\/P: DS-PS1-E-WB\/B - - Precio y Disponibilidad en Bogota - Colombia - servidor-hp.com.co","og_url":"https:\/\/servidor-hp.com.co\/netcomp\/servidores\/alarmas\/sirena-inalambrica-n-p-ds-ps1-e-wb-b\/","og_site_name":"Servidores HP - Nuevos - Usados - Alquiler","article_modified_time":"2021-06-30T22:01:59+00:00","og_image":[{"width":800,"height":800,"url":"https:\/\/servidor-hp.com.co\/netcomp\/wp-content\/uploads\/2021\/06\/sirena-np-ds-ps1-e-wbb.jpg","type":"image\/jpeg"}],"twitter_card":"summary_large_image","twitter_misc":{"Tiempo de lectura":"1 minuto"},"schema":{"@context":"https:\/\/schema.org","@graph":[{"@type":"WebPage","@id":"https:\/\/servidor-hp.com.co\/netcomp\/servidores\/alarmas\/sirena-inalambrica-n-p-ds-ps1-e-wb-b\/","url":"https:\/\/servidor-hp.com.co\/netcomp\/servidores\/alarmas\/sirena-inalambrica-n-p-ds-ps1-e-wb-b\/","name":"SIRENA INAL\u00c1MBRICA N\/P: DS-PS1-E-WB\/B - Servidores HP - Nuevos - Usados - Alquiler","isPartOf":{"@id":"https:\/\/servidor-hp.com.co\/netcomp\/#website"},"primaryImageOfPage":{"@id":"https:\/\/servidor-hp.com.co\/netcomp\/servidores\/alarmas\/sirena-inalambrica-n-p-ds-ps1-e-wb-b\/#primaryimage"},"image":{"@id":"https:\/\/servidor-hp.com.co\/netcomp\/servidores\/alarmas\/sirena-inalambrica-n-p-ds-ps1-e-wb-b\/#primaryimage"},"thumbnailUrl":"https:\/\/servidor-hp.com.co\/netcomp\/wp-content\/uploads\/2021\/06\/sirena-np-ds-ps1-e-wbb.jpg","datePublished":"2021-06-30T21:54:50+00:00","dateModified":"2021-06-30T22:01:59+00:00","description":"SIRENA INAL\u00c1MBRICA N\/P: DS-PS1-E-WB\/B - - Precio y Disponibilidad en Bogota - Colombia - servidor-hp.com.co","breadcrumb":{"@id":"https:\/\/servidor-hp.com.co\/netcomp\/servidores\/alarmas\/sirena-inalambrica-n-p-ds-ps1-e-wb-b\/#breadcrumb"},"inLanguage":"es","potentialAction":[{"@type":"ReadAction","target":["https:\/\/servidor-hp.com.co\/netcomp\/servidores\/alarmas\/sirena-inalambrica-n-p-ds-ps1-e-wb-b\/"]}]},{"@type":"ImageObject","inLanguage":"es","@id":"https:\/\/servidor-hp.com.co\/netcomp\/servidores\/alarmas\/sirena-inalambrica-n-p-ds-ps1-e-wb-b\/#primaryimage","url":"https:\/\/servidor-hp.com.co\/netcomp\/wp-content\/uploads\/2021\/06\/sirena-np-ds-ps1-e-wbb.jpg","contentUrl":"https:\/\/servidor-hp.com.co\/netcomp\/wp-content\/uploads\/2021\/06\/sirena-np-ds-ps1-e-wbb.jpg","width":800,"height":800},{"@type":"BreadcrumbList","@id":"https:\/\/servidor-hp.com.co\/netcomp\/servidores\/alarmas\/sirena-inalambrica-n-p-ds-ps1-e-wb-b\/#breadcrumb","itemListElement":[{"@type":"ListItem","position":1,"name":"Portada","item":"https:\/\/servidor-hp.com.co\/netcomp\/"},{"@type":"ListItem","position":2,"name":"Tienda","item":"https:\/\/servidor-hp.com.co\/netcomp\/servidores\/"},{"@type":"ListItem","position":3,"name":"SIRENA INAL\u00c1MBRICA N\/P: DS-PS1-E-WB\/B"}]},{"@type":"WebSite","@id":"https:\/\/servidor-hp.com.co\/netcomp\/#website","url":"https:\/\/servidor-hp.com.co\/netcomp\/","name":"Servidores HP - Nuevos - Usados - Alquiler","description":"Tels: (+57) 316 878 8749","alternateName":"Servidores HP DELL LENOVO IBM","potentialAction":[{"@type":"SearchAction","target":{"@type":"EntryPoint","urlTemplate":"https:\/\/servidor-hp.com.co\/netcomp\/?s={search_term_string}"},"query-input":{"@type":"PropertyValueSpecification","valueRequired":true,"valueName":"search_term_string"}}],"inLanguage":"es"}]}},"_links":{"self":[{"href":"https:\/\/servidor-hp.com.co\/netcomp\/wp-json\/wp\/v2\/product\/22735","targetHints":{"allow":["GET"]}}],"collection":[{"href":"https:\/\/servidor-hp.com.co\/netcomp\/wp-json\/wp\/v2\/product"}],"about":[{"href":"https:\/\/servidor-hp.com.co\/netcomp\/wp-json\/wp\/v2\/types\/product"}],"replies":[{"embeddable":true,"href":"https:\/\/servidor-hp.com.co\/netcomp\/wp-json\/wp\/v2\/comments?post=22735"}],"wp:featuredmedia":[{"embeddable":true,"href":"https:\/\/servidor-hp.com.co\/netcomp\/wp-json\/wp\/v2\/media\/22737"}],"wp:attachment":[{"href":"https:\/\/servidor-hp.com.co\/netcomp\/wp-json\/wp\/v2\/media?parent=22735"}],"wp:term":[{"taxonomy":"product_brand","embeddable":true,"href":"https:\/\/servidor-hp.com.co\/netcomp\/wp-json\/wp\/v2\/product_brand?post=22735"},{"taxonomy":"product_cat","embeddable":true,"href":"https:\/\/servidor-hp.com.co\/netcomp\/wp-json\/wp\/v2\/product_cat?post=22735"},{"taxonomy":"product_tag","embeddable":true,"href":"https:\/\/servidor-hp.com.co\/netcomp\/wp-json\/wp\/v2\/product_tag?post=22735"}],"curies":[{"name":"wp","href":"https:\/\/api.w.org\/{rel}","templated":true}]}}