{"id":22719,"date":"2021-06-30T12:18:59","date_gmt":"2021-06-30T17:18:59","guid":{"rendered":"https:\/\/servidor-hp.com.co\/netcomp\/?post_type=product&#038;p=22719"},"modified":"2021-11-01T19:34:52","modified_gmt":"2021-11-02T00:34:52","slug":"discos-duro-sata-dl180-gen10-n-p-p19974-b21","status":"publish","type":"product","link":"https:\/\/servidor-hp.com.co\/netcomp\/servidores\/servidores-hp\/storage-hp\/discos-duro-sata-dl180-gen10-n-p-p19974-b21\/","title":{"rendered":"DISCOS DURO SATA SSD PARA DL180 GEN10 N\/P: P19974-B21"},"content":{"rendered":"<h1 class=\"hpe-product-gallery__title hpe-headline hpe-headline--black hpe-brand-rule hpe-section-headline\" style=\"text-align: center;\"><span style=\"font-family: tahoma, arial, helvetica, sans-serif;\"><strong><span style=\"color: #2445a2;\">DISCO DURO SSD HPE 480GB SATA 6G de LECTURA INTENSIVA &#8211;\u00a0 LFF LPC 5300P <\/span><\/strong><\/span><\/h1>\n<h1 class=\"hpe-product-gallery__title hpe-headline hpe-headline--black hpe-brand-rule hpe-section-headline\" style=\"text-align: center;\"><span style=\"font-family: tahoma, arial, helvetica, sans-serif;\"><strong><span style=\"color: #2445a2;\">N\/P: P19974-B21<\/span><\/strong><\/span><\/h1>\n<div class=\"product-details\">\n<div class=\"bundle\"><\/div>\n<div class=\"m-b-10\"><\/div>\n<\/div>\n<h2><\/h2>\n<h2 style=\"text-align: center;\"><span style=\"color: #000000; font-family: tahoma, arial, helvetica, sans-serif;\">HPE 480 GB, SATA, lectura intensiva, estado s\u00f3lido SSD, factor de forma grande, convertidor de perfil bajo, unidad con 1 a\u00f1o de garant\u00eda<\/span><\/h2>\n<h3><\/h3>\n<h3><\/h3>\n<h3><span style=\"font-family: tahoma, arial, helvetica, sans-serif;\"><strong><span style=\"color: #d0121a;\">Caracter\u00edsticas clave<\/span><\/strong><\/span><\/h3>\n<p>&nbsp;<\/p>\n<p>&nbsp;<\/p>\n<ul>\n<li>\n<h3><span style=\"color: #000000; font-family: tahoma, arial, helvetica, sans-serif;\">Alto rendimiento, confiabilidad excepcional y eficiencia para resultados comerciales m\u00e1s r\u00e1pidos<\/span><\/h3>\n<\/li>\n<li>\n<h3><span style=\"color: #000000; font-family: tahoma, arial, helvetica, sans-serif;\">Las unidades de estado s\u00f3lido HPE son ideales para an\u00e1lisis de big data, computaci\u00f3n en la nube, archivado activo, aplicaciones de bases de datos y almacenamiento de datos.\u00a0<\/span><\/h3>\n<\/li>\n<li>\n<h3><span style=\"color: #000000; font-family: tahoma, arial, helvetica, sans-serif;\">Los SSD de HPE logran IOP m\u00e1s altos para mejorar el rendimiento de su centro de datos.<\/span><\/h3>\n<\/li>\n<li>\n<h3><span style=\"color: #000000; font-family: tahoma, arial, helvetica, sans-serif;\">Kits de habilitaci\u00f3n SAS de 12 Gb \/ s, SATA de 6 Gb \/ s, NVMe, M.2 y M.2.<\/span><\/h3>\n<\/li>\n<li>\n<h3><span style=\"color: #000000; font-family: tahoma, arial, helvetica, sans-serif;\">Los SSD HPE Value SAS ofrecen el doble de velocidad de interfaz que los SSD SATA, lo que mejora el rendimiento de la carga de trabajo<\/span><\/h3>\n<\/li>\n<li>\n<h3><span style=\"color: #000000; font-family: tahoma, arial, helvetica, sans-serif;\">Las unidades de estado s\u00f3lido (SSD) HPE Value SAS admiten 12 Gb \/ s, en comparaci\u00f3n con las SSD SATA a 6 Gb \/ s.<\/span><\/h3>\n<\/li>\n<\/ul>\n<p>&nbsp;<\/p>\n<h3 style=\"text-align: center;\"><span style=\"font-family: tahoma, arial, helvetica, sans-serif; font-size: 14pt;\"><a title=\"Tienda - Precio y Venta Servidores HP\" href=\"https:\/\/netcomp.co\/es\/132-servidores-hp-lenovo-dell-partes\" target=\"_blank\" rel=\"noopener noreferrer\"><strong>COMPRAR &#8211; DISPONEMOS DE UNA AMPLIA GAMA DE SERVIDORES HP PROLIANT PARA <\/strong><\/a><\/span><\/h3>\n<h3 style=\"text-align: center;\"><span style=\"font-family: tahoma, arial, helvetica, sans-serif; font-size: 14pt;\"><a title=\"Tienda - Precio y Venta Servidores HP\" href=\"https:\/\/netcomp.co\/es\/132-servidores-hp-lenovo-dell-partes\" target=\"_blank\" rel=\"noopener noreferrer\"><strong>VENTA \/ ARRENDAMIENTO \/ ALQUILER : <\/strong><\/a><\/span><\/h3>\n<h3 style=\"text-align: center;\"><a title=\"Tienda - Precio y Venta Servidores HP\" href=\"https:\/\/netcomp.co\/es\/132-servidores-hp-lenovo-dell-partes\" target=\"_blank\" rel=\"noopener noreferrer\"><span style=\"font-family: tahoma, arial, helvetica, sans-serif; font-size: 14pt;\"><strong>ML350 \/ ML150 \/ DL320 \/ DL360 \/ DL380 <\/strong><\/span><strong><span style=\"font-family: tahoma, arial, helvetica, sans-serif; font-size: 14pt;\">PARA COMPRAR CLICK AQUI!<\/span><\/strong><\/a><\/h3>\n<p>&nbsp;<\/p>\n<h2><strong><a href=\"https:\/\/api.whatsapp.com\/send?phone=573168788749\" target=\"_blank\" rel=\"noopener noreferrer\"><img loading=\"lazy\" decoding=\"async\" class=\"wp-image-20467 aligncenter\" src=\"http:\/\/cableado-estructurado.com.co\/netcomp\/wp-content\/uploads\/2018\/07\/whatsapp-logo-mensaje.jpg\" alt=\"\" width=\"290\" height=\"220\" \/><\/a><\/strong><\/h2>\n<h2><img loading=\"lazy\" decoding=\"async\" class=\"wp-image-21775 aligncenter\" src=\"https:\/\/servidor-hp.com.co\/netcomp\/wp-content\/uploads\/2019\/05\/boton-ventas-servidor.png\" alt=\"\" width=\"495\" height=\"153\" \/><\/h2>\n<hr \/>\n<h3><\/h3>\n","protected":false},"excerpt":{"rendered":"<p>DISCO DURO SSD HPE 480GB SATA 6G de LECTURA INTENSIVA &#8211;\u00a0 LFF LPC 5300P N\/P: P19974-B21 HPE 480 GB, SATA, lectura intensiva, estado s\u00f3lido SSD, factor de forma grande, convertidor de perfil bajo, unidad con 1 a\u00f1o de garant\u00eda Caracter\u00edsticas clave &nbsp; &nbsp; Alto rendimiento, confiabilidad excepcional y eficiencia para resultados comerciales m\u00e1s r\u00e1pidos Las [&hellip;]<\/p>\n","protected":false},"featured_media":22720,"comment_status":"closed","ping_status":"closed","template":"","meta":{"_et_pb_use_builder":"","_et_pb_old_content":"","_et_gb_content_width":""},"product_brand":[],"product_cat":[73,15,57,45],"product_tag":[20540,20539,20538,20975,20542,20949,20946,20541],"class_list":{"0":"post-22719","1":"product","2":"type-product","3":"status-publish","4":"has-post-thumbnail","6":"product_cat-servidores-hp-ibm-cisco","7":"product_cat-servidores-hp","8":"product_cat-servidores-hp-2","9":"product_cat-storage-hp","10":"product_tag-discos-duros-para-servidor-hp","11":"product_tag-garantia-extendida-para-servidor-hp","12":"product_tag-opciones-para-servidor-hp","13":"product_tag-p19974-b21","14":"product_tag-procesadores","15":"product_tag-servidor-hp-en-rack","16":"product_tag-servidor-hpe-gen-10","17":"product_tag-tarjeta-de-red-para-servidor-hp","19":"first","20":"instock","21":"product-type-simple"},"yoast_head":"<!-- This site is optimized with the Yoast SEO plugin v27.2 - https:\/\/yoast.com\/product\/yoast-seo-wordpress\/ -->\n<title>DISCOS DURO SATA SSD PARA DL180 GEN10 N\/P: P19974-B21 - Servidores HP - Nuevos - Usados - Alquiler<\/title>\n<meta name=\"description\" content=\"DISCOS DURO SATA SSD PARA DL180 GEN10 N\/P: P19974-B21 - - Precio y Disponibilidad en Bogota - Colombia - servidor-hp.com.co\" \/>\n<meta name=\"robots\" content=\"index, follow, max-snippet:-1, max-image-preview:large, max-video-preview:-1\" \/>\n<link rel=\"canonical\" href=\"https:\/\/servidor-hp.com.co\/netcomp\/servidores\/servidores-hp\/storage-hp\/discos-duro-sata-dl180-gen10-n-p-p19974-b21\/\" \/>\n<meta property=\"og:locale\" content=\"es_ES\" \/>\n<meta property=\"og:type\" content=\"article\" \/>\n<meta property=\"og:title\" content=\"DISCOS DURO SATA SSD PARA DL180 GEN10 N\/P: P19974-B21 - Servidores HP - Nuevos - Usados - Alquiler\" \/>\n<meta property=\"og:description\" content=\"DISCOS DURO SATA SSD PARA DL180 GEN10 N\/P: P19974-B21 - - Precio y Disponibilidad en Bogota - Colombia - servidor-hp.com.co\" \/>\n<meta property=\"og:url\" content=\"https:\/\/servidor-hp.com.co\/netcomp\/servidores\/servidores-hp\/storage-hp\/discos-duro-sata-dl180-gen10-n-p-p19974-b21\/\" \/>\n<meta property=\"og:site_name\" content=\"Servidores HP - Nuevos - Usados - Alquiler\" \/>\n<meta property=\"article:modified_time\" content=\"2021-11-02T00:34:52+00:00\" \/>\n<meta property=\"og:image\" content=\"https:\/\/servidor-hp.com.co\/netcomp\/wp-content\/uploads\/2021\/06\/d24afd4f799d61af99d2f6b0a79faf22.png\" \/>\n\t<meta property=\"og:image:width\" content=\"1000\" \/>\n\t<meta property=\"og:image:height\" content=\"520\" \/>\n\t<meta property=\"og:image:type\" content=\"image\/png\" \/>\n<meta name=\"twitter:card\" content=\"summary_large_image\" \/>\n<meta name=\"twitter:label1\" content=\"Tiempo de lectura\" \/>\n\t<meta name=\"twitter:data1\" content=\"1 minuto\" \/>\n<script type=\"application\/ld+json\" class=\"yoast-schema-graph\">{\"@context\":\"https:\/\/schema.org\",\"@graph\":[{\"@type\":\"WebPage\",\"@id\":\"https:\/\/servidor-hp.com.co\/netcomp\/servidores\/servidores-hp\/storage-hp\/discos-duro-sata-dl180-gen10-n-p-p19974-b21\/\",\"url\":\"https:\/\/servidor-hp.com.co\/netcomp\/servidores\/servidores-hp\/storage-hp\/discos-duro-sata-dl180-gen10-n-p-p19974-b21\/\",\"name\":\"DISCOS DURO SATA SSD PARA DL180 GEN10 N\/P: P19974-B21 - Servidores HP - Nuevos - Usados - Alquiler\",\"isPartOf\":{\"@id\":\"https:\/\/servidor-hp.com.co\/netcomp\/#website\"},\"primaryImageOfPage\":{\"@id\":\"https:\/\/servidor-hp.com.co\/netcomp\/servidores\/servidores-hp\/storage-hp\/discos-duro-sata-dl180-gen10-n-p-p19974-b21\/#primaryimage\"},\"image\":{\"@id\":\"https:\/\/servidor-hp.com.co\/netcomp\/servidores\/servidores-hp\/storage-hp\/discos-duro-sata-dl180-gen10-n-p-p19974-b21\/#primaryimage\"},\"thumbnailUrl\":\"https:\/\/servidor-hp.com.co\/netcomp\/wp-content\/uploads\/2021\/06\/d24afd4f799d61af99d2f6b0a79faf22.png\",\"datePublished\":\"2021-06-30T17:18:59+00:00\",\"dateModified\":\"2021-11-02T00:34:52+00:00\",\"description\":\"DISCOS DURO SATA SSD PARA DL180 GEN10 N\/P: P19974-B21 - - Precio y Disponibilidad en Bogota - Colombia - servidor-hp.com.co\",\"breadcrumb\":{\"@id\":\"https:\/\/servidor-hp.com.co\/netcomp\/servidores\/servidores-hp\/storage-hp\/discos-duro-sata-dl180-gen10-n-p-p19974-b21\/#breadcrumb\"},\"inLanguage\":\"es\",\"potentialAction\":[{\"@type\":\"ReadAction\",\"target\":[\"https:\/\/servidor-hp.com.co\/netcomp\/servidores\/servidores-hp\/storage-hp\/discos-duro-sata-dl180-gen10-n-p-p19974-b21\/\"]}]},{\"@type\":\"ImageObject\",\"inLanguage\":\"es\",\"@id\":\"https:\/\/servidor-hp.com.co\/netcomp\/servidores\/servidores-hp\/storage-hp\/discos-duro-sata-dl180-gen10-n-p-p19974-b21\/#primaryimage\",\"url\":\"https:\/\/servidor-hp.com.co\/netcomp\/wp-content\/uploads\/2021\/06\/d24afd4f799d61af99d2f6b0a79faf22.png\",\"contentUrl\":\"https:\/\/servidor-hp.com.co\/netcomp\/wp-content\/uploads\/2021\/06\/d24afd4f799d61af99d2f6b0a79faf22.png\",\"width\":1000,\"height\":520},{\"@type\":\"BreadcrumbList\",\"@id\":\"https:\/\/servidor-hp.com.co\/netcomp\/servidores\/servidores-hp\/storage-hp\/discos-duro-sata-dl180-gen10-n-p-p19974-b21\/#breadcrumb\",\"itemListElement\":[{\"@type\":\"ListItem\",\"position\":1,\"name\":\"Portada\",\"item\":\"https:\/\/servidor-hp.com.co\/netcomp\/\"},{\"@type\":\"ListItem\",\"position\":2,\"name\":\"Tienda\",\"item\":\"https:\/\/servidor-hp.com.co\/netcomp\/servidores\/\"},{\"@type\":\"ListItem\",\"position\":3,\"name\":\"DISCOS DURO SATA SSD PARA DL180 GEN10 N\/P: P19974-B21\"}]},{\"@type\":\"WebSite\",\"@id\":\"https:\/\/servidor-hp.com.co\/netcomp\/#website\",\"url\":\"https:\/\/servidor-hp.com.co\/netcomp\/\",\"name\":\"Servidores HP - Nuevos - Usados - Alquiler\",\"description\":\"Tels: (+57) 316 878 8749\",\"alternateName\":\"Servidores HP DELL LENOVO IBM\",\"potentialAction\":[{\"@type\":\"SearchAction\",\"target\":{\"@type\":\"EntryPoint\",\"urlTemplate\":\"https:\/\/servidor-hp.com.co\/netcomp\/?s={search_term_string}\"},\"query-input\":{\"@type\":\"PropertyValueSpecification\",\"valueRequired\":true,\"valueName\":\"search_term_string\"}}],\"inLanguage\":\"es\"}]}<\/script>\n<!-- \/ Yoast SEO plugin. -->","yoast_head_json":{"title":"DISCOS DURO SATA SSD PARA DL180 GEN10 N\/P: P19974-B21 - Servidores HP - Nuevos - Usados - Alquiler","description":"DISCOS DURO SATA SSD PARA DL180 GEN10 N\/P: P19974-B21 - - Precio y Disponibilidad en Bogota - Colombia - servidor-hp.com.co","robots":{"index":"index","follow":"follow","max-snippet":"max-snippet:-1","max-image-preview":"max-image-preview:large","max-video-preview":"max-video-preview:-1"},"canonical":"https:\/\/servidor-hp.com.co\/netcomp\/servidores\/servidores-hp\/storage-hp\/discos-duro-sata-dl180-gen10-n-p-p19974-b21\/","og_locale":"es_ES","og_type":"article","og_title":"DISCOS DURO SATA SSD PARA DL180 GEN10 N\/P: P19974-B21 - Servidores HP - Nuevos - Usados - Alquiler","og_description":"DISCOS DURO SATA SSD PARA DL180 GEN10 N\/P: P19974-B21 - - Precio y Disponibilidad en Bogota - Colombia - servidor-hp.com.co","og_url":"https:\/\/servidor-hp.com.co\/netcomp\/servidores\/servidores-hp\/storage-hp\/discos-duro-sata-dl180-gen10-n-p-p19974-b21\/","og_site_name":"Servidores HP - Nuevos - Usados - Alquiler","article_modified_time":"2021-11-02T00:34:52+00:00","og_image":[{"width":1000,"height":520,"url":"https:\/\/servidor-hp.com.co\/netcomp\/wp-content\/uploads\/2021\/06\/d24afd4f799d61af99d2f6b0a79faf22.png","type":"image\/png"}],"twitter_card":"summary_large_image","twitter_misc":{"Tiempo de lectura":"1 minuto"},"schema":{"@context":"https:\/\/schema.org","@graph":[{"@type":"WebPage","@id":"https:\/\/servidor-hp.com.co\/netcomp\/servidores\/servidores-hp\/storage-hp\/discos-duro-sata-dl180-gen10-n-p-p19974-b21\/","url":"https:\/\/servidor-hp.com.co\/netcomp\/servidores\/servidores-hp\/storage-hp\/discos-duro-sata-dl180-gen10-n-p-p19974-b21\/","name":"DISCOS DURO SATA SSD PARA DL180 GEN10 N\/P: P19974-B21 - Servidores HP - Nuevos - Usados - Alquiler","isPartOf":{"@id":"https:\/\/servidor-hp.com.co\/netcomp\/#website"},"primaryImageOfPage":{"@id":"https:\/\/servidor-hp.com.co\/netcomp\/servidores\/servidores-hp\/storage-hp\/discos-duro-sata-dl180-gen10-n-p-p19974-b21\/#primaryimage"},"image":{"@id":"https:\/\/servidor-hp.com.co\/netcomp\/servidores\/servidores-hp\/storage-hp\/discos-duro-sata-dl180-gen10-n-p-p19974-b21\/#primaryimage"},"thumbnailUrl":"https:\/\/servidor-hp.com.co\/netcomp\/wp-content\/uploads\/2021\/06\/d24afd4f799d61af99d2f6b0a79faf22.png","datePublished":"2021-06-30T17:18:59+00:00","dateModified":"2021-11-02T00:34:52+00:00","description":"DISCOS DURO SATA SSD PARA DL180 GEN10 N\/P: P19974-B21 - - Precio y Disponibilidad en Bogota - Colombia - servidor-hp.com.co","breadcrumb":{"@id":"https:\/\/servidor-hp.com.co\/netcomp\/servidores\/servidores-hp\/storage-hp\/discos-duro-sata-dl180-gen10-n-p-p19974-b21\/#breadcrumb"},"inLanguage":"es","potentialAction":[{"@type":"ReadAction","target":["https:\/\/servidor-hp.com.co\/netcomp\/servidores\/servidores-hp\/storage-hp\/discos-duro-sata-dl180-gen10-n-p-p19974-b21\/"]}]},{"@type":"ImageObject","inLanguage":"es","@id":"https:\/\/servidor-hp.com.co\/netcomp\/servidores\/servidores-hp\/storage-hp\/discos-duro-sata-dl180-gen10-n-p-p19974-b21\/#primaryimage","url":"https:\/\/servidor-hp.com.co\/netcomp\/wp-content\/uploads\/2021\/06\/d24afd4f799d61af99d2f6b0a79faf22.png","contentUrl":"https:\/\/servidor-hp.com.co\/netcomp\/wp-content\/uploads\/2021\/06\/d24afd4f799d61af99d2f6b0a79faf22.png","width":1000,"height":520},{"@type":"BreadcrumbList","@id":"https:\/\/servidor-hp.com.co\/netcomp\/servidores\/servidores-hp\/storage-hp\/discos-duro-sata-dl180-gen10-n-p-p19974-b21\/#breadcrumb","itemListElement":[{"@type":"ListItem","position":1,"name":"Portada","item":"https:\/\/servidor-hp.com.co\/netcomp\/"},{"@type":"ListItem","position":2,"name":"Tienda","item":"https:\/\/servidor-hp.com.co\/netcomp\/servidores\/"},{"@type":"ListItem","position":3,"name":"DISCOS DURO SATA SSD PARA DL180 GEN10 N\/P: P19974-B21"}]},{"@type":"WebSite","@id":"https:\/\/servidor-hp.com.co\/netcomp\/#website","url":"https:\/\/servidor-hp.com.co\/netcomp\/","name":"Servidores HP - Nuevos - Usados - Alquiler","description":"Tels: (+57) 316 878 8749","alternateName":"Servidores HP DELL LENOVO IBM","potentialAction":[{"@type":"SearchAction","target":{"@type":"EntryPoint","urlTemplate":"https:\/\/servidor-hp.com.co\/netcomp\/?s={search_term_string}"},"query-input":{"@type":"PropertyValueSpecification","valueRequired":true,"valueName":"search_term_string"}}],"inLanguage":"es"}]}},"_links":{"self":[{"href":"https:\/\/servidor-hp.com.co\/netcomp\/wp-json\/wp\/v2\/product\/22719","targetHints":{"allow":["GET"]}}],"collection":[{"href":"https:\/\/servidor-hp.com.co\/netcomp\/wp-json\/wp\/v2\/product"}],"about":[{"href":"https:\/\/servidor-hp.com.co\/netcomp\/wp-json\/wp\/v2\/types\/product"}],"replies":[{"embeddable":true,"href":"https:\/\/servidor-hp.com.co\/netcomp\/wp-json\/wp\/v2\/comments?post=22719"}],"wp:featuredmedia":[{"embeddable":true,"href":"https:\/\/servidor-hp.com.co\/netcomp\/wp-json\/wp\/v2\/media\/22720"}],"wp:attachment":[{"href":"https:\/\/servidor-hp.com.co\/netcomp\/wp-json\/wp\/v2\/media?parent=22719"}],"wp:term":[{"taxonomy":"product_brand","embeddable":true,"href":"https:\/\/servidor-hp.com.co\/netcomp\/wp-json\/wp\/v2\/product_brand?post=22719"},{"taxonomy":"product_cat","embeddable":true,"href":"https:\/\/servidor-hp.com.co\/netcomp\/wp-json\/wp\/v2\/product_cat?post=22719"},{"taxonomy":"product_tag","embeddable":true,"href":"https:\/\/servidor-hp.com.co\/netcomp\/wp-json\/wp\/v2\/product_tag?post=22719"}],"curies":[{"name":"wp","href":"https:\/\/api.w.org\/{rel}","templated":true}]}}