{"id":22713,"date":"2021-06-29T17:26:39","date_gmt":"2021-06-29T22:26:39","guid":{"rendered":"https:\/\/servidor-hp.com.co\/netcomp\/?post_type=product&#038;p=22713"},"modified":"2021-06-29T17:37:20","modified_gmt":"2021-06-29T22:37:20","slug":"servidor-hpe-proliant-dl180-gen10-n-p-p19563-b21","status":"publish","type":"product","link":"https:\/\/servidor-hp.com.co\/netcomp\/servidores\/servidores-hp\/storage-hp\/servidor-hpe-proliant-dl180-gen10-n-p-p19563-b21\/","title":{"rendered":"SERVIDOR HPE PROLIANT DL180 GEN10 -N\/P: P19563-B21"},"content":{"rendered":"<h1 style=\"text-align: center;\"><span style=\"font-family: tahoma, arial, helvetica, sans-serif;\"><strong><span style=\"color: #2445a2;\">SERVIDOR EN RACK HPE PROLIANT DL180 GEN10 &#8211;<\/span><\/strong><\/span><\/h1>\n<h1 style=\"text-align: center;\"><span style=\"font-family: tahoma, arial, helvetica, sans-serif;\"><strong><span style=\"color: #2445a2;\">N\/P: P19563-B21<\/span><\/strong><\/span><\/h1>\n<p>&nbsp;<\/p>\n<h2 style=\"text-align: center;\"><span style=\"font-size: 24pt; font-family: tahoma, arial, helvetica, sans-serif;\"><strong><span style=\"color: #993300;\">Para especificaciones t\u00e9cnicas click en la pesta\u00f1a informaci\u00f3n adicional<\/span><\/strong><\/span><\/h2>\n<p>&nbsp;<\/p>\n<div class=\"ccs-cc-inline-section ccs-cc-inline-header\" data-elementid=\"inline-content-header[hpe]\" data-context=\"{&quot;mobile&quot;:false}\" data-ccs-cc-inline-jumplink=\"Visi\u00f3n general\" data-display-mode=\"noheader\"><\/div>\n<div id=\"header-4b5d32\" class=\"ccs-cc-inline-section ccs-cc-inline-header\" data-elementid=\"inline-content-header[hpe]\" data-context=\"{&quot;mobile&quot;:false}\" data-ccs-cc-inline-jumplink=\"Visi\u00f3n general\" data-display-mode=\"noheader\">\n<div class=\"ccs-cc-inline-header-layout\" data-type=\"text\">\n<h2 class=\"ccs-cc-inline-header-description\"><span style=\"color: #000000; font-family: tahoma, arial, helvetica, sans-serif; font-size: 24pt;\">\u00bfMaximizar el alcance de tu negocio supone un reto porque la TI no mantiene el mismo ritmo de crecimiento que los datos?<\/span><\/h2>\n<h2 class=\"ccs-cc-inline-header-description\"><\/h2>\n<h3 class=\"ccs-cc-inline-header-description\" style=\"text-align: center;\"><span style=\"color: #d0121a; font-family: tahoma, arial, helvetica, sans-serif; font-size: 24pt;\">DALE CLICK AL SIGUIENTE VIDEO PARA VER EL SERVIDOR\u00a0<\/span><\/h3>\n<h2 class=\"ccs-cc-inline-header-description\"><span style=\"color: #000000; font-family: tahoma, arial, helvetica, sans-serif; font-size: 24pt;\">\u00a0 \u00a0 \u00a0 \u00a0 \u00a0 \u00a0 \u00a0 \u00a0 \u00a0 \u00a0 \u00a0 \u00a0 \u00a0 \u00a0 \u00a0 \u00a0 \u00a0 \u00a0 \u00a0 \u00a0 \u00a0 \u00a0 \u00a0 \u00a0 \u00a0 \u00a0<video controls=\"controls\" width=\"406\" height=\"203\"><source src=\"\/img\/cms\/y2mate-com - DL180 Gen10_1080p.mp4\" type=\"video\/mp4\" \/><\/video><\/span><\/h2>\n<h2 class=\"ccs-cc-inline-header-description\"><\/h2>\n<h2 class=\"ccs-cc-inline-header-description\"><span style=\"color: #000000; font-family: tahoma, arial, helvetica, sans-serif; font-size: 24pt;\"><br \/>\nEl seguro servidor HPE ProLiant DL180 Gen10 ofrece escalabilidad, rendimiento y fiabilidad, lo que lo convierte en la plataforma ideal para empresas preparadas para ejecutar aplicaciones en la nube h\u00edbrida y local. Estas empresas necesitan la combinaci\u00f3n adecuada de computaci\u00f3n y almacenamiento, que les permitan alcanzar los objetivos m\u00e1s importantes.<\/span><\/h2>\n<\/div>\n<\/div>\n<h3 style=\"text-align: center;\"><\/h3>\n<p>&nbsp;<\/p>\n<p>&nbsp;<\/p>\n<h3 style=\"text-align: center;\"><span style=\"font-family: tahoma, arial, helvetica, sans-serif; font-size: 14pt;\"><a title=\"Tienda - Precio y Venta Servidores HP\" href=\"https:\/\/netcomp.co\/es\/132-servidores-hp-lenovo-dell-partes\" target=\"_blank\" rel=\"noopener noreferrer\"><strong>COMPRAR &#8211; DISPONEMOS DE UNA AMPLIA GAMA DE SERVIDORES HP PROLIANT PARA <\/strong><\/a><\/span><\/h3>\n<h3 style=\"text-align: center;\"><span style=\"font-family: tahoma, arial, helvetica, sans-serif; font-size: 14pt;\"><a title=\"Tienda - Precio y Venta Servidores HP\" href=\"https:\/\/netcomp.co\/es\/132-servidores-hp-lenovo-dell-partes\" target=\"_blank\" rel=\"noopener noreferrer\"><strong>VENTA \/ ARRENDAMIENTO \/ ALQUILER : <\/strong><\/a><\/span><\/h3>\n<h3 style=\"text-align: center;\"><a title=\"Tienda - Precio y Venta Servidores HP\" href=\"https:\/\/netcomp.co\/es\/132-servidores-hp-lenovo-dell-partes\" target=\"_blank\" rel=\"noopener noreferrer\"><span style=\"font-family: tahoma, arial, helvetica, sans-serif; font-size: 14pt;\"><strong>ML350 \/ ML150 \/ DL320 \/ DL360 \/ DL380 <\/strong><\/span><strong><span style=\"font-family: tahoma, arial, helvetica, sans-serif; font-size: 14pt;\">PARA COMPRAR CLICK AQUI!<\/span><\/strong><\/a><\/h3>\n<p>&nbsp;<\/p>\n<h2><strong><a href=\"https:\/\/api.whatsapp.com\/send?phone=573168788749\" target=\"_blank\" rel=\"noopener noreferrer\"><img loading=\"lazy\" decoding=\"async\" class=\"wp-image-20467 aligncenter\" src=\"http:\/\/cableado-estructurado.com.co\/netcomp\/wp-content\/uploads\/2018\/07\/whatsapp-logo-mensaje.jpg\" alt=\"\" width=\"290\" height=\"220\" \/><\/a><\/strong><\/h2>\n<h2><img loading=\"lazy\" decoding=\"async\" class=\"wp-image-21775 aligncenter\" src=\"https:\/\/servidor-hp.com.co\/netcomp\/wp-content\/uploads\/2019\/05\/boton-ventas-servidor.png\" alt=\"\" width=\"495\" height=\"153\" \/><\/h2>\n<hr \/>\n<h3><\/h3>\n","protected":false},"excerpt":{"rendered":"<p>SERVIDOR EN RACK HPE PROLIANT DL180 GEN10 &#8211; N\/P: P19563-B21 &nbsp; Para especificaciones t\u00e9cnicas click en la pesta\u00f1a informaci\u00f3n adicional &nbsp; \u00bfMaximizar el alcance de tu negocio supone un reto porque la TI no mantiene el mismo ritmo de crecimiento que los datos? DALE CLICK AL SIGUIENTE VIDEO PARA VER EL SERVIDOR\u00a0 \u00a0 \u00a0 \u00a0 [&hellip;]<\/p>\n","protected":false},"featured_media":22714,"comment_status":"closed","ping_status":"closed","template":"","meta":{"_et_pb_use_builder":"","_et_pb_old_content":"","_et_gb_content_width":""},"product_brand":[],"product_cat":[73,15,57,45],"product_tag":[20540,20539,20538,20973,20542,20949],"class_list":{"0":"post-22713","1":"product","2":"type-product","3":"status-publish","4":"has-post-thumbnail","6":"product_cat-servidores-hp-ibm-cisco","7":"product_cat-servidores-hp","8":"product_cat-servidores-hp-2","9":"product_cat-storage-hp","10":"product_tag-discos-duros-para-servidor-hp","11":"product_tag-garantia-extendida-para-servidor-hp","12":"product_tag-opciones-para-servidor-hp","13":"product_tag-p19563-b21","14":"product_tag-procesadores","15":"product_tag-servidor-hp-en-rack","17":"first","18":"instock","19":"product-type-simple"},"yoast_head":"<!-- This site is optimized with the Yoast SEO plugin v27.2 - https:\/\/yoast.com\/product\/yoast-seo-wordpress\/ -->\n<title>SERVIDOR HPE PROLIANT DL180 GEN10 -N\/P: P19563-B21 - Servidores HP - Nuevos - Usados - Alquiler<\/title>\n<meta name=\"description\" content=\"SERVIDOR HPE PROLIANT DL180 GEN10 -N\/P: P19563-B21 - - Precio y Disponibilidad en Bogota - Colombia - servidor-hp.com.co\" \/>\n<meta name=\"robots\" content=\"index, follow, max-snippet:-1, max-image-preview:large, max-video-preview:-1\" \/>\n<link rel=\"canonical\" href=\"https:\/\/servidor-hp.com.co\/netcomp\/servidores\/servidores-hp\/storage-hp\/servidor-hpe-proliant-dl180-gen10-n-p-p19563-b21\/\" \/>\n<meta property=\"og:locale\" content=\"es_ES\" \/>\n<meta property=\"og:type\" content=\"article\" \/>\n<meta property=\"og:title\" content=\"SERVIDOR HPE PROLIANT DL180 GEN10 -N\/P: P19563-B21 - Servidores HP - Nuevos - Usados - Alquiler\" \/>\n<meta property=\"og:description\" content=\"SERVIDOR HPE PROLIANT DL180 GEN10 -N\/P: P19563-B21 - - Precio y Disponibilidad en Bogota - Colombia - servidor-hp.com.co\" \/>\n<meta property=\"og:url\" content=\"https:\/\/servidor-hp.com.co\/netcomp\/servidores\/servidores-hp\/storage-hp\/servidor-hpe-proliant-dl180-gen10-n-p-p19563-b21\/\" \/>\n<meta property=\"og:site_name\" content=\"Servidores HP - Nuevos - Usados - Alquiler\" \/>\n<meta property=\"article:modified_time\" content=\"2021-06-29T22:37:20+00:00\" \/>\n<meta property=\"og:image\" content=\"https:\/\/servidor-hp.com.co\/netcomp\/wp-content\/uploads\/2021\/06\/HP_P19563-B21.jpg\" \/>\n\t<meta property=\"og:image:width\" content=\"400\" \/>\n\t<meta property=\"og:image:height\" content=\"125\" \/>\n\t<meta property=\"og:image:type\" content=\"image\/jpeg\" \/>\n<meta name=\"twitter:card\" content=\"summary_large_image\" \/>\n<meta name=\"twitter:label1\" content=\"Tiempo de lectura\" \/>\n\t<meta name=\"twitter:data1\" content=\"1 minuto\" \/>\n<script type=\"application\/ld+json\" class=\"yoast-schema-graph\">{\"@context\":\"https:\/\/schema.org\",\"@graph\":[{\"@type\":\"WebPage\",\"@id\":\"https:\/\/servidor-hp.com.co\/netcomp\/servidores\/servidores-hp\/storage-hp\/servidor-hpe-proliant-dl180-gen10-n-p-p19563-b21\/\",\"url\":\"https:\/\/servidor-hp.com.co\/netcomp\/servidores\/servidores-hp\/storage-hp\/servidor-hpe-proliant-dl180-gen10-n-p-p19563-b21\/\",\"name\":\"SERVIDOR HPE PROLIANT DL180 GEN10 -N\/P: P19563-B21 - Servidores HP - Nuevos - Usados - Alquiler\",\"isPartOf\":{\"@id\":\"https:\/\/servidor-hp.com.co\/netcomp\/#website\"},\"primaryImageOfPage\":{\"@id\":\"https:\/\/servidor-hp.com.co\/netcomp\/servidores\/servidores-hp\/storage-hp\/servidor-hpe-proliant-dl180-gen10-n-p-p19563-b21\/#primaryimage\"},\"image\":{\"@id\":\"https:\/\/servidor-hp.com.co\/netcomp\/servidores\/servidores-hp\/storage-hp\/servidor-hpe-proliant-dl180-gen10-n-p-p19563-b21\/#primaryimage\"},\"thumbnailUrl\":\"https:\/\/servidor-hp.com.co\/netcomp\/wp-content\/uploads\/2021\/06\/HP_P19563-B21.jpg\",\"datePublished\":\"2021-06-29T22:26:39+00:00\",\"dateModified\":\"2021-06-29T22:37:20+00:00\",\"description\":\"SERVIDOR HPE PROLIANT DL180 GEN10 -N\/P: P19563-B21 - - Precio y Disponibilidad en Bogota - Colombia - servidor-hp.com.co\",\"breadcrumb\":{\"@id\":\"https:\/\/servidor-hp.com.co\/netcomp\/servidores\/servidores-hp\/storage-hp\/servidor-hpe-proliant-dl180-gen10-n-p-p19563-b21\/#breadcrumb\"},\"inLanguage\":\"es\",\"potentialAction\":[{\"@type\":\"ReadAction\",\"target\":[\"https:\/\/servidor-hp.com.co\/netcomp\/servidores\/servidores-hp\/storage-hp\/servidor-hpe-proliant-dl180-gen10-n-p-p19563-b21\/\"]}]},{\"@type\":\"ImageObject\",\"inLanguage\":\"es\",\"@id\":\"https:\/\/servidor-hp.com.co\/netcomp\/servidores\/servidores-hp\/storage-hp\/servidor-hpe-proliant-dl180-gen10-n-p-p19563-b21\/#primaryimage\",\"url\":\"https:\/\/servidor-hp.com.co\/netcomp\/wp-content\/uploads\/2021\/06\/HP_P19563-B21.jpg\",\"contentUrl\":\"https:\/\/servidor-hp.com.co\/netcomp\/wp-content\/uploads\/2021\/06\/HP_P19563-B21.jpg\",\"width\":400,\"height\":125,\"caption\":\"Servidor HP\"},{\"@type\":\"BreadcrumbList\",\"@id\":\"https:\/\/servidor-hp.com.co\/netcomp\/servidores\/servidores-hp\/storage-hp\/servidor-hpe-proliant-dl180-gen10-n-p-p19563-b21\/#breadcrumb\",\"itemListElement\":[{\"@type\":\"ListItem\",\"position\":1,\"name\":\"Portada\",\"item\":\"https:\/\/servidor-hp.com.co\/netcomp\/\"},{\"@type\":\"ListItem\",\"position\":2,\"name\":\"Tienda\",\"item\":\"https:\/\/servidor-hp.com.co\/netcomp\/servidores\/\"},{\"@type\":\"ListItem\",\"position\":3,\"name\":\"SERVIDOR HPE PROLIANT DL180 GEN10 -N\/P: P19563-B21\"}]},{\"@type\":\"WebSite\",\"@id\":\"https:\/\/servidor-hp.com.co\/netcomp\/#website\",\"url\":\"https:\/\/servidor-hp.com.co\/netcomp\/\",\"name\":\"Servidores HP - Nuevos - Usados - Alquiler\",\"description\":\"Tels: (+57) 316 878 8749\",\"alternateName\":\"Servidores HP DELL LENOVO IBM\",\"potentialAction\":[{\"@type\":\"SearchAction\",\"target\":{\"@type\":\"EntryPoint\",\"urlTemplate\":\"https:\/\/servidor-hp.com.co\/netcomp\/?s={search_term_string}\"},\"query-input\":{\"@type\":\"PropertyValueSpecification\",\"valueRequired\":true,\"valueName\":\"search_term_string\"}}],\"inLanguage\":\"es\"}]}<\/script>\n<!-- \/ Yoast SEO plugin. -->","yoast_head_json":{"title":"SERVIDOR HPE PROLIANT DL180 GEN10 -N\/P: P19563-B21 - Servidores HP - Nuevos - Usados - Alquiler","description":"SERVIDOR HPE PROLIANT DL180 GEN10 -N\/P: P19563-B21 - - Precio y Disponibilidad en Bogota - Colombia - servidor-hp.com.co","robots":{"index":"index","follow":"follow","max-snippet":"max-snippet:-1","max-image-preview":"max-image-preview:large","max-video-preview":"max-video-preview:-1"},"canonical":"https:\/\/servidor-hp.com.co\/netcomp\/servidores\/servidores-hp\/storage-hp\/servidor-hpe-proliant-dl180-gen10-n-p-p19563-b21\/","og_locale":"es_ES","og_type":"article","og_title":"SERVIDOR HPE PROLIANT DL180 GEN10 -N\/P: P19563-B21 - Servidores HP - Nuevos - Usados - Alquiler","og_description":"SERVIDOR HPE PROLIANT DL180 GEN10 -N\/P: P19563-B21 - - Precio y Disponibilidad en Bogota - Colombia - servidor-hp.com.co","og_url":"https:\/\/servidor-hp.com.co\/netcomp\/servidores\/servidores-hp\/storage-hp\/servidor-hpe-proliant-dl180-gen10-n-p-p19563-b21\/","og_site_name":"Servidores HP - Nuevos - Usados - Alquiler","article_modified_time":"2021-06-29T22:37:20+00:00","og_image":[{"width":400,"height":125,"url":"https:\/\/servidor-hp.com.co\/netcomp\/wp-content\/uploads\/2021\/06\/HP_P19563-B21.jpg","type":"image\/jpeg"}],"twitter_card":"summary_large_image","twitter_misc":{"Tiempo de lectura":"1 minuto"},"schema":{"@context":"https:\/\/schema.org","@graph":[{"@type":"WebPage","@id":"https:\/\/servidor-hp.com.co\/netcomp\/servidores\/servidores-hp\/storage-hp\/servidor-hpe-proliant-dl180-gen10-n-p-p19563-b21\/","url":"https:\/\/servidor-hp.com.co\/netcomp\/servidores\/servidores-hp\/storage-hp\/servidor-hpe-proliant-dl180-gen10-n-p-p19563-b21\/","name":"SERVIDOR HPE PROLIANT DL180 GEN10 -N\/P: P19563-B21 - Servidores HP - Nuevos - Usados - Alquiler","isPartOf":{"@id":"https:\/\/servidor-hp.com.co\/netcomp\/#website"},"primaryImageOfPage":{"@id":"https:\/\/servidor-hp.com.co\/netcomp\/servidores\/servidores-hp\/storage-hp\/servidor-hpe-proliant-dl180-gen10-n-p-p19563-b21\/#primaryimage"},"image":{"@id":"https:\/\/servidor-hp.com.co\/netcomp\/servidores\/servidores-hp\/storage-hp\/servidor-hpe-proliant-dl180-gen10-n-p-p19563-b21\/#primaryimage"},"thumbnailUrl":"https:\/\/servidor-hp.com.co\/netcomp\/wp-content\/uploads\/2021\/06\/HP_P19563-B21.jpg","datePublished":"2021-06-29T22:26:39+00:00","dateModified":"2021-06-29T22:37:20+00:00","description":"SERVIDOR HPE PROLIANT DL180 GEN10 -N\/P: P19563-B21 - - Precio y Disponibilidad en Bogota - Colombia - servidor-hp.com.co","breadcrumb":{"@id":"https:\/\/servidor-hp.com.co\/netcomp\/servidores\/servidores-hp\/storage-hp\/servidor-hpe-proliant-dl180-gen10-n-p-p19563-b21\/#breadcrumb"},"inLanguage":"es","potentialAction":[{"@type":"ReadAction","target":["https:\/\/servidor-hp.com.co\/netcomp\/servidores\/servidores-hp\/storage-hp\/servidor-hpe-proliant-dl180-gen10-n-p-p19563-b21\/"]}]},{"@type":"ImageObject","inLanguage":"es","@id":"https:\/\/servidor-hp.com.co\/netcomp\/servidores\/servidores-hp\/storage-hp\/servidor-hpe-proliant-dl180-gen10-n-p-p19563-b21\/#primaryimage","url":"https:\/\/servidor-hp.com.co\/netcomp\/wp-content\/uploads\/2021\/06\/HP_P19563-B21.jpg","contentUrl":"https:\/\/servidor-hp.com.co\/netcomp\/wp-content\/uploads\/2021\/06\/HP_P19563-B21.jpg","width":400,"height":125,"caption":"Servidor HP"},{"@type":"BreadcrumbList","@id":"https:\/\/servidor-hp.com.co\/netcomp\/servidores\/servidores-hp\/storage-hp\/servidor-hpe-proliant-dl180-gen10-n-p-p19563-b21\/#breadcrumb","itemListElement":[{"@type":"ListItem","position":1,"name":"Portada","item":"https:\/\/servidor-hp.com.co\/netcomp\/"},{"@type":"ListItem","position":2,"name":"Tienda","item":"https:\/\/servidor-hp.com.co\/netcomp\/servidores\/"},{"@type":"ListItem","position":3,"name":"SERVIDOR HPE PROLIANT DL180 GEN10 -N\/P: P19563-B21"}]},{"@type":"WebSite","@id":"https:\/\/servidor-hp.com.co\/netcomp\/#website","url":"https:\/\/servidor-hp.com.co\/netcomp\/","name":"Servidores HP - Nuevos - Usados - Alquiler","description":"Tels: (+57) 316 878 8749","alternateName":"Servidores HP DELL LENOVO IBM","potentialAction":[{"@type":"SearchAction","target":{"@type":"EntryPoint","urlTemplate":"https:\/\/servidor-hp.com.co\/netcomp\/?s={search_term_string}"},"query-input":{"@type":"PropertyValueSpecification","valueRequired":true,"valueName":"search_term_string"}}],"inLanguage":"es"}]}},"_links":{"self":[{"href":"https:\/\/servidor-hp.com.co\/netcomp\/wp-json\/wp\/v2\/product\/22713","targetHints":{"allow":["GET"]}}],"collection":[{"href":"https:\/\/servidor-hp.com.co\/netcomp\/wp-json\/wp\/v2\/product"}],"about":[{"href":"https:\/\/servidor-hp.com.co\/netcomp\/wp-json\/wp\/v2\/types\/product"}],"replies":[{"embeddable":true,"href":"https:\/\/servidor-hp.com.co\/netcomp\/wp-json\/wp\/v2\/comments?post=22713"}],"wp:featuredmedia":[{"embeddable":true,"href":"https:\/\/servidor-hp.com.co\/netcomp\/wp-json\/wp\/v2\/media\/22714"}],"wp:attachment":[{"href":"https:\/\/servidor-hp.com.co\/netcomp\/wp-json\/wp\/v2\/media?parent=22713"}],"wp:term":[{"taxonomy":"product_brand","embeddable":true,"href":"https:\/\/servidor-hp.com.co\/netcomp\/wp-json\/wp\/v2\/product_brand?post=22713"},{"taxonomy":"product_cat","embeddable":true,"href":"https:\/\/servidor-hp.com.co\/netcomp\/wp-json\/wp\/v2\/product_cat?post=22713"},{"taxonomy":"product_tag","embeddable":true,"href":"https:\/\/servidor-hp.com.co\/netcomp\/wp-json\/wp\/v2\/product_tag?post=22713"}],"curies":[{"name":"wp","href":"https:\/\/api.w.org\/{rel}","templated":true}]}}