{"id":22552,"date":"2021-06-15T12:05:25","date_gmt":"2021-06-15T17:05:25","guid":{"rendered":"https:\/\/servidor-hp.com.co\/netcomp\/?post_type=product&#038;p=22552"},"modified":"2021-06-15T12:29:43","modified_gmt":"2021-06-15T17:29:43","slug":"adaptador-de-bus-de-host-para-servidores-hp-n-p-p9d94a","status":"publish","type":"product","link":"https:\/\/servidor-hp.com.co\/netcomp\/servidores\/servidores-hp\/storage-hp\/adaptador-de-bus-de-host-para-servidores-hp-n-p-p9d94a\/","title":{"rendered":"Adaptador de bus de host  para Servidores HP- N\/P : P9D94A"},"content":{"rendered":"<h1 style=\"text-align: center;\"><span style=\"font-family: tahoma, arial, helvetica, sans-serif;\"><strong><span style=\"color: #2445a2;\">HPE SN1100Q 16Gb 2p FC HBA Fibra Optica &#8211; HP -N\/P: P9D94A\u00a0<\/span><\/strong><\/span><\/h1>\n<p>&nbsp;<\/p>\n<p style=\"text-align: center;\"><span style=\"font-family: tahoma, arial, helvetica, sans-serif;\"><strong><span style=\"font-size: 24pt; color: #993300;\">PARA ESPECIFICACIONES CLICK EN LA PESTA\u00d1A INFORMACION ADICIONAL\u00a0<\/span><\/strong><\/span><\/p>\n<p><span style=\"font-size: 16.5px; font-family: tahoma, arial, helvetica, sans-serif;\"><b>\u00a0<\/b><\/span><\/p>\n<p>&nbsp;<\/p>\n<div class=\"product-details\">\n<div class=\"m-b-10\">\n<h2 class=\"hpe-featured-product-description hpe-productDetails_data hpe-show-more1 hpe-product-description__text\" style=\"text-align: center;\"><span style=\"color: #000000; font-family: tahoma, arial, helvetica, sans-serif;\">Adaptador de bus de host de canal de fibra de puerto doble HPE SN1100Q de 16 Gb<\/span><\/h2>\n<h2 style=\"text-align: center;\"><\/h2>\n<div><\/div>\n<\/div>\n<\/div>\n<h3><span style=\"color: #d0121a; font-family: tahoma, arial, helvetica, sans-serif;\"><strong>Caracter\u00edsticas clave<\/strong><\/span><\/h3>\n<h3><span style=\"color: #d0121a; font-family: tahoma, arial, helvetica, sans-serif;\"><strong>Adaptadores de bus de host de canal de fibra de alto rendimiento<\/strong><\/span><\/h3>\n<h3><span style=\"color: #000000; font-family: tahoma, arial, helvetica, sans-serif;\">Los adaptadores de bus de host HPE SN1100Q de 16 Gb ofrecen el doble de rendimiento de E \/ S que los HBA de canal de fibra (FC) de 8 Gb.<\/span><\/h3>\n<h3><span style=\"color: #000000; font-family: tahoma, arial, helvetica, sans-serif;\">\u00a0<\/span><\/h3>\n<h3><span style=\"color: #000000; font-family: tahoma, arial, helvetica, sans-serif;\">El cambio a la tecnolog\u00eda de 16 Gb proporciona la infraestructura necesaria para los servidores m\u00e1s potentes y las aplicaciones de uso intensivo de datos en entornos virtualizados.<\/span><\/h3>\n<h3><span style=\"color: #000000; font-family: tahoma, arial, helvetica, sans-serif;\">\u00a0<\/span><\/h3>\n<h3><span style=\"color: #000000; font-family: tahoma, arial, helvetica, sans-serif;\">Cuando se utilizan aplicaciones de almacenamiento intensivo como copia de seguridad \/ restauraci\u00f3n, transacciones de bases de datos, virtualizaci\u00f3n y medios enriquecidos, el rendimiento de E \/ S mejorado permite un almacenamiento y recuperaci\u00f3n de datos m\u00e1s r\u00e1pidos.<\/span><\/h3>\n<h3><span style=\"color: #000000; font-family: tahoma, arial, helvetica, sans-serif;\">\u00a0\u00a0<\/span><\/h3>\n<h3><span style=\"color: #d0121a; font-family: tahoma, arial, helvetica, sans-serif;\"><strong>Alto rendimiento y capacidad mejorada para cargas de trabajo cr\u00edticas y entornos de alto nivel de nivel de servicio<\/strong><\/span><\/h3>\n<h3><span style=\"color: #000000; font-family: tahoma, arial, helvetica, sans-serif;\">Los adaptadores de bus de host de canal de fibra HPE SN1100Q de 16 Gb son compatibles con la virtualizaci\u00f3n N_Port ID (NPIV) y el control espec\u00edfico de clase (CS_CTL) basado en est\u00e1ndares de la industria y proporcionan calidad de servicio (QoS) de extremo a extremo.<\/span><\/h3>\n<h3><span style=\"color: #000000; font-family: tahoma, arial, helvetica, sans-serif;\">\u00a0<\/span><\/h3>\n<h3><span style=\"color: #000000; font-family: tahoma, arial, helvetica, sans-serif;\">Ofrece una velocidad de l\u00ednea de 16 Gbps por puerto f\u00edsico y aumenta la cantidad de m\u00e1quinas virtuales (VM) por cada puerto HBA f\u00edsico que se puede admitir.<\/span><\/h3>\n<h3><span style=\"font-family: tahoma, arial, helvetica, sans-serif;\"><strong>\u00a0<\/strong><strong>\u00a0<\/strong><\/span><\/h3>\n<h3><span style=\"color: #d0121a; font-family: tahoma, arial, helvetica, sans-serif;\"><strong>Mejora la utilizaci\u00f3n del host y mejora el rendimiento de la aplicaci\u00f3n.<\/strong><\/span><\/h3>\n<h3><span style=\"font-family: tahoma, arial, helvetica, sans-serif;\"><strong>\u00a0<\/strong><\/span><\/h3>\n<h3><span style=\"color: #000000; font-family: tahoma, arial, helvetica, sans-serif;\">Ancho de banda adicional<\/span><\/h3>\n<h3><span style=\"color: #000000; font-family: tahoma, arial, helvetica, sans-serif;\">Los adaptadores de bus de host HPE SN1100Q de 16 Gb permiten a los departamentos de TI hacer m\u00e1s con menos: menos hardware, menos energ\u00eda, menos refrigeraci\u00f3n, menos personal y menos presupuesto.<\/span><\/h3>\n<h3><\/h3>\n<h3><span style=\"color: #000000; font-family: tahoma, arial, helvetica, sans-serif;\">Optimizan los recursos existentes mediante la implementaci\u00f3n de soluciones de servidor adaptables eficaces.<\/span><\/h3>\n<h3><span style=\"color: #000000; font-family: tahoma, arial, helvetica, sans-serif;\">\u00a0<\/span><\/h3>\n<p>&nbsp;<\/p>\n<p>&nbsp;<\/p>\n<h3 style=\"text-align: center;\"><span style=\"font-family: tahoma, arial, helvetica, sans-serif; font-size: 14pt;\"><a title=\"Tienda - Precio y Venta Servidores HP\" href=\"https:\/\/netcomp.co\/es\/132-servidores-hp-lenovo-dell-partes\" target=\"_blank\" rel=\"noopener noreferrer\"><strong>COMPRAR &#8211; DISPONEMOS DE UNA AMPLIA GAMA DE SERVIDORES HP PROLIANT PARA <\/strong><\/a><\/span><\/h3>\n<h3 style=\"text-align: center;\"><span style=\"font-family: tahoma, arial, helvetica, sans-serif; font-size: 14pt;\"><a title=\"Tienda - Precio y Venta Servidores HP\" href=\"https:\/\/netcomp.co\/es\/132-servidores-hp-lenovo-dell-partes\" target=\"_blank\" rel=\"noopener noreferrer\"><strong>VENTA \/ ARRENDAMIENTO \/ ALQUILER : <\/strong><\/a><\/span><\/h3>\n<h3 style=\"text-align: center;\"><a title=\"Tienda - Precio y Venta Servidores HP\" href=\"https:\/\/netcomp.co\/es\/132-servidores-hp-lenovo-dell-partes\" target=\"_blank\" rel=\"noopener noreferrer\"><span style=\"font-family: tahoma, arial, helvetica, sans-serif; font-size: 14pt;\"><strong>ML350 \/ ML150 \/ DL320 \/ DL360 \/ DL380 <\/strong><\/span><strong><span style=\"font-family: tahoma, arial, helvetica, sans-serif; font-size: 14pt;\">PARA COMPRAR CLICK AQUI!<\/span><\/strong><\/a><\/h3>\n<p>&nbsp;<\/p>\n<h2><strong><a href=\"https:\/\/api.whatsapp.com\/send?phone=573168788749\" target=\"_blank\" rel=\"noopener noreferrer\"><img loading=\"lazy\" decoding=\"async\" class=\"wp-image-20467 aligncenter\" src=\"http:\/\/cableado-estructurado.com.co\/netcomp\/wp-content\/uploads\/2018\/07\/whatsapp-logo-mensaje.jpg\" alt=\"\" width=\"290\" height=\"220\" \/><\/a><\/strong><\/h2>\n<h2><img loading=\"lazy\" decoding=\"async\" class=\"wp-image-21775 aligncenter\" src=\"https:\/\/servidor-hp.com.co\/netcomp\/wp-content\/uploads\/2019\/05\/boton-ventas-servidor.png\" alt=\"\" width=\"495\" height=\"153\" \/><\/h2>\n<hr \/>\n<h3><\/h3>\n","protected":false},"excerpt":{"rendered":"<p>HPE SN1100Q 16Gb 2p FC HBA Fibra Optica &#8211; HP -N\/P: P9D94A\u00a0 &nbsp; PARA ESPECIFICACIONES CLICK EN LA PESTA\u00d1A INFORMACION ADICIONAL\u00a0 \u00a0 &nbsp; Adaptador de bus de host de canal de fibra de puerto doble HPE SN1100Q de 16 Gb Caracter\u00edsticas clave Adaptadores de bus de host de canal de fibra de alto rendimiento Los [&hellip;]<\/p>\n","protected":false},"featured_media":22553,"comment_status":"closed","ping_status":"closed","template":"","meta":{"_et_pb_use_builder":"","_et_pb_old_content":"","_et_gb_content_width":""},"product_brand":[],"product_cat":[73,15,57,45],"product_tag":[20960,20961,20539,20538,20959,20542,20949,20946],"class_list":{"0":"post-22552","1":"product","2":"type-product","3":"status-publish","4":"has-post-thumbnail","6":"product_cat-servidores-hp-ibm-cisco","7":"product_cat-servidores-hp","8":"product_cat-servidores-hp-2","9":"product_cat-storage-hp","10":"product_tag-adaptador-de-bus-de-host-para-servidores","11":"product_tag-adaptador-de-bus-de-host-para-servidores-hp","12":"product_tag-garantia-extendida-para-servidor-hp","13":"product_tag-opciones-para-servidor-hp","14":"product_tag-p9d94a","15":"product_tag-procesadores","16":"product_tag-servidor-hp-en-rack","17":"product_tag-servidor-hpe-gen-10","19":"first","20":"instock","21":"product-type-simple"},"yoast_head":"<!-- This site is optimized with the Yoast SEO plugin v27.2 - https:\/\/yoast.com\/product\/yoast-seo-wordpress\/ -->\n<title>Adaptador de bus de host para Servidores HP- N\/P : P9D94A - Servidores HP - Nuevos - Usados - Alquiler<\/title>\n<meta name=\"description\" content=\"Adaptador de bus de host para Servidores HP- N\/P : P9D94A - - Precio y Disponibilidad en Bogota - Colombia - servidor-hp.com.co\" \/>\n<meta name=\"robots\" content=\"index, follow, max-snippet:-1, max-image-preview:large, max-video-preview:-1\" \/>\n<link rel=\"canonical\" href=\"https:\/\/servidor-hp.com.co\/netcomp\/servidores\/servidores-hp\/storage-hp\/adaptador-de-bus-de-host-para-servidores-hp-n-p-p9d94a\/\" \/>\n<meta property=\"og:locale\" content=\"es_ES\" \/>\n<meta property=\"og:type\" content=\"article\" \/>\n<meta property=\"og:title\" content=\"Adaptador de bus de host para Servidores HP- N\/P : P9D94A - Servidores HP - Nuevos - Usados - Alquiler\" \/>\n<meta property=\"og:description\" content=\"Adaptador de bus de host para Servidores HP- N\/P : P9D94A - - Precio y Disponibilidad en Bogota - Colombia - servidor-hp.com.co\" \/>\n<meta property=\"og:url\" content=\"https:\/\/servidor-hp.com.co\/netcomp\/servidores\/servidores-hp\/storage-hp\/adaptador-de-bus-de-host-para-servidores-hp-n-p-p9d94a\/\" \/>\n<meta property=\"og:site_name\" content=\"Servidores HP - Nuevos - Usados - Alquiler\" \/>\n<meta property=\"article:modified_time\" content=\"2021-06-15T17:29:43+00:00\" \/>\n<meta property=\"og:image\" content=\"https:\/\/servidor-hp.com.co\/netcomp\/wp-content\/uploads\/2021\/06\/hp-p9d94a-hpe-storefabric-sn1100q-16gb-dual-port-fibre-10113668-scaled.jpg\" \/>\n\t<meta property=\"og:image:width\" content=\"2560\" \/>\n\t<meta property=\"og:image:height\" content=\"1588\" \/>\n\t<meta property=\"og:image:type\" content=\"image\/jpeg\" \/>\n<meta name=\"twitter:card\" content=\"summary_large_image\" \/>\n<meta name=\"twitter:label1\" content=\"Tiempo de lectura\" \/>\n\t<meta name=\"twitter:data1\" content=\"2 minutos\" \/>\n<script type=\"application\/ld+json\" class=\"yoast-schema-graph\">{\"@context\":\"https:\/\/schema.org\",\"@graph\":[{\"@type\":\"WebPage\",\"@id\":\"https:\/\/servidor-hp.com.co\/netcomp\/servidores\/servidores-hp\/storage-hp\/adaptador-de-bus-de-host-para-servidores-hp-n-p-p9d94a\/\",\"url\":\"https:\/\/servidor-hp.com.co\/netcomp\/servidores\/servidores-hp\/storage-hp\/adaptador-de-bus-de-host-para-servidores-hp-n-p-p9d94a\/\",\"name\":\"Adaptador de bus de host para Servidores HP- N\/P : P9D94A - Servidores HP - Nuevos - Usados - Alquiler\",\"isPartOf\":{\"@id\":\"https:\/\/servidor-hp.com.co\/netcomp\/#website\"},\"primaryImageOfPage\":{\"@id\":\"https:\/\/servidor-hp.com.co\/netcomp\/servidores\/servidores-hp\/storage-hp\/adaptador-de-bus-de-host-para-servidores-hp-n-p-p9d94a\/#primaryimage\"},\"image\":{\"@id\":\"https:\/\/servidor-hp.com.co\/netcomp\/servidores\/servidores-hp\/storage-hp\/adaptador-de-bus-de-host-para-servidores-hp-n-p-p9d94a\/#primaryimage\"},\"thumbnailUrl\":\"https:\/\/servidor-hp.com.co\/netcomp\/wp-content\/uploads\/2021\/06\/hp-p9d94a-hpe-storefabric-sn1100q-16gb-dual-port-fibre-10113668-scaled.jpg\",\"datePublished\":\"2021-06-15T17:05:25+00:00\",\"dateModified\":\"2021-06-15T17:29:43+00:00\",\"description\":\"Adaptador de bus de host para Servidores HP- N\/P : P9D94A - - Precio y Disponibilidad en Bogota - Colombia - servidor-hp.com.co\",\"breadcrumb\":{\"@id\":\"https:\/\/servidor-hp.com.co\/netcomp\/servidores\/servidores-hp\/storage-hp\/adaptador-de-bus-de-host-para-servidores-hp-n-p-p9d94a\/#breadcrumb\"},\"inLanguage\":\"es\",\"potentialAction\":[{\"@type\":\"ReadAction\",\"target\":[\"https:\/\/servidor-hp.com.co\/netcomp\/servidores\/servidores-hp\/storage-hp\/adaptador-de-bus-de-host-para-servidores-hp-n-p-p9d94a\/\"]}]},{\"@type\":\"ImageObject\",\"inLanguage\":\"es\",\"@id\":\"https:\/\/servidor-hp.com.co\/netcomp\/servidores\/servidores-hp\/storage-hp\/adaptador-de-bus-de-host-para-servidores-hp-n-p-p9d94a\/#primaryimage\",\"url\":\"https:\/\/servidor-hp.com.co\/netcomp\/wp-content\/uploads\/2021\/06\/hp-p9d94a-hpe-storefabric-sn1100q-16gb-dual-port-fibre-10113668-scaled.jpg\",\"contentUrl\":\"https:\/\/servidor-hp.com.co\/netcomp\/wp-content\/uploads\/2021\/06\/hp-p9d94a-hpe-storefabric-sn1100q-16gb-dual-port-fibre-10113668-scaled.jpg\",\"width\":2560,\"height\":1588},{\"@type\":\"BreadcrumbList\",\"@id\":\"https:\/\/servidor-hp.com.co\/netcomp\/servidores\/servidores-hp\/storage-hp\/adaptador-de-bus-de-host-para-servidores-hp-n-p-p9d94a\/#breadcrumb\",\"itemListElement\":[{\"@type\":\"ListItem\",\"position\":1,\"name\":\"Portada\",\"item\":\"https:\/\/servidor-hp.com.co\/netcomp\/\"},{\"@type\":\"ListItem\",\"position\":2,\"name\":\"Tienda\",\"item\":\"https:\/\/servidor-hp.com.co\/netcomp\/servidores\/\"},{\"@type\":\"ListItem\",\"position\":3,\"name\":\"Adaptador de bus de host para Servidores HP- N\/P : P9D94A\"}]},{\"@type\":\"WebSite\",\"@id\":\"https:\/\/servidor-hp.com.co\/netcomp\/#website\",\"url\":\"https:\/\/servidor-hp.com.co\/netcomp\/\",\"name\":\"Servidores HP - Nuevos - Usados - Alquiler\",\"description\":\"Tels: (+57) 316 878 8749\",\"alternateName\":\"Servidores HP DELL LENOVO IBM\",\"potentialAction\":[{\"@type\":\"SearchAction\",\"target\":{\"@type\":\"EntryPoint\",\"urlTemplate\":\"https:\/\/servidor-hp.com.co\/netcomp\/?s={search_term_string}\"},\"query-input\":{\"@type\":\"PropertyValueSpecification\",\"valueRequired\":true,\"valueName\":\"search_term_string\"}}],\"inLanguage\":\"es\"}]}<\/script>\n<!-- \/ Yoast SEO plugin. -->","yoast_head_json":{"title":"Adaptador de bus de host para Servidores HP- N\/P : P9D94A - Servidores HP - Nuevos - Usados - Alquiler","description":"Adaptador de bus de host para Servidores HP- N\/P : P9D94A - - Precio y Disponibilidad en Bogota - Colombia - servidor-hp.com.co","robots":{"index":"index","follow":"follow","max-snippet":"max-snippet:-1","max-image-preview":"max-image-preview:large","max-video-preview":"max-video-preview:-1"},"canonical":"https:\/\/servidor-hp.com.co\/netcomp\/servidores\/servidores-hp\/storage-hp\/adaptador-de-bus-de-host-para-servidores-hp-n-p-p9d94a\/","og_locale":"es_ES","og_type":"article","og_title":"Adaptador de bus de host para Servidores HP- N\/P : P9D94A - Servidores HP - Nuevos - Usados - Alquiler","og_description":"Adaptador de bus de host para Servidores HP- N\/P : P9D94A - - Precio y Disponibilidad en Bogota - Colombia - servidor-hp.com.co","og_url":"https:\/\/servidor-hp.com.co\/netcomp\/servidores\/servidores-hp\/storage-hp\/adaptador-de-bus-de-host-para-servidores-hp-n-p-p9d94a\/","og_site_name":"Servidores HP - Nuevos - Usados - Alquiler","article_modified_time":"2021-06-15T17:29:43+00:00","og_image":[{"width":2560,"height":1588,"url":"https:\/\/servidor-hp.com.co\/netcomp\/wp-content\/uploads\/2021\/06\/hp-p9d94a-hpe-storefabric-sn1100q-16gb-dual-port-fibre-10113668-scaled.jpg","type":"image\/jpeg"}],"twitter_card":"summary_large_image","twitter_misc":{"Tiempo de lectura":"2 minutos"},"schema":{"@context":"https:\/\/schema.org","@graph":[{"@type":"WebPage","@id":"https:\/\/servidor-hp.com.co\/netcomp\/servidores\/servidores-hp\/storage-hp\/adaptador-de-bus-de-host-para-servidores-hp-n-p-p9d94a\/","url":"https:\/\/servidor-hp.com.co\/netcomp\/servidores\/servidores-hp\/storage-hp\/adaptador-de-bus-de-host-para-servidores-hp-n-p-p9d94a\/","name":"Adaptador de bus de host para Servidores HP- N\/P : P9D94A - Servidores HP - Nuevos - Usados - Alquiler","isPartOf":{"@id":"https:\/\/servidor-hp.com.co\/netcomp\/#website"},"primaryImageOfPage":{"@id":"https:\/\/servidor-hp.com.co\/netcomp\/servidores\/servidores-hp\/storage-hp\/adaptador-de-bus-de-host-para-servidores-hp-n-p-p9d94a\/#primaryimage"},"image":{"@id":"https:\/\/servidor-hp.com.co\/netcomp\/servidores\/servidores-hp\/storage-hp\/adaptador-de-bus-de-host-para-servidores-hp-n-p-p9d94a\/#primaryimage"},"thumbnailUrl":"https:\/\/servidor-hp.com.co\/netcomp\/wp-content\/uploads\/2021\/06\/hp-p9d94a-hpe-storefabric-sn1100q-16gb-dual-port-fibre-10113668-scaled.jpg","datePublished":"2021-06-15T17:05:25+00:00","dateModified":"2021-06-15T17:29:43+00:00","description":"Adaptador de bus de host para Servidores HP- N\/P : P9D94A - - Precio y Disponibilidad en Bogota - Colombia - servidor-hp.com.co","breadcrumb":{"@id":"https:\/\/servidor-hp.com.co\/netcomp\/servidores\/servidores-hp\/storage-hp\/adaptador-de-bus-de-host-para-servidores-hp-n-p-p9d94a\/#breadcrumb"},"inLanguage":"es","potentialAction":[{"@type":"ReadAction","target":["https:\/\/servidor-hp.com.co\/netcomp\/servidores\/servidores-hp\/storage-hp\/adaptador-de-bus-de-host-para-servidores-hp-n-p-p9d94a\/"]}]},{"@type":"ImageObject","inLanguage":"es","@id":"https:\/\/servidor-hp.com.co\/netcomp\/servidores\/servidores-hp\/storage-hp\/adaptador-de-bus-de-host-para-servidores-hp-n-p-p9d94a\/#primaryimage","url":"https:\/\/servidor-hp.com.co\/netcomp\/wp-content\/uploads\/2021\/06\/hp-p9d94a-hpe-storefabric-sn1100q-16gb-dual-port-fibre-10113668-scaled.jpg","contentUrl":"https:\/\/servidor-hp.com.co\/netcomp\/wp-content\/uploads\/2021\/06\/hp-p9d94a-hpe-storefabric-sn1100q-16gb-dual-port-fibre-10113668-scaled.jpg","width":2560,"height":1588},{"@type":"BreadcrumbList","@id":"https:\/\/servidor-hp.com.co\/netcomp\/servidores\/servidores-hp\/storage-hp\/adaptador-de-bus-de-host-para-servidores-hp-n-p-p9d94a\/#breadcrumb","itemListElement":[{"@type":"ListItem","position":1,"name":"Portada","item":"https:\/\/servidor-hp.com.co\/netcomp\/"},{"@type":"ListItem","position":2,"name":"Tienda","item":"https:\/\/servidor-hp.com.co\/netcomp\/servidores\/"},{"@type":"ListItem","position":3,"name":"Adaptador de bus de host para Servidores HP- N\/P : P9D94A"}]},{"@type":"WebSite","@id":"https:\/\/servidor-hp.com.co\/netcomp\/#website","url":"https:\/\/servidor-hp.com.co\/netcomp\/","name":"Servidores HP - Nuevos - Usados - Alquiler","description":"Tels: (+57) 316 878 8749","alternateName":"Servidores HP DELL LENOVO IBM","potentialAction":[{"@type":"SearchAction","target":{"@type":"EntryPoint","urlTemplate":"https:\/\/servidor-hp.com.co\/netcomp\/?s={search_term_string}"},"query-input":{"@type":"PropertyValueSpecification","valueRequired":true,"valueName":"search_term_string"}}],"inLanguage":"es"}]}},"_links":{"self":[{"href":"https:\/\/servidor-hp.com.co\/netcomp\/wp-json\/wp\/v2\/product\/22552","targetHints":{"allow":["GET"]}}],"collection":[{"href":"https:\/\/servidor-hp.com.co\/netcomp\/wp-json\/wp\/v2\/product"}],"about":[{"href":"https:\/\/servidor-hp.com.co\/netcomp\/wp-json\/wp\/v2\/types\/product"}],"replies":[{"embeddable":true,"href":"https:\/\/servidor-hp.com.co\/netcomp\/wp-json\/wp\/v2\/comments?post=22552"}],"wp:featuredmedia":[{"embeddable":true,"href":"https:\/\/servidor-hp.com.co\/netcomp\/wp-json\/wp\/v2\/media\/22553"}],"wp:attachment":[{"href":"https:\/\/servidor-hp.com.co\/netcomp\/wp-json\/wp\/v2\/media?parent=22552"}],"wp:term":[{"taxonomy":"product_brand","embeddable":true,"href":"https:\/\/servidor-hp.com.co\/netcomp\/wp-json\/wp\/v2\/product_brand?post=22552"},{"taxonomy":"product_cat","embeddable":true,"href":"https:\/\/servidor-hp.com.co\/netcomp\/wp-json\/wp\/v2\/product_cat?post=22552"},{"taxonomy":"product_tag","embeddable":true,"href":"https:\/\/servidor-hp.com.co\/netcomp\/wp-json\/wp\/v2\/product_tag?post=22552"}],"curies":[{"name":"wp","href":"https:\/\/api.w.org\/{rel}","templated":true}]}}