{"id":22546,"date":"2021-06-15T09:04:58","date_gmt":"2021-06-15T14:04:58","guid":{"rendered":"https:\/\/servidor-hp.com.co\/netcomp\/?post_type=product&#038;p=22546"},"modified":"2021-06-15T09:08:03","modified_gmt":"2021-06-15T14:08:03","slug":"disco-para-servidor-dl380-gen10-n-p-p18432-b21","status":"publish","type":"product","link":"https:\/\/servidor-hp.com.co\/netcomp\/servidores\/servidores-hp\/storage-hp\/disco-para-servidor-dl380-gen10-n-p-p18432-b21\/","title":{"rendered":"Disco Para Servidor DL380 Gen10 -N\/P : P18432-B21"},"content":{"rendered":"<h1 style=\"text-align: center;\"><span style=\"font-family: tahoma, arial, helvetica, sans-serif;\"><strong><span style=\"color: #2445a2;\">Disco Para Servidor DL380 Gen10 2.5&#8243; &#8211; HPE 48- HP &#8211;\u00a0<\/span><\/strong><\/span><\/h1>\n<h1 style=\"text-align: center;\"><span style=\"font-family: tahoma, arial, helvetica, sans-serif;\"><strong><span style=\"color: #2445a2;\">N\/P: P18432-B21<\/span><\/strong><\/span><\/h1>\n<h3 style=\"background: #F6F6F6; margin: 0cm 0cm 12.0pt 0cm;\"><\/h3>\n<h3 class=\"hpe-more-informationcontent\"><span style=\"color: #d0121a; font-family: tahoma, arial, helvetica, sans-serif;\"><b>Caracter\u00edsticas principales<\/b><\/span><\/h3>\n<h3 class=\"hpe-more-informationcontent\"><span style=\"color: #000000; font-family: tahoma, arial, helvetica, sans-serif;\">Alto rendimiento, fiabilidad excepcional y eficiencia para obtener resultados de negocio m\u00e1s r\u00e1pidamente.<\/span><\/h3>\n<h3 class=\"hpe-more-informationcontent\"><span style=\"color: #000000; font-family: tahoma, arial, helvetica, sans-serif;\">Los SSD HPE SATA de uso mixto son ideales para el an\u00e1lisis de big data, la computaci\u00f3n en la nube, el archivado activo, las aplicaciones de bases de datos y el almacenamiento de datos.<\/span><\/h3>\n<h3 class=\"hpe-more-informationcontent\"><span style=\"color: #000000; font-family: tahoma, arial, helvetica, sans-serif;\">Consiga unas operaciones de entrada\/salida por segundo m\u00e1s altas para mejorar el rendimiento de su centro de datos.<\/span><\/h3>\n<h3 class=\"hpe-more-informationcontent\"><span style=\"color: #000000; font-family: tahoma, arial, helvetica, sans-serif;\">Mantiene la precisi\u00f3n de los datos con una detecci\u00f3n completa de errores en la ruta de los datos.<\/span><\/h3>\n<h3 class=\"hpe-more-informationcontent\"><span style=\"color: #000000; font-family: tahoma, arial, helvetica, sans-serif;\">Los SSD HPE Value SAS ofrecen el doble de velocidad de interfaz que los SSD SATA, lo que mejora el rendimiento de las cargas de trabajo.<\/span><\/h3>\n<h3 class=\"hpe-more-informationcontent\"><span style=\"color: #000000; font-family: tahoma, arial, helvetica, sans-serif;\">Los SSD HPE Value SAS admiten 12 Gb\/s, en comparaci\u00f3n a los SSD SATA con 6 Gb\/s.<\/span><\/h3>\n<h3 class=\"hpe-more-informationcontent\"><span style=\"color: #000000; font-family: tahoma, arial, helvetica, sans-serif;\">Optimizadas para cargas de trabajo de aplicaciones empresariales, las unidades de estado s\u00f3lido HPE Value SAS permiten realizar un mayor trabajo con menos servidores, ya que mejoran y consolidan cargas de trabajo transaccionales de la base de datos.<\/span><\/h3>\n<h3 class=\"hpe-more-informationcontent\"><span style=\"color: #000000; font-family: tahoma, arial, helvetica, sans-serif;\">Los SSD de m\u00faltiples proveedores de HPE ofrecen ciclos de vida ampliados de los SKU y disponibilidad inmediata en los SSD SATA<\/span><\/h3>\n<h3 class=\"hpe-more-informationcontent\"><span style=\"color: #000000; font-family: tahoma, arial, helvetica, sans-serif;\">HPE ha mejorado su amplio portfolio de productos SSD con una oferta de SSD de m\u00faltiples proveedores que permiten ciclos de vida ampliados de los SKU, disponibilidad inmediata y SSD SATA con precios preferentes.<\/span><\/h3>\n<h3 style=\"text-align: center;\"><\/h3>\n<p>&nbsp;<\/p>\n<h3 style=\"text-align: center;\"><span style=\"font-family: tahoma, arial, helvetica, sans-serif; font-size: 14pt;\"><a title=\"Tienda - Precio y Venta Servidores HP\" href=\"https:\/\/netcomp.co\/es\/132-servidores-hp-lenovo-dell-partes\" target=\"_blank\" rel=\"noopener noreferrer\"><strong>COMPRAR &#8211; DISPONEMOS DE UNA AMPLIA GAMA DE SERVIDORES HP PROLIANT PARA <\/strong><\/a><\/span><\/h3>\n<h3 style=\"text-align: center;\"><span style=\"font-family: tahoma, arial, helvetica, sans-serif; font-size: 14pt;\"><a title=\"Tienda - Precio y Venta Servidores HP\" href=\"https:\/\/netcomp.co\/es\/132-servidores-hp-lenovo-dell-partes\" target=\"_blank\" rel=\"noopener noreferrer\"><strong>VENTA \/ ARRENDAMIENTO \/ ALQUILER : <\/strong><\/a><\/span><\/h3>\n<h3 style=\"text-align: center;\"><a title=\"Tienda - Precio y Venta Servidores HP\" href=\"https:\/\/netcomp.co\/es\/132-servidores-hp-lenovo-dell-partes\" target=\"_blank\" rel=\"noopener noreferrer\"><span style=\"font-family: tahoma, arial, helvetica, sans-serif; font-size: 14pt;\"><strong>ML350 \/ ML150 \/ DL320 \/ DL360 \/ DL380 <\/strong><\/span><strong><span style=\"font-family: tahoma, arial, helvetica, sans-serif; font-size: 14pt;\">PARA COMPRAR CLICK AQUI!<\/span><\/strong><\/a><\/h3>\n<p>&nbsp;<\/p>\n<h2><strong><a href=\"https:\/\/api.whatsapp.com\/send?phone=573168788749\" target=\"_blank\" rel=\"noopener noreferrer\"><img loading=\"lazy\" decoding=\"async\" class=\"wp-image-20467 aligncenter\" src=\"http:\/\/cableado-estructurado.com.co\/netcomp\/wp-content\/uploads\/2018\/07\/whatsapp-logo-mensaje.jpg\" alt=\"\" width=\"290\" height=\"220\" \/><\/a><\/strong><\/h2>\n<h2><img loading=\"lazy\" decoding=\"async\" class=\"wp-image-21775 aligncenter\" src=\"https:\/\/servidor-hp.com.co\/netcomp\/wp-content\/uploads\/2019\/05\/boton-ventas-servidor.png\" alt=\"\" width=\"495\" height=\"153\" \/><\/h2>\n<hr \/>\n<h3><\/h3>\n","protected":false},"excerpt":{"rendered":"<p>Disco Para Servidor DL380 Gen10 2.5&#8243; &#8211; HPE 48- HP &#8211;\u00a0 N\/P: P18432-B21 Caracter\u00edsticas principales Alto rendimiento, fiabilidad excepcional y eficiencia para obtener resultados de negocio m\u00e1s r\u00e1pidamente. Los SSD HPE SATA de uso mixto son ideales para el an\u00e1lisis de big data, la computaci\u00f3n en la nube, el archivado activo, las aplicaciones de bases [&hellip;]<\/p>\n","protected":false},"featured_media":22373,"comment_status":"closed","ping_status":"closed","template":"","meta":{"_et_pb_use_builder":"","_et_pb_old_content":"","_et_gb_content_width":""},"product_brand":[],"product_cat":[73,15,57,45],"product_tag":[20540,20539,20538,20954,20542,20949,20946,20541],"class_list":{"0":"post-22546","1":"product","2":"type-product","3":"status-publish","4":"has-post-thumbnail","6":"product_cat-servidores-hp-ibm-cisco","7":"product_cat-servidores-hp","8":"product_cat-servidores-hp-2","9":"product_cat-storage-hp","10":"product_tag-discos-duros-para-servidor-hp","11":"product_tag-garantia-extendida-para-servidor-hp","12":"product_tag-opciones-para-servidor-hp","13":"product_tag-p18432-b21","14":"product_tag-procesadores","15":"product_tag-servidor-hp-en-rack","16":"product_tag-servidor-hpe-gen-10","17":"product_tag-tarjeta-de-red-para-servidor-hp","19":"first","20":"instock","21":"product-type-simple"},"yoast_head":"<!-- This site is optimized with the Yoast SEO plugin v27.2 - https:\/\/yoast.com\/product\/yoast-seo-wordpress\/ -->\n<title>Disco Para Servidor DL380 Gen10 -N\/P : P18432-B21 - Servidores HP - Nuevos - Usados - Alquiler<\/title>\n<meta name=\"description\" content=\"Disco Para Servidor DL380 Gen10 -N\/P : P18432-B21 - - Precio y Disponibilidad en Bogota - Colombia - servidor-hp.com.co\" \/>\n<meta name=\"robots\" content=\"index, follow, max-snippet:-1, max-image-preview:large, max-video-preview:-1\" \/>\n<link rel=\"canonical\" href=\"https:\/\/servidor-hp.com.co\/netcomp\/servidores\/servidores-hp\/storage-hp\/disco-para-servidor-dl380-gen10-n-p-p18432-b21\/\" \/>\n<meta property=\"og:locale\" content=\"es_ES\" \/>\n<meta property=\"og:type\" content=\"article\" \/>\n<meta property=\"og:title\" content=\"Disco Para Servidor DL380 Gen10 -N\/P : P18432-B21 - Servidores HP - Nuevos - Usados - Alquiler\" \/>\n<meta property=\"og:description\" content=\"Disco Para Servidor DL380 Gen10 -N\/P : P18432-B21 - - Precio y Disponibilidad en Bogota - Colombia - servidor-hp.com.co\" \/>\n<meta property=\"og:url\" content=\"https:\/\/servidor-hp.com.co\/netcomp\/servidores\/servidores-hp\/storage-hp\/disco-para-servidor-dl380-gen10-n-p-p18432-b21\/\" \/>\n<meta property=\"og:site_name\" content=\"Servidores HP - Nuevos - Usados - Alquiler\" \/>\n<meta property=\"article:modified_time\" content=\"2021-06-15T14:08:03+00:00\" \/>\n<meta property=\"og:image\" content=\"https:\/\/servidor-hp.com.co\/netcomp\/wp-content\/uploads\/2018\/05\/61ATDyEYmbL._AC_SY355_.jpg\" \/>\n\t<meta property=\"og:image:width\" content=\"855\" \/>\n\t<meta property=\"og:image:height\" content=\"355\" \/>\n\t<meta property=\"og:image:type\" content=\"image\/jpeg\" \/>\n<meta name=\"twitter:card\" content=\"summary_large_image\" \/>\n<meta name=\"twitter:label1\" content=\"Tiempo de lectura\" \/>\n\t<meta name=\"twitter:data1\" content=\"1 minuto\" \/>\n<script type=\"application\/ld+json\" class=\"yoast-schema-graph\">{\"@context\":\"https:\/\/schema.org\",\"@graph\":[{\"@type\":\"WebPage\",\"@id\":\"https:\/\/servidor-hp.com.co\/netcomp\/servidores\/servidores-hp\/storage-hp\/disco-para-servidor-dl380-gen10-n-p-p18432-b21\/\",\"url\":\"https:\/\/servidor-hp.com.co\/netcomp\/servidores\/servidores-hp\/storage-hp\/disco-para-servidor-dl380-gen10-n-p-p18432-b21\/\",\"name\":\"Disco Para Servidor DL380 Gen10 -N\/P : P18432-B21 - Servidores HP - Nuevos - Usados - Alquiler\",\"isPartOf\":{\"@id\":\"https:\/\/servidor-hp.com.co\/netcomp\/#website\"},\"primaryImageOfPage\":{\"@id\":\"https:\/\/servidor-hp.com.co\/netcomp\/servidores\/servidores-hp\/storage-hp\/disco-para-servidor-dl380-gen10-n-p-p18432-b21\/#primaryimage\"},\"image\":{\"@id\":\"https:\/\/servidor-hp.com.co\/netcomp\/servidores\/servidores-hp\/storage-hp\/disco-para-servidor-dl380-gen10-n-p-p18432-b21\/#primaryimage\"},\"thumbnailUrl\":\"https:\/\/servidor-hp.com.co\/netcomp\/wp-content\/uploads\/2018\/05\/61ATDyEYmbL._AC_SY355_.jpg\",\"datePublished\":\"2021-06-15T14:04:58+00:00\",\"dateModified\":\"2021-06-15T14:08:03+00:00\",\"description\":\"Disco Para Servidor DL380 Gen10 -N\/P : P18432-B21 - - Precio y Disponibilidad en Bogota - Colombia - servidor-hp.com.co\",\"breadcrumb\":{\"@id\":\"https:\/\/servidor-hp.com.co\/netcomp\/servidores\/servidores-hp\/storage-hp\/disco-para-servidor-dl380-gen10-n-p-p18432-b21\/#breadcrumb\"},\"inLanguage\":\"es\",\"potentialAction\":[{\"@type\":\"ReadAction\",\"target\":[\"https:\/\/servidor-hp.com.co\/netcomp\/servidores\/servidores-hp\/storage-hp\/disco-para-servidor-dl380-gen10-n-p-p18432-b21\/\"]}]},{\"@type\":\"ImageObject\",\"inLanguage\":\"es\",\"@id\":\"https:\/\/servidor-hp.com.co\/netcomp\/servidores\/servidores-hp\/storage-hp\/disco-para-servidor-dl380-gen10-n-p-p18432-b21\/#primaryimage\",\"url\":\"https:\/\/servidor-hp.com.co\/netcomp\/wp-content\/uploads\/2018\/05\/61ATDyEYmbL._AC_SY355_.jpg\",\"contentUrl\":\"https:\/\/servidor-hp.com.co\/netcomp\/wp-content\/uploads\/2018\/05\/61ATDyEYmbL._AC_SY355_.jpg\",\"width\":855,\"height\":355},{\"@type\":\"BreadcrumbList\",\"@id\":\"https:\/\/servidor-hp.com.co\/netcomp\/servidores\/servidores-hp\/storage-hp\/disco-para-servidor-dl380-gen10-n-p-p18432-b21\/#breadcrumb\",\"itemListElement\":[{\"@type\":\"ListItem\",\"position\":1,\"name\":\"Portada\",\"item\":\"https:\/\/servidor-hp.com.co\/netcomp\/\"},{\"@type\":\"ListItem\",\"position\":2,\"name\":\"Tienda\",\"item\":\"https:\/\/servidor-hp.com.co\/netcomp\/servidores\/\"},{\"@type\":\"ListItem\",\"position\":3,\"name\":\"Disco Para Servidor DL380 Gen10 -N\/P : P18432-B21\"}]},{\"@type\":\"WebSite\",\"@id\":\"https:\/\/servidor-hp.com.co\/netcomp\/#website\",\"url\":\"https:\/\/servidor-hp.com.co\/netcomp\/\",\"name\":\"Servidores HP - Nuevos - Usados - Alquiler\",\"description\":\"Tels: (+57) 316 878 8749\",\"alternateName\":\"Servidores HP DELL LENOVO IBM\",\"potentialAction\":[{\"@type\":\"SearchAction\",\"target\":{\"@type\":\"EntryPoint\",\"urlTemplate\":\"https:\/\/servidor-hp.com.co\/netcomp\/?s={search_term_string}\"},\"query-input\":{\"@type\":\"PropertyValueSpecification\",\"valueRequired\":true,\"valueName\":\"search_term_string\"}}],\"inLanguage\":\"es\"}]}<\/script>\n<!-- \/ Yoast SEO plugin. -->","yoast_head_json":{"title":"Disco Para Servidor DL380 Gen10 -N\/P : P18432-B21 - Servidores HP - Nuevos - Usados - Alquiler","description":"Disco Para Servidor DL380 Gen10 -N\/P : P18432-B21 - - Precio y Disponibilidad en Bogota - Colombia - servidor-hp.com.co","robots":{"index":"index","follow":"follow","max-snippet":"max-snippet:-1","max-image-preview":"max-image-preview:large","max-video-preview":"max-video-preview:-1"},"canonical":"https:\/\/servidor-hp.com.co\/netcomp\/servidores\/servidores-hp\/storage-hp\/disco-para-servidor-dl380-gen10-n-p-p18432-b21\/","og_locale":"es_ES","og_type":"article","og_title":"Disco Para Servidor DL380 Gen10 -N\/P : P18432-B21 - Servidores HP - Nuevos - Usados - Alquiler","og_description":"Disco Para Servidor DL380 Gen10 -N\/P : P18432-B21 - - Precio y Disponibilidad en Bogota - Colombia - servidor-hp.com.co","og_url":"https:\/\/servidor-hp.com.co\/netcomp\/servidores\/servidores-hp\/storage-hp\/disco-para-servidor-dl380-gen10-n-p-p18432-b21\/","og_site_name":"Servidores HP - Nuevos - Usados - Alquiler","article_modified_time":"2021-06-15T14:08:03+00:00","og_image":[{"width":855,"height":355,"url":"https:\/\/servidor-hp.com.co\/netcomp\/wp-content\/uploads\/2018\/05\/61ATDyEYmbL._AC_SY355_.jpg","type":"image\/jpeg"}],"twitter_card":"summary_large_image","twitter_misc":{"Tiempo de lectura":"1 minuto"},"schema":{"@context":"https:\/\/schema.org","@graph":[{"@type":"WebPage","@id":"https:\/\/servidor-hp.com.co\/netcomp\/servidores\/servidores-hp\/storage-hp\/disco-para-servidor-dl380-gen10-n-p-p18432-b21\/","url":"https:\/\/servidor-hp.com.co\/netcomp\/servidores\/servidores-hp\/storage-hp\/disco-para-servidor-dl380-gen10-n-p-p18432-b21\/","name":"Disco Para Servidor DL380 Gen10 -N\/P : P18432-B21 - Servidores HP - Nuevos - Usados - Alquiler","isPartOf":{"@id":"https:\/\/servidor-hp.com.co\/netcomp\/#website"},"primaryImageOfPage":{"@id":"https:\/\/servidor-hp.com.co\/netcomp\/servidores\/servidores-hp\/storage-hp\/disco-para-servidor-dl380-gen10-n-p-p18432-b21\/#primaryimage"},"image":{"@id":"https:\/\/servidor-hp.com.co\/netcomp\/servidores\/servidores-hp\/storage-hp\/disco-para-servidor-dl380-gen10-n-p-p18432-b21\/#primaryimage"},"thumbnailUrl":"https:\/\/servidor-hp.com.co\/netcomp\/wp-content\/uploads\/2018\/05\/61ATDyEYmbL._AC_SY355_.jpg","datePublished":"2021-06-15T14:04:58+00:00","dateModified":"2021-06-15T14:08:03+00:00","description":"Disco Para Servidor DL380 Gen10 -N\/P : P18432-B21 - - Precio y Disponibilidad en Bogota - Colombia - servidor-hp.com.co","breadcrumb":{"@id":"https:\/\/servidor-hp.com.co\/netcomp\/servidores\/servidores-hp\/storage-hp\/disco-para-servidor-dl380-gen10-n-p-p18432-b21\/#breadcrumb"},"inLanguage":"es","potentialAction":[{"@type":"ReadAction","target":["https:\/\/servidor-hp.com.co\/netcomp\/servidores\/servidores-hp\/storage-hp\/disco-para-servidor-dl380-gen10-n-p-p18432-b21\/"]}]},{"@type":"ImageObject","inLanguage":"es","@id":"https:\/\/servidor-hp.com.co\/netcomp\/servidores\/servidores-hp\/storage-hp\/disco-para-servidor-dl380-gen10-n-p-p18432-b21\/#primaryimage","url":"https:\/\/servidor-hp.com.co\/netcomp\/wp-content\/uploads\/2018\/05\/61ATDyEYmbL._AC_SY355_.jpg","contentUrl":"https:\/\/servidor-hp.com.co\/netcomp\/wp-content\/uploads\/2018\/05\/61ATDyEYmbL._AC_SY355_.jpg","width":855,"height":355},{"@type":"BreadcrumbList","@id":"https:\/\/servidor-hp.com.co\/netcomp\/servidores\/servidores-hp\/storage-hp\/disco-para-servidor-dl380-gen10-n-p-p18432-b21\/#breadcrumb","itemListElement":[{"@type":"ListItem","position":1,"name":"Portada","item":"https:\/\/servidor-hp.com.co\/netcomp\/"},{"@type":"ListItem","position":2,"name":"Tienda","item":"https:\/\/servidor-hp.com.co\/netcomp\/servidores\/"},{"@type":"ListItem","position":3,"name":"Disco Para Servidor DL380 Gen10 -N\/P : P18432-B21"}]},{"@type":"WebSite","@id":"https:\/\/servidor-hp.com.co\/netcomp\/#website","url":"https:\/\/servidor-hp.com.co\/netcomp\/","name":"Servidores HP - Nuevos - Usados - Alquiler","description":"Tels: (+57) 316 878 8749","alternateName":"Servidores HP DELL LENOVO IBM","potentialAction":[{"@type":"SearchAction","target":{"@type":"EntryPoint","urlTemplate":"https:\/\/servidor-hp.com.co\/netcomp\/?s={search_term_string}"},"query-input":{"@type":"PropertyValueSpecification","valueRequired":true,"valueName":"search_term_string"}}],"inLanguage":"es"}]}},"_links":{"self":[{"href":"https:\/\/servidor-hp.com.co\/netcomp\/wp-json\/wp\/v2\/product\/22546","targetHints":{"allow":["GET"]}}],"collection":[{"href":"https:\/\/servidor-hp.com.co\/netcomp\/wp-json\/wp\/v2\/product"}],"about":[{"href":"https:\/\/servidor-hp.com.co\/netcomp\/wp-json\/wp\/v2\/types\/product"}],"replies":[{"embeddable":true,"href":"https:\/\/servidor-hp.com.co\/netcomp\/wp-json\/wp\/v2\/comments?post=22546"}],"wp:featuredmedia":[{"embeddable":true,"href":"https:\/\/servidor-hp.com.co\/netcomp\/wp-json\/wp\/v2\/media\/22373"}],"wp:attachment":[{"href":"https:\/\/servidor-hp.com.co\/netcomp\/wp-json\/wp\/v2\/media?parent=22546"}],"wp:term":[{"taxonomy":"product_brand","embeddable":true,"href":"https:\/\/servidor-hp.com.co\/netcomp\/wp-json\/wp\/v2\/product_brand?post=22546"},{"taxonomy":"product_cat","embeddable":true,"href":"https:\/\/servidor-hp.com.co\/netcomp\/wp-json\/wp\/v2\/product_cat?post=22546"},{"taxonomy":"product_tag","embeddable":true,"href":"https:\/\/servidor-hp.com.co\/netcomp\/wp-json\/wp\/v2\/product_tag?post=22546"}],"curies":[{"name":"wp","href":"https:\/\/api.w.org\/{rel}","templated":true}]}}