{"id":22533,"date":"2021-06-10T16:42:24","date_gmt":"2021-06-10T21:42:24","guid":{"rendered":"https:\/\/servidor-hp.com.co\/netcomp\/?post_type=product&#038;p=22533"},"modified":"2021-06-11T09:33:47","modified_gmt":"2021-06-11T14:33:47","slug":"servidor-hpe-proliant-dl360-gen10-n-p-p19774-b21","status":"publish","type":"product","link":"https:\/\/servidor-hp.com.co\/netcomp\/servidores\/servidores-hp\/storage-hp\/servidor-hpe-proliant-dl360-gen10-n-p-p19774-b21\/","title":{"rendered":"SERVIDOR HPE PROLIANT DL360 GEN10 N\/P: P19774-B21"},"content":{"rendered":"<h1 style=\"text-align: center;\"><span style=\"color: #2445a2; font-family: tahoma, arial, helvetica, sans-serif;\"><strong>SERVIDOR HPE PROLIANT DL360 GEN10 N\/P: P19774-B21<\/strong><\/span><\/h1>\n<h2 class=\"hpe-featured-product-description hpe-productDetails_data hpe-show-more1 hpe-product-description__text\" style=\"text-align: center;\"><\/h2>\n<p><span style=\"color: #000000;\"><img loading=\"lazy\" decoding=\"async\" class=\"\" style=\"display: block; margin-left: auto; margin-right: auto;\" src=\"https:\/\/www.netcomp.co\/img\/cms\/D_NQ_NP_651967-MLA26870528589_022018-O.jpg\" alt=\"\" width=\"593\" height=\"334\" \/><\/span><\/p>\n<h3><span style=\"font-family: tahoma, arial, helvetica, sans-serif;\"><strong><span style=\"color: #d0121a;\">Caracter\u00edsticas principales<\/span><\/strong><\/span><\/h3>\n<h4><span style=\"font-family: tahoma, arial, helvetica, sans-serif;\"><strong><span style=\"color: #d0121a;\">Rendimiento l\u00edder del sector con computaci\u00f3n vers\u00e1til<\/span><\/strong><\/span><\/h4>\n<h4><span style=\"color: #000000; font-family: tahoma, arial, helvetica, sans-serif;\">El servidor HPE ProLiant DL360 Gen10 es compatible con la tecnolog\u00eda est\u00e1ndar del sector aprovechando el procesador escalable Intel Xeon con hasta 28\u00a0n\u00facleos, SAS de 12 G y 3\u00a0TB de HPE DDR4 SmartMemory de 2933\u00a0MT\/s.<\/span><\/h4>\n<h4><span style=\"color: #000000; font-family: tahoma, arial, helvetica, sans-serif;\">Compatible con la segunda generaci\u00f3n de la familia de procesadores escalables Intel\u00ae Xeon\u00ae con hasta un 11\u00a0% de aumento del rendimiento por n\u00facleo<sup>\u00a0<\/sup>en comparaci\u00f3n con la primera generaci\u00f3n y con velocidades de memoria de hasta 2933\u00a0MT\/s.<\/span><\/h4>\n<h4><span style=\"color: #000000; font-family: tahoma, arial, helvetica, sans-serif;\">La memoria persistente HPE funciona con DRAM para proporcionar memoria r\u00e1pida, de gran capacidad y rentable, junto con almacenamiento para transformar el an\u00e1lisis y las cargas de trabajo de Big Data al permitir que los datos se almacenen, muevan y procesen r\u00e1pidamente.<\/span><\/h4>\n<h4><span style=\"color: #000000; font-family: tahoma, arial, helvetica, sans-serif;\">El servidor HPE ProLiant DL360 Gen10 ofrece hasta 192\u00a0GB por sistema, es compatible con hasta 12 NVDIMM por chasis y tiene el doble de la capacidad de la primera generaci\u00f3n de NVDIMM HPE.<\/span><\/h4>\n<h4><span style=\"font-family: tahoma, arial, helvetica, sans-serif;\"><strong><span style=\"color: #d0121a;\">Dise\u00f1o innovador para posibilidad de elecci\u00f3n y flexibilidad<\/span><\/strong><\/span><\/h4>\n<h4><span style=\"color: #000000; font-family: tahoma, arial, helvetica, sans-serif;\">La placa base del chasis premium de 10 SFF NVMe ofrece la posibilidad de mezclar y combinar SAS\/SATA y NVMe dentro del mismo chasis junto con chasis de 8 + 2 SFF y 4 LFF que es compatible con las nuevas opciones de almacenamiento uFF y M.2.<\/span><\/h4>\n<h4><span style=\"color: #000000; font-family: tahoma, arial, helvetica, sans-serif;\">Adaptador incorporado 4 x 1 GbE (determinados modelos), o HPE FlexibleLOM o PCle vertical de 1 GbE, 10 GbE, 25 GbE o 100 GbE, que ofrecen una flexibilidad de ancho de banda de red y de estructura para que puedas adaptarte y crecer seg\u00fan las necesidades empresariales cambiantes.<\/span><\/h4>\n<h4><span style=\"font-family: tahoma, arial, helvetica, sans-serif;\"><strong><span style=\"color: #d0121a;\">Innovaciones en seguridad<\/span><\/strong><\/span><\/h4>\n<h4><span style=\"color: #000000; font-family: tahoma, arial, helvetica, sans-serif;\">HPE iLO 5 habilita los servidores est\u00e1ndar del sector m\u00e1s seguros del mundo gracias a la confiable tecnolog\u00eda de ra\u00edz de silicio de HPE para proteger sus servidores de ataques, detectar posibles intrusiones y recuperar el firmware esencial de su servidor de forma segura.<\/span><\/h4>\n<h4><span style=\"font-family: tahoma, arial, helvetica, sans-serif;\"><strong><span style=\"color: #d0121a;\">Capacidad de servicio e implementaci\u00f3n l\u00edderes del sector<\/span><\/strong><\/span><\/h4>\n<h4><span style=\"color: #000000; font-family: tahoma, arial, helvetica, sans-serif;\">El servidor HPE ProLiant DL360 Gen10 incluye un conjunto completo de servicios ofrecidos por HPE Pointnext, que ofrecen seguridad, reducen el riesgo y ayudan a los clientes a aprovechar la agilidad y la estabilidad.<\/span><\/h4>\n<h4><span style=\"color: #000000; font-family: tahoma, arial, helvetica, sans-serif;\">Las soluciones de inversi\u00f3n en TI de HPE le ayudan a dar el salto a una empresa digital con la econom\u00eda de TI para alinearse con sus objetivos empresariales.<\/span><\/h4>\n<h4><strong>\u00a0<\/strong><\/h4>\n<h3><\/h3>\n<p>&nbsp;<\/p>\n<h3 style=\"text-align: center;\"><span style=\"font-family: tahoma, arial, helvetica, sans-serif; font-size: 14pt;\"><a title=\"Tienda - Precio y Venta Servidores HP\" href=\"https:\/\/netcomp.co\/es\/132-servidores-hp-lenovo-dell-partes\" target=\"_blank\" rel=\"noopener noreferrer\"><strong>COMPRAR &#8211; DISPONEMOS DE UNA AMPLIA GAMA DE SERVIDORES HP PROLIANT PARA <\/strong><\/a><\/span><\/h3>\n<h3 style=\"text-align: center;\"><span style=\"font-family: tahoma, arial, helvetica, sans-serif; font-size: 14pt;\"><a title=\"Tienda - Precio y Venta Servidores HP\" href=\"https:\/\/netcomp.co\/es\/132-servidores-hp-lenovo-dell-partes\" target=\"_blank\" rel=\"noopener noreferrer\"><strong>VENTA \/ ARRENDAMIENTO \/ ALQUILER : <\/strong><\/a><\/span><\/h3>\n<h3 style=\"text-align: center;\"><a title=\"Tienda - Precio y Venta Servidores HP\" href=\"https:\/\/netcomp.co\/es\/132-servidores-hp-lenovo-dell-partes\" target=\"_blank\" rel=\"noopener noreferrer\"><span style=\"font-family: tahoma, arial, helvetica, sans-serif; font-size: 14pt;\"><strong>ML350 \/ ML150 \/ DL320 \/ DL360 \/ DL380 <\/strong><\/span><strong><span style=\"font-family: tahoma, arial, helvetica, sans-serif; font-size: 14pt;\">PARA COMPRAR CLICK AQUI!<\/span><\/strong><\/a><\/h3>\n<p>&nbsp;<\/p>\n<h2><strong><a href=\"https:\/\/api.whatsapp.com\/send?phone=573168788749\" target=\"_blank\" rel=\"noopener noreferrer\"><img loading=\"lazy\" decoding=\"async\" class=\"wp-image-20467 aligncenter\" src=\"http:\/\/cableado-estructurado.com.co\/netcomp\/wp-content\/uploads\/2018\/07\/whatsapp-logo-mensaje.jpg\" alt=\"\" width=\"290\" height=\"220\" \/><\/a><\/strong><\/h2>\n<h2><img loading=\"lazy\" decoding=\"async\" class=\"wp-image-21775 aligncenter\" src=\"https:\/\/servidor-hp.com.co\/netcomp\/wp-content\/uploads\/2019\/05\/boton-ventas-servidor.png\" alt=\"\" width=\"495\" height=\"153\" \/><\/h2>\n<hr \/>\n<h3><\/h3>\n","protected":false},"excerpt":{"rendered":"<p>SERVIDOR HPE PROLIANT DL360 GEN10 N\/P: P19774-B21 Caracter\u00edsticas principales Rendimiento l\u00edder del sector con computaci\u00f3n vers\u00e1til El servidor HPE ProLiant DL360 Gen10 es compatible con la tecnolog\u00eda est\u00e1ndar del sector aprovechando el procesador escalable Intel Xeon con hasta 28\u00a0n\u00facleos, SAS de 12 G y 3\u00a0TB de HPE DDR4 SmartMemory de 2933\u00a0MT\/s. Compatible con la segunda [&hellip;]<\/p>\n","protected":false},"featured_media":22534,"comment_status":"closed","ping_status":"closed","template":"","meta":{"_et_pb_use_builder":"","_et_pb_old_content":"","_et_gb_content_width":""},"product_brand":[],"product_cat":[73,15,57,45],"product_tag":[20540,517,20539,20538,20947,20542,20944,20946,20541],"class_list":{"0":"post-22533","1":"product","2":"type-product","3":"status-publish","4":"has-post-thumbnail","6":"product_cat-servidores-hp-ibm-cisco","7":"product_cat-servidores-hp","8":"product_cat-servidores-hp-2","9":"product_cat-storage-hp","10":"product_tag-discos-duros-para-servidor-hp","11":"product_tag-fuente-de-poder","12":"product_tag-garantia-extendida-para-servidor-hp","13":"product_tag-opciones-para-servidor-hp","14":"product_tag-p19774-b21","15":"product_tag-procesadores","16":"product_tag-servidor-de-torre-hpe","17":"product_tag-servidor-hpe-gen-10","18":"product_tag-tarjeta-de-red-para-servidor-hp","20":"first","21":"instock","22":"product-type-simple"},"yoast_head":"<!-- This site is optimized with the Yoast SEO plugin v27.2 - https:\/\/yoast.com\/product\/yoast-seo-wordpress\/ -->\n<title>SERVIDOR HPE PROLIANT DL360 GEN10 N\/P: P19774-B21 - Servidores HP - Nuevos - Usados - Alquiler<\/title>\n<meta name=\"description\" content=\"SERVIDOR HPE PROLIANT DL360 GEN10 N\/P: P19774-B21 - - Precio y Disponibilidad en Bogota - Colombia - servidor-hp.com.co\" \/>\n<meta name=\"robots\" content=\"index, follow, max-snippet:-1, max-image-preview:large, max-video-preview:-1\" \/>\n<link rel=\"canonical\" href=\"https:\/\/servidor-hp.com.co\/netcomp\/servidores\/servidores-hp\/storage-hp\/servidor-hpe-proliant-dl360-gen10-n-p-p19774-b21\/\" \/>\n<meta property=\"og:locale\" content=\"es_ES\" \/>\n<meta property=\"og:type\" content=\"article\" \/>\n<meta property=\"og:title\" content=\"SERVIDOR HPE PROLIANT DL360 GEN10 N\/P: P19774-B21 - Servidores HP - Nuevos - Usados - Alquiler\" \/>\n<meta property=\"og:description\" content=\"SERVIDOR HPE PROLIANT DL360 GEN10 N\/P: P19774-B21 - - Precio y Disponibilidad en Bogota - Colombia - servidor-hp.com.co\" \/>\n<meta property=\"og:url\" content=\"https:\/\/servidor-hp.com.co\/netcomp\/servidores\/servidores-hp\/storage-hp\/servidor-hpe-proliant-dl360-gen10-n-p-p19774-b21\/\" \/>\n<meta property=\"og:site_name\" content=\"Servidores HP - Nuevos - Usados - Alquiler\" \/>\n<meta property=\"article:modified_time\" content=\"2021-06-11T14:33:47+00:00\" \/>\n<meta property=\"og:image\" content=\"https:\/\/servidor-hp.com.co\/netcomp\/wp-content\/uploads\/2021\/06\/HPE_P19774-B21.jpg\" \/>\n\t<meta property=\"og:image:width\" content=\"748\" \/>\n\t<meta property=\"og:image:height\" content=\"418\" \/>\n\t<meta property=\"og:image:type\" content=\"image\/jpeg\" \/>\n<meta name=\"twitter:card\" content=\"summary_large_image\" \/>\n<meta name=\"twitter:label1\" content=\"Tiempo de lectura\" \/>\n\t<meta name=\"twitter:data1\" content=\"2 minutos\" \/>\n<script type=\"application\/ld+json\" class=\"yoast-schema-graph\">{\"@context\":\"https:\/\/schema.org\",\"@graph\":[{\"@type\":\"WebPage\",\"@id\":\"https:\/\/servidor-hp.com.co\/netcomp\/servidores\/servidores-hp\/storage-hp\/servidor-hpe-proliant-dl360-gen10-n-p-p19774-b21\/\",\"url\":\"https:\/\/servidor-hp.com.co\/netcomp\/servidores\/servidores-hp\/storage-hp\/servidor-hpe-proliant-dl360-gen10-n-p-p19774-b21\/\",\"name\":\"SERVIDOR HPE PROLIANT DL360 GEN10 N\/P: P19774-B21 - Servidores HP - Nuevos - Usados - Alquiler\",\"isPartOf\":{\"@id\":\"https:\/\/servidor-hp.com.co\/netcomp\/#website\"},\"primaryImageOfPage\":{\"@id\":\"https:\/\/servidor-hp.com.co\/netcomp\/servidores\/servidores-hp\/storage-hp\/servidor-hpe-proliant-dl360-gen10-n-p-p19774-b21\/#primaryimage\"},\"image\":{\"@id\":\"https:\/\/servidor-hp.com.co\/netcomp\/servidores\/servidores-hp\/storage-hp\/servidor-hpe-proliant-dl360-gen10-n-p-p19774-b21\/#primaryimage\"},\"thumbnailUrl\":\"https:\/\/servidor-hp.com.co\/netcomp\/wp-content\/uploads\/2021\/06\/HPE_P19774-B21.jpg\",\"datePublished\":\"2021-06-10T21:42:24+00:00\",\"dateModified\":\"2021-06-11T14:33:47+00:00\",\"description\":\"SERVIDOR HPE PROLIANT DL360 GEN10 N\/P: P19774-B21 - - Precio y Disponibilidad en Bogota - Colombia - servidor-hp.com.co\",\"breadcrumb\":{\"@id\":\"https:\/\/servidor-hp.com.co\/netcomp\/servidores\/servidores-hp\/storage-hp\/servidor-hpe-proliant-dl360-gen10-n-p-p19774-b21\/#breadcrumb\"},\"inLanguage\":\"es\",\"potentialAction\":[{\"@type\":\"ReadAction\",\"target\":[\"https:\/\/servidor-hp.com.co\/netcomp\/servidores\/servidores-hp\/storage-hp\/servidor-hpe-proliant-dl360-gen10-n-p-p19774-b21\/\"]}]},{\"@type\":\"ImageObject\",\"inLanguage\":\"es\",\"@id\":\"https:\/\/servidor-hp.com.co\/netcomp\/servidores\/servidores-hp\/storage-hp\/servidor-hpe-proliant-dl360-gen10-n-p-p19774-b21\/#primaryimage\",\"url\":\"https:\/\/servidor-hp.com.co\/netcomp\/wp-content\/uploads\/2021\/06\/HPE_P19774-B21.jpg\",\"contentUrl\":\"https:\/\/servidor-hp.com.co\/netcomp\/wp-content\/uploads\/2021\/06\/HPE_P19774-B21.jpg\",\"width\":748,\"height\":418,\"caption\":\"Servidor HP\"},{\"@type\":\"BreadcrumbList\",\"@id\":\"https:\/\/servidor-hp.com.co\/netcomp\/servidores\/servidores-hp\/storage-hp\/servidor-hpe-proliant-dl360-gen10-n-p-p19774-b21\/#breadcrumb\",\"itemListElement\":[{\"@type\":\"ListItem\",\"position\":1,\"name\":\"Portada\",\"item\":\"https:\/\/servidor-hp.com.co\/netcomp\/\"},{\"@type\":\"ListItem\",\"position\":2,\"name\":\"Tienda\",\"item\":\"https:\/\/servidor-hp.com.co\/netcomp\/servidores\/\"},{\"@type\":\"ListItem\",\"position\":3,\"name\":\"SERVIDOR HPE PROLIANT DL360 GEN10 N\/P: P19774-B21\"}]},{\"@type\":\"WebSite\",\"@id\":\"https:\/\/servidor-hp.com.co\/netcomp\/#website\",\"url\":\"https:\/\/servidor-hp.com.co\/netcomp\/\",\"name\":\"Servidores HP - Nuevos - Usados - Alquiler\",\"description\":\"Tels: (+57) 316 878 8749\",\"alternateName\":\"Servidores HP DELL LENOVO IBM\",\"potentialAction\":[{\"@type\":\"SearchAction\",\"target\":{\"@type\":\"EntryPoint\",\"urlTemplate\":\"https:\/\/servidor-hp.com.co\/netcomp\/?s={search_term_string}\"},\"query-input\":{\"@type\":\"PropertyValueSpecification\",\"valueRequired\":true,\"valueName\":\"search_term_string\"}}],\"inLanguage\":\"es\"}]}<\/script>\n<!-- \/ Yoast SEO plugin. -->","yoast_head_json":{"title":"SERVIDOR HPE PROLIANT DL360 GEN10 N\/P: P19774-B21 - Servidores HP - Nuevos - Usados - Alquiler","description":"SERVIDOR HPE PROLIANT DL360 GEN10 N\/P: P19774-B21 - - Precio y Disponibilidad en Bogota - Colombia - servidor-hp.com.co","robots":{"index":"index","follow":"follow","max-snippet":"max-snippet:-1","max-image-preview":"max-image-preview:large","max-video-preview":"max-video-preview:-1"},"canonical":"https:\/\/servidor-hp.com.co\/netcomp\/servidores\/servidores-hp\/storage-hp\/servidor-hpe-proliant-dl360-gen10-n-p-p19774-b21\/","og_locale":"es_ES","og_type":"article","og_title":"SERVIDOR HPE PROLIANT DL360 GEN10 N\/P: P19774-B21 - Servidores HP - Nuevos - Usados - Alquiler","og_description":"SERVIDOR HPE PROLIANT DL360 GEN10 N\/P: P19774-B21 - - Precio y Disponibilidad en Bogota - Colombia - servidor-hp.com.co","og_url":"https:\/\/servidor-hp.com.co\/netcomp\/servidores\/servidores-hp\/storage-hp\/servidor-hpe-proliant-dl360-gen10-n-p-p19774-b21\/","og_site_name":"Servidores HP - Nuevos - Usados - Alquiler","article_modified_time":"2021-06-11T14:33:47+00:00","og_image":[{"width":748,"height":418,"url":"https:\/\/servidor-hp.com.co\/netcomp\/wp-content\/uploads\/2021\/06\/HPE_P19774-B21.jpg","type":"image\/jpeg"}],"twitter_card":"summary_large_image","twitter_misc":{"Tiempo de lectura":"2 minutos"},"schema":{"@context":"https:\/\/schema.org","@graph":[{"@type":"WebPage","@id":"https:\/\/servidor-hp.com.co\/netcomp\/servidores\/servidores-hp\/storage-hp\/servidor-hpe-proliant-dl360-gen10-n-p-p19774-b21\/","url":"https:\/\/servidor-hp.com.co\/netcomp\/servidores\/servidores-hp\/storage-hp\/servidor-hpe-proliant-dl360-gen10-n-p-p19774-b21\/","name":"SERVIDOR HPE PROLIANT DL360 GEN10 N\/P: P19774-B21 - Servidores HP - Nuevos - Usados - Alquiler","isPartOf":{"@id":"https:\/\/servidor-hp.com.co\/netcomp\/#website"},"primaryImageOfPage":{"@id":"https:\/\/servidor-hp.com.co\/netcomp\/servidores\/servidores-hp\/storage-hp\/servidor-hpe-proliant-dl360-gen10-n-p-p19774-b21\/#primaryimage"},"image":{"@id":"https:\/\/servidor-hp.com.co\/netcomp\/servidores\/servidores-hp\/storage-hp\/servidor-hpe-proliant-dl360-gen10-n-p-p19774-b21\/#primaryimage"},"thumbnailUrl":"https:\/\/servidor-hp.com.co\/netcomp\/wp-content\/uploads\/2021\/06\/HPE_P19774-B21.jpg","datePublished":"2021-06-10T21:42:24+00:00","dateModified":"2021-06-11T14:33:47+00:00","description":"SERVIDOR HPE PROLIANT DL360 GEN10 N\/P: P19774-B21 - - Precio y Disponibilidad en Bogota - Colombia - servidor-hp.com.co","breadcrumb":{"@id":"https:\/\/servidor-hp.com.co\/netcomp\/servidores\/servidores-hp\/storage-hp\/servidor-hpe-proliant-dl360-gen10-n-p-p19774-b21\/#breadcrumb"},"inLanguage":"es","potentialAction":[{"@type":"ReadAction","target":["https:\/\/servidor-hp.com.co\/netcomp\/servidores\/servidores-hp\/storage-hp\/servidor-hpe-proliant-dl360-gen10-n-p-p19774-b21\/"]}]},{"@type":"ImageObject","inLanguage":"es","@id":"https:\/\/servidor-hp.com.co\/netcomp\/servidores\/servidores-hp\/storage-hp\/servidor-hpe-proliant-dl360-gen10-n-p-p19774-b21\/#primaryimage","url":"https:\/\/servidor-hp.com.co\/netcomp\/wp-content\/uploads\/2021\/06\/HPE_P19774-B21.jpg","contentUrl":"https:\/\/servidor-hp.com.co\/netcomp\/wp-content\/uploads\/2021\/06\/HPE_P19774-B21.jpg","width":748,"height":418,"caption":"Servidor HP"},{"@type":"BreadcrumbList","@id":"https:\/\/servidor-hp.com.co\/netcomp\/servidores\/servidores-hp\/storage-hp\/servidor-hpe-proliant-dl360-gen10-n-p-p19774-b21\/#breadcrumb","itemListElement":[{"@type":"ListItem","position":1,"name":"Portada","item":"https:\/\/servidor-hp.com.co\/netcomp\/"},{"@type":"ListItem","position":2,"name":"Tienda","item":"https:\/\/servidor-hp.com.co\/netcomp\/servidores\/"},{"@type":"ListItem","position":3,"name":"SERVIDOR HPE PROLIANT DL360 GEN10 N\/P: P19774-B21"}]},{"@type":"WebSite","@id":"https:\/\/servidor-hp.com.co\/netcomp\/#website","url":"https:\/\/servidor-hp.com.co\/netcomp\/","name":"Servidores HP - Nuevos - Usados - Alquiler","description":"Tels: (+57) 316 878 8749","alternateName":"Servidores HP DELL LENOVO IBM","potentialAction":[{"@type":"SearchAction","target":{"@type":"EntryPoint","urlTemplate":"https:\/\/servidor-hp.com.co\/netcomp\/?s={search_term_string}"},"query-input":{"@type":"PropertyValueSpecification","valueRequired":true,"valueName":"search_term_string"}}],"inLanguage":"es"}]}},"_links":{"self":[{"href":"https:\/\/servidor-hp.com.co\/netcomp\/wp-json\/wp\/v2\/product\/22533","targetHints":{"allow":["GET"]}}],"collection":[{"href":"https:\/\/servidor-hp.com.co\/netcomp\/wp-json\/wp\/v2\/product"}],"about":[{"href":"https:\/\/servidor-hp.com.co\/netcomp\/wp-json\/wp\/v2\/types\/product"}],"replies":[{"embeddable":true,"href":"https:\/\/servidor-hp.com.co\/netcomp\/wp-json\/wp\/v2\/comments?post=22533"}],"wp:featuredmedia":[{"embeddable":true,"href":"https:\/\/servidor-hp.com.co\/netcomp\/wp-json\/wp\/v2\/media\/22534"}],"wp:attachment":[{"href":"https:\/\/servidor-hp.com.co\/netcomp\/wp-json\/wp\/v2\/media?parent=22533"}],"wp:term":[{"taxonomy":"product_brand","embeddable":true,"href":"https:\/\/servidor-hp.com.co\/netcomp\/wp-json\/wp\/v2\/product_brand?post=22533"},{"taxonomy":"product_cat","embeddable":true,"href":"https:\/\/servidor-hp.com.co\/netcomp\/wp-json\/wp\/v2\/product_cat?post=22533"},{"taxonomy":"product_tag","embeddable":true,"href":"https:\/\/servidor-hp.com.co\/netcomp\/wp-json\/wp\/v2\/product_tag?post=22533"}],"curies":[{"name":"wp","href":"https:\/\/api.w.org\/{rel}","templated":true}]}}