{"id":22398,"date":"2021-04-06T12:39:16","date_gmt":"2021-04-06T17:39:16","guid":{"rendered":"https:\/\/servidor-hp.com.co\/netcomp\/?post_type=product&#038;p=22398"},"modified":"2021-04-06T14:16:43","modified_gmt":"2021-04-06T19:16:43","slug":"switch-hpe-flexnetwork-5130","status":"publish","type":"product","link":"https:\/\/servidor-hp.com.co\/netcomp\/servidores\/servidores-hp\/switch-hpe-flexnetwork-5130\/","title":{"rendered":"Switch HPE Flexnetwork 5130"},"content":{"rendered":"<div class=\"ccs-cc-inline-features-block ccs-cc-inline-single-feature\">\n<h1 style=\"text-align: center;\"><strong><span style=\"color: #2445a2;\">Switch HPE FlexNetwork 5130 &#8211; 48 Puertos &#8211; Gigabit &#8211; 4 SFP+ &#8211; Gestionado\u00a0<\/span><span style=\"color: #2445a2;\">-1 A\u00d1O DE GARANTIA\u00a0<\/span><\/strong><\/h1>\n<\/div>\n<p>&nbsp;<\/p>\n<p>&nbsp;<\/p>\n<div class=\"ccs-cc-inline-features-block ccs-cc-inline-single-feature\">\n<h2><\/h2>\n<div id=\"header-49d004\" class=\"ccs-cc-inline-section ccs-cc-inline-header\" data-elementid=\"inline-content-header[hpe]\" data-context=\"{&quot;mobile&quot;:false}\" data-ccs-cc-inline-jumplink=\"Visi\u00f3n general\" data-display-mode=\"noheader\">\n<div class=\"ccs-cc-inline-header-layout\" data-type=\"text\">\n<h2 class=\"ccs-cc-inline-header-description\"><span style=\"font-size: 24pt; color: #000000;\">El conmutador HPE FlexNetwork 5130 EI ofrece flexibilidad, escalabilidad y un bajo coste total de propiedad (TCO) en el nivel de acceso de las redes de complejos de edificios de empresas medianas y grandes. Esta serie ofrece calidad de servicio y seguridad de clase empresarial, apilamiento mediante Hewlett Packard Enterprise Intelligent Resilient Fabric (IRF), enrutamiento est\u00e1tico de nivel 3 y RIP, pr\u00e1cticos puertos uplink fijos de 10 GbE, PoE+, ACL, IPv6 y ahorro de energ\u00eda con Energy Efficient Ethernet. La serie de conmutadores 5130 EI puede gestionarse con HPE Intelligent Management Center (IMC) para acceder a una sola vista de toda la red.<\/span><\/h2>\n<h2><\/h2>\n<\/div>\n<\/div>\n<div id=\"header-ff810c\" class=\"ccs-cc-inline-section ccs-cc-inline-header\" data-elementid=\"inline-content-header[hpe]\" data-context=\"{&quot;mobile&quot;:false}\" data-ccs-cc-inline-jumplink=\"Visi\u00f3n general\" data-display-mode=\"noheader\">\n<div class=\"ccs-cc-inline-header-layout\" data-type=\"text\">\n<h2><\/h2>\n<\/div>\n<\/div>\n<\/div>\n<h3><\/h3>\n<p>&nbsp;<\/p>\n<h2 style=\"margin: 18px 0px 9px; padding: 0px; border: 0px; font-style: normal; font-weight: 500; line-height: 1.1; font-family: Arial, Helvetica, sans-serif; font-size: 27px; vertical-align: baseline; color: #777777; letter-spacing: normal; text-indent: 0px; text-transform: none; background-color: #ffffff; text-align: center;\"><a href=\"https:\/\/servidor-hp.com.co\/netcomp\/servidores-hp\/servidores-hp\/\"><span style=\"margin: 0px; padding: 0px; border: 0px; font-style: inherit; font-variant: inherit; font-weight: inherit; line-height: inherit; font-family: tahoma, arial, helvetica, sans-serif; font-size: 14pt; vertical-align: baseline; color: #ff0000;\"><strong style=\"margin: 0px; padding: 0px; border: 0px; font-style: inherit; font-variant: inherit; font-weight: bold; line-height: inherit; font-family: inherit; font-size: 18.6667px; vertical-align: baseline;\">DISPONEMOS DE UNA AMPLIA GAMA DE SERVIDOR HP PROLIANT NUEVOS Y USADOS<\/strong><\/span><\/a><\/h2>\n<h2 style=\"text-align: center;\"><a href=\"https:\/\/servidor-hp.com.co\/netcomp\/servidores-hp\/servidores-hp\/\"><span style=\"color: #ff0000; font-family: tahoma, arial, helvetica, sans-serif; font-size: 14pt;\"><strong>PARA <\/strong><\/span><span style=\"color: #ff0000; font-family: tahoma, arial, helvetica, sans-serif; font-size: 14pt;\"><strong>VENTA \/ ARRENDAMIENTO \/ ALQUILER :<\/strong><\/span><\/a><\/h2>\n<h2 style=\"text-align: center;\"><a href=\"https:\/\/servidor-hp.com.co\/netcomp\/servidores-hp\/servidores-hp\/\"><span style=\"color: #ff0000; font-family: tahoma, arial, helvetica, sans-serif; font-size: 14pt;\"><strong>ML110 \/ ML350 \/ ML150 \/ DL320 \/ DL360 \/ DL380<\/strong><\/span><\/a><\/h2>\n<h3><a href=\"https:\/\/api.whatsapp.com\/send?phone=573168788749\" target=\"_blank\" rel=\"noopener noreferrer\"><img loading=\"lazy\" decoding=\"async\" class=\"wp-image-20467 aligncenter\" src=\"http:\/\/cableado-estructurado.com.co\/netcomp\/wp-content\/uploads\/2018\/07\/whatsapp-logo-mensaje.jpg\" alt=\"\" width=\"290\" height=\"220\" \/><\/a><\/h3>\n<p><img loading=\"lazy\" decoding=\"async\" class=\"wp-image-21775 aligncenter\" src=\"https:\/\/servidor-hp.com.co\/netcomp\/wp-content\/uploads\/2019\/05\/boton-ventas-servidor.png\" alt=\"\" width=\"495\" height=\"153\" \/><\/p>\n<h3 style=\"text-align: center;\"><\/h3>\n<h3><\/h3>\n","protected":false},"excerpt":{"rendered":"<p>Switch HPE FlexNetwork 5130 &#8211; 48 Puertos &#8211; Gigabit &#8211; 4 SFP+ &#8211; Gestionado\u00a0-1 A\u00d1O DE GARANTIA\u00a0 &nbsp; &nbsp; El conmutador HPE FlexNetwork 5130 EI ofrece flexibilidad, escalabilidad y un bajo coste total de propiedad (TCO) en el nivel de acceso de las redes de complejos de edificios de empresas medianas y grandes. Esta serie [&hellip;]<\/p>\n","protected":false},"featured_media":22396,"comment_status":"open","ping_status":"closed","template":"","meta":{"_et_pb_use_builder":"","_et_pb_old_content":"","_et_gb_content_width":""},"product_brand":[],"product_cat":[73,15],"product_tag":[20174,20929,20927,20928,321,20926,20931,20925,20924,403,20930],"class_list":{"0":"post-22398","1":"product","2":"type-product","3":"status-publish","4":"has-post-thumbnail","6":"product_cat-servidores-hp-ibm-cisco","7":"product_cat-servidores-hp","8":"product_tag-cotizar-servidor-hp-bogota","9":"product_tag-hp-strore","10":"product_tag-rack-hp","11":"product_tag-rack-hp-store","12":"product_tag-servidor-hp","13":"product_tag-servidor-hp-arrendamiento","14":"product_tag-servidor-hp-bogota","15":"product_tag-servidor-hp-usado","16":"product_tag-servidor-hp-venta-en-bogota","17":"product_tag-servidor-rack-hp","18":"product_tag-servidores-hp-bogota","20":"first","21":"instock","22":"shipping-taxable","23":"product-type-simple"},"yoast_head":"<!-- This site is optimized with the Yoast SEO plugin v27.2 - https:\/\/yoast.com\/product\/yoast-seo-wordpress\/ -->\n<title>Switch HPE Flexnetwork 5130 - Servidores HP - Nuevos - Usados - Alquiler<\/title>\n<meta name=\"description\" content=\"Switch HPE Flexnetwork 5130 - - Precio y Disponibilidad en Bogota - Colombia - servidor-hp.com.co\" \/>\n<meta name=\"robots\" content=\"index, follow, max-snippet:-1, max-image-preview:large, max-video-preview:-1\" \/>\n<link rel=\"canonical\" href=\"https:\/\/servidor-hp.com.co\/netcomp\/servidores\/servidores-hp\/switch-hpe-flexnetwork-5130\/\" \/>\n<meta property=\"og:locale\" content=\"es_ES\" \/>\n<meta property=\"og:type\" content=\"article\" \/>\n<meta property=\"og:title\" content=\"Switch HPE Flexnetwork 5130 - Servidores HP - Nuevos - Usados - Alquiler\" \/>\n<meta property=\"og:description\" content=\"Switch HPE Flexnetwork 5130 - - Precio y Disponibilidad en Bogota - Colombia - servidor-hp.com.co\" \/>\n<meta property=\"og:url\" content=\"https:\/\/servidor-hp.com.co\/netcomp\/servidores\/servidores-hp\/switch-hpe-flexnetwork-5130\/\" \/>\n<meta property=\"og:site_name\" content=\"Servidores HP - Nuevos - Usados - Alquiler\" \/>\n<meta property=\"article:modified_time\" content=\"2021-04-06T19:16:43+00:00\" \/>\n<meta property=\"og:image\" content=\"https:\/\/servidor-hp.com.co\/netcomp\/wp-content\/uploads\/2021\/04\/switch-hp-5500-48g.jpg\" \/>\n\t<meta property=\"og:image:width\" content=\"800\" \/>\n\t<meta property=\"og:image:height\" content=\"800\" \/>\n\t<meta property=\"og:image:type\" content=\"image\/jpeg\" \/>\n<meta name=\"twitter:card\" content=\"summary_large_image\" \/>\n<meta name=\"twitter:label1\" content=\"Tiempo de lectura\" \/>\n\t<meta name=\"twitter:data1\" content=\"1 minuto\" \/>\n<script type=\"application\/ld+json\" class=\"yoast-schema-graph\">{\"@context\":\"https:\/\/schema.org\",\"@graph\":[{\"@type\":\"WebPage\",\"@id\":\"https:\/\/servidor-hp.com.co\/netcomp\/servidores\/servidores-hp\/switch-hpe-flexnetwork-5130\/\",\"url\":\"https:\/\/servidor-hp.com.co\/netcomp\/servidores\/servidores-hp\/switch-hpe-flexnetwork-5130\/\",\"name\":\"Switch HPE Flexnetwork 5130 - Servidores HP - Nuevos - Usados - Alquiler\",\"isPartOf\":{\"@id\":\"https:\/\/servidor-hp.com.co\/netcomp\/#website\"},\"primaryImageOfPage\":{\"@id\":\"https:\/\/servidor-hp.com.co\/netcomp\/servidores\/servidores-hp\/switch-hpe-flexnetwork-5130\/#primaryimage\"},\"image\":{\"@id\":\"https:\/\/servidor-hp.com.co\/netcomp\/servidores\/servidores-hp\/switch-hpe-flexnetwork-5130\/#primaryimage\"},\"thumbnailUrl\":\"https:\/\/servidor-hp.com.co\/netcomp\/wp-content\/uploads\/2021\/04\/switch-hp-5500-48g.jpg\",\"datePublished\":\"2021-04-06T17:39:16+00:00\",\"dateModified\":\"2021-04-06T19:16:43+00:00\",\"description\":\"Switch HPE Flexnetwork 5130 - - Precio y Disponibilidad en Bogota - Colombia - servidor-hp.com.co\",\"breadcrumb\":{\"@id\":\"https:\/\/servidor-hp.com.co\/netcomp\/servidores\/servidores-hp\/switch-hpe-flexnetwork-5130\/#breadcrumb\"},\"inLanguage\":\"es\",\"potentialAction\":[{\"@type\":\"ReadAction\",\"target\":[\"https:\/\/servidor-hp.com.co\/netcomp\/servidores\/servidores-hp\/switch-hpe-flexnetwork-5130\/\"]}]},{\"@type\":\"ImageObject\",\"inLanguage\":\"es\",\"@id\":\"https:\/\/servidor-hp.com.co\/netcomp\/servidores\/servidores-hp\/switch-hpe-flexnetwork-5130\/#primaryimage\",\"url\":\"https:\/\/servidor-hp.com.co\/netcomp\/wp-content\/uploads\/2021\/04\/switch-hp-5500-48g.jpg\",\"contentUrl\":\"https:\/\/servidor-hp.com.co\/netcomp\/wp-content\/uploads\/2021\/04\/switch-hp-5500-48g.jpg\",\"width\":800,\"height\":800},{\"@type\":\"BreadcrumbList\",\"@id\":\"https:\/\/servidor-hp.com.co\/netcomp\/servidores\/servidores-hp\/switch-hpe-flexnetwork-5130\/#breadcrumb\",\"itemListElement\":[{\"@type\":\"ListItem\",\"position\":1,\"name\":\"Portada\",\"item\":\"https:\/\/servidor-hp.com.co\/netcomp\/\"},{\"@type\":\"ListItem\",\"position\":2,\"name\":\"Tienda\",\"item\":\"https:\/\/servidor-hp.com.co\/netcomp\/servidores\/\"},{\"@type\":\"ListItem\",\"position\":3,\"name\":\"Switch HPE Flexnetwork 5130\"}]},{\"@type\":\"WebSite\",\"@id\":\"https:\/\/servidor-hp.com.co\/netcomp\/#website\",\"url\":\"https:\/\/servidor-hp.com.co\/netcomp\/\",\"name\":\"Servidores HP - Nuevos - Usados - Alquiler\",\"description\":\"Tels: (+57) 316 878 8749\",\"alternateName\":\"Servidores HP DELL LENOVO IBM\",\"potentialAction\":[{\"@type\":\"SearchAction\",\"target\":{\"@type\":\"EntryPoint\",\"urlTemplate\":\"https:\/\/servidor-hp.com.co\/netcomp\/?s={search_term_string}\"},\"query-input\":{\"@type\":\"PropertyValueSpecification\",\"valueRequired\":true,\"valueName\":\"search_term_string\"}}],\"inLanguage\":\"es\"}]}<\/script>\n<!-- \/ Yoast SEO plugin. -->","yoast_head_json":{"title":"Switch HPE Flexnetwork 5130 - Servidores HP - Nuevos - Usados - Alquiler","description":"Switch HPE Flexnetwork 5130 - - Precio y Disponibilidad en Bogota - Colombia - servidor-hp.com.co","robots":{"index":"index","follow":"follow","max-snippet":"max-snippet:-1","max-image-preview":"max-image-preview:large","max-video-preview":"max-video-preview:-1"},"canonical":"https:\/\/servidor-hp.com.co\/netcomp\/servidores\/servidores-hp\/switch-hpe-flexnetwork-5130\/","og_locale":"es_ES","og_type":"article","og_title":"Switch HPE Flexnetwork 5130 - Servidores HP - Nuevos - Usados - Alquiler","og_description":"Switch HPE Flexnetwork 5130 - - Precio y Disponibilidad en Bogota - Colombia - servidor-hp.com.co","og_url":"https:\/\/servidor-hp.com.co\/netcomp\/servidores\/servidores-hp\/switch-hpe-flexnetwork-5130\/","og_site_name":"Servidores HP - Nuevos - Usados - Alquiler","article_modified_time":"2021-04-06T19:16:43+00:00","og_image":[{"width":800,"height":800,"url":"https:\/\/servidor-hp.com.co\/netcomp\/wp-content\/uploads\/2021\/04\/switch-hp-5500-48g.jpg","type":"image\/jpeg"}],"twitter_card":"summary_large_image","twitter_misc":{"Tiempo de lectura":"1 minuto"},"schema":{"@context":"https:\/\/schema.org","@graph":[{"@type":"WebPage","@id":"https:\/\/servidor-hp.com.co\/netcomp\/servidores\/servidores-hp\/switch-hpe-flexnetwork-5130\/","url":"https:\/\/servidor-hp.com.co\/netcomp\/servidores\/servidores-hp\/switch-hpe-flexnetwork-5130\/","name":"Switch HPE Flexnetwork 5130 - Servidores HP - Nuevos - Usados - Alquiler","isPartOf":{"@id":"https:\/\/servidor-hp.com.co\/netcomp\/#website"},"primaryImageOfPage":{"@id":"https:\/\/servidor-hp.com.co\/netcomp\/servidores\/servidores-hp\/switch-hpe-flexnetwork-5130\/#primaryimage"},"image":{"@id":"https:\/\/servidor-hp.com.co\/netcomp\/servidores\/servidores-hp\/switch-hpe-flexnetwork-5130\/#primaryimage"},"thumbnailUrl":"https:\/\/servidor-hp.com.co\/netcomp\/wp-content\/uploads\/2021\/04\/switch-hp-5500-48g.jpg","datePublished":"2021-04-06T17:39:16+00:00","dateModified":"2021-04-06T19:16:43+00:00","description":"Switch HPE Flexnetwork 5130 - - Precio y Disponibilidad en Bogota - Colombia - servidor-hp.com.co","breadcrumb":{"@id":"https:\/\/servidor-hp.com.co\/netcomp\/servidores\/servidores-hp\/switch-hpe-flexnetwork-5130\/#breadcrumb"},"inLanguage":"es","potentialAction":[{"@type":"ReadAction","target":["https:\/\/servidor-hp.com.co\/netcomp\/servidores\/servidores-hp\/switch-hpe-flexnetwork-5130\/"]}]},{"@type":"ImageObject","inLanguage":"es","@id":"https:\/\/servidor-hp.com.co\/netcomp\/servidores\/servidores-hp\/switch-hpe-flexnetwork-5130\/#primaryimage","url":"https:\/\/servidor-hp.com.co\/netcomp\/wp-content\/uploads\/2021\/04\/switch-hp-5500-48g.jpg","contentUrl":"https:\/\/servidor-hp.com.co\/netcomp\/wp-content\/uploads\/2021\/04\/switch-hp-5500-48g.jpg","width":800,"height":800},{"@type":"BreadcrumbList","@id":"https:\/\/servidor-hp.com.co\/netcomp\/servidores\/servidores-hp\/switch-hpe-flexnetwork-5130\/#breadcrumb","itemListElement":[{"@type":"ListItem","position":1,"name":"Portada","item":"https:\/\/servidor-hp.com.co\/netcomp\/"},{"@type":"ListItem","position":2,"name":"Tienda","item":"https:\/\/servidor-hp.com.co\/netcomp\/servidores\/"},{"@type":"ListItem","position":3,"name":"Switch HPE Flexnetwork 5130"}]},{"@type":"WebSite","@id":"https:\/\/servidor-hp.com.co\/netcomp\/#website","url":"https:\/\/servidor-hp.com.co\/netcomp\/","name":"Servidores HP - Nuevos - Usados - Alquiler","description":"Tels: (+57) 316 878 8749","alternateName":"Servidores HP DELL LENOVO IBM","potentialAction":[{"@type":"SearchAction","target":{"@type":"EntryPoint","urlTemplate":"https:\/\/servidor-hp.com.co\/netcomp\/?s={search_term_string}"},"query-input":{"@type":"PropertyValueSpecification","valueRequired":true,"valueName":"search_term_string"}}],"inLanguage":"es"}]}},"_links":{"self":[{"href":"https:\/\/servidor-hp.com.co\/netcomp\/wp-json\/wp\/v2\/product\/22398","targetHints":{"allow":["GET"]}}],"collection":[{"href":"https:\/\/servidor-hp.com.co\/netcomp\/wp-json\/wp\/v2\/product"}],"about":[{"href":"https:\/\/servidor-hp.com.co\/netcomp\/wp-json\/wp\/v2\/types\/product"}],"replies":[{"embeddable":true,"href":"https:\/\/servidor-hp.com.co\/netcomp\/wp-json\/wp\/v2\/comments?post=22398"}],"wp:featuredmedia":[{"embeddable":true,"href":"https:\/\/servidor-hp.com.co\/netcomp\/wp-json\/wp\/v2\/media\/22396"}],"wp:attachment":[{"href":"https:\/\/servidor-hp.com.co\/netcomp\/wp-json\/wp\/v2\/media?parent=22398"}],"wp:term":[{"taxonomy":"product_brand","embeddable":true,"href":"https:\/\/servidor-hp.com.co\/netcomp\/wp-json\/wp\/v2\/product_brand?post=22398"},{"taxonomy":"product_cat","embeddable":true,"href":"https:\/\/servidor-hp.com.co\/netcomp\/wp-json\/wp\/v2\/product_cat?post=22398"},{"taxonomy":"product_tag","embeddable":true,"href":"https:\/\/servidor-hp.com.co\/netcomp\/wp-json\/wp\/v2\/product_tag?post=22398"}],"curies":[{"name":"wp","href":"https:\/\/api.w.org\/{rel}","templated":true}]}}