{"id":22393,"date":"2021-04-06T10:27:05","date_gmt":"2021-04-06T15:27:05","guid":{"rendered":"https:\/\/servidor-hp.com.co\/netcomp\/?post_type=product&#038;p=22393"},"modified":"2023-03-06T20:21:46","modified_gmt":"2023-03-07T01:21:46","slug":"switch-hp-a5500","status":"publish","type":"product","link":"https:\/\/servidor-hp.com.co\/netcomp\/servidores\/servidores-hp\/switch-hp-a5500\/","title":{"rendered":"Switch HP A5500"},"content":{"rendered":"<div class=\"ccs-cc-inline-features-block ccs-cc-inline-single-feature\"><\/div>\n<div class=\"ccs-cc-inline-features-block ccs-cc-inline-single-feature\">\n<h1 style=\"text-align: center;\"><\/h1>\n<h1 style=\"text-align: center;\"><strong><span style=\"color: #2445a2;\">Switch HP A 5500-24G-PoE\u00a0-1 A\u00d1O DE GARANTIA\u00a0<\/span><\/strong><\/h1>\n<h2><span style=\"color: #000000;\">\u00a0<\/span><\/h2>\n<div id=\"header-38c1ab\" class=\"ccs-cc-inline-section ccs-cc-inline-header\" data-elementid=\"inline-content-header[hpe]\" data-context=\"{&quot;mobile&quot;:false}\" data-ccs-cc-inline-jumplink=\"Visi\u00f3n general\" data-display-mode=\"noheader\">\n<div class=\"ccs-cc-inline-header-layout\" data-type=\"text\">\n<h2 class=\"ccs-cc-inline-header-description\"><span style=\"color: #000000; font-size: 24pt;\">La serie de conmutadores HPE 5500 SI ofrece conectividad gigabit de capa 2 y capa 3 administrada en la capa de per\u00edmetro de las redes de grandes campus.<\/span><\/h2>\n<h2 class=\"ccs-cc-inline-header-description\"><span style=\"color: #000000; font-size: 24pt;\">El 5500 SI ofrece PoE+ y conectividad de enlace ascendente de 10 GbE modular para permitir un pago que crece junto con el crecimiento de su red. RRPP (Protocolo de protecci\u00f3n de anillo r\u00e1pido), Smart Link e Intelligent Resilient Fabric (IRF) ofrecen confiabilidad de clase empresarial. La serie de conmutadores HPE 5500 SI se puede administrar con HPE Intelligent Management Center (IMC) para tener una perspectiva general de toda su red.<\/span><\/h2>\n<\/div>\n<\/div>\n<div class=\"ccs-cc-inline-section ccs-cc-inline-features\" data-elementid=\"inline-content-features[hpe]\" data-context=\"{&quot;mobile&quot;:false}\" data-ccs-cc-inline-jumplink=\"Funciones\" data-display-mode=\"noheader\"><span style=\"color: #d0121a;\"><img loading=\"lazy\" decoding=\"async\" class=\"\" style=\"display: block; margin-left: auto; margin-right: auto;\" src=\"https:\/\/www.netcomp.co\/img\/cms\/HP_JG238A.jpg\" alt=\"Switch HP A5500\" width=\"481\" height=\"481\" \/><br \/>\n<\/span><\/p>\n<div class=\"ccs-cc-inline-features-block ccs-cc-inline-single-feature\"><\/div>\n<div class=\"ccs-cc-inline-features-block ccs-cc-inline-single-feature\">\n<h3><strong><span style=\"color: #2445a2; font-size: 14pt;\">Conmutadores de nivel de acceso escalables<\/span><\/strong><\/h3>\n<ul>\n<li><span style=\"font-size: 14pt;\">La serie de conmutadores HPE 5500 SI ofrece conectividad gigabit de capa 2 y capa 3 administrada en la capa de per\u00edmetro de las redes de grandes campus.<\/span><\/li>\n<li><span style=\"font-size: 14pt;\">HPE Intelligent Resilient Fabric (IRF) virtualiza hasta cuatro conmutadores f\u00edsicos en un dispositivo l\u00f3gico para tener redes m\u00e1s sencillas, planas y \u00e1giles, compatibilidad con IPv6, rutas est\u00e1ticas y RIP.<\/span><\/li>\n<li><span style=\"font-size: 14pt;\">Permite el apilamiento escalable con enlaces ascendentes de 10 GbE modulares (SFP+ y 10GBASE-T) y hasta 740W de alimentaci\u00f3n PoE+ de una fuente de alimentaci\u00f3n interna.<\/span><\/li>\n<li><span style=\"font-size: 14pt;\">No se necesita licencia de software.<\/span><\/li>\n<\/ul>\n<\/div>\n<div class=\"ccs-cc-inline-features-block ccs-cc-inline-single-feature\">\n<h3><strong><span style=\"color: #2445a2; font-size: 14pt;\">Calidad de servicio (QoS) para la administraci\u00f3n de tr\u00e1fico<\/span><\/strong><\/h3>\n<ul>\n<li><span style=\"font-size: 14pt;\">La serie de conmutadores HPE 5500 SI es compatible con calidad de servicio basada en clasificadores avanzada que ordena el tr\u00e1fico mediante varios criterios de coincidencia basados en informaci\u00f3n de las capas 2, 3 y 4.<\/span><\/li>\n<li><span style=\"font-size: 14pt;\">Puede aplicar normativas QoS, tales como el establecimiento del nivel de prioridad y el l\u00edmite de velocidad para seleccionar el tr\u00e1fico por puerto, por VLAN o en todo el conmutador<\/span><\/li>\n<li><span style=\"font-size: 14pt;\">Proporciona una asignaci\u00f3n de prioridades de tr\u00e1fico con las acciones de congesti\u00f3n: cola de prioridad estricta (SP), operaci\u00f3n por turnos ponderada (WRR), espera equitativa ponderada (WFQ) y SP+WWR para mayor flexibilidad.<\/span><\/li>\n<\/ul>\n<\/div>\n<div class=\"ccs-cc-inline-features-block ccs-cc-inline-single-feature\">\n<h3><strong><span style=\"color: #2445a2; font-size: 14pt;\">Control de seguridad de autenticaci\u00f3n<\/span><\/strong><\/h3>\n<ul>\n<li><span style=\"font-size: 14pt;\">La serie de conmutadores HPE 5500 SI es compatible con m\u00e9todos de autenticaci\u00f3n flexibles que incluyen 802.1X y MAC y Web para brindar mayor seguridad de aplicaciones basada en pol\u00edticas.<\/span><\/li>\n<li><span style=\"font-size: 14pt;\">Control de seguridad y acceso por identidad con la asignaci\u00f3n de VLAN autom\u00e1tica y ACL por usuario que permiten el acceso a los servicios de red espec\u00edficos sin poner en riesgo la seguridad de la red.<\/span><\/li>\n<li><span style=\"font-size: 14pt;\">Entre las caracter\u00edsticas de seguridad se incluyen: Seguridad de puerto y aislamiento, protecci\u00f3n de DHCP, protecci\u00f3n de puertos STP BPDU y RADIUS\/HWTACACS.<\/span><\/li>\n<\/ul>\n<\/div>\n<div class=\"ccs-cc-inline-features-block ccs-cc-inline-single-feature\">\n<h3><strong><span style=\"color: #2445a2; font-size: 14pt;\">Vista \u00fanica de la red<\/span><\/strong><\/h3>\n<ul>\n<li><span style=\"font-size: 14pt;\">La serie de conmutadores HPE 5500 SI puede administrarse perfectamente con HPE Intelligent Management Center (IMC) para proporcionar transparencia de red integral con experiencia de red uniforme a trav\u00e9s de las amplias opciones de administraci\u00f3n de configuraciones, cumplimiento normativo y pol\u00edticas.<\/span><\/li>\n<li><span style=\"font-size: 14pt;\">RMON, y sFlow ofrecen funcionalidades avanzadas de monitorizaci\u00f3n y notificaci\u00f3n para estad\u00edsticas, historiales, alarmas e incidencias<\/span><\/li>\n<\/ul>\n<\/div>\n<\/div>\n<h2><\/h2>\n<\/div>\n<h3><\/h3>\n<p>&nbsp;<\/p>\n<h2 style=\"margin: 18px 0px 9px; padding: 0px; border: 0px; font-style: normal; font-weight: 500; line-height: 1.1; font-family: Arial, Helvetica, sans-serif; font-size: 27px; vertical-align: baseline; color: #777777; letter-spacing: normal; text-indent: 0px; text-transform: none; background-color: #ffffff; text-align: center;\"><a href=\"https:\/\/servidor-hp.com.co\/netcomp\/servidores-hp\/servidores-hp\/\"><span style=\"margin: 0px; padding: 0px; border: 0px; font-style: inherit; font-variant: inherit; font-weight: inherit; line-height: inherit; font-family: tahoma, arial, helvetica, sans-serif; font-size: 14pt; vertical-align: baseline; color: #ff0000;\"><strong style=\"margin: 0px; padding: 0px; border: 0px; font-style: inherit; font-variant: inherit; font-weight: bold; line-height: inherit; font-family: inherit; font-size: 18.6667px; vertical-align: baseline;\">DISPONEMOS DE UNA AMPLIA GAMA DE SERVIDOR HP PROLIANT NUEVOS Y USADOS<\/strong><\/span><\/a><\/h2>\n<h2 style=\"text-align: center;\"><a href=\"https:\/\/servidor-hp.com.co\/netcomp\/servidores-hp\/servidores-hp\/\"><span style=\"color: #ff0000; font-family: tahoma, arial, helvetica, sans-serif; font-size: 14pt;\"><strong>PARA <\/strong><\/span><span style=\"color: #ff0000; font-family: tahoma, arial, helvetica, sans-serif; font-size: 14pt;\"><strong>VENTA \/ ARRENDAMIENTO \/ ALQUILER :<\/strong><\/span><\/a><\/h2>\n<h2 style=\"text-align: center;\"><a href=\"https:\/\/servidor-hp.com.co\/netcomp\/servidores-hp\/servidores-hp\/\"><span style=\"color: #ff0000; font-family: tahoma, arial, helvetica, sans-serif; font-size: 14pt;\"><strong>ML110 \/ ML350 \/ ML150 \/ DL320 \/ DL360 \/ DL380<\/strong><\/span><\/a><\/h2>\n<h3><a href=\"https:\/\/api.whatsapp.com\/send?phone=573168788749\" target=\"_blank\" rel=\"noopener noreferrer\"><img loading=\"lazy\" decoding=\"async\" class=\"wp-image-20467 aligncenter\" src=\"http:\/\/cableado-estructurado.com.co\/netcomp\/wp-content\/uploads\/2018\/07\/whatsapp-logo-mensaje.jpg\" alt=\"\" width=\"290\" height=\"220\" \/><\/a><\/h3>\n<p><img loading=\"lazy\" decoding=\"async\" class=\"wp-image-21775 aligncenter\" src=\"https:\/\/servidor-hp.com.co\/netcomp\/wp-content\/uploads\/2019\/05\/boton-ventas-servidor.png\" alt=\"\" width=\"495\" height=\"153\" \/><\/p>\n<h3 style=\"text-align: center;\"><\/h3>\n<h3><\/h3>\n","protected":false},"excerpt":{"rendered":"<ul>\n<li>\n<h3><span style=\"font-size: 12pt; color: #000000;\"><strong>Conmutadores de nivel de acceso escalables<\/strong><\/span><\/h3>\n<\/li>\n<li>\n<h3><span style=\"font-size: 12pt; color: #000000;\"><strong>Calidad de servicio (QoS) para la administraci\u00f3n de tr\u00e1fico<\/strong><\/span><\/h3>\n<\/li>\n<li>\n<h3><span style=\"font-size: 12pt; color: #000000;\"><strong>Control de seguridad de autenticaci\u00f3n<\/strong><\/span><\/h3>\n<\/li>\n<li>\n<h3><span style=\"font-size: 12pt; color: #000000;\"><strong>Vista \u00fanica de la red<\/strong><\/span><\/h3>\n<\/li>\n<\/ul>\n","protected":false},"featured_media":22394,"comment_status":"open","ping_status":"closed","template":"","meta":{"_et_pb_use_builder":"","_et_pb_old_content":"","_et_gb_content_width":""},"product_brand":[],"product_cat":[73,15,52683],"product_tag":[20929,20927,20928,321,20926,20925,20924,403,20930],"class_list":{"0":"post-22393","1":"product","2":"type-product","3":"status-publish","4":"has-post-thumbnail","6":"product_cat-servidores-hp-ibm-cisco","7":"product_cat-servidores-hp","8":"product_cat-software","9":"product_tag-hp-strore","10":"product_tag-rack-hp","11":"product_tag-rack-hp-store","12":"product_tag-servidor-hp","13":"product_tag-servidor-hp-arrendamiento","14":"product_tag-servidor-hp-usado","15":"product_tag-servidor-hp-venta-en-bogota","16":"product_tag-servidor-rack-hp","17":"product_tag-servidores-hp-bogota","19":"first","20":"instock","21":"shipping-taxable","22":"product-type-simple"},"yoast_head":"<!-- This site is optimized with the Yoast SEO plugin v27.2 - https:\/\/yoast.com\/product\/yoast-seo-wordpress\/ -->\n<title>Switch HP A5500 - Servidores HP - Nuevos - Usados - Alquiler<\/title>\n<meta name=\"description\" content=\"Switch HP A5500 - - Precio y Disponibilidad en Bogota - Colombia - servidor-hp.com.co\" \/>\n<meta name=\"robots\" content=\"index, follow, max-snippet:-1, max-image-preview:large, max-video-preview:-1\" \/>\n<link rel=\"canonical\" href=\"https:\/\/servidor-hp.com.co\/netcomp\/servidores\/servidores-hp\/switch-hp-a5500\/\" \/>\n<meta property=\"og:locale\" content=\"es_ES\" \/>\n<meta property=\"og:type\" content=\"article\" \/>\n<meta property=\"og:title\" content=\"Switch HP A5500 - Servidores HP - Nuevos - Usados - Alquiler\" \/>\n<meta property=\"og:description\" content=\"Switch HP A5500 - - Precio y Disponibilidad en Bogota - Colombia - servidor-hp.com.co\" \/>\n<meta property=\"og:url\" content=\"https:\/\/servidor-hp.com.co\/netcomp\/servidores\/servidores-hp\/switch-hp-a5500\/\" \/>\n<meta property=\"og:site_name\" content=\"Servidores HP - Nuevos - Usados - Alquiler\" \/>\n<meta property=\"article:modified_time\" content=\"2023-03-07T01:21:46+00:00\" \/>\n<meta property=\"og:image\" content=\"https:\/\/servidor-hp.com.co\/netcomp\/wp-content\/uploads\/2021\/04\/switch-hp-a5500.jpg\" \/>\n\t<meta property=\"og:image:width\" content=\"800\" \/>\n\t<meta property=\"og:image:height\" content=\"800\" \/>\n\t<meta property=\"og:image:type\" content=\"image\/jpeg\" \/>\n<meta name=\"twitter:card\" content=\"summary_large_image\" \/>\n<meta name=\"twitter:label1\" content=\"Tiempo de lectura\" \/>\n\t<meta name=\"twitter:data1\" content=\"3 minutos\" \/>\n<script type=\"application\/ld+json\" class=\"yoast-schema-graph\">{\"@context\":\"https:\/\/schema.org\",\"@graph\":[{\"@type\":\"WebPage\",\"@id\":\"https:\/\/servidor-hp.com.co\/netcomp\/servidores\/servidores-hp\/switch-hp-a5500\/\",\"url\":\"https:\/\/servidor-hp.com.co\/netcomp\/servidores\/servidores-hp\/switch-hp-a5500\/\",\"name\":\"Switch HP A5500 - Servidores HP - Nuevos - Usados - Alquiler\",\"isPartOf\":{\"@id\":\"https:\/\/servidor-hp.com.co\/netcomp\/#website\"},\"primaryImageOfPage\":{\"@id\":\"https:\/\/servidor-hp.com.co\/netcomp\/servidores\/servidores-hp\/switch-hp-a5500\/#primaryimage\"},\"image\":{\"@id\":\"https:\/\/servidor-hp.com.co\/netcomp\/servidores\/servidores-hp\/switch-hp-a5500\/#primaryimage\"},\"thumbnailUrl\":\"https:\/\/servidor-hp.com.co\/netcomp\/wp-content\/uploads\/2021\/04\/switch-hp-a5500.jpg\",\"datePublished\":\"2021-04-06T15:27:05+00:00\",\"dateModified\":\"2023-03-07T01:21:46+00:00\",\"description\":\"Switch HP A5500 - - Precio y Disponibilidad en Bogota - Colombia - servidor-hp.com.co\",\"breadcrumb\":{\"@id\":\"https:\/\/servidor-hp.com.co\/netcomp\/servidores\/servidores-hp\/switch-hp-a5500\/#breadcrumb\"},\"inLanguage\":\"es\",\"potentialAction\":[{\"@type\":\"ReadAction\",\"target\":[\"https:\/\/servidor-hp.com.co\/netcomp\/servidores\/servidores-hp\/switch-hp-a5500\/\"]}]},{\"@type\":\"ImageObject\",\"inLanguage\":\"es\",\"@id\":\"https:\/\/servidor-hp.com.co\/netcomp\/servidores\/servidores-hp\/switch-hp-a5500\/#primaryimage\",\"url\":\"https:\/\/servidor-hp.com.co\/netcomp\/wp-content\/uploads\/2021\/04\/switch-hp-a5500.jpg\",\"contentUrl\":\"https:\/\/servidor-hp.com.co\/netcomp\/wp-content\/uploads\/2021\/04\/switch-hp-a5500.jpg\",\"width\":800,\"height\":800},{\"@type\":\"BreadcrumbList\",\"@id\":\"https:\/\/servidor-hp.com.co\/netcomp\/servidores\/servidores-hp\/switch-hp-a5500\/#breadcrumb\",\"itemListElement\":[{\"@type\":\"ListItem\",\"position\":1,\"name\":\"Portada\",\"item\":\"https:\/\/servidor-hp.com.co\/netcomp\/\"},{\"@type\":\"ListItem\",\"position\":2,\"name\":\"Tienda\",\"item\":\"https:\/\/servidor-hp.com.co\/netcomp\/servidores\/\"},{\"@type\":\"ListItem\",\"position\":3,\"name\":\"Switch HP A5500\"}]},{\"@type\":\"WebSite\",\"@id\":\"https:\/\/servidor-hp.com.co\/netcomp\/#website\",\"url\":\"https:\/\/servidor-hp.com.co\/netcomp\/\",\"name\":\"Servidores HP - Nuevos - Usados - Alquiler\",\"description\":\"Tels: (+57) 316 878 8749\",\"alternateName\":\"Servidores HP DELL LENOVO IBM\",\"potentialAction\":[{\"@type\":\"SearchAction\",\"target\":{\"@type\":\"EntryPoint\",\"urlTemplate\":\"https:\/\/servidor-hp.com.co\/netcomp\/?s={search_term_string}\"},\"query-input\":{\"@type\":\"PropertyValueSpecification\",\"valueRequired\":true,\"valueName\":\"search_term_string\"}}],\"inLanguage\":\"es\"}]}<\/script>\n<!-- \/ Yoast SEO plugin. -->","yoast_head_json":{"title":"Switch HP A5500 - Servidores HP - Nuevos - Usados - Alquiler","description":"Switch HP A5500 - - Precio y Disponibilidad en Bogota - Colombia - servidor-hp.com.co","robots":{"index":"index","follow":"follow","max-snippet":"max-snippet:-1","max-image-preview":"max-image-preview:large","max-video-preview":"max-video-preview:-1"},"canonical":"https:\/\/servidor-hp.com.co\/netcomp\/servidores\/servidores-hp\/switch-hp-a5500\/","og_locale":"es_ES","og_type":"article","og_title":"Switch HP A5500 - Servidores HP - Nuevos - Usados - Alquiler","og_description":"Switch HP A5500 - - Precio y Disponibilidad en Bogota - Colombia - servidor-hp.com.co","og_url":"https:\/\/servidor-hp.com.co\/netcomp\/servidores\/servidores-hp\/switch-hp-a5500\/","og_site_name":"Servidores HP - Nuevos - Usados - Alquiler","article_modified_time":"2023-03-07T01:21:46+00:00","og_image":[{"width":800,"height":800,"url":"https:\/\/servidor-hp.com.co\/netcomp\/wp-content\/uploads\/2021\/04\/switch-hp-a5500.jpg","type":"image\/jpeg"}],"twitter_card":"summary_large_image","twitter_misc":{"Tiempo de lectura":"3 minutos"},"schema":{"@context":"https:\/\/schema.org","@graph":[{"@type":"WebPage","@id":"https:\/\/servidor-hp.com.co\/netcomp\/servidores\/servidores-hp\/switch-hp-a5500\/","url":"https:\/\/servidor-hp.com.co\/netcomp\/servidores\/servidores-hp\/switch-hp-a5500\/","name":"Switch HP A5500 - Servidores HP - Nuevos - Usados - Alquiler","isPartOf":{"@id":"https:\/\/servidor-hp.com.co\/netcomp\/#website"},"primaryImageOfPage":{"@id":"https:\/\/servidor-hp.com.co\/netcomp\/servidores\/servidores-hp\/switch-hp-a5500\/#primaryimage"},"image":{"@id":"https:\/\/servidor-hp.com.co\/netcomp\/servidores\/servidores-hp\/switch-hp-a5500\/#primaryimage"},"thumbnailUrl":"https:\/\/servidor-hp.com.co\/netcomp\/wp-content\/uploads\/2021\/04\/switch-hp-a5500.jpg","datePublished":"2021-04-06T15:27:05+00:00","dateModified":"2023-03-07T01:21:46+00:00","description":"Switch HP A5500 - - Precio y Disponibilidad en Bogota - Colombia - servidor-hp.com.co","breadcrumb":{"@id":"https:\/\/servidor-hp.com.co\/netcomp\/servidores\/servidores-hp\/switch-hp-a5500\/#breadcrumb"},"inLanguage":"es","potentialAction":[{"@type":"ReadAction","target":["https:\/\/servidor-hp.com.co\/netcomp\/servidores\/servidores-hp\/switch-hp-a5500\/"]}]},{"@type":"ImageObject","inLanguage":"es","@id":"https:\/\/servidor-hp.com.co\/netcomp\/servidores\/servidores-hp\/switch-hp-a5500\/#primaryimage","url":"https:\/\/servidor-hp.com.co\/netcomp\/wp-content\/uploads\/2021\/04\/switch-hp-a5500.jpg","contentUrl":"https:\/\/servidor-hp.com.co\/netcomp\/wp-content\/uploads\/2021\/04\/switch-hp-a5500.jpg","width":800,"height":800},{"@type":"BreadcrumbList","@id":"https:\/\/servidor-hp.com.co\/netcomp\/servidores\/servidores-hp\/switch-hp-a5500\/#breadcrumb","itemListElement":[{"@type":"ListItem","position":1,"name":"Portada","item":"https:\/\/servidor-hp.com.co\/netcomp\/"},{"@type":"ListItem","position":2,"name":"Tienda","item":"https:\/\/servidor-hp.com.co\/netcomp\/servidores\/"},{"@type":"ListItem","position":3,"name":"Switch HP A5500"}]},{"@type":"WebSite","@id":"https:\/\/servidor-hp.com.co\/netcomp\/#website","url":"https:\/\/servidor-hp.com.co\/netcomp\/","name":"Servidores HP - Nuevos - Usados - Alquiler","description":"Tels: (+57) 316 878 8749","alternateName":"Servidores HP DELL LENOVO IBM","potentialAction":[{"@type":"SearchAction","target":{"@type":"EntryPoint","urlTemplate":"https:\/\/servidor-hp.com.co\/netcomp\/?s={search_term_string}"},"query-input":{"@type":"PropertyValueSpecification","valueRequired":true,"valueName":"search_term_string"}}],"inLanguage":"es"}]}},"_links":{"self":[{"href":"https:\/\/servidor-hp.com.co\/netcomp\/wp-json\/wp\/v2\/product\/22393","targetHints":{"allow":["GET"]}}],"collection":[{"href":"https:\/\/servidor-hp.com.co\/netcomp\/wp-json\/wp\/v2\/product"}],"about":[{"href":"https:\/\/servidor-hp.com.co\/netcomp\/wp-json\/wp\/v2\/types\/product"}],"replies":[{"embeddable":true,"href":"https:\/\/servidor-hp.com.co\/netcomp\/wp-json\/wp\/v2\/comments?post=22393"}],"wp:featuredmedia":[{"embeddable":true,"href":"https:\/\/servidor-hp.com.co\/netcomp\/wp-json\/wp\/v2\/media\/22394"}],"wp:attachment":[{"href":"https:\/\/servidor-hp.com.co\/netcomp\/wp-json\/wp\/v2\/media?parent=22393"}],"wp:term":[{"taxonomy":"product_brand","embeddable":true,"href":"https:\/\/servidor-hp.com.co\/netcomp\/wp-json\/wp\/v2\/product_brand?post=22393"},{"taxonomy":"product_cat","embeddable":true,"href":"https:\/\/servidor-hp.com.co\/netcomp\/wp-json\/wp\/v2\/product_cat?post=22393"},{"taxonomy":"product_tag","embeddable":true,"href":"https:\/\/servidor-hp.com.co\/netcomp\/wp-json\/wp\/v2\/product_tag?post=22393"}],"curies":[{"name":"wp","href":"https:\/\/api.w.org\/{rel}","templated":true}]}}