{"id":22388,"date":"2021-04-06T09:49:51","date_gmt":"2021-04-06T14:49:51","guid":{"rendered":"https:\/\/servidor-hp.com.co\/netcomp\/?post_type=product&#038;p=22388"},"modified":"2021-08-23T11:42:48","modified_gmt":"2021-08-23T16:42:48","slug":"servidor-hp-proliant-dl360-gen-8","status":"publish","type":"product","link":"https:\/\/servidor-hp.com.co\/netcomp\/servidores\/servidores-hp\/servidor-hp-proliant-dl360-gen-8\/","title":{"rendered":"Servidor HP Proliant Dl360 Gen 8"},"content":{"rendered":"<div class=\"ccs-cc-inline-features-block ccs-cc-inline-single-feature\">\n<h1 style=\"text-align: center;\"><span style=\"color: #2445a2; font-size: 24pt; font-family: tahoma, arial, helvetica, sans-serif;\"><strong>SERVIDOR HP DL360P GEN8 SFF &#8211; E5-2603V2 &#8211;\u00a0<\/strong><\/span><\/h1>\n<h1 style=\"text-align: center;\"><span style=\"font-size: 24pt; font-family: tahoma, arial, helvetica, sans-serif;\"><strong><span style=\"color: #2445a2;\">1 A\u00d1O DE GARANTIA\u00a0<\/span><\/strong><\/span><\/h1>\n<h2><\/h2>\n<h2><span style=\"color: #000000; font-size: 12pt;\">El servidor HP ProLiant DL360p Gen8 proporciona rendimiento con 2 sockets de clase empresarial y eficiencia en un tama\u00f1o 1U que ahorra espacio. Con el pr\u00e1ctico mantenimiento y la flexibilidad de configuraci\u00f3n, el Gen8 es ideal para aplicaciones generales, por ejemplo, archivos\/impresi\u00f3n, Web, cargas de trabajo inform\u00e1tico din\u00e1micas, virtualizaci\u00f3n y soluciones en la nube.<\/span><\/h2>\n<\/div>\n<p>&nbsp;<\/p>\n<h3><\/h3>\n<h3><span style=\"color: #d0121a; font-size: 12pt;\">Mayor capacidad y rendimiento en inform\u00e1tica y almacenamiento<\/span><\/h3>\n<p><span style=\"color: #000000; font-size: 12pt;\">\u2022\u00a0La familia de procesadores Intel\u00ae Xeon\u00ae E5-2600 v2 ofrece los m\u00e1ximos niveles de rendimiento, memoria, conectividad de E\/S y ancho de banda para cargas de trabajo exigentes.<\/span><\/p>\n<p><span style=\"color: #d0121a; font-size: 12pt;\">Desbloquee el potencial de su infraestructura con la gesti\u00f3n y soporte de HP integrados y f\u00e1ciles de usar<\/span><\/p>\n<p><span style=\"color: #000000; font-size: 12pt;\">\u2022\u00a0HP iLO Management Engine es un conjunto completo de caracter\u00edsticas integradas, est\u00e1ndar en todos los servidores ProLiant Gen8. Incluye HP iLO, HP Agentless Management, HP Active Health System, HP Intelligent Provisioning y HP Embedded Remote Support.<\/span><\/p>\n<p><span style=\"color: #d0121a; font-size: 12pt;\">Dise\u00f1o de eficiencia energ\u00e9tica<\/span><\/p>\n<p><span style=\"color: #000000; font-size: 12pt;\">\u2022\u00a0Las fuentes de alimentaci\u00f3n de ranura universal de HP proporcionan un nuevo nivel de eficacia de alimentaci\u00f3n de servidor con certificaci\u00f3n 80 PLUS Titanium (96%) y nuevas capacidades de eficiencia energ\u00e9tica de la infraestructura con voltajes de entrada de 277 V ca y 380 Vcc.<\/span><\/p>\n<h3><\/h3>\n<p>&nbsp;<\/p>\n<h2 style=\"margin: 18px 0px 9px; padding: 0px; border: 0px; font-style: normal; font-weight: 500; line-height: 1.1; font-family: Arial, Helvetica, sans-serif; font-size: 27px; vertical-align: baseline; color: #777777; letter-spacing: normal; text-indent: 0px; text-transform: none; background-color: #ffffff; text-align: center;\"><a href=\"https:\/\/servidor-hp.com.co\/netcomp\/servidores-hp\/servidores-hp\/\"><span style=\"margin: 0px; padding: 0px; border: 0px; font-style: inherit; font-variant: inherit; font-weight: inherit; line-height: inherit; font-family: tahoma, arial, helvetica, sans-serif; font-size: 14pt; vertical-align: baseline; color: #ff0000;\"><strong style=\"margin: 0px; padding: 0px; border: 0px; font-style: inherit; font-variant: inherit; font-weight: bold; line-height: inherit; font-family: inherit; font-size: 18.6667px; vertical-align: baseline;\">DISPONEMOS DE UNA AMPLIA GAMA DE SERVIDOR HP PROLIANT NUEVOS Y USADOS<\/strong><\/span><\/a><\/h2>\n<h2 style=\"text-align: center;\"><a href=\"https:\/\/servidor-hp.com.co\/netcomp\/servidores-hp\/servidores-hp\/\"><span style=\"color: #ff0000; font-family: tahoma, arial, helvetica, sans-serif; font-size: 14pt;\"><strong>PARA <\/strong><\/span><span style=\"color: #ff0000; font-family: tahoma, arial, helvetica, sans-serif; font-size: 14pt;\"><strong>VENTA \/ ARRENDAMIENTO \/ ALQUILER :<\/strong><\/span><\/a><\/h2>\n<h2 style=\"text-align: center;\"><a href=\"https:\/\/servidor-hp.com.co\/netcomp\/servidores-hp\/servidores-hp\/\"><span style=\"color: #ff0000; font-family: tahoma, arial, helvetica, sans-serif; font-size: 14pt;\"><strong>ML110 \/ ML350 \/ ML150 \/ DL320 \/ DL360 \/ DL380<\/strong><\/span><\/a><\/h2>\n<h3><a href=\"https:\/\/api.whatsapp.com\/send?phone=573168788749\" target=\"_blank\" rel=\"noopener noreferrer\"><img loading=\"lazy\" decoding=\"async\" class=\"wp-image-20467 aligncenter\" src=\"http:\/\/cableado-estructurado.com.co\/netcomp\/wp-content\/uploads\/2018\/07\/whatsapp-logo-mensaje.jpg\" alt=\"\" width=\"290\" height=\"220\" \/><\/a><\/h3>\n<p><img loading=\"lazy\" decoding=\"async\" class=\"wp-image-21775 aligncenter\" src=\"https:\/\/servidor-hp.com.co\/netcomp\/wp-content\/uploads\/2019\/05\/boton-ventas-servidor.png\" alt=\"\" width=\"495\" height=\"153\" \/><\/p>\n<h3 style=\"text-align: center;\"><\/h3>\n<h3><\/h3>\n","protected":false},"excerpt":{"rendered":"<ul>\n<li><span style=\"color: #000000; font-size: 18pt;\">Mayor capacidad y rendimiento en inform\u00e1tica y almacenamiento<\/span><\/li>\n<li><span style=\"color: #000000; font-size: 18pt;\">Desbloquee el potencial de su infraestructura con la gesti\u00f3n y soporte de HP integrados y f\u00e1ciles de usar<\/span><\/li>\n<li><span style=\"color: #000000; font-size: 18pt;\">Dise\u00f1o de eficiencia energ\u00e9tica<\/span><\/li>\n<\/ul>\n<h2><\/h2>\n<h2><\/h2>\n","protected":false},"featured_media":22389,"comment_status":"open","ping_status":"closed","template":"","meta":{"_et_pb_use_builder":"","_et_pb_old_content":"","_et_gb_content_width":""},"product_brand":[],"product_cat":[73,15],"product_tag":[20929,20927,20928,321,20926,20925,20924,403,20930],"class_list":{"0":"post-22388","1":"product","2":"type-product","3":"status-publish","4":"has-post-thumbnail","6":"product_cat-servidores-hp-ibm-cisco","7":"product_cat-servidores-hp","8":"product_tag-hp-strore","9":"product_tag-rack-hp","10":"product_tag-rack-hp-store","11":"product_tag-servidor-hp","12":"product_tag-servidor-hp-arrendamiento","13":"product_tag-servidor-hp-usado","14":"product_tag-servidor-hp-venta-en-bogota","15":"product_tag-servidor-rack-hp","16":"product_tag-servidores-hp-bogota","18":"first","19":"instock","20":"shipping-taxable","21":"product-type-simple"},"yoast_head":"<!-- This site is optimized with the Yoast SEO plugin v27.2 - https:\/\/yoast.com\/product\/yoast-seo-wordpress\/ -->\n<title>Servidor HP Proliant Dl360 Gen 8 - Servidores HP - Nuevos - Usados - Alquiler<\/title>\n<meta name=\"description\" content=\"Servidor HP Proliant Dl360 Gen 8 - - Precio y Disponibilidad en Bogota - Colombia - servidor-hp.com.co\" \/>\n<meta name=\"robots\" content=\"index, follow, max-snippet:-1, max-image-preview:large, max-video-preview:-1\" \/>\n<link rel=\"canonical\" href=\"https:\/\/servidor-hp.com.co\/netcomp\/servidores\/servidores-hp\/servidor-hp-proliant-dl360-gen-8\/\" \/>\n<meta property=\"og:locale\" content=\"es_ES\" \/>\n<meta property=\"og:type\" content=\"article\" \/>\n<meta property=\"og:title\" content=\"Servidor HP Proliant Dl360 Gen 8 - Servidores HP - Nuevos - Usados - Alquiler\" \/>\n<meta property=\"og:description\" content=\"Servidor HP Proliant Dl360 Gen 8 - - Precio y Disponibilidad en Bogota - Colombia - servidor-hp.com.co\" \/>\n<meta property=\"og:url\" content=\"https:\/\/servidor-hp.com.co\/netcomp\/servidores\/servidores-hp\/servidor-hp-proliant-dl360-gen-8\/\" \/>\n<meta property=\"og:site_name\" content=\"Servidores HP - Nuevos - Usados - Alquiler\" \/>\n<meta property=\"article:modified_time\" content=\"2021-08-23T16:42:48+00:00\" \/>\n<meta property=\"og:image\" content=\"https:\/\/servidor-hp.com.co\/netcomp\/wp-content\/uploads\/2021\/04\/servidor-hp-proliant-dl360-gen-8-1.jpg\" \/>\n\t<meta property=\"og:image:width\" content=\"800\" \/>\n\t<meta property=\"og:image:height\" content=\"800\" \/>\n\t<meta property=\"og:image:type\" content=\"image\/jpeg\" \/>\n<meta name=\"twitter:card\" content=\"summary_large_image\" \/>\n<meta name=\"twitter:label1\" content=\"Tiempo de lectura\" \/>\n\t<meta name=\"twitter:data1\" content=\"1 minuto\" \/>\n<script type=\"application\/ld+json\" class=\"yoast-schema-graph\">{\"@context\":\"https:\/\/schema.org\",\"@graph\":[{\"@type\":\"WebPage\",\"@id\":\"https:\/\/servidor-hp.com.co\/netcomp\/servidores\/servidores-hp\/servidor-hp-proliant-dl360-gen-8\/\",\"url\":\"https:\/\/servidor-hp.com.co\/netcomp\/servidores\/servidores-hp\/servidor-hp-proliant-dl360-gen-8\/\",\"name\":\"Servidor HP Proliant Dl360 Gen 8 - Servidores HP - Nuevos - Usados - Alquiler\",\"isPartOf\":{\"@id\":\"https:\/\/servidor-hp.com.co\/netcomp\/#website\"},\"primaryImageOfPage\":{\"@id\":\"https:\/\/servidor-hp.com.co\/netcomp\/servidores\/servidores-hp\/servidor-hp-proliant-dl360-gen-8\/#primaryimage\"},\"image\":{\"@id\":\"https:\/\/servidor-hp.com.co\/netcomp\/servidores\/servidores-hp\/servidor-hp-proliant-dl360-gen-8\/#primaryimage\"},\"thumbnailUrl\":\"https:\/\/servidor-hp.com.co\/netcomp\/wp-content\/uploads\/2021\/04\/servidor-hp-proliant-dl360-gen-8-1.jpg\",\"datePublished\":\"2021-04-06T14:49:51+00:00\",\"dateModified\":\"2021-08-23T16:42:48+00:00\",\"description\":\"Servidor HP Proliant Dl360 Gen 8 - - Precio y Disponibilidad en Bogota - Colombia - servidor-hp.com.co\",\"breadcrumb\":{\"@id\":\"https:\/\/servidor-hp.com.co\/netcomp\/servidores\/servidores-hp\/servidor-hp-proliant-dl360-gen-8\/#breadcrumb\"},\"inLanguage\":\"es\",\"potentialAction\":[{\"@type\":\"ReadAction\",\"target\":[\"https:\/\/servidor-hp.com.co\/netcomp\/servidores\/servidores-hp\/servidor-hp-proliant-dl360-gen-8\/\"]}]},{\"@type\":\"ImageObject\",\"inLanguage\":\"es\",\"@id\":\"https:\/\/servidor-hp.com.co\/netcomp\/servidores\/servidores-hp\/servidor-hp-proliant-dl360-gen-8\/#primaryimage\",\"url\":\"https:\/\/servidor-hp.com.co\/netcomp\/wp-content\/uploads\/2021\/04\/servidor-hp-proliant-dl360-gen-8-1.jpg\",\"contentUrl\":\"https:\/\/servidor-hp.com.co\/netcomp\/wp-content\/uploads\/2021\/04\/servidor-hp-proliant-dl360-gen-8-1.jpg\",\"width\":800,\"height\":800},{\"@type\":\"BreadcrumbList\",\"@id\":\"https:\/\/servidor-hp.com.co\/netcomp\/servidores\/servidores-hp\/servidor-hp-proliant-dl360-gen-8\/#breadcrumb\",\"itemListElement\":[{\"@type\":\"ListItem\",\"position\":1,\"name\":\"Portada\",\"item\":\"https:\/\/servidor-hp.com.co\/netcomp\/\"},{\"@type\":\"ListItem\",\"position\":2,\"name\":\"Tienda\",\"item\":\"https:\/\/servidor-hp.com.co\/netcomp\/servidores\/\"},{\"@type\":\"ListItem\",\"position\":3,\"name\":\"Servidor HP Proliant Dl360 Gen 8\"}]},{\"@type\":\"WebSite\",\"@id\":\"https:\/\/servidor-hp.com.co\/netcomp\/#website\",\"url\":\"https:\/\/servidor-hp.com.co\/netcomp\/\",\"name\":\"Servidores HP - Nuevos - Usados - Alquiler\",\"description\":\"Tels: (+57) 316 878 8749\",\"alternateName\":\"Servidores HP DELL LENOVO IBM\",\"potentialAction\":[{\"@type\":\"SearchAction\",\"target\":{\"@type\":\"EntryPoint\",\"urlTemplate\":\"https:\/\/servidor-hp.com.co\/netcomp\/?s={search_term_string}\"},\"query-input\":{\"@type\":\"PropertyValueSpecification\",\"valueRequired\":true,\"valueName\":\"search_term_string\"}}],\"inLanguage\":\"es\"}]}<\/script>\n<!-- \/ Yoast SEO plugin. -->","yoast_head_json":{"title":"Servidor HP Proliant Dl360 Gen 8 - Servidores HP - Nuevos - Usados - Alquiler","description":"Servidor HP Proliant Dl360 Gen 8 - - Precio y Disponibilidad en Bogota - Colombia - servidor-hp.com.co","robots":{"index":"index","follow":"follow","max-snippet":"max-snippet:-1","max-image-preview":"max-image-preview:large","max-video-preview":"max-video-preview:-1"},"canonical":"https:\/\/servidor-hp.com.co\/netcomp\/servidores\/servidores-hp\/servidor-hp-proliant-dl360-gen-8\/","og_locale":"es_ES","og_type":"article","og_title":"Servidor HP Proliant Dl360 Gen 8 - Servidores HP - Nuevos - Usados - Alquiler","og_description":"Servidor HP Proliant Dl360 Gen 8 - - Precio y Disponibilidad en Bogota - Colombia - servidor-hp.com.co","og_url":"https:\/\/servidor-hp.com.co\/netcomp\/servidores\/servidores-hp\/servidor-hp-proliant-dl360-gen-8\/","og_site_name":"Servidores HP - Nuevos - Usados - Alquiler","article_modified_time":"2021-08-23T16:42:48+00:00","og_image":[{"width":800,"height":800,"url":"https:\/\/servidor-hp.com.co\/netcomp\/wp-content\/uploads\/2021\/04\/servidor-hp-proliant-dl360-gen-8-1.jpg","type":"image\/jpeg"}],"twitter_card":"summary_large_image","twitter_misc":{"Tiempo de lectura":"1 minuto"},"schema":{"@context":"https:\/\/schema.org","@graph":[{"@type":"WebPage","@id":"https:\/\/servidor-hp.com.co\/netcomp\/servidores\/servidores-hp\/servidor-hp-proliant-dl360-gen-8\/","url":"https:\/\/servidor-hp.com.co\/netcomp\/servidores\/servidores-hp\/servidor-hp-proliant-dl360-gen-8\/","name":"Servidor HP Proliant Dl360 Gen 8 - Servidores HP - Nuevos - Usados - Alquiler","isPartOf":{"@id":"https:\/\/servidor-hp.com.co\/netcomp\/#website"},"primaryImageOfPage":{"@id":"https:\/\/servidor-hp.com.co\/netcomp\/servidores\/servidores-hp\/servidor-hp-proliant-dl360-gen-8\/#primaryimage"},"image":{"@id":"https:\/\/servidor-hp.com.co\/netcomp\/servidores\/servidores-hp\/servidor-hp-proliant-dl360-gen-8\/#primaryimage"},"thumbnailUrl":"https:\/\/servidor-hp.com.co\/netcomp\/wp-content\/uploads\/2021\/04\/servidor-hp-proliant-dl360-gen-8-1.jpg","datePublished":"2021-04-06T14:49:51+00:00","dateModified":"2021-08-23T16:42:48+00:00","description":"Servidor HP Proliant Dl360 Gen 8 - - Precio y Disponibilidad en Bogota - Colombia - servidor-hp.com.co","breadcrumb":{"@id":"https:\/\/servidor-hp.com.co\/netcomp\/servidores\/servidores-hp\/servidor-hp-proliant-dl360-gen-8\/#breadcrumb"},"inLanguage":"es","potentialAction":[{"@type":"ReadAction","target":["https:\/\/servidor-hp.com.co\/netcomp\/servidores\/servidores-hp\/servidor-hp-proliant-dl360-gen-8\/"]}]},{"@type":"ImageObject","inLanguage":"es","@id":"https:\/\/servidor-hp.com.co\/netcomp\/servidores\/servidores-hp\/servidor-hp-proliant-dl360-gen-8\/#primaryimage","url":"https:\/\/servidor-hp.com.co\/netcomp\/wp-content\/uploads\/2021\/04\/servidor-hp-proliant-dl360-gen-8-1.jpg","contentUrl":"https:\/\/servidor-hp.com.co\/netcomp\/wp-content\/uploads\/2021\/04\/servidor-hp-proliant-dl360-gen-8-1.jpg","width":800,"height":800},{"@type":"BreadcrumbList","@id":"https:\/\/servidor-hp.com.co\/netcomp\/servidores\/servidores-hp\/servidor-hp-proliant-dl360-gen-8\/#breadcrumb","itemListElement":[{"@type":"ListItem","position":1,"name":"Portada","item":"https:\/\/servidor-hp.com.co\/netcomp\/"},{"@type":"ListItem","position":2,"name":"Tienda","item":"https:\/\/servidor-hp.com.co\/netcomp\/servidores\/"},{"@type":"ListItem","position":3,"name":"Servidor HP Proliant Dl360 Gen 8"}]},{"@type":"WebSite","@id":"https:\/\/servidor-hp.com.co\/netcomp\/#website","url":"https:\/\/servidor-hp.com.co\/netcomp\/","name":"Servidores HP - Nuevos - Usados - Alquiler","description":"Tels: (+57) 316 878 8749","alternateName":"Servidores HP DELL LENOVO IBM","potentialAction":[{"@type":"SearchAction","target":{"@type":"EntryPoint","urlTemplate":"https:\/\/servidor-hp.com.co\/netcomp\/?s={search_term_string}"},"query-input":{"@type":"PropertyValueSpecification","valueRequired":true,"valueName":"search_term_string"}}],"inLanguage":"es"}]}},"_links":{"self":[{"href":"https:\/\/servidor-hp.com.co\/netcomp\/wp-json\/wp\/v2\/product\/22388","targetHints":{"allow":["GET"]}}],"collection":[{"href":"https:\/\/servidor-hp.com.co\/netcomp\/wp-json\/wp\/v2\/product"}],"about":[{"href":"https:\/\/servidor-hp.com.co\/netcomp\/wp-json\/wp\/v2\/types\/product"}],"replies":[{"embeddable":true,"href":"https:\/\/servidor-hp.com.co\/netcomp\/wp-json\/wp\/v2\/comments?post=22388"}],"wp:featuredmedia":[{"embeddable":true,"href":"https:\/\/servidor-hp.com.co\/netcomp\/wp-json\/wp\/v2\/media\/22389"}],"wp:attachment":[{"href":"https:\/\/servidor-hp.com.co\/netcomp\/wp-json\/wp\/v2\/media?parent=22388"}],"wp:term":[{"taxonomy":"product_brand","embeddable":true,"href":"https:\/\/servidor-hp.com.co\/netcomp\/wp-json\/wp\/v2\/product_brand?post=22388"},{"taxonomy":"product_cat","embeddable":true,"href":"https:\/\/servidor-hp.com.co\/netcomp\/wp-json\/wp\/v2\/product_cat?post=22388"},{"taxonomy":"product_tag","embeddable":true,"href":"https:\/\/servidor-hp.com.co\/netcomp\/wp-json\/wp\/v2\/product_tag?post=22388"}],"curies":[{"name":"wp","href":"https:\/\/api.w.org\/{rel}","templated":true}]}}