{"id":22385,"date":"2021-03-31T16:04:07","date_gmt":"2021-03-31T21:04:07","guid":{"rendered":"https:\/\/servidor-hp.com.co\/netcomp\/?post_type=product&#038;p=22385"},"modified":"2021-03-31T17:00:18","modified_gmt":"2021-03-31T22:00:18","slug":"servidor-hp-proliant-dl320e-gen-8","status":"publish","type":"product","link":"https:\/\/servidor-hp.com.co\/netcomp\/servidores\/servidores-hp\/servidor-hp-proliant-dl320e-gen-8\/","title":{"rendered":"Servidor HP Proliant Dl320e Gen 8"},"content":{"rendered":"<h1 style=\"text-align: center;\"><strong><span style=\"color: #2445a2;\">Servidor HP DL320E Gen 8 V2 &#8211; E3-1240V3 &#8211; 8GB &#8211; 512MB-<\/span><\/strong><\/h1>\n<h1 style=\"text-align: center;\"><strong><span style=\"color: #2445a2;\">1 A\u00d1O DE GARANTIA\u00a0<\/span><\/strong><\/h1>\n<p>&nbsp;<\/p>\n<p>&nbsp;<\/p>\n<h3><span style=\"color: #000000;\">El servidor HP ProLiant DL320e Gen8 v2 es un servidor de rack 1U de nivel b\u00e1sico y fondo corto, con procesador \u00fanico espec\u00edficamente dise\u00f1ado para ofrecerle la ventaja competitiva que necesita. El servidor admite los \u00faltimos procesadores de la serie Intel\u00ae\u00a0Xeon\u00ae\u00a0E3-1200 v3, ranuras PCIe 3.0, memoria DDR3 de 1.600 MHz y hasta 8 TB de almacenamiento interno, adem\u00e1s del motor de gesti\u00f3n HP iLO de \u00faltima generaci\u00f3n.<\/span><\/h3>\n<h3><\/h3>\n<p>&nbsp;<\/p>\n<p>&nbsp;<\/p>\n<div class=\"ccs-cc-inline-features-block ccs-cc-inline-single-feature\">\n<div class=\"ccs-cc-inline-feature\" data-type=\"text media\" data-pos=\"right\">\n<h3 class=\"ccs-cc-inline-feature-content ccs-cc-inline-feature-description\"><span style=\"color: #d0121a;\">Compacto y asequible, potente y flexible<\/span><\/h3>\n<ul>\n<li><span style=\"color: #000000;\">El servidor HP ProLiant DL320e Gen8 v2 proporciona una profundidad de chasis de 15,07 pulgadas para cumplir con los requisitos de movilidad y espacio, mientras que el acceso sin herramientas a los componentes del sistema mejora el mantenimiento.<\/span><\/li>\n<li><span style=\"color: #000000;\">Los \u00faltimos procesadores de la serie Intel Xeon E3-1200 v3, que admiten hasta 3,7 GHz y cuatro (4) n\u00facleos, ofrecen la potencia de procesamiento necesaria para gestionar una gran variedad de cargas de trabajo. Los procesadores de la serie Pentium\u00ae\u00a0y Core de bajo coste permiten las configuraciones m\u00e1s asequibles.<\/span><\/li>\n<li><span style=\"color: #000000;\">Ofrece una extraordinaria flexibilidad de configuraci\u00f3n con soporte de hasta dos unidades de factor de forma grande (LFF) o cuatro unidades de factor de forma reducido (SFF), cuatro UDIMM DDR3, fuentes de alimentaci\u00f3n de 250 W\/300 W (dependiendo de la regi\u00f3n) o 750 W y opciones de implementaci\u00f3n \u00f3ptimas a trav\u00e9s de dos ranuras PCIe y siete puertos USB.<\/span><\/li>\n<li><span style=\"color: #000000;\">Admite la serie de conmutadores HP 1810 de 24 puertos, ampliando las ventajas de HP Converged Infrastructure. Los dispositivos de la serie de conmutadores HP 1810 mejoran la conectividad y la disponibilidad de los datos, con funciones como la interfaz de administraci\u00f3n basada en web y la agregaci\u00f3n de enlaces.<\/span><\/li>\n<\/ul>\n<\/div>\n<\/div>\n<div class=\"ccs-cc-inline-feature-content ccs-cc-inline-thumbnail\"><\/div>\n<div class=\"ccs-cc-inline-feature-content ccs-cc-inline-feature-description\">\n<h3><span style=\"color: #d0121a;\">Aumenta el tiempo de actividad del sistema con tecnolog\u00edas Gen8 integradas<\/span><\/h3>\n<ul>\n<li><span style=\"color: #000000;\">El servidor HP ProLiant DL320e Gen8v2 es compatible con HP SmartMemory, lo que evita la p\u00e9rdida de datos y el tiempo de inactividad con una gesti\u00f3n mejorada de los errores, adem\u00e1s de mejorar el rendimiento de la carga y la eficiencia energ\u00e9tica.<\/span><\/li>\n<li><span style=\"color: #000000;\">La tecnolog\u00eda HP SmartDrive mejora el mantenimiento y evita la p\u00e9rdida de datos con funciones como la pantalla de visualizaci\u00f3n de estado basada en iconos y el LED \u00abNo eliminar\u00bb.<\/span><\/li>\n<li><span style=\"color: #000000;\">Las opciones HP Smart Array proporcionan a las empresas duplicaci\u00f3n RAID y capacidad de fraccionamiento para proteger los datos cr\u00edticos, mientras que la cach\u00e9 de escritura con memoria flash (FBWC) captura y guarda datos indefinidamente en caso de un corte en el suministro de energ\u00eda, falla de equipo, error humano o ataques de virus.<\/span><\/li>\n<li><span style=\"color: #000000;\">Conexi\u00f3n ILO dedicada para una transmisi\u00f3n de datos m\u00e1s r\u00e1pida y segura.<\/span><\/li>\n<li><span style=\"color: #000000;\">El cumplimiento de NEBS verifica la gran calidad del producto y la fiabilidad para el entorno de telecomunicaciones. Tenga en cuenta que es necesaria una fuente de alimentaci\u00f3n de 750 W.<\/span><\/li>\n<\/ul>\n<\/div>\n<div class=\"ccs-cc-inline-feature-content ccs-cc-inline-thumbnail\"><\/div>\n<div class=\"ccs-cc-inline-feature-content ccs-cc-inline-feature-description\">\n<h3><span style=\"color: #d0121a;\">Desbloquee el potencial de su infraestructura con la gesti\u00f3n y soporte de HP integrados y f\u00e1ciles de usar<\/span><\/h3>\n<ul>\n<li><span style=\"color: #000000;\">HP iLO Management Engine es un conjunto completo de caracter\u00edsticas integradas, est\u00e1ndar en todos los servidores de la serie HP ProLiant Gen8. Incluye HP iLO, HP Agentless Management, HP Active Health System, HP Intelligent Provisioning y HP Embedded Remote Support.<\/span><\/li>\n<li><span style=\"color: #000000;\">HP Insight Control proporciona caracter\u00edsticas de gesti\u00f3n avanzadas en todo el ciclo de vida de la infraestructura de servidores HP ProLiant. HP iLO Advanced, un componente clave, proporciona funciones de servidor remoto mejoradas que reducen los costes de desplazamiento de las TI y aceleran el tiempo de resoluci\u00f3n.<\/span><\/li>\n<li><span style=\"color: #000000;\">HP Insight Online con HP Insight Remote Support proporciona supervisi\u00f3n remota 24 horas 7 d\u00edas a la semana y acceso personalizado en cualquier momento y lugar a su TI y estado de soporte.<\/span><\/li>\n<li><span style=\"color: #000000;\">HP Smart Update reduce el tiempo de implementaci\u00f3n y la complejidad de las actualizaciones mediante la actualizaci\u00f3n sistem\u00e1tica de la infraestructura de servidores en el centro de datos. Incluye HP Smart Update Manager (HP SUM) y Service Pack para ProLiant (SPP) y otros productos.<\/span><\/li>\n<\/ul>\n<\/div>\n<div class=\"ccs-cc-inline-feature-content ccs-cc-inline-thumbnail\"><\/div>\n<div class=\"ccs-cc-inline-feature-content ccs-cc-inline-feature-description\">\n<h3><span style=\"color: #d0121a;\">Eficiencia energ\u00e9tica para ahorro de energ\u00eda y un entorno verde<\/span><\/h3>\n<ul>\n<li><span style=\"color: #000000;\">La alta eficacia de la fuente de alimentaci\u00f3n opcional de CC de 750 W disponible con una configuraci\u00f3n de cuatro unidades de disco de factor de forma reducido (SFF) ofrece una eficacia de hasta el 94%.<\/span><\/li>\n<li><span style=\"color: #000000;\">Es el primero del sector en incluir la matriz 3D de sensores de temperatura para controlar de manera precisa los ventiladores del servidor, con el fin de dirigir la refrigeraci\u00f3n y reducir la potencia innecesaria del ventilador y as\u00ed ahorrar en costos de refrigeraci\u00f3n.<\/span><\/li>\n<\/ul>\n<\/div>\n<h2 style=\"text-align: center;\"><\/h2>\n<p>&nbsp;<\/p>\n<p>&nbsp;<\/p>\n<h2 style=\"margin: 18px 0px 9px; padding: 0px; border: 0px; font-style: normal; font-weight: 500; line-height: 1.1; font-family: Arial, Helvetica, sans-serif; font-size: 27px; vertical-align: baseline; color: #777777; letter-spacing: normal; text-indent: 0px; text-transform: none; background-color: #ffffff; text-align: center;\"><a href=\"https:\/\/servidor-hp.com.co\/netcomp\/servidores-hp\/servidores-hp\/\"><span style=\"margin: 0px; padding: 0px; border: 0px; font-style: inherit; font-variant: inherit; font-weight: inherit; line-height: inherit; font-family: tahoma, arial, helvetica, sans-serif; font-size: 14pt; vertical-align: baseline; color: #ff0000;\"><strong style=\"margin: 0px; padding: 0px; border: 0px; font-style: inherit; font-variant: inherit; font-weight: bold; line-height: inherit; font-family: inherit; font-size: 18.6667px; vertical-align: baseline;\">DISPONEMOS DE UNA AMPLIA GAMA DE SERVIDOR HP PROLIANT NUEVOS Y USADOS<\/strong><\/span><\/a><\/h2>\n<h2 style=\"text-align: center;\"><a href=\"https:\/\/servidor-hp.com.co\/netcomp\/servidores-hp\/servidores-hp\/\"><span style=\"color: #ff0000; font-family: tahoma, arial, helvetica, sans-serif; font-size: 14pt;\"><strong>PARA <\/strong><\/span><span style=\"color: #ff0000; font-family: tahoma, arial, helvetica, sans-serif; font-size: 14pt;\"><strong>VENTA \/ ARRENDAMIENTO \/ ALQUILER :<\/strong><\/span><\/a><\/h2>\n<h2 style=\"text-align: center;\"><a href=\"https:\/\/servidor-hp.com.co\/netcomp\/servidores-hp\/servidores-hp\/\"><span style=\"color: #ff0000; font-family: tahoma, arial, helvetica, sans-serif; font-size: 14pt;\"><strong>ML110 \/ ML350 \/ ML150 \/ DL320 \/ DL360 \/ DL380<\/strong><\/span><\/a><\/h2>\n<h3><a href=\"https:\/\/api.whatsapp.com\/send?phone=573168788749\" target=\"_blank\" rel=\"noopener noreferrer\"><img loading=\"lazy\" decoding=\"async\" class=\"wp-image-20467 aligncenter\" src=\"http:\/\/cableado-estructurado.com.co\/netcomp\/wp-content\/uploads\/2018\/07\/whatsapp-logo-mensaje.jpg\" alt=\"\" width=\"290\" height=\"220\" \/><\/a><\/h3>\n<p><img loading=\"lazy\" decoding=\"async\" class=\"wp-image-21775 aligncenter\" src=\"https:\/\/servidor-hp.com.co\/netcomp\/wp-content\/uploads\/2019\/05\/boton-ventas-servidor.png\" alt=\"\" width=\"495\" height=\"153\" \/><\/p>\n<h3 style=\"text-align: center;\"><\/h3>\n<h3><\/h3>\n","protected":false},"excerpt":{"rendered":"<h2><\/h2>\n<h2><\/h2>\n","protected":false},"featured_media":22382,"comment_status":"open","ping_status":"closed","template":"","meta":{"_et_pb_use_builder":"","_et_pb_old_content":"","_et_gb_content_width":""},"product_brand":[],"product_cat":[73,15],"product_tag":[20929,20927,20928,321,20926,20925,20924,403,20930],"class_list":{"0":"post-22385","1":"product","2":"type-product","3":"status-publish","4":"has-post-thumbnail","6":"product_cat-servidores-hp-ibm-cisco","7":"product_cat-servidores-hp","8":"product_tag-hp-strore","9":"product_tag-rack-hp","10":"product_tag-rack-hp-store","11":"product_tag-servidor-hp","12":"product_tag-servidor-hp-arrendamiento","13":"product_tag-servidor-hp-usado","14":"product_tag-servidor-hp-venta-en-bogota","15":"product_tag-servidor-rack-hp","16":"product_tag-servidores-hp-bogota","18":"first","19":"instock","20":"shipping-taxable","21":"product-type-simple"},"yoast_head":"<!-- This site is optimized with the Yoast SEO plugin v27.2 - https:\/\/yoast.com\/product\/yoast-seo-wordpress\/ -->\n<title>Servidor HP Proliant Dl320e Gen 8 - Servidores HP - Nuevos - Usados - Alquiler<\/title>\n<meta name=\"description\" content=\"Servidor HP Proliant Dl320e Gen 8 - - Precio y Disponibilidad en Bogota - Colombia - servidor-hp.com.co\" \/>\n<meta name=\"robots\" content=\"index, follow, max-snippet:-1, max-image-preview:large, max-video-preview:-1\" \/>\n<link rel=\"canonical\" href=\"https:\/\/servidor-hp.com.co\/netcomp\/servidores\/servidores-hp\/servidor-hp-proliant-dl320e-gen-8\/\" \/>\n<meta property=\"og:locale\" content=\"es_ES\" \/>\n<meta property=\"og:type\" content=\"article\" \/>\n<meta property=\"og:title\" content=\"Servidor HP Proliant Dl320e Gen 8 - Servidores HP - Nuevos - Usados - Alquiler\" \/>\n<meta property=\"og:description\" content=\"Servidor HP Proliant Dl320e Gen 8 - - Precio y Disponibilidad en Bogota - Colombia - servidor-hp.com.co\" \/>\n<meta property=\"og:url\" content=\"https:\/\/servidor-hp.com.co\/netcomp\/servidores\/servidores-hp\/servidor-hp-proliant-dl320e-gen-8\/\" \/>\n<meta property=\"og:site_name\" content=\"Servidores HP - Nuevos - Usados - Alquiler\" \/>\n<meta property=\"article:modified_time\" content=\"2021-03-31T22:00:18+00:00\" \/>\n<meta property=\"og:image\" content=\"https:\/\/servidor-hp.com.co\/netcomp\/wp-content\/uploads\/2021\/03\/dell-poweredge-r720.jpg\" \/>\n\t<meta property=\"og:image:width\" content=\"800\" \/>\n\t<meta property=\"og:image:height\" content=\"800\" \/>\n\t<meta property=\"og:image:type\" content=\"image\/jpeg\" \/>\n<meta name=\"twitter:card\" content=\"summary_large_image\" \/>\n<meta name=\"twitter:label1\" content=\"Tiempo de lectura\" \/>\n\t<meta name=\"twitter:data1\" content=\"4 minutos\" \/>\n<script type=\"application\/ld+json\" class=\"yoast-schema-graph\">{\"@context\":\"https:\/\/schema.org\",\"@graph\":[{\"@type\":\"WebPage\",\"@id\":\"https:\/\/servidor-hp.com.co\/netcomp\/servidores\/servidores-hp\/servidor-hp-proliant-dl320e-gen-8\/\",\"url\":\"https:\/\/servidor-hp.com.co\/netcomp\/servidores\/servidores-hp\/servidor-hp-proliant-dl320e-gen-8\/\",\"name\":\"Servidor HP Proliant Dl320e Gen 8 - Servidores HP - Nuevos - Usados - Alquiler\",\"isPartOf\":{\"@id\":\"https:\/\/servidor-hp.com.co\/netcomp\/#website\"},\"primaryImageOfPage\":{\"@id\":\"https:\/\/servidor-hp.com.co\/netcomp\/servidores\/servidores-hp\/servidor-hp-proliant-dl320e-gen-8\/#primaryimage\"},\"image\":{\"@id\":\"https:\/\/servidor-hp.com.co\/netcomp\/servidores\/servidores-hp\/servidor-hp-proliant-dl320e-gen-8\/#primaryimage\"},\"thumbnailUrl\":\"https:\/\/servidor-hp.com.co\/netcomp\/wp-content\/uploads\/2021\/03\/dell-poweredge-r720.jpg\",\"datePublished\":\"2021-03-31T21:04:07+00:00\",\"dateModified\":\"2021-03-31T22:00:18+00:00\",\"description\":\"Servidor HP Proliant Dl320e Gen 8 - - Precio y Disponibilidad en Bogota - Colombia - servidor-hp.com.co\",\"breadcrumb\":{\"@id\":\"https:\/\/servidor-hp.com.co\/netcomp\/servidores\/servidores-hp\/servidor-hp-proliant-dl320e-gen-8\/#breadcrumb\"},\"inLanguage\":\"es\",\"potentialAction\":[{\"@type\":\"ReadAction\",\"target\":[\"https:\/\/servidor-hp.com.co\/netcomp\/servidores\/servidores-hp\/servidor-hp-proliant-dl320e-gen-8\/\"]}]},{\"@type\":\"ImageObject\",\"inLanguage\":\"es\",\"@id\":\"https:\/\/servidor-hp.com.co\/netcomp\/servidores\/servidores-hp\/servidor-hp-proliant-dl320e-gen-8\/#primaryimage\",\"url\":\"https:\/\/servidor-hp.com.co\/netcomp\/wp-content\/uploads\/2021\/03\/dell-poweredge-r720.jpg\",\"contentUrl\":\"https:\/\/servidor-hp.com.co\/netcomp\/wp-content\/uploads\/2021\/03\/dell-poweredge-r720.jpg\",\"width\":800,\"height\":800},{\"@type\":\"BreadcrumbList\",\"@id\":\"https:\/\/servidor-hp.com.co\/netcomp\/servidores\/servidores-hp\/servidor-hp-proliant-dl320e-gen-8\/#breadcrumb\",\"itemListElement\":[{\"@type\":\"ListItem\",\"position\":1,\"name\":\"Portada\",\"item\":\"https:\/\/servidor-hp.com.co\/netcomp\/\"},{\"@type\":\"ListItem\",\"position\":2,\"name\":\"Tienda\",\"item\":\"https:\/\/servidor-hp.com.co\/netcomp\/servidores\/\"},{\"@type\":\"ListItem\",\"position\":3,\"name\":\"Servidor HP Proliant Dl320e Gen 8\"}]},{\"@type\":\"WebSite\",\"@id\":\"https:\/\/servidor-hp.com.co\/netcomp\/#website\",\"url\":\"https:\/\/servidor-hp.com.co\/netcomp\/\",\"name\":\"Servidores HP - Nuevos - Usados - Alquiler\",\"description\":\"Tels: (+57) 316 878 8749\",\"alternateName\":\"Servidores HP DELL LENOVO IBM\",\"potentialAction\":[{\"@type\":\"SearchAction\",\"target\":{\"@type\":\"EntryPoint\",\"urlTemplate\":\"https:\/\/servidor-hp.com.co\/netcomp\/?s={search_term_string}\"},\"query-input\":{\"@type\":\"PropertyValueSpecification\",\"valueRequired\":true,\"valueName\":\"search_term_string\"}}],\"inLanguage\":\"es\"}]}<\/script>\n<!-- \/ Yoast SEO plugin. -->","yoast_head_json":{"title":"Servidor HP Proliant Dl320e Gen 8 - Servidores HP - Nuevos - Usados - Alquiler","description":"Servidor HP Proliant Dl320e Gen 8 - - Precio y Disponibilidad en Bogota - Colombia - servidor-hp.com.co","robots":{"index":"index","follow":"follow","max-snippet":"max-snippet:-1","max-image-preview":"max-image-preview:large","max-video-preview":"max-video-preview:-1"},"canonical":"https:\/\/servidor-hp.com.co\/netcomp\/servidores\/servidores-hp\/servidor-hp-proliant-dl320e-gen-8\/","og_locale":"es_ES","og_type":"article","og_title":"Servidor HP Proliant Dl320e Gen 8 - Servidores HP - Nuevos - Usados - Alquiler","og_description":"Servidor HP Proliant Dl320e Gen 8 - - Precio y Disponibilidad en Bogota - Colombia - servidor-hp.com.co","og_url":"https:\/\/servidor-hp.com.co\/netcomp\/servidores\/servidores-hp\/servidor-hp-proliant-dl320e-gen-8\/","og_site_name":"Servidores HP - Nuevos - Usados - Alquiler","article_modified_time":"2021-03-31T22:00:18+00:00","og_image":[{"width":800,"height":800,"url":"https:\/\/servidor-hp.com.co\/netcomp\/wp-content\/uploads\/2021\/03\/dell-poweredge-r720.jpg","type":"image\/jpeg"}],"twitter_card":"summary_large_image","twitter_misc":{"Tiempo de lectura":"4 minutos"},"schema":{"@context":"https:\/\/schema.org","@graph":[{"@type":"WebPage","@id":"https:\/\/servidor-hp.com.co\/netcomp\/servidores\/servidores-hp\/servidor-hp-proliant-dl320e-gen-8\/","url":"https:\/\/servidor-hp.com.co\/netcomp\/servidores\/servidores-hp\/servidor-hp-proliant-dl320e-gen-8\/","name":"Servidor HP Proliant Dl320e Gen 8 - Servidores HP - Nuevos - Usados - Alquiler","isPartOf":{"@id":"https:\/\/servidor-hp.com.co\/netcomp\/#website"},"primaryImageOfPage":{"@id":"https:\/\/servidor-hp.com.co\/netcomp\/servidores\/servidores-hp\/servidor-hp-proliant-dl320e-gen-8\/#primaryimage"},"image":{"@id":"https:\/\/servidor-hp.com.co\/netcomp\/servidores\/servidores-hp\/servidor-hp-proliant-dl320e-gen-8\/#primaryimage"},"thumbnailUrl":"https:\/\/servidor-hp.com.co\/netcomp\/wp-content\/uploads\/2021\/03\/dell-poweredge-r720.jpg","datePublished":"2021-03-31T21:04:07+00:00","dateModified":"2021-03-31T22:00:18+00:00","description":"Servidor HP Proliant Dl320e Gen 8 - - Precio y Disponibilidad en Bogota - Colombia - servidor-hp.com.co","breadcrumb":{"@id":"https:\/\/servidor-hp.com.co\/netcomp\/servidores\/servidores-hp\/servidor-hp-proliant-dl320e-gen-8\/#breadcrumb"},"inLanguage":"es","potentialAction":[{"@type":"ReadAction","target":["https:\/\/servidor-hp.com.co\/netcomp\/servidores\/servidores-hp\/servidor-hp-proliant-dl320e-gen-8\/"]}]},{"@type":"ImageObject","inLanguage":"es","@id":"https:\/\/servidor-hp.com.co\/netcomp\/servidores\/servidores-hp\/servidor-hp-proliant-dl320e-gen-8\/#primaryimage","url":"https:\/\/servidor-hp.com.co\/netcomp\/wp-content\/uploads\/2021\/03\/dell-poweredge-r720.jpg","contentUrl":"https:\/\/servidor-hp.com.co\/netcomp\/wp-content\/uploads\/2021\/03\/dell-poweredge-r720.jpg","width":800,"height":800},{"@type":"BreadcrumbList","@id":"https:\/\/servidor-hp.com.co\/netcomp\/servidores\/servidores-hp\/servidor-hp-proliant-dl320e-gen-8\/#breadcrumb","itemListElement":[{"@type":"ListItem","position":1,"name":"Portada","item":"https:\/\/servidor-hp.com.co\/netcomp\/"},{"@type":"ListItem","position":2,"name":"Tienda","item":"https:\/\/servidor-hp.com.co\/netcomp\/servidores\/"},{"@type":"ListItem","position":3,"name":"Servidor HP Proliant Dl320e Gen 8"}]},{"@type":"WebSite","@id":"https:\/\/servidor-hp.com.co\/netcomp\/#website","url":"https:\/\/servidor-hp.com.co\/netcomp\/","name":"Servidores HP - Nuevos - Usados - Alquiler","description":"Tels: (+57) 316 878 8749","alternateName":"Servidores HP DELL LENOVO IBM","potentialAction":[{"@type":"SearchAction","target":{"@type":"EntryPoint","urlTemplate":"https:\/\/servidor-hp.com.co\/netcomp\/?s={search_term_string}"},"query-input":{"@type":"PropertyValueSpecification","valueRequired":true,"valueName":"search_term_string"}}],"inLanguage":"es"}]}},"_links":{"self":[{"href":"https:\/\/servidor-hp.com.co\/netcomp\/wp-json\/wp\/v2\/product\/22385","targetHints":{"allow":["GET"]}}],"collection":[{"href":"https:\/\/servidor-hp.com.co\/netcomp\/wp-json\/wp\/v2\/product"}],"about":[{"href":"https:\/\/servidor-hp.com.co\/netcomp\/wp-json\/wp\/v2\/types\/product"}],"replies":[{"embeddable":true,"href":"https:\/\/servidor-hp.com.co\/netcomp\/wp-json\/wp\/v2\/comments?post=22385"}],"wp:featuredmedia":[{"embeddable":true,"href":"https:\/\/servidor-hp.com.co\/netcomp\/wp-json\/wp\/v2\/media\/22382"}],"wp:attachment":[{"href":"https:\/\/servidor-hp.com.co\/netcomp\/wp-json\/wp\/v2\/media?parent=22385"}],"wp:term":[{"taxonomy":"product_brand","embeddable":true,"href":"https:\/\/servidor-hp.com.co\/netcomp\/wp-json\/wp\/v2\/product_brand?post=22385"},{"taxonomy":"product_cat","embeddable":true,"href":"https:\/\/servidor-hp.com.co\/netcomp\/wp-json\/wp\/v2\/product_cat?post=22385"},{"taxonomy":"product_tag","embeddable":true,"href":"https:\/\/servidor-hp.com.co\/netcomp\/wp-json\/wp\/v2\/product_tag?post=22385"}],"curies":[{"name":"wp","href":"https:\/\/api.w.org\/{rel}","templated":true}]}}