{"id":22379,"date":"2021-03-31T15:12:22","date_gmt":"2021-03-31T20:12:22","guid":{"rendered":"https:\/\/servidor-hp.com.co\/netcomp\/?post_type=product&#038;p=22379"},"modified":"2021-03-31T15:29:34","modified_gmt":"2021-03-31T20:29:34","slug":"hp-rack-de-3par-storeserv-7400-23","status":"publish","type":"product","link":"https:\/\/servidor-hp.com.co\/netcomp\/servidores\/servidores-hp\/hp-rack-de-3par-storeserv-7400-23\/","title":{"rendered":"HP Rack de 3PAR StoreServ 7400 23"},"content":{"rendered":"<h1 style=\"text-align: center;\"><span style=\"font-size: 36pt;\"><strong><span style=\"color: #2445a2;\">HP RACK DE 3PAR STORESERV 7400 23 SLOT-<\/span><\/strong><\/span><\/h1>\n<h1 style=\"text-align: center;\"><span style=\"font-size: 36pt;\"><strong><span style=\"color: #2445a2;\">ALMACENAMIENTO HP 3PAR &#8211; 1 A\u00d1O DE GARANTIA<\/span><\/strong><\/span><\/h1>\n<p>&nbsp;<\/p>\n<p>&nbsp;<\/p>\n<h3><span style=\"color: #000000; font-size: 18pt;\">La plataforma de almacenamiento m\u00e1s avanzada del mundo ha ampliado sus ofertas de rango medio, ofreciendo un almacenamiento sin esfuerzo, eficiente, a prueba de balas y a prueba de futuro para todo el rango medio.\u00a0El almacenamiento HP 3PAR StoreServ 7000 ofrece la misma arquitectura l\u00edder en la industria elegida por 8 de cada 10 de los proveedores de servicios m\u00e1s grandes del mundo a un precio que hace que los compromisos sean cosa del pasado.\u00a0Tambi\u00e9n es la \u00fanica plataforma que ofrece el rendimiento necesario para duplicar la densidad de la m\u00e1quina virtual (VM) en sus servidores f\u00edsicos, garantizado.<\/span><\/h3>\n<h3><\/h3>\n<h3><\/h3>\n<p>&nbsp;<\/p>\n<p>&nbsp;<\/p>\n<p><img loading=\"lazy\" decoding=\"async\" style=\"display: block; margin-left: auto; margin-right: auto;\" src=\"https:\/\/www.netcomp.co\/img\/cms\/HP-3par-7400.png\" alt=\"\" width=\"600\" height=\"272\" \/><\/p>\n<p>&nbsp;<\/p>\n<p>&nbsp;<\/p>\n<h2 style=\"margin: 18px 0px 9px; padding: 0px; border: 0px; font-style: normal; font-weight: 500; line-height: 1.1; font-family: Arial, Helvetica, sans-serif; font-size: 27px; vertical-align: baseline; color: #777777; letter-spacing: normal; text-indent: 0px; text-transform: none; background-color: #ffffff; text-align: center;\"><a href=\"https:\/\/servidor-hp.com.co\/netcomp\/servidores-hp\/servidores-hp\/\"><span style=\"margin: 0px; padding: 0px; border: 0px; font-style: inherit; font-variant: inherit; font-weight: inherit; line-height: inherit; font-family: tahoma, arial, helvetica, sans-serif; font-size: 14pt; vertical-align: baseline; color: #ff0000;\"><strong style=\"margin: 0px; padding: 0px; border: 0px; font-style: inherit; font-variant: inherit; font-weight: bold; line-height: inherit; font-family: inherit; font-size: 18.6667px; vertical-align: baseline;\">DISPONEMOS DE UNA AMPLIA GAMA DE SERVIDOR HP PROLIANT NUEVOS Y USADOS<\/strong><\/span><\/a><\/h2>\n<h2 style=\"text-align: center;\"><a href=\"https:\/\/servidor-hp.com.co\/netcomp\/servidores-hp\/servidores-hp\/\"><span style=\"color: #ff0000; font-family: tahoma, arial, helvetica, sans-serif; font-size: 14pt;\"><strong>PARA <\/strong><\/span><span style=\"color: #ff0000; font-family: tahoma, arial, helvetica, sans-serif; font-size: 14pt;\"><strong>VENTA \/ ARRENDAMIENTO \/ ALQUILER :<\/strong><\/span><\/a><\/h2>\n<h2 style=\"text-align: center;\"><a href=\"https:\/\/servidor-hp.com.co\/netcomp\/servidores-hp\/servidores-hp\/\"><span style=\"color: #ff0000; font-family: tahoma, arial, helvetica, sans-serif; font-size: 14pt;\"><strong>ML110 \/ ML350 \/ ML150 \/ DL320 \/ DL360 \/ DL380<\/strong><\/span><\/a><\/h2>\n<h3><a href=\"https:\/\/api.whatsapp.com\/send?phone=573168788749\" target=\"_blank\" rel=\"noopener noreferrer\"><img loading=\"lazy\" decoding=\"async\" class=\"wp-image-20467 aligncenter\" src=\"http:\/\/cableado-estructurado.com.co\/netcomp\/wp-content\/uploads\/2018\/07\/whatsapp-logo-mensaje.jpg\" alt=\"\" width=\"290\" height=\"220\" \/><\/a><\/h3>\n<p><img loading=\"lazy\" decoding=\"async\" class=\"wp-image-21775 aligncenter\" src=\"https:\/\/servidor-hp.com.co\/netcomp\/wp-content\/uploads\/2019\/05\/boton-ventas-servidor.png\" alt=\"\" width=\"495\" height=\"153\" \/><\/p>\n<h3 style=\"text-align: center;\"><\/h3>\n<h3><\/h3>\n","protected":false},"excerpt":{"rendered":"<h3><span style=\"color: #000000; font-size: 14pt; font-family: tahoma, arial, helvetica, sans-serif;\">Almacene todos sus datos en un solo sistema que admite funciones avanzadas como la federaci\u00f3n de almacenamiento y la organizaci\u00f3n en niveles automatizada y le permite comenzar con poco y crecer sin interrupciones.\u00a0Haga el almacenamiento sin esfuerzo.<\/span><\/h3>\n<h2><\/h2>\n","protected":false},"featured_media":22380,"comment_status":"open","ping_status":"closed","template":"","meta":{"_et_pb_use_builder":"","_et_pb_old_content":"","_et_gb_content_width":""},"product_brand":[],"product_cat":[73,15],"product_tag":[20929,20927,20928,321,20926,20925,20924,403,20930],"class_list":{"0":"post-22379","1":"product","2":"type-product","3":"status-publish","4":"has-post-thumbnail","6":"product_cat-servidores-hp-ibm-cisco","7":"product_cat-servidores-hp","8":"product_tag-hp-strore","9":"product_tag-rack-hp","10":"product_tag-rack-hp-store","11":"product_tag-servidor-hp","12":"product_tag-servidor-hp-arrendamiento","13":"product_tag-servidor-hp-usado","14":"product_tag-servidor-hp-venta-en-bogota","15":"product_tag-servidor-rack-hp","16":"product_tag-servidores-hp-bogota","18":"first","19":"instock","20":"shipping-taxable","21":"product-type-simple"},"yoast_head":"<!-- This site is optimized with the Yoast SEO plugin v27.2 - https:\/\/yoast.com\/product\/yoast-seo-wordpress\/ -->\n<title>HP Rack de 3PAR StoreServ 7400 23 - Servidores HP - Nuevos - Usados - Alquiler<\/title>\n<meta name=\"description\" content=\"HP Rack de 3PAR StoreServ 7400 23 - - Precio y Disponibilidad en Bogota - Colombia - servidor-hp.com.co\" \/>\n<meta name=\"robots\" content=\"index, follow, max-snippet:-1, max-image-preview:large, max-video-preview:-1\" \/>\n<link rel=\"canonical\" href=\"https:\/\/servidor-hp.com.co\/netcomp\/servidores\/servidores-hp\/hp-rack-de-3par-storeserv-7400-23\/\" \/>\n<meta property=\"og:locale\" content=\"es_ES\" \/>\n<meta property=\"og:type\" content=\"article\" \/>\n<meta property=\"og:title\" content=\"HP Rack de 3PAR StoreServ 7400 23 - Servidores HP - Nuevos - Usados - Alquiler\" \/>\n<meta property=\"og:description\" content=\"HP Rack de 3PAR StoreServ 7400 23 - - Precio y Disponibilidad en Bogota - Colombia - servidor-hp.com.co\" \/>\n<meta property=\"og:url\" content=\"https:\/\/servidor-hp.com.co\/netcomp\/servidores\/servidores-hp\/hp-rack-de-3par-storeserv-7400-23\/\" \/>\n<meta property=\"og:site_name\" content=\"Servidores HP - Nuevos - Usados - Alquiler\" \/>\n<meta property=\"article:modified_time\" content=\"2021-03-31T20:29:34+00:00\" \/>\n<meta property=\"og:image\" content=\"https:\/\/servidor-hp.com.co\/netcomp\/wp-content\/uploads\/2021\/03\/HP-3par-7400.png\" \/>\n\t<meta property=\"og:image:width\" content=\"600\" \/>\n\t<meta property=\"og:image:height\" content=\"272\" \/>\n\t<meta property=\"og:image:type\" content=\"image\/png\" \/>\n<meta name=\"twitter:card\" content=\"summary_large_image\" \/>\n<meta name=\"twitter:label1\" content=\"Tiempo de lectura\" \/>\n\t<meta name=\"twitter:data1\" content=\"1 minuto\" \/>\n<script type=\"application\/ld+json\" class=\"yoast-schema-graph\">{\"@context\":\"https:\/\/schema.org\",\"@graph\":[{\"@type\":\"WebPage\",\"@id\":\"https:\/\/servidor-hp.com.co\/netcomp\/servidores\/servidores-hp\/hp-rack-de-3par-storeserv-7400-23\/\",\"url\":\"https:\/\/servidor-hp.com.co\/netcomp\/servidores\/servidores-hp\/hp-rack-de-3par-storeserv-7400-23\/\",\"name\":\"HP Rack de 3PAR StoreServ 7400 23 - Servidores HP - Nuevos - Usados - Alquiler\",\"isPartOf\":{\"@id\":\"https:\/\/servidor-hp.com.co\/netcomp\/#website\"},\"primaryImageOfPage\":{\"@id\":\"https:\/\/servidor-hp.com.co\/netcomp\/servidores\/servidores-hp\/hp-rack-de-3par-storeserv-7400-23\/#primaryimage\"},\"image\":{\"@id\":\"https:\/\/servidor-hp.com.co\/netcomp\/servidores\/servidores-hp\/hp-rack-de-3par-storeserv-7400-23\/#primaryimage\"},\"thumbnailUrl\":\"https:\/\/servidor-hp.com.co\/netcomp\/wp-content\/uploads\/2021\/03\/HP-3par-7400.png\",\"datePublished\":\"2021-03-31T20:12:22+00:00\",\"dateModified\":\"2021-03-31T20:29:34+00:00\",\"description\":\"HP Rack de 3PAR StoreServ 7400 23 - - Precio y Disponibilidad en Bogota - Colombia - servidor-hp.com.co\",\"breadcrumb\":{\"@id\":\"https:\/\/servidor-hp.com.co\/netcomp\/servidores\/servidores-hp\/hp-rack-de-3par-storeserv-7400-23\/#breadcrumb\"},\"inLanguage\":\"es\",\"potentialAction\":[{\"@type\":\"ReadAction\",\"target\":[\"https:\/\/servidor-hp.com.co\/netcomp\/servidores\/servidores-hp\/hp-rack-de-3par-storeserv-7400-23\/\"]}]},{\"@type\":\"ImageObject\",\"inLanguage\":\"es\",\"@id\":\"https:\/\/servidor-hp.com.co\/netcomp\/servidores\/servidores-hp\/hp-rack-de-3par-storeserv-7400-23\/#primaryimage\",\"url\":\"https:\/\/servidor-hp.com.co\/netcomp\/wp-content\/uploads\/2021\/03\/HP-3par-7400.png\",\"contentUrl\":\"https:\/\/servidor-hp.com.co\/netcomp\/wp-content\/uploads\/2021\/03\/HP-3par-7400.png\",\"width\":600,\"height\":272,\"caption\":\"HP Rack de 3PAR StoreServ 7400 23\"},{\"@type\":\"BreadcrumbList\",\"@id\":\"https:\/\/servidor-hp.com.co\/netcomp\/servidores\/servidores-hp\/hp-rack-de-3par-storeserv-7400-23\/#breadcrumb\",\"itemListElement\":[{\"@type\":\"ListItem\",\"position\":1,\"name\":\"Portada\",\"item\":\"https:\/\/servidor-hp.com.co\/netcomp\/\"},{\"@type\":\"ListItem\",\"position\":2,\"name\":\"Tienda\",\"item\":\"https:\/\/servidor-hp.com.co\/netcomp\/servidores\/\"},{\"@type\":\"ListItem\",\"position\":3,\"name\":\"HP Rack de 3PAR StoreServ 7400 23\"}]},{\"@type\":\"WebSite\",\"@id\":\"https:\/\/servidor-hp.com.co\/netcomp\/#website\",\"url\":\"https:\/\/servidor-hp.com.co\/netcomp\/\",\"name\":\"Servidores HP - Nuevos - Usados - Alquiler\",\"description\":\"Tels: (+57) 316 878 8749\",\"alternateName\":\"Servidores HP DELL LENOVO IBM\",\"potentialAction\":[{\"@type\":\"SearchAction\",\"target\":{\"@type\":\"EntryPoint\",\"urlTemplate\":\"https:\/\/servidor-hp.com.co\/netcomp\/?s={search_term_string}\"},\"query-input\":{\"@type\":\"PropertyValueSpecification\",\"valueRequired\":true,\"valueName\":\"search_term_string\"}}],\"inLanguage\":\"es\"}]}<\/script>\n<!-- \/ Yoast SEO plugin. -->","yoast_head_json":{"title":"HP Rack de 3PAR StoreServ 7400 23 - Servidores HP - Nuevos - Usados - Alquiler","description":"HP Rack de 3PAR StoreServ 7400 23 - - Precio y Disponibilidad en Bogota - Colombia - servidor-hp.com.co","robots":{"index":"index","follow":"follow","max-snippet":"max-snippet:-1","max-image-preview":"max-image-preview:large","max-video-preview":"max-video-preview:-1"},"canonical":"https:\/\/servidor-hp.com.co\/netcomp\/servidores\/servidores-hp\/hp-rack-de-3par-storeserv-7400-23\/","og_locale":"es_ES","og_type":"article","og_title":"HP Rack de 3PAR StoreServ 7400 23 - Servidores HP - Nuevos - Usados - Alquiler","og_description":"HP Rack de 3PAR StoreServ 7400 23 - - Precio y Disponibilidad en Bogota - Colombia - servidor-hp.com.co","og_url":"https:\/\/servidor-hp.com.co\/netcomp\/servidores\/servidores-hp\/hp-rack-de-3par-storeserv-7400-23\/","og_site_name":"Servidores HP - Nuevos - Usados - Alquiler","article_modified_time":"2021-03-31T20:29:34+00:00","og_image":[{"width":600,"height":272,"url":"https:\/\/servidor-hp.com.co\/netcomp\/wp-content\/uploads\/2021\/03\/HP-3par-7400.png","type":"image\/png"}],"twitter_card":"summary_large_image","twitter_misc":{"Tiempo de lectura":"1 minuto"},"schema":{"@context":"https:\/\/schema.org","@graph":[{"@type":"WebPage","@id":"https:\/\/servidor-hp.com.co\/netcomp\/servidores\/servidores-hp\/hp-rack-de-3par-storeserv-7400-23\/","url":"https:\/\/servidor-hp.com.co\/netcomp\/servidores\/servidores-hp\/hp-rack-de-3par-storeserv-7400-23\/","name":"HP Rack de 3PAR StoreServ 7400 23 - Servidores HP - Nuevos - Usados - Alquiler","isPartOf":{"@id":"https:\/\/servidor-hp.com.co\/netcomp\/#website"},"primaryImageOfPage":{"@id":"https:\/\/servidor-hp.com.co\/netcomp\/servidores\/servidores-hp\/hp-rack-de-3par-storeserv-7400-23\/#primaryimage"},"image":{"@id":"https:\/\/servidor-hp.com.co\/netcomp\/servidores\/servidores-hp\/hp-rack-de-3par-storeserv-7400-23\/#primaryimage"},"thumbnailUrl":"https:\/\/servidor-hp.com.co\/netcomp\/wp-content\/uploads\/2021\/03\/HP-3par-7400.png","datePublished":"2021-03-31T20:12:22+00:00","dateModified":"2021-03-31T20:29:34+00:00","description":"HP Rack de 3PAR StoreServ 7400 23 - - Precio y Disponibilidad en Bogota - Colombia - servidor-hp.com.co","breadcrumb":{"@id":"https:\/\/servidor-hp.com.co\/netcomp\/servidores\/servidores-hp\/hp-rack-de-3par-storeserv-7400-23\/#breadcrumb"},"inLanguage":"es","potentialAction":[{"@type":"ReadAction","target":["https:\/\/servidor-hp.com.co\/netcomp\/servidores\/servidores-hp\/hp-rack-de-3par-storeserv-7400-23\/"]}]},{"@type":"ImageObject","inLanguage":"es","@id":"https:\/\/servidor-hp.com.co\/netcomp\/servidores\/servidores-hp\/hp-rack-de-3par-storeserv-7400-23\/#primaryimage","url":"https:\/\/servidor-hp.com.co\/netcomp\/wp-content\/uploads\/2021\/03\/HP-3par-7400.png","contentUrl":"https:\/\/servidor-hp.com.co\/netcomp\/wp-content\/uploads\/2021\/03\/HP-3par-7400.png","width":600,"height":272,"caption":"HP Rack de 3PAR StoreServ 7400 23"},{"@type":"BreadcrumbList","@id":"https:\/\/servidor-hp.com.co\/netcomp\/servidores\/servidores-hp\/hp-rack-de-3par-storeserv-7400-23\/#breadcrumb","itemListElement":[{"@type":"ListItem","position":1,"name":"Portada","item":"https:\/\/servidor-hp.com.co\/netcomp\/"},{"@type":"ListItem","position":2,"name":"Tienda","item":"https:\/\/servidor-hp.com.co\/netcomp\/servidores\/"},{"@type":"ListItem","position":3,"name":"HP Rack de 3PAR StoreServ 7400 23"}]},{"@type":"WebSite","@id":"https:\/\/servidor-hp.com.co\/netcomp\/#website","url":"https:\/\/servidor-hp.com.co\/netcomp\/","name":"Servidores HP - Nuevos - Usados - Alquiler","description":"Tels: (+57) 316 878 8749","alternateName":"Servidores HP DELL LENOVO IBM","potentialAction":[{"@type":"SearchAction","target":{"@type":"EntryPoint","urlTemplate":"https:\/\/servidor-hp.com.co\/netcomp\/?s={search_term_string}"},"query-input":{"@type":"PropertyValueSpecification","valueRequired":true,"valueName":"search_term_string"}}],"inLanguage":"es"}]}},"_links":{"self":[{"href":"https:\/\/servidor-hp.com.co\/netcomp\/wp-json\/wp\/v2\/product\/22379","targetHints":{"allow":["GET"]}}],"collection":[{"href":"https:\/\/servidor-hp.com.co\/netcomp\/wp-json\/wp\/v2\/product"}],"about":[{"href":"https:\/\/servidor-hp.com.co\/netcomp\/wp-json\/wp\/v2\/types\/product"}],"replies":[{"embeddable":true,"href":"https:\/\/servidor-hp.com.co\/netcomp\/wp-json\/wp\/v2\/comments?post=22379"}],"wp:featuredmedia":[{"embeddable":true,"href":"https:\/\/servidor-hp.com.co\/netcomp\/wp-json\/wp\/v2\/media\/22380"}],"wp:attachment":[{"href":"https:\/\/servidor-hp.com.co\/netcomp\/wp-json\/wp\/v2\/media?parent=22379"}],"wp:term":[{"taxonomy":"product_brand","embeddable":true,"href":"https:\/\/servidor-hp.com.co\/netcomp\/wp-json\/wp\/v2\/product_brand?post=22379"},{"taxonomy":"product_cat","embeddable":true,"href":"https:\/\/servidor-hp.com.co\/netcomp\/wp-json\/wp\/v2\/product_cat?post=22379"},{"taxonomy":"product_tag","embeddable":true,"href":"https:\/\/servidor-hp.com.co\/netcomp\/wp-json\/wp\/v2\/product_tag?post=22379"}],"curies":[{"name":"wp","href":"https:\/\/api.w.org\/{rel}","templated":true}]}}