{"id":21065,"date":"2019-02-26T23:39:03","date_gmt":"2019-02-27T04:39:03","guid":{"rendered":"https:\/\/servidor-hp.com.co\/netcomp\/servidores\/sincategorizar\/n-p-stbd4000100-disco-duro-nas-nas-seagate-robusta-dilige\/"},"modified":"2020-10-30T14:48:29","modified_gmt":"2020-10-30T19:48:29","slug":"n-p-stbd4000100-disco-duro-nas-nas-seagate-robusta-dilige","status":"publish","type":"product","link":"https:\/\/servidor-hp.com.co\/netcomp\/servidores\/nas-discos\/n-p-stbd4000100-disco-duro-nas-nas-seagate-robusta-dilige\/","title":{"rendered":"N\/P : STBD4000100 &#8211; DISCO DURO &#8211; NAS &#8211; NAS SEAGATE  : ROBUSTA. DILIGE"},"content":{"rendered":"<p>&nbsp;<\/p>\n<p>&nbsp;<\/p>\n<h1 style=\"text-align: center;\"><span style=\"font-family: tahoma, arial, helvetica, sans-serif; color: #333399;\"><strong><span style=\"font-size: 18pt;\">N\/P:\u00a0N\/P : STBD4000100 &#8211; DISCO DURO &#8211; NAS &#8211; NAS SEAGATE : ROBUSTA. DILIGE<\/span> <\/strong><\/span><\/h1>\n<table style=\"height: 154px;\" width=\"912\">\n<tbody>\n<tr>\n<td style=\"width: 221px;\"><\/td>\n<td style=\"width: 221px;\"><\/td>\n<td style=\"width: 221px;\"><\/td>\n<td style=\"width: 221px;\"><\/td>\n<\/tr>\n<tr>\n<td style=\"width: 221px;\"><img loading=\"lazy\" decoding=\"async\" class=\"aligncenter\" src=\"https:\/\/servidor-hp.com.co\/netcomp\/wp-content\/uploads\/2019\/02\/Lacie-Logo.jpg\" alt=\"NAS Lacie\" width=\"600\" height=\"200\" \/><\/td>\n<td style=\"width: 221px;\"><img loading=\"lazy\" decoding=\"async\" class=\"aligncenter\" src=\"https:\/\/servidor-hp.com.co\/netcomp\/wp-content\/uploads\/2019\/02\/nas-ts-251p2g-D_nas-qnap.jpg\" alt=\"Nas Qnap\" width=\"146\" height=\"146\" \/><\/td>\n<td style=\"width: 221px;\"><img loading=\"lazy\" decoding=\"async\" class=\"aligncenter\" src=\"https:\/\/servidor-hp.com.co\/netcomp\/wp-content\/uploads\/2019\/02\/disco-duro-seagate-sata-ssd-sas-para-portatil-servidor-pc-desktop-computador-1.jpg\" alt=\"Discos Seagate\" width=\"194\" height=\"99\" \/><\/td>\n<td style=\"width: 221px;\"><img loading=\"lazy\" decoding=\"async\" class=\"aligncenter\" src=\"https:\/\/servidor-hp.com.co\/netcomp\/wp-content\/uploads\/2019\/02\/western_digital_logo.png\" alt=\"Disco WD\" width=\"181\" height=\"50\" \/><\/td>\n<\/tr>\n<tr>\n<td style=\"width: 221px;\"><\/td>\n<td style=\"width: 221px;\"><\/td>\n<td style=\"width: 221px;\"><\/td>\n<td style=\"width: 221px;\"><\/td>\n<\/tr>\n<\/tbody>\n<\/table>\n<p>&nbsp;<\/p>\n<h2 style=\"text-align: center;\"><span style=\"font-family: tahoma, arial, helvetica, sans-serif; font-size: 14pt;\">DISCOS PARA NAS &#8211; PARA SISTEMAS NAS DE 1 A 24 BAH\u00d6AS 24 X 7 APLICACIONES NAS ALTA CONFIABILIDAD Y RENDIMIENTO CON SEAGATE NASWORKS COMPATIBILIDAD CON LA UNIDAD NAS PARA LA INTEGRACI\u00e0N SENCILLA DEL SISTEMA<\/span><\/h2>\n<p>&nbsp;<\/p>\n<h3 style=\"text-align: center;\"><span style=\"font-family: tahoma, arial, helvetica, sans-serif; color: #333399; font-size: 14pt;\">NAS SEAGATE : ROBUSTA. DILIGENTE. EXPANSIBLE.PARA TODO LO QUE SE NAS, IRONWOLF O IRONWOLF PRO. SIEMPRE ENCENDIDA Y SIEMPRE EN FUNCIONAMIENTO, IRONWOLF EST\u00b5 REFORZADA CON LA TECNOLOG\u00d6A AGILEARRAY, QUE OFRECE FIABILIDAD \u00e0PTIMA Y AGILIDAD AL SISTEMA. LA TECNOLOG\u00d6A PARA M\u00e9LTIPLES USUARIOS Y LOS \u00d6NDICES DE CARGA DE TRABAJO EXTREMOS LE PERMITEN A IRONWOLF LLEVAR A CABO SU LABOR Y COMPLEMENTAR LA EXPANSI\u00e0N DE SU EMPRESA.GARANTIA 3 A\u00a5OS<\/span><\/h3>\n<h3><\/h3>\n<h3><a href=\"https:\/\/api.whatsapp.com\/send?phone=573168788749\" target=\"_blank\" rel=\"noopener noreferrer\"><img loading=\"lazy\" decoding=\"async\" class=\"wp-image-20467 aligncenter\" src=\"http:\/\/cableado-estructurado.com.co\/netcomp\/wp-content\/uploads\/2018\/07\/whatsapp-logo-mensaje.jpg\" alt=\"\" width=\"290\" height=\"220\" \/><\/a><\/h3>\n<p>&nbsp;<\/p>\n<p>&nbsp;<\/p>\n<p>&nbsp;<\/p>\n<h3><\/h3>\n<h3 style=\"text-align: center;\"><a href=\"https:\/\/servidor-hp.com.co\/netcomp\/contactenos\/\" target=\"_blank\" rel=\"noopener noreferrer\"><img loading=\"lazy\" decoding=\"async\" class=\"size-full wp-image-21380 aligncenter\" src=\"https:\/\/servidor-hp.com.co\/netcomp\/wp-content\/uploads\/2020\/08\/boton-contacto-paginas-servidor-hp2-e1597797126132.jpg\" alt=\"\" width=\"555\" height=\"234\" \/><\/a><\/h3>\n","protected":false},"excerpt":{"rendered":"<p>STBD4000100 &#8211; SEAGATE &#8211; SEAGATE<\/p>\n","protected":false},"featured_media":21618,"comment_status":"closed","ping_status":"closed","template":"","meta":{"_et_pb_use_builder":"","_et_pb_old_content":"","_et_gb_content_width":""},"product_brand":[],"product_cat":[20571],"product_tag":[20575,20577,20576,20574,20578,20381,20584,20583],"class_list":{"0":"post-21065","1":"product","2":"type-product","3":"status-publish","4":"has-post-thumbnail","6":"product_cat-nas-discos","7":"product_tag-disco-duro-para-nvr-dvr-cctv","8":"product_tag-disco-externo-usb","9":"product_tag-disco-para-computadores-portatiles","10":"product_tag-disco-para-servidores-nas","11":"product_tag-disco-seagate-para-cctv-colombia","12":"product_tag-discos-duros-para-servidores","13":"product_tag-discos-para-nas-para-sistemas-nas-de-1-seagate","14":"product_tag-stbd4000100","16":"first","17":"instock","18":"product-type-simple"},"yoast_head":"<!-- This site is optimized with the Yoast SEO plugin v27.2 - https:\/\/yoast.com\/product\/yoast-seo-wordpress\/ -->\n<title>N\/P : STBD4000100 - DISCO DURO - NAS - NAS SEAGATE : ROBUSTA. DILIGE - Servidores HP - Nuevos - Usados - Alquiler<\/title>\n<meta name=\"description\" content=\"N\/P : STBD4000100 - DISCO DURO - NAS - NAS SEAGATE : ROBUSTA. DILIGE - - Precio y Disponibilidad en Bogota - Colombia - servidor-hp.com.co\" \/>\n<meta name=\"robots\" content=\"index, follow, max-snippet:-1, max-image-preview:large, max-video-preview:-1\" \/>\n<link rel=\"canonical\" href=\"https:\/\/servidor-hp.com.co\/netcomp\/servidores\/nas-discos\/n-p-stbd4000100-disco-duro-nas-nas-seagate-robusta-dilige\/\" \/>\n<meta property=\"og:locale\" content=\"es_ES\" \/>\n<meta property=\"og:type\" content=\"article\" \/>\n<meta property=\"og:title\" content=\"N\/P : STBD4000100 - DISCO DURO - NAS - NAS SEAGATE : ROBUSTA. DILIGE - Servidores HP - Nuevos - Usados - Alquiler\" \/>\n<meta property=\"og:description\" content=\"N\/P : STBD4000100 - DISCO DURO - NAS - NAS SEAGATE : ROBUSTA. DILIGE - - Precio y Disponibilidad en Bogota - Colombia - servidor-hp.com.co\" \/>\n<meta property=\"og:url\" content=\"https:\/\/servidor-hp.com.co\/netcomp\/servidores\/nas-discos\/n-p-stbd4000100-disco-duro-nas-nas-seagate-robusta-dilige\/\" \/>\n<meta property=\"og:site_name\" content=\"Servidores HP - Nuevos - Usados - Alquiler\" \/>\n<meta property=\"article:modified_time\" content=\"2020-10-30T19:48:29+00:00\" \/>\n<meta property=\"og:image\" content=\"https:\/\/servidor-hp.com.co\/netcomp\/wp-content\/uploads\/2019\/02\/STBD4000100-e1604087265610.jpg\" \/>\n\t<meta property=\"og:image:width\" content=\"300\" \/>\n\t<meta property=\"og:image:height\" content=\"388\" \/>\n\t<meta property=\"og:image:type\" content=\"image\/jpeg\" \/>\n<meta name=\"twitter:card\" content=\"summary_large_image\" \/>\n<meta name=\"twitter:label1\" content=\"Tiempo de lectura\" \/>\n\t<meta name=\"twitter:data1\" content=\"1 minuto\" \/>\n<script type=\"application\/ld+json\" class=\"yoast-schema-graph\">{\"@context\":\"https:\/\/schema.org\",\"@graph\":[{\"@type\":\"WebPage\",\"@id\":\"https:\/\/servidor-hp.com.co\/netcomp\/servidores\/nas-discos\/n-p-stbd4000100-disco-duro-nas-nas-seagate-robusta-dilige\/\",\"url\":\"https:\/\/servidor-hp.com.co\/netcomp\/servidores\/nas-discos\/n-p-stbd4000100-disco-duro-nas-nas-seagate-robusta-dilige\/\",\"name\":\"N\/P : STBD4000100 - DISCO DURO - NAS - NAS SEAGATE : ROBUSTA. DILIGE - Servidores HP - Nuevos - Usados - Alquiler\",\"isPartOf\":{\"@id\":\"https:\/\/servidor-hp.com.co\/netcomp\/#website\"},\"primaryImageOfPage\":{\"@id\":\"https:\/\/servidor-hp.com.co\/netcomp\/servidores\/nas-discos\/n-p-stbd4000100-disco-duro-nas-nas-seagate-robusta-dilige\/#primaryimage\"},\"image\":{\"@id\":\"https:\/\/servidor-hp.com.co\/netcomp\/servidores\/nas-discos\/n-p-stbd4000100-disco-duro-nas-nas-seagate-robusta-dilige\/#primaryimage\"},\"thumbnailUrl\":\"https:\/\/servidor-hp.com.co\/netcomp\/wp-content\/uploads\/2019\/02\/STBD4000100-e1604087265610.jpg\",\"datePublished\":\"2019-02-27T04:39:03+00:00\",\"dateModified\":\"2020-10-30T19:48:29+00:00\",\"description\":\"N\/P : STBD4000100 - DISCO DURO - NAS - NAS SEAGATE : ROBUSTA. DILIGE - - Precio y Disponibilidad en Bogota - Colombia - servidor-hp.com.co\",\"breadcrumb\":{\"@id\":\"https:\/\/servidor-hp.com.co\/netcomp\/servidores\/nas-discos\/n-p-stbd4000100-disco-duro-nas-nas-seagate-robusta-dilige\/#breadcrumb\"},\"inLanguage\":\"es\",\"potentialAction\":[{\"@type\":\"ReadAction\",\"target\":[\"https:\/\/servidor-hp.com.co\/netcomp\/servidores\/nas-discos\/n-p-stbd4000100-disco-duro-nas-nas-seagate-robusta-dilige\/\"]}]},{\"@type\":\"ImageObject\",\"inLanguage\":\"es\",\"@id\":\"https:\/\/servidor-hp.com.co\/netcomp\/servidores\/nas-discos\/n-p-stbd4000100-disco-duro-nas-nas-seagate-robusta-dilige\/#primaryimage\",\"url\":\"https:\/\/servidor-hp.com.co\/netcomp\/wp-content\/uploads\/2019\/02\/STBD4000100-e1604087265610.jpg\",\"contentUrl\":\"https:\/\/servidor-hp.com.co\/netcomp\/wp-content\/uploads\/2019\/02\/STBD4000100-e1604087265610.jpg\",\"width\":300,\"height\":388},{\"@type\":\"BreadcrumbList\",\"@id\":\"https:\/\/servidor-hp.com.co\/netcomp\/servidores\/nas-discos\/n-p-stbd4000100-disco-duro-nas-nas-seagate-robusta-dilige\/#breadcrumb\",\"itemListElement\":[{\"@type\":\"ListItem\",\"position\":1,\"name\":\"Portada\",\"item\":\"https:\/\/servidor-hp.com.co\/netcomp\/\"},{\"@type\":\"ListItem\",\"position\":2,\"name\":\"Tienda\",\"item\":\"https:\/\/servidor-hp.com.co\/netcomp\/servidores\/\"},{\"@type\":\"ListItem\",\"position\":3,\"name\":\"N\/P : STBD4000100 &#8211; DISCO DURO &#8211; NAS &#8211; NAS SEAGATE : ROBUSTA. DILIGE\"}]},{\"@type\":\"WebSite\",\"@id\":\"https:\/\/servidor-hp.com.co\/netcomp\/#website\",\"url\":\"https:\/\/servidor-hp.com.co\/netcomp\/\",\"name\":\"Servidores HP - Nuevos - Usados - Alquiler\",\"description\":\"Tels: (+57) 316 878 8749\",\"alternateName\":\"Servidores HP DELL LENOVO IBM\",\"potentialAction\":[{\"@type\":\"SearchAction\",\"target\":{\"@type\":\"EntryPoint\",\"urlTemplate\":\"https:\/\/servidor-hp.com.co\/netcomp\/?s={search_term_string}\"},\"query-input\":{\"@type\":\"PropertyValueSpecification\",\"valueRequired\":true,\"valueName\":\"search_term_string\"}}],\"inLanguage\":\"es\"}]}<\/script>\n<!-- \/ Yoast SEO plugin. -->","yoast_head_json":{"title":"N\/P : STBD4000100 - DISCO DURO - NAS - NAS SEAGATE : ROBUSTA. DILIGE - Servidores HP - Nuevos - Usados - Alquiler","description":"N\/P : STBD4000100 - DISCO DURO - NAS - NAS SEAGATE : ROBUSTA. DILIGE - - Precio y Disponibilidad en Bogota - Colombia - servidor-hp.com.co","robots":{"index":"index","follow":"follow","max-snippet":"max-snippet:-1","max-image-preview":"max-image-preview:large","max-video-preview":"max-video-preview:-1"},"canonical":"https:\/\/servidor-hp.com.co\/netcomp\/servidores\/nas-discos\/n-p-stbd4000100-disco-duro-nas-nas-seagate-robusta-dilige\/","og_locale":"es_ES","og_type":"article","og_title":"N\/P : STBD4000100 - DISCO DURO - NAS - NAS SEAGATE : ROBUSTA. DILIGE - Servidores HP - Nuevos - Usados - Alquiler","og_description":"N\/P : STBD4000100 - DISCO DURO - NAS - NAS SEAGATE : ROBUSTA. DILIGE - - Precio y Disponibilidad en Bogota - Colombia - servidor-hp.com.co","og_url":"https:\/\/servidor-hp.com.co\/netcomp\/servidores\/nas-discos\/n-p-stbd4000100-disco-duro-nas-nas-seagate-robusta-dilige\/","og_site_name":"Servidores HP - Nuevos - Usados - Alquiler","article_modified_time":"2020-10-30T19:48:29+00:00","og_image":[{"width":300,"height":388,"url":"https:\/\/servidor-hp.com.co\/netcomp\/wp-content\/uploads\/2019\/02\/STBD4000100-e1604087265610.jpg","type":"image\/jpeg"}],"twitter_card":"summary_large_image","twitter_misc":{"Tiempo de lectura":"1 minuto"},"schema":{"@context":"https:\/\/schema.org","@graph":[{"@type":"WebPage","@id":"https:\/\/servidor-hp.com.co\/netcomp\/servidores\/nas-discos\/n-p-stbd4000100-disco-duro-nas-nas-seagate-robusta-dilige\/","url":"https:\/\/servidor-hp.com.co\/netcomp\/servidores\/nas-discos\/n-p-stbd4000100-disco-duro-nas-nas-seagate-robusta-dilige\/","name":"N\/P : STBD4000100 - DISCO DURO - NAS - NAS SEAGATE : ROBUSTA. DILIGE - Servidores HP - Nuevos - Usados - Alquiler","isPartOf":{"@id":"https:\/\/servidor-hp.com.co\/netcomp\/#website"},"primaryImageOfPage":{"@id":"https:\/\/servidor-hp.com.co\/netcomp\/servidores\/nas-discos\/n-p-stbd4000100-disco-duro-nas-nas-seagate-robusta-dilige\/#primaryimage"},"image":{"@id":"https:\/\/servidor-hp.com.co\/netcomp\/servidores\/nas-discos\/n-p-stbd4000100-disco-duro-nas-nas-seagate-robusta-dilige\/#primaryimage"},"thumbnailUrl":"https:\/\/servidor-hp.com.co\/netcomp\/wp-content\/uploads\/2019\/02\/STBD4000100-e1604087265610.jpg","datePublished":"2019-02-27T04:39:03+00:00","dateModified":"2020-10-30T19:48:29+00:00","description":"N\/P : STBD4000100 - DISCO DURO - NAS - NAS SEAGATE : ROBUSTA. DILIGE - - Precio y Disponibilidad en Bogota - Colombia - servidor-hp.com.co","breadcrumb":{"@id":"https:\/\/servidor-hp.com.co\/netcomp\/servidores\/nas-discos\/n-p-stbd4000100-disco-duro-nas-nas-seagate-robusta-dilige\/#breadcrumb"},"inLanguage":"es","potentialAction":[{"@type":"ReadAction","target":["https:\/\/servidor-hp.com.co\/netcomp\/servidores\/nas-discos\/n-p-stbd4000100-disco-duro-nas-nas-seagate-robusta-dilige\/"]}]},{"@type":"ImageObject","inLanguage":"es","@id":"https:\/\/servidor-hp.com.co\/netcomp\/servidores\/nas-discos\/n-p-stbd4000100-disco-duro-nas-nas-seagate-robusta-dilige\/#primaryimage","url":"https:\/\/servidor-hp.com.co\/netcomp\/wp-content\/uploads\/2019\/02\/STBD4000100-e1604087265610.jpg","contentUrl":"https:\/\/servidor-hp.com.co\/netcomp\/wp-content\/uploads\/2019\/02\/STBD4000100-e1604087265610.jpg","width":300,"height":388},{"@type":"BreadcrumbList","@id":"https:\/\/servidor-hp.com.co\/netcomp\/servidores\/nas-discos\/n-p-stbd4000100-disco-duro-nas-nas-seagate-robusta-dilige\/#breadcrumb","itemListElement":[{"@type":"ListItem","position":1,"name":"Portada","item":"https:\/\/servidor-hp.com.co\/netcomp\/"},{"@type":"ListItem","position":2,"name":"Tienda","item":"https:\/\/servidor-hp.com.co\/netcomp\/servidores\/"},{"@type":"ListItem","position":3,"name":"N\/P : STBD4000100 &#8211; DISCO DURO &#8211; NAS &#8211; NAS SEAGATE : ROBUSTA. DILIGE"}]},{"@type":"WebSite","@id":"https:\/\/servidor-hp.com.co\/netcomp\/#website","url":"https:\/\/servidor-hp.com.co\/netcomp\/","name":"Servidores HP - Nuevos - Usados - Alquiler","description":"Tels: (+57) 316 878 8749","alternateName":"Servidores HP DELL LENOVO IBM","potentialAction":[{"@type":"SearchAction","target":{"@type":"EntryPoint","urlTemplate":"https:\/\/servidor-hp.com.co\/netcomp\/?s={search_term_string}"},"query-input":{"@type":"PropertyValueSpecification","valueRequired":true,"valueName":"search_term_string"}}],"inLanguage":"es"}]}},"_links":{"self":[{"href":"https:\/\/servidor-hp.com.co\/netcomp\/wp-json\/wp\/v2\/product\/21065","targetHints":{"allow":["GET"]}}],"collection":[{"href":"https:\/\/servidor-hp.com.co\/netcomp\/wp-json\/wp\/v2\/product"}],"about":[{"href":"https:\/\/servidor-hp.com.co\/netcomp\/wp-json\/wp\/v2\/types\/product"}],"replies":[{"embeddable":true,"href":"https:\/\/servidor-hp.com.co\/netcomp\/wp-json\/wp\/v2\/comments?post=21065"}],"wp:featuredmedia":[{"embeddable":true,"href":"https:\/\/servidor-hp.com.co\/netcomp\/wp-json\/wp\/v2\/media\/21618"}],"wp:attachment":[{"href":"https:\/\/servidor-hp.com.co\/netcomp\/wp-json\/wp\/v2\/media?parent=21065"}],"wp:term":[{"taxonomy":"product_brand","embeddable":true,"href":"https:\/\/servidor-hp.com.co\/netcomp\/wp-json\/wp\/v2\/product_brand?post=21065"},{"taxonomy":"product_cat","embeddable":true,"href":"https:\/\/servidor-hp.com.co\/netcomp\/wp-json\/wp\/v2\/product_cat?post=21065"},{"taxonomy":"product_tag","embeddable":true,"href":"https:\/\/servidor-hp.com.co\/netcomp\/wp-json\/wp\/v2\/product_tag?post=21065"}],"curies":[{"name":"wp","href":"https:\/\/api.w.org\/{rel}","templated":true}]}}