{"id":19773,"date":"2018-05-02T00:12:30","date_gmt":"2018-05-02T05:12:30","guid":{"rendered":"http:\/\/servidor-hp.com.co\/netcomp\/servidores\/sin%20categorizar\/n-p-877621-001-hp-servidor-hpe-proliant-ml350-sff-gen10fa\/"},"modified":"2023-03-06T20:21:52","modified_gmt":"2023-03-07T01:21:52","slug":"n-p-877621-001-hp-servidor-hpe-proliant-ml350-sff-gen10fa","status":"publish","type":"product","link":"https:\/\/servidor-hp.com.co\/netcomp\/servidores\/servidores-hp\/servidores-hp-2\/n-p-877621-001-hp-servidor-hpe-proliant-ml350-sff-gen10fa\/","title":{"rendered":"SERVIDOR HPE PROLIANT ML350 SFF GEN10- N\/P : 877621-001 &#8211; HP"},"content":{"rendered":"<h1 style=\"text-align: center;\"><span style=\"font-size: 24pt;\"><span style=\"font-family: tahoma, arial, helvetica, sans-serif; color: #333399;\"><strong>\u00a0<\/strong><strong>SERVIDOR HPE PROLIANT ML350 SFF GEN10<\/strong><\/span><strong style=\"color: #333399; font-family: tahoma, arial, helvetica, sans-serif;\">\u00a0&#8211;<\/strong><strong style=\"color: #333399; font-family: tahoma, arial, helvetica, sans-serif;\">N\/P : 877621-001 &#8211; HP<\/strong><\/span><\/h1>\n<p>&nbsp;<\/p>\n<div style=\"width: 1080px;\" class=\"wp-video\"><video class=\"wp-video-shortcode\" id=\"video-19773-1\" width=\"1080\" height=\"608\" loop autoplay preload=\"metadata\" controls=\"controls\"><source type=\"video\/mp4\" src=\"https:\/\/servidor-hp.com.co\/netcomp\/wp-content\/uploads\/2018\/05\/y2mate.com-Look-inside-the-HPE-ProLiant-ML350-Gen10-Server_1080p-1.mp4?_=1\" \/><a href=\"https:\/\/servidor-hp.com.co\/netcomp\/wp-content\/uploads\/2018\/05\/y2mate.com-Look-inside-the-HPE-ProLiant-ML350-Gen10-Server_1080p-1.mp4\">https:\/\/servidor-hp.com.co\/netcomp\/wp-content\/uploads\/2018\/05\/y2mate.com-Look-inside-the-HPE-ProLiant-ML350-Gen10-Server_1080p-1.mp4<\/a><\/video><\/div>\n<p>&nbsp;<\/p>\n<p>&nbsp;<\/p>\n<h3><span style=\"font-size: 14pt; color: #000000;\"><b>Caracter\u00edsticas<\/b><\/span><\/h3>\n<p><span style=\"font-size: 14pt; color: #000000;\"><b>Rendimiento con versatilidad incomparable<\/b><\/span><br \/>\n<span style=\"font-size: 14pt; color: #000000;\">&#8211; El servidor HPE ProLiant ML350 Gen10 admite hasta dos procesadores escalables Intel Xeon, empezando desde Bronze hasta Platinum, procesadores de 4 n\u00facleos a hasta 28 n\u00facleos que ofrecen un rendimiento incomparable.<\/span><br \/>\n<span style=\"font-size: 14pt; color: #000000;\">&#8211; Hasta 24 ranuras DIMM para admitir los 2600 MT\/s de HPE SmartMemory DDR4, lo que reduce la p\u00e9rdida de datos y el tiempo de inactividad gracias a la funci\u00f3n de la tecnolog\u00eda de tolerancia r\u00e1pida a los fallos con licencia de HPE Gen10 al tiempo que incrementa el rendimiento de la carga de trabajo y la eficiencia energ\u00e9tica.<\/span><br \/>\n<span style=\"font-size: 14pt; color: #000000;\">&#8211; Admite una amplia gama de soluciones desde Azure o Docker hasta ClearOS, adem\u00e1s de los sistemas operativos tradicionales.<\/span><br \/>\n<span style=\"font-size: 14pt; color: #000000;\">&#8211; La expansi\u00f3n de la GPU admite hasta cuatro unidades para acelerar el rendimiento en las aplicaciones VDI y de aprendizaje autom\u00e1tico para servicios financieros, vigilancia y seguridad, investigaci\u00f3n cient\u00edfica y educativa, as\u00ed como en venta al por menor y generaci\u00f3n de im\u00e1genes m\u00e9dicas.<\/span><\/p>\n<p><span style=\"font-size: 14pt; color: #000000;\"><b>Expanda a medida que las necesidades de su negocio crecen<\/b><\/span><br \/>\n<span style=\"font-size: 14pt; color: #000000;\">&#8211; El servidor HPE ProLiant ML350 Gen10 ofrece capacidades de expansi\u00f3n con una amplia gama de opciones de actualizaci\u00f3n. Admite de 8 a 24 SFF o 16 SFF al combinarse con 8 unidades de estado s\u00f3lido NVMe PCIe opcionales, las opciones de 4 a 12 unidades LFF hot-plug o sin conexi\u00f3n hot-plug protegen su inversi\u00f3n en TI en el entorno h\u00edbrido.<\/span><br \/>\n<span style=\"font-size: 14pt; color: #000000;\">&#8211; Amplia capacidad de expansi\u00f3n con (8) ranuras PCIe, (6) puertos USB, conversi\u00f3n de bastidor 5U y opciones de fuente de alimentaci\u00f3n.<\/span><br \/>\n<span style=\"font-size: 14pt; color: #000000;\">&#8211; Adaptador integrado 4 x 1 GbE y la opci\u00f3n de un PCIe vertical de 1 GbE, 10 GbE o 25 GbE que ofrecen la flexibilidad de ancho de banda de red y estructura para que pueda escalar y adaptarse a las diferentes necesidades a medida que su negocio crece.<\/span><\/p>\n<p><span style=\"font-size: 14pt; color: #000000;\"><b>Innovaciones en seguridad<\/b><\/span><br \/>\n<span style=\"font-size: 14pt; color: #000000;\">&#8211; El servidor HPE ProLiant ML350 Gen10 es uno de los servidores est\u00e1ndar del sector de HPE con firmware principal basado de forma directa en el silicio con la protecci\u00f3n de seguridad integrada en el ciclo de vida del servidor a partir de Silicon Root of Trust.<\/span><br \/>\n<span style=\"font-size: 14pt; color: #000000;\">&#8211; Millones de l\u00edneas de c\u00f3digo de firmware se ejecutan antes de que el sistema operativo del servidor se inicie. Con la validaci\u00f3n de firmware en el tiempo de ejecuci\u00f3n, habilitada por la edici\u00f3n de seguridad HPE iLO Advanced Premium. El firmware del servidor se comprueba cada 24 horas para verificar la validez y la fiabilidad del firmware esencial del sistema.<\/span><br \/>\n<span style=\"font-size: 14pt; color: #000000;\">&#8211; La recuperaci\u00f3n segura permite al firmware del servidor regresar al \u00faltimo estado bueno conocido o a los ajustes de f\u00e1brica despu\u00e9s de detectar c\u00f3digo comprometido.<\/span><br \/>\n<span style=\"font-size: 14pt; color: #000000;\">&#8211; Existen opciones de seguridad adicionales con el m\u00f3dulo de plataforma de confianza (Trusted Platform Module, TPM) para evitar el acceso no autorizado al servidor y almacenar de manera segura los objetos utilizados para autenticar el servidor.<\/span><\/p>\n<p><span style=\"font-size: 14pt; color: #000000;\"><b>Servicios l\u00edderes del sector y facilidad de implementaci\u00f3n<\/b><\/span><br \/>\n<span style=\"font-size: 14pt; color: #000000;\">&#8211; El servidor HPE ProLiant ML350 Gen10 viene con un conjunto completo de servicios de HPE Pointnext, que ofrecen seguridad, reducen el riesgo y ayudan a los clientes a aprovechar la agilidad y la estabilidad.<\/span><br \/>\n<span style=\"font-size: 14pt; color: #000000;\">&#8211; Los servicios de HPE Pointnext simplifican todas las fases del viaje de TI. Los profesionales de los servicios de asesor\u00eda y transformaci\u00f3n entienden los retos que afrontan los clientes y dise\u00f1an una soluci\u00f3n efectiva. HPE Professional Services permite una implementaci\u00f3n r\u00e1pida de las soluciones y HPE Operational Services proporciona soporte continuo.<\/span><br \/>\n<span style=\"font-size: 14pt; color: #000000;\">&#8211; Operational Services suministra los siguientes servicios: HPE Flexible Capacity, HPE Datacenter Care, automatizaci\u00f3n de infraestructura HPE, HPE Campus Care, servicios proactivos HPE y cobertura multiproveedor.<\/span><br \/>\n<span style=\"font-size: 14pt; color: #000000;\">&#8211; Las soluciones de inversi\u00f3n en TI de HPE le ayudan a dar el salto a una empresa digital con la econom\u00eda de TI para alinearse con sus objetivos empresariales.<\/span><\/p>\n<p>&nbsp;<\/p>\n<ul>\n<li style=\"text-align: justify;\">\n<h2><strong><span style=\"font-family: tahoma, arial, helvetica, sans-serif; font-size: 12pt; color: #000000;\">Servidor HPE Proliant ML350 SFF Gen10<\/span><\/strong><\/h2>\n<\/li>\n<li style=\"text-align: justify;\">\n<h2><strong><span style=\"font-family: tahoma, arial, helvetica, sans-serif; font-size: 12pt; color: #000000;\">Factor de Forma: Torre<\/span><\/strong><\/h2>\n<\/li>\n<li style=\"text-align: justify;\">\n<h2><strong><span style=\"font-family: tahoma, arial, helvetica, sans-serif; font-size: 12pt; color: #000000;\">Procesador: 1 x Intel Xeon-S 4110 8-Core (2.10GHz &#8211; 11MB Cache) \/ Maximo: 2 Procesadores<\/span><\/strong><\/h2>\n<\/li>\n<li style=\"text-align: justify;\">\n<h2><strong><span style=\"font-family: tahoma, arial, helvetica, sans-serif; font-size: 12pt; color: #000000;\">Memoria RAM: 16GB (1 x 16GB) DDR4 2666MHz<\/span><\/strong><\/h2>\n<\/li>\n<li style=\"text-align: justify;\">\n<h2><strong><span style=\"font-family: tahoma, arial, helvetica, sans-serif; font-size: 12pt; color: #000000;\">Ranuras de Memoria: 12 Slots (24 al conectar un segundo procesador)<\/span><\/strong><\/h2>\n<\/li>\n<li style=\"text-align: justify;\">\n<h2><strong><span style=\"font-family: tahoma, arial, helvetica, sans-serif; font-size: 12pt; color: #000000;\">Graficos: Integrated Matrox G200eH2<\/span><\/strong><\/h2>\n<\/li>\n<li style=\"text-align: justify;\">\n<h2><strong><span style=\"font-family: tahoma, arial, helvetica, sans-serif; font-size: 12pt; color: #000000;\">Red: 1 x Tarjeta 10\/100\/1000 de 4 Puertos<\/span><\/strong><\/h2>\n<\/li>\n<li style=\"text-align: justify;\">\n<h2><strong><span style=\"font-family: tahoma, arial, helvetica, sans-serif; font-size: 12pt; color: #000000;\">Discos Duros: Sin disco duro \/ Maximo: 8 Discos<\/span><\/strong><\/h2>\n<\/li>\n<li style=\"text-align: justify;\">\n<h2><strong><span style=\"font-family: tahoma, arial, helvetica, sans-serif; font-size: 12pt; color: #000000;\">Controladora de Discos: HPE Smart Array P408i-a SR Gen10 Controller Module<\/span><\/strong><\/h2>\n<\/li>\n<li style=\"text-align: justify;\">\n<h2><strong><span style=\"font-family: tahoma, arial, helvetica, sans-serif; font-size: 12pt; color: #000000;\">Raid: 0\/1\/1+0\/5\/5+0\/6\/6+0 SAS y SATA<\/span><\/strong><\/h2>\n<\/li>\n<li style=\"text-align: justify;\">\n<h2><strong><span style=\"font-family: tahoma, arial, helvetica, sans-serif; font-size: 12pt; color: #000000;\">Placa Conexi\u00a2n De Discos Duros: Hot Plug 2.5in Hard Disk<\/span><\/strong><\/h2>\n<\/li>\n<li style=\"text-align: justify;\">\n<h2><strong><span style=\"font-family: tahoma, arial, helvetica, sans-serif; font-size: 12pt; color: #000000;\">Unidad \u00e0ptica: Ninguna \/ Maximo: 1<\/span><\/strong><\/h2>\n<\/li>\n<li style=\"text-align: justify;\">\n<h2><strong><span style=\"font-family: tahoma, arial, helvetica, sans-serif; font-size: 12pt; color: #000000;\">Fuente De Alimentacion: 1 x HPE 800W Flex Slot Platinum Hot Plug Low Halogen Power Supply Kit \/ Maximo: 2 Fuentes<\/span><\/strong><\/h2>\n<\/li>\n<li style=\"text-align: justify;\">\n<h2><strong><span style=\"font-family: tahoma, arial, helvetica, sans-serif; font-size: 12pt; color: #000000;\">Garantia: 3 A\u00f1o En Piezas \/ 3 A\u00f1o En Mano De Obra \/ 3 A\u00f1o De Garant\u00a1a A Domicilio El Siguiente D\u00a1a Laborable<\/span><\/strong><\/h2>\n<\/li>\n<li style=\"text-align: justify;\">\n<h2><strong><span style=\"font-family: tahoma, arial, helvetica, sans-serif; font-size: 12pt; color: #000000;\">Adicional: HPE 8SFF Drive Cage Kit , No Keyboard or Mouse Included , HPE SFF AROC Cable Kit<\/span><\/strong><\/h2>\n<\/li>\n<li style=\"text-align: justify;\">\n<h2><strong><span style=\"font-family: tahoma, arial, helvetica, sans-serif; font-size: 12pt; color: #000000;\">Servidor &#8211; SERVIDOR HP PROLIANT ML350 SFF GEN10 &#8211; TORRE<\/span><\/strong><\/h2>\n<\/li>\n<\/ul>\n<p>&nbsp;<\/p>\n<h3 style=\"text-align: center;\"><span style=\"font-family: tahoma, arial, helvetica, sans-serif; font-size: 14pt;\"><a title=\"Tienda - Precio y Venta Servidores HP\" href=\"https:\/\/netcomp.co\/es\/132-servidores-hp-lenovo-dell-partes\" target=\"_blank\" rel=\"noopener noreferrer\"><strong>COMPRAR &#8211; DISPONEMOS DE UNA AMPLIA GAMA DE SERVIDORES HP PROLIANT PARA <\/strong><\/a><\/span><\/h3>\n<h3 style=\"text-align: center;\"><span style=\"font-family: tahoma, arial, helvetica, sans-serif; font-size: 14pt;\"><a title=\"Tienda - Precio y Venta Servidores HP\" href=\"https:\/\/netcomp.co\/es\/132-servidores-hp-lenovo-dell-partes\" target=\"_blank\" rel=\"noopener noreferrer\"><strong>VENTA \/ ARRENDAMIENTO \/ ALQUILER : <\/strong><\/a><\/span><\/h3>\n<h3 style=\"text-align: center;\"><a title=\"Tienda - Precio y Venta Servidores HP\" href=\"https:\/\/netcomp.co\/es\/132-servidores-hp-lenovo-dell-partes\" target=\"_blank\" rel=\"noopener noreferrer\"><span style=\"font-family: tahoma, arial, helvetica, sans-serif; font-size: 14pt;\"><strong>ML350 \/ ML150 \/ DL320 \/ DL360 \/ DL380 <\/strong><\/span><strong><span style=\"font-family: tahoma, arial, helvetica, sans-serif; font-size: 14pt;\">PARA COMPRAR CLICK AQUI!<\/span><\/strong><\/a><\/h3>\n<h3><\/h3>\n<h3><a href=\"https:\/\/api.whatsapp.com\/send?phone=573168788749\" target=\"_blank\" rel=\"noopener\"><img loading=\"lazy\" decoding=\"async\" class=\"wp-image-20467 aligncenter\" src=\"http:\/\/cableado-estructurado.com.co\/netcomp\/wp-content\/uploads\/2018\/07\/whatsapp-logo-mensaje.jpg\" alt=\"\" width=\"290\" height=\"220\" \/><\/a><\/h3>\n<h2><img loading=\"lazy\" decoding=\"async\" class=\"wp-image-21775 aligncenter\" src=\"https:\/\/servidor-hp.com.co\/netcomp\/wp-content\/uploads\/2019\/05\/boton-ventas-servidor.png\" alt=\"\" width=\"495\" height=\"153\" \/><\/h2>\n<p>&nbsp;<\/p>\n","protected":false},"excerpt":{"rendered":"<p>&#8211; Soporte para los procesadores escalables Intel Xeon, paquete completo.<br \/>\n&#8211; HPE SmartMemory DDR4 de 2600 MT\/s RDIMM\/LRDIMM de 8, 16, 32, 64 o 128 GB.<br \/>\n&#8211; Seguridad a trav\u00e9s del firmware y las funciones est\u00e1ndar del chasis.<br \/>\n&#8211; Chasis m\u00e1s peque\u00f1o redise\u00f1ado con varias opciones de cajas para unidades para su actualizaci\u00f3n, incluye 8 bah\u00edas SFF Express para admitir unidades de estado s\u00f3lido NMVe.<br \/>\n&#8211; Admite unidad de procesamiento gr\u00e1fico (GPU) para aplicaciones de uso intensivo de datos como infraestructuras de escritorios virtuales (VDI) y aprendizaje autom\u00e1tico.<br \/>\n&#8211; Cree un servidor totalmente funcional con el software ClearOS\u2122 de HPE que sea adecuado para usted sin coste inicial. Para obtener m\u00e1s informaci\u00f3n, consulte el enlace de ClearOS de la derecha.<\/p>\n","protected":false},"featured_media":19870,"comment_status":"closed","ping_status":"closed","template":"","meta":{"_et_pb_use_builder":"","_et_pb_old_content":"","_et_gb_content_width":""},"product_brand":[],"product_cat":[73,15,57,52683],"product_tag":[20540,517,20539,20538,20542,20541],"class_list":{"0":"post-19773","1":"product","2":"type-product","3":"status-publish","4":"has-post-thumbnail","6":"product_cat-servidores-hp-ibm-cisco","7":"product_cat-servidores-hp","8":"product_cat-servidores-hp-2","9":"product_cat-software","10":"product_tag-discos-duros-para-servidor-hp","11":"product_tag-fuente-de-poder","12":"product_tag-garantia-extendida-para-servidor-hp","13":"product_tag-opciones-para-servidor-hp","14":"product_tag-procesadores","15":"product_tag-tarjeta-de-red-para-servidor-hp","17":"first","18":"instock","19":"product-type-simple"},"yoast_head":"<!-- This site is optimized with the Yoast SEO plugin v27.2 - https:\/\/yoast.com\/product\/yoast-seo-wordpress\/ -->\n<title>SERVIDOR HPE PROLIANT ML350 SFF GEN10- N\/P : 877621-001 - HP - Servidores HP - Nuevos - Usados - Alquiler<\/title>\n<meta name=\"description\" content=\"SERVIDOR HPE PROLIANT ML350 SFF GEN10- N\/P : 877621-001 - HP - - Precio y Disponibilidad en Bogota - Colombia - servidor-hp.com.co\" \/>\n<meta name=\"robots\" content=\"index, follow, max-snippet:-1, max-image-preview:large, max-video-preview:-1\" \/>\n<link rel=\"canonical\" href=\"https:\/\/servidor-hp.com.co\/netcomp\/servidores\/servidores-hp\/servidores-hp-2\/n-p-877621-001-hp-servidor-hpe-proliant-ml350-sff-gen10fa\/\" \/>\n<meta property=\"og:locale\" content=\"es_ES\" \/>\n<meta property=\"og:type\" content=\"article\" \/>\n<meta property=\"og:title\" content=\"SERVIDOR HPE PROLIANT ML350 SFF GEN10- N\/P : 877621-001 - HP - Servidores HP - Nuevos - Usados - Alquiler\" \/>\n<meta property=\"og:description\" content=\"SERVIDOR HPE PROLIANT ML350 SFF GEN10- N\/P : 877621-001 - HP - - Precio y Disponibilidad en Bogota - Colombia - servidor-hp.com.co\" \/>\n<meta property=\"og:url\" content=\"https:\/\/servidor-hp.com.co\/netcomp\/servidores\/servidores-hp\/servidores-hp-2\/n-p-877621-001-hp-servidor-hpe-proliant-ml350-sff-gen10fa\/\" \/>\n<meta property=\"og:site_name\" content=\"Servidores HP - Nuevos - Usados - Alquiler\" \/>\n<meta property=\"article:modified_time\" content=\"2023-03-07T01:21:52+00:00\" \/>\n<meta property=\"og:image\" content=\"https:\/\/servidor-hp.com.co\/netcomp\/wp-content\/uploads\/2018\/05\/servidor-hpe-proliant-ml350-gen10-e1598247371874.jpg\" \/>\n\t<meta property=\"og:image:width\" content=\"450\" \/>\n\t<meta property=\"og:image:height\" content=\"450\" \/>\n\t<meta property=\"og:image:type\" content=\"image\/jpeg\" \/>\n<meta name=\"twitter:card\" content=\"summary_large_image\" \/>\n<meta name=\"twitter:label1\" content=\"Tiempo de lectura\" \/>\n\t<meta name=\"twitter:data1\" content=\"4 minutos\" \/>\n<script type=\"application\/ld+json\" class=\"yoast-schema-graph\">{\"@context\":\"https:\/\/schema.org\",\"@graph\":[{\"@type\":\"WebPage\",\"@id\":\"https:\/\/servidor-hp.com.co\/netcomp\/servidores\/servidores-hp\/servidores-hp-2\/n-p-877621-001-hp-servidor-hpe-proliant-ml350-sff-gen10fa\/\",\"url\":\"https:\/\/servidor-hp.com.co\/netcomp\/servidores\/servidores-hp\/servidores-hp-2\/n-p-877621-001-hp-servidor-hpe-proliant-ml350-sff-gen10fa\/\",\"name\":\"SERVIDOR HPE PROLIANT ML350 SFF GEN10- N\/P : 877621-001 - HP - Servidores HP - Nuevos - Usados - Alquiler\",\"isPartOf\":{\"@id\":\"https:\/\/servidor-hp.com.co\/netcomp\/#website\"},\"primaryImageOfPage\":{\"@id\":\"https:\/\/servidor-hp.com.co\/netcomp\/servidores\/servidores-hp\/servidores-hp-2\/n-p-877621-001-hp-servidor-hpe-proliant-ml350-sff-gen10fa\/#primaryimage\"},\"image\":{\"@id\":\"https:\/\/servidor-hp.com.co\/netcomp\/servidores\/servidores-hp\/servidores-hp-2\/n-p-877621-001-hp-servidor-hpe-proliant-ml350-sff-gen10fa\/#primaryimage\"},\"thumbnailUrl\":\"https:\/\/servidor-hp.com.co\/netcomp\/wp-content\/uploads\/2018\/05\/servidor-hpe-proliant-ml350-gen10-e1598247371874.jpg\",\"datePublished\":\"2018-05-02T05:12:30+00:00\",\"dateModified\":\"2023-03-07T01:21:52+00:00\",\"description\":\"SERVIDOR HPE PROLIANT ML350 SFF GEN10- N\/P : 877621-001 - HP - - Precio y Disponibilidad en Bogota - Colombia - servidor-hp.com.co\",\"breadcrumb\":{\"@id\":\"https:\/\/servidor-hp.com.co\/netcomp\/servidores\/servidores-hp\/servidores-hp-2\/n-p-877621-001-hp-servidor-hpe-proliant-ml350-sff-gen10fa\/#breadcrumb\"},\"inLanguage\":\"es\",\"potentialAction\":[{\"@type\":\"ReadAction\",\"target\":[\"https:\/\/servidor-hp.com.co\/netcomp\/servidores\/servidores-hp\/servidores-hp-2\/n-p-877621-001-hp-servidor-hpe-proliant-ml350-sff-gen10fa\/\"]}]},{\"@type\":\"ImageObject\",\"inLanguage\":\"es\",\"@id\":\"https:\/\/servidor-hp.com.co\/netcomp\/servidores\/servidores-hp\/servidores-hp-2\/n-p-877621-001-hp-servidor-hpe-proliant-ml350-sff-gen10fa\/#primaryimage\",\"url\":\"https:\/\/servidor-hp.com.co\/netcomp\/wp-content\/uploads\/2018\/05\/servidor-hpe-proliant-ml350-gen10-e1598247371874.jpg\",\"contentUrl\":\"https:\/\/servidor-hp.com.co\/netcomp\/wp-content\/uploads\/2018\/05\/servidor-hpe-proliant-ml350-gen10-e1598247371874.jpg\",\"width\":450,\"height\":450},{\"@type\":\"BreadcrumbList\",\"@id\":\"https:\/\/servidor-hp.com.co\/netcomp\/servidores\/servidores-hp\/servidores-hp-2\/n-p-877621-001-hp-servidor-hpe-proliant-ml350-sff-gen10fa\/#breadcrumb\",\"itemListElement\":[{\"@type\":\"ListItem\",\"position\":1,\"name\":\"Portada\",\"item\":\"https:\/\/servidor-hp.com.co\/netcomp\/\"},{\"@type\":\"ListItem\",\"position\":2,\"name\":\"Tienda\",\"item\":\"https:\/\/servidor-hp.com.co\/netcomp\/servidores\/\"},{\"@type\":\"ListItem\",\"position\":3,\"name\":\"SERVIDOR HPE PROLIANT ML350 SFF GEN10- N\/P : 877621-001 &#8211; HP\"}]},{\"@type\":\"WebSite\",\"@id\":\"https:\/\/servidor-hp.com.co\/netcomp\/#website\",\"url\":\"https:\/\/servidor-hp.com.co\/netcomp\/\",\"name\":\"Servidores HP - Nuevos - Usados - Alquiler\",\"description\":\"Tels: (+57) 316 878 8749\",\"alternateName\":\"Servidores HP DELL LENOVO IBM\",\"potentialAction\":[{\"@type\":\"SearchAction\",\"target\":{\"@type\":\"EntryPoint\",\"urlTemplate\":\"https:\/\/servidor-hp.com.co\/netcomp\/?s={search_term_string}\"},\"query-input\":{\"@type\":\"PropertyValueSpecification\",\"valueRequired\":true,\"valueName\":\"search_term_string\"}}],\"inLanguage\":\"es\"}]}<\/script>\n<!-- \/ Yoast SEO plugin. -->","yoast_head_json":{"title":"SERVIDOR HPE PROLIANT ML350 SFF GEN10- N\/P : 877621-001 - HP - Servidores HP - Nuevos - Usados - Alquiler","description":"SERVIDOR HPE PROLIANT ML350 SFF GEN10- N\/P : 877621-001 - HP - - Precio y Disponibilidad en Bogota - Colombia - servidor-hp.com.co","robots":{"index":"index","follow":"follow","max-snippet":"max-snippet:-1","max-image-preview":"max-image-preview:large","max-video-preview":"max-video-preview:-1"},"canonical":"https:\/\/servidor-hp.com.co\/netcomp\/servidores\/servidores-hp\/servidores-hp-2\/n-p-877621-001-hp-servidor-hpe-proliant-ml350-sff-gen10fa\/","og_locale":"es_ES","og_type":"article","og_title":"SERVIDOR HPE PROLIANT ML350 SFF GEN10- N\/P : 877621-001 - HP - Servidores HP - Nuevos - Usados - Alquiler","og_description":"SERVIDOR HPE PROLIANT ML350 SFF GEN10- N\/P : 877621-001 - HP - - Precio y Disponibilidad en Bogota - Colombia - servidor-hp.com.co","og_url":"https:\/\/servidor-hp.com.co\/netcomp\/servidores\/servidores-hp\/servidores-hp-2\/n-p-877621-001-hp-servidor-hpe-proliant-ml350-sff-gen10fa\/","og_site_name":"Servidores HP - Nuevos - Usados - Alquiler","article_modified_time":"2023-03-07T01:21:52+00:00","og_image":[{"width":450,"height":450,"url":"https:\/\/servidor-hp.com.co\/netcomp\/wp-content\/uploads\/2018\/05\/servidor-hpe-proliant-ml350-gen10-e1598247371874.jpg","type":"image\/jpeg"}],"twitter_card":"summary_large_image","twitter_misc":{"Tiempo de lectura":"4 minutos"},"schema":{"@context":"https:\/\/schema.org","@graph":[{"@type":"WebPage","@id":"https:\/\/servidor-hp.com.co\/netcomp\/servidores\/servidores-hp\/servidores-hp-2\/n-p-877621-001-hp-servidor-hpe-proliant-ml350-sff-gen10fa\/","url":"https:\/\/servidor-hp.com.co\/netcomp\/servidores\/servidores-hp\/servidores-hp-2\/n-p-877621-001-hp-servidor-hpe-proliant-ml350-sff-gen10fa\/","name":"SERVIDOR HPE PROLIANT ML350 SFF GEN10- N\/P : 877621-001 - HP - Servidores HP - Nuevos - Usados - Alquiler","isPartOf":{"@id":"https:\/\/servidor-hp.com.co\/netcomp\/#website"},"primaryImageOfPage":{"@id":"https:\/\/servidor-hp.com.co\/netcomp\/servidores\/servidores-hp\/servidores-hp-2\/n-p-877621-001-hp-servidor-hpe-proliant-ml350-sff-gen10fa\/#primaryimage"},"image":{"@id":"https:\/\/servidor-hp.com.co\/netcomp\/servidores\/servidores-hp\/servidores-hp-2\/n-p-877621-001-hp-servidor-hpe-proliant-ml350-sff-gen10fa\/#primaryimage"},"thumbnailUrl":"https:\/\/servidor-hp.com.co\/netcomp\/wp-content\/uploads\/2018\/05\/servidor-hpe-proliant-ml350-gen10-e1598247371874.jpg","datePublished":"2018-05-02T05:12:30+00:00","dateModified":"2023-03-07T01:21:52+00:00","description":"SERVIDOR HPE PROLIANT ML350 SFF GEN10- N\/P : 877621-001 - HP - - Precio y Disponibilidad en Bogota - Colombia - servidor-hp.com.co","breadcrumb":{"@id":"https:\/\/servidor-hp.com.co\/netcomp\/servidores\/servidores-hp\/servidores-hp-2\/n-p-877621-001-hp-servidor-hpe-proliant-ml350-sff-gen10fa\/#breadcrumb"},"inLanguage":"es","potentialAction":[{"@type":"ReadAction","target":["https:\/\/servidor-hp.com.co\/netcomp\/servidores\/servidores-hp\/servidores-hp-2\/n-p-877621-001-hp-servidor-hpe-proliant-ml350-sff-gen10fa\/"]}]},{"@type":"ImageObject","inLanguage":"es","@id":"https:\/\/servidor-hp.com.co\/netcomp\/servidores\/servidores-hp\/servidores-hp-2\/n-p-877621-001-hp-servidor-hpe-proliant-ml350-sff-gen10fa\/#primaryimage","url":"https:\/\/servidor-hp.com.co\/netcomp\/wp-content\/uploads\/2018\/05\/servidor-hpe-proliant-ml350-gen10-e1598247371874.jpg","contentUrl":"https:\/\/servidor-hp.com.co\/netcomp\/wp-content\/uploads\/2018\/05\/servidor-hpe-proliant-ml350-gen10-e1598247371874.jpg","width":450,"height":450},{"@type":"BreadcrumbList","@id":"https:\/\/servidor-hp.com.co\/netcomp\/servidores\/servidores-hp\/servidores-hp-2\/n-p-877621-001-hp-servidor-hpe-proliant-ml350-sff-gen10fa\/#breadcrumb","itemListElement":[{"@type":"ListItem","position":1,"name":"Portada","item":"https:\/\/servidor-hp.com.co\/netcomp\/"},{"@type":"ListItem","position":2,"name":"Tienda","item":"https:\/\/servidor-hp.com.co\/netcomp\/servidores\/"},{"@type":"ListItem","position":3,"name":"SERVIDOR HPE PROLIANT ML350 SFF GEN10- N\/P : 877621-001 &#8211; HP"}]},{"@type":"WebSite","@id":"https:\/\/servidor-hp.com.co\/netcomp\/#website","url":"https:\/\/servidor-hp.com.co\/netcomp\/","name":"Servidores HP - Nuevos - Usados - Alquiler","description":"Tels: (+57) 316 878 8749","alternateName":"Servidores HP DELL LENOVO IBM","potentialAction":[{"@type":"SearchAction","target":{"@type":"EntryPoint","urlTemplate":"https:\/\/servidor-hp.com.co\/netcomp\/?s={search_term_string}"},"query-input":{"@type":"PropertyValueSpecification","valueRequired":true,"valueName":"search_term_string"}}],"inLanguage":"es"}]}},"_links":{"self":[{"href":"https:\/\/servidor-hp.com.co\/netcomp\/wp-json\/wp\/v2\/product\/19773","targetHints":{"allow":["GET"]}}],"collection":[{"href":"https:\/\/servidor-hp.com.co\/netcomp\/wp-json\/wp\/v2\/product"}],"about":[{"href":"https:\/\/servidor-hp.com.co\/netcomp\/wp-json\/wp\/v2\/types\/product"}],"replies":[{"embeddable":true,"href":"https:\/\/servidor-hp.com.co\/netcomp\/wp-json\/wp\/v2\/comments?post=19773"}],"wp:featuredmedia":[{"embeddable":true,"href":"https:\/\/servidor-hp.com.co\/netcomp\/wp-json\/wp\/v2\/media\/19870"}],"wp:attachment":[{"href":"https:\/\/servidor-hp.com.co\/netcomp\/wp-json\/wp\/v2\/media?parent=19773"}],"wp:term":[{"taxonomy":"product_brand","embeddable":true,"href":"https:\/\/servidor-hp.com.co\/netcomp\/wp-json\/wp\/v2\/product_brand?post=19773"},{"taxonomy":"product_cat","embeddable":true,"href":"https:\/\/servidor-hp.com.co\/netcomp\/wp-json\/wp\/v2\/product_cat?post=19773"},{"taxonomy":"product_tag","embeddable":true,"href":"https:\/\/servidor-hp.com.co\/netcomp\/wp-json\/wp\/v2\/product_tag?post=19773"}],"curies":[{"name":"wp","href":"https:\/\/api.w.org\/{rel}","templated":true}]}}