{"id":19743,"date":"2018-05-02T00:08:34","date_gmt":"2018-05-02T05:08:34","guid":{"rendered":"http:\/\/servidor-hp.com.co\/netcomp\/servidores\/sin%20categorizar\/n-p-872489-b21-hp-disco-duro-hpe-2tb-sata-7-2k-lff-sc-ds-h\/"},"modified":"2021-03-02T14:57:05","modified_gmt":"2021-03-02T19:57:05","slug":"n-p-872489-b21-hp-disco-duro-hpe-2tb-sata-7-2k-lff-sc-ds-h","status":"publish","type":"product","link":"https:\/\/servidor-hp.com.co\/netcomp\/servidores\/servidores-hp\/storage-hp\/n-p-872489-b21-hp-disco-duro-hpe-2tb-sata-7-2k-lff-sc-ds-h\/","title":{"rendered":"DISCO DURO HPE 2TB SATA 7.2K LFF SC DS H &#8211; HP -N\/P : 872489-B21"},"content":{"rendered":"<h1 style=\"text-align: center;\"><span style=\"font-size: 24pt; color: #000080; font-family: tahoma, arial, helvetica, sans-serif;\"><strong>Disco Duro HPE 2TB SATA 7.2K LFF SC DS &#8211; HP &#8211; N\/P : 872489-B21\u00a0<\/strong><\/span><\/h1>\n<p>&nbsp;<\/p>\n<h2 style=\"text-align: justify;\"><span style=\"font-family: tahoma, arial, helvetica, sans-serif; font-size: 14pt; color: #000000;\">Disco Duro HPE 2TB SATA 7.2K LFF SC DS HDD<\/span><\/h2>\n<h2><span style=\"font-family: tahoma, arial, helvetica, sans-serif; font-size: 14pt; color: #000000;\">\u00a0Los discos duros fundamentales para el negocio te permiten almacenar m\u00e1s datos sin sacrificar el rendimiento o la fiabilidad. Los discos duros fundamentales para el negocio de HPE est\u00e1n disponibles tanto en factor de forma grande (LFF) de 3,5 pulgadas y en factor de forma reducido (SFF) de 2,5 pulgadas. Adem\u00e1s, cuentan con una garant\u00eda est\u00e1ndar de un a\u00f1o. Todos los discos duros de HPE pasan un riguroso proceso de cualificaci\u00f3n, que certifica que cada unidad ha sido probada para funcionar en los entornos de almacenamiento y servidores de HPE. Todos los discos duros de HPE incluyen un firmware firmado digitalmente que evita el acceso no autorizado a tus datos.<\/span><\/h2>\n<p>&nbsp;<\/p>\n<h3 style=\"text-align: center;\"><strong><span style=\"font-family: tahoma, arial, helvetica, sans-serif; font-size: 12pt;\">Disco Duro SATA &#8211; PARA SERVIDOR HP PROLIANT DL380 LFF GEN10 &#8211; RACK<\/span><\/strong><\/h3>\n<p>&nbsp;<\/p>\n<p>&nbsp;<\/p>\n<h2 style=\"margin: 18px 0px 9px; padding: 0px; border: 0px; font-style: normal; font-weight: 500; line-height: 1.1; font-family: Arial, Helvetica, sans-serif; font-size: 27px; vertical-align: baseline; color: #777777; letter-spacing: normal; text-indent: 0px; text-transform: none; background-color: #ffffff; text-align: center;\"><span style=\"margin: 0px; padding: 0px; border: 0px; font-style: inherit; font-variant: inherit; font-weight: inherit; line-height: inherit; font-family: tahoma, arial, helvetica, sans-serif; font-size: 14pt; vertical-align: baseline; color: #ff0000;\"><strong style=\"margin: 0px; padding: 0px; border: 0px; font-style: inherit; font-variant: inherit; font-weight: bold; line-height: inherit; font-family: inherit; font-size: 18.6667px; vertical-align: baseline;\">DISPONEMOS DE UNA AMPLIA GAMA DE SERVIDOR HP PROLIANT NUEVOS Y USADOS<\/strong><\/span><\/h2>\n<h2 style=\"text-align: center;\"><span style=\"color: #ff0000; font-family: tahoma, arial, helvetica, sans-serif; font-size: 14pt;\"><strong>PARA <\/strong><\/span><span style=\"color: #ff0000; font-family: tahoma, arial, helvetica, sans-serif; font-size: 14pt;\"><strong>VENTA \/ ARRENDAMIENTO \/ ALQUILER :<\/strong><\/span><\/h2>\n<h2 style=\"text-align: center;\"><span style=\"color: #ff0000; font-family: tahoma, arial, helvetica, sans-serif; font-size: 14pt;\"><strong>ML110 \/ ML350 \/ ML150 \/ DL320 \/ DL360 \/ DL380<\/strong><\/span><\/h2>\n<p>&nbsp;<\/p>\n<h3><span style=\"font-family: tahoma, arial, helvetica, sans-serif; font-size: 14pt;\"><a href=\"https:\/\/api.whatsapp.com\/send?phone=573168788749\" target=\"_blank\" rel=\"noopener noreferrer\"><img loading=\"lazy\" decoding=\"async\" class=\"aligncenter wp-image-20467\" src=\"http:\/\/cableado-estructurado.com.co\/netcomp\/wp-content\/uploads\/2018\/07\/whatsapp-logo-mensaje.jpg\" alt=\"\" width=\"290\" height=\"220\" \/><\/a><\/span><\/h3>\n<p>&nbsp;<\/p>\n<p><img loading=\"lazy\" decoding=\"async\" class=\"wp-image-21775 aligncenter\" src=\"https:\/\/servidor-hp.com.co\/netcomp\/wp-content\/uploads\/2019\/05\/boton-ventas-servidor.png\" alt=\"\" width=\"495\" height=\"153\" \/><\/p>\n<p>&nbsp;<\/p>\n<p>&nbsp;<\/p>\n","protected":false},"excerpt":{"rendered":"<p>N\/P : 872489-B21 &#8211; HP &#8211; Disco Duro HPE 2TB SATA 7.2K LFF SC DS H<\/p>\n","protected":false},"featured_media":22055,"comment_status":"closed","ping_status":"closed","template":"","meta":{"_et_pb_use_builder":"","_et_pb_old_content":"","_et_gb_content_width":""},"product_brand":[],"product_cat":[83,20523,15,45],"product_tag":[20540,517,20539,20538,20542,20541],"class_list":{"0":"post-19743","1":"product","2":"type-product","3":"status-publish","4":"has-post-thumbnail","6":"product_cat-accesorios","7":"product_cat-accesorios-servidores","8":"product_cat-servidores-hp","9":"product_cat-storage-hp","10":"product_tag-discos-duros-para-servidor-hp","11":"product_tag-fuente-de-poder","12":"product_tag-garantia-extendida-para-servidor-hp","13":"product_tag-opciones-para-servidor-hp","14":"product_tag-procesadores","15":"product_tag-tarjeta-de-red-para-servidor-hp","17":"first","18":"instock","19":"product-type-simple"},"yoast_head":"<!-- This site is optimized with the Yoast SEO plugin v27.2 - https:\/\/yoast.com\/product\/yoast-seo-wordpress\/ -->\n<title>DISCO DURO HPE 2TB SATA 7.2K LFF SC DS H - HP -N\/P : 872489-B21 - Servidores HP - Nuevos - Usados - Alquiler<\/title>\n<meta name=\"description\" content=\"DISCO DURO HPE 2TB SATA 7.2K LFF SC DS H - HP -N\/P : 872489-B21 - - Precio y Disponibilidad en Bogota - Colombia - servidor-hp.com.co\" \/>\n<meta name=\"robots\" content=\"index, follow, max-snippet:-1, max-image-preview:large, max-video-preview:-1\" \/>\n<link rel=\"canonical\" href=\"https:\/\/servidor-hp.com.co\/netcomp\/servidores\/servidores-hp\/storage-hp\/n-p-872489-b21-hp-disco-duro-hpe-2tb-sata-7-2k-lff-sc-ds-h\/\" \/>\n<meta property=\"og:locale\" content=\"es_ES\" \/>\n<meta property=\"og:type\" content=\"article\" \/>\n<meta property=\"og:title\" content=\"DISCO DURO HPE 2TB SATA 7.2K LFF SC DS H - HP -N\/P : 872489-B21 - Servidores HP - Nuevos - Usados - Alquiler\" \/>\n<meta property=\"og:description\" content=\"DISCO DURO HPE 2TB SATA 7.2K LFF SC DS H - HP -N\/P : 872489-B21 - - Precio y Disponibilidad en Bogota - Colombia - servidor-hp.com.co\" \/>\n<meta property=\"og:url\" content=\"https:\/\/servidor-hp.com.co\/netcomp\/servidores\/servidores-hp\/storage-hp\/n-p-872489-b21-hp-disco-duro-hpe-2tb-sata-7-2k-lff-sc-ds-h\/\" \/>\n<meta property=\"og:site_name\" content=\"Servidores HP - Nuevos - Usados - Alquiler\" \/>\n<meta property=\"article:modified_time\" content=\"2021-03-02T19:57:05+00:00\" \/>\n<meta property=\"og:image\" content=\"https:\/\/servidor-hp.com.co\/netcomp\/wp-content\/uploads\/2017\/06\/3497C59590D77E5B4376092D87468C08F25C828F_gallery.jpg\" \/>\n\t<meta property=\"og:image:width\" content=\"1200\" \/>\n\t<meta property=\"og:image:height\" content=\"686\" \/>\n\t<meta property=\"og:image:type\" content=\"image\/jpeg\" \/>\n<meta name=\"twitter:card\" content=\"summary_large_image\" \/>\n<meta name=\"twitter:label1\" content=\"Tiempo de lectura\" \/>\n\t<meta name=\"twitter:data1\" content=\"1 minuto\" \/>\n<script type=\"application\/ld+json\" class=\"yoast-schema-graph\">{\"@context\":\"https:\/\/schema.org\",\"@graph\":[{\"@type\":\"WebPage\",\"@id\":\"https:\/\/servidor-hp.com.co\/netcomp\/servidores\/servidores-hp\/storage-hp\/n-p-872489-b21-hp-disco-duro-hpe-2tb-sata-7-2k-lff-sc-ds-h\/\",\"url\":\"https:\/\/servidor-hp.com.co\/netcomp\/servidores\/servidores-hp\/storage-hp\/n-p-872489-b21-hp-disco-duro-hpe-2tb-sata-7-2k-lff-sc-ds-h\/\",\"name\":\"DISCO DURO HPE 2TB SATA 7.2K LFF SC DS H - HP -N\/P : 872489-B21 - Servidores HP - Nuevos - Usados - Alquiler\",\"isPartOf\":{\"@id\":\"https:\/\/servidor-hp.com.co\/netcomp\/#website\"},\"primaryImageOfPage\":{\"@id\":\"https:\/\/servidor-hp.com.co\/netcomp\/servidores\/servidores-hp\/storage-hp\/n-p-872489-b21-hp-disco-duro-hpe-2tb-sata-7-2k-lff-sc-ds-h\/#primaryimage\"},\"image\":{\"@id\":\"https:\/\/servidor-hp.com.co\/netcomp\/servidores\/servidores-hp\/storage-hp\/n-p-872489-b21-hp-disco-duro-hpe-2tb-sata-7-2k-lff-sc-ds-h\/#primaryimage\"},\"thumbnailUrl\":\"https:\/\/servidor-hp.com.co\/netcomp\/wp-content\/uploads\/2017\/06\/3497C59590D77E5B4376092D87468C08F25C828F_gallery.jpg\",\"datePublished\":\"2018-05-02T05:08:34+00:00\",\"dateModified\":\"2021-03-02T19:57:05+00:00\",\"description\":\"DISCO DURO HPE 2TB SATA 7.2K LFF SC DS H - HP -N\/P : 872489-B21 - - Precio y Disponibilidad en Bogota - Colombia - servidor-hp.com.co\",\"breadcrumb\":{\"@id\":\"https:\/\/servidor-hp.com.co\/netcomp\/servidores\/servidores-hp\/storage-hp\/n-p-872489-b21-hp-disco-duro-hpe-2tb-sata-7-2k-lff-sc-ds-h\/#breadcrumb\"},\"inLanguage\":\"es\",\"potentialAction\":[{\"@type\":\"ReadAction\",\"target\":[\"https:\/\/servidor-hp.com.co\/netcomp\/servidores\/servidores-hp\/storage-hp\/n-p-872489-b21-hp-disco-duro-hpe-2tb-sata-7-2k-lff-sc-ds-h\/\"]}]},{\"@type\":\"ImageObject\",\"inLanguage\":\"es\",\"@id\":\"https:\/\/servidor-hp.com.co\/netcomp\/servidores\/servidores-hp\/storage-hp\/n-p-872489-b21-hp-disco-duro-hpe-2tb-sata-7-2k-lff-sc-ds-h\/#primaryimage\",\"url\":\"https:\/\/servidor-hp.com.co\/netcomp\/wp-content\/uploads\/2017\/06\/3497C59590D77E5B4376092D87468C08F25C828F_gallery.jpg\",\"contentUrl\":\"https:\/\/servidor-hp.com.co\/netcomp\/wp-content\/uploads\/2017\/06\/3497C59590D77E5B4376092D87468C08F25C828F_gallery.jpg\",\"width\":1200,\"height\":686,\"caption\":\"Disco Duro Interno HPE - 2.5\\\" - 600GB - SAS - 15000 RPM\"},{\"@type\":\"BreadcrumbList\",\"@id\":\"https:\/\/servidor-hp.com.co\/netcomp\/servidores\/servidores-hp\/storage-hp\/n-p-872489-b21-hp-disco-duro-hpe-2tb-sata-7-2k-lff-sc-ds-h\/#breadcrumb\",\"itemListElement\":[{\"@type\":\"ListItem\",\"position\":1,\"name\":\"Portada\",\"item\":\"https:\/\/servidor-hp.com.co\/netcomp\/\"},{\"@type\":\"ListItem\",\"position\":2,\"name\":\"Tienda\",\"item\":\"https:\/\/servidor-hp.com.co\/netcomp\/servidores\/\"},{\"@type\":\"ListItem\",\"position\":3,\"name\":\"DISCO DURO HPE 2TB SATA 7.2K LFF SC DS H &#8211; HP -N\/P : 872489-B21\"}]},{\"@type\":\"WebSite\",\"@id\":\"https:\/\/servidor-hp.com.co\/netcomp\/#website\",\"url\":\"https:\/\/servidor-hp.com.co\/netcomp\/\",\"name\":\"Servidores HP - Nuevos - Usados - Alquiler\",\"description\":\"Tels: (+57) 316 878 8749\",\"alternateName\":\"Servidores HP DELL LENOVO IBM\",\"potentialAction\":[{\"@type\":\"SearchAction\",\"target\":{\"@type\":\"EntryPoint\",\"urlTemplate\":\"https:\/\/servidor-hp.com.co\/netcomp\/?s={search_term_string}\"},\"query-input\":{\"@type\":\"PropertyValueSpecification\",\"valueRequired\":true,\"valueName\":\"search_term_string\"}}],\"inLanguage\":\"es\"}]}<\/script>\n<!-- \/ Yoast SEO plugin. -->","yoast_head_json":{"title":"DISCO DURO HPE 2TB SATA 7.2K LFF SC DS H - HP -N\/P : 872489-B21 - Servidores HP - Nuevos - Usados - Alquiler","description":"DISCO DURO HPE 2TB SATA 7.2K LFF SC DS H - HP -N\/P : 872489-B21 - - Precio y Disponibilidad en Bogota - Colombia - servidor-hp.com.co","robots":{"index":"index","follow":"follow","max-snippet":"max-snippet:-1","max-image-preview":"max-image-preview:large","max-video-preview":"max-video-preview:-1"},"canonical":"https:\/\/servidor-hp.com.co\/netcomp\/servidores\/servidores-hp\/storage-hp\/n-p-872489-b21-hp-disco-duro-hpe-2tb-sata-7-2k-lff-sc-ds-h\/","og_locale":"es_ES","og_type":"article","og_title":"DISCO DURO HPE 2TB SATA 7.2K LFF SC DS H - HP -N\/P : 872489-B21 - Servidores HP - Nuevos - Usados - Alquiler","og_description":"DISCO DURO HPE 2TB SATA 7.2K LFF SC DS H - HP -N\/P : 872489-B21 - - Precio y Disponibilidad en Bogota - Colombia - servidor-hp.com.co","og_url":"https:\/\/servidor-hp.com.co\/netcomp\/servidores\/servidores-hp\/storage-hp\/n-p-872489-b21-hp-disco-duro-hpe-2tb-sata-7-2k-lff-sc-ds-h\/","og_site_name":"Servidores HP - Nuevos - Usados - Alquiler","article_modified_time":"2021-03-02T19:57:05+00:00","og_image":[{"width":1200,"height":686,"url":"https:\/\/servidor-hp.com.co\/netcomp\/wp-content\/uploads\/2017\/06\/3497C59590D77E5B4376092D87468C08F25C828F_gallery.jpg","type":"image\/jpeg"}],"twitter_card":"summary_large_image","twitter_misc":{"Tiempo de lectura":"1 minuto"},"schema":{"@context":"https:\/\/schema.org","@graph":[{"@type":"WebPage","@id":"https:\/\/servidor-hp.com.co\/netcomp\/servidores\/servidores-hp\/storage-hp\/n-p-872489-b21-hp-disco-duro-hpe-2tb-sata-7-2k-lff-sc-ds-h\/","url":"https:\/\/servidor-hp.com.co\/netcomp\/servidores\/servidores-hp\/storage-hp\/n-p-872489-b21-hp-disco-duro-hpe-2tb-sata-7-2k-lff-sc-ds-h\/","name":"DISCO DURO HPE 2TB SATA 7.2K LFF SC DS H - HP -N\/P : 872489-B21 - Servidores HP - Nuevos - Usados - Alquiler","isPartOf":{"@id":"https:\/\/servidor-hp.com.co\/netcomp\/#website"},"primaryImageOfPage":{"@id":"https:\/\/servidor-hp.com.co\/netcomp\/servidores\/servidores-hp\/storage-hp\/n-p-872489-b21-hp-disco-duro-hpe-2tb-sata-7-2k-lff-sc-ds-h\/#primaryimage"},"image":{"@id":"https:\/\/servidor-hp.com.co\/netcomp\/servidores\/servidores-hp\/storage-hp\/n-p-872489-b21-hp-disco-duro-hpe-2tb-sata-7-2k-lff-sc-ds-h\/#primaryimage"},"thumbnailUrl":"https:\/\/servidor-hp.com.co\/netcomp\/wp-content\/uploads\/2017\/06\/3497C59590D77E5B4376092D87468C08F25C828F_gallery.jpg","datePublished":"2018-05-02T05:08:34+00:00","dateModified":"2021-03-02T19:57:05+00:00","description":"DISCO DURO HPE 2TB SATA 7.2K LFF SC DS H - HP -N\/P : 872489-B21 - - Precio y Disponibilidad en Bogota - Colombia - servidor-hp.com.co","breadcrumb":{"@id":"https:\/\/servidor-hp.com.co\/netcomp\/servidores\/servidores-hp\/storage-hp\/n-p-872489-b21-hp-disco-duro-hpe-2tb-sata-7-2k-lff-sc-ds-h\/#breadcrumb"},"inLanguage":"es","potentialAction":[{"@type":"ReadAction","target":["https:\/\/servidor-hp.com.co\/netcomp\/servidores\/servidores-hp\/storage-hp\/n-p-872489-b21-hp-disco-duro-hpe-2tb-sata-7-2k-lff-sc-ds-h\/"]}]},{"@type":"ImageObject","inLanguage":"es","@id":"https:\/\/servidor-hp.com.co\/netcomp\/servidores\/servidores-hp\/storage-hp\/n-p-872489-b21-hp-disco-duro-hpe-2tb-sata-7-2k-lff-sc-ds-h\/#primaryimage","url":"https:\/\/servidor-hp.com.co\/netcomp\/wp-content\/uploads\/2017\/06\/3497C59590D77E5B4376092D87468C08F25C828F_gallery.jpg","contentUrl":"https:\/\/servidor-hp.com.co\/netcomp\/wp-content\/uploads\/2017\/06\/3497C59590D77E5B4376092D87468C08F25C828F_gallery.jpg","width":1200,"height":686,"caption":"Disco Duro Interno HPE - 2.5\" - 600GB - SAS - 15000 RPM"},{"@type":"BreadcrumbList","@id":"https:\/\/servidor-hp.com.co\/netcomp\/servidores\/servidores-hp\/storage-hp\/n-p-872489-b21-hp-disco-duro-hpe-2tb-sata-7-2k-lff-sc-ds-h\/#breadcrumb","itemListElement":[{"@type":"ListItem","position":1,"name":"Portada","item":"https:\/\/servidor-hp.com.co\/netcomp\/"},{"@type":"ListItem","position":2,"name":"Tienda","item":"https:\/\/servidor-hp.com.co\/netcomp\/servidores\/"},{"@type":"ListItem","position":3,"name":"DISCO DURO HPE 2TB SATA 7.2K LFF SC DS H &#8211; HP -N\/P : 872489-B21"}]},{"@type":"WebSite","@id":"https:\/\/servidor-hp.com.co\/netcomp\/#website","url":"https:\/\/servidor-hp.com.co\/netcomp\/","name":"Servidores HP - Nuevos - Usados - Alquiler","description":"Tels: (+57) 316 878 8749","alternateName":"Servidores HP DELL LENOVO IBM","potentialAction":[{"@type":"SearchAction","target":{"@type":"EntryPoint","urlTemplate":"https:\/\/servidor-hp.com.co\/netcomp\/?s={search_term_string}"},"query-input":{"@type":"PropertyValueSpecification","valueRequired":true,"valueName":"search_term_string"}}],"inLanguage":"es"}]}},"_links":{"self":[{"href":"https:\/\/servidor-hp.com.co\/netcomp\/wp-json\/wp\/v2\/product\/19743","targetHints":{"allow":["GET"]}}],"collection":[{"href":"https:\/\/servidor-hp.com.co\/netcomp\/wp-json\/wp\/v2\/product"}],"about":[{"href":"https:\/\/servidor-hp.com.co\/netcomp\/wp-json\/wp\/v2\/types\/product"}],"replies":[{"embeddable":true,"href":"https:\/\/servidor-hp.com.co\/netcomp\/wp-json\/wp\/v2\/comments?post=19743"}],"wp:featuredmedia":[{"embeddable":true,"href":"https:\/\/servidor-hp.com.co\/netcomp\/wp-json\/wp\/v2\/media\/22055"}],"wp:attachment":[{"href":"https:\/\/servidor-hp.com.co\/netcomp\/wp-json\/wp\/v2\/media?parent=19743"}],"wp:term":[{"taxonomy":"product_brand","embeddable":true,"href":"https:\/\/servidor-hp.com.co\/netcomp\/wp-json\/wp\/v2\/product_brand?post=19743"},{"taxonomy":"product_cat","embeddable":true,"href":"https:\/\/servidor-hp.com.co\/netcomp\/wp-json\/wp\/v2\/product_cat?post=19743"},{"taxonomy":"product_tag","embeddable":true,"href":"https:\/\/servidor-hp.com.co\/netcomp\/wp-json\/wp\/v2\/product_tag?post=19743"}],"curies":[{"name":"wp","href":"https:\/\/api.w.org\/{rel}","templated":true}]}}