{"id":19722,"date":"2018-05-01T23:53:39","date_gmt":"2018-05-02T04:53:39","guid":{"rendered":"http:\/\/servidor-hp.com.co\/netcomp\/servidores\/sin%20categorizar\/n-p-873227-001-hp-servidor-hpe-proliant-ml30-gen9-clearo\/"},"modified":"2021-03-17T15:42:57","modified_gmt":"2021-03-17T20:42:57","slug":"n-p-873227-001-hp-servidor-hpe-proliant-ml30-gen9-clearo","status":"publish","type":"product","link":"https:\/\/servidor-hp.com.co\/netcomp\/servidores\/servidores-hp\/servidores-hp-2\/n-p-873227-001-hp-servidor-hpe-proliant-ml30-gen9-clearo\/","title":{"rendered":"Servidor HPE Proliant ML30 Gen9 &#8211; ClearO- N\/P : 873227-001"},"content":{"rendered":"<h1 style=\"text-align: center;\"><strong><span style=\"font-family: tahoma, arial, helvetica, sans-serif; color: #000080;\">\u00a0Servidor HPE Proliant ML30 Gen9 &#8211; ClearO<\/span><\/strong><strong style=\"font-size: 3.4375rem;\"><span style=\"font-family: tahoma, arial, helvetica, sans-serif; color: #000080;\">&#8211; HP &#8211;<\/span><\/strong><\/h1>\n<p>&nbsp;<\/p>\n<p>&nbsp;<\/p>\n<h1 style=\"text-align: center;\"><strong style=\"font-size: 3.4375rem;\"><span style=\"font-family: tahoma, arial, helvetica, sans-serif; color: #000080;\">N\/P : 873227-001\u00a0<\/span><\/strong><\/h1>\n<h2 style=\"text-align: justify;\"><span style=\"font-family: tahoma, arial, helvetica, sans-serif; font-size: 14pt; color: #000000;\">Servidor HPE Proliant ML30 Gen9 &#8211; ClearOS Preinstalado !!!<br \/>\nClearOS es una distribuci\u00a2n Linux basada en CentOS y Red Hat Enterprise Linux, dise\u00a4ado para su uso en peque\u00a4as y medianas empresas como una puerta de enlace y servidor de red con una interfaz de administraci\u00a2n basada en web. Est\u00a0 dise\u00a4ado para ser una alternativa a Windows Server.<br \/>\nFactor de Forma: Torre<br \/>\nProcesador: 1 x Intel Xeon E3-1220v6 4-Core (3.00GHz &#8211; 8MB Cache) \/ Maximo: 1 Procesador<br \/>\nMemoria RAM: 8GB (1 x 8GB) DDR4 2400MHz<br \/>\nRanuras de Memoria: 4 Slots<br \/>\nGraficos: Integrated Matrox G200eH2<br \/>\nRed: 1 x Tarjeta 10\/100\/1000 de 2 Puertos<br \/>\nDiscos Duros: 1 x 1TB (7.2k rpm) Non-Hot Plug 3.5in SATA \/ Maximo: 4 Discos<br \/>\nControladora de Discos: Dynamic Smart Array B140i controller (No Cache)<br \/>\nRaid: 0\/1\/1+0\/5 Solo SATA<br \/>\nPlaca Conexi\u00a2n De Discos Duros: Non-Hot Plug 3.5in Hard Disk<br \/>\nUnidad \u00e0ptica: Incluida Unidad DVD\/RW<br \/>\nFuente De Alimentaci\u00a2n: 1 x HPE 350W Energy Star 1.0 Power Supply FIO \/ Maximo: 1 Fuente<br \/>\nGarantia: 3 A\u00a4os En Piezas \/ 1 A\u00a4o En Mano De Obra \/ 1 A\u00a4o De Garant\u00a1a A Domicilio El Siguiente D\u00a1a Laborable<br \/>\nAdicional: US English Teclado\/Mouse Kit<\/span><\/h2>\n<p>&nbsp;<\/p>\n<h3 style=\"text-align: justify;\"><span style=\"font-family: tahoma, arial, helvetica, sans-serif; font-size: 14pt; color: #000000;\">Servidor &#8211; SERVIDOR HPE ML30 V6 GEN9 &#8211; TORRE &#8211; INCLUYE DISCO DURO DE 1TB, DVD\/RW Y KIT TECLADO\/MOUSE<\/span><\/h3>\n<p>&nbsp;<\/p>\n<p>&nbsp;<\/p>\n<h2 style=\"margin: 18px 0px 9px; padding: 0px; border: 0px; font-style: normal; font-weight: 500; line-height: 1.1; font-family: Arial, Helvetica, sans-serif; font-size: 27px; vertical-align: baseline; color: #777777; letter-spacing: normal; text-indent: 0px; text-transform: none; background-color: #ffffff; text-align: center;\"><a href=\"https:\/\/servidor-hp.com.co\/netcomp\/servidores-hp\/servidores-hp\/\"><span style=\"margin: 0px; padding: 0px; border: 0px; font-style: inherit; font-variant: inherit; font-weight: inherit; line-height: inherit; font-family: tahoma, arial, helvetica, sans-serif; font-size: 14pt; vertical-align: baseline; color: #ff0000;\"><strong style=\"margin: 0px; padding: 0px; border: 0px; font-style: inherit; font-variant: inherit; font-weight: bold; line-height: inherit; font-family: inherit; font-size: 18.6667px; vertical-align: baseline;\">DISPONEMOS DE UNA AMPLIA GAMA DE SERVIDOR HP PROLIANT NUEVOS Y USADOS<\/strong><\/span><\/a><\/h2>\n<h2 style=\"text-align: center;\"><a href=\"https:\/\/servidor-hp.com.co\/netcomp\/servidores-hp\/servidores-hp\/\"><span style=\"color: #ff0000; font-family: tahoma, arial, helvetica, sans-serif; font-size: 14pt;\"><strong>PARA <\/strong><\/span><span style=\"color: #ff0000; font-family: tahoma, arial, helvetica, sans-serif; font-size: 14pt;\"><strong>VENTA \/ ARRENDAMIENTO \/ ALQUILER :<\/strong><\/span><\/a><\/h2>\n<h2 style=\"text-align: center;\"><a href=\"https:\/\/servidor-hp.com.co\/netcomp\/servidores-hp\/servidores-hp\/\"><span style=\"color: #ff0000; font-family: tahoma, arial, helvetica, sans-serif; font-size: 14pt;\"><strong>ML110 \/ ML350 \/ ML150 \/ DL320 \/ DL360 \/ DL380<\/strong><\/span><\/a><\/h2>\n<h3><a href=\"https:\/\/api.whatsapp.com\/send?phone=573168788749\" target=\"_blank\" rel=\"noopener noreferrer\"><img loading=\"lazy\" decoding=\"async\" class=\"wp-image-20467 aligncenter\" src=\"http:\/\/cableado-estructurado.com.co\/netcomp\/wp-content\/uploads\/2018\/07\/whatsapp-logo-mensaje.jpg\" alt=\"\" width=\"290\" height=\"220\" \/><\/a><\/h3>\n<p><img loading=\"lazy\" decoding=\"async\" class=\"wp-image-21775 aligncenter\" src=\"https:\/\/servidor-hp.com.co\/netcomp\/wp-content\/uploads\/2019\/05\/boton-ventas-servidor.png\" alt=\"\" width=\"495\" height=\"153\" \/><\/p>\n","protected":false},"excerpt":{"rendered":"<p>El servidor HPE ProLiant ML30 Gen9 es un asequible servidor de torre de z\u00f3calo \u00fanico con el valor a\u00f1adido del rendimiento, la expansi\u00f3n y el crecimiento ideales para peque\u00f1as empresas y sucursales remotas.<\/p>\n","protected":false},"featured_media":22240,"comment_status":"closed","ping_status":"closed","template":"","meta":{"_et_pb_use_builder":"","_et_pb_old_content":"","_et_gb_content_width":""},"product_brand":[],"product_cat":[73,15,57],"product_tag":[20540,517,20539,20538,20542,20541],"class_list":{"0":"post-19722","1":"product","2":"type-product","3":"status-publish","4":"has-post-thumbnail","6":"product_cat-servidores-hp-ibm-cisco","7":"product_cat-servidores-hp","8":"product_cat-servidores-hp-2","9":"product_tag-discos-duros-para-servidor-hp","10":"product_tag-fuente-de-poder","11":"product_tag-garantia-extendida-para-servidor-hp","12":"product_tag-opciones-para-servidor-hp","13":"product_tag-procesadores","14":"product_tag-tarjeta-de-red-para-servidor-hp","16":"first","17":"instock","18":"product-type-simple"},"yoast_head":"<!-- This site is optimized with the Yoast SEO plugin v27.2 - https:\/\/yoast.com\/product\/yoast-seo-wordpress\/ -->\n<title>Servidor HPE Proliant ML30 Gen9 - ClearO- N\/P : 873227-001 - Servidores HP - Nuevos - Usados - Alquiler<\/title>\n<meta name=\"description\" content=\"Servidor HPE Proliant ML30 Gen9 - ClearO- N\/P : 873227-001 - - Precio y Disponibilidad en Bogota - Colombia - servidor-hp.com.co\" \/>\n<meta name=\"robots\" content=\"index, follow, max-snippet:-1, max-image-preview:large, max-video-preview:-1\" \/>\n<link rel=\"canonical\" href=\"https:\/\/servidor-hp.com.co\/netcomp\/servidores\/servidores-hp\/servidores-hp-2\/n-p-873227-001-hp-servidor-hpe-proliant-ml30-gen9-clearo\/\" \/>\n<meta property=\"og:locale\" content=\"es_ES\" \/>\n<meta property=\"og:type\" content=\"article\" \/>\n<meta property=\"og:title\" content=\"Servidor HPE Proliant ML30 Gen9 - ClearO- N\/P : 873227-001 - Servidores HP - Nuevos - Usados - Alquiler\" \/>\n<meta property=\"og:description\" content=\"Servidor HPE Proliant ML30 Gen9 - ClearO- N\/P : 873227-001 - - Precio y Disponibilidad en Bogota - Colombia - servidor-hp.com.co\" \/>\n<meta property=\"og:url\" content=\"https:\/\/servidor-hp.com.co\/netcomp\/servidores\/servidores-hp\/servidores-hp-2\/n-p-873227-001-hp-servidor-hpe-proliant-ml30-gen9-clearo\/\" \/>\n<meta property=\"og:site_name\" content=\"Servidores HP - Nuevos - Usados - Alquiler\" \/>\n<meta property=\"article:modified_time\" content=\"2021-03-17T20:42:57+00:00\" \/>\n<meta property=\"og:image\" content=\"https:\/\/servidor-hp.com.co\/netcomp\/wp-content\/uploads\/2018\/05\/HP_873227-001.jpg\" \/>\n\t<meta property=\"og:image:width\" content=\"800\" \/>\n\t<meta property=\"og:image:height\" content=\"800\" \/>\n\t<meta property=\"og:image:type\" content=\"image\/jpeg\" \/>\n<meta name=\"twitter:card\" content=\"summary_large_image\" \/>\n<meta name=\"twitter:label1\" content=\"Tiempo de lectura\" \/>\n\t<meta name=\"twitter:data1\" content=\"1 minuto\" \/>\n<script type=\"application\/ld+json\" class=\"yoast-schema-graph\">{\"@context\":\"https:\/\/schema.org\",\"@graph\":[{\"@type\":\"WebPage\",\"@id\":\"https:\/\/servidor-hp.com.co\/netcomp\/servidores\/servidores-hp\/servidores-hp-2\/n-p-873227-001-hp-servidor-hpe-proliant-ml30-gen9-clearo\/\",\"url\":\"https:\/\/servidor-hp.com.co\/netcomp\/servidores\/servidores-hp\/servidores-hp-2\/n-p-873227-001-hp-servidor-hpe-proliant-ml30-gen9-clearo\/\",\"name\":\"Servidor HPE Proliant ML30 Gen9 - ClearO- N\/P : 873227-001 - Servidores HP - Nuevos - Usados - Alquiler\",\"isPartOf\":{\"@id\":\"https:\/\/servidor-hp.com.co\/netcomp\/#website\"},\"primaryImageOfPage\":{\"@id\":\"https:\/\/servidor-hp.com.co\/netcomp\/servidores\/servidores-hp\/servidores-hp-2\/n-p-873227-001-hp-servidor-hpe-proliant-ml30-gen9-clearo\/#primaryimage\"},\"image\":{\"@id\":\"https:\/\/servidor-hp.com.co\/netcomp\/servidores\/servidores-hp\/servidores-hp-2\/n-p-873227-001-hp-servidor-hpe-proliant-ml30-gen9-clearo\/#primaryimage\"},\"thumbnailUrl\":\"https:\/\/servidor-hp.com.co\/netcomp\/wp-content\/uploads\/2018\/05\/HP_873227-001.jpg\",\"datePublished\":\"2018-05-02T04:53:39+00:00\",\"dateModified\":\"2021-03-17T20:42:57+00:00\",\"description\":\"Servidor HPE Proliant ML30 Gen9 - ClearO- N\/P : 873227-001 - - Precio y Disponibilidad en Bogota - Colombia - servidor-hp.com.co\",\"breadcrumb\":{\"@id\":\"https:\/\/servidor-hp.com.co\/netcomp\/servidores\/servidores-hp\/servidores-hp-2\/n-p-873227-001-hp-servidor-hpe-proliant-ml30-gen9-clearo\/#breadcrumb\"},\"inLanguage\":\"es\",\"potentialAction\":[{\"@type\":\"ReadAction\",\"target\":[\"https:\/\/servidor-hp.com.co\/netcomp\/servidores\/servidores-hp\/servidores-hp-2\/n-p-873227-001-hp-servidor-hpe-proliant-ml30-gen9-clearo\/\"]}]},{\"@type\":\"ImageObject\",\"inLanguage\":\"es\",\"@id\":\"https:\/\/servidor-hp.com.co\/netcomp\/servidores\/servidores-hp\/servidores-hp-2\/n-p-873227-001-hp-servidor-hpe-proliant-ml30-gen9-clearo\/#primaryimage\",\"url\":\"https:\/\/servidor-hp.com.co\/netcomp\/wp-content\/uploads\/2018\/05\/HP_873227-001.jpg\",\"contentUrl\":\"https:\/\/servidor-hp.com.co\/netcomp\/wp-content\/uploads\/2018\/05\/HP_873227-001.jpg\",\"width\":800,\"height\":800,\"caption\":\"El servidor HPE ProLiant ML30 Gen9 es un asequible servidor de torre de z\u00f3calo \u00fanico con el valor a\u00f1adido del rendimiento, la expansi\u00f3n y el crecimiento ideales para peque\u00f1as empresas y sucursales remotas.\"},{\"@type\":\"BreadcrumbList\",\"@id\":\"https:\/\/servidor-hp.com.co\/netcomp\/servidores\/servidores-hp\/servidores-hp-2\/n-p-873227-001-hp-servidor-hpe-proliant-ml30-gen9-clearo\/#breadcrumb\",\"itemListElement\":[{\"@type\":\"ListItem\",\"position\":1,\"name\":\"Portada\",\"item\":\"https:\/\/servidor-hp.com.co\/netcomp\/\"},{\"@type\":\"ListItem\",\"position\":2,\"name\":\"Tienda\",\"item\":\"https:\/\/servidor-hp.com.co\/netcomp\/servidores\/\"},{\"@type\":\"ListItem\",\"position\":3,\"name\":\"Servidor HPE Proliant ML30 Gen9 &#8211; ClearO- N\/P : 873227-001\"}]},{\"@type\":\"WebSite\",\"@id\":\"https:\/\/servidor-hp.com.co\/netcomp\/#website\",\"url\":\"https:\/\/servidor-hp.com.co\/netcomp\/\",\"name\":\"Servidores HP - Nuevos - Usados - Alquiler\",\"description\":\"Tels: (+57) 316 878 8749\",\"alternateName\":\"Servidores HP DELL LENOVO IBM\",\"potentialAction\":[{\"@type\":\"SearchAction\",\"target\":{\"@type\":\"EntryPoint\",\"urlTemplate\":\"https:\/\/servidor-hp.com.co\/netcomp\/?s={search_term_string}\"},\"query-input\":{\"@type\":\"PropertyValueSpecification\",\"valueRequired\":true,\"valueName\":\"search_term_string\"}}],\"inLanguage\":\"es\"}]}<\/script>\n<!-- \/ Yoast SEO plugin. -->","yoast_head_json":{"title":"Servidor HPE Proliant ML30 Gen9 - ClearO- N\/P : 873227-001 - Servidores HP - Nuevos - Usados - Alquiler","description":"Servidor HPE Proliant ML30 Gen9 - ClearO- N\/P : 873227-001 - - Precio y Disponibilidad en Bogota - Colombia - servidor-hp.com.co","robots":{"index":"index","follow":"follow","max-snippet":"max-snippet:-1","max-image-preview":"max-image-preview:large","max-video-preview":"max-video-preview:-1"},"canonical":"https:\/\/servidor-hp.com.co\/netcomp\/servidores\/servidores-hp\/servidores-hp-2\/n-p-873227-001-hp-servidor-hpe-proliant-ml30-gen9-clearo\/","og_locale":"es_ES","og_type":"article","og_title":"Servidor HPE Proliant ML30 Gen9 - ClearO- N\/P : 873227-001 - Servidores HP - Nuevos - Usados - Alquiler","og_description":"Servidor HPE Proliant ML30 Gen9 - ClearO- N\/P : 873227-001 - - Precio y Disponibilidad en Bogota - Colombia - servidor-hp.com.co","og_url":"https:\/\/servidor-hp.com.co\/netcomp\/servidores\/servidores-hp\/servidores-hp-2\/n-p-873227-001-hp-servidor-hpe-proliant-ml30-gen9-clearo\/","og_site_name":"Servidores HP - Nuevos - Usados - Alquiler","article_modified_time":"2021-03-17T20:42:57+00:00","og_image":[{"width":800,"height":800,"url":"https:\/\/servidor-hp.com.co\/netcomp\/wp-content\/uploads\/2018\/05\/HP_873227-001.jpg","type":"image\/jpeg"}],"twitter_card":"summary_large_image","twitter_misc":{"Tiempo de lectura":"1 minuto"},"schema":{"@context":"https:\/\/schema.org","@graph":[{"@type":"WebPage","@id":"https:\/\/servidor-hp.com.co\/netcomp\/servidores\/servidores-hp\/servidores-hp-2\/n-p-873227-001-hp-servidor-hpe-proliant-ml30-gen9-clearo\/","url":"https:\/\/servidor-hp.com.co\/netcomp\/servidores\/servidores-hp\/servidores-hp-2\/n-p-873227-001-hp-servidor-hpe-proliant-ml30-gen9-clearo\/","name":"Servidor HPE Proliant ML30 Gen9 - ClearO- N\/P : 873227-001 - Servidores HP - Nuevos - Usados - Alquiler","isPartOf":{"@id":"https:\/\/servidor-hp.com.co\/netcomp\/#website"},"primaryImageOfPage":{"@id":"https:\/\/servidor-hp.com.co\/netcomp\/servidores\/servidores-hp\/servidores-hp-2\/n-p-873227-001-hp-servidor-hpe-proliant-ml30-gen9-clearo\/#primaryimage"},"image":{"@id":"https:\/\/servidor-hp.com.co\/netcomp\/servidores\/servidores-hp\/servidores-hp-2\/n-p-873227-001-hp-servidor-hpe-proliant-ml30-gen9-clearo\/#primaryimage"},"thumbnailUrl":"https:\/\/servidor-hp.com.co\/netcomp\/wp-content\/uploads\/2018\/05\/HP_873227-001.jpg","datePublished":"2018-05-02T04:53:39+00:00","dateModified":"2021-03-17T20:42:57+00:00","description":"Servidor HPE Proliant ML30 Gen9 - ClearO- N\/P : 873227-001 - - Precio y Disponibilidad en Bogota - Colombia - servidor-hp.com.co","breadcrumb":{"@id":"https:\/\/servidor-hp.com.co\/netcomp\/servidores\/servidores-hp\/servidores-hp-2\/n-p-873227-001-hp-servidor-hpe-proliant-ml30-gen9-clearo\/#breadcrumb"},"inLanguage":"es","potentialAction":[{"@type":"ReadAction","target":["https:\/\/servidor-hp.com.co\/netcomp\/servidores\/servidores-hp\/servidores-hp-2\/n-p-873227-001-hp-servidor-hpe-proliant-ml30-gen9-clearo\/"]}]},{"@type":"ImageObject","inLanguage":"es","@id":"https:\/\/servidor-hp.com.co\/netcomp\/servidores\/servidores-hp\/servidores-hp-2\/n-p-873227-001-hp-servidor-hpe-proliant-ml30-gen9-clearo\/#primaryimage","url":"https:\/\/servidor-hp.com.co\/netcomp\/wp-content\/uploads\/2018\/05\/HP_873227-001.jpg","contentUrl":"https:\/\/servidor-hp.com.co\/netcomp\/wp-content\/uploads\/2018\/05\/HP_873227-001.jpg","width":800,"height":800,"caption":"El servidor HPE ProLiant ML30 Gen9 es un asequible servidor de torre de z\u00f3calo \u00fanico con el valor a\u00f1adido del rendimiento, la expansi\u00f3n y el crecimiento ideales para peque\u00f1as empresas y sucursales remotas."},{"@type":"BreadcrumbList","@id":"https:\/\/servidor-hp.com.co\/netcomp\/servidores\/servidores-hp\/servidores-hp-2\/n-p-873227-001-hp-servidor-hpe-proliant-ml30-gen9-clearo\/#breadcrumb","itemListElement":[{"@type":"ListItem","position":1,"name":"Portada","item":"https:\/\/servidor-hp.com.co\/netcomp\/"},{"@type":"ListItem","position":2,"name":"Tienda","item":"https:\/\/servidor-hp.com.co\/netcomp\/servidores\/"},{"@type":"ListItem","position":3,"name":"Servidor HPE Proliant ML30 Gen9 &#8211; ClearO- N\/P : 873227-001"}]},{"@type":"WebSite","@id":"https:\/\/servidor-hp.com.co\/netcomp\/#website","url":"https:\/\/servidor-hp.com.co\/netcomp\/","name":"Servidores HP - Nuevos - Usados - Alquiler","description":"Tels: (+57) 316 878 8749","alternateName":"Servidores HP DELL LENOVO IBM","potentialAction":[{"@type":"SearchAction","target":{"@type":"EntryPoint","urlTemplate":"https:\/\/servidor-hp.com.co\/netcomp\/?s={search_term_string}"},"query-input":{"@type":"PropertyValueSpecification","valueRequired":true,"valueName":"search_term_string"}}],"inLanguage":"es"}]}},"_links":{"self":[{"href":"https:\/\/servidor-hp.com.co\/netcomp\/wp-json\/wp\/v2\/product\/19722","targetHints":{"allow":["GET"]}}],"collection":[{"href":"https:\/\/servidor-hp.com.co\/netcomp\/wp-json\/wp\/v2\/product"}],"about":[{"href":"https:\/\/servidor-hp.com.co\/netcomp\/wp-json\/wp\/v2\/types\/product"}],"replies":[{"embeddable":true,"href":"https:\/\/servidor-hp.com.co\/netcomp\/wp-json\/wp\/v2\/comments?post=19722"}],"wp:featuredmedia":[{"embeddable":true,"href":"https:\/\/servidor-hp.com.co\/netcomp\/wp-json\/wp\/v2\/media\/22240"}],"wp:attachment":[{"href":"https:\/\/servidor-hp.com.co\/netcomp\/wp-json\/wp\/v2\/media?parent=19722"}],"wp:term":[{"taxonomy":"product_brand","embeddable":true,"href":"https:\/\/servidor-hp.com.co\/netcomp\/wp-json\/wp\/v2\/product_brand?post=19722"},{"taxonomy":"product_cat","embeddable":true,"href":"https:\/\/servidor-hp.com.co\/netcomp\/wp-json\/wp\/v2\/product_cat?post=19722"},{"taxonomy":"product_tag","embeddable":true,"href":"https:\/\/servidor-hp.com.co\/netcomp\/wp-json\/wp\/v2\/product_tag?post=19722"}],"curies":[{"name":"wp","href":"https:\/\/api.w.org\/{rel}","templated":true}]}}