{"id":19517,"date":"2017-06-17T04:04:41","date_gmt":"2017-06-17T09:04:41","guid":{"rendered":"http:\/\/servidor-hp.com.co\/netcomp\/servidores\/sin%20categorizar\/qw972a-hp-hba-fiber-channel\/"},"modified":"2021-03-19T17:21:00","modified_gmt":"2021-03-19T22:21:00","slug":"qw972a-hp-hba-fiber-channel","status":"publish","type":"product","link":"https:\/\/servidor-hp.com.co\/netcomp\/servidores\/servidores-hp-ibm-cisco\/qw972a-hp-hba-fiber-channel\/","title":{"rendered":"HBA Fiber Channel- HP- N\/P: QW972A"},"content":{"rendered":"<p>&nbsp;<\/p>\n<p>&nbsp;<\/p>\n<h1 style=\"text-align: center;\"><span style=\"font-family: tahoma,arial,helvetica,sans-serif; font-size: 18pt; color: #333399;\"><strong><span style=\"font-size: 36pt; color: #000080;\">\u00a0HBA Fiber Channel<\/span><\/strong><\/span><strong style=\"color: #333399; font-family: tahoma, arial, helvetica, sans-serif; font-size: 18pt;\"><span style=\"font-size: 36pt; color: #000080;\">&#8211; HP &#8211;<\/span><\/strong><strong style=\"color: #333399; font-family: tahoma, arial, helvetica, sans-serif; font-size: 18pt;\"><span style=\"font-size: 36pt; color: #000080;\">N\/P &#8211; QW972A\u00a0<\/span><\/strong><\/h1>\n<p>&nbsp;<\/p>\n<p>&nbsp;<\/p>\n<ul>\n<li style=\"text-align: left;\">\n<h2><span style=\"font-family: tahoma, arial, helvetica, sans-serif; font-size: 18pt; color: #000000;\">HP StoreFabric SN1000Q 16GB 2-port PCIe Fibre Channel Host Bus Adapter<br \/>\n<\/span><\/h2>\n<\/li>\n<\/ul>\n<h2><\/h2>\n<ul>\n<li>\n<h2><span style=\"font-family: tahoma, arial, helvetica, sans-serif; font-size: 18pt; color: #000000;\">Precio : Esta presentado en dolares americanos (Incluido IVA)<\/span><\/h2>\n<\/li>\n<\/ul>\n<p>&nbsp;<\/p>\n<h3><span style=\"font-size: 14pt; font-family: tahoma, arial, helvetica, sans-serif; color: #000000;\">Los adaptadores de bus de host HPE StoreFabric SN1000Q de 16 Gb\u00a0permiten un almacenamiento y recuperaci\u00f3n m\u00e1s r\u00e1pidos de informaci\u00f3n cr\u00edtica cuando se utilizan aplicaciones en la nube de gran ancho de banda y aplicaciones de almacenamiento intensivo, como copias de seguridad, transacciones de bases de datos y medios enriquecidos.\u00a0Dise\u00f1ado para una mayor densidad de m\u00e1quinas virtuales y entornos de requisitos de ancho de banda, el HBA SN1000Q de 16 Gb permite que m\u00e1s aplicaciones y m\u00e1quinas virtuales se ejecuten en un solo servidor y puerto, lo que se traduce en un cableado reducido y un mayor retorno de la inversi\u00f3n en TI.\u00a0El HBA SN1000Q de 16 Gb es compatible con versiones anteriores de redes de almacenamiento de 8 y 4 Gb y proteger\u00e1 las inversiones futuras.\u00a0Con la capacidad de ofrecer el doble de rendimiento de E \/ S que los HBA FC de 8 Gb.\u00a0El SN1000Q lleva el rendimiento y la eficiencia de las redes de almacenamiento al siguiente nivel.<\/span><\/h3>\n<h3><span style=\"font-size: 14pt; font-family: tahoma, arial, helvetica, sans-serif; color: #000000;\">Los\u00a0adaptadores de bus de host\u00a0HPE StoreFabric SN1000Q QW972A\u00a016Gb PCI Express x4 proporcionan conectividad de canal de fibra para seleccionar servidores HPE y son adecuados para redes empresariales y conexiones de dispositivos de almacenamiento.\u00a0Este\u00a0adaptador de bus de host\u00a0HPE StoreFabric SN1000Q QW972A de 16 Gb\u00a0es una unidad de puerto doble con ambos soportes (perfil bajo y perfil alto) y tiene un factor de forma PCI Express x4.\u00a0Tiene\u00a01 a\u00f1o de garant\u00eda\u00a0.<\/span><\/h3>\n<p>&nbsp;<\/p>\n<p>&nbsp;<\/p>\n<h2 style=\"margin: 18px 0px 9px; padding: 0px; border: 0px; font-style: normal; font-weight: 500; line-height: 1.1; font-family: Arial, Helvetica, sans-serif; font-size: 27px; vertical-align: baseline; color: #777777; letter-spacing: normal; text-indent: 0px; text-transform: none; background-color: #ffffff; text-align: center;\"><a href=\"https:\/\/servidor-hp.com.co\/netcomp\/servidores-hp\/servidores-hp\/\"><span style=\"margin: 0px; padding: 0px; border: 0px; font-style: inherit; font-variant: inherit; font-weight: inherit; line-height: inherit; font-family: tahoma, arial, helvetica, sans-serif; font-size: 14pt; vertical-align: baseline; color: #ff0000;\"><strong style=\"margin: 0px; padding: 0px; border: 0px; font-style: inherit; font-variant: inherit; font-weight: bold; line-height: inherit; font-family: inherit; font-size: 18.6667px; vertical-align: baseline;\">DISPONEMOS DE UNA AMPLIA GAMA DE SERVIDOR HP PROLIANT NUEVOS Y USADOS<\/strong><\/span><\/a><\/h2>\n<h2 style=\"text-align: center;\"><a href=\"https:\/\/servidor-hp.com.co\/netcomp\/servidores-hp\/servidores-hp\/\"><span style=\"color: #ff0000; font-family: tahoma, arial, helvetica, sans-serif; font-size: 14pt;\"><strong>PARA <\/strong><\/span><span style=\"color: #ff0000; font-family: tahoma, arial, helvetica, sans-serif; font-size: 14pt;\"><strong>VENTA \/ ARRENDAMIENTO \/ ALQUILER :<\/strong><\/span><\/a><\/h2>\n<h2 style=\"text-align: center;\"><a href=\"https:\/\/servidor-hp.com.co\/netcomp\/servidores-hp\/servidores-hp\/\"><span style=\"color: #ff0000; font-family: tahoma, arial, helvetica, sans-serif; font-size: 14pt;\"><strong>ML110 \/ ML350 \/ ML150 \/ DL320 \/ DL360 \/ DL380<\/strong><\/span><\/a><\/h2>\n<h3><a href=\"https:\/\/api.whatsapp.com\/send?phone=573168788749\" target=\"_blank\" rel=\"noopener noreferrer\"><img loading=\"lazy\" decoding=\"async\" class=\"wp-image-20467 aligncenter\" src=\"http:\/\/cableado-estructurado.com.co\/netcomp\/wp-content\/uploads\/2018\/07\/whatsapp-logo-mensaje.jpg\" alt=\"\" width=\"290\" height=\"220\" \/><\/a><\/h3>\n<p><img loading=\"lazy\" decoding=\"async\" class=\"wp-image-21775 aligncenter\" src=\"https:\/\/servidor-hp.com.co\/netcomp\/wp-content\/uploads\/2019\/05\/boton-ventas-servidor.png\" alt=\"\" width=\"495\" height=\"153\" \/><\/p>\n<p>&nbsp;<\/p>\n","protected":false},"excerpt":{"rendered":"<h2><span style=\"font-family: tahoma,arial,helvetica,sans-serif; font-size: 14pt;\">HBA Fiber Channel &#8211; QW972A<\/span><\/h2>\n","protected":false},"featured_media":19630,"comment_status":"closed","ping_status":"closed","template":"","meta":{"_et_pb_use_builder":"","_et_pb_old_content":"","_et_gb_content_width":""},"product_brand":[],"product_cat":[79,73],"product_tag":[20256,324,20257,20254,20255,321],"class_list":{"0":"post-19517","1":"product","2":"type-product","3":"status-publish","4":"has-post-thumbnail","6":"product_cat-inicio","7":"product_cat-servidores-hp-ibm-cisco","8":"product_tag-comprar-servidor-hp","9":"product_tag-disco-duro-hp","10":"product_tag-memoria-para-servidor-hp","11":"product_tag-precio-servidor-hp-bogota","12":"product_tag-precios-servidor-hp-colombia","13":"product_tag-servidor-hp","15":"first","16":"instock","17":"sold-individually","18":"purchasable","19":"product-type-simple"},"yoast_head":"<!-- This site is optimized with the Yoast SEO plugin v27.2 - https:\/\/yoast.com\/product\/yoast-seo-wordpress\/ -->\n<title>HBA Fiber Channel- HP- N\/P: QW972A - Servidores HP - Nuevos - Usados - Alquiler<\/title>\n<meta name=\"description\" content=\"HBA Fiber Channel- HP- N\/P: QW972A - - Precio y Disponibilidad en Bogota - Colombia - servidor-hp.com.co\" \/>\n<meta name=\"robots\" content=\"index, follow, max-snippet:-1, max-image-preview:large, max-video-preview:-1\" \/>\n<link rel=\"canonical\" href=\"https:\/\/servidor-hp.com.co\/netcomp\/servidores\/servidores-hp-ibm-cisco\/qw972a-hp-hba-fiber-channel\/\" \/>\n<meta property=\"og:locale\" content=\"es_ES\" \/>\n<meta property=\"og:type\" content=\"article\" \/>\n<meta property=\"og:title\" content=\"HBA Fiber Channel- HP- N\/P: QW972A - Servidores HP - Nuevos - Usados - Alquiler\" \/>\n<meta property=\"og:description\" content=\"HBA Fiber Channel- HP- N\/P: QW972A - - Precio y Disponibilidad en Bogota - Colombia - servidor-hp.com.co\" \/>\n<meta property=\"og:url\" content=\"https:\/\/servidor-hp.com.co\/netcomp\/servidores\/servidores-hp-ibm-cisco\/qw972a-hp-hba-fiber-channel\/\" \/>\n<meta property=\"og:site_name\" content=\"Servidores HP - Nuevos - Usados - Alquiler\" \/>\n<meta property=\"article:modified_time\" content=\"2021-03-19T22:21:00+00:00\" \/>\n<meta property=\"og:image\" content=\"https:\/\/servidor-hp.com.co\/netcomp\/wp-content\/uploads\/2017\/06\/QW972A-hba-hp.jpg\" \/>\n\t<meta property=\"og:image:width\" content=\"474\" \/>\n\t<meta property=\"og:image:height\" content=\"356\" \/>\n\t<meta property=\"og:image:type\" content=\"image\/jpeg\" \/>\n<meta name=\"twitter:card\" content=\"summary_large_image\" \/>\n<meta name=\"twitter:label1\" content=\"Tiempo de lectura\" \/>\n\t<meta name=\"twitter:data1\" content=\"2 minutos\" \/>\n<script type=\"application\/ld+json\" class=\"yoast-schema-graph\">{\"@context\":\"https:\/\/schema.org\",\"@graph\":[{\"@type\":\"WebPage\",\"@id\":\"https:\/\/servidor-hp.com.co\/netcomp\/servidores\/servidores-hp-ibm-cisco\/qw972a-hp-hba-fiber-channel\/\",\"url\":\"https:\/\/servidor-hp.com.co\/netcomp\/servidores\/servidores-hp-ibm-cisco\/qw972a-hp-hba-fiber-channel\/\",\"name\":\"HBA Fiber Channel- HP- N\/P: QW972A - Servidores HP - Nuevos - Usados - Alquiler\",\"isPartOf\":{\"@id\":\"https:\/\/servidor-hp.com.co\/netcomp\/#website\"},\"primaryImageOfPage\":{\"@id\":\"https:\/\/servidor-hp.com.co\/netcomp\/servidores\/servidores-hp-ibm-cisco\/qw972a-hp-hba-fiber-channel\/#primaryimage\"},\"image\":{\"@id\":\"https:\/\/servidor-hp.com.co\/netcomp\/servidores\/servidores-hp-ibm-cisco\/qw972a-hp-hba-fiber-channel\/#primaryimage\"},\"thumbnailUrl\":\"https:\/\/servidor-hp.com.co\/netcomp\/wp-content\/uploads\/2017\/06\/QW972A-hba-hp.jpg\",\"datePublished\":\"2017-06-17T09:04:41+00:00\",\"dateModified\":\"2021-03-19T22:21:00+00:00\",\"description\":\"HBA Fiber Channel- HP- N\/P: QW972A - - Precio y Disponibilidad en Bogota - Colombia - servidor-hp.com.co\",\"breadcrumb\":{\"@id\":\"https:\/\/servidor-hp.com.co\/netcomp\/servidores\/servidores-hp-ibm-cisco\/qw972a-hp-hba-fiber-channel\/#breadcrumb\"},\"inLanguage\":\"es\",\"potentialAction\":[{\"@type\":\"ReadAction\",\"target\":[\"https:\/\/servidor-hp.com.co\/netcomp\/servidores\/servidores-hp-ibm-cisco\/qw972a-hp-hba-fiber-channel\/\"]}]},{\"@type\":\"ImageObject\",\"inLanguage\":\"es\",\"@id\":\"https:\/\/servidor-hp.com.co\/netcomp\/servidores\/servidores-hp-ibm-cisco\/qw972a-hp-hba-fiber-channel\/#primaryimage\",\"url\":\"https:\/\/servidor-hp.com.co\/netcomp\/wp-content\/uploads\/2017\/06\/QW972A-hba-hp.jpg\",\"contentUrl\":\"https:\/\/servidor-hp.com.co\/netcomp\/wp-content\/uploads\/2017\/06\/QW972A-hba-hp.jpg\",\"width\":474,\"height\":356},{\"@type\":\"BreadcrumbList\",\"@id\":\"https:\/\/servidor-hp.com.co\/netcomp\/servidores\/servidores-hp-ibm-cisco\/qw972a-hp-hba-fiber-channel\/#breadcrumb\",\"itemListElement\":[{\"@type\":\"ListItem\",\"position\":1,\"name\":\"Portada\",\"item\":\"https:\/\/servidor-hp.com.co\/netcomp\/\"},{\"@type\":\"ListItem\",\"position\":2,\"name\":\"Tienda\",\"item\":\"https:\/\/servidor-hp.com.co\/netcomp\/servidores\/\"},{\"@type\":\"ListItem\",\"position\":3,\"name\":\"HBA Fiber Channel- HP- N\/P: QW972A\"}]},{\"@type\":\"WebSite\",\"@id\":\"https:\/\/servidor-hp.com.co\/netcomp\/#website\",\"url\":\"https:\/\/servidor-hp.com.co\/netcomp\/\",\"name\":\"Servidores HP - Nuevos - Usados - Alquiler\",\"description\":\"Tels: (+57) 316 878 8749\",\"alternateName\":\"Servidores HP DELL LENOVO IBM\",\"potentialAction\":[{\"@type\":\"SearchAction\",\"target\":{\"@type\":\"EntryPoint\",\"urlTemplate\":\"https:\/\/servidor-hp.com.co\/netcomp\/?s={search_term_string}\"},\"query-input\":{\"@type\":\"PropertyValueSpecification\",\"valueRequired\":true,\"valueName\":\"search_term_string\"}}],\"inLanguage\":\"es\"}]}<\/script>\n<!-- \/ Yoast SEO plugin. -->","yoast_head_json":{"title":"HBA Fiber Channel- HP- N\/P: QW972A - Servidores HP - Nuevos - Usados - Alquiler","description":"HBA Fiber Channel- HP- N\/P: QW972A - - Precio y Disponibilidad en Bogota - Colombia - servidor-hp.com.co","robots":{"index":"index","follow":"follow","max-snippet":"max-snippet:-1","max-image-preview":"max-image-preview:large","max-video-preview":"max-video-preview:-1"},"canonical":"https:\/\/servidor-hp.com.co\/netcomp\/servidores\/servidores-hp-ibm-cisco\/qw972a-hp-hba-fiber-channel\/","og_locale":"es_ES","og_type":"article","og_title":"HBA Fiber Channel- HP- N\/P: QW972A - Servidores HP - Nuevos - Usados - Alquiler","og_description":"HBA Fiber Channel- HP- N\/P: QW972A - - Precio y Disponibilidad en Bogota - Colombia - servidor-hp.com.co","og_url":"https:\/\/servidor-hp.com.co\/netcomp\/servidores\/servidores-hp-ibm-cisco\/qw972a-hp-hba-fiber-channel\/","og_site_name":"Servidores HP - Nuevos - Usados - Alquiler","article_modified_time":"2021-03-19T22:21:00+00:00","og_image":[{"width":474,"height":356,"url":"https:\/\/servidor-hp.com.co\/netcomp\/wp-content\/uploads\/2017\/06\/QW972A-hba-hp.jpg","type":"image\/jpeg"}],"twitter_card":"summary_large_image","twitter_misc":{"Tiempo de lectura":"2 minutos"},"schema":{"@context":"https:\/\/schema.org","@graph":[{"@type":"WebPage","@id":"https:\/\/servidor-hp.com.co\/netcomp\/servidores\/servidores-hp-ibm-cisco\/qw972a-hp-hba-fiber-channel\/","url":"https:\/\/servidor-hp.com.co\/netcomp\/servidores\/servidores-hp-ibm-cisco\/qw972a-hp-hba-fiber-channel\/","name":"HBA Fiber Channel- HP- N\/P: QW972A - Servidores HP - Nuevos - Usados - Alquiler","isPartOf":{"@id":"https:\/\/servidor-hp.com.co\/netcomp\/#website"},"primaryImageOfPage":{"@id":"https:\/\/servidor-hp.com.co\/netcomp\/servidores\/servidores-hp-ibm-cisco\/qw972a-hp-hba-fiber-channel\/#primaryimage"},"image":{"@id":"https:\/\/servidor-hp.com.co\/netcomp\/servidores\/servidores-hp-ibm-cisco\/qw972a-hp-hba-fiber-channel\/#primaryimage"},"thumbnailUrl":"https:\/\/servidor-hp.com.co\/netcomp\/wp-content\/uploads\/2017\/06\/QW972A-hba-hp.jpg","datePublished":"2017-06-17T09:04:41+00:00","dateModified":"2021-03-19T22:21:00+00:00","description":"HBA Fiber Channel- HP- N\/P: QW972A - - Precio y Disponibilidad en Bogota - Colombia - servidor-hp.com.co","breadcrumb":{"@id":"https:\/\/servidor-hp.com.co\/netcomp\/servidores\/servidores-hp-ibm-cisco\/qw972a-hp-hba-fiber-channel\/#breadcrumb"},"inLanguage":"es","potentialAction":[{"@type":"ReadAction","target":["https:\/\/servidor-hp.com.co\/netcomp\/servidores\/servidores-hp-ibm-cisco\/qw972a-hp-hba-fiber-channel\/"]}]},{"@type":"ImageObject","inLanguage":"es","@id":"https:\/\/servidor-hp.com.co\/netcomp\/servidores\/servidores-hp-ibm-cisco\/qw972a-hp-hba-fiber-channel\/#primaryimage","url":"https:\/\/servidor-hp.com.co\/netcomp\/wp-content\/uploads\/2017\/06\/QW972A-hba-hp.jpg","contentUrl":"https:\/\/servidor-hp.com.co\/netcomp\/wp-content\/uploads\/2017\/06\/QW972A-hba-hp.jpg","width":474,"height":356},{"@type":"BreadcrumbList","@id":"https:\/\/servidor-hp.com.co\/netcomp\/servidores\/servidores-hp-ibm-cisco\/qw972a-hp-hba-fiber-channel\/#breadcrumb","itemListElement":[{"@type":"ListItem","position":1,"name":"Portada","item":"https:\/\/servidor-hp.com.co\/netcomp\/"},{"@type":"ListItem","position":2,"name":"Tienda","item":"https:\/\/servidor-hp.com.co\/netcomp\/servidores\/"},{"@type":"ListItem","position":3,"name":"HBA Fiber Channel- HP- N\/P: QW972A"}]},{"@type":"WebSite","@id":"https:\/\/servidor-hp.com.co\/netcomp\/#website","url":"https:\/\/servidor-hp.com.co\/netcomp\/","name":"Servidores HP - Nuevos - Usados - Alquiler","description":"Tels: (+57) 316 878 8749","alternateName":"Servidores HP DELL LENOVO IBM","potentialAction":[{"@type":"SearchAction","target":{"@type":"EntryPoint","urlTemplate":"https:\/\/servidor-hp.com.co\/netcomp\/?s={search_term_string}"},"query-input":{"@type":"PropertyValueSpecification","valueRequired":true,"valueName":"search_term_string"}}],"inLanguage":"es"}]}},"_links":{"self":[{"href":"https:\/\/servidor-hp.com.co\/netcomp\/wp-json\/wp\/v2\/product\/19517","targetHints":{"allow":["GET"]}}],"collection":[{"href":"https:\/\/servidor-hp.com.co\/netcomp\/wp-json\/wp\/v2\/product"}],"about":[{"href":"https:\/\/servidor-hp.com.co\/netcomp\/wp-json\/wp\/v2\/types\/product"}],"replies":[{"embeddable":true,"href":"https:\/\/servidor-hp.com.co\/netcomp\/wp-json\/wp\/v2\/comments?post=19517"}],"wp:featuredmedia":[{"embeddable":true,"href":"https:\/\/servidor-hp.com.co\/netcomp\/wp-json\/wp\/v2\/media\/19630"}],"wp:attachment":[{"href":"https:\/\/servidor-hp.com.co\/netcomp\/wp-json\/wp\/v2\/media?parent=19517"}],"wp:term":[{"taxonomy":"product_brand","embeddable":true,"href":"https:\/\/servidor-hp.com.co\/netcomp\/wp-json\/wp\/v2\/product_brand?post=19517"},{"taxonomy":"product_cat","embeddable":true,"href":"https:\/\/servidor-hp.com.co\/netcomp\/wp-json\/wp\/v2\/product_cat?post=19517"},{"taxonomy":"product_tag","embeddable":true,"href":"https:\/\/servidor-hp.com.co\/netcomp\/wp-json\/wp\/v2\/product_tag?post=19517"}],"curies":[{"name":"wp","href":"https:\/\/api.w.org\/{rel}","templated":true}]}}