{"id":19490,"date":"2017-06-16T20:36:12","date_gmt":"2017-06-17T01:36:12","guid":{"rendered":"http:\/\/servidor-hp.com.co\/netcomp\/servidores\/sin%20categorizar\/820792-b21-hp-fuente-reduntante\/"},"modified":"2021-02-26T10:55:07","modified_gmt":"2021-02-26T15:55:07","slug":"820792-b21-hp-fuente-reduntante","status":"publish","type":"product","link":"https:\/\/servidor-hp.com.co\/netcomp\/servidores\/servidores-hp-ibm-cisco\/820792-b21-hp-fuente-reduntante\/","title":{"rendered":"FUENTE DE PODER REDUNDANTE- HP- N\/P: 820792-B21"},"content":{"rendered":"<p>&nbsp;<\/p>\n<h1 style=\"text-align: center;\"><span style=\"color: #000080;\"><strong>Fuente De Poder Redundante &#8211; HP &#8211;<span style=\"font-size: 3.4375rem;\">\u00a0<\/span><\/strong><\/span><\/h1>\n<p>&nbsp;<\/p>\n<h1 style=\"text-align: center;\"><span style=\"color: #000080;\"><strong>N\/P &#8211; 820792-B21\u00a0<\/strong><\/span><\/h1>\n<p>&nbsp;<\/p>\n<h2><span style=\"font-family: tahoma, arial, helvetica, sans-serif; font-size: 14pt; color: #000000;\">\u00bfBusca soluciones de consumo muy eficiente a un precio de nivel inicial para su servidor ProLiant Gen9 Essential? Las fuentes de alimentaci\u00f3n b\u00e1sicas HPE ofrecen una serie de recursos con opciones para configuraciones de alimentaci\u00f3n redundante y no redundante. La fuente de alimentaci\u00f3n FIO de 550 W HPE ofrece la eficiencia de hasta 89% que marca la certificaci\u00f3n Silver 80 Plus con una serie de recursos optimizados para configuraciones de alimentaci\u00f3n no redundante. El m\u00f3dulo de entrada de alimentaci\u00f3n CA con panel posterior de alimentaci\u00f3n de 900 W HPE Gold se puede configurar para admitir redundancia en servidores ProLiant que ofrecen una sola bah\u00eda de fuente de alimentaci\u00f3n, para brindar m\u00e1s protecci\u00f3n contra la p\u00e9rdida de energ\u00eda. Con la eficiencia de hasta 92% que marca 80 Plus Gold, esta opci\u00f3n ayuda a reducir los gastos operativos y proteger de la capacidad de alimentaci\u00f3n atrapada en el centro de datos. Los m\u00f3dulos de entrada de CA de conexi\u00f3n en caliente brindan mejor mantenimiento con instalaci\u00f3n y reemplazo r\u00e1pidos y sencillos.<\/span><\/h2>\n<p>&nbsp;<\/p>\n<h2 style=\"text-align: left;\"><span style=\"font-size: 14pt; color: #000000;\">\u00abFuente HPE 900W AC 240VDC Redundant Power Supply Kit \u00ab<\/span><\/h2>\n<p>&nbsp;<\/p>\n<h2 style=\"text-align: left;\"><span style=\"font-size: 14pt; color: #000000;\">\u00abSERVIDOR HP PROLIANT DL180 v4 GEN9 &#8211; RACK \u00ab<\/span><\/h2>\n<p>&nbsp;<\/p>\n<ul>\n<li><span style=\"font-size: 14pt; color: #000000;\">Precio : Esta presentado en dolares americanos (Incluido IVA)<\/span><\/li>\n<\/ul>\n<p>&nbsp;<\/p>\n<p>&nbsp;<\/p>\n<h3 style=\"text-align: center;\"><a title=\"Tienda - Precio y Venta Servidores HP\" href=\"https:\/\/netcomp.co\/es\/132-servidores-hp-lenovo-dell-partes\" target=\"_blank\" rel=\"noopener noreferrer\"><span style=\"font-family: tahoma, arial, helvetica, sans-serif; font-size: 14pt; color: #ff0000;\"><strong>COMPRAR &#8211; DISPONEMOS DE UNA AMPLIA GAMA DE SERVIDORES HP PROLIANT PARA <\/strong><\/span><\/a><\/h3>\n<h3 style=\"text-align: center;\"><a title=\"Tienda - Precio y Venta Servidores HP\" href=\"https:\/\/netcomp.co\/es\/132-servidores-hp-lenovo-dell-partes\" target=\"_blank\" rel=\"noopener noreferrer\"><span style=\"font-family: tahoma, arial, helvetica, sans-serif; font-size: 14pt; color: #ff0000;\"><strong>VENTA \/ ARRENDAMIENTO \/ ALQUILER : <\/strong><\/span><\/a><\/h3>\n<h3 style=\"text-align: center;\"><a title=\"Tienda - Precio y Venta Servidores HP\" href=\"https:\/\/netcomp.co\/es\/132-servidores-hp-lenovo-dell-partes\" target=\"_blank\" rel=\"noopener noreferrer\"><span style=\"font-family: tahoma, arial, helvetica, sans-serif; font-size: 14pt; color: #ff0000;\"><strong>ML350 \/ ML150 \/ DL320 \/ DL360 \/ DL380 <\/strong><\/span><span style=\"font-family: tahoma, arial, helvetica, sans-serif; font-size: 14pt; color: #ff0000;\"><strong>PARA COMPRAR CLICK AQUI!<\/strong><\/span><\/a><\/h3>\n<p>&nbsp;<\/p>\n<h2 style=\"text-align: center;\"><span style=\"font-family: tahoma, arial, helvetica, sans-serif; font-size: 14pt; color: #ff0000;\"><strong><a href=\"https:\/\/api.whatsapp.com\/send?phone=573168788749\" target=\"_blank\" rel=\"noopener noreferrer\"><img loading=\"lazy\" decoding=\"async\" class=\"wp-image-20467 aligncenter\" src=\"http:\/\/cableado-estructurado.com.co\/netcomp\/wp-content\/uploads\/2018\/07\/whatsapp-logo-mensaje.jpg\" alt=\"\" width=\"290\" height=\"220\" \/><\/a><\/strong><\/span><\/h2>\n<h2 style=\"text-align: center;\"><span style=\"font-family: tahoma, arial, helvetica, sans-serif; font-size: 14pt; color: #ff0000;\"><img loading=\"lazy\" decoding=\"async\" class=\"wp-image-21775 aligncenter\" src=\"https:\/\/servidor-hp.com.co\/netcomp\/wp-content\/uploads\/2019\/05\/boton-ventas-servidor.png\" alt=\"\" width=\"495\" height=\"153\" \/><\/span><\/h2>\n<p>&nbsp;<\/p>\n<p>&nbsp;<\/p>\n<h3 style=\"text-align: center;\"><\/h3>\n<p>&nbsp;<\/p>\n<p>&nbsp;<\/p>\n","protected":false},"excerpt":{"rendered":"<p><span style=\"font-family: tahoma, arial, helvetica, sans-serif; color: #000000;\">\u00a0<span style=\"font-size: 14pt;\">Ayuda a reducir los gastos operativos y proteger de la capacidad de alimentaci\u00f3n atrapada en el centro de datos. Los m\u00f3dulos de entrada de CA de conexi\u00f3n en caliente brindan mejor mantenimiento con instalaci\u00f3n y reemplazo r\u00e1pidos y sencillos.<\/span><\/span><\/p>\n","protected":false},"featured_media":19457,"comment_status":"closed","ping_status":"closed","template":"","meta":{"_et_pb_use_builder":"","_et_pb_old_content":"","_et_gb_content_width":""},"product_brand":[],"product_cat":[79,73],"product_tag":[20256,324,20257,20254,20255,321],"class_list":{"0":"post-19490","1":"product","2":"type-product","3":"status-publish","4":"has-post-thumbnail","6":"product_cat-inicio","7":"product_cat-servidores-hp-ibm-cisco","8":"product_tag-comprar-servidor-hp","9":"product_tag-disco-duro-hp","10":"product_tag-memoria-para-servidor-hp","11":"product_tag-precio-servidor-hp-bogota","12":"product_tag-precios-servidor-hp-colombia","13":"product_tag-servidor-hp","15":"first","16":"instock","17":"sold-individually","18":"purchasable","19":"product-type-simple"},"yoast_head":"<!-- This site is optimized with the Yoast SEO plugin v27.2 - https:\/\/yoast.com\/product\/yoast-seo-wordpress\/ -->\n<title>FUENTE DE PODER REDUNDANTE- HP- N\/P: 820792-B21 - Servidores HP - Nuevos - Usados - Alquiler<\/title>\n<meta name=\"description\" content=\"FUENTE DE PODER REDUNDANTE- HP- N\/P: 820792-B21 - - Precio y Disponibilidad en Bogota - Colombia - servidor-hp.com.co\" \/>\n<meta name=\"robots\" content=\"index, follow, max-snippet:-1, max-image-preview:large, max-video-preview:-1\" \/>\n<link rel=\"canonical\" href=\"https:\/\/servidor-hp.com.co\/netcomp\/servidores\/servidores-hp-ibm-cisco\/820792-b21-hp-fuente-reduntante\/\" \/>\n<meta property=\"og:locale\" content=\"es_ES\" \/>\n<meta property=\"og:type\" content=\"article\" \/>\n<meta property=\"og:title\" content=\"FUENTE DE PODER REDUNDANTE- HP- N\/P: 820792-B21 - Servidores HP - Nuevos - Usados - Alquiler\" \/>\n<meta property=\"og:description\" content=\"FUENTE DE PODER REDUNDANTE- HP- N\/P: 820792-B21 - - Precio y Disponibilidad en Bogota - Colombia - servidor-hp.com.co\" \/>\n<meta property=\"og:url\" content=\"https:\/\/servidor-hp.com.co\/netcomp\/servidores\/servidores-hp-ibm-cisco\/820792-b21-hp-fuente-reduntante\/\" \/>\n<meta property=\"og:site_name\" content=\"Servidores HP - Nuevos - Usados - Alquiler\" \/>\n<meta property=\"article:modified_time\" content=\"2021-02-26T15:55:07+00:00\" \/>\n<meta property=\"og:image\" content=\"https:\/\/servidor-hp.com.co\/netcomp\/wp-content\/uploads\/2017\/06\/Servidores-hp-Servidores-de-torre-hp-Servidores-proliant-microserver-gen-9-ml-310-ml-350-hp-colombia-bogota-e1597805073889.jpg\" \/>\n\t<meta property=\"og:image:width\" content=\"450\" \/>\n\t<meta property=\"og:image:height\" content=\"289\" \/>\n\t<meta property=\"og:image:type\" content=\"image\/jpeg\" \/>\n<meta name=\"twitter:card\" content=\"summary_large_image\" \/>\n<meta name=\"twitter:label1\" content=\"Tiempo de lectura\" \/>\n\t<meta name=\"twitter:data1\" content=\"1 minuto\" \/>\n<script type=\"application\/ld+json\" class=\"yoast-schema-graph\">{\"@context\":\"https:\/\/schema.org\",\"@graph\":[{\"@type\":\"WebPage\",\"@id\":\"https:\/\/servidor-hp.com.co\/netcomp\/servidores\/servidores-hp-ibm-cisco\/820792-b21-hp-fuente-reduntante\/\",\"url\":\"https:\/\/servidor-hp.com.co\/netcomp\/servidores\/servidores-hp-ibm-cisco\/820792-b21-hp-fuente-reduntante\/\",\"name\":\"FUENTE DE PODER REDUNDANTE- HP- N\/P: 820792-B21 - Servidores HP - Nuevos - Usados - Alquiler\",\"isPartOf\":{\"@id\":\"https:\/\/servidor-hp.com.co\/netcomp\/#website\"},\"primaryImageOfPage\":{\"@id\":\"https:\/\/servidor-hp.com.co\/netcomp\/servidores\/servidores-hp-ibm-cisco\/820792-b21-hp-fuente-reduntante\/#primaryimage\"},\"image\":{\"@id\":\"https:\/\/servidor-hp.com.co\/netcomp\/servidores\/servidores-hp-ibm-cisco\/820792-b21-hp-fuente-reduntante\/#primaryimage\"},\"thumbnailUrl\":\"https:\/\/servidor-hp.com.co\/netcomp\/wp-content\/uploads\/2017\/06\/Servidores-hp-Servidores-de-torre-hp-Servidores-proliant-microserver-gen-9-ml-310-ml-350-hp-colombia-bogota-e1597805073889.jpg\",\"datePublished\":\"2017-06-17T01:36:12+00:00\",\"dateModified\":\"2021-02-26T15:55:07+00:00\",\"description\":\"FUENTE DE PODER REDUNDANTE- HP- N\/P: 820792-B21 - - Precio y Disponibilidad en Bogota - Colombia - servidor-hp.com.co\",\"breadcrumb\":{\"@id\":\"https:\/\/servidor-hp.com.co\/netcomp\/servidores\/servidores-hp-ibm-cisco\/820792-b21-hp-fuente-reduntante\/#breadcrumb\"},\"inLanguage\":\"es\",\"potentialAction\":[{\"@type\":\"ReadAction\",\"target\":[\"https:\/\/servidor-hp.com.co\/netcomp\/servidores\/servidores-hp-ibm-cisco\/820792-b21-hp-fuente-reduntante\/\"]}]},{\"@type\":\"ImageObject\",\"inLanguage\":\"es\",\"@id\":\"https:\/\/servidor-hp.com.co\/netcomp\/servidores\/servidores-hp-ibm-cisco\/820792-b21-hp-fuente-reduntante\/#primaryimage\",\"url\":\"https:\/\/servidor-hp.com.co\/netcomp\/wp-content\/uploads\/2017\/06\/Servidores-hp-Servidores-de-torre-hp-Servidores-proliant-microserver-gen-9-ml-310-ml-350-hp-colombia-bogota-e1597805073889.jpg\",\"contentUrl\":\"https:\/\/servidor-hp.com.co\/netcomp\/wp-content\/uploads\/2017\/06\/Servidores-hp-Servidores-de-torre-hp-Servidores-proliant-microserver-gen-9-ml-310-ml-350-hp-colombia-bogota-e1597805073889.jpg\",\"width\":450,\"height\":289,\"caption\":\"804625-B21Disco Duro Estado Solido HP 800GB 6G SATA MU-2 SFF SC SSD\"},{\"@type\":\"BreadcrumbList\",\"@id\":\"https:\/\/servidor-hp.com.co\/netcomp\/servidores\/servidores-hp-ibm-cisco\/820792-b21-hp-fuente-reduntante\/#breadcrumb\",\"itemListElement\":[{\"@type\":\"ListItem\",\"position\":1,\"name\":\"Portada\",\"item\":\"https:\/\/servidor-hp.com.co\/netcomp\/\"},{\"@type\":\"ListItem\",\"position\":2,\"name\":\"Tienda\",\"item\":\"https:\/\/servidor-hp.com.co\/netcomp\/servidores\/\"},{\"@type\":\"ListItem\",\"position\":3,\"name\":\"FUENTE DE PODER REDUNDANTE- HP- N\/P: 820792-B21\"}]},{\"@type\":\"WebSite\",\"@id\":\"https:\/\/servidor-hp.com.co\/netcomp\/#website\",\"url\":\"https:\/\/servidor-hp.com.co\/netcomp\/\",\"name\":\"Servidores HP - Nuevos - Usados - Alquiler\",\"description\":\"Tels: (+57) 316 878 8749\",\"alternateName\":\"Servidores HP DELL LENOVO IBM\",\"potentialAction\":[{\"@type\":\"SearchAction\",\"target\":{\"@type\":\"EntryPoint\",\"urlTemplate\":\"https:\/\/servidor-hp.com.co\/netcomp\/?s={search_term_string}\"},\"query-input\":{\"@type\":\"PropertyValueSpecification\",\"valueRequired\":true,\"valueName\":\"search_term_string\"}}],\"inLanguage\":\"es\"}]}<\/script>\n<!-- \/ Yoast SEO plugin. -->","yoast_head_json":{"title":"FUENTE DE PODER REDUNDANTE- HP- N\/P: 820792-B21 - Servidores HP - Nuevos - Usados - Alquiler","description":"FUENTE DE PODER REDUNDANTE- HP- N\/P: 820792-B21 - - Precio y Disponibilidad en Bogota - Colombia - servidor-hp.com.co","robots":{"index":"index","follow":"follow","max-snippet":"max-snippet:-1","max-image-preview":"max-image-preview:large","max-video-preview":"max-video-preview:-1"},"canonical":"https:\/\/servidor-hp.com.co\/netcomp\/servidores\/servidores-hp-ibm-cisco\/820792-b21-hp-fuente-reduntante\/","og_locale":"es_ES","og_type":"article","og_title":"FUENTE DE PODER REDUNDANTE- HP- N\/P: 820792-B21 - Servidores HP - Nuevos - Usados - Alquiler","og_description":"FUENTE DE PODER REDUNDANTE- HP- N\/P: 820792-B21 - - Precio y Disponibilidad en Bogota - Colombia - servidor-hp.com.co","og_url":"https:\/\/servidor-hp.com.co\/netcomp\/servidores\/servidores-hp-ibm-cisco\/820792-b21-hp-fuente-reduntante\/","og_site_name":"Servidores HP - Nuevos - Usados - Alquiler","article_modified_time":"2021-02-26T15:55:07+00:00","og_image":[{"width":450,"height":289,"url":"https:\/\/servidor-hp.com.co\/netcomp\/wp-content\/uploads\/2017\/06\/Servidores-hp-Servidores-de-torre-hp-Servidores-proliant-microserver-gen-9-ml-310-ml-350-hp-colombia-bogota-e1597805073889.jpg","type":"image\/jpeg"}],"twitter_card":"summary_large_image","twitter_misc":{"Tiempo de lectura":"1 minuto"},"schema":{"@context":"https:\/\/schema.org","@graph":[{"@type":"WebPage","@id":"https:\/\/servidor-hp.com.co\/netcomp\/servidores\/servidores-hp-ibm-cisco\/820792-b21-hp-fuente-reduntante\/","url":"https:\/\/servidor-hp.com.co\/netcomp\/servidores\/servidores-hp-ibm-cisco\/820792-b21-hp-fuente-reduntante\/","name":"FUENTE DE PODER REDUNDANTE- HP- N\/P: 820792-B21 - Servidores HP - Nuevos - Usados - Alquiler","isPartOf":{"@id":"https:\/\/servidor-hp.com.co\/netcomp\/#website"},"primaryImageOfPage":{"@id":"https:\/\/servidor-hp.com.co\/netcomp\/servidores\/servidores-hp-ibm-cisco\/820792-b21-hp-fuente-reduntante\/#primaryimage"},"image":{"@id":"https:\/\/servidor-hp.com.co\/netcomp\/servidores\/servidores-hp-ibm-cisco\/820792-b21-hp-fuente-reduntante\/#primaryimage"},"thumbnailUrl":"https:\/\/servidor-hp.com.co\/netcomp\/wp-content\/uploads\/2017\/06\/Servidores-hp-Servidores-de-torre-hp-Servidores-proliant-microserver-gen-9-ml-310-ml-350-hp-colombia-bogota-e1597805073889.jpg","datePublished":"2017-06-17T01:36:12+00:00","dateModified":"2021-02-26T15:55:07+00:00","description":"FUENTE DE PODER REDUNDANTE- HP- N\/P: 820792-B21 - - Precio y Disponibilidad en Bogota - Colombia - servidor-hp.com.co","breadcrumb":{"@id":"https:\/\/servidor-hp.com.co\/netcomp\/servidores\/servidores-hp-ibm-cisco\/820792-b21-hp-fuente-reduntante\/#breadcrumb"},"inLanguage":"es","potentialAction":[{"@type":"ReadAction","target":["https:\/\/servidor-hp.com.co\/netcomp\/servidores\/servidores-hp-ibm-cisco\/820792-b21-hp-fuente-reduntante\/"]}]},{"@type":"ImageObject","inLanguage":"es","@id":"https:\/\/servidor-hp.com.co\/netcomp\/servidores\/servidores-hp-ibm-cisco\/820792-b21-hp-fuente-reduntante\/#primaryimage","url":"https:\/\/servidor-hp.com.co\/netcomp\/wp-content\/uploads\/2017\/06\/Servidores-hp-Servidores-de-torre-hp-Servidores-proliant-microserver-gen-9-ml-310-ml-350-hp-colombia-bogota-e1597805073889.jpg","contentUrl":"https:\/\/servidor-hp.com.co\/netcomp\/wp-content\/uploads\/2017\/06\/Servidores-hp-Servidores-de-torre-hp-Servidores-proliant-microserver-gen-9-ml-310-ml-350-hp-colombia-bogota-e1597805073889.jpg","width":450,"height":289,"caption":"804625-B21Disco Duro Estado Solido HP 800GB 6G SATA MU-2 SFF SC SSD"},{"@type":"BreadcrumbList","@id":"https:\/\/servidor-hp.com.co\/netcomp\/servidores\/servidores-hp-ibm-cisco\/820792-b21-hp-fuente-reduntante\/#breadcrumb","itemListElement":[{"@type":"ListItem","position":1,"name":"Portada","item":"https:\/\/servidor-hp.com.co\/netcomp\/"},{"@type":"ListItem","position":2,"name":"Tienda","item":"https:\/\/servidor-hp.com.co\/netcomp\/servidores\/"},{"@type":"ListItem","position":3,"name":"FUENTE DE PODER REDUNDANTE- HP- N\/P: 820792-B21"}]},{"@type":"WebSite","@id":"https:\/\/servidor-hp.com.co\/netcomp\/#website","url":"https:\/\/servidor-hp.com.co\/netcomp\/","name":"Servidores HP - Nuevos - Usados - Alquiler","description":"Tels: (+57) 316 878 8749","alternateName":"Servidores HP DELL LENOVO IBM","potentialAction":[{"@type":"SearchAction","target":{"@type":"EntryPoint","urlTemplate":"https:\/\/servidor-hp.com.co\/netcomp\/?s={search_term_string}"},"query-input":{"@type":"PropertyValueSpecification","valueRequired":true,"valueName":"search_term_string"}}],"inLanguage":"es"}]}},"_links":{"self":[{"href":"https:\/\/servidor-hp.com.co\/netcomp\/wp-json\/wp\/v2\/product\/19490","targetHints":{"allow":["GET"]}}],"collection":[{"href":"https:\/\/servidor-hp.com.co\/netcomp\/wp-json\/wp\/v2\/product"}],"about":[{"href":"https:\/\/servidor-hp.com.co\/netcomp\/wp-json\/wp\/v2\/types\/product"}],"replies":[{"embeddable":true,"href":"https:\/\/servidor-hp.com.co\/netcomp\/wp-json\/wp\/v2\/comments?post=19490"}],"wp:featuredmedia":[{"embeddable":true,"href":"https:\/\/servidor-hp.com.co\/netcomp\/wp-json\/wp\/v2\/media\/19457"}],"wp:attachment":[{"href":"https:\/\/servidor-hp.com.co\/netcomp\/wp-json\/wp\/v2\/media?parent=19490"}],"wp:term":[{"taxonomy":"product_brand","embeddable":true,"href":"https:\/\/servidor-hp.com.co\/netcomp\/wp-json\/wp\/v2\/product_brand?post=19490"},{"taxonomy":"product_cat","embeddable":true,"href":"https:\/\/servidor-hp.com.co\/netcomp\/wp-json\/wp\/v2\/product_cat?post=19490"},{"taxonomy":"product_tag","embeddable":true,"href":"https:\/\/servidor-hp.com.co\/netcomp\/wp-json\/wp\/v2\/product_tag?post=19490"}],"curies":[{"name":"wp","href":"https:\/\/api.w.org\/{rel}","templated":true}]}}