{"id":19478,"date":"2017-06-16T19:51:23","date_gmt":"2017-06-17T00:51:23","guid":{"rendered":"http:\/\/servidor-hp.com.co\/netcomp\/servidores\/sin%20categorizar\/834607-001-hp-servidor\/"},"modified":"2021-05-25T16:10:53","modified_gmt":"2021-05-25T21:10:53","slug":"834607-001-hp-servidor","status":"publish","type":"product","link":"https:\/\/servidor-hp.com.co\/netcomp\/servidores\/servidores-hp-ibm-cisco\/834607-001-hp-servidor\/","title":{"rendered":"Servidor  HP-834607-001"},"content":{"rendered":"<h1 style=\"text-align: center;\"><strong style=\"color: #000080; font-size: 3.4375rem;\"><span style=\"font-family: tahoma, arial, helvetica, sans-serif; font-size: 36pt;\">Servidor<\/span><\/strong><strong style=\"font-size: 3.4375rem; color: #000080;\"><span style=\"font-family: tahoma, arial, helvetica, sans-serif; font-size: 36pt;\">&#8211; HP &#8211;<\/span><\/strong><strong style=\"font-size: 3.4375rem; color: #000080;\"><span style=\"font-family: tahoma, arial, helvetica, sans-serif; font-size: 36pt;\">N\/P &#8211; 834607-001\u00a0<\/span><\/strong><\/h1>\n<p>&nbsp;<\/p>\n<div class=\"ccs-cc-inline-features-block ccs-cc-inline-single-feature\">\n<div class=\"ccs-cc-inline-feature\" data-type=\"text\">\n<div class=\"ccs-cc-inline-feature-content ccs-cc-inline-feature-description\">\n<h3><span style=\"font-family: tahoma, arial, helvetica, sans-serif;\">Rendimiento para satisfacer las crecientes necesidades de peque\u00f1as y medianas empresas<\/span><\/h3>\n<ul>\n<li><span style=\"font-family: tahoma, arial, helvetica, sans-serif;\">El servidor HPE ProLiant ML150 Gen9 est\u00e1 dise\u00f1ado para la PyME con hasta dos procesadores, en factor de forma de torre que se puede montar en rack. Inteligencia integrada, con el equilibrio perfecto de almacenamiento, rendimiento, eficacia, capacidad de gesti\u00f3n y espacio suficiente para el crecimiento futuro.<\/span><\/li>\n<li><span style=\"font-family: tahoma, arial, helvetica, sans-serif;\">Admite hasta dos procesadores Intel Xeon E5-2600 v4 con hasta 18\u00a0n\u00facleos y 120\u00a0W, lo que ofrece una mejora tanto del rendimiento como de la eficacia.<\/span><\/li>\n<li><span style=\"font-family: tahoma, arial, helvetica, sans-serif;\">Ayuda a evitar la p\u00e9rdida de datos y el tiempo de inactividad con un manejo de errores mejorado, adem\u00e1s de mejorar el rendimiento de las cargas de trabajo y la eficiencia energ\u00e9tica con hasta (16) ranuras DIMM de HPE DDR4 SmartMemory.<\/span><\/li>\n<li><span style=\"font-family: tahoma, arial, helvetica, sans-serif;\">Controlador HPE Dynamic Smart Array SATA B140i integrado para arranque y datos. Elecci\u00f3n de controladores HPE Smart Array para un mayor rendimiento, disponibilidad de datos y tecnolog\u00eda SAS de 12 Gb\/s o HBA HPE Smart con conectividad SAS de alto rendimiento, confiable y capaz de ejecutar el modo HBA o el modo RAID simple.<\/span><\/li>\n<li><span style=\"font-family: tahoma, arial, helvetica, sans-serif;\">Soporte de GPU aumentado (dos soportes de tarjeta GPU individual y uno doble) para impulsar el rendimiento en los gr\u00e1ficos y las aplicaciones VDI para servicios financieros, educaci\u00f3n, investigaci\u00f3n cient\u00edfica y generaci\u00f3n de im\u00e1genes m\u00e9dicas.<\/span><\/li>\n<\/ul>\n<\/div>\n<\/div>\n<\/div>\n<div class=\"ccs-cc-inline-features-block ccs-cc-inline-single-feature\">\n<div class=\"ccs-cc-inline-feature\" data-type=\"text\">\n<div class=\"ccs-cc-inline-feature-content ccs-cc-inline-feature-description\">\n<h3><span style=\"font-family: tahoma, arial, helvetica, sans-serif;\">Eficiencia y capacidad de ampliaci\u00f3n para satisfacer las necesidades de las empresas en crecimiento, preocupadas por el presupuesto<\/span><\/h3>\n<ul>\n<li><span style=\"font-family: tahoma, arial, helvetica, sans-serif;\">El servidor HPE ProLiant ML150 Gen9 se dise\u00f1\u00f3 como un servidor de torre de socket dual que proporciona opciones de expansi\u00f3n y flexibilidad de configuraci\u00f3n para satisfacer una amplia gama de capacidades diferentes y requisitos de conectividad y dise\u00f1o.<\/span><\/li>\n<li><span style=\"font-family: tahoma, arial, helvetica, sans-serif;\">Capacidad de ampliaci\u00f3n flexible con (6) ranuras de expansi\u00f3n PCIe, (8) puertos USB y opciones de fuente de alimentaci\u00f3n.<\/span><\/li>\n<li><span style=\"font-family: tahoma, arial, helvetica, sans-serif;\">Servidor compacto con profundidad de chasis de 24 pulgadas; de dise\u00f1o renovado y hecho para ahorrar un valioso espacio inmobiliario, es adecuado para su negocio en crecimiento dentro de un entorno de oficina compacto.<\/span><\/li>\n<li><span style=\"font-family: tahoma, arial, helvetica, sans-serif;\">Ofrece una capacidad de ampliaci\u00f3n con mayor capacidad con opciones de hasta (10) unidades de disco de factor de forma grande (LFF) o (16) unidades de disco de factor de forma reducido (SFF) y una mayor expansi\u00f3n de E\/S.<\/span><\/li>\n<li><span style=\"font-family: tahoma, arial, helvetica, sans-serif;\">El est\u00e1ndar de temperatura ambiente mejorado con ASHRAE A3 ayuda al cliente a reducir los gastos de refrigeraci\u00f3n.<\/span><\/li>\n<\/ul>\n<\/div>\n<\/div>\n<\/div>\n<div class=\"ccs-cc-inline-features-block ccs-cc-inline-single-feature\">\n<div class=\"ccs-cc-inline-feature\" data-type=\"text\">\n<div class=\"ccs-cc-inline-feature-content ccs-cc-inline-feature-description\">\n<h3><span style=\"font-family: tahoma, arial, helvetica, sans-serif;\">Gesti\u00f3n de la infraestructura para la administraci\u00f3n esencial del servidor<\/span><\/h3>\n<ul>\n<li><span style=\"font-family: tahoma, arial, helvetica, sans-serif;\">El servidor HPE ProLiant ML150 Gen9 contin\u00faa proporcionando una implementaci\u00f3n simplificada del servidor con la gesti\u00f3n en niveles. Las empresas contin\u00faan benefici\u00e1ndose a diario, mientras que las opciones de expansi\u00f3n les permiten aumentar capacidad seg\u00fan sus necesidades con HPE Integrated Lights-Out (iLO).<\/span><\/li>\n<li><span style=\"font-family: tahoma, arial, helvetica, sans-serif;\">Configure en modo de arranque Unified Extensible Firmware Interface (UEFI), aprovisione de forma local y remota con aprovisionamiento inteligente o kits de herramientas de secuencias de comandos.<\/span><\/li>\n<li><span style=\"font-family: tahoma, arial, helvetica, sans-serif;\">Tablero de mando personalizado en l\u00ednea para la supervisi\u00f3n del estado y la gesti\u00f3n de soporte de la infraestructura convergente (CI) desde HPE Insight Online.<\/span><\/li>\n<li><span style=\"font-family: tahoma, arial, helvetica, sans-serif;\">Optimice las actualizaciones de firmware y controladores y reduzca el tiempo de inactividad con Smart Update, conformado por SUM (Smart Update Manager) y SPP (Service Pack para ProLiant).<\/span><\/li>\n<\/ul>\n<\/div>\n<\/div>\n<\/div>\n<div class=\"ccs-cc-inline-features-block ccs-cc-inline-single-feature\">\n<div class=\"ccs-cc-inline-feature\" data-type=\"text\">\n<div class=\"ccs-cc-inline-feature-content ccs-cc-inline-feature-description\">\n<h3><span style=\"font-family: tahoma, arial, helvetica, sans-serif;\">Ofertas de mantenimiento mejorado<\/span><\/h3>\n<ul>\n<li><span style=\"font-family: tahoma, arial, helvetica, sans-serif;\">El servidor HPE ProLiant ML150 Gen9 ofrece un nuevo estilo de TI que ofrece la sencillez y la agilidad necesarias para gestionar las inversiones empresariales.<\/span><\/li>\n<li><span style=\"font-family: tahoma, arial, helvetica, sans-serif;\">Confiabilidad comprobada de HPE ProLiant, servicio excepcional 24 x 7 a nivel mundial, herramientas de administraci\u00f3n remota sin igual que reducen los costos de traslados de TI y, al mismo tiempo, mejoran el tiempo de resoluci\u00f3n.<\/span><\/li>\n<li><span style=\"font-family: tahoma, arial, helvetica, sans-serif;\">Disponibilidad servicio y soporte en todo el mundo con una gama completa de ofertas de servicio que van de la instalaci\u00f3n hasta el soporte ampliado.<\/span><\/li>\n<\/ul>\n<\/div>\n<\/div>\n<\/div>\n<p>&nbsp;<\/p>\n<h4 style=\"text-align: left;\"><span style=\"font-family: tahoma, arial, helvetica, sans-serif; font-size: 14pt;\">Servidor HPE Proliant ML150 Gen9<\/span><br \/>\n<span style=\"font-family: tahoma, arial, helvetica, sans-serif; font-size: 14pt;\">Factor de Forma: Torre<\/span><br \/>\n<span style=\"font-family: tahoma, arial, helvetica, sans-serif; font-size: 14pt;\">Procesador: Intel Xeon E5-2609v4 8-Core (1.70GHz 20MB L3 Cache) \/ Maximo: 2 Procesadores<\/span><br \/>\n<span style=\"font-family: tahoma, arial, helvetica, sans-serif; font-size: 14pt;\">Memoria RAM: 8GB (1 x 8GB) DDR4 2400MHz RDIMM<\/span><br \/>\n<span style=\"font-family: tahoma, arial, helvetica, sans-serif; font-size: 14pt;\">Ranuras de Memoria: 8 Slots (16 al conectar un segundo procesador)<\/span><br \/>\n<span style=\"font-family: tahoma, arial, helvetica, sans-serif; font-size: 14pt;\">Graficos: Integrated Matrox G200eH2<\/span><br \/>\n<span style=\"font-family: tahoma, arial, helvetica, sans-serif; font-size: 14pt;\">Red: HP Embedded Dual Port 361i Adapter<\/span><br \/>\n<span style=\"font-family: tahoma, arial, helvetica, sans-serif; font-size: 14pt;\">Discos Duros: Sin disco duro \/ Maximo: 4 Discos<\/span><br \/>\n<span style=\"font-family: tahoma, arial, helvetica, sans-serif; font-size: 14pt;\">Controladora de Discos: Dynamic Smart Array B140i controller (No Cache)<\/span><br \/>\n<span style=\"font-family: tahoma, arial, helvetica, sans-serif; font-size: 14pt;\">Raid: 0\/1\/1+0\/5 Solo SATA (Para SAS agregar controlador adicional)<\/span><br \/>\n<span style=\"font-family: tahoma, arial, helvetica, sans-serif; font-size: 14pt;\">Placa Conexi\u00a2n De Discos Duros: Hot Plug 3.5in Large Form Factor Smart Carrier Hard Disk<\/span><br \/>\n<span style=\"font-family: tahoma, arial, helvetica, sans-serif; font-size: 14pt;\">Unidad \u00e0ptica: Ninguna \/ Maximo: 1<\/span><br \/>\n<span style=\"font-family: tahoma, arial, helvetica, sans-serif; font-size: 14pt;\">Fuente De Alimentacion: 1 x Non-Pluggable Non-Redundant 550W FIO Power Supply \/ Maximo: 2 Fuentes<\/span><br \/>\n<span style=\"font-family: tahoma, arial, helvetica, sans-serif; font-size: 14pt;\">Garantia: 3 Year Parts \/ 1 Year Labour \/ 1 Year Onsite Warranty<\/span><br \/>\n<span style=\"font-family: tahoma, arial, helvetica, sans-serif; font-size: 14pt;\">Adicional: No incluye teclado o mouse \u00ab<\/span><\/h4>\n<h4><\/h4>\n<h4 style=\"text-align: left;\"><span style=\"font-family: tahoma, arial, helvetica, sans-serif; font-size: 14pt;\">\u00abSERVIDOR HP PROLIANT ML150 v4 GEN9 &#8211; TORRE \u00ab<\/span><\/h4>\n<h4><\/h4>\n<ul>\n<li>\n<h4><span style=\"font-family: tahoma, arial, helvetica, sans-serif; font-size: 14pt;\">Precio : Esta presentado en dolares americanos (Incluido IVA)<\/span><\/h4>\n<\/li>\n<\/ul>\n<p>&nbsp;<\/p>\n<p>&nbsp;<\/p>\n<h3 style=\"text-align: center;\"><\/h3>\n<h3><a href=\"https:\/\/api.whatsapp.com\/send?phone=573168788749\" target=\"_blank\" rel=\"noopener\"><img loading=\"lazy\" decoding=\"async\" class=\"aligncenter wp-image-20467\" src=\"http:\/\/cableado-estructurado.com.co\/netcomp\/wp-content\/uploads\/2018\/07\/whatsapp-logo-mensaje.jpg\" alt=\"\" width=\"290\" height=\"220\" \/><\/a><\/h3>\n<h2><img loading=\"lazy\" decoding=\"async\" class=\"wp-image-21775 aligncenter\" src=\"https:\/\/servidor-hp.com.co\/netcomp\/wp-content\/uploads\/2019\/05\/boton-ventas-servidor.png\" alt=\"\" width=\"495\" height=\"153\" \/><\/h2>\n","protected":false},"excerpt":{"rendered":"<p>Servidor &#8211; 834607-001<\/p>\n","protected":false},"featured_media":19457,"comment_status":"closed","ping_status":"closed","template":"","meta":{"_et_pb_use_builder":"","_et_pb_old_content":"","_et_gb_content_width":""},"product_brand":[],"product_cat":[79,73],"product_tag":[20256,324,20257,20254,20255,321],"class_list":{"0":"post-19478","1":"product","2":"type-product","3":"status-publish","4":"has-post-thumbnail","6":"product_cat-inicio","7":"product_cat-servidores-hp-ibm-cisco","8":"product_tag-comprar-servidor-hp","9":"product_tag-disco-duro-hp","10":"product_tag-memoria-para-servidor-hp","11":"product_tag-precio-servidor-hp-bogota","12":"product_tag-precios-servidor-hp-colombia","13":"product_tag-servidor-hp","15":"first","16":"instock","17":"sold-individually","18":"purchasable","19":"product-type-simple"},"yoast_head":"<!-- This site is optimized with the Yoast SEO plugin v27.2 - https:\/\/yoast.com\/product\/yoast-seo-wordpress\/ -->\n<title>Servidor HP-834607-001 - Servidores HP - Nuevos - Usados - Alquiler<\/title>\n<meta name=\"description\" content=\"Servidor HP-834607-001 - - Precio y Disponibilidad en Bogota - Colombia - servidor-hp.com.co\" \/>\n<meta name=\"robots\" content=\"index, follow, max-snippet:-1, max-image-preview:large, max-video-preview:-1\" \/>\n<link rel=\"canonical\" href=\"https:\/\/servidor-hp.com.co\/netcomp\/servidores\/servidores-hp-ibm-cisco\/834607-001-hp-servidor\/\" \/>\n<meta property=\"og:locale\" content=\"es_ES\" \/>\n<meta property=\"og:type\" content=\"article\" \/>\n<meta property=\"og:title\" content=\"Servidor HP-834607-001 - Servidores HP - Nuevos - Usados - Alquiler\" \/>\n<meta property=\"og:description\" content=\"Servidor HP-834607-001 - - Precio y Disponibilidad en Bogota - Colombia - servidor-hp.com.co\" \/>\n<meta property=\"og:url\" content=\"https:\/\/servidor-hp.com.co\/netcomp\/servidores\/servidores-hp-ibm-cisco\/834607-001-hp-servidor\/\" \/>\n<meta property=\"og:site_name\" content=\"Servidores HP - Nuevos - Usados - Alquiler\" \/>\n<meta property=\"article:modified_time\" content=\"2021-05-25T21:10:53+00:00\" \/>\n<meta property=\"og:image\" content=\"https:\/\/servidor-hp.com.co\/netcomp\/wp-content\/uploads\/2017\/06\/Servidores-hp-Servidores-de-torre-hp-Servidores-proliant-microserver-gen-9-ml-310-ml-350-hp-colombia-bogota-e1597805073889.jpg\" \/>\n\t<meta property=\"og:image:width\" content=\"450\" \/>\n\t<meta property=\"og:image:height\" content=\"289\" \/>\n\t<meta property=\"og:image:type\" content=\"image\/jpeg\" \/>\n<meta name=\"twitter:card\" content=\"summary_large_image\" \/>\n<meta name=\"twitter:label1\" content=\"Tiempo de lectura\" \/>\n\t<meta name=\"twitter:data1\" content=\"4 minutos\" \/>\n<script type=\"application\/ld+json\" class=\"yoast-schema-graph\">{\"@context\":\"https:\/\/schema.org\",\"@graph\":[{\"@type\":\"WebPage\",\"@id\":\"https:\/\/servidor-hp.com.co\/netcomp\/servidores\/servidores-hp-ibm-cisco\/834607-001-hp-servidor\/\",\"url\":\"https:\/\/servidor-hp.com.co\/netcomp\/servidores\/servidores-hp-ibm-cisco\/834607-001-hp-servidor\/\",\"name\":\"Servidor HP-834607-001 - Servidores HP - Nuevos - Usados - Alquiler\",\"isPartOf\":{\"@id\":\"https:\/\/servidor-hp.com.co\/netcomp\/#website\"},\"primaryImageOfPage\":{\"@id\":\"https:\/\/servidor-hp.com.co\/netcomp\/servidores\/servidores-hp-ibm-cisco\/834607-001-hp-servidor\/#primaryimage\"},\"image\":{\"@id\":\"https:\/\/servidor-hp.com.co\/netcomp\/servidores\/servidores-hp-ibm-cisco\/834607-001-hp-servidor\/#primaryimage\"},\"thumbnailUrl\":\"https:\/\/servidor-hp.com.co\/netcomp\/wp-content\/uploads\/2017\/06\/Servidores-hp-Servidores-de-torre-hp-Servidores-proliant-microserver-gen-9-ml-310-ml-350-hp-colombia-bogota-e1597805073889.jpg\",\"datePublished\":\"2017-06-17T00:51:23+00:00\",\"dateModified\":\"2021-05-25T21:10:53+00:00\",\"description\":\"Servidor HP-834607-001 - - Precio y Disponibilidad en Bogota - Colombia - servidor-hp.com.co\",\"breadcrumb\":{\"@id\":\"https:\/\/servidor-hp.com.co\/netcomp\/servidores\/servidores-hp-ibm-cisco\/834607-001-hp-servidor\/#breadcrumb\"},\"inLanguage\":\"es\",\"potentialAction\":[{\"@type\":\"ReadAction\",\"target\":[\"https:\/\/servidor-hp.com.co\/netcomp\/servidores\/servidores-hp-ibm-cisco\/834607-001-hp-servidor\/\"]}]},{\"@type\":\"ImageObject\",\"inLanguage\":\"es\",\"@id\":\"https:\/\/servidor-hp.com.co\/netcomp\/servidores\/servidores-hp-ibm-cisco\/834607-001-hp-servidor\/#primaryimage\",\"url\":\"https:\/\/servidor-hp.com.co\/netcomp\/wp-content\/uploads\/2017\/06\/Servidores-hp-Servidores-de-torre-hp-Servidores-proliant-microserver-gen-9-ml-310-ml-350-hp-colombia-bogota-e1597805073889.jpg\",\"contentUrl\":\"https:\/\/servidor-hp.com.co\/netcomp\/wp-content\/uploads\/2017\/06\/Servidores-hp-Servidores-de-torre-hp-Servidores-proliant-microserver-gen-9-ml-310-ml-350-hp-colombia-bogota-e1597805073889.jpg\",\"width\":450,\"height\":289,\"caption\":\"804625-B21Disco Duro Estado Solido HP 800GB 6G SATA MU-2 SFF SC SSD\"},{\"@type\":\"BreadcrumbList\",\"@id\":\"https:\/\/servidor-hp.com.co\/netcomp\/servidores\/servidores-hp-ibm-cisco\/834607-001-hp-servidor\/#breadcrumb\",\"itemListElement\":[{\"@type\":\"ListItem\",\"position\":1,\"name\":\"Portada\",\"item\":\"https:\/\/servidor-hp.com.co\/netcomp\/\"},{\"@type\":\"ListItem\",\"position\":2,\"name\":\"Tienda\",\"item\":\"https:\/\/servidor-hp.com.co\/netcomp\/servidores\/\"},{\"@type\":\"ListItem\",\"position\":3,\"name\":\"Servidor HP-834607-001\"}]},{\"@type\":\"WebSite\",\"@id\":\"https:\/\/servidor-hp.com.co\/netcomp\/#website\",\"url\":\"https:\/\/servidor-hp.com.co\/netcomp\/\",\"name\":\"Servidores HP - Nuevos - Usados - Alquiler\",\"description\":\"Tels: (+57) 316 878 8749\",\"alternateName\":\"Servidores HP DELL LENOVO IBM\",\"potentialAction\":[{\"@type\":\"SearchAction\",\"target\":{\"@type\":\"EntryPoint\",\"urlTemplate\":\"https:\/\/servidor-hp.com.co\/netcomp\/?s={search_term_string}\"},\"query-input\":{\"@type\":\"PropertyValueSpecification\",\"valueRequired\":true,\"valueName\":\"search_term_string\"}}],\"inLanguage\":\"es\"}]}<\/script>\n<!-- \/ Yoast SEO plugin. -->","yoast_head_json":{"title":"Servidor HP-834607-001 - Servidores HP - Nuevos - Usados - Alquiler","description":"Servidor HP-834607-001 - - Precio y Disponibilidad en Bogota - Colombia - servidor-hp.com.co","robots":{"index":"index","follow":"follow","max-snippet":"max-snippet:-1","max-image-preview":"max-image-preview:large","max-video-preview":"max-video-preview:-1"},"canonical":"https:\/\/servidor-hp.com.co\/netcomp\/servidores\/servidores-hp-ibm-cisco\/834607-001-hp-servidor\/","og_locale":"es_ES","og_type":"article","og_title":"Servidor HP-834607-001 - Servidores HP - Nuevos - Usados - Alquiler","og_description":"Servidor HP-834607-001 - - Precio y Disponibilidad en Bogota - Colombia - servidor-hp.com.co","og_url":"https:\/\/servidor-hp.com.co\/netcomp\/servidores\/servidores-hp-ibm-cisco\/834607-001-hp-servidor\/","og_site_name":"Servidores HP - Nuevos - Usados - Alquiler","article_modified_time":"2021-05-25T21:10:53+00:00","og_image":[{"width":450,"height":289,"url":"https:\/\/servidor-hp.com.co\/netcomp\/wp-content\/uploads\/2017\/06\/Servidores-hp-Servidores-de-torre-hp-Servidores-proliant-microserver-gen-9-ml-310-ml-350-hp-colombia-bogota-e1597805073889.jpg","type":"image\/jpeg"}],"twitter_card":"summary_large_image","twitter_misc":{"Tiempo de lectura":"4 minutos"},"schema":{"@context":"https:\/\/schema.org","@graph":[{"@type":"WebPage","@id":"https:\/\/servidor-hp.com.co\/netcomp\/servidores\/servidores-hp-ibm-cisco\/834607-001-hp-servidor\/","url":"https:\/\/servidor-hp.com.co\/netcomp\/servidores\/servidores-hp-ibm-cisco\/834607-001-hp-servidor\/","name":"Servidor HP-834607-001 - Servidores HP - Nuevos - Usados - Alquiler","isPartOf":{"@id":"https:\/\/servidor-hp.com.co\/netcomp\/#website"},"primaryImageOfPage":{"@id":"https:\/\/servidor-hp.com.co\/netcomp\/servidores\/servidores-hp-ibm-cisco\/834607-001-hp-servidor\/#primaryimage"},"image":{"@id":"https:\/\/servidor-hp.com.co\/netcomp\/servidores\/servidores-hp-ibm-cisco\/834607-001-hp-servidor\/#primaryimage"},"thumbnailUrl":"https:\/\/servidor-hp.com.co\/netcomp\/wp-content\/uploads\/2017\/06\/Servidores-hp-Servidores-de-torre-hp-Servidores-proliant-microserver-gen-9-ml-310-ml-350-hp-colombia-bogota-e1597805073889.jpg","datePublished":"2017-06-17T00:51:23+00:00","dateModified":"2021-05-25T21:10:53+00:00","description":"Servidor HP-834607-001 - - Precio y Disponibilidad en Bogota - Colombia - servidor-hp.com.co","breadcrumb":{"@id":"https:\/\/servidor-hp.com.co\/netcomp\/servidores\/servidores-hp-ibm-cisco\/834607-001-hp-servidor\/#breadcrumb"},"inLanguage":"es","potentialAction":[{"@type":"ReadAction","target":["https:\/\/servidor-hp.com.co\/netcomp\/servidores\/servidores-hp-ibm-cisco\/834607-001-hp-servidor\/"]}]},{"@type":"ImageObject","inLanguage":"es","@id":"https:\/\/servidor-hp.com.co\/netcomp\/servidores\/servidores-hp-ibm-cisco\/834607-001-hp-servidor\/#primaryimage","url":"https:\/\/servidor-hp.com.co\/netcomp\/wp-content\/uploads\/2017\/06\/Servidores-hp-Servidores-de-torre-hp-Servidores-proliant-microserver-gen-9-ml-310-ml-350-hp-colombia-bogota-e1597805073889.jpg","contentUrl":"https:\/\/servidor-hp.com.co\/netcomp\/wp-content\/uploads\/2017\/06\/Servidores-hp-Servidores-de-torre-hp-Servidores-proliant-microserver-gen-9-ml-310-ml-350-hp-colombia-bogota-e1597805073889.jpg","width":450,"height":289,"caption":"804625-B21Disco Duro Estado Solido HP 800GB 6G SATA MU-2 SFF SC SSD"},{"@type":"BreadcrumbList","@id":"https:\/\/servidor-hp.com.co\/netcomp\/servidores\/servidores-hp-ibm-cisco\/834607-001-hp-servidor\/#breadcrumb","itemListElement":[{"@type":"ListItem","position":1,"name":"Portada","item":"https:\/\/servidor-hp.com.co\/netcomp\/"},{"@type":"ListItem","position":2,"name":"Tienda","item":"https:\/\/servidor-hp.com.co\/netcomp\/servidores\/"},{"@type":"ListItem","position":3,"name":"Servidor HP-834607-001"}]},{"@type":"WebSite","@id":"https:\/\/servidor-hp.com.co\/netcomp\/#website","url":"https:\/\/servidor-hp.com.co\/netcomp\/","name":"Servidores HP - Nuevos - Usados - Alquiler","description":"Tels: (+57) 316 878 8749","alternateName":"Servidores HP DELL LENOVO IBM","potentialAction":[{"@type":"SearchAction","target":{"@type":"EntryPoint","urlTemplate":"https:\/\/servidor-hp.com.co\/netcomp\/?s={search_term_string}"},"query-input":{"@type":"PropertyValueSpecification","valueRequired":true,"valueName":"search_term_string"}}],"inLanguage":"es"}]}},"_links":{"self":[{"href":"https:\/\/servidor-hp.com.co\/netcomp\/wp-json\/wp\/v2\/product\/19478","targetHints":{"allow":["GET"]}}],"collection":[{"href":"https:\/\/servidor-hp.com.co\/netcomp\/wp-json\/wp\/v2\/product"}],"about":[{"href":"https:\/\/servidor-hp.com.co\/netcomp\/wp-json\/wp\/v2\/types\/product"}],"replies":[{"embeddable":true,"href":"https:\/\/servidor-hp.com.co\/netcomp\/wp-json\/wp\/v2\/comments?post=19478"}],"wp:featuredmedia":[{"embeddable":true,"href":"https:\/\/servidor-hp.com.co\/netcomp\/wp-json\/wp\/v2\/media\/19457"}],"wp:attachment":[{"href":"https:\/\/servidor-hp.com.co\/netcomp\/wp-json\/wp\/v2\/media?parent=19478"}],"wp:term":[{"taxonomy":"product_brand","embeddable":true,"href":"https:\/\/servidor-hp.com.co\/netcomp\/wp-json\/wp\/v2\/product_brand?post=19478"},{"taxonomy":"product_cat","embeddable":true,"href":"https:\/\/servidor-hp.com.co\/netcomp\/wp-json\/wp\/v2\/product_cat?post=19478"},{"taxonomy":"product_tag","embeddable":true,"href":"https:\/\/servidor-hp.com.co\/netcomp\/wp-json\/wp\/v2\/product_tag?post=19478"}],"curies":[{"name":"wp","href":"https:\/\/api.w.org\/{rel}","templated":true}]}}