{"id":19420,"date":"2017-05-22T18:05:15","date_gmt":"2017-05-22T23:05:15","guid":{"rendered":"http:\/\/servidor-hp.com.co\/netcomp\/?post_type=product&#038;p=19420"},"modified":"2023-08-06T08:02:37","modified_gmt":"2023-08-06T13:02:37","slug":"hp-servidor-proliant-ml110-v4-gen9","status":"publish","type":"product","link":"https:\/\/servidor-hp.com.co\/netcomp\/servidores\/servidores-hp\/servidores-hp-2\/hp-servidor-proliant-ml110-v4-gen9\/","title":{"rendered":"Servidor HP ML110 ProLiant v4 Gen9"},"content":{"rendered":"<h1 style=\"text-align: center;\"><span style=\"color: #333399; font-family: Tahoma;\">Servidor HP ML110 Proliant V4 G9<\/span><\/h1>\n<p>&nbsp;<\/p>\n<h2><\/h2>\n<h2 style=\"text-align: center;\"><a href=\"http:\/\/netcomp.co\/es\/servidores-hp\/31035-880646-001-hp-servidor-disco-duro-memoria-bogota-colombia.html\" target=\"_blank\" rel=\"noopener\">ESTE PRODUCTO ESTA DESCONTINUADO &#8211; TE SUGERIMOS ESTE SERVIDOR: <\/a><\/h2>\n<h2 style=\"text-align: center;\"><strong><a href=\"http:\/\/netcomp.co\/es\/servidores-hp\/31035-880646-001-hp-servidor-disco-duro-memoria-bogota-colombia.html\" target=\"_blank\" rel=\"noopener\">N\/P: 880646-001 &#8211; SERVIDOR HPE PROLIANT ML110 Gen10 &#8211; CLICK AQUI!<\/a><br \/>\n<\/strong><\/h2>\n<p>&nbsp;<\/p>\n<div style=\"width: 1080px;\" class=\"wp-video\"><video class=\"wp-video-shortcode\" id=\"video-19420-1\" width=\"1080\" height=\"608\" loop autoplay preload=\"auto\" controls=\"controls\"><source type=\"video\/mp4\" src=\"https:\/\/servidor-hp.com.co\/netcomp\/wp-content\/uploads\/2017\/05\/HPE-ProLiant-ML110-Gen10-Server-animated-exploded-view-video.mp4?_=1\" \/><a href=\"https:\/\/servidor-hp.com.co\/netcomp\/wp-content\/uploads\/2017\/05\/HPE-ProLiant-ML110-Gen10-Server-animated-exploded-view-video.mp4\">https:\/\/servidor-hp.com.co\/netcomp\/wp-content\/uploads\/2017\/05\/HPE-ProLiant-ML110-Gen10-Server-animated-exploded-view-video.mp4<\/a><\/video><\/div>\n<p>&nbsp;<\/p>\n<p>&nbsp;<\/p>\n<p>&nbsp;<\/p>\n<p>&nbsp;<\/p>\n<p><strong><span style=\"font-size: 25px; font-family: Tahoma;\">Caracter\u00edsticas del sistema<\/span><\/strong><\/p>\n<p>&nbsp;<\/p>\n<table>\n<tbody>\n<tr>\n<td width=\"750\"><strong>Procesador: (1) Procesador Intel Xeon Six Core (6-Nucleos) E5-2603v4 &#8211; 1.7GHz, 15MB L3 Cache (Maximo 1 Procesador)<\/strong><\/td>\n<\/tr>\n<tr>\n<td width=\"750\">Memoria RAM: Est\u00e1ndar 8GB (1x8GB) DDR4 RDIMM \/ M\u00e1ximo 256 GB. Soporta RDIMM o LRDIMM<\/td>\n<\/tr>\n<tr>\n<td width=\"750\"><strong>Controladora de Discos: B140i\/Zero Memory. Soporta RAID 0\/1\/1+0\/5 s\u00f3lo SATA.<\/strong><\/td>\n<\/tr>\n<tr>\n<td width=\"750\">\n<ul style=\"list-style-type: circle;\">\n<li>Controladora de Discos: B140i\/Zero Memory. Soporta RAID 0\/1\/1+0\/5 s\u00f3lo SATA.<\/li>\n<\/ul>\n<ul>\n<li>Discos Duros: Soporta 4 unidades de disco SATA LFF de 3.5\u201d Non-Hot-Plug de forma est\u00e1ndar. 2TB HDD incluido como est\u00e1ndar. Para agregar discos SAS se necesita una controladora y un caj\u00f3n adicionales<\/li>\n<li>Controlador de Red: Tarjeta integrada de dos puertos de 1Gb &#8211; HP 330i<\/li>\n<\/ul>\n<ul>\n<li>Fuente Redundante: Soportada pero no incluida (Ver opciones)<\/li>\n<\/ul>\n<ul>\n<li>Garantia: 3 a\u00f1os en piezas, 1 a\u00f1o mano de obra on site. Exclusivo sistema de Garant\u00eda Pre-falla con Notificaci\u00f3n de SIM en procesadores, memoria y discos duros.<\/li>\n<\/ul>\n<\/td>\n<\/tr>\n<tr>\n<td width=\"750\"><strong>Tipo de fuente de alimentaci\u00f3n<\/strong><\/td>\n<\/tr>\n<tr>\n<td width=\"750\">\n<ul>\n<li>(2) Varias salidas<\/li>\n<\/ul>\n<\/td>\n<\/tr>\n<tr>\n<td width=\"750\"><strong>Ranuras de expansi\u00f3n<\/strong><\/td>\n<\/tr>\n<tr>\n<td width=\"750\">\n<ul>\n<li>(5) M\u00e1ximo &#8211; Para ver descripciones detalladas, consulte las especificaciones r\u00e1pidas<\/li>\n<\/ul>\n<\/td>\n<\/tr>\n<tr>\n<td width=\"750\"><strong>MEMORIA<\/strong><\/td>\n<\/tr>\n<tr>\n<td width=\"750\"><strong>Ranuras de memoria<\/strong><\/td>\n<\/tr>\n<tr>\n<td width=\"750\">\n<ul>\n<li>8 ranuras DIMM<\/li>\n<\/ul>\n<\/td>\n<\/tr>\n<tr>\n<td width=\"750\"><strong>Tipo de memoria<\/strong><\/td>\n<\/tr>\n<tr>\n<td width=\"750\">\n<ul>\n<li>DDR4 SmartMemory<\/li>\n<\/ul>\n<\/td>\n<\/tr>\n<tr>\n<td width=\"750\"><strong>ALMACENAMIENTO<\/strong><\/td>\n<\/tr>\n<tr>\n<td width=\"750\"><strong>Descripci\u00f3n de unidad<\/strong><\/td>\n<\/tr>\n<tr>\n<td width=\"750\">\n<ul>\n<li>(8) LFF SAS\/SATA\/SSD y<\/li>\n<\/ul>\n<\/td>\n<\/tr>\n<tr>\n<td width=\"750\">\n<ul>\n<li>(16) SAS\/SATA\/SSD SFF<\/li>\n<\/ul>\n<\/td>\n<\/tr>\n<tr>\n<td width=\"750\"><strong>TARJETAS CONTROLADORAS<\/strong><\/td>\n<\/tr>\n<tr>\n<td width=\"750\"><strong>Controlador de red<\/strong><\/td>\n<\/tr>\n<tr>\n<td width=\"750\">\n<ul>\n<li>Broadcom 5717 2 puertos; Seg\u00fan el modelo<\/li>\n<\/ul>\n<\/td>\n<\/tr>\n<tr>\n<td width=\"750\"><strong>Controlador de almacenamiento<\/strong><\/td>\n<\/tr>\n<tr>\n<td width=\"750\">\n<ul>\n<li>(1) Dynamic Smart Array B140i; Seg\u00fan el modelo<\/li>\n<\/ul>\n<\/td>\n<\/tr>\n<\/tbody>\n<\/table>\n<p>&nbsp;<\/p>\n<h3 style=\"text-align: center;\"><span style=\"font-family: tahoma, arial, helvetica, sans-serif; font-size: 14pt;\"><a title=\"Tienda - Precio y Venta Servidores HP\" href=\"https:\/\/netcomp.co\/es\/132-servidores-hp-lenovo-dell-partes\" target=\"_blank\" rel=\"noopener noreferrer\"><strong>COMPRAR &#8211; DISPONEMOS DE UNA AMPLIA GAMA DE SERVIDORES HP PROLIANT PARA <\/strong><\/a><\/span><\/h3>\n<h3 style=\"text-align: center;\"><span style=\"font-family: tahoma, arial, helvetica, sans-serif; font-size: 14pt;\"><a title=\"Tienda - Precio y Venta Servidores HP\" href=\"https:\/\/netcomp.co\/es\/132-servidores-hp-lenovo-dell-partes\" target=\"_blank\" rel=\"noopener noreferrer\"><strong>VENTA \/ ARRENDAMIENTO \/ ALQUILER : <\/strong><\/a><\/span><\/h3>\n<h3 style=\"text-align: center;\"><a title=\"Tienda - Precio y Venta Servidores HP\" href=\"https:\/\/netcomp.co\/es\/132-servidores-hp-lenovo-dell-partes\" target=\"_blank\" rel=\"noopener noreferrer\"><span style=\"font-family: tahoma, arial, helvetica, sans-serif; font-size: 14pt;\"><strong>ML350 \/ ML150 \/ DL320 \/ DL360 \/ DL380 <\/strong><\/span><strong><span style=\"font-family: tahoma, arial, helvetica, sans-serif; font-size: 14pt;\">PARA COMPRAR CLICK AQUI!<\/span><\/strong><\/a><\/h3>\n<p><a href=\"https:\/\/api.whatsapp.com\/send?phone=573168788749\" target=\"_blank\" rel=\"noopener\"><img loading=\"lazy\" decoding=\"async\" class=\"aligncenter wp-image-20467\" src=\"http:\/\/cableado-estructurado.com.co\/netcomp\/wp-content\/uploads\/2018\/07\/whatsapp-logo-mensaje.jpg\" alt=\"\" width=\"290\" height=\"220\" \/><\/a><\/p>\n<h2><img loading=\"lazy\" decoding=\"async\" class=\"wp-image-21775 aligncenter\" src=\"https:\/\/servidor-hp.com.co\/netcomp\/wp-content\/uploads\/2019\/05\/boton-ventas-servidor.png\" alt=\"\" width=\"495\" height=\"153\" \/><\/h2>\n<p>&nbsp;<\/p>\n","protected":false},"excerpt":{"rendered":"<h2><strong><span style=\"color: #333399;\">Servidor HP Proliant ML110 G9 <a href=\"http:\/\/netcomp.co\/es\/15-servidores-hp\" target=\"_blank\" rel=\"noopener noreferrer\"><img loading=\"lazy\" decoding=\"async\" class=\"alignright wp-image-361\" title=\"Ir a la Tienda\" src=\"http:\/\/servidor-hp.com.co\/netcomp\/wp-content\/uploads\/2016\/04\/Publicidad-192x1024.jpg\" alt=\"Publicidad\" width=\"112\" height=\"598\" \/><\/a>\u00a0 \u00a0 \u00a0 \u00a0 \u00a0 \u00a0 \u00a0 \u00a0 \u00a0 \u00a0 \u00a0 \u00a0 \u00a0 \u00a0 \u00a0 \u00a0 \u00a0 \u00a0 \u00a0 \u00a0 \u00a0\u00a0<\/span><\/strong><\/h2>\n<p><span style=\"color: #333399; font-size: 20px; font-family: Tahoma;\"><strong>M\u00e1s Informaci\u00f3n<br \/>\n<\/strong><\/span><\/p>\n<ul>\n<li><a href=\"http:\/\/servidor-hp.com.co\/netcomp\/wp-content\/uploads\/2016\/03\/HPE-ProLiant-ML110-Generation9-Gen9.pdf\" target=\"_blank\" rel=\"noopener noreferrer\">Caracter\u00edsticas R\u00e1pidas Servidor ProLiant ML110 (Gen9)<\/a><\/li>\n<li><a href=\"http:\/\/servidor-hp.com.co\/netcomp\/wp-content\/uploads\/2016\/03\/Guia-Configuracion-servidores-hp-Proliant.pdf\" target=\"_blank\" rel=\"noopener noreferrer\">Guia-Configuracion-servidores-hp-Proliant<\/a><\/li>\n<\/ul>\n<p>&nbsp;<\/p>\n<p style=\"text-align: right;\">\n","protected":false},"featured_media":326,"comment_status":"closed","ping_status":"closed","template":"","meta":{"_et_pb_use_builder":"","_et_pb_old_content":"","_et_gb_content_width":""},"product_brand":[],"product_cat":[73,15,57],"product_tag":[19,20,21],"class_list":{"0":"post-19420","1":"product","2":"type-product","3":"status-publish","4":"has-post-thumbnail","6":"product_cat-servidores-hp-ibm-cisco","7":"product_cat-servidores-hp","8":"product_cat-servidores-hp-2","9":"product_tag-comprar-servidor-hp-ml110-bogota","10":"product_tag-servidor-hp-proliant-ml110-g9","11":"product_tag-soporte-para-servidores-hp-colombia","13":"first","14":"instock","15":"shipping-taxable","16":"product-type-simple"},"yoast_head":"<!-- This site is optimized with the Yoast SEO plugin v27.5 - https:\/\/yoast.com\/product\/yoast-seo-wordpress\/ -->\n<title>Servidor HP ML110 ProLiant v4 Gen9 - Servidores HP - Nuevos - Usados - Alquiler<\/title>\n<meta name=\"description\" content=\"Servidor HP ML110 ProLiant v4 Gen9 - - Precio y Disponibilidad en Bogota - Colombia - servidor-hp.com.co\" \/>\n<meta name=\"robots\" content=\"index, follow, max-snippet:-1, max-image-preview:large, max-video-preview:-1\" \/>\n<link rel=\"canonical\" href=\"https:\/\/servidor-hp.com.co\/netcomp\/servidores\/servidores-hp\/servidores-hp-2\/hp-servidor-proliant-ml110-v4-gen9\/\" \/>\n<meta property=\"og:locale\" content=\"es_ES\" \/>\n<meta property=\"og:type\" content=\"article\" \/>\n<meta property=\"og:title\" content=\"Servidor HP ML110 ProLiant v4 Gen9 - Servidores HP - Nuevos - Usados - Alquiler\" \/>\n<meta property=\"og:description\" content=\"Servidor HP ML110 ProLiant v4 Gen9 - - Precio y Disponibilidad en Bogota - Colombia - servidor-hp.com.co\" \/>\n<meta property=\"og:url\" content=\"https:\/\/servidor-hp.com.co\/netcomp\/servidores\/servidores-hp\/servidores-hp-2\/hp-servidor-proliant-ml110-v4-gen9\/\" \/>\n<meta property=\"og:site_name\" content=\"Servidores HP - Nuevos - Usados - Alquiler\" \/>\n<meta property=\"article:modified_time\" content=\"2023-08-06T13:02:37+00:00\" \/>\n<meta property=\"og:image\" content=\"https:\/\/servidor-hp.com.co\/netcomp\/wp-content\/uploads\/2016\/03\/Servidor-HP-ProLiant-ML110-Gen9-E5-2603v3-8-GB-R-B140i-4-LFF-NHP-550-W-PS-e1604029092278.png\" \/>\n\t<meta property=\"og:image:width\" content=\"450\" \/>\n\t<meta property=\"og:image:height\" content=\"338\" \/>\n\t<meta property=\"og:image:type\" content=\"image\/png\" \/>\n<meta name=\"twitter:card\" content=\"summary_large_image\" \/>\n<meta name=\"twitter:label1\" content=\"Tiempo de lectura\" \/>\n\t<meta name=\"twitter:data1\" content=\"1 minuto\" \/>\n<script type=\"application\/ld+json\" class=\"yoast-schema-graph\">{\"@context\":\"https:\\\/\\\/schema.org\",\"@graph\":[{\"@type\":\"WebPage\",\"@id\":\"https:\\\/\\\/servidor-hp.com.co\\\/netcomp\\\/servidores\\\/servidores-hp\\\/servidores-hp-2\\\/hp-servidor-proliant-ml110-v4-gen9\\\/\",\"url\":\"https:\\\/\\\/servidor-hp.com.co\\\/netcomp\\\/servidores\\\/servidores-hp\\\/servidores-hp-2\\\/hp-servidor-proliant-ml110-v4-gen9\\\/\",\"name\":\"Servidor HP ML110 ProLiant v4 Gen9 - Servidores HP - Nuevos - Usados - Alquiler\",\"isPartOf\":{\"@id\":\"https:\\\/\\\/servidor-hp.com.co\\\/netcomp\\\/#website\"},\"primaryImageOfPage\":{\"@id\":\"https:\\\/\\\/servidor-hp.com.co\\\/netcomp\\\/servidores\\\/servidores-hp\\\/servidores-hp-2\\\/hp-servidor-proliant-ml110-v4-gen9\\\/#primaryimage\"},\"image\":{\"@id\":\"https:\\\/\\\/servidor-hp.com.co\\\/netcomp\\\/servidores\\\/servidores-hp\\\/servidores-hp-2\\\/hp-servidor-proliant-ml110-v4-gen9\\\/#primaryimage\"},\"thumbnailUrl\":\"https:\\\/\\\/servidor-hp.com.co\\\/netcomp\\\/wp-content\\\/uploads\\\/2016\\\/03\\\/Servidor-HP-ProLiant-ML110-Gen9-E5-2603v3-8-GB-R-B140i-4-LFF-NHP-550-W-PS-e1604029092278.png\",\"datePublished\":\"2017-05-22T23:05:15+00:00\",\"dateModified\":\"2023-08-06T13:02:37+00:00\",\"description\":\"Servidor HP ML110 ProLiant v4 Gen9 - - Precio y Disponibilidad en Bogota - Colombia - servidor-hp.com.co\",\"breadcrumb\":{\"@id\":\"https:\\\/\\\/servidor-hp.com.co\\\/netcomp\\\/servidores\\\/servidores-hp\\\/servidores-hp-2\\\/hp-servidor-proliant-ml110-v4-gen9\\\/#breadcrumb\"},\"inLanguage\":\"es\",\"potentialAction\":[{\"@type\":\"ReadAction\",\"target\":[\"https:\\\/\\\/servidor-hp.com.co\\\/netcomp\\\/servidores\\\/servidores-hp\\\/servidores-hp-2\\\/hp-servidor-proliant-ml110-v4-gen9\\\/\"]}]},{\"@type\":\"ImageObject\",\"inLanguage\":\"es\",\"@id\":\"https:\\\/\\\/servidor-hp.com.co\\\/netcomp\\\/servidores\\\/servidores-hp\\\/servidores-hp-2\\\/hp-servidor-proliant-ml110-v4-gen9\\\/#primaryimage\",\"url\":\"https:\\\/\\\/servidor-hp.com.co\\\/netcomp\\\/wp-content\\\/uploads\\\/2016\\\/03\\\/Servidor-HP-ProLiant-ML110-Gen9-E5-2603v3-8-GB-R-B140i-4-LFF-NHP-550-W-PS-e1604029092278.png\",\"contentUrl\":\"https:\\\/\\\/servidor-hp.com.co\\\/netcomp\\\/wp-content\\\/uploads\\\/2016\\\/03\\\/Servidor-HP-ProLiant-ML110-Gen9-E5-2603v3-8-GB-R-B140i-4-LFF-NHP-550-W-PS-e1604029092278.png\",\"width\":450,\"height\":338,\"caption\":\"Servidor-HP-ProLiant-ML110-Gen9-\"},{\"@type\":\"BreadcrumbList\",\"@id\":\"https:\\\/\\\/servidor-hp.com.co\\\/netcomp\\\/servidores\\\/servidores-hp\\\/servidores-hp-2\\\/hp-servidor-proliant-ml110-v4-gen9\\\/#breadcrumb\",\"itemListElement\":[{\"@type\":\"ListItem\",\"position\":1,\"name\":\"Portada\",\"item\":\"https:\\\/\\\/servidor-hp.com.co\\\/netcomp\\\/\"},{\"@type\":\"ListItem\",\"position\":2,\"name\":\"Tienda\",\"item\":\"https:\\\/\\\/servidor-hp.com.co\\\/netcomp\\\/servidores\\\/\"},{\"@type\":\"ListItem\",\"position\":3,\"name\":\"HP Servidor ProLiant ML110 v4 Gen9\"}]},{\"@type\":\"WebSite\",\"@id\":\"https:\\\/\\\/servidor-hp.com.co\\\/netcomp\\\/#website\",\"url\":\"https:\\\/\\\/servidor-hp.com.co\\\/netcomp\\\/\",\"name\":\"Servidores HP - Nuevos - Usados - Alquiler\",\"description\":\"Tels: (+57) 316 878 8749\",\"alternateName\":\"Servidores HP DELL LENOVO IBM\",\"potentialAction\":[{\"@type\":\"SearchAction\",\"target\":{\"@type\":\"EntryPoint\",\"urlTemplate\":\"https:\\\/\\\/servidor-hp.com.co\\\/netcomp\\\/?s={search_term_string}\"},\"query-input\":{\"@type\":\"PropertyValueSpecification\",\"valueRequired\":true,\"valueName\":\"search_term_string\"}}],\"inLanguage\":\"es\"}]}<\/script>\n<!-- \/ Yoast SEO plugin. -->","yoast_head_json":{"title":"Servidor HP ML110 ProLiant v4 Gen9 - Servidores HP - Nuevos - Usados - Alquiler","description":"Servidor HP ML110 ProLiant v4 Gen9 - - Precio y Disponibilidad en Bogota - Colombia - servidor-hp.com.co","robots":{"index":"index","follow":"follow","max-snippet":"max-snippet:-1","max-image-preview":"max-image-preview:large","max-video-preview":"max-video-preview:-1"},"canonical":"https:\/\/servidor-hp.com.co\/netcomp\/servidores\/servidores-hp\/servidores-hp-2\/hp-servidor-proliant-ml110-v4-gen9\/","og_locale":"es_ES","og_type":"article","og_title":"Servidor HP ML110 ProLiant v4 Gen9 - Servidores HP - Nuevos - Usados - Alquiler","og_description":"Servidor HP ML110 ProLiant v4 Gen9 - - Precio y Disponibilidad en Bogota - Colombia - servidor-hp.com.co","og_url":"https:\/\/servidor-hp.com.co\/netcomp\/servidores\/servidores-hp\/servidores-hp-2\/hp-servidor-proliant-ml110-v4-gen9\/","og_site_name":"Servidores HP - Nuevos - Usados - Alquiler","article_modified_time":"2023-08-06T13:02:37+00:00","og_image":[{"width":450,"height":338,"url":"https:\/\/servidor-hp.com.co\/netcomp\/wp-content\/uploads\/2016\/03\/Servidor-HP-ProLiant-ML110-Gen9-E5-2603v3-8-GB-R-B140i-4-LFF-NHP-550-W-PS-e1604029092278.png","type":"image\/png"}],"twitter_card":"summary_large_image","twitter_misc":{"Tiempo de lectura":"1 minuto"},"schema":{"@context":"https:\/\/schema.org","@graph":[{"@type":"WebPage","@id":"https:\/\/servidor-hp.com.co\/netcomp\/servidores\/servidores-hp\/servidores-hp-2\/hp-servidor-proliant-ml110-v4-gen9\/","url":"https:\/\/servidor-hp.com.co\/netcomp\/servidores\/servidores-hp\/servidores-hp-2\/hp-servidor-proliant-ml110-v4-gen9\/","name":"Servidor HP ML110 ProLiant v4 Gen9 - Servidores HP - Nuevos - Usados - Alquiler","isPartOf":{"@id":"https:\/\/servidor-hp.com.co\/netcomp\/#website"},"primaryImageOfPage":{"@id":"https:\/\/servidor-hp.com.co\/netcomp\/servidores\/servidores-hp\/servidores-hp-2\/hp-servidor-proliant-ml110-v4-gen9\/#primaryimage"},"image":{"@id":"https:\/\/servidor-hp.com.co\/netcomp\/servidores\/servidores-hp\/servidores-hp-2\/hp-servidor-proliant-ml110-v4-gen9\/#primaryimage"},"thumbnailUrl":"https:\/\/servidor-hp.com.co\/netcomp\/wp-content\/uploads\/2016\/03\/Servidor-HP-ProLiant-ML110-Gen9-E5-2603v3-8-GB-R-B140i-4-LFF-NHP-550-W-PS-e1604029092278.png","datePublished":"2017-05-22T23:05:15+00:00","dateModified":"2023-08-06T13:02:37+00:00","description":"Servidor HP ML110 ProLiant v4 Gen9 - - Precio y Disponibilidad en Bogota - Colombia - servidor-hp.com.co","breadcrumb":{"@id":"https:\/\/servidor-hp.com.co\/netcomp\/servidores\/servidores-hp\/servidores-hp-2\/hp-servidor-proliant-ml110-v4-gen9\/#breadcrumb"},"inLanguage":"es","potentialAction":[{"@type":"ReadAction","target":["https:\/\/servidor-hp.com.co\/netcomp\/servidores\/servidores-hp\/servidores-hp-2\/hp-servidor-proliant-ml110-v4-gen9\/"]}]},{"@type":"ImageObject","inLanguage":"es","@id":"https:\/\/servidor-hp.com.co\/netcomp\/servidores\/servidores-hp\/servidores-hp-2\/hp-servidor-proliant-ml110-v4-gen9\/#primaryimage","url":"https:\/\/servidor-hp.com.co\/netcomp\/wp-content\/uploads\/2016\/03\/Servidor-HP-ProLiant-ML110-Gen9-E5-2603v3-8-GB-R-B140i-4-LFF-NHP-550-W-PS-e1604029092278.png","contentUrl":"https:\/\/servidor-hp.com.co\/netcomp\/wp-content\/uploads\/2016\/03\/Servidor-HP-ProLiant-ML110-Gen9-E5-2603v3-8-GB-R-B140i-4-LFF-NHP-550-W-PS-e1604029092278.png","width":450,"height":338,"caption":"Servidor-HP-ProLiant-ML110-Gen9-"},{"@type":"BreadcrumbList","@id":"https:\/\/servidor-hp.com.co\/netcomp\/servidores\/servidores-hp\/servidores-hp-2\/hp-servidor-proliant-ml110-v4-gen9\/#breadcrumb","itemListElement":[{"@type":"ListItem","position":1,"name":"Portada","item":"https:\/\/servidor-hp.com.co\/netcomp\/"},{"@type":"ListItem","position":2,"name":"Tienda","item":"https:\/\/servidor-hp.com.co\/netcomp\/servidores\/"},{"@type":"ListItem","position":3,"name":"HP Servidor ProLiant ML110 v4 Gen9"}]},{"@type":"WebSite","@id":"https:\/\/servidor-hp.com.co\/netcomp\/#website","url":"https:\/\/servidor-hp.com.co\/netcomp\/","name":"Servidores HP - Nuevos - Usados - Alquiler","description":"Tels: (+57) 316 878 8749","alternateName":"Servidores HP DELL LENOVO IBM","potentialAction":[{"@type":"SearchAction","target":{"@type":"EntryPoint","urlTemplate":"https:\/\/servidor-hp.com.co\/netcomp\/?s={search_term_string}"},"query-input":{"@type":"PropertyValueSpecification","valueRequired":true,"valueName":"search_term_string"}}],"inLanguage":"es"}]}},"_links":{"self":[{"href":"https:\/\/servidor-hp.com.co\/netcomp\/wp-json\/wp\/v2\/product\/19420","targetHints":{"allow":["GET"]}}],"collection":[{"href":"https:\/\/servidor-hp.com.co\/netcomp\/wp-json\/wp\/v2\/product"}],"about":[{"href":"https:\/\/servidor-hp.com.co\/netcomp\/wp-json\/wp\/v2\/types\/product"}],"replies":[{"embeddable":true,"href":"https:\/\/servidor-hp.com.co\/netcomp\/wp-json\/wp\/v2\/comments?post=19420"}],"wp:featuredmedia":[{"embeddable":true,"href":"https:\/\/servidor-hp.com.co\/netcomp\/wp-json\/wp\/v2\/media\/326"}],"wp:attachment":[{"href":"https:\/\/servidor-hp.com.co\/netcomp\/wp-json\/wp\/v2\/media?parent=19420"}],"wp:term":[{"taxonomy":"product_brand","embeddable":true,"href":"https:\/\/servidor-hp.com.co\/netcomp\/wp-json\/wp\/v2\/product_brand?post=19420"},{"taxonomy":"product_cat","embeddable":true,"href":"https:\/\/servidor-hp.com.co\/netcomp\/wp-json\/wp\/v2\/product_cat?post=19420"},{"taxonomy":"product_tag","embeddable":true,"href":"https:\/\/servidor-hp.com.co\/netcomp\/wp-json\/wp\/v2\/product_tag?post=19420"}],"curies":[{"name":"wp","href":"https:\/\/api.w.org\/{rel}","templated":true}]}}