{"id":19290,"date":"2016-02-06T08:25:04","date_gmt":"2016-02-06T13:25:04","guid":{"rendered":"http:\/\/servidor-hp.com.co\/netcomp\/servidores\/inicio\/servidores-hp-ibm-cisco\/disco-duro-759208-b21-hp-300gb-12g-sas-15k-25in-sc-ent-2\/"},"modified":"2021-04-12T10:48:22","modified_gmt":"2021-04-12T15:48:22","slug":"disco-duro-759208-b21-hp-300gb-12g-sas-15k-25in-sc-ent-2","status":"publish","type":"product","link":"https:\/\/servidor-hp.com.co\/netcomp\/servidores\/servidores-hp\/accesorios\/disco-duro-759208-b21-hp-300gb-12g-sas-15k-25in-sc-ent-2\/","title":{"rendered":"Disco Duro HP 300GB 12G SAS 15K 2.5in SC ENT &#8211; 759208-B21"},"content":{"rendered":"<h1 style=\"text-align: center;\"><span style=\"font-size: 24pt;\"><strong><span style=\"color: #333399; font-family: tahoma, arial, helvetica, sans-serif;\">DISCO DURO HP 300GB 12G SAS 15K 2.5in SC ENT<\/span><\/strong><\/span><\/h1>\n<p><span style=\"font-family: tahoma, arial, helvetica, sans-serif; font-size: 12pt;\">\u00a0<\/span><\/p>\n<h1><span style=\"font-size: 12pt; font-family: tahoma, arial, helvetica, sans-serif;\">N-P : 759208-B21\u00a0&#8211;\u00a0Disco Duro 759208-B21\u00a0&#8211;\u00a0HP 300GB 12G SAS 15K 2.5in SC ENT<\/span><\/h1>\n<ul>\n<li><span style=\"font-family: tahoma, arial, helvetica, sans-serif; font-size: 12pt;\">Capacidad:\u00a0300,000MB<\/span><\/li>\n<li><span style=\"font-family: tahoma, arial, helvetica, sans-serif; font-size: 12pt;\">Interface SAS<\/span><\/li>\n<li><span style=\"font-family: tahoma, arial, helvetica, sans-serif;\"><span style=\"font-size: 12pt;\">Transfer Rate Synchronous (Maximum) 12 Gb\/sec<\/span><span style=\"font-size: 12pt;\">\u00a0<\/span><\/span><\/li>\n<\/ul>\n<h2><span style=\"font-size: 14pt; color: #000000; font-family: tahoma, arial, helvetica, sans-serif;\">Las unidades de disco duro HP SAS de gama media y Enterprise ofrecen soluciones de alto rendimiento para alojar aplicaciones basadas en transacciones altas. Disponibles en portadoras HP con o sin conexi\u00f3n en caliente. Las unidades de disco duro HP SAS Enterprise y Midline vienen en factor de forma est\u00e1ndar del sector peque\u00f1os 2,5 pulg. (SFF) y grandes 3,5 pulg. (LFF) y est\u00e1n disponibles en una variedad de puntos de capacidad para satisfacer una amplia gama de necesidades. La interfaz SAS fue dise\u00f1ada y creada para lograr una alta disponibilidad, almacenamiento de datos de clase empresarial donde el rendimiento, la fiabilidad y la integridad de los datos son cruciales.<\/span><\/h2>\n<div><span style=\"font-family: tahoma, arial, helvetica, sans-serif;\"><span style=\"font-size: 16px;\">\u00a0<\/span><\/span><\/div>\n<div><span style=\"font-family: tahoma, arial, helvetica, sans-serif;\"><span style=\"font-size: 16px;\">\u00a0<\/span><\/span><\/div>\n<div><span style=\"font-family: tahoma, arial, helvetica, sans-serif;\"><span style=\"font-size: 16px;\">\u00a0<\/span><\/span><\/div>\n<h3 style=\"text-align: center;\"><span style=\"font-family: tahoma, arial, helvetica, sans-serif; font-size: 14pt;\"><a title=\"Tienda - Precio y Venta Servidores HP\" href=\"https:\/\/netcomp.co\/es\/132-servidores-hp-lenovo-dell-partes\" target=\"_blank\" rel=\"noopener noreferrer\"><strong>COMPRAR &#8211; DISPONEMOS DE UNA AMPLIA GAMA DE SERVIDORES HP PROLIANT PARA <\/strong><\/a><\/span><\/h3>\n<h3 style=\"text-align: center;\"><span style=\"font-family: tahoma, arial, helvetica, sans-serif; font-size: 14pt;\"><a title=\"Tienda - Precio y Venta Servidores HP\" href=\"https:\/\/netcomp.co\/es\/132-servidores-hp-lenovo-dell-partes\" target=\"_blank\" rel=\"noopener noreferrer\"><strong>VENTA \/ ARRENDAMIENTO \/ ALQUILER : <\/strong><\/a><\/span><\/h3>\n<h3 style=\"text-align: center;\"><a title=\"Tienda - Precio y Venta Servidores HP\" href=\"https:\/\/netcomp.co\/es\/132-servidores-hp-lenovo-dell-partes\" target=\"_blank\" rel=\"noopener noreferrer\"><span style=\"font-family: tahoma, arial, helvetica, sans-serif; font-size: 14pt;\"><strong>ML350 \/ ML150 \/ DL320 \/ DL360 \/ DL380 <\/strong><\/span><strong><span style=\"font-family: tahoma, arial, helvetica, sans-serif; font-size: 14pt;\">PARA COMPRAR CLICK AQUI!<\/span><\/strong><\/a><\/h3>\n<p>&nbsp;<\/p>\n<h2><strong><a href=\"https:\/\/api.whatsapp.com\/send?phone=573168788749\" target=\"_blank\" rel=\"noopener noreferrer\"><img loading=\"lazy\" decoding=\"async\" class=\"wp-image-20467 aligncenter\" src=\"http:\/\/cableado-estructurado.com.co\/netcomp\/wp-content\/uploads\/2018\/07\/whatsapp-logo-mensaje.jpg\" alt=\"\" width=\"290\" height=\"220\" \/><\/a><\/strong><\/h2>\n<h2><img loading=\"lazy\" decoding=\"async\" class=\"wp-image-21775 aligncenter\" src=\"https:\/\/servidor-hp.com.co\/netcomp\/wp-content\/uploads\/2019\/05\/boton-ventas-servidor.png\" alt=\"\" width=\"495\" height=\"153\" \/><\/h2>\n<h2 style=\"text-align: center;\"><\/h2>\n<p>&nbsp;<\/p>\n<p>&nbsp;<\/p>\n","protected":false},"excerpt":{"rendered":"<h3><span style=\"font-size: 14pt;\">Rendimiento y fiabilidad para entornos de aplicaciones m\u00faltiples<\/span><\/h3>\n<ul>\n<li><span style=\"font-size: 14pt;\">Las unidades de disco duro HPE Server Enterprise son ideales para el procesamiento de transacciones, aplicaciones de base de datos, an\u00e1lisis de Big Data y computaci\u00f3n de alto rendimiento.<\/span><\/li>\n<li><span style=\"font-size: 14pt;\">El extenso portafolio de soluciones optimizadas proporciona hasta 1,8 TB de almacenamiento en un espacio m\u00e1s peque\u00f1o.<\/span><\/li>\n<li><span style=\"font-size: 14pt;\">Unidades eficaces para centros de datos con espacio y energ\u00eda limitada.<\/span><\/li>\n<li><span style=\"font-size: 14pt;\">Interfaz SAS de 12 G m\u00e1s nueva para un mayor rendimiento.<\/span><\/li>\n<\/ul>\n","protected":false},"featured_media":19384,"comment_status":"open","ping_status":"closed","template":"","meta":{"_et_pb_use_builder":"","_et_pb_old_content":"","_et_gb_content_width":""},"product_brand":[],"product_cat":[83,15],"product_tag":[20145,516,518,20146,576,356,577,17674,17851],"class_list":{"0":"post-19290","1":"product","2":"type-product","3":"status-publish","4":"has-post-thumbnail","6":"product_cat-accesorios","7":"product_cat-servidores-hp","8":"product_tag-759208-b21","9":"product_tag-disco-duro-sas","10":"product_tag-hp","11":"product_tag-hp-300gb","12":"product_tag-instalacion-en-colombia","13":"product_tag-netcomp-co","14":"product_tag-precio-en-colombia","15":"product_tag-sas","16":"product_tag-venta-de-sistemas-para-videoconf","18":"first","19":"instock","20":"shipping-taxable","21":"product-type-simple"},"yoast_head":"<!-- This site is optimized with the Yoast SEO plugin v27.2 - https:\/\/yoast.com\/product\/yoast-seo-wordpress\/ -->\n<title>Disco Duro HP 300GB 12G SAS 15K 2.5in SC ENT - 759208-B21 - Servidores HP - Nuevos - Usados - Alquiler<\/title>\n<meta name=\"description\" content=\"Disco Duro HP 300GB 12G SAS 15K 2.5in SC ENT - 759208-B21 - - Precio y Disponibilidad en Bogota - Colombia - servidor-hp.com.co\" \/>\n<meta name=\"robots\" content=\"index, follow, max-snippet:-1, max-image-preview:large, max-video-preview:-1\" \/>\n<link rel=\"canonical\" href=\"https:\/\/servidor-hp.com.co\/netcomp\/servidores\/servidores-hp\/accesorios\/disco-duro-759208-b21-hp-300gb-12g-sas-15k-25in-sc-ent-2\/\" \/>\n<meta property=\"og:locale\" content=\"es_ES\" \/>\n<meta property=\"og:type\" content=\"article\" \/>\n<meta property=\"og:title\" content=\"Disco Duro HP 300GB 12G SAS 15K 2.5in SC ENT - 759208-B21 - Servidores HP - Nuevos - Usados - Alquiler\" \/>\n<meta property=\"og:description\" content=\"Disco Duro HP 300GB 12G SAS 15K 2.5in SC ENT - 759208-B21 - - Precio y Disponibilidad en Bogota - Colombia - servidor-hp.com.co\" \/>\n<meta property=\"og:url\" content=\"https:\/\/servidor-hp.com.co\/netcomp\/servidores\/servidores-hp\/accesorios\/disco-duro-759208-b21-hp-300gb-12g-sas-15k-25in-sc-ent-2\/\" \/>\n<meta property=\"og:site_name\" content=\"Servidores HP - Nuevos - Usados - Alquiler\" \/>\n<meta property=\"article:modified_time\" content=\"2021-04-12T15:48:22+00:00\" \/>\n<meta property=\"og:image\" content=\"https:\/\/servidor-hp.com.co\/netcomp\/wp-content\/uploads\/2016\/02\/disco-duro-785067-b21-hp-disco-duro-300-gb-sas-12g-10krpm-gen-9-e1597805885706.png\" \/>\n\t<meta property=\"og:image:width\" content=\"450\" \/>\n\t<meta property=\"og:image:height\" content=\"450\" \/>\n\t<meta property=\"og:image:type\" content=\"image\/png\" \/>\n<meta name=\"twitter:card\" content=\"summary_large_image\" \/>\n<meta name=\"twitter:label1\" content=\"Tiempo de lectura\" \/>\n\t<meta name=\"twitter:data1\" content=\"1 minuto\" \/>\n<script type=\"application\/ld+json\" class=\"yoast-schema-graph\">{\"@context\":\"https:\/\/schema.org\",\"@graph\":[{\"@type\":\"WebPage\",\"@id\":\"https:\/\/servidor-hp.com.co\/netcomp\/servidores\/servidores-hp\/accesorios\/disco-duro-759208-b21-hp-300gb-12g-sas-15k-25in-sc-ent-2\/\",\"url\":\"https:\/\/servidor-hp.com.co\/netcomp\/servidores\/servidores-hp\/accesorios\/disco-duro-759208-b21-hp-300gb-12g-sas-15k-25in-sc-ent-2\/\",\"name\":\"Disco Duro HP 300GB 12G SAS 15K 2.5in SC ENT - 759208-B21 - Servidores HP - Nuevos - Usados - Alquiler\",\"isPartOf\":{\"@id\":\"https:\/\/servidor-hp.com.co\/netcomp\/#website\"},\"primaryImageOfPage\":{\"@id\":\"https:\/\/servidor-hp.com.co\/netcomp\/servidores\/servidores-hp\/accesorios\/disco-duro-759208-b21-hp-300gb-12g-sas-15k-25in-sc-ent-2\/#primaryimage\"},\"image\":{\"@id\":\"https:\/\/servidor-hp.com.co\/netcomp\/servidores\/servidores-hp\/accesorios\/disco-duro-759208-b21-hp-300gb-12g-sas-15k-25in-sc-ent-2\/#primaryimage\"},\"thumbnailUrl\":\"https:\/\/servidor-hp.com.co\/netcomp\/wp-content\/uploads\/2016\/02\/disco-duro-785067-b21-hp-disco-duro-300-gb-sas-12g-10krpm-gen-9-e1597805885706.png\",\"datePublished\":\"2016-02-06T13:25:04+00:00\",\"dateModified\":\"2021-04-12T15:48:22+00:00\",\"description\":\"Disco Duro HP 300GB 12G SAS 15K 2.5in SC ENT - 759208-B21 - - Precio y Disponibilidad en Bogota - Colombia - servidor-hp.com.co\",\"breadcrumb\":{\"@id\":\"https:\/\/servidor-hp.com.co\/netcomp\/servidores\/servidores-hp\/accesorios\/disco-duro-759208-b21-hp-300gb-12g-sas-15k-25in-sc-ent-2\/#breadcrumb\"},\"inLanguage\":\"es\",\"potentialAction\":[{\"@type\":\"ReadAction\",\"target\":[\"https:\/\/servidor-hp.com.co\/netcomp\/servidores\/servidores-hp\/accesorios\/disco-duro-759208-b21-hp-300gb-12g-sas-15k-25in-sc-ent-2\/\"]}]},{\"@type\":\"ImageObject\",\"inLanguage\":\"es\",\"@id\":\"https:\/\/servidor-hp.com.co\/netcomp\/servidores\/servidores-hp\/accesorios\/disco-duro-759208-b21-hp-300gb-12g-sas-15k-25in-sc-ent-2\/#primaryimage\",\"url\":\"https:\/\/servidor-hp.com.co\/netcomp\/wp-content\/uploads\/2016\/02\/disco-duro-785067-b21-hp-disco-duro-300-gb-sas-12g-10krpm-gen-9-e1597805885706.png\",\"contentUrl\":\"https:\/\/servidor-hp.com.co\/netcomp\/wp-content\/uploads\/2016\/02\/disco-duro-785067-b21-hp-disco-duro-300-gb-sas-12g-10krpm-gen-9-e1597805885706.png\",\"width\":450,\"height\":450,\"caption\":\"Disco Duro Para Servidor Proliant HP\"},{\"@type\":\"BreadcrumbList\",\"@id\":\"https:\/\/servidor-hp.com.co\/netcomp\/servidores\/servidores-hp\/accesorios\/disco-duro-759208-b21-hp-300gb-12g-sas-15k-25in-sc-ent-2\/#breadcrumb\",\"itemListElement\":[{\"@type\":\"ListItem\",\"position\":1,\"name\":\"Portada\",\"item\":\"https:\/\/servidor-hp.com.co\/netcomp\/\"},{\"@type\":\"ListItem\",\"position\":2,\"name\":\"Tienda\",\"item\":\"https:\/\/servidor-hp.com.co\/netcomp\/servidores\/\"},{\"@type\":\"ListItem\",\"position\":3,\"name\":\"Disco Duro HP 300GB 12G SAS 15K 2.5in SC ENT &#8211; 759208-B21\"}]},{\"@type\":\"WebSite\",\"@id\":\"https:\/\/servidor-hp.com.co\/netcomp\/#website\",\"url\":\"https:\/\/servidor-hp.com.co\/netcomp\/\",\"name\":\"Servidores HP - Nuevos - Usados - Alquiler\",\"description\":\"Tels: (+57) 316 878 8749\",\"alternateName\":\"Servidores HP DELL LENOVO IBM\",\"potentialAction\":[{\"@type\":\"SearchAction\",\"target\":{\"@type\":\"EntryPoint\",\"urlTemplate\":\"https:\/\/servidor-hp.com.co\/netcomp\/?s={search_term_string}\"},\"query-input\":{\"@type\":\"PropertyValueSpecification\",\"valueRequired\":true,\"valueName\":\"search_term_string\"}}],\"inLanguage\":\"es\"}]}<\/script>\n<!-- \/ Yoast SEO plugin. -->","yoast_head_json":{"title":"Disco Duro HP 300GB 12G SAS 15K 2.5in SC ENT - 759208-B21 - Servidores HP - Nuevos - Usados - Alquiler","description":"Disco Duro HP 300GB 12G SAS 15K 2.5in SC ENT - 759208-B21 - - Precio y Disponibilidad en Bogota - Colombia - servidor-hp.com.co","robots":{"index":"index","follow":"follow","max-snippet":"max-snippet:-1","max-image-preview":"max-image-preview:large","max-video-preview":"max-video-preview:-1"},"canonical":"https:\/\/servidor-hp.com.co\/netcomp\/servidores\/servidores-hp\/accesorios\/disco-duro-759208-b21-hp-300gb-12g-sas-15k-25in-sc-ent-2\/","og_locale":"es_ES","og_type":"article","og_title":"Disco Duro HP 300GB 12G SAS 15K 2.5in SC ENT - 759208-B21 - Servidores HP - Nuevos - Usados - Alquiler","og_description":"Disco Duro HP 300GB 12G SAS 15K 2.5in SC ENT - 759208-B21 - - Precio y Disponibilidad en Bogota - Colombia - servidor-hp.com.co","og_url":"https:\/\/servidor-hp.com.co\/netcomp\/servidores\/servidores-hp\/accesorios\/disco-duro-759208-b21-hp-300gb-12g-sas-15k-25in-sc-ent-2\/","og_site_name":"Servidores HP - Nuevos - Usados - Alquiler","article_modified_time":"2021-04-12T15:48:22+00:00","og_image":[{"width":450,"height":450,"url":"https:\/\/servidor-hp.com.co\/netcomp\/wp-content\/uploads\/2016\/02\/disco-duro-785067-b21-hp-disco-duro-300-gb-sas-12g-10krpm-gen-9-e1597805885706.png","type":"image\/png"}],"twitter_card":"summary_large_image","twitter_misc":{"Tiempo de lectura":"1 minuto"},"schema":{"@context":"https:\/\/schema.org","@graph":[{"@type":"WebPage","@id":"https:\/\/servidor-hp.com.co\/netcomp\/servidores\/servidores-hp\/accesorios\/disco-duro-759208-b21-hp-300gb-12g-sas-15k-25in-sc-ent-2\/","url":"https:\/\/servidor-hp.com.co\/netcomp\/servidores\/servidores-hp\/accesorios\/disco-duro-759208-b21-hp-300gb-12g-sas-15k-25in-sc-ent-2\/","name":"Disco Duro HP 300GB 12G SAS 15K 2.5in SC ENT - 759208-B21 - Servidores HP - Nuevos - Usados - Alquiler","isPartOf":{"@id":"https:\/\/servidor-hp.com.co\/netcomp\/#website"},"primaryImageOfPage":{"@id":"https:\/\/servidor-hp.com.co\/netcomp\/servidores\/servidores-hp\/accesorios\/disco-duro-759208-b21-hp-300gb-12g-sas-15k-25in-sc-ent-2\/#primaryimage"},"image":{"@id":"https:\/\/servidor-hp.com.co\/netcomp\/servidores\/servidores-hp\/accesorios\/disco-duro-759208-b21-hp-300gb-12g-sas-15k-25in-sc-ent-2\/#primaryimage"},"thumbnailUrl":"https:\/\/servidor-hp.com.co\/netcomp\/wp-content\/uploads\/2016\/02\/disco-duro-785067-b21-hp-disco-duro-300-gb-sas-12g-10krpm-gen-9-e1597805885706.png","datePublished":"2016-02-06T13:25:04+00:00","dateModified":"2021-04-12T15:48:22+00:00","description":"Disco Duro HP 300GB 12G SAS 15K 2.5in SC ENT - 759208-B21 - - Precio y Disponibilidad en Bogota - Colombia - servidor-hp.com.co","breadcrumb":{"@id":"https:\/\/servidor-hp.com.co\/netcomp\/servidores\/servidores-hp\/accesorios\/disco-duro-759208-b21-hp-300gb-12g-sas-15k-25in-sc-ent-2\/#breadcrumb"},"inLanguage":"es","potentialAction":[{"@type":"ReadAction","target":["https:\/\/servidor-hp.com.co\/netcomp\/servidores\/servidores-hp\/accesorios\/disco-duro-759208-b21-hp-300gb-12g-sas-15k-25in-sc-ent-2\/"]}]},{"@type":"ImageObject","inLanguage":"es","@id":"https:\/\/servidor-hp.com.co\/netcomp\/servidores\/servidores-hp\/accesorios\/disco-duro-759208-b21-hp-300gb-12g-sas-15k-25in-sc-ent-2\/#primaryimage","url":"https:\/\/servidor-hp.com.co\/netcomp\/wp-content\/uploads\/2016\/02\/disco-duro-785067-b21-hp-disco-duro-300-gb-sas-12g-10krpm-gen-9-e1597805885706.png","contentUrl":"https:\/\/servidor-hp.com.co\/netcomp\/wp-content\/uploads\/2016\/02\/disco-duro-785067-b21-hp-disco-duro-300-gb-sas-12g-10krpm-gen-9-e1597805885706.png","width":450,"height":450,"caption":"Disco Duro Para Servidor Proliant HP"},{"@type":"BreadcrumbList","@id":"https:\/\/servidor-hp.com.co\/netcomp\/servidores\/servidores-hp\/accesorios\/disco-duro-759208-b21-hp-300gb-12g-sas-15k-25in-sc-ent-2\/#breadcrumb","itemListElement":[{"@type":"ListItem","position":1,"name":"Portada","item":"https:\/\/servidor-hp.com.co\/netcomp\/"},{"@type":"ListItem","position":2,"name":"Tienda","item":"https:\/\/servidor-hp.com.co\/netcomp\/servidores\/"},{"@type":"ListItem","position":3,"name":"Disco Duro HP 300GB 12G SAS 15K 2.5in SC ENT &#8211; 759208-B21"}]},{"@type":"WebSite","@id":"https:\/\/servidor-hp.com.co\/netcomp\/#website","url":"https:\/\/servidor-hp.com.co\/netcomp\/","name":"Servidores HP - Nuevos - Usados - Alquiler","description":"Tels: (+57) 316 878 8749","alternateName":"Servidores HP DELL LENOVO IBM","potentialAction":[{"@type":"SearchAction","target":{"@type":"EntryPoint","urlTemplate":"https:\/\/servidor-hp.com.co\/netcomp\/?s={search_term_string}"},"query-input":{"@type":"PropertyValueSpecification","valueRequired":true,"valueName":"search_term_string"}}],"inLanguage":"es"}]}},"_links":{"self":[{"href":"https:\/\/servidor-hp.com.co\/netcomp\/wp-json\/wp\/v2\/product\/19290","targetHints":{"allow":["GET"]}}],"collection":[{"href":"https:\/\/servidor-hp.com.co\/netcomp\/wp-json\/wp\/v2\/product"}],"about":[{"href":"https:\/\/servidor-hp.com.co\/netcomp\/wp-json\/wp\/v2\/types\/product"}],"replies":[{"embeddable":true,"href":"https:\/\/servidor-hp.com.co\/netcomp\/wp-json\/wp\/v2\/comments?post=19290"}],"wp:featuredmedia":[{"embeddable":true,"href":"https:\/\/servidor-hp.com.co\/netcomp\/wp-json\/wp\/v2\/media\/19384"}],"wp:attachment":[{"href":"https:\/\/servidor-hp.com.co\/netcomp\/wp-json\/wp\/v2\/media?parent=19290"}],"wp:term":[{"taxonomy":"product_brand","embeddable":true,"href":"https:\/\/servidor-hp.com.co\/netcomp\/wp-json\/wp\/v2\/product_brand?post=19290"},{"taxonomy":"product_cat","embeddable":true,"href":"https:\/\/servidor-hp.com.co\/netcomp\/wp-json\/wp\/v2\/product_cat?post=19290"},{"taxonomy":"product_tag","embeddable":true,"href":"https:\/\/servidor-hp.com.co\/netcomp\/wp-json\/wp\/v2\/product_tag?post=19290"}],"curies":[{"name":"wp","href":"https:\/\/api.w.org\/{rel}","templated":true}]}}