{"id":18073,"date":"2015-06-01T18:48:28","date_gmt":"2015-06-01T23:48:28","guid":{"rendered":"http:\/\/servidor-hp.com.co\/netcomp\/servidores\/inicio\/servidores-hp-ibm-cisco\/servidor-hp-ml110-g9-np-812643-001\/"},"modified":"2023-08-01T19:24:19","modified_gmt":"2023-08-02T00:24:19","slug":"servidor-hp-ml110-g9-np-812643-001","status":"publish","type":"product","link":"https:\/\/servidor-hp.com.co\/netcomp\/servidores\/servidores-hp\/servidores-hp-2\/servidor-hp-ml110-g9-np-812643-001\/","title":{"rendered":"SERVIDOR HP  ML110 G9 PROLIANT N\/P: 812643-001"},"content":{"rendered":"<h1 style=\"text-align: center;\"><span style=\"font-size: 24pt;\"><span style=\"color: #333399;\"><strong><span style=\"font-family: tahoma, arial, helvetica, sans-serif;\"> SERVIDOR HP ML110 G9 PROLIANT (1 A 100 USUARIOS)<\/span><\/strong><\/span><strong style=\"color: #333399;\"><span style=\"font-family: tahoma, arial, helvetica, sans-serif;\">&#8211;<\/span><\/strong><strong style=\"color: #333399;\"><span style=\"font-family: tahoma, arial, helvetica, sans-serif;\">N\/P: 812643-001<\/span><\/strong><\/span><\/h1>\n<p>&nbsp;<\/p>\n<div class=\"ccs-cc-inline-features-block ccs-cc-inline-single-feature\">\n<div class=\"ccs-cc-inline-feature\" data-type=\"text media\" data-pos=\"right\">\n<div class=\"ccs-cc-inline-feature-content ccs-cc-inline-feature-description\">\n<h3><span style=\"font-family: tahoma, arial, helvetica, sans-serif;\">El tama\u00f1o adecuado, que ofrece un mejor rendimiento a un precio asequible<\/span><\/h3>\n<ul>\n<li><span style=\"font-family: tahoma, arial, helvetica, sans-serif;\">El servidor HPE ProLiant ML110 Gen9 es compacto con menos de 19 pulgadas de profundidad, silencioso, accesible y ofrece el rendimiento necesario para las exigencias de computaci\u00f3n de una empresa en crecimiento de tama\u00f1o peque\u00f1o a mediano.<\/span><\/li>\n<li><span style=\"font-family: tahoma, arial, helvetica, sans-serif;\">Admite un procesador Intel Xeon en funcionamiento con velocidades de hasta 3,5 GHz y hasta catorce n\u00facleos que ofrecen un rendimiento mejorado.<\/span><\/li>\n<li><span style=\"font-family: tahoma, arial, helvetica, sans-serif;\">Incluye un controlador HPE Dynamic Smart Array SATA B140i integrado para arranque y datos.<\/span><\/li>\n<li><span style=\"font-family: tahoma, arial, helvetica, sans-serif;\">Los controladores HPE Smart Array opcionales aumentan el rendimiento de la unidad de disco y la disponibilidad de los datos con la tecnolog\u00eda SAS de 12\u00a0Gb\/s o adaptadores de bus host HPE Smart con conectividad SAS de alto rendimiento fiable, capaz de ejecutar el modo HBA o el modo RAID simple.<\/span><\/li>\n<\/ul>\n<\/div>\n<\/div>\n<\/div>\n<div class=\"ccs-cc-inline-features-block ccs-cc-inline-single-feature\">\n<div class=\"ccs-cc-inline-feature\" data-type=\"text media\" data-pos=\"left\">\n<div class=\"ccs-cc-inline-feature-content ccs-cc-inline-thumbnail\"><\/div>\n<div class=\"ccs-cc-inline-feature-content ccs-cc-inline-feature-description\">\n<h3><span style=\"font-family: tahoma, arial, helvetica, sans-serif;\">Memoria, unidad de disco duro y expansi\u00f3n de E\/S para necesidades de negocio en crecimiento<\/span><\/h3>\n<ul>\n<li><span style=\"font-family: tahoma, arial, helvetica, sans-serif;\">El servidor HPE ProLiant ML110 Gen9 ofrece hasta ocho ranuras DIMM con soporte para hasta 256 GB de HPE DDR4 SmartMemory, lo cual ayuda a evitar la p\u00e9rdida de datos y el tiempo de inactividad con gesti\u00f3n de errores mejorada y, al mismo tiempo, aumenta el rendimiento de la carga de trabajo y la eficiencia energ\u00e9tica.<\/span><\/li>\n<li><span style=\"font-family: tahoma, arial, helvetica, sans-serif;\">Los HPE SmartDrives contin\u00faan ofreciendo un rendimiento \u00f3ptimo, capacidad y confiabilidad para cumplir con diferentes segmentos de clientes y con los requisitos de la carga de trabajo, dentro del presupuesto. Admite hasta ocho unidades de disco de factor de forma grande (LFF) o diecis\u00e9is de factor de forma reducido (SFF).<\/span><\/li>\n<li><span style=\"font-family: tahoma, arial, helvetica, sans-serif;\">Integrado con 2 adaptadores de 1 GbE y hasta cinco ranuras PCle, le ofrece la flexibilidad de la banda ancha y la estructura de redes para que pueda adaptarse y crecer seg\u00fan las necesidades cambiantes del negocio.<\/span><\/li>\n<\/ul>\n<\/div>\n<\/div>\n<\/div>\n<div class=\"ccs-cc-inline-features-block ccs-cc-inline-single-feature\">\n<div class=\"ccs-cc-inline-feature\" data-type=\"text media\" data-pos=\"right\">\n<div class=\"ccs-cc-inline-feature-content ccs-cc-inline-thumbnail\"><\/div>\n<div class=\"ccs-cc-inline-feature-content ccs-cc-inline-feature-description\">\n<h3><span style=\"font-family: tahoma, arial, helvetica, sans-serif;\">Computaci\u00f3n optimizada para las cargas de trabajo f\u00edsicas y virtuales y las aplicaciones de PyME<\/span><\/h3>\n<ul>\n<li><span style=\"font-family: tahoma, arial, helvetica, sans-serif;\">El servidor HPE ProLiant ML110 Gen9 ofrece capacidad de ampliaci\u00f3n flexible con cinco ranuras de expansi\u00f3n PCIe, ocho puertos USB y una opci\u00f3n de fuente de alimentaci\u00f3n redundante.<\/span><\/li>\n<li><span style=\"font-family: tahoma, arial, helvetica, sans-serif;\">Una \u00fanica unidad de procesamiento de gr\u00e1ficos con fines generales (GPGPU) amplia puede aumentar el rendimiento en las aplicaciones de infraestructura de escritorio virtual (VDI) y gr\u00e1ficas para aplicaciones de servicios financieros, educaci\u00f3n, investigaci\u00f3n cient\u00edfica e im\u00e1genes m\u00e9dicas.<\/span><\/li>\n<li><span style=\"font-family: tahoma, arial, helvetica, sans-serif;\">La temperatura ambiente mejorada que ofrece est\u00e1ndar con ASHRAE A3 y reduce los sus gastos de refrigeraci\u00f3n.<\/span><\/li>\n<\/ul>\n<\/div>\n<\/div>\n<\/div>\n<div class=\"ccs-cc-inline-features-block ccs-cc-inline-single-feature\">\n<div class=\"ccs-cc-inline-feature\" data-type=\"text media\" data-pos=\"left\">\n<div class=\"ccs-cc-inline-feature-content ccs-cc-inline-thumbnail\"><\/div>\n<div class=\"ccs-cc-inline-feature-content ccs-cc-inline-feature-description\">\n<h3><span style=\"font-family: tahoma, arial, helvetica, sans-serif;\">Gesti\u00f3n de infraestructura \u00e1gil con simplicidad esencial y automatizaci\u00f3n<\/span><\/h3>\n<ul>\n<li><span style=\"font-family: tahoma, arial, helvetica, sans-serif;\">El servidor HPE ProLiant ML110 Gen9 ofrece gesti\u00f3n esencial para el control, el aprovisionamiento y la optimizaci\u00f3n de los servidores HPE ProLiant con HPE Insight Control. El tablero de mando personalizado en l\u00ednea es para la supervisi\u00f3n del estado de la infraestructura convergente y gesti\u00f3n de soporte con HPE Insight Online.<\/span><\/li>\n<li><span style=\"font-family: tahoma, arial, helvetica, sans-serif;\">Configure en modo de arranque Unified Extensible Firmware Interface (UEFI) y aprovisione de forma local y remota con Intelligent Provisioning, Scripting Toolkits o RESTful Interface Tool.<\/span><\/li>\n<li><span style=\"font-family: tahoma, arial, helvetica, sans-serif;\">Optimice las actualizaciones de firmware y controladores y reduzca el tiempo de inactividad con Smart Update, conformado por SUM (Smart Update Manager) y SPP (Service Pack para ProLiant).<\/span><\/li>\n<li><span style=\"font-family: tahoma, arial, helvetica, sans-serif;\">Gesti\u00f3n integrada para implementar, supervisar y dar soporte a su servidor en forma remota, fuera de banda con HPE iLO.<\/span><\/li>\n<li><span style=\"font-family: tahoma, arial, helvetica, sans-serif;\">Con HPE OneView 3.1, los clientes de HPE pueden gestionar f\u00e1cilmente sus plataformas heterog\u00e9neas con una sola herramienta.<\/span><span style=\"color: #000000; background-color: #ffffff;\"><span style=\"font-family: tahoma, arial, helvetica, sans-serif; font-size: 12pt;\">\u00a0\u00a0 <\/span><\/span><\/li>\n<\/ul>\n<\/div>\n<\/div>\n<\/div>\n<p><span style=\"font-family: tahoma, arial, helvetica, sans-serif; font-size: 12pt; color: #000000;\">\u00a0<\/span><\/p>\n<p>&nbsp;<\/p>\n<h3 style=\"text-align: center;\"><a title=\"Tienda - Precio y Venta Servidores HP\" href=\"https:\/\/netcomp.co\/es\/132-servidores-hp-lenovo-dell-partes\" target=\"_blank\" rel=\"noopener noreferrer\"><span style=\"font-family: tahoma, arial, helvetica, sans-serif; font-size: 14pt; color: #ff0000;\"><strong>COMPRAR &#8211; DISPONEMOS DE UNA AMPLIA GAMA DE SERVIDORES HP PROLIANT PARA <\/strong><\/span><\/a><\/h3>\n<h3 style=\"text-align: center;\"><a title=\"Tienda - Precio y Venta Servidores HP\" href=\"https:\/\/netcomp.co\/es\/132-servidores-hp-lenovo-dell-partes\" target=\"_blank\" rel=\"noopener noreferrer\"><span style=\"font-family: tahoma, arial, helvetica, sans-serif; font-size: 14pt; color: #ff0000;\"><strong>VENTA \/ ARRENDAMIENTO \/ ALQUILER : <\/strong><\/span><\/a><\/h3>\n<h3 style=\"text-align: center;\"><a title=\"Tienda - Precio y Venta Servidores HP\" href=\"https:\/\/netcomp.co\/es\/132-servidores-hp-lenovo-dell-partes\" target=\"_blank\" rel=\"noopener noreferrer\"><span style=\"font-family: tahoma, arial, helvetica, sans-serif; font-size: 14pt; color: #ff0000;\"><strong>ML350 \/ ML150 \/ DL320 \/ DL360 \/ DL380 <\/strong><\/span><span style=\"font-family: tahoma, arial, helvetica, sans-serif; font-size: 14pt; color: #ff0000;\"><strong>PARA COMPRAR CLICK AQUI!<\/strong><\/span><\/a><\/h3>\n<p>&nbsp;<\/p>\n<h2 style=\"text-align: center;\"><span style=\"font-family: tahoma, arial, helvetica, sans-serif; font-size: 14pt; color: #ff0000;\"><strong><a href=\"https:\/\/api.whatsapp.com\/send?phone=573168788749\" target=\"_blank\" rel=\"noopener noreferrer\"><img loading=\"lazy\" decoding=\"async\" class=\"wp-image-20467 aligncenter\" src=\"http:\/\/cableado-estructurado.com.co\/netcomp\/wp-content\/uploads\/2018\/07\/whatsapp-logo-mensaje.jpg\" alt=\"\" width=\"290\" height=\"220\" \/><\/a><\/strong><\/span><\/h2>\n<h2 style=\"text-align: center;\"><span style=\"font-family: tahoma, arial, helvetica, sans-serif; font-size: 14pt; color: #ff0000;\"><img loading=\"lazy\" decoding=\"async\" class=\"wp-image-21775 aligncenter\" src=\"https:\/\/servidor-hp.com.co\/netcomp\/wp-content\/uploads\/2019\/05\/boton-ventas-servidor.png\" alt=\"\" width=\"495\" height=\"153\" \/><\/span><\/h2>\n","protected":false},"excerpt":{"rendered":"<ul>\n<li style=\"text-align: justify;\"><span style=\"color: #000000; background-color: #ffffff; font-family: tahoma, arial, helvetica, sans-serif; font-size: 12pt;\">Procesador: Intel Xeon E5-2603v3 6-Core (1.60GHz 15MB L3 Cache)<br \/>\n<\/span><\/li>\n<li><span style=\"color: #000000; background-color: #ffffff; font-family: tahoma, arial, helvetica, sans-serif; font-size: 12pt;\">Memoria RAM: 8GB (1 x 8GB) DDR4 2133MHz RDIMM\u00a0 (soporta hasta 256gb)<br \/>\n<\/span><\/li>\n<li><span style=\"color: #000000; background-color: #ffffff; font-family: tahoma, arial, helvetica, sans-serif; font-size: 12pt;\">Graficos Integrated Matrox G200eH2<br \/>\n<\/span><\/li>\n<li><span style=\"color: #000000; background-color: #ffffff; font-family: tahoma, arial, helvetica, sans-serif; font-size: 12pt;\">Puertos de red\u00a0\u00a0 HP Embedded Dual Port 361i Adapter<br \/>\n<\/span><\/li>\n<li><span style=\"color: #000000; background-color: #ffffff; font-family: tahoma, arial, helvetica, sans-serif; font-size: 12pt;\">Almacenamiento 2048GB (2TB)\u00a0 (7.2k rpm) Non-Hot Plug 3.5in SATA Controladora de Almacenamiento Dynamic Smart Array B140i controller (RAID 0\/1\/1+0\/5) SATA Only (No Cache)\u00a0\u00a0\u00a0 placa conexion de DD<br \/>\n<\/span><\/li>\n<li><span style=\"color: #000000; background-color: #ffffff; font-family: tahoma, arial, helvetica, sans-serif; font-size: 12pt;\">Non-Hot Plug 3.5in Hard Disk<br \/>\n<\/span><\/li>\n<li><span style=\"color: #000000; background-color: #ffffff; font-family: tahoma, arial, helvetica, sans-serif; font-size: 12pt;\">UNIDAD OPTCIA 9.5mm SATA DVD-RW (Jack-Black) Gen9 Kit<br \/>\n<\/span><\/li>\n<li><span style=\"color: #000000; background-color: #ffffff; font-family: tahoma, arial, helvetica, sans-serif; font-size: 12pt;\">Ranuras de expansion PCIe 4x: 2 ,\u00a0 PCIe 8x: 2 ,\u00a0 PCIe 16x: 1<br \/>\n<\/span><\/li>\n<li><span style=\"color: #000000; background-color: #ffffff; font-family: tahoma, arial, helvetica, sans-serif; font-size: 12pt;\">Fuente de alimentacion 1 x 550W ATX-Gen9 Power Supply\u00a0 (soporta redundancia en fuentes colocando accesorios)<br \/>\n<\/span><\/li>\n<li><span style=\"color: #000000; background-color: #ffffff; font-family: tahoma, arial, helvetica, sans-serif; font-size: 12pt;\">Software de gestion: iLO 4 (No Licence) \/ No OneView or Insight Control<br \/>\n<\/span><\/li>\n<li><span style=\"color: #000000; background-color: #ffffff; font-family: tahoma, arial, helvetica, sans-serif; font-size: 12pt;\">Garantia: 1 a\u00f1o<br \/>\n<\/span><\/li>\n<li style=\"text-align: justify;\"><span style=\"color: #000000; background-color: #ffffff;\"><span style=\"font-family: tahoma, arial, helvetica, sans-serif; font-size: 12pt;\">Incluye:HP USB BFR-PVC US English Keyboard\/Mouse Kit\u00a0\u00a0\u00a0<\/span><\/span><\/li>\n<\/ul>\n","protected":false},"featured_media":22509,"comment_status":"open","ping_status":"closed","template":"","meta":{"_et_pb_use_builder":"","_et_pb_old_content":"","_et_gb_content_width":""},"product_brand":[],"product_cat":[79,73,57,52683],"product_tag":[18736,144,354,18739,329,18735,18737,18738],"class_list":{"0":"post-18073","1":"product","2":"type-product","3":"status-publish","4":"has-post-thumbnail","6":"product_cat-inicio","7":"product_cat-servidores-hp-ibm-cisco","8":"product_cat-servidores-hp-2","9":"product_cat-software","10":"product_tag-812643-001","11":"product_tag-colombia","12":"product_tag-cotizar-servidor-hp","13":"product_tag-ml110-gen9-bogota","14":"product_tag-precio-servidor-hp","15":"product_tag-servidor-hp-ml110","16":"product_tag-servidor-proliant-hp-ml110-g9","17":"product_tag-venta-hp-ml110-g9","19":"first","20":"instock","21":"shipping-taxable","22":"purchasable","23":"product-type-simple"},"yoast_head":"<!-- This site is optimized with the Yoast SEO plugin v27.5 - https:\/\/yoast.com\/product\/yoast-seo-wordpress\/ -->\n<title>SERVIDOR HP ML110 G9 PROLIANT N\/P: 812643-001 - Servidores HP - Nuevos - Usados - Alquiler<\/title>\n<meta name=\"description\" content=\"SERVIDOR HP ML110 G9 PROLIANT N\/P: 812643-001 - - Precio y Disponibilidad en Bogota - Colombia - servidor-hp.com.co\" \/>\n<meta name=\"robots\" content=\"index, follow, max-snippet:-1, max-image-preview:large, max-video-preview:-1\" \/>\n<link rel=\"canonical\" href=\"https:\/\/servidor-hp.com.co\/netcomp\/servidores\/servidores-hp\/servidores-hp-2\/servidor-hp-ml110-g9-np-812643-001\/\" \/>\n<meta property=\"og:locale\" content=\"es_ES\" \/>\n<meta property=\"og:type\" content=\"article\" \/>\n<meta property=\"og:title\" content=\"SERVIDOR HP ML110 G9 PROLIANT N\/P: 812643-001 - Servidores HP - Nuevos - Usados - Alquiler\" \/>\n<meta property=\"og:description\" content=\"SERVIDOR HP ML110 G9 PROLIANT N\/P: 812643-001 - - Precio y Disponibilidad en Bogota - Colombia - servidor-hp.com.co\" \/>\n<meta property=\"og:url\" content=\"https:\/\/servidor-hp.com.co\/netcomp\/servidores\/servidores-hp\/servidores-hp-2\/servidor-hp-ml110-g9-np-812643-001\/\" \/>\n<meta property=\"og:site_name\" content=\"Servidores HP - Nuevos - Usados - Alquiler\" \/>\n<meta property=\"article:modified_time\" content=\"2023-08-02T00:24:19+00:00\" \/>\n<meta property=\"og:image\" content=\"https:\/\/servidor-hp.com.co\/netcomp\/wp-content\/uploads\/2015\/06\/F57BD641498BE39A9C134D44F1D81580332F8E1E_gallery.jpg\" \/>\n\t<meta property=\"og:image:width\" content=\"1200\" \/>\n\t<meta property=\"og:image:height\" content=\"1713\" \/>\n\t<meta property=\"og:image:type\" content=\"image\/jpeg\" \/>\n<meta name=\"twitter:card\" content=\"summary_large_image\" \/>\n<meta name=\"twitter:label1\" content=\"Tiempo de lectura\" \/>\n\t<meta name=\"twitter:data1\" content=\"3 minutos\" \/>\n<script type=\"application\/ld+json\" class=\"yoast-schema-graph\">{\"@context\":\"https:\\\/\\\/schema.org\",\"@graph\":[{\"@type\":\"WebPage\",\"@id\":\"https:\\\/\\\/servidor-hp.com.co\\\/netcomp\\\/servidores\\\/servidores-hp\\\/servidores-hp-2\\\/servidor-hp-ml110-g9-np-812643-001\\\/\",\"url\":\"https:\\\/\\\/servidor-hp.com.co\\\/netcomp\\\/servidores\\\/servidores-hp\\\/servidores-hp-2\\\/servidor-hp-ml110-g9-np-812643-001\\\/\",\"name\":\"SERVIDOR HP ML110 G9 PROLIANT N\\\/P: 812643-001 - Servidores HP - Nuevos - Usados - Alquiler\",\"isPartOf\":{\"@id\":\"https:\\\/\\\/servidor-hp.com.co\\\/netcomp\\\/#website\"},\"primaryImageOfPage\":{\"@id\":\"https:\\\/\\\/servidor-hp.com.co\\\/netcomp\\\/servidores\\\/servidores-hp\\\/servidores-hp-2\\\/servidor-hp-ml110-g9-np-812643-001\\\/#primaryimage\"},\"image\":{\"@id\":\"https:\\\/\\\/servidor-hp.com.co\\\/netcomp\\\/servidores\\\/servidores-hp\\\/servidores-hp-2\\\/servidor-hp-ml110-g9-np-812643-001\\\/#primaryimage\"},\"thumbnailUrl\":\"https:\\\/\\\/servidor-hp.com.co\\\/netcomp\\\/wp-content\\\/uploads\\\/2015\\\/06\\\/F57BD641498BE39A9C134D44F1D81580332F8E1E_gallery.jpg\",\"datePublished\":\"2015-06-01T23:48:28+00:00\",\"dateModified\":\"2023-08-02T00:24:19+00:00\",\"description\":\"SERVIDOR HP ML110 G9 PROLIANT N\\\/P: 812643-001 - - Precio y Disponibilidad en Bogota - Colombia - servidor-hp.com.co\",\"breadcrumb\":{\"@id\":\"https:\\\/\\\/servidor-hp.com.co\\\/netcomp\\\/servidores\\\/servidores-hp\\\/servidores-hp-2\\\/servidor-hp-ml110-g9-np-812643-001\\\/#breadcrumb\"},\"inLanguage\":\"es\",\"potentialAction\":[{\"@type\":\"ReadAction\",\"target\":[\"https:\\\/\\\/servidor-hp.com.co\\\/netcomp\\\/servidores\\\/servidores-hp\\\/servidores-hp-2\\\/servidor-hp-ml110-g9-np-812643-001\\\/\"]}]},{\"@type\":\"ImageObject\",\"inLanguage\":\"es\",\"@id\":\"https:\\\/\\\/servidor-hp.com.co\\\/netcomp\\\/servidores\\\/servidores-hp\\\/servidores-hp-2\\\/servidor-hp-ml110-g9-np-812643-001\\\/#primaryimage\",\"url\":\"https:\\\/\\\/servidor-hp.com.co\\\/netcomp\\\/wp-content\\\/uploads\\\/2015\\\/06\\\/F57BD641498BE39A9C134D44F1D81580332F8E1E_gallery.jpg\",\"contentUrl\":\"https:\\\/\\\/servidor-hp.com.co\\\/netcomp\\\/wp-content\\\/uploads\\\/2015\\\/06\\\/F57BD641498BE39A9C134D44F1D81580332F8E1E_gallery.jpg\",\"width\":1200,\"height\":1713},{\"@type\":\"BreadcrumbList\",\"@id\":\"https:\\\/\\\/servidor-hp.com.co\\\/netcomp\\\/servidores\\\/servidores-hp\\\/servidores-hp-2\\\/servidor-hp-ml110-g9-np-812643-001\\\/#breadcrumb\",\"itemListElement\":[{\"@type\":\"ListItem\",\"position\":1,\"name\":\"Portada\",\"item\":\"https:\\\/\\\/servidor-hp.com.co\\\/netcomp\\\/\"},{\"@type\":\"ListItem\",\"position\":2,\"name\":\"Tienda\",\"item\":\"https:\\\/\\\/servidor-hp.com.co\\\/netcomp\\\/servidores\\\/\"},{\"@type\":\"ListItem\",\"position\":3,\"name\":\"SERVIDOR HP PROLIANT ML110 G9 N\\\/P: 812643-001\"}]},{\"@type\":\"WebSite\",\"@id\":\"https:\\\/\\\/servidor-hp.com.co\\\/netcomp\\\/#website\",\"url\":\"https:\\\/\\\/servidor-hp.com.co\\\/netcomp\\\/\",\"name\":\"Servidores HP - Nuevos - Usados - Alquiler\",\"description\":\"Tels: (+57) 316 878 8749\",\"alternateName\":\"Servidores HP DELL LENOVO IBM\",\"potentialAction\":[{\"@type\":\"SearchAction\",\"target\":{\"@type\":\"EntryPoint\",\"urlTemplate\":\"https:\\\/\\\/servidor-hp.com.co\\\/netcomp\\\/?s={search_term_string}\"},\"query-input\":{\"@type\":\"PropertyValueSpecification\",\"valueRequired\":true,\"valueName\":\"search_term_string\"}}],\"inLanguage\":\"es\"}]}<\/script>\n<!-- \/ Yoast SEO plugin. -->","yoast_head_json":{"title":"SERVIDOR HP ML110 G9 PROLIANT N\/P: 812643-001 - Servidores HP - Nuevos - Usados - Alquiler","description":"SERVIDOR HP ML110 G9 PROLIANT N\/P: 812643-001 - - Precio y Disponibilidad en Bogota - Colombia - servidor-hp.com.co","robots":{"index":"index","follow":"follow","max-snippet":"max-snippet:-1","max-image-preview":"max-image-preview:large","max-video-preview":"max-video-preview:-1"},"canonical":"https:\/\/servidor-hp.com.co\/netcomp\/servidores\/servidores-hp\/servidores-hp-2\/servidor-hp-ml110-g9-np-812643-001\/","og_locale":"es_ES","og_type":"article","og_title":"SERVIDOR HP ML110 G9 PROLIANT N\/P: 812643-001 - Servidores HP - Nuevos - Usados - Alquiler","og_description":"SERVIDOR HP ML110 G9 PROLIANT N\/P: 812643-001 - - Precio y Disponibilidad en Bogota - Colombia - servidor-hp.com.co","og_url":"https:\/\/servidor-hp.com.co\/netcomp\/servidores\/servidores-hp\/servidores-hp-2\/servidor-hp-ml110-g9-np-812643-001\/","og_site_name":"Servidores HP - Nuevos - Usados - Alquiler","article_modified_time":"2023-08-02T00:24:19+00:00","og_image":[{"width":1200,"height":1713,"url":"https:\/\/servidor-hp.com.co\/netcomp\/wp-content\/uploads\/2015\/06\/F57BD641498BE39A9C134D44F1D81580332F8E1E_gallery.jpg","type":"image\/jpeg"}],"twitter_card":"summary_large_image","twitter_misc":{"Tiempo de lectura":"3 minutos"},"schema":{"@context":"https:\/\/schema.org","@graph":[{"@type":"WebPage","@id":"https:\/\/servidor-hp.com.co\/netcomp\/servidores\/servidores-hp\/servidores-hp-2\/servidor-hp-ml110-g9-np-812643-001\/","url":"https:\/\/servidor-hp.com.co\/netcomp\/servidores\/servidores-hp\/servidores-hp-2\/servidor-hp-ml110-g9-np-812643-001\/","name":"SERVIDOR HP ML110 G9 PROLIANT N\/P: 812643-001 - Servidores HP - Nuevos - Usados - Alquiler","isPartOf":{"@id":"https:\/\/servidor-hp.com.co\/netcomp\/#website"},"primaryImageOfPage":{"@id":"https:\/\/servidor-hp.com.co\/netcomp\/servidores\/servidores-hp\/servidores-hp-2\/servidor-hp-ml110-g9-np-812643-001\/#primaryimage"},"image":{"@id":"https:\/\/servidor-hp.com.co\/netcomp\/servidores\/servidores-hp\/servidores-hp-2\/servidor-hp-ml110-g9-np-812643-001\/#primaryimage"},"thumbnailUrl":"https:\/\/servidor-hp.com.co\/netcomp\/wp-content\/uploads\/2015\/06\/F57BD641498BE39A9C134D44F1D81580332F8E1E_gallery.jpg","datePublished":"2015-06-01T23:48:28+00:00","dateModified":"2023-08-02T00:24:19+00:00","description":"SERVIDOR HP ML110 G9 PROLIANT N\/P: 812643-001 - - Precio y Disponibilidad en Bogota - Colombia - servidor-hp.com.co","breadcrumb":{"@id":"https:\/\/servidor-hp.com.co\/netcomp\/servidores\/servidores-hp\/servidores-hp-2\/servidor-hp-ml110-g9-np-812643-001\/#breadcrumb"},"inLanguage":"es","potentialAction":[{"@type":"ReadAction","target":["https:\/\/servidor-hp.com.co\/netcomp\/servidores\/servidores-hp\/servidores-hp-2\/servidor-hp-ml110-g9-np-812643-001\/"]}]},{"@type":"ImageObject","inLanguage":"es","@id":"https:\/\/servidor-hp.com.co\/netcomp\/servidores\/servidores-hp\/servidores-hp-2\/servidor-hp-ml110-g9-np-812643-001\/#primaryimage","url":"https:\/\/servidor-hp.com.co\/netcomp\/wp-content\/uploads\/2015\/06\/F57BD641498BE39A9C134D44F1D81580332F8E1E_gallery.jpg","contentUrl":"https:\/\/servidor-hp.com.co\/netcomp\/wp-content\/uploads\/2015\/06\/F57BD641498BE39A9C134D44F1D81580332F8E1E_gallery.jpg","width":1200,"height":1713},{"@type":"BreadcrumbList","@id":"https:\/\/servidor-hp.com.co\/netcomp\/servidores\/servidores-hp\/servidores-hp-2\/servidor-hp-ml110-g9-np-812643-001\/#breadcrumb","itemListElement":[{"@type":"ListItem","position":1,"name":"Portada","item":"https:\/\/servidor-hp.com.co\/netcomp\/"},{"@type":"ListItem","position":2,"name":"Tienda","item":"https:\/\/servidor-hp.com.co\/netcomp\/servidores\/"},{"@type":"ListItem","position":3,"name":"SERVIDOR HP PROLIANT ML110 G9 N\/P: 812643-001"}]},{"@type":"WebSite","@id":"https:\/\/servidor-hp.com.co\/netcomp\/#website","url":"https:\/\/servidor-hp.com.co\/netcomp\/","name":"Servidores HP - Nuevos - Usados - Alquiler","description":"Tels: (+57) 316 878 8749","alternateName":"Servidores HP DELL LENOVO IBM","potentialAction":[{"@type":"SearchAction","target":{"@type":"EntryPoint","urlTemplate":"https:\/\/servidor-hp.com.co\/netcomp\/?s={search_term_string}"},"query-input":{"@type":"PropertyValueSpecification","valueRequired":true,"valueName":"search_term_string"}}],"inLanguage":"es"}]}},"_links":{"self":[{"href":"https:\/\/servidor-hp.com.co\/netcomp\/wp-json\/wp\/v2\/product\/18073","targetHints":{"allow":["GET"]}}],"collection":[{"href":"https:\/\/servidor-hp.com.co\/netcomp\/wp-json\/wp\/v2\/product"}],"about":[{"href":"https:\/\/servidor-hp.com.co\/netcomp\/wp-json\/wp\/v2\/types\/product"}],"replies":[{"embeddable":true,"href":"https:\/\/servidor-hp.com.co\/netcomp\/wp-json\/wp\/v2\/comments?post=18073"}],"wp:featuredmedia":[{"embeddable":true,"href":"https:\/\/servidor-hp.com.co\/netcomp\/wp-json\/wp\/v2\/media\/22509"}],"wp:attachment":[{"href":"https:\/\/servidor-hp.com.co\/netcomp\/wp-json\/wp\/v2\/media?parent=18073"}],"wp:term":[{"taxonomy":"product_brand","embeddable":true,"href":"https:\/\/servidor-hp.com.co\/netcomp\/wp-json\/wp\/v2\/product_brand?post=18073"},{"taxonomy":"product_cat","embeddable":true,"href":"https:\/\/servidor-hp.com.co\/netcomp\/wp-json\/wp\/v2\/product_cat?post=18073"},{"taxonomy":"product_tag","embeddable":true,"href":"https:\/\/servidor-hp.com.co\/netcomp\/wp-json\/wp\/v2\/product_tag?post=18073"}],"curies":[{"name":"wp","href":"https:\/\/api.w.org\/{rel}","templated":true}]}}