{"id":17155,"date":"2014-06-14T21:11:09","date_gmt":"2014-06-15T02:11:09","guid":{"rendered":"http:\/\/servidor-hp.com.co\/netcomp\/servidores\/inicio\/servidor-hp-dl380p-gen-8\/"},"modified":"2022-04-05T16:30:59","modified_gmt":"2022-04-05T21:30:59","slug":"servidor-hp-dl380p-gen-8","status":"publish","type":"product","link":"https:\/\/servidor-hp.com.co\/netcomp\/servidores\/inicio\/servidor-hp-dl380p-gen-8\/","title":{"rendered":"Servidor HP ProLiant DL380P GEN8 N\/P: 704558-001"},"content":{"rendered":"<h1 style=\"text-align: center;\"><span style=\"color: #333399;\"><span style=\"font-size: 18pt; color: #000080;\"><strong><span style=\"font-family: tahoma, arial, helvetica, sans-serif;\">\u00a0NUEVO Servidor HP ProLiant DL380P GEN 8- <\/span><\/strong><\/span><strong style=\"font-size: 1.9375rem;\"><span style=\"font-family: tahoma, arial, helvetica, sans-serif; font-size: 12pt;\"><span style=\"font-size: 18pt; color: #000080;\">N\/P: 704558-001<\/span>\u00a0<\/span><\/strong><strong><span style=\"font-family: tahoma, arial, helvetica, sans-serif; font-size: 12pt;\"><br \/>\n<\/span><\/strong><\/span><\/h1>\n<p style=\"text-align: center;\"><span style=\"color: #333399; font-size: 10pt;\"><strong><span style=\"font-family: tahoma,arial,helvetica,sans-serif;\">\u00a0<\/span><\/strong><\/span><\/p>\n<p>&nbsp;<\/p>\n<table style=\"width: 77.5353%; height: 729px;\" border=\"0\" cellspacing=\"0\" cellpadding=\"0\">\n<thead>\n<tr>\n<td style=\"width: 26.2522%;\">\n<p style=\"text-align: center;\"><span style=\"font-family: tahoma,arial,helvetica,sans-serif; font-size: 12pt;\"><strong>DESCRIPCI\u00d3N<\/strong><\/span><\/p>\n<\/td>\n<td style=\"width: 81.5199%;\">\n<p style=\"text-align: center;\"><span style=\"font-family: tahoma,arial,helvetica,sans-serif; font-size: 12pt;\"><strong>SERVIDOR HP DL385 G8 P<br \/>\n<\/strong><\/span><\/p>\n<p style=\"text-align: center;\"><span style=\"font-family: tahoma,arial,helvetica,sans-serif; font-size: 12pt;\"><strong>SERVIDOR CON PROCESADORES DE 6 CORES<br \/>\n<\/strong><\/span><\/p>\n<\/td>\n<\/tr>\n<\/thead>\n<tbody>\n<tr>\n<td style=\"width: 26.2522%;\" valign=\"top\"><span style=\"font-family: tahoma,arial,helvetica,sans-serif; font-size: 12pt;\"><strong><span style=\"font-size: 12pt; font-family: tahoma,arial,helvetica,sans-serif; color: #000000;\">Procesador<\/span><\/strong><\/span><\/td>\n<td style=\"width: 81.5199%;\" valign=\"top\"><span style=\"font-family: tahoma,arial,helvetica,sans-serif; font-size: 12pt;\">(1) Intel\u00ae Xeon\u00ae E5-2630 v2 (2.6GHz\/6-core\/15MB\/7.2GT-s QPI\/80W, DDR3-<br \/>\n1600, HT, Turbo2- 3\/3\/3\/3\/4\/5). Cache 15MB (1x15MB) Level 3<\/span><\/td>\n<\/tr>\n<tr>\n<td style=\"width: 26.2522%;\" valign=\"top\"><span style=\"font-family: tahoma,arial,helvetica,sans-serif; font-size: 12pt;\"><strong>Memoria<\/strong><\/span><\/td>\n<td style=\"width: 81.5199%;\" valign=\"top\"><span style=\"font-size: 12pt; font-family: tahoma,arial,helvetica,sans-serif;\">16GB (1x16GB) PC3L-12800R (DDR3-1600LV) Registered DIMMs. NOTE: Total 24 DIMM slots available with processor upgrade (2P configuration)<\/span><\/td>\n<\/tr>\n<tr>\n<td style=\"width: 26.2522%;\" valign=\"top\"><span style=\"font-family: tahoma,arial,helvetica,sans-serif; font-size: 12pt;\"><strong><span style=\"font-size: 12pt; font-family: tahoma,arial,helvetica,sans-serif; color: #000000;\">Tarjeta de Red<\/span><\/strong><\/span><\/td>\n<td style=\"width: 81.5199%;\" valign=\"top\"><span style=\"font-family: tahoma,arial,helvetica,sans-serif; font-size: 12pt;\">HP Ethernet 1Gb 4-port 331FLR Adapter<\/span><\/td>\n<\/tr>\n<tr>\n<td style=\"width: 26.2522%;\" valign=\"top\"><span style=\"font-family: tahoma,arial,helvetica,sans-serif; font-size: 12pt;\"><strong><span style=\"font-size: 12pt; font-family: tahoma,arial,helvetica,sans-serif; color: #000000;\">Almacenamiento<\/span><\/strong><\/span><\/td>\n<td style=\"width: 81.5199%;\" valign=\"top\"><span style=\"font-size: 12pt; font-family: tahoma,arial,helvetica,sans-serif;\">HP Smart Array P420i\/2GB FBWC (RAID 0\/1\/1+0\/5\/5+0\/6\/6+0)\u00a0 <\/span><\/p>\n<ul>\n<li><span style=\"font-size: 12pt; font-family: tahoma,arial,helvetica,sans-serif;\">DISCOS DUROS SOPORTADOS Standard: 8 SFF SAS\/SATA HDD Bays; includes 6 SFF hard drive blanks<br \/>\nOptional: +8 SFF (total of 16) SFF SAS\/SATA HDD Bays<\/span><\/li>\n<\/ul>\n<ul>\n<li><span style=\"font-size: 12pt; font-family: tahoma,arial,helvetica,sans-serif; color: #000000;\">NO INCLUYE DD NI UNIDAD OPTICA<\/span><\/li>\n<\/ul>\n<\/td>\n<\/tr>\n<tr>\n<td style=\"width: 26.2522%;\" valign=\"top\"><span style=\"font-family: tahoma,arial,helvetica,sans-serif; font-size: 12pt;\"><strong><span style=\"font-size: 12pt; font-family: tahoma,arial,helvetica,sans-serif; color: #000000;\">Expansi\u00f3n<\/span><\/strong><\/span><\/td>\n<td style=\"width: 81.5199%;\" valign=\"top\"><span style=\"font-size: 12pt; font-family: tahoma,arial,helvetica,sans-serif; color: #000000;\">PCI-Express Slots 6 standard<br \/>\n<\/span><\/td>\n<\/tr>\n<tr>\n<td style=\"width: 26.2522%;\" valign=\"top\"><span style=\"font-family: tahoma,arial,helvetica,sans-serif; font-size: 12pt;\"><strong><span style=\"font-size: 12pt; font-family: tahoma,arial,helvetica,sans-serif; color: #000000;\">Fuente de Poder<\/span><\/strong><\/span><\/td>\n<td style=\"width: 81.5199%;\" valign=\"top\"><span style=\"font-family: tahoma,arial,helvetica,sans-serif; font-size: 12pt;\">(1) HP 460W CS Platinum Plus Hot Plug Power Supply (94% Efficient) <\/span><\/td>\n<\/tr>\n<tr>\n<td style=\"width: 26.2522%;\" valign=\"top\"><span style=\"font-family: tahoma,arial,helvetica,sans-serif; font-size: 12pt;\"><strong><span style=\"font-family: tahoma,arial,helvetica,sans-serif; font-size: 12pt;\"><span style=\"font-size: 12pt; font-family: tahoma,arial,helvetica,sans-serif; color: #000000;\">Ventiladores<\/span><\/span><\/strong><\/span><\/td>\n<td style=\"width: 81.5199%;\" valign=\"top\"><span style=\"font-family: tahoma,arial,helvetica,sans-serif; font-size: 12pt;\"><span style=\"font-size: 12pt; font-family: tahoma,arial,helvetica,sans-serif; color: #000000;\">4<br \/>\n<\/span><\/span><\/td>\n<\/tr>\n<tr>\n<td style=\"width: 26.2522%;\" valign=\"top\"><span style=\"font-family: tahoma,arial,helvetica,sans-serif; font-size: 12pt;\"><strong><span style=\"font-family: tahoma,arial,helvetica,sans-serif; font-size: 12pt;\"><span style=\"font-size: 12pt; font-family: tahoma,arial,helvetica,sans-serif; color: #000000;\">ILO<\/span><\/span><\/strong><\/span><\/td>\n<td style=\"width: 81.5199%;\" valign=\"top\"><span style=\"font-family: tahoma,arial,helvetica,sans-serif; font-size: 12pt;\"><span style=\"font-size: 12pt; font-family: tahoma,arial,helvetica,sans-serif; color: #000000;\">Management HP iLO Management Engine (standard)<\/span><\/span><\/td>\n<\/tr>\n<tr>\n<td style=\"width: 26.2522%;\" valign=\"top\"><span style=\"font-family: tahoma,arial,helvetica,sans-serif; font-size: 12pt;\"><strong>Garantia<\/strong><\/span><\/td>\n<td style=\"width: 81.5199%;\" valign=\"top\"><span style=\"font-family: tahoma,arial,helvetica,sans-serif; font-size: 12pt;\">Depende de configuraci\u00f3n<br \/>\n<\/span><\/td>\n<\/tr>\n<\/tbody>\n<\/table>\n<p>&nbsp;<\/p>\n<p>&nbsp;<\/p>\n<p style=\"text-align: center;\"><span style=\"font-family: tahoma, arial, helvetica, sans-serif; font-size: 12pt; color: #333399;\"><strong>PARA ESPECIFICACIONES TECNICAS DETALLADAS : EN LA PESTA\u00d1A DESCARGAS<\/strong><\/span><\/p>\n<p>&nbsp;<\/p>\n<h2 style=\"margin: 18px 0px 9px; padding: 0px; border: 0px; font-style: normal; font-weight: 500; line-height: 1.1; font-family: Arial, Helvetica, sans-serif; font-size: 27px; vertical-align: baseline; color: #777777; letter-spacing: normal; text-indent: 0px; text-transform: none; background-color: #ffffff; text-align: center;\"><span style=\"margin: 0px; padding: 0px; border: 0px; font-style: inherit; font-variant: inherit; font-weight: inherit; line-height: inherit; font-family: tahoma, arial, helvetica, sans-serif; font-size: 14pt; vertical-align: baseline; color: #ff0000;\"><strong style=\"margin: 0px; padding: 0px; border: 0px; font-style: inherit; font-variant: inherit; font-weight: bold; line-height: inherit; font-family: inherit; font-size: 18.6667px; vertical-align: baseline;\">DISPONEMOS DE UNA AMPLIA GAMA DE SERVIDOR HP PROLIANT NUEVOS Y USADOS<\/strong><\/span><\/h2>\n<h2 style=\"text-align: center;\"><span style=\"color: #ff0000; font-family: tahoma, arial, helvetica, sans-serif; font-size: 14pt;\"><strong>PARA <\/strong><\/span><span style=\"color: #ff0000; font-family: tahoma, arial, helvetica, sans-serif; font-size: 14pt;\"><strong>VENTA \/ ARRENDAMIENTO \/ ALQUILER :<\/strong><\/span><\/h2>\n<h2 style=\"text-align: center;\"><span style=\"color: #ff0000; font-family: tahoma, arial, helvetica, sans-serif; font-size: 14pt;\"><strong>ML110 \/ ML350 \/ ML150 \/ DL320 \/ DL360 \/ DL380<\/strong><\/span><\/h2>\n<p>&nbsp;<\/p>\n<h3><span style=\"font-family: tahoma, arial, helvetica, sans-serif; font-size: 14pt;\"><a href=\"https:\/\/api.whatsapp.com\/send?phone=573168788749\" target=\"_blank\" rel=\"noopener noreferrer\"><img loading=\"lazy\" decoding=\"async\" class=\"aligncenter wp-image-20467\" src=\"http:\/\/cableado-estructurado.com.co\/netcomp\/wp-content\/uploads\/2018\/07\/whatsapp-logo-mensaje.jpg\" alt=\"\" width=\"290\" height=\"220\" \/><\/a><\/span><\/h3>\n<p>&nbsp;<\/p>\n<p><img loading=\"lazy\" decoding=\"async\" class=\"wp-image-21775 aligncenter\" src=\"https:\/\/servidor-hp.com.co\/netcomp\/wp-content\/uploads\/2019\/05\/boton-ventas-servidor.png\" alt=\"\" width=\"495\" height=\"153\" \/><\/p>\n","protected":false},"excerpt":{"rendered":"<p><span style=\"font-family: tahoma, arial, helvetica, sans-serif; font-size: 10pt;\">El servidor DL380p Gen8 ofrece la soluci\u00f3n perfecta para los requisitos inform\u00e1ticos din\u00e1micos de las peque\u00f1as empresas en crecimiento y de los centros de datos exigentes.<\/span><\/p>\n","protected":false},"featured_media":22052,"comment_status":"open","ping_status":"closed","template":"","meta":{"_et_pb_use_builder":"","_et_pb_old_content":"","_et_gb_content_width":""},"product_brand":[],"product_cat":[79],"product_tag":[17858,144,354,356,329,17869,17868,17870,17860,400],"class_list":{"0":"post-17155","1":"product","2":"type-product","3":"status-publish","4":"has-post-thumbnail","6":"product_cat-inicio","7":"product_tag-bundle-hdv230","8":"product_tag-colombia","9":"product_tag-cotizar-servidor-hp","10":"product_tag-netcomp-co","11":"product_tag-precio-servidor-hp","12":"product_tag-servidor-704558-001","13":"product_tag-servidor-hp-dl380p","14":"product_tag-servidor-hp-dl380p-g8","15":"product_tag-servidor-hp-proliant-dl380","16":"product_tag-servidor-rack-dl380-bogota","18":"first","19":"instock","20":"shipping-taxable","21":"purchasable","22":"product-type-simple"},"yoast_head":"<!-- This site is optimized with the Yoast SEO plugin v27.2 - https:\/\/yoast.com\/product\/yoast-seo-wordpress\/ -->\n<title>Servidor HP ProLiant DL380P GEN8 N\/P: 704558-001 - Servidores HP - Nuevos - Usados - Alquiler<\/title>\n<meta name=\"description\" content=\"Servidor HP ProLiant DL380P GEN8 N\/P: 704558-001 - - Precio y Disponibilidad en Bogota - Colombia - servidor-hp.com.co\" \/>\n<meta name=\"robots\" content=\"index, follow, max-snippet:-1, max-image-preview:large, max-video-preview:-1\" \/>\n<link rel=\"canonical\" href=\"https:\/\/servidor-hp.com.co\/netcomp\/servidores\/inicio\/servidor-hp-dl380p-gen-8\/\" \/>\n<meta property=\"og:locale\" content=\"es_ES\" \/>\n<meta property=\"og:type\" content=\"article\" \/>\n<meta property=\"og:title\" content=\"Servidor HP ProLiant DL380P GEN8 N\/P: 704558-001 - Servidores HP - Nuevos - Usados - Alquiler\" \/>\n<meta property=\"og:description\" content=\"Servidor HP ProLiant DL380P GEN8 N\/P: 704558-001 - - Precio y Disponibilidad en Bogota - Colombia - servidor-hp.com.co\" \/>\n<meta property=\"og:url\" content=\"https:\/\/servidor-hp.com.co\/netcomp\/servidores\/inicio\/servidor-hp-dl380p-gen-8\/\" \/>\n<meta property=\"og:site_name\" content=\"Servidores HP - Nuevos - Usados - Alquiler\" \/>\n<meta property=\"article:modified_time\" content=\"2022-04-05T21:30:59+00:00\" \/>\n<meta property=\"og:image\" content=\"https:\/\/servidor-hp.com.co\/netcomp\/wp-content\/uploads\/2014\/06\/218335.jpg\" \/>\n\t<meta property=\"og:image:width\" content=\"858\" \/>\n\t<meta property=\"og:image:height\" content=\"420\" \/>\n\t<meta property=\"og:image:type\" content=\"image\/jpeg\" \/>\n<meta name=\"twitter:card\" content=\"summary_large_image\" \/>\n<meta name=\"twitter:label1\" content=\"Tiempo de lectura\" \/>\n\t<meta name=\"twitter:data1\" content=\"1 minuto\" \/>\n<script type=\"application\/ld+json\" class=\"yoast-schema-graph\">{\"@context\":\"https:\/\/schema.org\",\"@graph\":[{\"@type\":\"WebPage\",\"@id\":\"https:\/\/servidor-hp.com.co\/netcomp\/servidores\/inicio\/servidor-hp-dl380p-gen-8\/\",\"url\":\"https:\/\/servidor-hp.com.co\/netcomp\/servidores\/inicio\/servidor-hp-dl380p-gen-8\/\",\"name\":\"Servidor HP ProLiant DL380P GEN8 N\/P: 704558-001 - Servidores HP - Nuevos - Usados - Alquiler\",\"isPartOf\":{\"@id\":\"https:\/\/servidor-hp.com.co\/netcomp\/#website\"},\"primaryImageOfPage\":{\"@id\":\"https:\/\/servidor-hp.com.co\/netcomp\/servidores\/inicio\/servidor-hp-dl380p-gen-8\/#primaryimage\"},\"image\":{\"@id\":\"https:\/\/servidor-hp.com.co\/netcomp\/servidores\/inicio\/servidor-hp-dl380p-gen-8\/#primaryimage\"},\"thumbnailUrl\":\"https:\/\/servidor-hp.com.co\/netcomp\/wp-content\/uploads\/2014\/06\/218335.jpg\",\"datePublished\":\"2014-06-15T02:11:09+00:00\",\"dateModified\":\"2022-04-05T21:30:59+00:00\",\"description\":\"Servidor HP ProLiant DL380P GEN8 N\/P: 704558-001 - - Precio y Disponibilidad en Bogota - Colombia - servidor-hp.com.co\",\"breadcrumb\":{\"@id\":\"https:\/\/servidor-hp.com.co\/netcomp\/servidores\/inicio\/servidor-hp-dl380p-gen-8\/#breadcrumb\"},\"inLanguage\":\"es\",\"potentialAction\":[{\"@type\":\"ReadAction\",\"target\":[\"https:\/\/servidor-hp.com.co\/netcomp\/servidores\/inicio\/servidor-hp-dl380p-gen-8\/\"]}]},{\"@type\":\"ImageObject\",\"inLanguage\":\"es\",\"@id\":\"https:\/\/servidor-hp.com.co\/netcomp\/servidores\/inicio\/servidor-hp-dl380p-gen-8\/#primaryimage\",\"url\":\"https:\/\/servidor-hp.com.co\/netcomp\/wp-content\/uploads\/2014\/06\/218335.jpg\",\"contentUrl\":\"https:\/\/servidor-hp.com.co\/netcomp\/wp-content\/uploads\/2014\/06\/218335.jpg\",\"width\":858,\"height\":420,\"caption\":\"El servidor DL380p Gen8 ofrece la soluci\u00f3n perfecta para los requisitos inform\u00e1ticos din\u00e1micos de las peque\u00f1as empresas en crecimiento y de los centros de datos exigentes.\"},{\"@type\":\"BreadcrumbList\",\"@id\":\"https:\/\/servidor-hp.com.co\/netcomp\/servidores\/inicio\/servidor-hp-dl380p-gen-8\/#breadcrumb\",\"itemListElement\":[{\"@type\":\"ListItem\",\"position\":1,\"name\":\"Portada\",\"item\":\"https:\/\/servidor-hp.com.co\/netcomp\/\"},{\"@type\":\"ListItem\",\"position\":2,\"name\":\"Tienda\",\"item\":\"https:\/\/servidor-hp.com.co\/netcomp\/servidores\/\"},{\"@type\":\"ListItem\",\"position\":3,\"name\":\"Servidor HP ProLiant DL380P GEN8 N\/P: 704558-001\"}]},{\"@type\":\"WebSite\",\"@id\":\"https:\/\/servidor-hp.com.co\/netcomp\/#website\",\"url\":\"https:\/\/servidor-hp.com.co\/netcomp\/\",\"name\":\"Servidores HP - Nuevos - Usados - Alquiler\",\"description\":\"Tels: (+57) 316 878 8749\",\"alternateName\":\"Servidores HP DELL LENOVO IBM\",\"potentialAction\":[{\"@type\":\"SearchAction\",\"target\":{\"@type\":\"EntryPoint\",\"urlTemplate\":\"https:\/\/servidor-hp.com.co\/netcomp\/?s={search_term_string}\"},\"query-input\":{\"@type\":\"PropertyValueSpecification\",\"valueRequired\":true,\"valueName\":\"search_term_string\"}}],\"inLanguage\":\"es\"}]}<\/script>\n<!-- \/ Yoast SEO plugin. -->","yoast_head_json":{"title":"Servidor HP ProLiant DL380P GEN8 N\/P: 704558-001 - Servidores HP - Nuevos - Usados - Alquiler","description":"Servidor HP ProLiant DL380P GEN8 N\/P: 704558-001 - - Precio y Disponibilidad en Bogota - Colombia - servidor-hp.com.co","robots":{"index":"index","follow":"follow","max-snippet":"max-snippet:-1","max-image-preview":"max-image-preview:large","max-video-preview":"max-video-preview:-1"},"canonical":"https:\/\/servidor-hp.com.co\/netcomp\/servidores\/inicio\/servidor-hp-dl380p-gen-8\/","og_locale":"es_ES","og_type":"article","og_title":"Servidor HP ProLiant DL380P GEN8 N\/P: 704558-001 - Servidores HP - Nuevos - Usados - Alquiler","og_description":"Servidor HP ProLiant DL380P GEN8 N\/P: 704558-001 - - Precio y Disponibilidad en Bogota - Colombia - servidor-hp.com.co","og_url":"https:\/\/servidor-hp.com.co\/netcomp\/servidores\/inicio\/servidor-hp-dl380p-gen-8\/","og_site_name":"Servidores HP - Nuevos - Usados - Alquiler","article_modified_time":"2022-04-05T21:30:59+00:00","og_image":[{"width":858,"height":420,"url":"https:\/\/servidor-hp.com.co\/netcomp\/wp-content\/uploads\/2014\/06\/218335.jpg","type":"image\/jpeg"}],"twitter_card":"summary_large_image","twitter_misc":{"Tiempo de lectura":"1 minuto"},"schema":{"@context":"https:\/\/schema.org","@graph":[{"@type":"WebPage","@id":"https:\/\/servidor-hp.com.co\/netcomp\/servidores\/inicio\/servidor-hp-dl380p-gen-8\/","url":"https:\/\/servidor-hp.com.co\/netcomp\/servidores\/inicio\/servidor-hp-dl380p-gen-8\/","name":"Servidor HP ProLiant DL380P GEN8 N\/P: 704558-001 - Servidores HP - Nuevos - Usados - Alquiler","isPartOf":{"@id":"https:\/\/servidor-hp.com.co\/netcomp\/#website"},"primaryImageOfPage":{"@id":"https:\/\/servidor-hp.com.co\/netcomp\/servidores\/inicio\/servidor-hp-dl380p-gen-8\/#primaryimage"},"image":{"@id":"https:\/\/servidor-hp.com.co\/netcomp\/servidores\/inicio\/servidor-hp-dl380p-gen-8\/#primaryimage"},"thumbnailUrl":"https:\/\/servidor-hp.com.co\/netcomp\/wp-content\/uploads\/2014\/06\/218335.jpg","datePublished":"2014-06-15T02:11:09+00:00","dateModified":"2022-04-05T21:30:59+00:00","description":"Servidor HP ProLiant DL380P GEN8 N\/P: 704558-001 - - Precio y Disponibilidad en Bogota - Colombia - servidor-hp.com.co","breadcrumb":{"@id":"https:\/\/servidor-hp.com.co\/netcomp\/servidores\/inicio\/servidor-hp-dl380p-gen-8\/#breadcrumb"},"inLanguage":"es","potentialAction":[{"@type":"ReadAction","target":["https:\/\/servidor-hp.com.co\/netcomp\/servidores\/inicio\/servidor-hp-dl380p-gen-8\/"]}]},{"@type":"ImageObject","inLanguage":"es","@id":"https:\/\/servidor-hp.com.co\/netcomp\/servidores\/inicio\/servidor-hp-dl380p-gen-8\/#primaryimage","url":"https:\/\/servidor-hp.com.co\/netcomp\/wp-content\/uploads\/2014\/06\/218335.jpg","contentUrl":"https:\/\/servidor-hp.com.co\/netcomp\/wp-content\/uploads\/2014\/06\/218335.jpg","width":858,"height":420,"caption":"El servidor DL380p Gen8 ofrece la soluci\u00f3n perfecta para los requisitos inform\u00e1ticos din\u00e1micos de las peque\u00f1as empresas en crecimiento y de los centros de datos exigentes."},{"@type":"BreadcrumbList","@id":"https:\/\/servidor-hp.com.co\/netcomp\/servidores\/inicio\/servidor-hp-dl380p-gen-8\/#breadcrumb","itemListElement":[{"@type":"ListItem","position":1,"name":"Portada","item":"https:\/\/servidor-hp.com.co\/netcomp\/"},{"@type":"ListItem","position":2,"name":"Tienda","item":"https:\/\/servidor-hp.com.co\/netcomp\/servidores\/"},{"@type":"ListItem","position":3,"name":"Servidor HP ProLiant DL380P GEN8 N\/P: 704558-001"}]},{"@type":"WebSite","@id":"https:\/\/servidor-hp.com.co\/netcomp\/#website","url":"https:\/\/servidor-hp.com.co\/netcomp\/","name":"Servidores HP - Nuevos - Usados - Alquiler","description":"Tels: (+57) 316 878 8749","alternateName":"Servidores HP DELL LENOVO IBM","potentialAction":[{"@type":"SearchAction","target":{"@type":"EntryPoint","urlTemplate":"https:\/\/servidor-hp.com.co\/netcomp\/?s={search_term_string}"},"query-input":{"@type":"PropertyValueSpecification","valueRequired":true,"valueName":"search_term_string"}}],"inLanguage":"es"}]}},"_links":{"self":[{"href":"https:\/\/servidor-hp.com.co\/netcomp\/wp-json\/wp\/v2\/product\/17155","targetHints":{"allow":["GET"]}}],"collection":[{"href":"https:\/\/servidor-hp.com.co\/netcomp\/wp-json\/wp\/v2\/product"}],"about":[{"href":"https:\/\/servidor-hp.com.co\/netcomp\/wp-json\/wp\/v2\/types\/product"}],"replies":[{"embeddable":true,"href":"https:\/\/servidor-hp.com.co\/netcomp\/wp-json\/wp\/v2\/comments?post=17155"}],"wp:featuredmedia":[{"embeddable":true,"href":"https:\/\/servidor-hp.com.co\/netcomp\/wp-json\/wp\/v2\/media\/22052"}],"wp:attachment":[{"href":"https:\/\/servidor-hp.com.co\/netcomp\/wp-json\/wp\/v2\/media?parent=17155"}],"wp:term":[{"taxonomy":"product_brand","embeddable":true,"href":"https:\/\/servidor-hp.com.co\/netcomp\/wp-json\/wp\/v2\/product_brand?post=17155"},{"taxonomy":"product_cat","embeddable":true,"href":"https:\/\/servidor-hp.com.co\/netcomp\/wp-json\/wp\/v2\/product_cat?post=17155"},{"taxonomy":"product_tag","embeddable":true,"href":"https:\/\/servidor-hp.com.co\/netcomp\/wp-json\/wp\/v2\/product_tag?post=17155"}],"curies":[{"name":"wp","href":"https:\/\/api.w.org\/{rel}","templated":true}]}}