{"id":17154,"date":"2014-06-14T20:56:45","date_gmt":"2014-06-15T01:56:45","guid":{"rendered":"http:\/\/servidor-hp.com.co\/netcomp\/servidores\/inicio\/servidor-hp-dl360-gen-8\/"},"modified":"2021-04-28T15:00:34","modified_gmt":"2021-04-28T20:00:34","slug":"servidor-hp-dl360-gen-8","status":"publish","type":"product","link":"https:\/\/servidor-hp.com.co\/netcomp\/servidores\/servidores-hp\/servidores-hp-2\/servidor-hp-dl360-gen-8\/","title":{"rendered":"Servidor HP ProLiant DL360 GEN8 N\/P: 733733-001"},"content":{"rendered":"<p style=\"text-align: center;\"><span style=\"color: #333399;\"><strong><span style=\"font-family: tahoma, arial, helvetica, sans-serif; font-size: 12pt;\">\u00a0<\/span><\/strong><\/span><\/p>\n<p style=\"text-align: center;\"><span style=\"color: #333399;\"><strong><span style=\"font-family: tahoma, arial, helvetica, sans-serif; font-size: 12pt;\">\u00a0<\/span><\/strong><\/span><\/p>\n<h1 style=\"text-align: center;\"><span style=\"color: #333399;\"><strong><span style=\"font-family: tahoma, arial, helvetica, sans-serif; font-size: 12pt;\"><span style=\"font-size: 24pt;\">\u00a0Servidor HP ProLiant DL360 GEN 8<\/span><\/span><\/strong><\/span><strong style=\"color: #333399; font-size: 3.4375rem;\"><span style=\"font-family: tahoma, arial, helvetica, sans-serif; font-size: 12pt;\"><span style=\"font-size: 24pt;\">&#8211;<\/span><\/span><\/strong><strong style=\"color: #333399; font-size: 3.4375rem;\"><span style=\"font-family: tahoma, arial, helvetica, sans-serif; font-size: 12pt;\"><span style=\"font-size: 24pt;\">N\/P: 733733-001\u00a0<\/span><\/span><\/strong><\/h1>\n<p style=\"text-align: center;\"><span style=\"color: #333399; font-size: 10pt;\"><strong><span style=\"font-family: tahoma,arial,helvetica,sans-serif;\">\u00a0<\/span><\/strong><\/span><\/p>\n<p>&nbsp;<\/p>\n<h2 style=\"text-align: center;\"><span style=\"font-size: 18pt;\"><a href=\"http:\/\/servidor-hp.com.co\/netcomp\/servidores\/servidores-hp\/n-p-867962-b21-hp-servidor-hpe-proliant-dl360-sff-gen10fa\/\" target=\"_blank\" rel=\"noopener\"><span style=\"color: #333399; font-family: tahoma, arial, helvetica, sans-serif;\"><span style=\"color: #ff0000;\">Te Recomendamos el Nuevo Servidor HPE Proliant DL360 Gen10 &#8211; Click Aqui!<\/span><\/span><\/a><\/span><\/h2>\n<p>&nbsp;<\/p>\n<h3><\/h3>\n<h2><span style=\"font-size: 18pt; color: #000000;\">El servidor HP ProLiant DL360p Gen8 proporciona rendimiento con 2 sockets de clase empresarial y eficiencia en un tama\u00f1o 1U que ahorra espacio. Con el pr\u00e1ctico mantenimiento y la flexibilidad de configuraci\u00f3n, el Gen8 es ideal para aplicaciones generales, por ejemplo, archivos\/impresi\u00f3n, Web, cargas de trabajo inform\u00e1tico din\u00e1micas, virtualizaci\u00f3n y soluciones en la nube.<\/span><\/h2>\n<p>&nbsp;<\/p>\n<h2 style=\"text-align: center;\"><a href=\"https:\/\/servidor-hp.com.co\/netcomp\/servidores\/servidores-hp\/discos-duros-para-servidor-hp-proliant\/\" target=\"_blank\" rel=\"noopener\"><span style=\"font-family: tahoma, arial, helvetica, sans-serif;\">Tenemos una Amplia Gama de Discos Duros &#8211; Repuestos y Partes En Colombia Para Servidores HP &#8211; IBM &#8211; DELL &#8211; Click Aqui<\/span><\/a><\/h2>\n<p>&nbsp;<\/p>\n<p>&nbsp;<\/p>\n<h3><a href=\"https:\/\/api.whatsapp.com\/send?phone=573168788749\" target=\"_blank\" rel=\"noopener\"><img loading=\"lazy\" decoding=\"async\" class=\"aligncenter wp-image-20467\" src=\"http:\/\/cableado-estructurado.com.co\/netcomp\/wp-content\/uploads\/2018\/07\/whatsapp-logo-mensaje.jpg\" alt=\"\" width=\"290\" height=\"220\" \/><\/a><\/h3>\n<p>&nbsp;<\/p>\n<p>&nbsp;<\/p>\n<table style=\"width: 864px;\" border=\"0\" cellspacing=\"0\" cellpadding=\"0\">\n<thead>\n<tr>\n<td>\n<h3 style=\"text-align: center;\"><span style=\"font-family: tahoma,arial,helvetica,sans-serif; font-size: 12pt;\"><strong>DESCRIPCI\u00d3N<\/strong><\/span><\/h3>\n<\/td>\n<td>\n<h3 style=\"text-align: center;\"><span style=\"font-family: tahoma, arial, helvetica, sans-serif; font-size: 18pt; color: #333399;\"><strong>SERVIDOR HP DL360 G8 <\/strong><\/span><span style=\"font-family: tahoma,arial,helvetica,sans-serif; font-size: 12pt;\"><strong><span style=\"font-size: 18pt; color: #333399;\">SERVIDOR RACK 1U<\/span><br \/>\n<\/strong><\/span><\/h3>\n<\/td>\n<\/tr>\n<\/thead>\n<tbody>\n<tr>\n<td valign=\"top\">\n<h3><span style=\"font-family: tahoma,arial,helvetica,sans-serif; font-size: 12pt;\"><strong><span style=\"font-size: 12pt; font-family: tahoma,arial,helvetica,sans-serif; color: #000000;\">Procesador<\/span><\/strong><\/span><\/h3>\n<\/td>\n<td valign=\"top\">\n<h3><span style=\"font-family: tahoma,arial,helvetica,sans-serif; font-size: 12pt;\">(1) Intel\u00ae Xeon\u00ae E5-2630VERSION 2\u00a0 (2.6GHz\/6-core\/15MB\/7.2GT-s QPI\/80W) Cache Memory 15MB (1x15MB) L3 .<\/span><\/h3>\n<\/td>\n<\/tr>\n<tr>\n<td valign=\"top\">\n<h3><span style=\"font-family: tahoma,arial,helvetica,sans-serif; font-size: 12pt;\"><strong>Memoria<\/strong><\/span><\/h3>\n<\/td>\n<td valign=\"top\">\n<h3><span style=\"font-size: 12pt; font-family: tahoma,arial,helvetica,sans-serif;\">16GB (2 x 8GB DDR3-1600MHZ RDIMMs) 12 DIMM slots per processor \/4 channels per processor\/3 DIMMs per channel)<\/span><\/h3>\n<\/td>\n<\/tr>\n<tr>\n<td valign=\"top\">\n<h3><span style=\"font-family: tahoma,arial,helvetica,sans-serif; font-size: 12pt;\"><strong><span style=\"font-size: 12pt; font-family: tahoma,arial,helvetica,sans-serif; color: #000000;\">Tarjeta de Red<\/span><\/strong><\/span><\/h3>\n<\/td>\n<td valign=\"top\">\n<h3><span style=\"font-family: tahoma,arial,helvetica,sans-serif; font-size: 12pt;\">HP Ethernet 1Gb 4-port 331FLR Adapter<\/span><\/h3>\n<\/td>\n<\/tr>\n<tr>\n<td valign=\"top\">\n<h3><span style=\"font-family: tahoma,arial,helvetica,sans-serif; font-size: 12pt;\"><strong><span style=\"font-size: 12pt; font-family: tahoma,arial,helvetica,sans-serif; color: #000000;\">Almacenamiento<\/span><\/strong><\/span><\/h3>\n<\/td>\n<td valign=\"top\">\n<h3><span style=\"font-family: tahoma,arial,helvetica,sans-serif; font-size: 12pt;\">HP Smart Array P420i\/1GB with FBWC (RAID \/1\/1+0\/5\/5+0\/6\/6+0)<\/span><br \/>\n<span style=\"font-family: tahoma,arial,helvetica,sans-serif; font-size: 12pt;\">Hard Drive None ship standard; includes 6 SFF hard drive blanks Internal Storage Standard: 8 SFF . <\/span><\/h3>\n<ul>\n<li>\n<h3><span style=\"font-size: 12pt; font-family: tahoma,arial,helvetica,sans-serif; color: #000000;\">NO INCLUYE DD NI UNIDAD OPTICA<\/span><\/h3>\n<\/li>\n<\/ul>\n<\/td>\n<\/tr>\n<tr>\n<td valign=\"top\">\n<h3><span style=\"font-family: tahoma,arial,helvetica,sans-serif; font-size: 12pt;\"><strong><span style=\"font-size: 12pt; font-family: tahoma,arial,helvetica,sans-serif; color: #000000;\">Expansi\u00f3n<\/span><\/strong><\/span><\/h3>\n<\/td>\n<td valign=\"top\">\n<h3><span style=\"font-size: 12pt; font-family: tahoma,arial,helvetica,sans-serif; color: #000000;\">PCI-Express Slots 2 standard<br \/>\n<\/span><\/h3>\n<\/td>\n<\/tr>\n<tr>\n<td valign=\"top\">\n<h3><span style=\"font-family: tahoma,arial,helvetica,sans-serif; font-size: 12pt;\"><strong><span style=\"font-size: 12pt; font-family: tahoma,arial,helvetica,sans-serif; color: #000000;\">Fuente de Poder<\/span><\/strong><\/span><\/h3>\n<\/td>\n<td valign=\"top\">\n<h3><span style=\"font-family: tahoma,arial,helvetica,sans-serif; font-size: 12pt;\">(1) HP 460W Common Slot Platinum Plus Hot Plug Power Supply (94% Efficient)<\/span><\/h3>\n<\/td>\n<\/tr>\n<tr>\n<td valign=\"top\">\n<h3><span style=\"font-family: tahoma,arial,helvetica,sans-serif; font-size: 12pt;\"><strong><span style=\"font-family: tahoma,arial,helvetica,sans-serif; font-size: 12pt;\"><span style=\"font-size: 12pt; font-family: tahoma,arial,helvetica,sans-serif; color: #000000;\">Ventiladores<\/span><\/span><\/strong><\/span><\/h3>\n<\/td>\n<td valign=\"top\">\n<h3><span style=\"font-family: tahoma,arial,helvetica,sans-serif; font-size: 12pt;\"><span style=\"font-size: 12pt; font-family: tahoma,arial,helvetica,sans-serif; color: #000000;\">6<br \/>\n<\/span><\/span><\/h3>\n<\/td>\n<\/tr>\n<tr>\n<td valign=\"top\">\n<h3><span style=\"font-family: tahoma,arial,helvetica,sans-serif; font-size: 12pt;\"><strong><span style=\"font-family: tahoma,arial,helvetica,sans-serif; font-size: 12pt;\"><span style=\"font-size: 12pt; font-family: tahoma,arial,helvetica,sans-serif; color: #000000;\">ILO<\/span><\/span><\/strong><\/span><\/h3>\n<\/td>\n<td valign=\"top\">\n<h3><span style=\"font-family: tahoma,arial,helvetica,sans-serif; font-size: 12pt;\"><span style=\"font-size: 12pt; font-family: tahoma,arial,helvetica,sans-serif; color: #000000;\">Management HP iLO Management Engine (standard)<\/span><\/span><\/h3>\n<\/td>\n<\/tr>\n<tr>\n<td valign=\"top\">\n<h3><span style=\"font-family: tahoma,arial,helvetica,sans-serif; font-size: 12pt;\"><strong>Garantia<\/strong><\/span><\/h3>\n<\/td>\n<td valign=\"top\">\n<h3><span style=\"font-family: tahoma,arial,helvetica,sans-serif; font-size: 12pt;\">Depende de configuraci\u00f3n<br \/>\n<\/span><\/h3>\n<\/td>\n<\/tr>\n<\/tbody>\n<\/table>\n<p>&nbsp;<\/p>\n<p>&nbsp;<\/p>\n<p>&nbsp;<\/p>\n<p>&nbsp;<\/p>\n<p>&nbsp;<\/p>\n<p>&nbsp;<\/p>\n<div id=\"attachment_20322\" style=\"width: 1010px\" class=\"wp-caption aligncenter\"><img loading=\"lazy\" decoding=\"async\" aria-describedby=\"caption-attachment-20322\" class=\"size-full wp-image-20322\" src=\"https:\/\/servidor-hp.com.co\/netcomp\/wp-content\/uploads\/2014\/06\/hp-dl360e-g8-intel-xeon-e5-2403-cpu-kit-660666-b21.jpg\" alt=\"\" width=\"1000\" height=\"600\" \/><p id=\"caption-attachment-20322\" class=\"wp-caption-text\">Servidor HP DL360 Gen8<\/p><\/div>\n<p style=\"text-align: center;\"><span style=\"font-family: tahoma, arial, helvetica, sans-serif; font-size: 12pt; color: #333399;\"><strong>\u00a0<\/strong><\/span><\/p>\n<p style=\"text-align: center;\"><span style=\"font-family: tahoma, arial, helvetica, sans-serif; font-size: 12pt; color: #333399;\"><strong>\u00a0<\/strong><\/span><\/p>\n<p>&nbsp;<\/p>\n<h3><a href=\"https:\/\/api.whatsapp.com\/send?phone=573168788749\" target=\"_blank\" rel=\"noopener\"><img loading=\"lazy\" decoding=\"async\" class=\"aligncenter wp-image-20467\" src=\"http:\/\/cableado-estructurado.com.co\/netcomp\/wp-content\/uploads\/2018\/07\/whatsapp-logo-mensaje.jpg\" alt=\"\" width=\"290\" height=\"220\" \/><\/a><\/h3>\n<p>&nbsp;<\/p>\n<p>&nbsp;<\/p>\n<h2><img loading=\"lazy\" decoding=\"async\" class=\"wp-image-21775 aligncenter\" src=\"https:\/\/servidor-hp.com.co\/netcomp\/wp-content\/uploads\/2019\/05\/boton-ventas-servidor.png\" alt=\"\" width=\"495\" height=\"153\" \/><\/h2>\n","protected":false},"excerpt":{"rendered":"<h2><span style=\"font-family: tahoma, arial, helvetica, sans-serif; font-size: 10pt;\"><span style=\"color: #333399;\"><strong><span style=\"font-size: 14pt;\">N-P :\u00a0733733-001 &#8211; Servidor HP ProLiant DL360 G8<\/span> <\/strong><\/span><br \/>\n<\/span><\/h2>\n","protected":false},"featured_media":20208,"comment_status":"open","ping_status":"closed","template":"","meta":{"_et_pb_use_builder":"","_et_pb_old_content":"","_et_gb_content_width":""},"product_brand":[],"product_cat":[83,79,73,15,57],"product_tag":[17858,356,399,17866,390,17867,392,395],"class_list":{"0":"post-17154","1":"product","2":"type-product","3":"status-publish","4":"has-post-thumbnail","6":"product_cat-accesorios","7":"product_cat-inicio","8":"product_cat-servidores-hp-ibm-cisco","9":"product_cat-servidores-hp","10":"product_cat-servidores-hp-2","11":"product_tag-bundle-hdv230","12":"product_tag-netcomp-co","13":"product_tag-precio-instalacion-servidor-hp","14":"product_tag-servidor-733733-001","15":"product_tag-servidor-hp-dl360","16":"product_tag-servidor-hp-dl360-g8","17":"product_tag-servidor-hp-proliant-dl360","18":"product_tag-servidor-rack-dl360-bogota-colombia","20":"first","21":"instock","22":"shipping-taxable","23":"purchasable","24":"product-type-simple"},"yoast_head":"<!-- This site is optimized with the Yoast SEO plugin v27.2 - https:\/\/yoast.com\/product\/yoast-seo-wordpress\/ -->\n<title>Servidor HP ProLiant DL360 GEN8 N\/P: 733733-001 - Servidores HP - Nuevos - Usados - Alquiler<\/title>\n<meta name=\"description\" content=\"Servidor HP ProLiant DL360 GEN8 N\/P: 733733-001 - Asesoria - Soporte - Precio y Disponibilidad en Bogota - Colombia - servidor-hp.com.co\" \/>\n<meta name=\"robots\" content=\"index, follow, max-snippet:-1, max-image-preview:large, max-video-preview:-1\" \/>\n<link rel=\"canonical\" href=\"https:\/\/servidor-hp.com.co\/netcomp\/servidores\/servidores-hp\/servidores-hp-2\/servidor-hp-dl360-gen-8\/\" \/>\n<meta property=\"og:locale\" content=\"es_ES\" \/>\n<meta property=\"og:type\" content=\"article\" \/>\n<meta property=\"og:title\" content=\"Servidor HP ProLiant DL360 GEN8 N\/P: 733733-001 - Servidores HP - Nuevos - Usados - Alquiler\" \/>\n<meta property=\"og:description\" content=\"Servidor HP ProLiant DL360 GEN8 N\/P: 733733-001 - Asesoria - Soporte - Precio y Disponibilidad en Bogota - Colombia - servidor-hp.com.co\" \/>\n<meta property=\"og:url\" content=\"https:\/\/servidor-hp.com.co\/netcomp\/servidores\/servidores-hp\/servidores-hp-2\/servidor-hp-dl360-gen-8\/\" \/>\n<meta property=\"og:site_name\" content=\"Servidores HP - Nuevos - Usados - Alquiler\" \/>\n<meta property=\"article:modified_time\" content=\"2021-04-28T20:00:34+00:00\" \/>\n<meta property=\"og:image\" content=\"https:\/\/servidor-hp.com.co\/netcomp\/wp-content\/uploads\/2014\/06\/733733-001-servidor-dl360-gen8-hp-proliant-e1604029380781.jpg\" \/>\n\t<meta property=\"og:image:width\" content=\"450\" \/>\n\t<meta property=\"og:image:height\" content=\"201\" \/>\n\t<meta property=\"og:image:type\" content=\"image\/jpeg\" \/>\n<meta name=\"twitter:card\" content=\"summary_large_image\" \/>\n<meta name=\"twitter:label1\" content=\"Tiempo de lectura\" \/>\n\t<meta name=\"twitter:data1\" content=\"1 minuto\" \/>\n<script type=\"application\/ld+json\" class=\"yoast-schema-graph\">{\"@context\":\"https:\/\/schema.org\",\"@graph\":[{\"@type\":\"WebPage\",\"@id\":\"https:\/\/servidor-hp.com.co\/netcomp\/servidores\/servidores-hp\/servidores-hp-2\/servidor-hp-dl360-gen-8\/\",\"url\":\"https:\/\/servidor-hp.com.co\/netcomp\/servidores\/servidores-hp\/servidores-hp-2\/servidor-hp-dl360-gen-8\/\",\"name\":\"Servidor HP ProLiant DL360 GEN8 N\/P: 733733-001 - Servidores HP - Nuevos - Usados - Alquiler\",\"isPartOf\":{\"@id\":\"https:\/\/servidor-hp.com.co\/netcomp\/#website\"},\"primaryImageOfPage\":{\"@id\":\"https:\/\/servidor-hp.com.co\/netcomp\/servidores\/servidores-hp\/servidores-hp-2\/servidor-hp-dl360-gen-8\/#primaryimage\"},\"image\":{\"@id\":\"https:\/\/servidor-hp.com.co\/netcomp\/servidores\/servidores-hp\/servidores-hp-2\/servidor-hp-dl360-gen-8\/#primaryimage\"},\"thumbnailUrl\":\"https:\/\/servidor-hp.com.co\/netcomp\/wp-content\/uploads\/2014\/06\/733733-001-servidor-dl360-gen8-hp-proliant-e1604029380781.jpg\",\"datePublished\":\"2014-06-15T01:56:45+00:00\",\"dateModified\":\"2021-04-28T20:00:34+00:00\",\"description\":\"Servidor HP ProLiant DL360 GEN8 N\/P: 733733-001 - Asesoria - Soporte - Precio y Disponibilidad en Bogota - Colombia - servidor-hp.com.co\",\"breadcrumb\":{\"@id\":\"https:\/\/servidor-hp.com.co\/netcomp\/servidores\/servidores-hp\/servidores-hp-2\/servidor-hp-dl360-gen-8\/#breadcrumb\"},\"inLanguage\":\"es\",\"potentialAction\":[{\"@type\":\"ReadAction\",\"target\":[\"https:\/\/servidor-hp.com.co\/netcomp\/servidores\/servidores-hp\/servidores-hp-2\/servidor-hp-dl360-gen-8\/\"]}]},{\"@type\":\"ImageObject\",\"inLanguage\":\"es\",\"@id\":\"https:\/\/servidor-hp.com.co\/netcomp\/servidores\/servidores-hp\/servidores-hp-2\/servidor-hp-dl360-gen-8\/#primaryimage\",\"url\":\"https:\/\/servidor-hp.com.co\/netcomp\/wp-content\/uploads\/2014\/06\/733733-001-servidor-dl360-gen8-hp-proliant-e1604029380781.jpg\",\"contentUrl\":\"https:\/\/servidor-hp.com.co\/netcomp\/wp-content\/uploads\/2014\/06\/733733-001-servidor-dl360-gen8-hp-proliant-e1604029380781.jpg\",\"width\":450,\"height\":201,\"caption\":\"Dl360 Gen8 \/ Gen10\"},{\"@type\":\"BreadcrumbList\",\"@id\":\"https:\/\/servidor-hp.com.co\/netcomp\/servidores\/servidores-hp\/servidores-hp-2\/servidor-hp-dl360-gen-8\/#breadcrumb\",\"itemListElement\":[{\"@type\":\"ListItem\",\"position\":1,\"name\":\"Portada\",\"item\":\"https:\/\/servidor-hp.com.co\/netcomp\/\"},{\"@type\":\"ListItem\",\"position\":2,\"name\":\"Tienda\",\"item\":\"https:\/\/servidor-hp.com.co\/netcomp\/servidores\/\"},{\"@type\":\"ListItem\",\"position\":3,\"name\":\"Servidor HP ProLiant DL360 GEN8 N\/P: 733733-001\"}]},{\"@type\":\"WebSite\",\"@id\":\"https:\/\/servidor-hp.com.co\/netcomp\/#website\",\"url\":\"https:\/\/servidor-hp.com.co\/netcomp\/\",\"name\":\"Servidores HP - Nuevos - Usados - Alquiler\",\"description\":\"Tels: (+57) 316 878 8749\",\"alternateName\":\"Servidores HP DELL LENOVO IBM\",\"potentialAction\":[{\"@type\":\"SearchAction\",\"target\":{\"@type\":\"EntryPoint\",\"urlTemplate\":\"https:\/\/servidor-hp.com.co\/netcomp\/?s={search_term_string}\"},\"query-input\":{\"@type\":\"PropertyValueSpecification\",\"valueRequired\":true,\"valueName\":\"search_term_string\"}}],\"inLanguage\":\"es\"}]}<\/script>\n<!-- \/ Yoast SEO plugin. -->","yoast_head_json":{"title":"Servidor HP ProLiant DL360 GEN8 N\/P: 733733-001 - Servidores HP - Nuevos - Usados - Alquiler","description":"Servidor HP ProLiant DL360 GEN8 N\/P: 733733-001 - Asesoria - Soporte - Precio y Disponibilidad en Bogota - Colombia - servidor-hp.com.co","robots":{"index":"index","follow":"follow","max-snippet":"max-snippet:-1","max-image-preview":"max-image-preview:large","max-video-preview":"max-video-preview:-1"},"canonical":"https:\/\/servidor-hp.com.co\/netcomp\/servidores\/servidores-hp\/servidores-hp-2\/servidor-hp-dl360-gen-8\/","og_locale":"es_ES","og_type":"article","og_title":"Servidor HP ProLiant DL360 GEN8 N\/P: 733733-001 - Servidores HP - Nuevos - Usados - Alquiler","og_description":"Servidor HP ProLiant DL360 GEN8 N\/P: 733733-001 - Asesoria - Soporte - Precio y Disponibilidad en Bogota - Colombia - servidor-hp.com.co","og_url":"https:\/\/servidor-hp.com.co\/netcomp\/servidores\/servidores-hp\/servidores-hp-2\/servidor-hp-dl360-gen-8\/","og_site_name":"Servidores HP - Nuevos - Usados - Alquiler","article_modified_time":"2021-04-28T20:00:34+00:00","og_image":[{"width":450,"height":201,"url":"https:\/\/servidor-hp.com.co\/netcomp\/wp-content\/uploads\/2014\/06\/733733-001-servidor-dl360-gen8-hp-proliant-e1604029380781.jpg","type":"image\/jpeg"}],"twitter_card":"summary_large_image","twitter_misc":{"Tiempo de lectura":"1 minuto"},"schema":{"@context":"https:\/\/schema.org","@graph":[{"@type":"WebPage","@id":"https:\/\/servidor-hp.com.co\/netcomp\/servidores\/servidores-hp\/servidores-hp-2\/servidor-hp-dl360-gen-8\/","url":"https:\/\/servidor-hp.com.co\/netcomp\/servidores\/servidores-hp\/servidores-hp-2\/servidor-hp-dl360-gen-8\/","name":"Servidor HP ProLiant DL360 GEN8 N\/P: 733733-001 - Servidores HP - Nuevos - Usados - Alquiler","isPartOf":{"@id":"https:\/\/servidor-hp.com.co\/netcomp\/#website"},"primaryImageOfPage":{"@id":"https:\/\/servidor-hp.com.co\/netcomp\/servidores\/servidores-hp\/servidores-hp-2\/servidor-hp-dl360-gen-8\/#primaryimage"},"image":{"@id":"https:\/\/servidor-hp.com.co\/netcomp\/servidores\/servidores-hp\/servidores-hp-2\/servidor-hp-dl360-gen-8\/#primaryimage"},"thumbnailUrl":"https:\/\/servidor-hp.com.co\/netcomp\/wp-content\/uploads\/2014\/06\/733733-001-servidor-dl360-gen8-hp-proliant-e1604029380781.jpg","datePublished":"2014-06-15T01:56:45+00:00","dateModified":"2021-04-28T20:00:34+00:00","description":"Servidor HP ProLiant DL360 GEN8 N\/P: 733733-001 - Asesoria - Soporte - Precio y Disponibilidad en Bogota - Colombia - servidor-hp.com.co","breadcrumb":{"@id":"https:\/\/servidor-hp.com.co\/netcomp\/servidores\/servidores-hp\/servidores-hp-2\/servidor-hp-dl360-gen-8\/#breadcrumb"},"inLanguage":"es","potentialAction":[{"@type":"ReadAction","target":["https:\/\/servidor-hp.com.co\/netcomp\/servidores\/servidores-hp\/servidores-hp-2\/servidor-hp-dl360-gen-8\/"]}]},{"@type":"ImageObject","inLanguage":"es","@id":"https:\/\/servidor-hp.com.co\/netcomp\/servidores\/servidores-hp\/servidores-hp-2\/servidor-hp-dl360-gen-8\/#primaryimage","url":"https:\/\/servidor-hp.com.co\/netcomp\/wp-content\/uploads\/2014\/06\/733733-001-servidor-dl360-gen8-hp-proliant-e1604029380781.jpg","contentUrl":"https:\/\/servidor-hp.com.co\/netcomp\/wp-content\/uploads\/2014\/06\/733733-001-servidor-dl360-gen8-hp-proliant-e1604029380781.jpg","width":450,"height":201,"caption":"Dl360 Gen8 \/ Gen10"},{"@type":"BreadcrumbList","@id":"https:\/\/servidor-hp.com.co\/netcomp\/servidores\/servidores-hp\/servidores-hp-2\/servidor-hp-dl360-gen-8\/#breadcrumb","itemListElement":[{"@type":"ListItem","position":1,"name":"Portada","item":"https:\/\/servidor-hp.com.co\/netcomp\/"},{"@type":"ListItem","position":2,"name":"Tienda","item":"https:\/\/servidor-hp.com.co\/netcomp\/servidores\/"},{"@type":"ListItem","position":3,"name":"Servidor HP ProLiant DL360 GEN8 N\/P: 733733-001"}]},{"@type":"WebSite","@id":"https:\/\/servidor-hp.com.co\/netcomp\/#website","url":"https:\/\/servidor-hp.com.co\/netcomp\/","name":"Servidores HP - Nuevos - Usados - Alquiler","description":"Tels: (+57) 316 878 8749","alternateName":"Servidores HP DELL LENOVO IBM","potentialAction":[{"@type":"SearchAction","target":{"@type":"EntryPoint","urlTemplate":"https:\/\/servidor-hp.com.co\/netcomp\/?s={search_term_string}"},"query-input":{"@type":"PropertyValueSpecification","valueRequired":true,"valueName":"search_term_string"}}],"inLanguage":"es"}]}},"_links":{"self":[{"href":"https:\/\/servidor-hp.com.co\/netcomp\/wp-json\/wp\/v2\/product\/17154","targetHints":{"allow":["GET"]}}],"collection":[{"href":"https:\/\/servidor-hp.com.co\/netcomp\/wp-json\/wp\/v2\/product"}],"about":[{"href":"https:\/\/servidor-hp.com.co\/netcomp\/wp-json\/wp\/v2\/types\/product"}],"replies":[{"embeddable":true,"href":"https:\/\/servidor-hp.com.co\/netcomp\/wp-json\/wp\/v2\/comments?post=17154"}],"wp:featuredmedia":[{"embeddable":true,"href":"https:\/\/servidor-hp.com.co\/netcomp\/wp-json\/wp\/v2\/media\/20208"}],"wp:attachment":[{"href":"https:\/\/servidor-hp.com.co\/netcomp\/wp-json\/wp\/v2\/media?parent=17154"}],"wp:term":[{"taxonomy":"product_brand","embeddable":true,"href":"https:\/\/servidor-hp.com.co\/netcomp\/wp-json\/wp\/v2\/product_brand?post=17154"},{"taxonomy":"product_cat","embeddable":true,"href":"https:\/\/servidor-hp.com.co\/netcomp\/wp-json\/wp\/v2\/product_cat?post=17154"},{"taxonomy":"product_tag","embeddable":true,"href":"https:\/\/servidor-hp.com.co\/netcomp\/wp-json\/wp\/v2\/product_tag?post=17154"}],"curies":[{"name":"wp","href":"https:\/\/api.w.org\/{rel}","templated":true}]}}