{"id":17151,"date":"2014-06-14T10:34:33","date_gmt":"2014-06-14T15:34:33","guid":{"rendered":"http:\/\/servidor-hp.com.co\/netcomp\/servidores\/inicio\/servidor-hp-dl360-gen-8-e\/"},"modified":"2023-08-02T18:50:24","modified_gmt":"2023-08-02T23:50:24","slug":"servidor-hp-dl360-gen-8-e","status":"publish","type":"product","link":"https:\/\/servidor-hp.com.co\/netcomp\/servidores\/servidores-hp\/servidores-hp-2\/servidor-hp-dl360-gen-8-e\/","title":{"rendered":"SERVIDOR HP DL360 PROLIANT GEN 8 -N\/P: 668812-001"},"content":{"rendered":"<h1 style=\"text-align: center;\"><span style=\"font-size: 36pt;\"><strong><span style=\"line-height: 115%; font-family: Tahoma, sans-serif; color: #333399;\">\u00a0<span style=\"font-size: 24pt;\">SERVIDOR HP DL360E PROLIANT GEN8 &#8211; DISPONIBLE PARA VENTA O ARRENDAMIENTO &#8211; USADO &#8211; ESTADO OPTIMO &#8211; GARANTIA : 1 A\u00d1O<\/span><br \/>\n<\/span><\/strong><\/span><\/h1>\n<h1 style=\"text-align: center;\"><span style=\"color: #333399; font-size: 18pt;\"><strong><span style=\"font-family: tahoma, arial, helvetica, sans-serif;\">N\/P: <\/span><\/strong><\/span><strong><span style=\"font-size: 18.0pt; line-height: 115%; font-family: 'Tahoma','sans-serif'; color: #333399;\">668812-001\u00a0<\/span><\/strong><\/h1>\n<p>&nbsp;<\/p>\n<h2 style=\"text-align: center;\"><a title=\"Comprar \/ Precio Servidor HP Proliant DL360 Gen8\" href=\"https:\/\/netcomp.co\/es\/servidores-hp\/926-668812-001-servidor-dl360-g8-se.html\" target=\"_blank\" rel=\"noopener\"><strong><span style=\"font-family: tahoma, arial, helvetica, sans-serif; font-size: 14pt; color: #ff0000;\">COMPRAR SERVIDOR DL360 GEN8 &#8211; CLICK AQUI!<\/span><\/strong><\/a><\/h2>\n<p>&nbsp;<\/p>\n<p style=\"text-align: center;\"><span style=\"font-size: 24pt;\"><strong>\u00a0<\/strong><\/span><\/p>\n<h2 style=\"text-align: center;\"><a title=\"Servidores HP Proliant Gen10\" href=\"https:\/\/netcomp.co\/es\/132-servidores-hp-lenovo-dell-partes\" target=\"_blank\" rel=\"noopener\"><span style=\"font-family: tahoma, arial, helvetica, sans-serif; font-size: 24pt;\"><strong><span style=\"color: #ff0000;\">Tenemos una Amplia Gama de Servidores Proliant HPE &#8211; Visita Nuestra Tienda\u00a0<\/span> <span style=\"color: #ff0000;\">&#8211; Click Aqui!<\/span><\/strong><\/span><\/a><\/h2>\n<h3 style=\"text-align: center;\"><\/h3>\n<p>&nbsp;<\/p>\n<h2 class=\"product_title entry-title\"><span style=\"font-size: 24pt; color: #000000;\">El servidor HP ProLiant DL360p Gen8 proporciona rendimiento con 2 sockets de clase empresarial y eficiencia en un tama\u00f1o 1U que ahorra espacio. Con el pr\u00e1ctico mantenimiento y la flexibilidad de configuraci\u00f3n, el Gen8 es ideal para aplicaciones generales, por ejemplo, archivos\/impresi\u00f3n, Web, cargas de trabajo inform\u00e1tico din\u00e1micas, virtualizaci\u00f3n y soluciones en la nube.<\/span><\/h2>\n<h3><\/h3>\n<div class=\"ccs-cc-inline-feature\" data-type=\"text\">\n<ul>\n<li class=\"ccs-cc-inline-feature-content ccs-cc-inline-feature-description\"><span style=\"font-size: 18pt; color: #000000; font-family: tahoma, arial, helvetica, sans-serif;\">Elimine la complejidad de la infraestructura con HP OneView 1.10. \u00a1Ahora disponible en todos los servidores HP ProLiant DL Gen8!<\/span><\/li>\n<\/ul>\n<\/div>\n<div class=\"ccs-cc-inline-feature\" data-type=\"text\">\n<ul>\n<li class=\"ccs-cc-inline-feature-content ccs-cc-inline-feature-description\"><span style=\"font-size: 18pt; color: #000000; font-family: tahoma, arial, helvetica, sans-serif;\">Hasta un 35\u00a0% de aumento del rendimiento* en los mismos niveles de energ\u00eda o menores con los nuevos procesadores Intel<sup>\u00ae<\/sup>\u00a0Xeon<sup>\u00ae<\/sup>\u00a0E5-2600 v2 *agosto de 2013. Resultados de rendimiento seg\u00fan pruebas de Intel<\/span><\/li>\n<\/ul>\n<\/div>\n<div class=\"ccs-cc-inline-feature\" data-type=\"text\">\n<ul>\n<li class=\"ccs-cc-inline-feature-content ccs-cc-inline-feature-description\"><span style=\"font-size: 18pt; color: #000000; font-family: tahoma, arial, helvetica, sans-serif;\">Las \u00faltimas controladoras HP Smart Array dise\u00f1adas para optimizar la disponibilidad de datos, el rendimiento y la capacidad<\/span><\/li>\n<\/ul>\n<\/div>\n<div class=\"ccs-cc-inline-feature\" data-type=\"text\">\n<ul>\n<li class=\"ccs-cc-inline-feature-content ccs-cc-inline-feature-description\"><span style=\"font-size: 18pt; color: #000000; font-family: tahoma, arial, helvetica, sans-serif;\">Nuevas fuentes de alimentaci\u00f3n de ranura universal de HP que proporcionan un nivel de eficiencia de alimentaci\u00f3n de servidores del 96% y nuevas eficiencias energ\u00e9ticas de infraestructura con voltajes de entrada de 277 VCA y 380 VCC.<\/span><\/li>\n<\/ul>\n<\/div>\n<div class=\"ccs-cc-inline-feature\" data-type=\"text\">\n<ul>\n<li class=\"ccs-cc-inline-feature-content ccs-cc-inline-feature-description\"><span style=\"font-size: 18pt; color: #000000; font-family: tahoma, arial, helvetica, sans-serif;\">HP SmartMemory para ofrecer un rendimiento de la memoria un 16,6\u00a0%* mejor *Junio de 2013. HP SmartMemory a 1866\u00a0MHz a 2\u00a0DPC frente a 1600\u00a0MHz a 2 DPC<\/span><\/li>\n<\/ul>\n<\/div>\n<div class=\"ccs-cc-inline-feature\" data-type=\"text\">\n<ul>\n<li class=\"ccs-cc-inline-feature-content ccs-cc-inline-feature-description\"><span style=\"font-size: 18pt; color: #000000; font-family: tahoma, arial, helvetica, sans-serif;\">Exclusivo de HP sobre Dell con servicio t\u00e9cnico y soporte para tarjetas Solarflare est\u00e1ndar de hasta 10 GbE<\/span><\/li>\n<\/ul>\n<\/div>\n<h3><\/h3>\n<h3 style=\"text-align: center;\"><span style=\"font-size: 24pt;\"><strong><a title=\"Comprar Servidor HP Proliant - Colombia\" href=\"https:\/\/netcomp.co\/es\/132-servidores-hp-lenovo-dell-partes\" target=\"_blank\" rel=\"noopener noreferrer\">COMPRAR SERVIDORES HP &#8211; DELL &#8211; LENOVO <\/a><\/strong><\/span><\/h3>\n<h3 style=\"text-align: center;\"><span style=\"font-size: 24pt;\"><strong><a title=\"Comprar Servidor HP Proliant - Colombia\" href=\"https:\/\/netcomp.co\/es\/132-servidores-hp-lenovo-dell-partes\" target=\"_blank\" rel=\"noopener noreferrer\">&#8211; CLICK AQUI!<\/a><\/strong><\/span><\/h3>\n<h3 style=\"text-align: center;\"><a title=\"Precios Servidores HP - Dell - Lenovo - Colombia\" href=\"https:\/\/netcomp.co\/es\/132-servidores-hp-lenovo-dell-partes\" target=\"_blank\" rel=\"noopener noreferrer\"><img loading=\"lazy\" decoding=\"async\" class=\"size-full wp-image-19848 aligncenter\" src=\"https:\/\/servidor-hp.com.co\/netcomp\/wp-content\/uploads\/2018\/07\/servidor-hp-gen10-e1597801518845.jpg\" alt=\"\" width=\"350\" height=\"233\" \/><\/a><\/h3>\n<p style=\"text-align: center;\"><span style=\"color: #000000; font-size: 10pt;\"><strong><span style=\"font-family: tahoma,arial,helvetica,sans-serif;\">\u00a0<\/span><\/strong><\/span><\/p>\n<h4><span style=\"font-family: tahoma, arial, helvetica, sans-serif; color: #000000;\"><strong>Especificaciones<\/strong><\/span><\/h4>\n<h4><span style=\"font-family: tahoma, arial, helvetica, sans-serif; color: #000000;\"><strong>\u00a0<\/strong><\/span><\/h4>\n<ul>\n<li>\n<h4><span style=\"font-family: tahoma, arial, helvetica, sans-serif; color: #000000;\">Procesador Intel Xenon E3-2403 de 1.8GHz de 4 n\u00facleos<\/span><\/h4>\n<\/li>\n<li>\n<h4><span style=\"font-family: tahoma, arial, helvetica, sans-serif; color: #000000;\">Memoria RAM de 4GB expandible hasta 384GB<\/span><\/h4>\n<\/li>\n<li>\n<h4><span style=\"font-family: tahoma, arial, helvetica, sans-serif; color: #000000;\">Memoria RAM tipo PC3-10600 DDR3 SDRAM de 1066 MHz<\/span><\/h4>\n<\/li>\n<li>\n<h4><span style=\"font-family: tahoma, arial, helvetica, sans-serif; color: #000000;\">12 ranuras de memoria DIMM<\/span><\/h4>\n<\/li>\n<li>\n<h4><span style=\"font-family: tahoma, arial, helvetica, sans-serif; color: #000000;\">Controlador Dynamic Smart Array B120i<\/span><\/h4>\n<\/li>\n<li>\n<h4><span style=\"font-family: tahoma, arial, helvetica, sans-serif; color: #000000;\">Procesador gr\u00e1fico Matrox G200<\/span><\/h4>\n<\/li>\n<li>\n<h4><span style=\"font-family: tahoma, arial, helvetica, sans-serif; color: #000000;\">Chipset Intel C200<\/span><\/h4>\n<\/li>\n<li>\n<h4><span style=\"font-family: tahoma, arial, helvetica, sans-serif; color: #000000;\">Cache de 10MB L3<\/span><\/h4>\n<\/li>\n<li>\n<h4><span style=\"font-family: tahoma, arial, helvetica, sans-serif; color: #000000;\">Controlador grafico integrado<\/span><\/h4>\n<\/li>\n<li>\n<h4><span style=\"font-family: tahoma, arial, helvetica, sans-serif; color: #000000;\">Controlador de red HP 366<u>i<\/u><\/span><\/h4>\n<\/li>\n<\/ul>\n<p>&nbsp;<\/p>\n<p>&nbsp;<\/p>\n<h4 style=\"text-align: center;\"><span style=\"color: #333399;\"><strong><span style=\"font-size: 12pt;\"><span style=\"font-family: 'Tahoma', 'sans-serif';\">Encuentra las Especificaciones t\u00e9cnicas de este Servidor HP ProLiant DL360 en la pesta\u00f1a<\/span><\/span><\/strong><\/span><\/h4>\n<h4 style=\"text-align: center;\"><span style=\"color: #333399;\"><strong><span style=\"font-size: 12pt;\"><span style=\"font-family: 'Tahoma', 'sans-serif';\"> \u201c<\/span><a style=\"color: #333399;\" href=\"https:\/\/servidor-hp.com.co\/netcomp\/servidores\/servidores-hp\/servidores-hp-2\/servidor-hp-dl360-gen-8-e\/#tab-additional_information\">Informaci\u00f3n adicional <\/a>\u201c<\/span><span style=\"font-family: tahoma, arial, helvetica, sans-serif; font-size: 12pt;\">\u00a0<\/span><\/strong><\/span><\/h4>\n<p>&nbsp;<\/p>\n<p>&nbsp;<\/p>\n<table class=\" aligncenter\" style=\"height: 683px; width: 84.8223%; border-collapse: collapse;\">\n<tbody>\n<tr style=\"height: 683px;\">\n<td style=\"width: 100%; height: 683px;\">\n<h3 style=\"text-align: center;\"><a title=\"Comprar Servidor HP Proliant - Colombia\" href=\"https:\/\/netcomp.co\/es\/132-servidores-hp-lenovo-dell-partes\" target=\"_blank\" rel=\"noopener noreferrer\"><span style=\"font-family: tahoma, arial, helvetica, sans-serif; font-size: 14pt; color: #ff0000;\">DISPONEMOS DE UNA AMPLIA GAMA DE SERVIDORES HP PROLIANT PARA ARRENDAMIENTO \/ ALQUILER : ML350 \/ ML150 \/ DL320 \/ DL360 \/ DL380 &#8211; CLICK AQUI!<\/span><\/a><\/h3>\n<h3><a href=\"https:\/\/api.whatsapp.com\/send?phone=573168788749\" target=\"_blank\" rel=\"noopener noreferrer\"><img loading=\"lazy\" decoding=\"async\" class=\"aligncenter wp-image-20467\" src=\"http:\/\/cableado-estructurado.com.co\/netcomp\/wp-content\/uploads\/2018\/07\/whatsapp-logo-mensaje.jpg\" alt=\"\" width=\"290\" height=\"220\" \/><\/a><\/h3>\n<h3><a title=\"Contacto\" href=\"https:\/\/api.whatsapp.com\/send?phone=573168788749\" target=\"_blank\" rel=\"noopener\"><img loading=\"lazy\" decoding=\"async\" class=\"wp-image-21775 aligncenter\" src=\"https:\/\/servidor-hp.com.co\/netcomp\/wp-content\/uploads\/2019\/05\/boton-ventas-servidor.png\" alt=\"\" width=\"391\" height=\"121\" \/><\/a><\/h3>\n<\/td>\n<\/tr>\n<\/tbody>\n<\/table>\n","protected":false},"excerpt":{"rendered":"<h2><span style=\"font-size: 12pt; font-family: tahoma, arial, helvetica, sans-serif; color: #333399;\"><strong>SERVIDOR HP PROLIANT DL360E GEN8 &#8211;\u00a0 USADO &#8211; ESTADO OPTIMO<\/strong><\/span><span style=\"font-size: 12pt; font-family: tahoma, arial, helvetica, sans-serif;\"><strong><br \/>\n<\/strong><\/span><\/h2>\n","protected":false},"featured_media":20208,"comment_status":"open","ping_status":"closed","template":"","meta":{"_et_pb_use_builder":"","_et_pb_old_content":"","_et_gb_content_width":""},"product_brand":[],"product_cat":[79,73,15,57],"product_tag":[391,17858,144,354,356,399,329,393,394,321,390,392,514,327],"class_list":{"0":"post-17151","1":"product","2":"type-product","3":"status-publish","4":"has-post-thumbnail","6":"product_cat-inicio","7":"product_cat-servidores-hp-ibm-cisco","8":"product_cat-servidores-hp","9":"product_cat-servidores-hp-2","10":"product_tag-668812-001","11":"product_tag-bundle-hdv230","12":"product_tag-colombia","13":"product_tag-cotizar-servidor-hp","14":"product_tag-netcomp-co","15":"product_tag-precio-instalacion-servidor-hp","16":"product_tag-precio-servidor-hp","17":"product_tag-precio-servidor-proliant-dl360","18":"product_tag-servidor-dl360","19":"product_tag-servidor-hp","20":"product_tag-servidor-hp-dl360","21":"product_tag-servidor-hp-proliant-dl360","22":"product_tag-servidor-rack-dl360-bogota","23":"product_tag-servidores-hp","25":"first","26":"instock","27":"shipping-taxable","28":"purchasable","29":"product-type-simple"},"yoast_head":"<!-- This site is optimized with the Yoast SEO plugin v27.2 - https:\/\/yoast.com\/product\/yoast-seo-wordpress\/ -->\n<title>SERVIDOR HP DL360 PROLIANT GEN 8 -N\/P: 668812-001 - Servidores HP - Nuevos - Usados - Alquiler<\/title>\n<meta name=\"description\" content=\"SERVIDOR HP DL360 PROLIANT GEN 8 -N\/P: 668812-001 - - Precio y Disponibilidad en Bogota - Colombia - servidor-hp.com.co\" \/>\n<meta name=\"robots\" content=\"index, follow, max-snippet:-1, max-image-preview:large, max-video-preview:-1\" \/>\n<link rel=\"canonical\" href=\"https:\/\/servidor-hp.com.co\/netcomp\/servidores\/servidores-hp\/servidores-hp-2\/servidor-hp-dl360-gen-8-e\/\" \/>\n<meta property=\"og:locale\" content=\"es_ES\" \/>\n<meta property=\"og:type\" content=\"article\" \/>\n<meta property=\"og:title\" content=\"SERVIDOR HP DL360 PROLIANT GEN 8 -N\/P: 668812-001 - Servidores HP - Nuevos - Usados - Alquiler\" \/>\n<meta property=\"og:description\" content=\"SERVIDOR HP DL360 PROLIANT GEN 8 -N\/P: 668812-001 - - Precio y Disponibilidad en Bogota - Colombia - servidor-hp.com.co\" \/>\n<meta property=\"og:url\" content=\"https:\/\/servidor-hp.com.co\/netcomp\/servidores\/servidores-hp\/servidores-hp-2\/servidor-hp-dl360-gen-8-e\/\" \/>\n<meta property=\"og:site_name\" content=\"Servidores HP - Nuevos - Usados - Alquiler\" \/>\n<meta property=\"article:modified_time\" content=\"2023-08-02T23:50:24+00:00\" \/>\n<meta property=\"og:image\" content=\"https:\/\/servidor-hp.com.co\/netcomp\/wp-content\/uploads\/2014\/06\/733733-001-servidor-dl360-gen8-hp-proliant-e1604029380781.jpg\" \/>\n\t<meta property=\"og:image:width\" content=\"450\" \/>\n\t<meta property=\"og:image:height\" content=\"201\" \/>\n\t<meta property=\"og:image:type\" content=\"image\/jpeg\" \/>\n<meta name=\"twitter:card\" content=\"summary_large_image\" \/>\n<meta name=\"twitter:label1\" content=\"Tiempo de lectura\" \/>\n\t<meta name=\"twitter:data1\" content=\"2 minutos\" \/>\n<script type=\"application\/ld+json\" class=\"yoast-schema-graph\">{\"@context\":\"https:\/\/schema.org\",\"@graph\":[{\"@type\":\"WebPage\",\"@id\":\"https:\/\/servidor-hp.com.co\/netcomp\/servidores\/servidores-hp\/servidores-hp-2\/servidor-hp-dl360-gen-8-e\/\",\"url\":\"https:\/\/servidor-hp.com.co\/netcomp\/servidores\/servidores-hp\/servidores-hp-2\/servidor-hp-dl360-gen-8-e\/\",\"name\":\"SERVIDOR HP DL360 PROLIANT GEN 8 -N\/P: 668812-001 - Servidores HP - Nuevos - Usados - Alquiler\",\"isPartOf\":{\"@id\":\"https:\/\/servidor-hp.com.co\/netcomp\/#website\"},\"primaryImageOfPage\":{\"@id\":\"https:\/\/servidor-hp.com.co\/netcomp\/servidores\/servidores-hp\/servidores-hp-2\/servidor-hp-dl360-gen-8-e\/#primaryimage\"},\"image\":{\"@id\":\"https:\/\/servidor-hp.com.co\/netcomp\/servidores\/servidores-hp\/servidores-hp-2\/servidor-hp-dl360-gen-8-e\/#primaryimage\"},\"thumbnailUrl\":\"https:\/\/servidor-hp.com.co\/netcomp\/wp-content\/uploads\/2014\/06\/733733-001-servidor-dl360-gen8-hp-proliant-e1604029380781.jpg\",\"datePublished\":\"2014-06-14T15:34:33+00:00\",\"dateModified\":\"2023-08-02T23:50:24+00:00\",\"description\":\"SERVIDOR HP DL360 PROLIANT GEN 8 -N\/P: 668812-001 - - Precio y Disponibilidad en Bogota - Colombia - servidor-hp.com.co\",\"breadcrumb\":{\"@id\":\"https:\/\/servidor-hp.com.co\/netcomp\/servidores\/servidores-hp\/servidores-hp-2\/servidor-hp-dl360-gen-8-e\/#breadcrumb\"},\"inLanguage\":\"es\",\"potentialAction\":[{\"@type\":\"ReadAction\",\"target\":[\"https:\/\/servidor-hp.com.co\/netcomp\/servidores\/servidores-hp\/servidores-hp-2\/servidor-hp-dl360-gen-8-e\/\"]}]},{\"@type\":\"ImageObject\",\"inLanguage\":\"es\",\"@id\":\"https:\/\/servidor-hp.com.co\/netcomp\/servidores\/servidores-hp\/servidores-hp-2\/servidor-hp-dl360-gen-8-e\/#primaryimage\",\"url\":\"https:\/\/servidor-hp.com.co\/netcomp\/wp-content\/uploads\/2014\/06\/733733-001-servidor-dl360-gen8-hp-proliant-e1604029380781.jpg\",\"contentUrl\":\"https:\/\/servidor-hp.com.co\/netcomp\/wp-content\/uploads\/2014\/06\/733733-001-servidor-dl360-gen8-hp-proliant-e1604029380781.jpg\",\"width\":450,\"height\":201,\"caption\":\"Dl360 Gen8 \/ Gen10\"},{\"@type\":\"BreadcrumbList\",\"@id\":\"https:\/\/servidor-hp.com.co\/netcomp\/servidores\/servidores-hp\/servidores-hp-2\/servidor-hp-dl360-gen-8-e\/#breadcrumb\",\"itemListElement\":[{\"@type\":\"ListItem\",\"position\":1,\"name\":\"Portada\",\"item\":\"https:\/\/servidor-hp.com.co\/netcomp\/\"},{\"@type\":\"ListItem\",\"position\":2,\"name\":\"Tienda\",\"item\":\"https:\/\/servidor-hp.com.co\/netcomp\/servidores\/\"},{\"@type\":\"ListItem\",\"position\":3,\"name\":\"SERVIDOR HP PROLIANT DL360 GEN 8 -N\/P: 668812-001\"}]},{\"@type\":\"WebSite\",\"@id\":\"https:\/\/servidor-hp.com.co\/netcomp\/#website\",\"url\":\"https:\/\/servidor-hp.com.co\/netcomp\/\",\"name\":\"Servidores HP - Nuevos - Usados - Alquiler\",\"description\":\"Tels: (+57) 316 878 8749\",\"alternateName\":\"Servidores HP DELL LENOVO IBM\",\"potentialAction\":[{\"@type\":\"SearchAction\",\"target\":{\"@type\":\"EntryPoint\",\"urlTemplate\":\"https:\/\/servidor-hp.com.co\/netcomp\/?s={search_term_string}\"},\"query-input\":{\"@type\":\"PropertyValueSpecification\",\"valueRequired\":true,\"valueName\":\"search_term_string\"}}],\"inLanguage\":\"es\"}]}<\/script>\n<!-- \/ Yoast SEO plugin. -->","yoast_head_json":{"title":"SERVIDOR HP DL360 PROLIANT GEN 8 -N\/P: 668812-001 - Servidores HP - Nuevos - Usados - Alquiler","description":"SERVIDOR HP DL360 PROLIANT GEN 8 -N\/P: 668812-001 - - Precio y Disponibilidad en Bogota - Colombia - servidor-hp.com.co","robots":{"index":"index","follow":"follow","max-snippet":"max-snippet:-1","max-image-preview":"max-image-preview:large","max-video-preview":"max-video-preview:-1"},"canonical":"https:\/\/servidor-hp.com.co\/netcomp\/servidores\/servidores-hp\/servidores-hp-2\/servidor-hp-dl360-gen-8-e\/","og_locale":"es_ES","og_type":"article","og_title":"SERVIDOR HP DL360 PROLIANT GEN 8 -N\/P: 668812-001 - Servidores HP - Nuevos - Usados - Alquiler","og_description":"SERVIDOR HP DL360 PROLIANT GEN 8 -N\/P: 668812-001 - - Precio y Disponibilidad en Bogota - Colombia - servidor-hp.com.co","og_url":"https:\/\/servidor-hp.com.co\/netcomp\/servidores\/servidores-hp\/servidores-hp-2\/servidor-hp-dl360-gen-8-e\/","og_site_name":"Servidores HP - Nuevos - Usados - Alquiler","article_modified_time":"2023-08-02T23:50:24+00:00","og_image":[{"width":450,"height":201,"url":"https:\/\/servidor-hp.com.co\/netcomp\/wp-content\/uploads\/2014\/06\/733733-001-servidor-dl360-gen8-hp-proliant-e1604029380781.jpg","type":"image\/jpeg"}],"twitter_card":"summary_large_image","twitter_misc":{"Tiempo de lectura":"2 minutos"},"schema":{"@context":"https:\/\/schema.org","@graph":[{"@type":"WebPage","@id":"https:\/\/servidor-hp.com.co\/netcomp\/servidores\/servidores-hp\/servidores-hp-2\/servidor-hp-dl360-gen-8-e\/","url":"https:\/\/servidor-hp.com.co\/netcomp\/servidores\/servidores-hp\/servidores-hp-2\/servidor-hp-dl360-gen-8-e\/","name":"SERVIDOR HP DL360 PROLIANT GEN 8 -N\/P: 668812-001 - Servidores HP - Nuevos - Usados - Alquiler","isPartOf":{"@id":"https:\/\/servidor-hp.com.co\/netcomp\/#website"},"primaryImageOfPage":{"@id":"https:\/\/servidor-hp.com.co\/netcomp\/servidores\/servidores-hp\/servidores-hp-2\/servidor-hp-dl360-gen-8-e\/#primaryimage"},"image":{"@id":"https:\/\/servidor-hp.com.co\/netcomp\/servidores\/servidores-hp\/servidores-hp-2\/servidor-hp-dl360-gen-8-e\/#primaryimage"},"thumbnailUrl":"https:\/\/servidor-hp.com.co\/netcomp\/wp-content\/uploads\/2014\/06\/733733-001-servidor-dl360-gen8-hp-proliant-e1604029380781.jpg","datePublished":"2014-06-14T15:34:33+00:00","dateModified":"2023-08-02T23:50:24+00:00","description":"SERVIDOR HP DL360 PROLIANT GEN 8 -N\/P: 668812-001 - - Precio y Disponibilidad en Bogota - Colombia - servidor-hp.com.co","breadcrumb":{"@id":"https:\/\/servidor-hp.com.co\/netcomp\/servidores\/servidores-hp\/servidores-hp-2\/servidor-hp-dl360-gen-8-e\/#breadcrumb"},"inLanguage":"es","potentialAction":[{"@type":"ReadAction","target":["https:\/\/servidor-hp.com.co\/netcomp\/servidores\/servidores-hp\/servidores-hp-2\/servidor-hp-dl360-gen-8-e\/"]}]},{"@type":"ImageObject","inLanguage":"es","@id":"https:\/\/servidor-hp.com.co\/netcomp\/servidores\/servidores-hp\/servidores-hp-2\/servidor-hp-dl360-gen-8-e\/#primaryimage","url":"https:\/\/servidor-hp.com.co\/netcomp\/wp-content\/uploads\/2014\/06\/733733-001-servidor-dl360-gen8-hp-proliant-e1604029380781.jpg","contentUrl":"https:\/\/servidor-hp.com.co\/netcomp\/wp-content\/uploads\/2014\/06\/733733-001-servidor-dl360-gen8-hp-proliant-e1604029380781.jpg","width":450,"height":201,"caption":"Dl360 Gen8 \/ Gen10"},{"@type":"BreadcrumbList","@id":"https:\/\/servidor-hp.com.co\/netcomp\/servidores\/servidores-hp\/servidores-hp-2\/servidor-hp-dl360-gen-8-e\/#breadcrumb","itemListElement":[{"@type":"ListItem","position":1,"name":"Portada","item":"https:\/\/servidor-hp.com.co\/netcomp\/"},{"@type":"ListItem","position":2,"name":"Tienda","item":"https:\/\/servidor-hp.com.co\/netcomp\/servidores\/"},{"@type":"ListItem","position":3,"name":"SERVIDOR HP PROLIANT DL360 GEN 8 -N\/P: 668812-001"}]},{"@type":"WebSite","@id":"https:\/\/servidor-hp.com.co\/netcomp\/#website","url":"https:\/\/servidor-hp.com.co\/netcomp\/","name":"Servidores HP - Nuevos - Usados - Alquiler","description":"Tels: (+57) 316 878 8749","alternateName":"Servidores HP DELL LENOVO IBM","potentialAction":[{"@type":"SearchAction","target":{"@type":"EntryPoint","urlTemplate":"https:\/\/servidor-hp.com.co\/netcomp\/?s={search_term_string}"},"query-input":{"@type":"PropertyValueSpecification","valueRequired":true,"valueName":"search_term_string"}}],"inLanguage":"es"}]}},"_links":{"self":[{"href":"https:\/\/servidor-hp.com.co\/netcomp\/wp-json\/wp\/v2\/product\/17151","targetHints":{"allow":["GET"]}}],"collection":[{"href":"https:\/\/servidor-hp.com.co\/netcomp\/wp-json\/wp\/v2\/product"}],"about":[{"href":"https:\/\/servidor-hp.com.co\/netcomp\/wp-json\/wp\/v2\/types\/product"}],"replies":[{"embeddable":true,"href":"https:\/\/servidor-hp.com.co\/netcomp\/wp-json\/wp\/v2\/comments?post=17151"}],"wp:featuredmedia":[{"embeddable":true,"href":"https:\/\/servidor-hp.com.co\/netcomp\/wp-json\/wp\/v2\/media\/20208"}],"wp:attachment":[{"href":"https:\/\/servidor-hp.com.co\/netcomp\/wp-json\/wp\/v2\/media?parent=17151"}],"wp:term":[{"taxonomy":"product_brand","embeddable":true,"href":"https:\/\/servidor-hp.com.co\/netcomp\/wp-json\/wp\/v2\/product_brand?post=17151"},{"taxonomy":"product_cat","embeddable":true,"href":"https:\/\/servidor-hp.com.co\/netcomp\/wp-json\/wp\/v2\/product_cat?post=17151"},{"taxonomy":"product_tag","embeddable":true,"href":"https:\/\/servidor-hp.com.co\/netcomp\/wp-json\/wp\/v2\/product_tag?post=17151"}],"curies":[{"name":"wp","href":"https:\/\/api.w.org\/{rel}","templated":true}]}}