{"id":1289,"date":"2013-05-13T16:30:21","date_gmt":"2013-05-13T21:30:21","guid":{"rendered":"http:\/\/servidor-hp.com.co\/netcomp\/producto\/qp-416-switch-ethernet-16-port-16-10-100mbps\/"},"modified":"2023-03-18T22:13:06","modified_gmt":"2023-03-19T03:13:06","slug":"qp-416-switch-ethernet-16-port-16-10-100mbps","status":"publish","type":"product","link":"https:\/\/servidor-hp.com.co\/netcomp\/servidores\/inicio\/qp-416-switch-ethernet-16-port-16-10-100mbps\/","title":{"rendered":"Switch QPCOM QP-416"},"content":{"rendered":"<h1 style=\"text-align: center;\"><strong><span style=\"color: #000080;\">\u00a0SWITCH ETHERNET &#8211; 16 Port (16 10\/100Mbps) N-way Mini Switch Metalico-<\/span><\/strong><\/h1>\n<h1 style=\"text-align: center;\"><strong><span style=\"color: #000080;\">N\/P: QP 416<\/span><\/strong><\/h1>\n<p>&nbsp;<\/p>\n<h2><span style=\"font-size: 14pt; font-family: tahoma, arial, helvetica, sans-serif;\">El conmutador proporciona 16 puertos 10\/100Mbps.\u00a0El conmutador se ha dise\u00f1ado para una f\u00e1cil instalaci\u00f3n y alto rendimiento en un entorno en el tr\u00e1fico en la red y el n\u00famero de aumento de usuarios continuamente.<\/span><br \/>\n<span style=\"font-size: 14pt; font-family: tahoma, arial, helvetica, sans-serif;\">El tama\u00f1o compacto de escritorio r\u00edgida fue dise\u00f1ado espec\u00edficamente para ROBO (oficinas remotas y oficina Brach) y peque\u00f1os grupos de trabajo medianos.\u00a0El conmutador se puede instalar en el espacio es limitado, por otra parte se ofrece una migraci\u00f3n sin problemas de red y actualizaciones f\u00e1ciles de capacidad de la red.<\/span><br \/>\n<span style=\"font-size: 14pt; font-family: tahoma, arial, helvetica, sans-serif;\">T 16 10\/100Base puerto \/ TX Nway (Auto-negociaci\u00f3n) Interruptor con conectores RJ-45.<\/span><br \/>\n<span style=\"font-size: 14pt; font-family: tahoma, arial, helvetica, sans-serif;\">Escritorio de tama\u00f1o compacto con un dise\u00f1o r\u00edgido.<\/span><br \/>\n<span style=\"font-size: 14pt; font-family: tahoma, arial, helvetica, sans-serif;\">Detecci\u00f3n autom\u00e1tica de completos modos de Half-duplex en todos los puertos.<\/span><br \/>\n<span style=\"font-size: 14pt; font-family: tahoma, arial, helvetica, sans-serif;\">Dedicado full-duplex de 200 Mbps de ancho de banda en cada puerto.<\/span><br \/>\n<span style=\"font-size: 14pt; font-family: tahoma, arial, helvetica, sans-serif;\">Control de emisi\u00f3n de tormenta.<\/span><br \/>\n<span style=\"font-size: 14pt; font-family: tahoma, arial, helvetica, sans-serif;\">Store &amp; Forward cambiar de m\u00e9todo.<\/span><br \/>\n<span style=\"font-size: 14pt; font-family: tahoma, arial, helvetica, sans-serif;\">Control de flujo IEEE 802.3x para Full-duplex.<\/span><br \/>\n<span style=\"font-size: 14pt; font-family: tahoma, arial, helvetica, sans-serif;\">Cero p\u00e9rdida de paquetes de control de Back-presion de flujo alambre de transmisi\u00f3n de velocidad.<\/span><br \/>\n<span style=\"font-size: 14pt; font-family: tahoma, arial, helvetica, sans-serif;\">De no bloqueo y no la cabeza de la l\u00ednea de bloqueo de reenv\u00edo toda la velocidad de alambre.<\/span><br \/>\n<span style=\"font-size: 14pt; font-family: tahoma, arial, helvetica, sans-serif;\">Auto-aprendizaje de las configuraciones de red.<\/span><br \/>\n<span style=\"font-size: 14pt; font-family: tahoma, arial, helvetica, sans-serif;\">LEDs de estado: Alimentaci\u00f3n, 10\/100, Enlace \/ Actividad.<\/span><br \/>\n<span style=\"font-size: 14pt; font-family: tahoma, arial, helvetica, sans-serif;\">Bajo consumo de energ\u00eda.<\/span><br \/>\n<span style=\"font-size: 14pt; font-family: tahoma, arial, helvetica, sans-serif;\">Smart Plug &amp; Play.<\/span><\/h2>\n<p>&nbsp;<\/p>\n<p>&nbsp;<\/p>\n<h2 style=\"margin: 18px 0px 9px; padding: 0px; border: 0px; font-style: normal; font-weight: 500; line-height: 1.1; font-family: Arial, Helvetica, sans-serif; font-size: 27px; vertical-align: baseline; color: #777777; letter-spacing: normal; text-indent: 0px; text-transform: none; background-color: #ffffff; text-align: center;\"><a href=\"https:\/\/servidor-hp.com.co\/netcomp\/servidores-hp\/servidores-hp\/\"><span style=\"margin: 0px; padding: 0px; border: 0px; font-style: inherit; font-variant: inherit; font-weight: inherit; line-height: inherit; font-family: tahoma, arial, helvetica, sans-serif; font-size: 14pt; vertical-align: baseline; color: #ff0000;\"><strong style=\"margin: 0px; padding: 0px; border: 0px; font-style: inherit; font-variant: inherit; font-weight: bold; line-height: inherit; font-family: inherit; font-size: 18.6667px; vertical-align: baseline;\">DISPONEMOS DE UNA AMPLIA GAMA DE SERVIDOR HP PROLIANT NUEVOS Y USADOS<\/strong><\/span><\/a><\/h2>\n<h2 style=\"text-align: center;\"><a href=\"https:\/\/servidor-hp.com.co\/netcomp\/servidores-hp\/servidores-hp\/\"><span style=\"color: #ff0000; font-family: tahoma, arial, helvetica, sans-serif; font-size: 14pt;\"><strong>PARA <\/strong><\/span><span style=\"color: #ff0000; font-family: tahoma, arial, helvetica, sans-serif; font-size: 14pt;\"><strong>VENTA \/ ARRENDAMIENTO \/ ALQUILER :<\/strong><\/span><\/a><\/h2>\n<h2 style=\"text-align: center;\"><a href=\"https:\/\/servidor-hp.com.co\/netcomp\/servidores-hp\/servidores-hp\/\"><span style=\"color: #ff0000; font-family: tahoma, arial, helvetica, sans-serif; font-size: 14pt;\"><strong>ML110 \/ ML350 \/ ML150 \/ DL320 \/ DL360 \/ DL380<\/strong><\/span><\/a><\/h2>\n<h3><a href=\"https:\/\/api.whatsapp.com\/send?phone=573168788749\" target=\"_blank\" rel=\"noopener noreferrer\"><img loading=\"lazy\" decoding=\"async\" class=\"wp-image-20467 aligncenter\" src=\"http:\/\/cableado-estructurado.com.co\/netcomp\/wp-content\/uploads\/2018\/07\/whatsapp-logo-mensaje.jpg\" alt=\"\" width=\"290\" height=\"220\" \/><\/a><\/h3>\n<p><img loading=\"lazy\" decoding=\"async\" class=\"wp-image-21775 aligncenter\" src=\"https:\/\/servidor-hp.com.co\/netcomp\/wp-content\/uploads\/2019\/05\/boton-ventas-servidor.png\" alt=\"\" width=\"495\" height=\"153\" \/><\/p>\n","protected":false},"excerpt":{"rendered":"<p>N\/P : QP 416 &#8211; SWITCH ETHERNET &#8211; 16 Port (16 10\/100Mbps<\/p>\n","protected":false},"featured_media":22247,"comment_status":"open","ping_status":"closed","template":"","meta":{"_et_pb_use_builder":"","_et_pb_old_content":"","_et_gb_content_width":""},"product_brand":[],"product_cat":[79],"product_tag":[1144,1147,1151,1150,1149,1152,1398,1148,1399],"class_list":{"0":"post-1289","1":"product","2":"type-product","3":"status-publish","4":"has-post-thumbnail","6":"product_cat-inicio","7":"product_tag-cableado-estructurado","8":"product_tag-cableado-estructurado-colombia","9":"product_tag-categoria-6","10":"product_tag-keystone","11":"product_tag-patch-panel","12":"product_tag-precio-cableado-estructurado","13":"product_tag-qp-416","14":"product_tag-qpcom","15":"product_tag-switch-ethernet-16-port-16-10100mbps","17":"first","18":"outofstock","19":"shipping-taxable","20":"purchasable","21":"product-type-simple"},"yoast_head":"<!-- This site is optimized with the Yoast SEO plugin v27.2 - https:\/\/yoast.com\/product\/yoast-seo-wordpress\/ -->\n<title>Switch QPCOM QP-416 - Servidores HP - Nuevos - Usados - Alquiler<\/title>\n<meta name=\"description\" content=\"Switch QPCOM QP-416 - - Precio y Disponibilidad en Bogota - Colombia - servidor-hp.com.co\" \/>\n<meta name=\"robots\" content=\"index, follow, max-snippet:-1, max-image-preview:large, max-video-preview:-1\" \/>\n<link rel=\"canonical\" href=\"https:\/\/servidor-hp.com.co\/netcomp\/servidores\/inicio\/qp-416-switch-ethernet-16-port-16-10-100mbps\/\" \/>\n<meta property=\"og:locale\" content=\"es_ES\" \/>\n<meta property=\"og:type\" content=\"article\" \/>\n<meta property=\"og:title\" content=\"Switch QPCOM QP-416 - Servidores HP - Nuevos - Usados - Alquiler\" \/>\n<meta property=\"og:description\" content=\"Switch QPCOM QP-416 - - Precio y Disponibilidad en Bogota - Colombia - servidor-hp.com.co\" \/>\n<meta property=\"og:url\" content=\"https:\/\/servidor-hp.com.co\/netcomp\/servidores\/inicio\/qp-416-switch-ethernet-16-port-16-10-100mbps\/\" \/>\n<meta property=\"og:site_name\" content=\"Servidores HP - Nuevos - Usados - Alquiler\" \/>\n<meta property=\"article:modified_time\" content=\"2023-03-19T03:13:06+00:00\" \/>\n<meta property=\"og:image\" content=\"https:\/\/servidor-hp.com.co\/netcomp\/wp-content\/uploads\/2013\/05\/qp-416-switch-ethernet-16-port-16-10-100mbps.jpg\" \/>\n\t<meta property=\"og:image:width\" content=\"458\" \/>\n\t<meta property=\"og:image:height\" content=\"458\" \/>\n\t<meta property=\"og:image:type\" content=\"image\/jpeg\" \/>\n<meta name=\"twitter:card\" content=\"summary_large_image\" \/>\n<meta name=\"twitter:label1\" content=\"Tiempo de lectura\" \/>\n\t<meta name=\"twitter:data1\" content=\"1 minuto\" \/>\n<script type=\"application\/ld+json\" class=\"yoast-schema-graph\">{\"@context\":\"https:\/\/schema.org\",\"@graph\":[{\"@type\":\"WebPage\",\"@id\":\"https:\/\/servidor-hp.com.co\/netcomp\/servidores\/inicio\/qp-416-switch-ethernet-16-port-16-10-100mbps\/\",\"url\":\"https:\/\/servidor-hp.com.co\/netcomp\/servidores\/inicio\/qp-416-switch-ethernet-16-port-16-10-100mbps\/\",\"name\":\"Switch QPCOM QP-416 - Servidores HP - Nuevos - Usados - Alquiler\",\"isPartOf\":{\"@id\":\"https:\/\/servidor-hp.com.co\/netcomp\/#website\"},\"primaryImageOfPage\":{\"@id\":\"https:\/\/servidor-hp.com.co\/netcomp\/servidores\/inicio\/qp-416-switch-ethernet-16-port-16-10-100mbps\/#primaryimage\"},\"image\":{\"@id\":\"https:\/\/servidor-hp.com.co\/netcomp\/servidores\/inicio\/qp-416-switch-ethernet-16-port-16-10-100mbps\/#primaryimage\"},\"thumbnailUrl\":\"https:\/\/servidor-hp.com.co\/netcomp\/wp-content\/uploads\/2013\/05\/qp-416-switch-ethernet-16-port-16-10-100mbps.jpg\",\"datePublished\":\"2013-05-13T21:30:21+00:00\",\"dateModified\":\"2023-03-19T03:13:06+00:00\",\"description\":\"Switch QPCOM QP-416 - - Precio y Disponibilidad en Bogota - Colombia - servidor-hp.com.co\",\"breadcrumb\":{\"@id\":\"https:\/\/servidor-hp.com.co\/netcomp\/servidores\/inicio\/qp-416-switch-ethernet-16-port-16-10-100mbps\/#breadcrumb\"},\"inLanguage\":\"es\",\"potentialAction\":[{\"@type\":\"ReadAction\",\"target\":[\"https:\/\/servidor-hp.com.co\/netcomp\/servidores\/inicio\/qp-416-switch-ethernet-16-port-16-10-100mbps\/\"]}]},{\"@type\":\"ImageObject\",\"inLanguage\":\"es\",\"@id\":\"https:\/\/servidor-hp.com.co\/netcomp\/servidores\/inicio\/qp-416-switch-ethernet-16-port-16-10-100mbps\/#primaryimage\",\"url\":\"https:\/\/servidor-hp.com.co\/netcomp\/wp-content\/uploads\/2013\/05\/qp-416-switch-ethernet-16-port-16-10-100mbps.jpg\",\"contentUrl\":\"https:\/\/servidor-hp.com.co\/netcomp\/wp-content\/uploads\/2013\/05\/qp-416-switch-ethernet-16-port-16-10-100mbps.jpg\",\"width\":458,\"height\":458},{\"@type\":\"BreadcrumbList\",\"@id\":\"https:\/\/servidor-hp.com.co\/netcomp\/servidores\/inicio\/qp-416-switch-ethernet-16-port-16-10-100mbps\/#breadcrumb\",\"itemListElement\":[{\"@type\":\"ListItem\",\"position\":1,\"name\":\"Portada\",\"item\":\"https:\/\/servidor-hp.com.co\/netcomp\/\"},{\"@type\":\"ListItem\",\"position\":2,\"name\":\"Tienda\",\"item\":\"https:\/\/servidor-hp.com.co\/netcomp\/servidores\/\"},{\"@type\":\"ListItem\",\"position\":3,\"name\":\"Switch QPCOM QP-416\"}]},{\"@type\":\"WebSite\",\"@id\":\"https:\/\/servidor-hp.com.co\/netcomp\/#website\",\"url\":\"https:\/\/servidor-hp.com.co\/netcomp\/\",\"name\":\"Servidores HP - Nuevos - Usados - Alquiler\",\"description\":\"Tels: (+57) 316 878 8749\",\"alternateName\":\"Servidores HP DELL LENOVO IBM\",\"potentialAction\":[{\"@type\":\"SearchAction\",\"target\":{\"@type\":\"EntryPoint\",\"urlTemplate\":\"https:\/\/servidor-hp.com.co\/netcomp\/?s={search_term_string}\"},\"query-input\":{\"@type\":\"PropertyValueSpecification\",\"valueRequired\":true,\"valueName\":\"search_term_string\"}}],\"inLanguage\":\"es\"}]}<\/script>\n<!-- \/ Yoast SEO plugin. -->","yoast_head_json":{"title":"Switch QPCOM QP-416 - Servidores HP - Nuevos - Usados - Alquiler","description":"Switch QPCOM QP-416 - - Precio y Disponibilidad en Bogota - Colombia - servidor-hp.com.co","robots":{"index":"index","follow":"follow","max-snippet":"max-snippet:-1","max-image-preview":"max-image-preview:large","max-video-preview":"max-video-preview:-1"},"canonical":"https:\/\/servidor-hp.com.co\/netcomp\/servidores\/inicio\/qp-416-switch-ethernet-16-port-16-10-100mbps\/","og_locale":"es_ES","og_type":"article","og_title":"Switch QPCOM QP-416 - Servidores HP - Nuevos - Usados - Alquiler","og_description":"Switch QPCOM QP-416 - - Precio y Disponibilidad en Bogota - Colombia - servidor-hp.com.co","og_url":"https:\/\/servidor-hp.com.co\/netcomp\/servidores\/inicio\/qp-416-switch-ethernet-16-port-16-10-100mbps\/","og_site_name":"Servidores HP - Nuevos - Usados - Alquiler","article_modified_time":"2023-03-19T03:13:06+00:00","og_image":[{"width":458,"height":458,"url":"https:\/\/servidor-hp.com.co\/netcomp\/wp-content\/uploads\/2013\/05\/qp-416-switch-ethernet-16-port-16-10-100mbps.jpg","type":"image\/jpeg"}],"twitter_card":"summary_large_image","twitter_misc":{"Tiempo de lectura":"1 minuto"},"schema":{"@context":"https:\/\/schema.org","@graph":[{"@type":"WebPage","@id":"https:\/\/servidor-hp.com.co\/netcomp\/servidores\/inicio\/qp-416-switch-ethernet-16-port-16-10-100mbps\/","url":"https:\/\/servidor-hp.com.co\/netcomp\/servidores\/inicio\/qp-416-switch-ethernet-16-port-16-10-100mbps\/","name":"Switch QPCOM QP-416 - Servidores HP - Nuevos - Usados - Alquiler","isPartOf":{"@id":"https:\/\/servidor-hp.com.co\/netcomp\/#website"},"primaryImageOfPage":{"@id":"https:\/\/servidor-hp.com.co\/netcomp\/servidores\/inicio\/qp-416-switch-ethernet-16-port-16-10-100mbps\/#primaryimage"},"image":{"@id":"https:\/\/servidor-hp.com.co\/netcomp\/servidores\/inicio\/qp-416-switch-ethernet-16-port-16-10-100mbps\/#primaryimage"},"thumbnailUrl":"https:\/\/servidor-hp.com.co\/netcomp\/wp-content\/uploads\/2013\/05\/qp-416-switch-ethernet-16-port-16-10-100mbps.jpg","datePublished":"2013-05-13T21:30:21+00:00","dateModified":"2023-03-19T03:13:06+00:00","description":"Switch QPCOM QP-416 - - Precio y Disponibilidad en Bogota - Colombia - servidor-hp.com.co","breadcrumb":{"@id":"https:\/\/servidor-hp.com.co\/netcomp\/servidores\/inicio\/qp-416-switch-ethernet-16-port-16-10-100mbps\/#breadcrumb"},"inLanguage":"es","potentialAction":[{"@type":"ReadAction","target":["https:\/\/servidor-hp.com.co\/netcomp\/servidores\/inicio\/qp-416-switch-ethernet-16-port-16-10-100mbps\/"]}]},{"@type":"ImageObject","inLanguage":"es","@id":"https:\/\/servidor-hp.com.co\/netcomp\/servidores\/inicio\/qp-416-switch-ethernet-16-port-16-10-100mbps\/#primaryimage","url":"https:\/\/servidor-hp.com.co\/netcomp\/wp-content\/uploads\/2013\/05\/qp-416-switch-ethernet-16-port-16-10-100mbps.jpg","contentUrl":"https:\/\/servidor-hp.com.co\/netcomp\/wp-content\/uploads\/2013\/05\/qp-416-switch-ethernet-16-port-16-10-100mbps.jpg","width":458,"height":458},{"@type":"BreadcrumbList","@id":"https:\/\/servidor-hp.com.co\/netcomp\/servidores\/inicio\/qp-416-switch-ethernet-16-port-16-10-100mbps\/#breadcrumb","itemListElement":[{"@type":"ListItem","position":1,"name":"Portada","item":"https:\/\/servidor-hp.com.co\/netcomp\/"},{"@type":"ListItem","position":2,"name":"Tienda","item":"https:\/\/servidor-hp.com.co\/netcomp\/servidores\/"},{"@type":"ListItem","position":3,"name":"Switch QPCOM QP-416"}]},{"@type":"WebSite","@id":"https:\/\/servidor-hp.com.co\/netcomp\/#website","url":"https:\/\/servidor-hp.com.co\/netcomp\/","name":"Servidores HP - Nuevos - Usados - Alquiler","description":"Tels: (+57) 316 878 8749","alternateName":"Servidores HP DELL LENOVO IBM","potentialAction":[{"@type":"SearchAction","target":{"@type":"EntryPoint","urlTemplate":"https:\/\/servidor-hp.com.co\/netcomp\/?s={search_term_string}"},"query-input":{"@type":"PropertyValueSpecification","valueRequired":true,"valueName":"search_term_string"}}],"inLanguage":"es"}]}},"_links":{"self":[{"href":"https:\/\/servidor-hp.com.co\/netcomp\/wp-json\/wp\/v2\/product\/1289","targetHints":{"allow":["GET"]}}],"collection":[{"href":"https:\/\/servidor-hp.com.co\/netcomp\/wp-json\/wp\/v2\/product"}],"about":[{"href":"https:\/\/servidor-hp.com.co\/netcomp\/wp-json\/wp\/v2\/types\/product"}],"replies":[{"embeddable":true,"href":"https:\/\/servidor-hp.com.co\/netcomp\/wp-json\/wp\/v2\/comments?post=1289"}],"wp:featuredmedia":[{"embeddable":true,"href":"https:\/\/servidor-hp.com.co\/netcomp\/wp-json\/wp\/v2\/media\/22247"}],"wp:attachment":[{"href":"https:\/\/servidor-hp.com.co\/netcomp\/wp-json\/wp\/v2\/media?parent=1289"}],"wp:term":[{"taxonomy":"product_brand","embeddable":true,"href":"https:\/\/servidor-hp.com.co\/netcomp\/wp-json\/wp\/v2\/product_brand?post=1289"},{"taxonomy":"product_cat","embeddable":true,"href":"https:\/\/servidor-hp.com.co\/netcomp\/wp-json\/wp\/v2\/product_cat?post=1289"},{"taxonomy":"product_tag","embeddable":true,"href":"https:\/\/servidor-hp.com.co\/netcomp\/wp-json\/wp\/v2\/product_tag?post=1289"}],"curies":[{"name":"wp","href":"https:\/\/api.w.org\/{rel}","templated":true}]}}