{"id":1220,"date":"2013-05-13T16:30:21","date_gmt":"2013-05-13T21:30:21","guid":{"rendered":"http:\/\/servidor-hp.com.co\/netcomp\/producto\/qp-wr154n-wireless-80211n-wireless-n-broadband\/"},"modified":"2023-03-18T22:13:07","modified_gmt":"2023-03-19T03:13:07","slug":"qp-wr154n-wireless-80211n-wireless-n-broadband","status":"publish","type":"product","link":"https:\/\/servidor-hp.com.co\/netcomp\/servidores\/inicio\/qp-wr154n-wireless-80211n-wireless-n-broadband\/","title":{"rendered":"WIRELESS &#8211; 802.11n Wireless  N Broadband &#8211; N\/P: QP-WR154N"},"content":{"rendered":"<h1 style=\"text-align: center;\"><span style=\"color: #000080; font-size: 24pt;\"><strong>\u00a0WIRELESS &#8211; 802.11n Wireless N Broadband Router 150Mbps 1T1R.. Con una antena, 4 ptos LAN 10\/100, 1 pto WAN<\/strong><\/span><strong style=\"color: #000080; font-size: 24pt;\">&#8211;<\/strong><strong style=\"color: #000080; font-size: 24pt;\">N\/P: QP-WR154N\u00a0<\/strong><\/h1>\n<p>&nbsp;<\/p>\n<p>&nbsp;<\/p>\n<h2 style=\"text-align: center;\"><a href=\"https:\/\/servidor-hp.com.co\/netcomp\/servidores-hp\/servidores-hp\/\"><strong><span style=\"color: #ff0000; font-family: tahoma, arial, helvetica, sans-serif; font-size: 14pt;\">DISPONEMOS DE UNA AMPLIA GAMA DE SERVIDOR HP PROLIANT PARA VENTA \/ ARRENDAMIENTO \/ ALQUILER : ML350 \/ ML150 \/ DL320 \/ DL360 \/ DL380<\/span><\/strong><\/a><\/h2>\n<h3><\/h3>\n<h3><a href=\"https:\/\/api.whatsapp.com\/send?phone=573168788749\" target=\"_blank\" rel=\"noopener noreferrer\"><img loading=\"lazy\" decoding=\"async\" class=\"aligncenter wp-image-20467\" src=\"http:\/\/cableado-estructurado.com.co\/netcomp\/wp-content\/uploads\/2018\/07\/whatsapp-logo-mensaje.jpg\" alt=\"\" width=\"290\" height=\"220\" \/><\/a><\/h3>\n<h2><img loading=\"lazy\" decoding=\"async\" class=\"wp-image-21775 aligncenter\" src=\"https:\/\/servidor-hp.com.co\/netcomp\/wp-content\/uploads\/2019\/05\/boton-ventas-servidor.png\" alt=\"\" width=\"495\" height=\"153\" \/><\/h2>\n","protected":false},"excerpt":{"rendered":"<p><span title=\"- Wireless mode: AP, Client, WDS, AP+WDS\">&#8211;\u00a0<strong>Modo inal\u00e1mbrico:<\/strong>\u00a0AP, Client, WDS, AP + WDS<br \/>\n<\/span><span title=\"- Firewall, URL\/IP\/Port\/MAC filtering\">&#8211; Firewall, URL \/ IP \/ Puerto \/ filtrado de direcciones MAC<br \/>\n<\/span><span title=\"- Support PPPoE, VPN pass-through(PPTP and L2TP)\">&#8211; Soporte PPPoE, VPN pass-through (PPTP y L2TP)<br \/>\n<\/span><span title=\"- WPS(Wi-Fi Protected Setup) via PIN\">&#8211; WPS (Wi-Fi Protected Setup) a trav\u00e9s de PIN<br \/>\n<\/span><span title=\"- Easy quick setup wizard with web-based utility\">&#8211; F\u00e1cil asistente de configuraci\u00f3n r\u00e1pida con utilidad basada en web<br \/>\n<\/span><span title=\"- Support advanced 1Tx1R Technology with up\">&#8211;\u00a0<strong>Soporte\u00a0<\/strong>1Tx1R avanzada tecnolog\u00eda con un m\u00e1ximo de<\/span><span title=\"to 150Mbps downstream and upstream\">150 Mbps<br \/>\n&#8211;\u00a0<strong>Compatible:<\/strong>\u00a0IPV4 y IPV6<\/span><\/p>\n","protected":false},"featured_media":22220,"comment_status":"open","ping_status":"closed","template":"","meta":{"_et_pb_use_builder":"","_et_pb_old_content":"","_et_gb_content_width":""},"product_brand":[],"product_cat":[79],"product_tag":[1144,1147,1151,1150,1149,1152,1276,1148,1277],"class_list":{"0":"post-1220","1":"product","2":"type-product","3":"status-publish","4":"has-post-thumbnail","6":"product_cat-inicio","7":"product_tag-cableado-estructurado","8":"product_tag-cableado-estructurado-colombia","9":"product_tag-categoria-6","10":"product_tag-keystone","11":"product_tag-patch-panel","12":"product_tag-precio-cableado-estructurado","13":"product_tag-qp-wr154n","14":"product_tag-qpcom","15":"product_tag-wireless-802-11n-wireless-n-broadband","17":"first","18":"outofstock","19":"shipping-taxable","20":"purchasable","21":"product-type-simple"},"yoast_head":"<!-- This site is optimized with the Yoast SEO plugin v27.2 - https:\/\/yoast.com\/product\/yoast-seo-wordpress\/ -->\n<title>WIRELESS - 802.11n Wireless N Broadband - N\/P: QP-WR154N - Servidores HP - Nuevos - Usados - Alquiler<\/title>\n<meta name=\"description\" content=\"WIRELESS - 802.11n Wireless N Broadband - N\/P: QP-WR154N - - Precio y Disponibilidad en Bogota - Colombia - servidor-hp.com.co\" \/>\n<meta name=\"robots\" content=\"index, follow, max-snippet:-1, max-image-preview:large, max-video-preview:-1\" \/>\n<link rel=\"canonical\" href=\"https:\/\/servidor-hp.com.co\/netcomp\/servidores\/inicio\/qp-wr154n-wireless-80211n-wireless-n-broadband\/\" \/>\n<meta property=\"og:locale\" content=\"es_ES\" \/>\n<meta property=\"og:type\" content=\"article\" \/>\n<meta property=\"og:title\" content=\"WIRELESS - 802.11n Wireless N Broadband - N\/P: QP-WR154N - Servidores HP - Nuevos - Usados - Alquiler\" \/>\n<meta property=\"og:description\" content=\"WIRELESS - 802.11n Wireless N Broadband - N\/P: QP-WR154N - - Precio y Disponibilidad en Bogota - Colombia - servidor-hp.com.co\" \/>\n<meta property=\"og:url\" content=\"https:\/\/servidor-hp.com.co\/netcomp\/servidores\/inicio\/qp-wr154n-wireless-80211n-wireless-n-broadband\/\" \/>\n<meta property=\"og:site_name\" content=\"Servidores HP - Nuevos - Usados - Alquiler\" \/>\n<meta property=\"article:modified_time\" content=\"2023-03-19T03:13:07+00:00\" \/>\n<meta property=\"og:image\" content=\"https:\/\/servidor-hp.com.co\/netcomp\/wp-content\/uploads\/2013\/05\/QP-WR154N_500.png\" \/>\n\t<meta property=\"og:image:width\" content=\"500\" \/>\n\t<meta property=\"og:image:height\" content=\"335\" \/>\n\t<meta property=\"og:image:type\" content=\"image\/png\" \/>\n<meta name=\"twitter:card\" content=\"summary_large_image\" \/>\n<script type=\"application\/ld+json\" class=\"yoast-schema-graph\">{\"@context\":\"https:\/\/schema.org\",\"@graph\":[{\"@type\":\"WebPage\",\"@id\":\"https:\/\/servidor-hp.com.co\/netcomp\/servidores\/inicio\/qp-wr154n-wireless-80211n-wireless-n-broadband\/\",\"url\":\"https:\/\/servidor-hp.com.co\/netcomp\/servidores\/inicio\/qp-wr154n-wireless-80211n-wireless-n-broadband\/\",\"name\":\"WIRELESS - 802.11n Wireless N Broadband - N\/P: QP-WR154N - Servidores HP - Nuevos - Usados - Alquiler\",\"isPartOf\":{\"@id\":\"https:\/\/servidor-hp.com.co\/netcomp\/#website\"},\"primaryImageOfPage\":{\"@id\":\"https:\/\/servidor-hp.com.co\/netcomp\/servidores\/inicio\/qp-wr154n-wireless-80211n-wireless-n-broadband\/#primaryimage\"},\"image\":{\"@id\":\"https:\/\/servidor-hp.com.co\/netcomp\/servidores\/inicio\/qp-wr154n-wireless-80211n-wireless-n-broadband\/#primaryimage\"},\"thumbnailUrl\":\"https:\/\/servidor-hp.com.co\/netcomp\/wp-content\/uploads\/2013\/05\/QP-WR154N_500.png\",\"datePublished\":\"2013-05-13T21:30:21+00:00\",\"dateModified\":\"2023-03-19T03:13:07+00:00\",\"description\":\"WIRELESS - 802.11n Wireless N Broadband - N\/P: QP-WR154N - - Precio y Disponibilidad en Bogota - Colombia - servidor-hp.com.co\",\"breadcrumb\":{\"@id\":\"https:\/\/servidor-hp.com.co\/netcomp\/servidores\/inicio\/qp-wr154n-wireless-80211n-wireless-n-broadband\/#breadcrumb\"},\"inLanguage\":\"es\",\"potentialAction\":[{\"@type\":\"ReadAction\",\"target\":[\"https:\/\/servidor-hp.com.co\/netcomp\/servidores\/inicio\/qp-wr154n-wireless-80211n-wireless-n-broadband\/\"]}]},{\"@type\":\"ImageObject\",\"inLanguage\":\"es\",\"@id\":\"https:\/\/servidor-hp.com.co\/netcomp\/servidores\/inicio\/qp-wr154n-wireless-80211n-wireless-n-broadband\/#primaryimage\",\"url\":\"https:\/\/servidor-hp.com.co\/netcomp\/wp-content\/uploads\/2013\/05\/QP-WR154N_500.png\",\"contentUrl\":\"https:\/\/servidor-hp.com.co\/netcomp\/wp-content\/uploads\/2013\/05\/QP-WR154N_500.png\",\"width\":500,\"height\":335},{\"@type\":\"BreadcrumbList\",\"@id\":\"https:\/\/servidor-hp.com.co\/netcomp\/servidores\/inicio\/qp-wr154n-wireless-80211n-wireless-n-broadband\/#breadcrumb\",\"itemListElement\":[{\"@type\":\"ListItem\",\"position\":1,\"name\":\"Portada\",\"item\":\"https:\/\/servidor-hp.com.co\/netcomp\/\"},{\"@type\":\"ListItem\",\"position\":2,\"name\":\"Tienda\",\"item\":\"https:\/\/servidor-hp.com.co\/netcomp\/servidores\/\"},{\"@type\":\"ListItem\",\"position\":3,\"name\":\"WIRELESS &#8211; 802.11n Wireless N Broadband &#8211; N\/P: QP-WR154N\"}]},{\"@type\":\"WebSite\",\"@id\":\"https:\/\/servidor-hp.com.co\/netcomp\/#website\",\"url\":\"https:\/\/servidor-hp.com.co\/netcomp\/\",\"name\":\"Servidores HP - Nuevos - Usados - Alquiler\",\"description\":\"Tels: (+57) 316 878 8749\",\"alternateName\":\"Servidores HP DELL LENOVO IBM\",\"potentialAction\":[{\"@type\":\"SearchAction\",\"target\":{\"@type\":\"EntryPoint\",\"urlTemplate\":\"https:\/\/servidor-hp.com.co\/netcomp\/?s={search_term_string}\"},\"query-input\":{\"@type\":\"PropertyValueSpecification\",\"valueRequired\":true,\"valueName\":\"search_term_string\"}}],\"inLanguage\":\"es\"}]}<\/script>\n<!-- \/ Yoast SEO plugin. -->","yoast_head_json":{"title":"WIRELESS - 802.11n Wireless N Broadband - N\/P: QP-WR154N - Servidores HP - Nuevos - Usados - Alquiler","description":"WIRELESS - 802.11n Wireless N Broadband - N\/P: QP-WR154N - - Precio y Disponibilidad en Bogota - Colombia - servidor-hp.com.co","robots":{"index":"index","follow":"follow","max-snippet":"max-snippet:-1","max-image-preview":"max-image-preview:large","max-video-preview":"max-video-preview:-1"},"canonical":"https:\/\/servidor-hp.com.co\/netcomp\/servidores\/inicio\/qp-wr154n-wireless-80211n-wireless-n-broadband\/","og_locale":"es_ES","og_type":"article","og_title":"WIRELESS - 802.11n Wireless N Broadband - N\/P: QP-WR154N - Servidores HP - Nuevos - Usados - Alquiler","og_description":"WIRELESS - 802.11n Wireless N Broadband - N\/P: QP-WR154N - - Precio y Disponibilidad en Bogota - Colombia - servidor-hp.com.co","og_url":"https:\/\/servidor-hp.com.co\/netcomp\/servidores\/inicio\/qp-wr154n-wireless-80211n-wireless-n-broadband\/","og_site_name":"Servidores HP - Nuevos - Usados - Alquiler","article_modified_time":"2023-03-19T03:13:07+00:00","og_image":[{"width":500,"height":335,"url":"https:\/\/servidor-hp.com.co\/netcomp\/wp-content\/uploads\/2013\/05\/QP-WR154N_500.png","type":"image\/png"}],"twitter_card":"summary_large_image","schema":{"@context":"https:\/\/schema.org","@graph":[{"@type":"WebPage","@id":"https:\/\/servidor-hp.com.co\/netcomp\/servidores\/inicio\/qp-wr154n-wireless-80211n-wireless-n-broadband\/","url":"https:\/\/servidor-hp.com.co\/netcomp\/servidores\/inicio\/qp-wr154n-wireless-80211n-wireless-n-broadband\/","name":"WIRELESS - 802.11n Wireless N Broadband - N\/P: QP-WR154N - Servidores HP - Nuevos - Usados - Alquiler","isPartOf":{"@id":"https:\/\/servidor-hp.com.co\/netcomp\/#website"},"primaryImageOfPage":{"@id":"https:\/\/servidor-hp.com.co\/netcomp\/servidores\/inicio\/qp-wr154n-wireless-80211n-wireless-n-broadband\/#primaryimage"},"image":{"@id":"https:\/\/servidor-hp.com.co\/netcomp\/servidores\/inicio\/qp-wr154n-wireless-80211n-wireless-n-broadband\/#primaryimage"},"thumbnailUrl":"https:\/\/servidor-hp.com.co\/netcomp\/wp-content\/uploads\/2013\/05\/QP-WR154N_500.png","datePublished":"2013-05-13T21:30:21+00:00","dateModified":"2023-03-19T03:13:07+00:00","description":"WIRELESS - 802.11n Wireless N Broadband - N\/P: QP-WR154N - - Precio y Disponibilidad en Bogota - Colombia - servidor-hp.com.co","breadcrumb":{"@id":"https:\/\/servidor-hp.com.co\/netcomp\/servidores\/inicio\/qp-wr154n-wireless-80211n-wireless-n-broadband\/#breadcrumb"},"inLanguage":"es","potentialAction":[{"@type":"ReadAction","target":["https:\/\/servidor-hp.com.co\/netcomp\/servidores\/inicio\/qp-wr154n-wireless-80211n-wireless-n-broadband\/"]}]},{"@type":"ImageObject","inLanguage":"es","@id":"https:\/\/servidor-hp.com.co\/netcomp\/servidores\/inicio\/qp-wr154n-wireless-80211n-wireless-n-broadband\/#primaryimage","url":"https:\/\/servidor-hp.com.co\/netcomp\/wp-content\/uploads\/2013\/05\/QP-WR154N_500.png","contentUrl":"https:\/\/servidor-hp.com.co\/netcomp\/wp-content\/uploads\/2013\/05\/QP-WR154N_500.png","width":500,"height":335},{"@type":"BreadcrumbList","@id":"https:\/\/servidor-hp.com.co\/netcomp\/servidores\/inicio\/qp-wr154n-wireless-80211n-wireless-n-broadband\/#breadcrumb","itemListElement":[{"@type":"ListItem","position":1,"name":"Portada","item":"https:\/\/servidor-hp.com.co\/netcomp\/"},{"@type":"ListItem","position":2,"name":"Tienda","item":"https:\/\/servidor-hp.com.co\/netcomp\/servidores\/"},{"@type":"ListItem","position":3,"name":"WIRELESS &#8211; 802.11n Wireless N Broadband &#8211; N\/P: QP-WR154N"}]},{"@type":"WebSite","@id":"https:\/\/servidor-hp.com.co\/netcomp\/#website","url":"https:\/\/servidor-hp.com.co\/netcomp\/","name":"Servidores HP - Nuevos - Usados - Alquiler","description":"Tels: (+57) 316 878 8749","alternateName":"Servidores HP DELL LENOVO IBM","potentialAction":[{"@type":"SearchAction","target":{"@type":"EntryPoint","urlTemplate":"https:\/\/servidor-hp.com.co\/netcomp\/?s={search_term_string}"},"query-input":{"@type":"PropertyValueSpecification","valueRequired":true,"valueName":"search_term_string"}}],"inLanguage":"es"}]}},"_links":{"self":[{"href":"https:\/\/servidor-hp.com.co\/netcomp\/wp-json\/wp\/v2\/product\/1220","targetHints":{"allow":["GET"]}}],"collection":[{"href":"https:\/\/servidor-hp.com.co\/netcomp\/wp-json\/wp\/v2\/product"}],"about":[{"href":"https:\/\/servidor-hp.com.co\/netcomp\/wp-json\/wp\/v2\/types\/product"}],"replies":[{"embeddable":true,"href":"https:\/\/servidor-hp.com.co\/netcomp\/wp-json\/wp\/v2\/comments?post=1220"}],"wp:featuredmedia":[{"embeddable":true,"href":"https:\/\/servidor-hp.com.co\/netcomp\/wp-json\/wp\/v2\/media\/22220"}],"wp:attachment":[{"href":"https:\/\/servidor-hp.com.co\/netcomp\/wp-json\/wp\/v2\/media?parent=1220"}],"wp:term":[{"taxonomy":"product_brand","embeddable":true,"href":"https:\/\/servidor-hp.com.co\/netcomp\/wp-json\/wp\/v2\/product_brand?post=1220"},{"taxonomy":"product_cat","embeddable":true,"href":"https:\/\/servidor-hp.com.co\/netcomp\/wp-json\/wp\/v2\/product_cat?post=1220"},{"taxonomy":"product_tag","embeddable":true,"href":"https:\/\/servidor-hp.com.co\/netcomp\/wp-json\/wp\/v2\/product_tag?post=1220"}],"curies":[{"name":"wp","href":"https:\/\/api.w.org\/{rel}","templated":true}]}}